{"id":11357,"date":"2026-03-04T13:14:34","date_gmt":"2026-03-04T13:14:34","guid":{"rendered":"https:\/\/ksproducts.ca\/?post_type=product&#038;p=11357"},"modified":"2026-03-04T13:14:34","modified_gmt":"2026-03-04T13:14:34","slug":"pompe-electrique-rechargeable-klymit-tempest-compatible-avec-toutes-les-valves-klymit","status":"publish","type":"product","link":"https:\/\/ksproducts.ca\/fr\/product\/klymit-tempest-rechargeable-electric-pump-compatible-with-all-klymit-valves\/","title":{"rendered":"Pompe \u00e9lectrique rechargeable Klymit Tempest compatible avec toutes les valves Klymit"},"content":{"rendered":"<ul class=\"nl-features__list\" data-testid=\"features\">\n<li>\n<p class=\"nl-features__information\">Fonctionne avec tous les types de valves pour un gonflage facile de divers \u00e9quipements de camping<\/p>\n<\/li>\n<li>\n<p class=\"nl-features__information\">Gonfle rapidement les matelas de sol Klymit d'une simple pression sur un bouton<\/p>\n<\/li>\n<li>\n<p class=\"nl-features__information\">Batterie Li-ion rechargeable avec c\u00e2ble de chargement pour une alimentation fiable et rapide lors de vos explorations en ext\u00e9rieur<\/p>\n<\/li>\n<\/ul>","protected":false},"excerpt":{"rendered":"<p>La pompe \u00e9lectrique rechargeable Klymit Tempest simplifie votre exp\u00e9rience de camping en assurant un gonflage rapide et efficace de votre \u00e9quipement. Compacte et facile \u00e0 transporter, cette pompe prend peu de place dans votre sac. Gr\u00e2ce \u00e0 sa charge longue dur\u00e9e, elle est toujours pr\u00eate \u00e0 l'emploi.<\/p>","protected":false},"featured_media":11358,"comment_status":"open","ping_status":"closed","template":"","meta":[],"product_cat":[431],"product_tag":[],"class_list":{"0":"post-11357","1":"product","2":"type-product","3":"status-publish","4":"has-post-thumbnail","6":"product_cat-camping-rv-essentials","7":"product_shipping_class-class-1","9":"first","10":"instock","11":"taxable","12":"shipping-taxable","13":"purchasable","14":"product-type-simple"},"yoast_head":"<!-- This site is optimized with the Yoast SEO plugin v27.4 - https:\/\/yoast.com\/product\/yoast-seo-wordpress\/ -->\n<title>Klymit Tempest Rechargeable Electric Pump compatible with all Klymit valves - Ks Products<\/title>\n<meta name=\"robots\" content=\"index, follow, max-snippet:-1, max-image-preview:large, max-video-preview:-1\" \/>\n<link rel=\"canonical\" href=\"https:\/\/ksproducts.ca\/fr\/product\/pompe-electrique-rechargeable-klymit-tempest-compatible-avec-toutes-les-valves-klymit\/\" \/>\n<meta property=\"og:locale\" content=\"fr_CA\" \/>\n<meta property=\"og:type\" content=\"article\" \/>\n<meta property=\"og:title\" content=\"Klymit Tempest Rechargeable Electric Pump compatible with all Klymit valves - Ks Products\" \/>\n<meta property=\"og:description\" content=\"The Klymit Tempest Rechargeable Electric Pump simplifies your camping experience by providing fast and efficient inflation for your gear. Compact and travel-friendly, this pump takes up minimal space in your pack. Its long-lasting charge keeps it ready when needed.\" \/>\n<meta property=\"og:url\" content=\"https:\/\/ksproducts.ca\/fr\/product\/pompe-electrique-rechargeable-klymit-tempest-compatible-avec-toutes-les-valves-klymit\/\" \/>\n<meta property=\"og:site_name\" content=\"Ks Products\" \/>\n<meta property=\"og:image\" content=\"https:\/\/ksproducts.ca\/wp-content\/uploads\/2026\/03\/klymit-tempest-electric-pump-s24-green-7205c4f4-eaed-45a8-b9cb-b62d1280a091-jpgrendition.jpg\" \/>\n\t<meta property=\"og:image:width\" content=\"800\" \/>\n\t<meta property=\"og:image:height\" content=\"800\" \/>\n\t<meta property=\"og:image:type\" content=\"image\/jpeg\" \/>\n<meta name=\"twitter:card\" content=\"summary_large_image\" \/>\n<meta name=\"twitter:label1\" content=\"Estimation du temps de lecture\" \/>\n\t<meta name=\"twitter:data1\" content=\"1 minute\" \/>\n<script type=\"application\/ld+json\" class=\"yoast-schema-graph\">{\"@context\":\"https:\\\/\\\/schema.org\",\"@graph\":[{\"@type\":\"WebPage\",\"@id\":\"https:\\\/\\\/ksproducts.ca\\\/product\\\/klymit-tempest-rechargeable-electric-pump-compatible-with-all-klymit-valves\\\/\",\"url\":\"https:\\\/\\\/ksproducts.ca\\\/product\\\/klymit-tempest-rechargeable-electric-pump-compatible-with-all-klymit-valves\\\/\",\"name\":\"Klymit Tempest Rechargeable Electric Pump compatible with all Klymit valves - Ks Products\",\"isPartOf\":{\"@id\":\"https:\\\/\\\/ksproducts.ca\\\/#website\"},\"primaryImageOfPage\":{\"@id\":\"https:\\\/\\\/ksproducts.ca\\\/product\\\/klymit-tempest-rechargeable-electric-pump-compatible-with-all-klymit-valves\\\/#primaryimage\"},\"image\":{\"@id\":\"https:\\\/\\\/ksproducts.ca\\\/product\\\/klymit-tempest-rechargeable-electric-pump-compatible-with-all-klymit-valves\\\/#primaryimage\"},\"thumbnailUrl\":\"https:\\\/\\\/ksproducts.ca\\\/wp-content\\\/uploads\\\/2026\\\/03\\\/klymit-tempest-electric-pump-s24-green-7205c4f4-eaed-45a8-b9cb-b62d1280a091-jpgrendition.jpg\",\"datePublished\":\"2026-03-04T13:14:34+00:00\",\"breadcrumb\":{\"@id\":\"https:\\\/\\\/ksproducts.ca\\\/product\\\/klymit-tempest-rechargeable-electric-pump-compatible-with-all-klymit-valves\\\/#breadcrumb\"},\"inLanguage\":\"fr-CA\",\"potentialAction\":[{\"@type\":\"ReadAction\",\"target\":[\"https:\\\/\\\/ksproducts.ca\\\/product\\\/klymit-tempest-rechargeable-electric-pump-compatible-with-all-klymit-valves\\\/\"]}]},{\"@type\":\"ImageObject\",\"inLanguage\":\"fr-CA\",\"@id\":\"https:\\\/\\\/ksproducts.ca\\\/product\\\/klymit-tempest-rechargeable-electric-pump-compatible-with-all-klymit-valves\\\/#primaryimage\",\"url\":\"https:\\\/\\\/ksproducts.ca\\\/wp-content\\\/uploads\\\/2026\\\/03\\\/klymit-tempest-electric-pump-s24-green-7205c4f4-eaed-45a8-b9cb-b62d1280a091-jpgrendition.jpg\",\"contentUrl\":\"https:\\\/\\\/ksproducts.ca\\\/wp-content\\\/uploads\\\/2026\\\/03\\\/klymit-tempest-electric-pump-s24-green-7205c4f4-eaed-45a8-b9cb-b62d1280a091-jpgrendition.jpg\",\"width\":800,\"height\":800,\"caption\":\"Klymit Tempest Rechargeable Electric Pump compatible with all Klymit valves\"},{\"@type\":\"BreadcrumbList\",\"@id\":\"https:\\\/\\\/ksproducts.ca\\\/product\\\/klymit-tempest-rechargeable-electric-pump-compatible-with-all-klymit-valves\\\/#breadcrumb\",\"itemListElement\":[{\"@type\":\"ListItem\",\"position\":1,\"name\":\"Home\",\"item\":\"https:\\\/\\\/ksproducts.ca\\\/\"},{\"@type\":\"ListItem\",\"position\":2,\"name\":\"Shop\",\"item\":\"https:\\\/\\\/ksproducts.ca\\\/shop\\\/\"},{\"@type\":\"ListItem\",\"position\":3,\"name\":\"Klymit Tempest Rechargeable Electric Pump compatible with all Klymit valves\"}]},{\"@type\":\"WebSite\",\"@id\":\"https:\\\/\\\/ksproducts.ca\\\/#website\",\"url\":\"https:\\\/\\\/ksproducts.ca\\\/\",\"name\":\"Ks Products\",\"description\":\"Outdoor cooking and living, made easy in Canada\",\"publisher\":{\"@id\":\"https:\\\/\\\/ksproducts.ca\\\/#organization\"},\"potentialAction\":[{\"@type\":\"SearchAction\",\"target\":{\"@type\":\"EntryPoint\",\"urlTemplate\":\"https:\\\/\\\/ksproducts.ca\\\/?s={search_term_string}\"},\"query-input\":{\"@type\":\"PropertyValueSpecification\",\"valueRequired\":true,\"valueName\":\"search_term_string\"}}],\"inLanguage\":\"fr-CA\"},{\"@type\":\"Organization\",\"@id\":\"https:\\\/\\\/ksproducts.ca\\\/#organization\",\"name\":\"Ks Products\",\"url\":\"https:\\\/\\\/ksproducts.ca\\\/\",\"logo\":{\"@type\":\"ImageObject\",\"inLanguage\":\"fr-CA\",\"@id\":\"https:\\\/\\\/ksproducts.ca\\\/#\\\/schema\\\/logo\\\/image\\\/\",\"url\":\"https:\\\/\\\/ksproducts.ca\\\/wp-content\\\/uploads\\\/2023\\\/09\\\/Kennedy-Sales-Logo-header-1.png\",\"contentUrl\":\"https:\\\/\\\/ksproducts.ca\\\/wp-content\\\/uploads\\\/2023\\\/09\\\/Kennedy-Sales-Logo-header-1.png\",\"width\":150,\"height\":77,\"caption\":\"Ks Products\"},\"image\":{\"@id\":\"https:\\\/\\\/ksproducts.ca\\\/#\\\/schema\\\/logo\\\/image\\\/\"}}]}<\/script>\n<!-- \/ Yoast SEO plugin. -->","yoast_head_json":{"title":"Klymit Pompe \u00c9lectrique Rechargeable Tempest compatible avec toutes les valves Klymit - Ks Products","robots":{"index":"index","follow":"follow","max-snippet":"max-snippet:-1","max-image-preview":"max-image-preview:large","max-video-preview":"max-video-preview:-1"},"canonical":"https:\/\/ksproducts.ca\/fr\/product\/pompe-electrique-rechargeable-klymit-tempest-compatible-avec-toutes-les-valves-klymit\/","og_locale":"fr_CA","og_type":"article","og_title":"Klymit Tempest Rechargeable Electric Pump compatible with all Klymit valves - Ks Products","og_description":"The Klymit Tempest Rechargeable Electric Pump simplifies your camping experience by providing fast and efficient inflation for your gear. Compact and travel-friendly, this pump takes up minimal space in your pack. Its long-lasting charge keeps it ready when needed.","og_url":"https:\/\/ksproducts.ca\/fr\/product\/pompe-electrique-rechargeable-klymit-tempest-compatible-avec-toutes-les-valves-klymit\/","og_site_name":"Ks Products","og_image":[{"width":800,"height":800,"url":"https:\/\/ksproducts.ca\/wp-content\/uploads\/2026\/03\/klymit-tempest-electric-pump-s24-green-7205c4f4-eaed-45a8-b9cb-b62d1280a091-jpgrendition.jpg","type":"image\/jpeg"}],"twitter_card":"summary_large_image","twitter_misc":{"Estimation du temps de lecture":"1 minute"},"schema":{"@context":"https:\/\/schema.org","@graph":[{"@type":"WebPage","@id":"https:\/\/ksproducts.ca\/product\/klymit-tempest-rechargeable-electric-pump-compatible-with-all-klymit-valves\/","url":"https:\/\/ksproducts.ca\/product\/klymit-tempest-rechargeable-electric-pump-compatible-with-all-klymit-valves\/","name":"Klymit Pompe \u00c9lectrique Rechargeable Tempest compatible avec toutes les valves Klymit - Ks Products","isPartOf":{"@id":"https:\/\/ksproducts.ca\/#website"},"primaryImageOfPage":{"@id":"https:\/\/ksproducts.ca\/product\/klymit-tempest-rechargeable-electric-pump-compatible-with-all-klymit-valves\/#primaryimage"},"image":{"@id":"https:\/\/ksproducts.ca\/product\/klymit-tempest-rechargeable-electric-pump-compatible-with-all-klymit-valves\/#primaryimage"},"thumbnailUrl":"https:\/\/ksproducts.ca\/wp-content\/uploads\/2026\/03\/klymit-tempest-electric-pump-s24-green-7205c4f4-eaed-45a8-b9cb-b62d1280a091-jpgrendition.jpg","datePublished":"2026-03-04T13:14:34+00:00","breadcrumb":{"@id":"https:\/\/ksproducts.ca\/product\/klymit-tempest-rechargeable-electric-pump-compatible-with-all-klymit-valves\/#breadcrumb"},"inLanguage":"fr-CA","potentialAction":[{"@type":"ReadAction","target":["https:\/\/ksproducts.ca\/product\/klymit-tempest-rechargeable-electric-pump-compatible-with-all-klymit-valves\/"]}]},{"@type":"ImageObject","inLanguage":"fr-CA","@id":"https:\/\/ksproducts.ca\/product\/klymit-tempest-rechargeable-electric-pump-compatible-with-all-klymit-valves\/#primaryimage","url":"https:\/\/ksproducts.ca\/wp-content\/uploads\/2026\/03\/klymit-tempest-electric-pump-s24-green-7205c4f4-eaed-45a8-b9cb-b62d1280a091-jpgrendition.jpg","contentUrl":"https:\/\/ksproducts.ca\/wp-content\/uploads\/2026\/03\/klymit-tempest-electric-pump-s24-green-7205c4f4-eaed-45a8-b9cb-b62d1280a091-jpgrendition.jpg","width":800,"height":800,"caption":"Klymit Tempest Rechargeable Electric Pump compatible with all Klymit valves"},{"@type":"BreadcrumbList","@id":"https:\/\/ksproducts.ca\/product\/klymit-tempest-rechargeable-electric-pump-compatible-with-all-klymit-valves\/#breadcrumb","itemListElement":[{"@type":"ListItem","position":1,"name":"Home","item":"https:\/\/ksproducts.ca\/"},{"@type":"ListItem","position":2,"name":"Shop","item":"https:\/\/ksproducts.ca\/shop\/"},{"@type":"ListItem","position":3,"name":"Klymit Tempest Rechargeable Electric Pump compatible with all Klymit valves"}]},{"@type":"WebSite","@id":"https:\/\/ksproducts.ca\/#website","url":"https:\/\/ksproducts.ca\/","name":"Produits Ks","description":"Cuisiner et vivre en plein air, c'est facile au Canada","publisher":{"@id":"https:\/\/ksproducts.ca\/#organization"},"potentialAction":[{"@type":"SearchAction","target":{"@type":"EntryPoint","urlTemplate":"https:\/\/ksproducts.ca\/?s={search_term_string}"},"query-input":{"@type":"PropertyValueSpecification","valueRequired":true,"valueName":"search_term_string"}}],"inLanguage":"fr-CA"},{"@type":"Organization","@id":"https:\/\/ksproducts.ca\/#organization","name":"Produits Ks","url":"https:\/\/ksproducts.ca\/","logo":{"@type":"ImageObject","inLanguage":"fr-CA","@id":"https:\/\/ksproducts.ca\/#\/schema\/logo\/image\/","url":"https:\/\/ksproducts.ca\/wp-content\/uploads\/2023\/09\/Kennedy-Sales-Logo-header-1.png","contentUrl":"https:\/\/ksproducts.ca\/wp-content\/uploads\/2023\/09\/Kennedy-Sales-Logo-header-1.png","width":150,"height":77,"caption":"Ks Products"},"image":{"@id":"https:\/\/ksproducts.ca\/#\/schema\/logo\/image\/"}}]}},"_links":{"self":[{"href":"https:\/\/ksproducts.ca\/fr\/wp-json\/wp\/v2\/product\/11357","targetHints":{"allow":["GET"]}}],"collection":[{"href":"https:\/\/ksproducts.ca\/fr\/wp-json\/wp\/v2\/product"}],"about":[{"href":"https:\/\/ksproducts.ca\/fr\/wp-json\/wp\/v2\/types\/product"}],"replies":[{"embeddable":true,"href":"https:\/\/ksproducts.ca\/fr\/wp-json\/wp\/v2\/comments?post=11357"}],"version-history":[{"count":1,"href":"https:\/\/ksproducts.ca\/fr\/wp-json\/wp\/v2\/product\/11357\/revisions"}],"predecessor-version":[{"id":11359,"href":"https:\/\/ksproducts.ca\/fr\/wp-json\/wp\/v2\/product\/11357\/revisions\/11359"}],"wp:featuredmedia":[{"embeddable":true,"href":"https:\/\/ksproducts.ca\/fr\/wp-json\/wp\/v2\/media\/11358"}],"wp:attachment":[{"href":"https:\/\/ksproducts.ca\/fr\/wp-json\/wp\/v2\/media?parent=11357"}],"wp:term":[{"taxonomy":"product_cat","embeddable":true,"href":"https:\/\/ksproducts.ca\/fr\/wp-json\/wp\/v2\/product_cat?post=11357"},{"taxonomy":"product_tag","embeddable":true,"href":"https:\/\/ksproducts.ca\/fr\/wp-json\/wp\/v2\/product_tag?post=11357"}],"curies":[{"name":"wp","href":"https:\/\/api.w.org\/{rel}","templated":true}]}}