{"id":11360,"date":"2026-03-04T13:20:09","date_gmt":"2026-03-04T13:20:09","guid":{"rendered":"https:\/\/ksproducts.ca\/?post_type=product&#038;p=11360"},"modified":"2026-03-04T13:20:09","modified_gmt":"2026-03-04T13:20:09","slug":"kit-daccessoires-de-peinture-vaughan-21-pieces","status":"publish","type":"product","link":"https:\/\/ksproducts.ca\/fr\/product\/vaughan-21-piece-painting-accessory-kit\/","title":{"rendered":"Kit d'accessoires de peinture Vaughan 21 pi\u00e8ces"},"content":{"rendered":"<ul>\n<li>Tout ce dont vous avez besoin dans un kit professionnel parfait pour commencer des projets de bricolage pour la maison, l'o\ufb03ce et le garage.<\/li>\n<li>Brosses \u00e0 manche en bois de bouleau et roulettes en plastique pour une prise en main confortable et mobile<\/li>\n<li>Ensemble de brosses multifonctionnelles pour la maison, l'o\ufb03ce, le garage, les petits espaces et les travaux de recouvrement rapides<\/li>\n<\/ul>","protected":false},"excerpt":{"rendered":"<p>Le kit de peinture Vaughan\u00ae est l'outil indispensable pour tous vos travaux de peinture et vos projets de bricolage. Il comprend 21 outils essentiels pour r\u00e9aliser tous les travaux n\u00e9cessaires \u00e0 une finition professionnelle de qualit\u00e9 sup\u00e9rieure. Des pinceaux \u00e0 manche en bois \u00e9pais et robuste, l\u00e9gers et pr\u00e9cis pour un aspect propre. Le tout est pr\u00e9emball\u00e9 dans une belle bo\u00eete pour organiser et simplifier la prise en main. Que vous soyez d\u00e9butant ou professionnel, cet ensemble est parfait pour tous.<\/p>","protected":false},"featured_media":11361,"comment_status":"open","ping_status":"closed","template":"","meta":[],"product_cat":[391,435],"product_tag":[],"class_list":{"0":"post-11360","1":"product","2":"type-product","3":"status-publish","4":"has-post-thumbnail","6":"product_cat-home-office-furnishings","7":"product_cat-whiteboards-glass-boards","8":"product_shipping_class-class-1","10":"first","11":"instock","12":"taxable","13":"shipping-taxable","14":"purchasable","15":"product-type-simple"},"yoast_head":"<!-- This site is optimized with the Yoast SEO plugin v27.4 - https:\/\/yoast.com\/product\/yoast-seo-wordpress\/ -->\n<title>Vaughan 21-piece Painting Accessory Kit - Ks Products<\/title>\n<meta name=\"robots\" content=\"index, follow, max-snippet:-1, max-image-preview:large, max-video-preview:-1\" \/>\n<link rel=\"canonical\" href=\"https:\/\/ksproducts.ca\/fr\/product\/kit-daccessoires-de-peinture-vaughan-21-pieces\/\" \/>\n<meta property=\"og:locale\" content=\"fr_CA\" \/>\n<meta property=\"og:type\" content=\"article\" \/>\n<meta property=\"og:title\" content=\"Vaughan 21-piece Painting Accessory Kit - Ks Products\" \/>\n<meta property=\"og:description\" content=\"The Vaughan\u00ae Paint Kit is your go to set for all your painting jobs and DIY projects. Including 21 essential tools to perform all the necessary designs that will provide a superior and professional \ufb01nish. Thick and sturdy wooden handle brushes that are lightweight and precise for a clean look. Everything is prepackaged in a beautiful box to complete an organize, simplistic grab and go. Whether you are a beginner or professional, this is the set that is perfect for anyone to use.\" \/>\n<meta property=\"og:url\" content=\"https:\/\/ksproducts.ca\/fr\/product\/kit-daccessoires-de-peinture-vaughan-21-pieces\/\" \/>\n<meta property=\"og:site_name\" content=\"Ks Products\" \/>\n<meta property=\"og:image\" content=\"https:\/\/ksproducts.ca\/wp-content\/uploads\/2026\/03\/Vaughan-21-piece-Painting-Accessory-Kit.jpg\" \/>\n\t<meta property=\"og:image:width\" content=\"600\" \/>\n\t<meta property=\"og:image:height\" content=\"600\" \/>\n\t<meta property=\"og:image:type\" content=\"image\/jpeg\" \/>\n<meta name=\"twitter:card\" content=\"summary_large_image\" \/>\n<meta name=\"twitter:label1\" content=\"Estimation du temps de lecture\" \/>\n\t<meta name=\"twitter:data1\" content=\"1 minute\" \/>\n<script type=\"application\/ld+json\" class=\"yoast-schema-graph\">{\"@context\":\"https:\\\/\\\/schema.org\",\"@graph\":[{\"@type\":\"WebPage\",\"@id\":\"https:\\\/\\\/ksproducts.ca\\\/product\\\/vaughan-21-piece-painting-accessory-kit\\\/\",\"url\":\"https:\\\/\\\/ksproducts.ca\\\/product\\\/vaughan-21-piece-painting-accessory-kit\\\/\",\"name\":\"Vaughan 21-piece Painting Accessory Kit - Ks Products\",\"isPartOf\":{\"@id\":\"https:\\\/\\\/ksproducts.ca\\\/#website\"},\"primaryImageOfPage\":{\"@id\":\"https:\\\/\\\/ksproducts.ca\\\/product\\\/vaughan-21-piece-painting-accessory-kit\\\/#primaryimage\"},\"image\":{\"@id\":\"https:\\\/\\\/ksproducts.ca\\\/product\\\/vaughan-21-piece-painting-accessory-kit\\\/#primaryimage\"},\"thumbnailUrl\":\"https:\\\/\\\/ksproducts.ca\\\/wp-content\\\/uploads\\\/2026\\\/03\\\/Vaughan-21-piece-Painting-Accessory-Kit.jpg\",\"datePublished\":\"2026-03-04T13:20:09+00:00\",\"breadcrumb\":{\"@id\":\"https:\\\/\\\/ksproducts.ca\\\/product\\\/vaughan-21-piece-painting-accessory-kit\\\/#breadcrumb\"},\"inLanguage\":\"fr-CA\",\"potentialAction\":[{\"@type\":\"ReadAction\",\"target\":[\"https:\\\/\\\/ksproducts.ca\\\/product\\\/vaughan-21-piece-painting-accessory-kit\\\/\"]}]},{\"@type\":\"ImageObject\",\"inLanguage\":\"fr-CA\",\"@id\":\"https:\\\/\\\/ksproducts.ca\\\/product\\\/vaughan-21-piece-painting-accessory-kit\\\/#primaryimage\",\"url\":\"https:\\\/\\\/ksproducts.ca\\\/wp-content\\\/uploads\\\/2026\\\/03\\\/Vaughan-21-piece-Painting-Accessory-Kit.jpg\",\"contentUrl\":\"https:\\\/\\\/ksproducts.ca\\\/wp-content\\\/uploads\\\/2026\\\/03\\\/Vaughan-21-piece-Painting-Accessory-Kit.jpg\",\"width\":600,\"height\":600,\"caption\":\"Vaughan 21 piece Painting Accessory Kit\"},{\"@type\":\"BreadcrumbList\",\"@id\":\"https:\\\/\\\/ksproducts.ca\\\/product\\\/vaughan-21-piece-painting-accessory-kit\\\/#breadcrumb\",\"itemListElement\":[{\"@type\":\"ListItem\",\"position\":1,\"name\":\"Home\",\"item\":\"https:\\\/\\\/ksproducts.ca\\\/\"},{\"@type\":\"ListItem\",\"position\":2,\"name\":\"Shop\",\"item\":\"https:\\\/\\\/ksproducts.ca\\\/shop\\\/\"},{\"@type\":\"ListItem\",\"position\":3,\"name\":\"Vaughan 21-piece Painting Accessory Kit\"}]},{\"@type\":\"WebSite\",\"@id\":\"https:\\\/\\\/ksproducts.ca\\\/#website\",\"url\":\"https:\\\/\\\/ksproducts.ca\\\/\",\"name\":\"Ks Products\",\"description\":\"Outdoor cooking and living, made easy in Canada\",\"publisher\":{\"@id\":\"https:\\\/\\\/ksproducts.ca\\\/#organization\"},\"potentialAction\":[{\"@type\":\"SearchAction\",\"target\":{\"@type\":\"EntryPoint\",\"urlTemplate\":\"https:\\\/\\\/ksproducts.ca\\\/?s={search_term_string}\"},\"query-input\":{\"@type\":\"PropertyValueSpecification\",\"valueRequired\":true,\"valueName\":\"search_term_string\"}}],\"inLanguage\":\"fr-CA\"},{\"@type\":\"Organization\",\"@id\":\"https:\\\/\\\/ksproducts.ca\\\/#organization\",\"name\":\"Ks Products\",\"url\":\"https:\\\/\\\/ksproducts.ca\\\/\",\"logo\":{\"@type\":\"ImageObject\",\"inLanguage\":\"fr-CA\",\"@id\":\"https:\\\/\\\/ksproducts.ca\\\/#\\\/schema\\\/logo\\\/image\\\/\",\"url\":\"https:\\\/\\\/ksproducts.ca\\\/wp-content\\\/uploads\\\/2023\\\/09\\\/Kennedy-Sales-Logo-header-1.png\",\"contentUrl\":\"https:\\\/\\\/ksproducts.ca\\\/wp-content\\\/uploads\\\/2023\\\/09\\\/Kennedy-Sales-Logo-header-1.png\",\"width\":150,\"height\":77,\"caption\":\"Ks Products\"},\"image\":{\"@id\":\"https:\\\/\\\/ksproducts.ca\\\/#\\\/schema\\\/logo\\\/image\\\/\"}}]}<\/script>\n<!-- \/ Yoast SEO plugin. -->","yoast_head_json":{"title":"Kit d'accessoires de peinture Vaughan 21 pi\u00e8ces - Ks Products","robots":{"index":"index","follow":"follow","max-snippet":"max-snippet:-1","max-image-preview":"max-image-preview:large","max-video-preview":"max-video-preview:-1"},"canonical":"https:\/\/ksproducts.ca\/fr\/product\/kit-daccessoires-de-peinture-vaughan-21-pieces\/","og_locale":"fr_CA","og_type":"article","og_title":"Vaughan 21-piece Painting Accessory Kit - Ks Products","og_description":"The Vaughan\u00ae Paint Kit is your go to set for all your painting jobs and DIY projects. Including 21 essential tools to perform all the necessary designs that will provide a superior and professional \ufb01nish. Thick and sturdy wooden handle brushes that are lightweight and precise for a clean look. Everything is prepackaged in a beautiful box to complete an organize, simplistic grab and go. Whether you are a beginner or professional, this is the set that is perfect for anyone to use.","og_url":"https:\/\/ksproducts.ca\/fr\/product\/kit-daccessoires-de-peinture-vaughan-21-pieces\/","og_site_name":"Ks Products","og_image":[{"width":600,"height":600,"url":"https:\/\/ksproducts.ca\/wp-content\/uploads\/2026\/03\/Vaughan-21-piece-Painting-Accessory-Kit.jpg","type":"image\/jpeg"}],"twitter_card":"summary_large_image","twitter_misc":{"Estimation du temps de lecture":"1 minute"},"schema":{"@context":"https:\/\/schema.org","@graph":[{"@type":"WebPage","@id":"https:\/\/ksproducts.ca\/product\/vaughan-21-piece-painting-accessory-kit\/","url":"https:\/\/ksproducts.ca\/product\/vaughan-21-piece-painting-accessory-kit\/","name":"Kit d'accessoires de peinture Vaughan 21 pi\u00e8ces - Ks Products","isPartOf":{"@id":"https:\/\/ksproducts.ca\/#website"},"primaryImageOfPage":{"@id":"https:\/\/ksproducts.ca\/product\/vaughan-21-piece-painting-accessory-kit\/#primaryimage"},"image":{"@id":"https:\/\/ksproducts.ca\/product\/vaughan-21-piece-painting-accessory-kit\/#primaryimage"},"thumbnailUrl":"https:\/\/ksproducts.ca\/wp-content\/uploads\/2026\/03\/Vaughan-21-piece-Painting-Accessory-Kit.jpg","datePublished":"2026-03-04T13:20:09+00:00","breadcrumb":{"@id":"https:\/\/ksproducts.ca\/product\/vaughan-21-piece-painting-accessory-kit\/#breadcrumb"},"inLanguage":"fr-CA","potentialAction":[{"@type":"ReadAction","target":["https:\/\/ksproducts.ca\/product\/vaughan-21-piece-painting-accessory-kit\/"]}]},{"@type":"ImageObject","inLanguage":"fr-CA","@id":"https:\/\/ksproducts.ca\/product\/vaughan-21-piece-painting-accessory-kit\/#primaryimage","url":"https:\/\/ksproducts.ca\/wp-content\/uploads\/2026\/03\/Vaughan-21-piece-Painting-Accessory-Kit.jpg","contentUrl":"https:\/\/ksproducts.ca\/wp-content\/uploads\/2026\/03\/Vaughan-21-piece-Painting-Accessory-Kit.jpg","width":600,"height":600,"caption":"Vaughan 21 piece Painting Accessory Kit"},{"@type":"BreadcrumbList","@id":"https:\/\/ksproducts.ca\/product\/vaughan-21-piece-painting-accessory-kit\/#breadcrumb","itemListElement":[{"@type":"ListItem","position":1,"name":"Home","item":"https:\/\/ksproducts.ca\/"},{"@type":"ListItem","position":2,"name":"Shop","item":"https:\/\/ksproducts.ca\/shop\/"},{"@type":"ListItem","position":3,"name":"Vaughan 21-piece Painting Accessory Kit"}]},{"@type":"WebSite","@id":"https:\/\/ksproducts.ca\/#website","url":"https:\/\/ksproducts.ca\/","name":"Produits Ks","description":"Cuisiner et vivre en plein air, c'est facile au Canada","publisher":{"@id":"https:\/\/ksproducts.ca\/#organization"},"potentialAction":[{"@type":"SearchAction","target":{"@type":"EntryPoint","urlTemplate":"https:\/\/ksproducts.ca\/?s={search_term_string}"},"query-input":{"@type":"PropertyValueSpecification","valueRequired":true,"valueName":"search_term_string"}}],"inLanguage":"fr-CA"},{"@type":"Organization","@id":"https:\/\/ksproducts.ca\/#organization","name":"Produits Ks","url":"https:\/\/ksproducts.ca\/","logo":{"@type":"ImageObject","inLanguage":"fr-CA","@id":"https:\/\/ksproducts.ca\/#\/schema\/logo\/image\/","url":"https:\/\/ksproducts.ca\/wp-content\/uploads\/2023\/09\/Kennedy-Sales-Logo-header-1.png","contentUrl":"https:\/\/ksproducts.ca\/wp-content\/uploads\/2023\/09\/Kennedy-Sales-Logo-header-1.png","width":150,"height":77,"caption":"Ks Products"},"image":{"@id":"https:\/\/ksproducts.ca\/#\/schema\/logo\/image\/"}}]}},"_links":{"self":[{"href":"https:\/\/ksproducts.ca\/fr\/wp-json\/wp\/v2\/product\/11360","targetHints":{"allow":["GET"]}}],"collection":[{"href":"https:\/\/ksproducts.ca\/fr\/wp-json\/wp\/v2\/product"}],"about":[{"href":"https:\/\/ksproducts.ca\/fr\/wp-json\/wp\/v2\/types\/product"}],"replies":[{"embeddable":true,"href":"https:\/\/ksproducts.ca\/fr\/wp-json\/wp\/v2\/comments?post=11360"}],"version-history":[{"count":1,"href":"https:\/\/ksproducts.ca\/fr\/wp-json\/wp\/v2\/product\/11360\/revisions"}],"predecessor-version":[{"id":11362,"href":"https:\/\/ksproducts.ca\/fr\/wp-json\/wp\/v2\/product\/11360\/revisions\/11362"}],"wp:featuredmedia":[{"embeddable":true,"href":"https:\/\/ksproducts.ca\/fr\/wp-json\/wp\/v2\/media\/11361"}],"wp:attachment":[{"href":"https:\/\/ksproducts.ca\/fr\/wp-json\/wp\/v2\/media?parent=11360"}],"wp:term":[{"taxonomy":"product_cat","embeddable":true,"href":"https:\/\/ksproducts.ca\/fr\/wp-json\/wp\/v2\/product_cat?post=11360"},{"taxonomy":"product_tag","embeddable":true,"href":"https:\/\/ksproducts.ca\/fr\/wp-json\/wp\/v2\/product_tag?post=11360"}],"curies":[{"name":"wp","href":"https:\/\/api.w.org\/{rel}","templated":true}]}}