{"id":11366,"date":"2026-03-04T13:26:22","date_gmt":"2026-03-04T13:26:22","guid":{"rendered":"https:\/\/ksproducts.ca\/?post_type=product&#038;p=11366"},"modified":"2026-03-04T13:26:22","modified_gmt":"2026-03-04T13:26:22","slug":"kit-daccessoires-de-peinture-valughan-21-pieces-et-support-de-bras-de-plateau","status":"publish","type":"product","link":"https:\/\/ksproducts.ca\/fr\/product\/valughan-21-piece-painting-accessory-kit-and-tray-arm-holder\/","title":{"rendered":"Valughan Kit d'accessoires de peinture 21 pi\u00e8ces et support de bras de plateau"},"content":{"rendered":"<ul>\n<li>Tout ce dont vous avez besoin dans un kit professionnel parfait pour commencer des projets de bricolage pour la maison, l'o\ufb03ce et le garage.<\/li>\n<li>Brosses \u00e0 manche en bois de bouleau et roulettes en plastique pour une prise en main confortable et mobile<\/li>\n<li>Permet de maintenir les bacs \u00e0 peinture en m\u00e9tal ou en plastique universellement utilis\u00e9s afin d'\u00e9viter tout mouvement lors de l'utilisation des pinceaux.<\/li>\n<\/ul>","protected":false},"excerpt":{"rendered":"<p>Le kit de peinture Vaughan\u00ae est l'outil indispensable pour tous vos travaux de peinture et vos projets de bricolage. Il comprend 21 outils essentiels pour r\u00e9aliser tous les dessins n\u00e9cessaires \u00e0 une finition professionnelle de qualit\u00e9 sup\u00e9rieure. Des pinceaux \u00e0 manche en bois \u00e9pais et robuste, l\u00e9gers et pr\u00e9cis pour un rendu net. Le tout est pr\u00e9emball\u00e9 dans une belle bo\u00eete pour une prise en main organis\u00e9e et simpliste. Que vous soyez d\u00e9butant ou professionnel, cet ensemble est parfait pour tous. Le support de bac \u00e0 peinture Vaughan\u00ae est l'outil id\u00e9al pour faciliter le travail. Il \u00e9limine la n\u00e9cessit\u00e9 de se pencher pour d\u00e9placer ou ramasser un bac \u00e0 peinture et r\u00e9duit les tensions au niveau du dos et des jambes. Le support peut maintenir en toute s\u00e9curit\u00e9 le rouleau de peinture \u00e0 rallonge en position verticale pour \u00e9viter qu'il ne glisse sur le sol. Permet de garder les choses organis\u00e9es et d'\u00e9viter les d\u00e9versements de peinture ou les accidents. Comprend un porte-pinceau magn\u00e9tique pour les pinceaux en acier et fonctionne avec les bacs \u00e0 peinture en plastique ou en m\u00e9tal.<\/p>","protected":false},"featured_media":11367,"comment_status":"open","ping_status":"closed","template":"","meta":[],"product_cat":[391,435],"product_tag":[],"class_list":{"0":"post-11366","1":"product","2":"type-product","3":"status-publish","4":"has-post-thumbnail","6":"product_cat-home-office-furnishings","7":"product_cat-whiteboards-glass-boards","8":"product_shipping_class-class-1","10":"first","11":"instock","12":"taxable","13":"shipping-taxable","14":"purchasable","15":"product-type-simple"},"yoast_head":"<!-- This site is optimized with the Yoast SEO plugin v27.4 - https:\/\/yoast.com\/product\/yoast-seo-wordpress\/ -->\n<title>Valughan 21-piece Painting Accessory Kit and Tray Arm Holder - Ks Products<\/title>\n<meta name=\"robots\" content=\"index, follow, max-snippet:-1, max-image-preview:large, max-video-preview:-1\" \/>\n<link rel=\"canonical\" href=\"https:\/\/ksproducts.ca\/fr\/product\/kit-daccessoires-de-peinture-valughan-21-pieces-et-support-de-bras-de-plateau\/\" \/>\n<meta property=\"og:locale\" content=\"fr_CA\" \/>\n<meta property=\"og:type\" content=\"article\" \/>\n<meta property=\"og:title\" content=\"Valughan 21-piece Painting Accessory Kit and Tray Arm Holder - Ks Products\" \/>\n<meta property=\"og:description\" content=\"The Vaughan\u00ae Paint Kit is your go-to set for all your painting jobs and DIY projects. Including 21 essential tools to perform all the necessary designs that will provide a superior and professional \ufb01nish. Thick and sturdy wooden handle brushes that are lightweight and precise for a clean look. Everything is prepackaged in a beautiful box to complete an organized, simplistic grab-and-go. Whether you are a beginner or a professional, this is the set that is perfect for anyone to use. The Vaughan\u00ae Paint Tray Holder is the perfect tool to make the job easier. Eliminates the need to bend over to move or pick up a roller tray and reduces back and leg strain. The holder can safely hold the extension pole paint roller in an upright position to keep from lying \ufb02at on the \ufb02oor. Helps keep things organized and prevents paint spills or accidents. Features a magnetic brush holder for steel brushes and works with plastic or metal paint trays.\" \/>\n<meta property=\"og:url\" content=\"https:\/\/ksproducts.ca\/fr\/product\/kit-daccessoires-de-peinture-valughan-21-pieces-et-support-de-bras-de-plateau\/\" \/>\n<meta property=\"og:site_name\" content=\"Ks Products\" \/>\n<meta property=\"og:image\" content=\"https:\/\/ksproducts.ca\/wp-content\/uploads\/2026\/03\/Valughan-21-piece-Painting-Accessory-Kit-and-Tray-Arm-Holder.jpg\" \/>\n\t<meta property=\"og:image:width\" content=\"600\" \/>\n\t<meta property=\"og:image:height\" content=\"600\" \/>\n\t<meta property=\"og:image:type\" content=\"image\/jpeg\" \/>\n<meta name=\"twitter:card\" content=\"summary_large_image\" \/>\n<meta name=\"twitter:label1\" content=\"Estimation du temps de lecture\" \/>\n\t<meta name=\"twitter:data1\" content=\"1 minute\" \/>\n<script type=\"application\/ld+json\" class=\"yoast-schema-graph\">{\"@context\":\"https:\\\/\\\/schema.org\",\"@graph\":[{\"@type\":\"WebPage\",\"@id\":\"https:\\\/\\\/ksproducts.ca\\\/product\\\/valughan-21-piece-painting-accessory-kit-and-tray-arm-holder\\\/\",\"url\":\"https:\\\/\\\/ksproducts.ca\\\/product\\\/valughan-21-piece-painting-accessory-kit-and-tray-arm-holder\\\/\",\"name\":\"Valughan 21-piece Painting Accessory Kit and Tray Arm Holder - Ks Products\",\"isPartOf\":{\"@id\":\"https:\\\/\\\/ksproducts.ca\\\/#website\"},\"primaryImageOfPage\":{\"@id\":\"https:\\\/\\\/ksproducts.ca\\\/product\\\/valughan-21-piece-painting-accessory-kit-and-tray-arm-holder\\\/#primaryimage\"},\"image\":{\"@id\":\"https:\\\/\\\/ksproducts.ca\\\/product\\\/valughan-21-piece-painting-accessory-kit-and-tray-arm-holder\\\/#primaryimage\"},\"thumbnailUrl\":\"https:\\\/\\\/ksproducts.ca\\\/wp-content\\\/uploads\\\/2026\\\/03\\\/Valughan-21-piece-Painting-Accessory-Kit-and-Tray-Arm-Holder.jpg\",\"datePublished\":\"2026-03-04T13:26:22+00:00\",\"breadcrumb\":{\"@id\":\"https:\\\/\\\/ksproducts.ca\\\/product\\\/valughan-21-piece-painting-accessory-kit-and-tray-arm-holder\\\/#breadcrumb\"},\"inLanguage\":\"fr-CA\",\"potentialAction\":[{\"@type\":\"ReadAction\",\"target\":[\"https:\\\/\\\/ksproducts.ca\\\/product\\\/valughan-21-piece-painting-accessory-kit-and-tray-arm-holder\\\/\"]}]},{\"@type\":\"ImageObject\",\"inLanguage\":\"fr-CA\",\"@id\":\"https:\\\/\\\/ksproducts.ca\\\/product\\\/valughan-21-piece-painting-accessory-kit-and-tray-arm-holder\\\/#primaryimage\",\"url\":\"https:\\\/\\\/ksproducts.ca\\\/wp-content\\\/uploads\\\/2026\\\/03\\\/Valughan-21-piece-Painting-Accessory-Kit-and-Tray-Arm-Holder.jpg\",\"contentUrl\":\"https:\\\/\\\/ksproducts.ca\\\/wp-content\\\/uploads\\\/2026\\\/03\\\/Valughan-21-piece-Painting-Accessory-Kit-and-Tray-Arm-Holder.jpg\",\"width\":600,\"height\":600,\"caption\":\"Valughan 21 piece Painting Accessory Kit and Tray Arm Holder\"},{\"@type\":\"BreadcrumbList\",\"@id\":\"https:\\\/\\\/ksproducts.ca\\\/product\\\/valughan-21-piece-painting-accessory-kit-and-tray-arm-holder\\\/#breadcrumb\",\"itemListElement\":[{\"@type\":\"ListItem\",\"position\":1,\"name\":\"Home\",\"item\":\"https:\\\/\\\/ksproducts.ca\\\/\"},{\"@type\":\"ListItem\",\"position\":2,\"name\":\"Shop\",\"item\":\"https:\\\/\\\/ksproducts.ca\\\/shop\\\/\"},{\"@type\":\"ListItem\",\"position\":3,\"name\":\"Valughan 21-piece Painting Accessory Kit and Tray Arm Holder\"}]},{\"@type\":\"WebSite\",\"@id\":\"https:\\\/\\\/ksproducts.ca\\\/#website\",\"url\":\"https:\\\/\\\/ksproducts.ca\\\/\",\"name\":\"Ks Products\",\"description\":\"Outdoor cooking and living, made easy in Canada\",\"publisher\":{\"@id\":\"https:\\\/\\\/ksproducts.ca\\\/#organization\"},\"potentialAction\":[{\"@type\":\"SearchAction\",\"target\":{\"@type\":\"EntryPoint\",\"urlTemplate\":\"https:\\\/\\\/ksproducts.ca\\\/?s={search_term_string}\"},\"query-input\":{\"@type\":\"PropertyValueSpecification\",\"valueRequired\":true,\"valueName\":\"search_term_string\"}}],\"inLanguage\":\"fr-CA\"},{\"@type\":\"Organization\",\"@id\":\"https:\\\/\\\/ksproducts.ca\\\/#organization\",\"name\":\"Ks Products\",\"url\":\"https:\\\/\\\/ksproducts.ca\\\/\",\"logo\":{\"@type\":\"ImageObject\",\"inLanguage\":\"fr-CA\",\"@id\":\"https:\\\/\\\/ksproducts.ca\\\/#\\\/schema\\\/logo\\\/image\\\/\",\"url\":\"https:\\\/\\\/ksproducts.ca\\\/wp-content\\\/uploads\\\/2023\\\/09\\\/Kennedy-Sales-Logo-header-1.png\",\"contentUrl\":\"https:\\\/\\\/ksproducts.ca\\\/wp-content\\\/uploads\\\/2023\\\/09\\\/Kennedy-Sales-Logo-header-1.png\",\"width\":150,\"height\":77,\"caption\":\"Ks Products\"},\"image\":{\"@id\":\"https:\\\/\\\/ksproducts.ca\\\/#\\\/schema\\\/logo\\\/image\\\/\"}}]}<\/script>\n<!-- \/ Yoast SEO plugin. -->","yoast_head_json":{"title":"Valughan 21-piece Painting Accessory Kit and Tray Arm Holder - Ks Products","robots":{"index":"index","follow":"follow","max-snippet":"max-snippet:-1","max-image-preview":"max-image-preview:large","max-video-preview":"max-video-preview:-1"},"canonical":"https:\/\/ksproducts.ca\/fr\/product\/kit-daccessoires-de-peinture-valughan-21-pieces-et-support-de-bras-de-plateau\/","og_locale":"fr_CA","og_type":"article","og_title":"Valughan 21-piece Painting Accessory Kit and Tray Arm Holder - Ks Products","og_description":"The Vaughan\u00ae Paint Kit is your go-to set for all your painting jobs and DIY projects. Including 21 essential tools to perform all the necessary designs that will provide a superior and professional \ufb01nish. Thick and sturdy wooden handle brushes that are lightweight and precise for a clean look. Everything is prepackaged in a beautiful box to complete an organized, simplistic grab-and-go. Whether you are a beginner or a professional, this is the set that is perfect for anyone to use. The Vaughan\u00ae Paint Tray Holder is the perfect tool to make the job easier. Eliminates the need to bend over to move or pick up a roller tray and reduces back and leg strain. The holder can safely hold the extension pole paint roller in an upright position to keep from lying \ufb02at on the \ufb02oor. Helps keep things organized and prevents paint spills or accidents. Features a magnetic brush holder for steel brushes and works with plastic or metal paint trays.","og_url":"https:\/\/ksproducts.ca\/fr\/product\/kit-daccessoires-de-peinture-valughan-21-pieces-et-support-de-bras-de-plateau\/","og_site_name":"Ks Products","og_image":[{"width":600,"height":600,"url":"https:\/\/ksproducts.ca\/wp-content\/uploads\/2026\/03\/Valughan-21-piece-Painting-Accessory-Kit-and-Tray-Arm-Holder.jpg","type":"image\/jpeg"}],"twitter_card":"summary_large_image","twitter_misc":{"Estimation du temps de lecture":"1 minute"},"schema":{"@context":"https:\/\/schema.org","@graph":[{"@type":"WebPage","@id":"https:\/\/ksproducts.ca\/product\/valughan-21-piece-painting-accessory-kit-and-tray-arm-holder\/","url":"https:\/\/ksproducts.ca\/product\/valughan-21-piece-painting-accessory-kit-and-tray-arm-holder\/","name":"Valughan 21-piece Painting Accessory Kit and Tray Arm Holder - Ks Products","isPartOf":{"@id":"https:\/\/ksproducts.ca\/#website"},"primaryImageOfPage":{"@id":"https:\/\/ksproducts.ca\/product\/valughan-21-piece-painting-accessory-kit-and-tray-arm-holder\/#primaryimage"},"image":{"@id":"https:\/\/ksproducts.ca\/product\/valughan-21-piece-painting-accessory-kit-and-tray-arm-holder\/#primaryimage"},"thumbnailUrl":"https:\/\/ksproducts.ca\/wp-content\/uploads\/2026\/03\/Valughan-21-piece-Painting-Accessory-Kit-and-Tray-Arm-Holder.jpg","datePublished":"2026-03-04T13:26:22+00:00","breadcrumb":{"@id":"https:\/\/ksproducts.ca\/product\/valughan-21-piece-painting-accessory-kit-and-tray-arm-holder\/#breadcrumb"},"inLanguage":"fr-CA","potentialAction":[{"@type":"ReadAction","target":["https:\/\/ksproducts.ca\/product\/valughan-21-piece-painting-accessory-kit-and-tray-arm-holder\/"]}]},{"@type":"ImageObject","inLanguage":"fr-CA","@id":"https:\/\/ksproducts.ca\/product\/valughan-21-piece-painting-accessory-kit-and-tray-arm-holder\/#primaryimage","url":"https:\/\/ksproducts.ca\/wp-content\/uploads\/2026\/03\/Valughan-21-piece-Painting-Accessory-Kit-and-Tray-Arm-Holder.jpg","contentUrl":"https:\/\/ksproducts.ca\/wp-content\/uploads\/2026\/03\/Valughan-21-piece-Painting-Accessory-Kit-and-Tray-Arm-Holder.jpg","width":600,"height":600,"caption":"Valughan 21 piece Painting Accessory Kit and Tray Arm Holder"},{"@type":"BreadcrumbList","@id":"https:\/\/ksproducts.ca\/product\/valughan-21-piece-painting-accessory-kit-and-tray-arm-holder\/#breadcrumb","itemListElement":[{"@type":"ListItem","position":1,"name":"Home","item":"https:\/\/ksproducts.ca\/"},{"@type":"ListItem","position":2,"name":"Shop","item":"https:\/\/ksproducts.ca\/shop\/"},{"@type":"ListItem","position":3,"name":"Valughan 21-piece Painting Accessory Kit and Tray Arm Holder"}]},{"@type":"WebSite","@id":"https:\/\/ksproducts.ca\/#website","url":"https:\/\/ksproducts.ca\/","name":"Produits Ks","description":"Cuisiner et vivre en plein air, c'est facile au Canada","publisher":{"@id":"https:\/\/ksproducts.ca\/#organization"},"potentialAction":[{"@type":"SearchAction","target":{"@type":"EntryPoint","urlTemplate":"https:\/\/ksproducts.ca\/?s={search_term_string}"},"query-input":{"@type":"PropertyValueSpecification","valueRequired":true,"valueName":"search_term_string"}}],"inLanguage":"fr-CA"},{"@type":"Organization","@id":"https:\/\/ksproducts.ca\/#organization","name":"Produits Ks","url":"https:\/\/ksproducts.ca\/","logo":{"@type":"ImageObject","inLanguage":"fr-CA","@id":"https:\/\/ksproducts.ca\/#\/schema\/logo\/image\/","url":"https:\/\/ksproducts.ca\/wp-content\/uploads\/2023\/09\/Kennedy-Sales-Logo-header-1.png","contentUrl":"https:\/\/ksproducts.ca\/wp-content\/uploads\/2023\/09\/Kennedy-Sales-Logo-header-1.png","width":150,"height":77,"caption":"Ks Products"},"image":{"@id":"https:\/\/ksproducts.ca\/#\/schema\/logo\/image\/"}}]}},"_links":{"self":[{"href":"https:\/\/ksproducts.ca\/fr\/wp-json\/wp\/v2\/product\/11366","targetHints":{"allow":["GET"]}}],"collection":[{"href":"https:\/\/ksproducts.ca\/fr\/wp-json\/wp\/v2\/product"}],"about":[{"href":"https:\/\/ksproducts.ca\/fr\/wp-json\/wp\/v2\/types\/product"}],"replies":[{"embeddable":true,"href":"https:\/\/ksproducts.ca\/fr\/wp-json\/wp\/v2\/comments?post=11366"}],"version-history":[{"count":1,"href":"https:\/\/ksproducts.ca\/fr\/wp-json\/wp\/v2\/product\/11366\/revisions"}],"predecessor-version":[{"id":11368,"href":"https:\/\/ksproducts.ca\/fr\/wp-json\/wp\/v2\/product\/11366\/revisions\/11368"}],"wp:featuredmedia":[{"embeddable":true,"href":"https:\/\/ksproducts.ca\/fr\/wp-json\/wp\/v2\/media\/11367"}],"wp:attachment":[{"href":"https:\/\/ksproducts.ca\/fr\/wp-json\/wp\/v2\/media?parent=11366"}],"wp:term":[{"taxonomy":"product_cat","embeddable":true,"href":"https:\/\/ksproducts.ca\/fr\/wp-json\/wp\/v2\/product_cat?post=11366"},{"taxonomy":"product_tag","embeddable":true,"href":"https:\/\/ksproducts.ca\/fr\/wp-json\/wp\/v2\/product_tag?post=11366"}],"curies":[{"name":"wp","href":"https:\/\/api.w.org\/{rel}","templated":true}]}}