{"id":11369,"date":"2026-03-04T13:30:32","date_gmt":"2026-03-04T13:30:32","guid":{"rendered":"https:\/\/ksproducts.ca\/?post_type=product&#038;p=11369"},"modified":"2026-03-04T13:30:32","modified_gmt":"2026-03-04T13:30:32","slug":"klymit-insulated-static-v-lite-eco-sleeping-pad","status":"publish","type":"product","link":"https:\/\/ksproducts.ca\/fr\/product\/klymit-insulated-static-v-lite-eco-sleeping-pad\/","title":{"rendered":"Matelas de couchage isol\u00e9 Klymit Static V Lite Eco"},"content":{"rendered":"<ul>\n<li>Le tissu polyester robuste 30D est doux et silencieux<\/li>\n<li>Les chambres en V sur\u00e9lev\u00e9es maximisent le rembourrage et la chaleur, cr\u00e9ant des poches douces confortables qui soutiennent les points de pression du corps.<\/li>\n<li>Les rails lat\u00e9raux permettent de rester centr\u00e9 sur le matelas toute la nuit.<\/li>\n<li>L'inflation est rapide et facile<\/li>\n<li>Trousse de r\u00e9paration et sac de rangement inclus<\/li>\n<\/ul>","protected":false},"excerpt":{"rendered":"<p>Le Static V Lite Eco\u2122 isol\u00e9 est l'ultime matelas de couchage l\u00e9ger pour le sac \u00e0 dos quatre saisons. Ce matelas est con\u00e7u pour le confort et la performance, avec la technologie de cartographie corporelle brevet\u00e9e de Klymit et la conception V-Chamber. Les chambres en V bercent votre corps, tandis que les rails lat\u00e9raux int\u00e9gr\u00e9s vous maintiennent centr\u00e9 tout au long de la nuit, emp\u00eachant les mouvements d'air ind\u00e9sirables lorsque vous vous retournez. Id\u00e9al pour les aventuriers soucieux de l'environnement, le Static V Lite Eco\u2122 isol\u00e9 est emballable, durable et con\u00e7u pour une exploration l\u00e9g\u00e8re.<\/p>","protected":false},"featured_media":11370,"comment_status":"open","ping_status":"closed","template":"","meta":[],"product_cat":[431],"product_tag":[],"class_list":{"0":"post-11369","1":"product","2":"type-product","3":"status-publish","4":"has-post-thumbnail","6":"product_cat-camping-rv-essentials","7":"product_shipping_class-class-1","9":"first","10":"instock","11":"taxable","12":"shipping-taxable","13":"purchasable","14":"product-type-simple"},"yoast_head":"<!-- This site is optimized with the Yoast SEO plugin v27.4 - https:\/\/yoast.com\/product\/yoast-seo-wordpress\/ -->\n<title>Klymit Insulated Static V Lite Eco Sleeping Pad - Ks Products<\/title>\n<meta name=\"robots\" content=\"index, follow, max-snippet:-1, max-image-preview:large, max-video-preview:-1\" \/>\n<link rel=\"canonical\" href=\"https:\/\/ksproducts.ca\/fr\/product\/klymit-insulated-static-v-lite-eco-sleeping-pad\/\" \/>\n<meta property=\"og:locale\" content=\"fr_CA\" \/>\n<meta property=\"og:type\" content=\"article\" \/>\n<meta property=\"og:title\" content=\"Klymit Insulated Static V Lite Eco Sleeping Pad - Ks Products\" \/>\n<meta property=\"og:description\" content=\"The Insulated Static V Lite Eco\u2122 is the ultimate lightweight sleeping pad for four-season backpacking. This pad is designed for comfort and performance, featuring Klymit\u2019s patented Body Mapping Technology and V-Chamber design. The V-chambers cradle your body, while integrated side rails keep you centered through the night, preventing unwanted air movement as you toss and turn. Ideal for eco-conscious adventurers, the Insulated Static V Lite Eco\u2122 is packable, durable, and built for lightweight exploration.\" \/>\n<meta property=\"og:url\" content=\"https:\/\/ksproducts.ca\/fr\/product\/klymit-insulated-static-v-lite-eco-sleeping-pad\/\" \/>\n<meta property=\"og:site_name\" content=\"Ks Products\" \/>\n<meta property=\"og:image\" content=\"https:\/\/ksproducts.ca\/wp-content\/uploads\/2026\/03\/Klymit-Insulated-Static-V-Lite-Eco-Sleeping-Pad.jpg\" \/>\n\t<meta property=\"og:image:width\" content=\"800\" \/>\n\t<meta property=\"og:image:height\" content=\"800\" \/>\n\t<meta property=\"og:image:type\" content=\"image\/jpeg\" \/>\n<meta name=\"twitter:card\" content=\"summary_large_image\" \/>\n<meta name=\"twitter:label1\" content=\"Estimation du temps de lecture\" \/>\n\t<meta name=\"twitter:data1\" content=\"1 minute\" \/>\n<script type=\"application\/ld+json\" class=\"yoast-schema-graph\">{\"@context\":\"https:\\\/\\\/schema.org\",\"@graph\":[{\"@type\":\"WebPage\",\"@id\":\"https:\\\/\\\/ksproducts.ca\\\/product\\\/klymit-insulated-static-v-lite-eco-sleeping-pad\\\/\",\"url\":\"https:\\\/\\\/ksproducts.ca\\\/product\\\/klymit-insulated-static-v-lite-eco-sleeping-pad\\\/\",\"name\":\"Klymit Insulated Static V Lite Eco Sleeping Pad - Ks Products\",\"isPartOf\":{\"@id\":\"https:\\\/\\\/ksproducts.ca\\\/#website\"},\"primaryImageOfPage\":{\"@id\":\"https:\\\/\\\/ksproducts.ca\\\/product\\\/klymit-insulated-static-v-lite-eco-sleeping-pad\\\/#primaryimage\"},\"image\":{\"@id\":\"https:\\\/\\\/ksproducts.ca\\\/product\\\/klymit-insulated-static-v-lite-eco-sleeping-pad\\\/#primaryimage\"},\"thumbnailUrl\":\"https:\\\/\\\/ksproducts.ca\\\/wp-content\\\/uploads\\\/2026\\\/03\\\/Klymit-Insulated-Static-V-Lite-Eco-Sleeping-Pad.jpg\",\"datePublished\":\"2026-03-04T13:30:32+00:00\",\"breadcrumb\":{\"@id\":\"https:\\\/\\\/ksproducts.ca\\\/product\\\/klymit-insulated-static-v-lite-eco-sleeping-pad\\\/#breadcrumb\"},\"inLanguage\":\"fr-CA\",\"potentialAction\":[{\"@type\":\"ReadAction\",\"target\":[\"https:\\\/\\\/ksproducts.ca\\\/product\\\/klymit-insulated-static-v-lite-eco-sleeping-pad\\\/\"]}]},{\"@type\":\"ImageObject\",\"inLanguage\":\"fr-CA\",\"@id\":\"https:\\\/\\\/ksproducts.ca\\\/product\\\/klymit-insulated-static-v-lite-eco-sleeping-pad\\\/#primaryimage\",\"url\":\"https:\\\/\\\/ksproducts.ca\\\/wp-content\\\/uploads\\\/2026\\\/03\\\/Klymit-Insulated-Static-V-Lite-Eco-Sleeping-Pad.jpg\",\"contentUrl\":\"https:\\\/\\\/ksproducts.ca\\\/wp-content\\\/uploads\\\/2026\\\/03\\\/Klymit-Insulated-Static-V-Lite-Eco-Sleeping-Pad.jpg\",\"width\":800,\"height\":800,\"caption\":\"Klymit Insulated Static V Lite Eco Sleeping Pad\"},{\"@type\":\"BreadcrumbList\",\"@id\":\"https:\\\/\\\/ksproducts.ca\\\/product\\\/klymit-insulated-static-v-lite-eco-sleeping-pad\\\/#breadcrumb\",\"itemListElement\":[{\"@type\":\"ListItem\",\"position\":1,\"name\":\"Home\",\"item\":\"https:\\\/\\\/ksproducts.ca\\\/\"},{\"@type\":\"ListItem\",\"position\":2,\"name\":\"Shop\",\"item\":\"https:\\\/\\\/ksproducts.ca\\\/shop\\\/\"},{\"@type\":\"ListItem\",\"position\":3,\"name\":\"Klymit Insulated Static V Lite Eco Sleeping Pad\"}]},{\"@type\":\"WebSite\",\"@id\":\"https:\\\/\\\/ksproducts.ca\\\/#website\",\"url\":\"https:\\\/\\\/ksproducts.ca\\\/\",\"name\":\"Ks Products\",\"description\":\"Outdoor cooking and living, made easy in Canada\",\"publisher\":{\"@id\":\"https:\\\/\\\/ksproducts.ca\\\/#organization\"},\"potentialAction\":[{\"@type\":\"SearchAction\",\"target\":{\"@type\":\"EntryPoint\",\"urlTemplate\":\"https:\\\/\\\/ksproducts.ca\\\/?s={search_term_string}\"},\"query-input\":{\"@type\":\"PropertyValueSpecification\",\"valueRequired\":true,\"valueName\":\"search_term_string\"}}],\"inLanguage\":\"fr-CA\"},{\"@type\":\"Organization\",\"@id\":\"https:\\\/\\\/ksproducts.ca\\\/#organization\",\"name\":\"Ks Products\",\"url\":\"https:\\\/\\\/ksproducts.ca\\\/\",\"logo\":{\"@type\":\"ImageObject\",\"inLanguage\":\"fr-CA\",\"@id\":\"https:\\\/\\\/ksproducts.ca\\\/#\\\/schema\\\/logo\\\/image\\\/\",\"url\":\"https:\\\/\\\/ksproducts.ca\\\/wp-content\\\/uploads\\\/2023\\\/09\\\/Kennedy-Sales-Logo-header-1.png\",\"contentUrl\":\"https:\\\/\\\/ksproducts.ca\\\/wp-content\\\/uploads\\\/2023\\\/09\\\/Kennedy-Sales-Logo-header-1.png\",\"width\":150,\"height\":77,\"caption\":\"Ks Products\"},\"image\":{\"@id\":\"https:\\\/\\\/ksproducts.ca\\\/#\\\/schema\\\/logo\\\/image\\\/\"}}]}<\/script>\n<!-- \/ Yoast SEO plugin. -->","yoast_head_json":{"title":"Klymit Insulated Static V Lite Eco Sac de Couchage - Ks Products","robots":{"index":"index","follow":"follow","max-snippet":"max-snippet:-1","max-image-preview":"max-image-preview:large","max-video-preview":"max-video-preview:-1"},"canonical":"https:\/\/ksproducts.ca\/fr\/product\/klymit-insulated-static-v-lite-eco-sleeping-pad\/","og_locale":"fr_CA","og_type":"article","og_title":"Klymit Insulated Static V Lite Eco Sleeping Pad - Ks Products","og_description":"The Insulated Static V Lite Eco\u2122 is the ultimate lightweight sleeping pad for four-season backpacking. This pad is designed for comfort and performance, featuring Klymit\u2019s patented Body Mapping Technology and V-Chamber design. The V-chambers cradle your body, while integrated side rails keep you centered through the night, preventing unwanted air movement as you toss and turn. Ideal for eco-conscious adventurers, the Insulated Static V Lite Eco\u2122 is packable, durable, and built for lightweight exploration.","og_url":"https:\/\/ksproducts.ca\/fr\/product\/klymit-insulated-static-v-lite-eco-sleeping-pad\/","og_site_name":"Ks Products","og_image":[{"width":800,"height":800,"url":"https:\/\/ksproducts.ca\/wp-content\/uploads\/2026\/03\/Klymit-Insulated-Static-V-Lite-Eco-Sleeping-Pad.jpg","type":"image\/jpeg"}],"twitter_card":"summary_large_image","twitter_misc":{"Estimation du temps de lecture":"1 minute"},"schema":{"@context":"https:\/\/schema.org","@graph":[{"@type":"WebPage","@id":"https:\/\/ksproducts.ca\/product\/klymit-insulated-static-v-lite-eco-sleeping-pad\/","url":"https:\/\/ksproducts.ca\/product\/klymit-insulated-static-v-lite-eco-sleeping-pad\/","name":"Klymit Insulated Static V Lite Eco Sac de Couchage - Ks Products","isPartOf":{"@id":"https:\/\/ksproducts.ca\/#website"},"primaryImageOfPage":{"@id":"https:\/\/ksproducts.ca\/product\/klymit-insulated-static-v-lite-eco-sleeping-pad\/#primaryimage"},"image":{"@id":"https:\/\/ksproducts.ca\/product\/klymit-insulated-static-v-lite-eco-sleeping-pad\/#primaryimage"},"thumbnailUrl":"https:\/\/ksproducts.ca\/wp-content\/uploads\/2026\/03\/Klymit-Insulated-Static-V-Lite-Eco-Sleeping-Pad.jpg","datePublished":"2026-03-04T13:30:32+00:00","breadcrumb":{"@id":"https:\/\/ksproducts.ca\/product\/klymit-insulated-static-v-lite-eco-sleeping-pad\/#breadcrumb"},"inLanguage":"fr-CA","potentialAction":[{"@type":"ReadAction","target":["https:\/\/ksproducts.ca\/product\/klymit-insulated-static-v-lite-eco-sleeping-pad\/"]}]},{"@type":"ImageObject","inLanguage":"fr-CA","@id":"https:\/\/ksproducts.ca\/product\/klymit-insulated-static-v-lite-eco-sleeping-pad\/#primaryimage","url":"https:\/\/ksproducts.ca\/wp-content\/uploads\/2026\/03\/Klymit-Insulated-Static-V-Lite-Eco-Sleeping-Pad.jpg","contentUrl":"https:\/\/ksproducts.ca\/wp-content\/uploads\/2026\/03\/Klymit-Insulated-Static-V-Lite-Eco-Sleeping-Pad.jpg","width":800,"height":800,"caption":"Klymit Insulated Static V Lite Eco Sleeping Pad"},{"@type":"BreadcrumbList","@id":"https:\/\/ksproducts.ca\/product\/klymit-insulated-static-v-lite-eco-sleeping-pad\/#breadcrumb","itemListElement":[{"@type":"ListItem","position":1,"name":"Home","item":"https:\/\/ksproducts.ca\/"},{"@type":"ListItem","position":2,"name":"Shop","item":"https:\/\/ksproducts.ca\/shop\/"},{"@type":"ListItem","position":3,"name":"Klymit Insulated Static V Lite Eco Sleeping Pad"}]},{"@type":"WebSite","@id":"https:\/\/ksproducts.ca\/#website","url":"https:\/\/ksproducts.ca\/","name":"Produits Ks","description":"Cuisiner et vivre en plein air, c'est facile au Canada","publisher":{"@id":"https:\/\/ksproducts.ca\/#organization"},"potentialAction":[{"@type":"SearchAction","target":{"@type":"EntryPoint","urlTemplate":"https:\/\/ksproducts.ca\/?s={search_term_string}"},"query-input":{"@type":"PropertyValueSpecification","valueRequired":true,"valueName":"search_term_string"}}],"inLanguage":"fr-CA"},{"@type":"Organization","@id":"https:\/\/ksproducts.ca\/#organization","name":"Produits Ks","url":"https:\/\/ksproducts.ca\/","logo":{"@type":"ImageObject","inLanguage":"fr-CA","@id":"https:\/\/ksproducts.ca\/#\/schema\/logo\/image\/","url":"https:\/\/ksproducts.ca\/wp-content\/uploads\/2023\/09\/Kennedy-Sales-Logo-header-1.png","contentUrl":"https:\/\/ksproducts.ca\/wp-content\/uploads\/2023\/09\/Kennedy-Sales-Logo-header-1.png","width":150,"height":77,"caption":"Ks Products"},"image":{"@id":"https:\/\/ksproducts.ca\/#\/schema\/logo\/image\/"}}]}},"_links":{"self":[{"href":"https:\/\/ksproducts.ca\/fr\/wp-json\/wp\/v2\/product\/11369","targetHints":{"allow":["GET"]}}],"collection":[{"href":"https:\/\/ksproducts.ca\/fr\/wp-json\/wp\/v2\/product"}],"about":[{"href":"https:\/\/ksproducts.ca\/fr\/wp-json\/wp\/v2\/types\/product"}],"replies":[{"embeddable":true,"href":"https:\/\/ksproducts.ca\/fr\/wp-json\/wp\/v2\/comments?post=11369"}],"version-history":[{"count":1,"href":"https:\/\/ksproducts.ca\/fr\/wp-json\/wp\/v2\/product\/11369\/revisions"}],"predecessor-version":[{"id":11371,"href":"https:\/\/ksproducts.ca\/fr\/wp-json\/wp\/v2\/product\/11369\/revisions\/11371"}],"wp:featuredmedia":[{"embeddable":true,"href":"https:\/\/ksproducts.ca\/fr\/wp-json\/wp\/v2\/media\/11370"}],"wp:attachment":[{"href":"https:\/\/ksproducts.ca\/fr\/wp-json\/wp\/v2\/media?parent=11369"}],"wp:term":[{"taxonomy":"product_cat","embeddable":true,"href":"https:\/\/ksproducts.ca\/fr\/wp-json\/wp\/v2\/product_cat?post=11369"},{"taxonomy":"product_tag","embeddable":true,"href":"https:\/\/ksproducts.ca\/fr\/wp-json\/wp\/v2\/product_tag?post=11369"}],"curies":[{"name":"wp","href":"https:\/\/api.w.org\/{rel}","templated":true}]}}