{"id":11372,"date":"2026-03-04T13:33:32","date_gmt":"2026-03-04T13:33:32","guid":{"rendered":"https:\/\/ksproducts.ca\/?post_type=product&#038;p=11372"},"modified":"2026-03-04T13:33:32","modified_gmt":"2026-03-04T13:33:32","slug":"matelas-de-couchage-isole-klymit-klymaloft","status":"publish","type":"product","link":"https:\/\/ksproducts.ca\/fr\/product\/klymit-insulated-klymaloft-sleeping-pad\/","title":{"rendered":"Matelas de couchage isol\u00e9 Klymit Klymaloft"},"content":{"rendered":"<ul>\n<li>Isol\u00e9 pour un confort quatre saisons<\/li>\n<li>Mousse de luxe ultra-douce qui \u00e9pouse les formes pour soutenir le corps et \u00e9liminer les points de pression<\/li>\n<li>Le tissu en polyester extensible est doux et silencieux<\/li>\n<li>Les chambres \u00e0 air en forme de I cr\u00e9ent du volume et stabilisent le matelas de sol<\/li>\n<li>La combinaison air et mousse frappe le juste \u00e9quilibre entre confort, compacit\u00e9 et poids<\/li>\n<li>Le gonflage est rapide et facile gr\u00e2ce au sac \u00e0 pompe inclus.<\/li>\n<\/ul>","protected":false},"excerpt":{"rendered":"<p>Le Klymaloft\u2122 isol\u00e9 reprend tout ce que vous aimez de l'original et y ajoute de s\u00e9rieuses performances quatre saisons avec une impressionnante valeur R ASTM. Con\u00e7u pour un confort de sommeil ultime, il combine un surmatelas en mousse pelucheuse qui \u00e9pouse les contours de votre corps et soulage les points de pression avec des chambres \u00e0 air en I qui assurent la stabilit\u00e9 et le gonflant.<\/p>","protected":false},"featured_media":11373,"comment_status":"open","ping_status":"closed","template":"","meta":[],"product_cat":[431],"product_tag":[],"class_list":{"0":"post-11372","1":"product","2":"type-product","3":"status-publish","4":"has-post-thumbnail","6":"product_cat-camping-rv-essentials","7":"product_shipping_class-class-1","9":"first","10":"instock","11":"taxable","12":"shipping-taxable","13":"purchasable","14":"product-type-simple"},"yoast_head":"<!-- This site is optimized with the Yoast SEO plugin v27.4 - https:\/\/yoast.com\/product\/yoast-seo-wordpress\/ -->\n<title>Klymit Insulated Klymaloft Sleeping Pad - Ks Products<\/title>\n<meta name=\"robots\" content=\"index, follow, max-snippet:-1, max-image-preview:large, max-video-preview:-1\" \/>\n<link rel=\"canonical\" href=\"https:\/\/ksproducts.ca\/fr\/product\/matelas-de-couchage-isole-klymit-klymaloft\/\" \/>\n<meta property=\"og:locale\" content=\"fr_CA\" \/>\n<meta property=\"og:type\" content=\"article\" \/>\n<meta property=\"og:title\" content=\"Klymit Insulated Klymaloft Sleeping Pad - Ks Products\" \/>\n<meta property=\"og:description\" content=\"The Insulated Klymaloft\u2122 takes everything you love about the original and adds serious four-season performance with an impressive ASTM R-Value. Designed for ultimate sleep comfort, it combines a plush foam topper that contours to your body and relieves pressure points with supportive I-beam air chambers that provide stability and loft.\" \/>\n<meta property=\"og:url\" content=\"https:\/\/ksproducts.ca\/fr\/product\/matelas-de-couchage-isole-klymit-klymaloft\/\" \/>\n<meta property=\"og:site_name\" content=\"Ks Products\" \/>\n<meta property=\"og:image\" content=\"https:\/\/ksproducts.ca\/wp-content\/uploads\/2026\/03\/Klymit-Insulated-Klymaloft-Sleeping-Pad.webp\" \/>\n\t<meta property=\"og:image:width\" content=\"800\" \/>\n\t<meta property=\"og:image:height\" content=\"800\" \/>\n\t<meta property=\"og:image:type\" content=\"image\/webp\" \/>\n<meta name=\"twitter:card\" content=\"summary_large_image\" \/>\n<meta name=\"twitter:label1\" content=\"Estimation du temps de lecture\" \/>\n\t<meta name=\"twitter:data1\" content=\"1 minute\" \/>\n<script type=\"application\/ld+json\" class=\"yoast-schema-graph\">{\"@context\":\"https:\\\/\\\/schema.org\",\"@graph\":[{\"@type\":\"WebPage\",\"@id\":\"https:\\\/\\\/ksproducts.ca\\\/product\\\/klymit-insulated-klymaloft-sleeping-pad\\\/\",\"url\":\"https:\\\/\\\/ksproducts.ca\\\/product\\\/klymit-insulated-klymaloft-sleeping-pad\\\/\",\"name\":\"Klymit Insulated Klymaloft Sleeping Pad - Ks Products\",\"isPartOf\":{\"@id\":\"https:\\\/\\\/ksproducts.ca\\\/#website\"},\"primaryImageOfPage\":{\"@id\":\"https:\\\/\\\/ksproducts.ca\\\/product\\\/klymit-insulated-klymaloft-sleeping-pad\\\/#primaryimage\"},\"image\":{\"@id\":\"https:\\\/\\\/ksproducts.ca\\\/product\\\/klymit-insulated-klymaloft-sleeping-pad\\\/#primaryimage\"},\"thumbnailUrl\":\"https:\\\/\\\/ksproducts.ca\\\/wp-content\\\/uploads\\\/2026\\\/03\\\/Klymit-Insulated-Klymaloft-Sleeping-Pad.webp\",\"datePublished\":\"2026-03-04T13:33:32+00:00\",\"breadcrumb\":{\"@id\":\"https:\\\/\\\/ksproducts.ca\\\/product\\\/klymit-insulated-klymaloft-sleeping-pad\\\/#breadcrumb\"},\"inLanguage\":\"fr-CA\",\"potentialAction\":[{\"@type\":\"ReadAction\",\"target\":[\"https:\\\/\\\/ksproducts.ca\\\/product\\\/klymit-insulated-klymaloft-sleeping-pad\\\/\"]}]},{\"@type\":\"ImageObject\",\"inLanguage\":\"fr-CA\",\"@id\":\"https:\\\/\\\/ksproducts.ca\\\/product\\\/klymit-insulated-klymaloft-sleeping-pad\\\/#primaryimage\",\"url\":\"https:\\\/\\\/ksproducts.ca\\\/wp-content\\\/uploads\\\/2026\\\/03\\\/Klymit-Insulated-Klymaloft-Sleeping-Pad.webp\",\"contentUrl\":\"https:\\\/\\\/ksproducts.ca\\\/wp-content\\\/uploads\\\/2026\\\/03\\\/Klymit-Insulated-Klymaloft-Sleeping-Pad.webp\",\"width\":800,\"height\":800,\"caption\":\"Klymit Insulated Klymaloft Sleeping Pad\"},{\"@type\":\"BreadcrumbList\",\"@id\":\"https:\\\/\\\/ksproducts.ca\\\/product\\\/klymit-insulated-klymaloft-sleeping-pad\\\/#breadcrumb\",\"itemListElement\":[{\"@type\":\"ListItem\",\"position\":1,\"name\":\"Home\",\"item\":\"https:\\\/\\\/ksproducts.ca\\\/\"},{\"@type\":\"ListItem\",\"position\":2,\"name\":\"Shop\",\"item\":\"https:\\\/\\\/ksproducts.ca\\\/shop\\\/\"},{\"@type\":\"ListItem\",\"position\":3,\"name\":\"Klymit Insulated Klymaloft Sleeping Pad\"}]},{\"@type\":\"WebSite\",\"@id\":\"https:\\\/\\\/ksproducts.ca\\\/#website\",\"url\":\"https:\\\/\\\/ksproducts.ca\\\/\",\"name\":\"Ks Products\",\"description\":\"Outdoor cooking and living, made easy in Canada\",\"publisher\":{\"@id\":\"https:\\\/\\\/ksproducts.ca\\\/#organization\"},\"potentialAction\":[{\"@type\":\"SearchAction\",\"target\":{\"@type\":\"EntryPoint\",\"urlTemplate\":\"https:\\\/\\\/ksproducts.ca\\\/?s={search_term_string}\"},\"query-input\":{\"@type\":\"PropertyValueSpecification\",\"valueRequired\":true,\"valueName\":\"search_term_string\"}}],\"inLanguage\":\"fr-CA\"},{\"@type\":\"Organization\",\"@id\":\"https:\\\/\\\/ksproducts.ca\\\/#organization\",\"name\":\"Ks Products\",\"url\":\"https:\\\/\\\/ksproducts.ca\\\/\",\"logo\":{\"@type\":\"ImageObject\",\"inLanguage\":\"fr-CA\",\"@id\":\"https:\\\/\\\/ksproducts.ca\\\/#\\\/schema\\\/logo\\\/image\\\/\",\"url\":\"https:\\\/\\\/ksproducts.ca\\\/wp-content\\\/uploads\\\/2023\\\/09\\\/Kennedy-Sales-Logo-header-1.png\",\"contentUrl\":\"https:\\\/\\\/ksproducts.ca\\\/wp-content\\\/uploads\\\/2023\\\/09\\\/Kennedy-Sales-Logo-header-1.png\",\"width\":150,\"height\":77,\"caption\":\"Ks Products\"},\"image\":{\"@id\":\"https:\\\/\\\/ksproducts.ca\\\/#\\\/schema\\\/logo\\\/image\\\/\"}}]}<\/script>\n<!-- \/ Yoast SEO plugin. -->","yoast_head_json":{"title":"Klymit Insulated Klymaloft Sleeping Pad - Produits Ks","robots":{"index":"index","follow":"follow","max-snippet":"max-snippet:-1","max-image-preview":"max-image-preview:large","max-video-preview":"max-video-preview:-1"},"canonical":"https:\/\/ksproducts.ca\/fr\/product\/matelas-de-couchage-isole-klymit-klymaloft\/","og_locale":"fr_CA","og_type":"article","og_title":"Klymit Insulated Klymaloft Sleeping Pad - Ks Products","og_description":"The Insulated Klymaloft\u2122 takes everything you love about the original and adds serious four-season performance with an impressive ASTM R-Value. Designed for ultimate sleep comfort, it combines a plush foam topper that contours to your body and relieves pressure points with supportive I-beam air chambers that provide stability and loft.","og_url":"https:\/\/ksproducts.ca\/fr\/product\/matelas-de-couchage-isole-klymit-klymaloft\/","og_site_name":"Ks Products","og_image":[{"width":800,"height":800,"url":"https:\/\/ksproducts.ca\/wp-content\/uploads\/2026\/03\/Klymit-Insulated-Klymaloft-Sleeping-Pad.webp","type":"image\/webp"}],"twitter_card":"summary_large_image","twitter_misc":{"Estimation du temps de lecture":"1 minute"},"schema":{"@context":"https:\/\/schema.org","@graph":[{"@type":"WebPage","@id":"https:\/\/ksproducts.ca\/product\/klymit-insulated-klymaloft-sleeping-pad\/","url":"https:\/\/ksproducts.ca\/product\/klymit-insulated-klymaloft-sleeping-pad\/","name":"Klymit Insulated Klymaloft Sleeping Pad - Produits Ks","isPartOf":{"@id":"https:\/\/ksproducts.ca\/#website"},"primaryImageOfPage":{"@id":"https:\/\/ksproducts.ca\/product\/klymit-insulated-klymaloft-sleeping-pad\/#primaryimage"},"image":{"@id":"https:\/\/ksproducts.ca\/product\/klymit-insulated-klymaloft-sleeping-pad\/#primaryimage"},"thumbnailUrl":"https:\/\/ksproducts.ca\/wp-content\/uploads\/2026\/03\/Klymit-Insulated-Klymaloft-Sleeping-Pad.webp","datePublished":"2026-03-04T13:33:32+00:00","breadcrumb":{"@id":"https:\/\/ksproducts.ca\/product\/klymit-insulated-klymaloft-sleeping-pad\/#breadcrumb"},"inLanguage":"fr-CA","potentialAction":[{"@type":"ReadAction","target":["https:\/\/ksproducts.ca\/product\/klymit-insulated-klymaloft-sleeping-pad\/"]}]},{"@type":"ImageObject","inLanguage":"fr-CA","@id":"https:\/\/ksproducts.ca\/product\/klymit-insulated-klymaloft-sleeping-pad\/#primaryimage","url":"https:\/\/ksproducts.ca\/wp-content\/uploads\/2026\/03\/Klymit-Insulated-Klymaloft-Sleeping-Pad.webp","contentUrl":"https:\/\/ksproducts.ca\/wp-content\/uploads\/2026\/03\/Klymit-Insulated-Klymaloft-Sleeping-Pad.webp","width":800,"height":800,"caption":"Klymit Insulated Klymaloft Sleeping Pad"},{"@type":"BreadcrumbList","@id":"https:\/\/ksproducts.ca\/product\/klymit-insulated-klymaloft-sleeping-pad\/#breadcrumb","itemListElement":[{"@type":"ListItem","position":1,"name":"Home","item":"https:\/\/ksproducts.ca\/"},{"@type":"ListItem","position":2,"name":"Shop","item":"https:\/\/ksproducts.ca\/shop\/"},{"@type":"ListItem","position":3,"name":"Klymit Insulated Klymaloft Sleeping Pad"}]},{"@type":"WebSite","@id":"https:\/\/ksproducts.ca\/#website","url":"https:\/\/ksproducts.ca\/","name":"Produits Ks","description":"Cuisiner et vivre en plein air, c'est facile au Canada","publisher":{"@id":"https:\/\/ksproducts.ca\/#organization"},"potentialAction":[{"@type":"SearchAction","target":{"@type":"EntryPoint","urlTemplate":"https:\/\/ksproducts.ca\/?s={search_term_string}"},"query-input":{"@type":"PropertyValueSpecification","valueRequired":true,"valueName":"search_term_string"}}],"inLanguage":"fr-CA"},{"@type":"Organization","@id":"https:\/\/ksproducts.ca\/#organization","name":"Produits Ks","url":"https:\/\/ksproducts.ca\/","logo":{"@type":"ImageObject","inLanguage":"fr-CA","@id":"https:\/\/ksproducts.ca\/#\/schema\/logo\/image\/","url":"https:\/\/ksproducts.ca\/wp-content\/uploads\/2023\/09\/Kennedy-Sales-Logo-header-1.png","contentUrl":"https:\/\/ksproducts.ca\/wp-content\/uploads\/2023\/09\/Kennedy-Sales-Logo-header-1.png","width":150,"height":77,"caption":"Ks Products"},"image":{"@id":"https:\/\/ksproducts.ca\/#\/schema\/logo\/image\/"}}]}},"_links":{"self":[{"href":"https:\/\/ksproducts.ca\/fr\/wp-json\/wp\/v2\/product\/11372","targetHints":{"allow":["GET"]}}],"collection":[{"href":"https:\/\/ksproducts.ca\/fr\/wp-json\/wp\/v2\/product"}],"about":[{"href":"https:\/\/ksproducts.ca\/fr\/wp-json\/wp\/v2\/types\/product"}],"replies":[{"embeddable":true,"href":"https:\/\/ksproducts.ca\/fr\/wp-json\/wp\/v2\/comments?post=11372"}],"version-history":[{"count":2,"href":"https:\/\/ksproducts.ca\/fr\/wp-json\/wp\/v2\/product\/11372\/revisions"}],"predecessor-version":[{"id":11376,"href":"https:\/\/ksproducts.ca\/fr\/wp-json\/wp\/v2\/product\/11372\/revisions\/11376"}],"wp:featuredmedia":[{"embeddable":true,"href":"https:\/\/ksproducts.ca\/fr\/wp-json\/wp\/v2\/media\/11373"}],"wp:attachment":[{"href":"https:\/\/ksproducts.ca\/fr\/wp-json\/wp\/v2\/media?parent=11372"}],"wp:term":[{"taxonomy":"product_cat","embeddable":true,"href":"https:\/\/ksproducts.ca\/fr\/wp-json\/wp\/v2\/product_cat?post=11372"},{"taxonomy":"product_tag","embeddable":true,"href":"https:\/\/ksproducts.ca\/fr\/wp-json\/wp\/v2\/product_tag?post=11372"}],"curies":[{"name":"wp","href":"https:\/\/api.w.org\/{rel}","templated":true}]}}