{"id":11375,"date":"2026-03-04T13:39:01","date_gmt":"2026-03-04T13:39:01","guid":{"rendered":"https:\/\/ksproducts.ca\/?post_type=product&#038;p=11375"},"modified":"2026-03-04T13:39:01","modified_gmt":"2026-03-04T13:39:01","slug":"tapis-de-couchage-klymaloft-klymit","status":"publish","type":"product","link":"https:\/\/ksproducts.ca\/fr\/product\/klymit-klymaloft-sleeping-pad\/","title":{"rendered":"Matelas de couchage Klymit Klymaloft"},"content":{"rendered":"<ul>\n<li>Mousse de luxe ultra-douce qui \u00e9pouse les formes pour soutenir le corps et \u00e9liminer les points de pression<\/li>\n<li>Le tissu en polyester extensible est doux et silencieux<\/li>\n<li>Les chambres \u00e0 air en forme de I cr\u00e9ent du volume et stabilisent le matelas de sol<\/li>\n<li>La combinaison air et mousse frappe le juste \u00e9quilibre entre confort, compacit\u00e9 et poids<\/li>\n<li>L'inflation est rapide et facile ; compatible avec la pompe Rapid Air Pump\u2122.<\/li>\n<li>Kit de r\u00e9paration et sac de rangement inclus<\/li>\n<\/ul>","protected":false},"excerpt":{"rendered":"<p>Le matelas de couchage Klymaloft\u2122 pr\u00e9sente une conception innovante de mousse et d'air pour offrir un confort de sommeil haut de gamme. Un surmatelas en mousse moelleuse se conforme pour soutenir le corps et \u00e9liminer les points de pression, tandis que les chambres \u00e0 air sous-jacentes en forme de poutre en I cr\u00e9ent du volume et stabilisent le matelas de couchage. La combinaison de l'air et de la mousse offre un \u00e9quilibre parfait entre le confort, la taille du sac et le poids.<\/p>","protected":false},"featured_media":11377,"comment_status":"open","ping_status":"closed","template":"","meta":[],"product_cat":[431],"product_tag":[],"class_list":{"0":"post-11375","1":"product","2":"type-product","3":"status-publish","4":"has-post-thumbnail","6":"product_cat-camping-rv-essentials","7":"product_shipping_class-class-1","9":"first","10":"instock","11":"taxable","12":"shipping-taxable","13":"purchasable","14":"product-type-simple"},"yoast_head":"<!-- This site is optimized with the Yoast SEO plugin v27.4 - https:\/\/yoast.com\/product\/yoast-seo-wordpress\/ -->\n<title>Klymit Klymaloft Sleeping Pad - Ks Products<\/title>\n<meta name=\"robots\" content=\"index, follow, max-snippet:-1, max-image-preview:large, max-video-preview:-1\" \/>\n<link rel=\"canonical\" href=\"https:\/\/ksproducts.ca\/fr\/product\/tapis-de-couchage-klymaloft-klymit\/\" \/>\n<meta property=\"og:locale\" content=\"fr_CA\" \/>\n<meta property=\"og:type\" content=\"article\" \/>\n<meta property=\"og:title\" content=\"Klymit Klymaloft Sleeping Pad - Ks Products\" \/>\n<meta property=\"og:description\" content=\"The Klymaloft\u2122 sleeping pad features an innovative foam and air design to deliver premium sleep comfort. A plush foam topper conforms to support the body and eliminate pressure points while the underlying I-beam air chambers create loft and stabilize the sleeping pad. The air and foam combination strikes the perfect balance between comfort, pack size, and weight.\" \/>\n<meta property=\"og:url\" content=\"https:\/\/ksproducts.ca\/fr\/product\/tapis-de-couchage-klymaloft-klymit\/\" \/>\n<meta property=\"og:site_name\" content=\"Ks Products\" \/>\n<meta property=\"og:image\" content=\"https:\/\/ksproducts.ca\/wp-content\/uploads\/2026\/03\/Klymit-Klymaloft-Sleeping-Pad.webp\" \/>\n\t<meta property=\"og:image:width\" content=\"800\" \/>\n\t<meta property=\"og:image:height\" content=\"800\" \/>\n\t<meta property=\"og:image:type\" content=\"image\/webp\" \/>\n<meta name=\"twitter:card\" content=\"summary_large_image\" \/>\n<meta name=\"twitter:label1\" content=\"Estimation du temps de lecture\" \/>\n\t<meta name=\"twitter:data1\" content=\"1 minute\" \/>\n<script type=\"application\/ld+json\" class=\"yoast-schema-graph\">{\"@context\":\"https:\\\/\\\/schema.org\",\"@graph\":[{\"@type\":\"WebPage\",\"@id\":\"https:\\\/\\\/ksproducts.ca\\\/product\\\/klymit-klymaloft-sleeping-pad\\\/\",\"url\":\"https:\\\/\\\/ksproducts.ca\\\/product\\\/klymit-klymaloft-sleeping-pad\\\/\",\"name\":\"Klymit Klymaloft Sleeping Pad - Ks Products\",\"isPartOf\":{\"@id\":\"https:\\\/\\\/ksproducts.ca\\\/#website\"},\"primaryImageOfPage\":{\"@id\":\"https:\\\/\\\/ksproducts.ca\\\/product\\\/klymit-klymaloft-sleeping-pad\\\/#primaryimage\"},\"image\":{\"@id\":\"https:\\\/\\\/ksproducts.ca\\\/product\\\/klymit-klymaloft-sleeping-pad\\\/#primaryimage\"},\"thumbnailUrl\":\"https:\\\/\\\/ksproducts.ca\\\/wp-content\\\/uploads\\\/2026\\\/03\\\/Klymit-Klymaloft-Sleeping-Pad.webp\",\"datePublished\":\"2026-03-04T13:39:01+00:00\",\"breadcrumb\":{\"@id\":\"https:\\\/\\\/ksproducts.ca\\\/product\\\/klymit-klymaloft-sleeping-pad\\\/#breadcrumb\"},\"inLanguage\":\"fr-CA\",\"potentialAction\":[{\"@type\":\"ReadAction\",\"target\":[\"https:\\\/\\\/ksproducts.ca\\\/product\\\/klymit-klymaloft-sleeping-pad\\\/\"]}]},{\"@type\":\"ImageObject\",\"inLanguage\":\"fr-CA\",\"@id\":\"https:\\\/\\\/ksproducts.ca\\\/product\\\/klymit-klymaloft-sleeping-pad\\\/#primaryimage\",\"url\":\"https:\\\/\\\/ksproducts.ca\\\/wp-content\\\/uploads\\\/2026\\\/03\\\/Klymit-Klymaloft-Sleeping-Pad.webp\",\"contentUrl\":\"https:\\\/\\\/ksproducts.ca\\\/wp-content\\\/uploads\\\/2026\\\/03\\\/Klymit-Klymaloft-Sleeping-Pad.webp\",\"width\":800,\"height\":800,\"caption\":\"Klymit Klymaloft Sleeping Pad\"},{\"@type\":\"BreadcrumbList\",\"@id\":\"https:\\\/\\\/ksproducts.ca\\\/product\\\/klymit-klymaloft-sleeping-pad\\\/#breadcrumb\",\"itemListElement\":[{\"@type\":\"ListItem\",\"position\":1,\"name\":\"Home\",\"item\":\"https:\\\/\\\/ksproducts.ca\\\/\"},{\"@type\":\"ListItem\",\"position\":2,\"name\":\"Shop\",\"item\":\"https:\\\/\\\/ksproducts.ca\\\/shop\\\/\"},{\"@type\":\"ListItem\",\"position\":3,\"name\":\"Klymit Klymaloft Sleeping Pad\"}]},{\"@type\":\"WebSite\",\"@id\":\"https:\\\/\\\/ksproducts.ca\\\/#website\",\"url\":\"https:\\\/\\\/ksproducts.ca\\\/\",\"name\":\"Ks Products\",\"description\":\"Outdoor cooking and living, made easy in Canada\",\"publisher\":{\"@id\":\"https:\\\/\\\/ksproducts.ca\\\/#organization\"},\"potentialAction\":[{\"@type\":\"SearchAction\",\"target\":{\"@type\":\"EntryPoint\",\"urlTemplate\":\"https:\\\/\\\/ksproducts.ca\\\/?s={search_term_string}\"},\"query-input\":{\"@type\":\"PropertyValueSpecification\",\"valueRequired\":true,\"valueName\":\"search_term_string\"}}],\"inLanguage\":\"fr-CA\"},{\"@type\":\"Organization\",\"@id\":\"https:\\\/\\\/ksproducts.ca\\\/#organization\",\"name\":\"Ks Products\",\"url\":\"https:\\\/\\\/ksproducts.ca\\\/\",\"logo\":{\"@type\":\"ImageObject\",\"inLanguage\":\"fr-CA\",\"@id\":\"https:\\\/\\\/ksproducts.ca\\\/#\\\/schema\\\/logo\\\/image\\\/\",\"url\":\"https:\\\/\\\/ksproducts.ca\\\/wp-content\\\/uploads\\\/2023\\\/09\\\/Kennedy-Sales-Logo-header-1.png\",\"contentUrl\":\"https:\\\/\\\/ksproducts.ca\\\/wp-content\\\/uploads\\\/2023\\\/09\\\/Kennedy-Sales-Logo-header-1.png\",\"width\":150,\"height\":77,\"caption\":\"Ks Products\"},\"image\":{\"@id\":\"https:\\\/\\\/ksproducts.ca\\\/#\\\/schema\\\/logo\\\/image\\\/\"}}]}<\/script>\n<!-- \/ Yoast SEO plugin. -->","yoast_head_json":{"title":"Klymit Klymaloft Matelas de couchage - Produits Ks","robots":{"index":"index","follow":"follow","max-snippet":"max-snippet:-1","max-image-preview":"max-image-preview:large","max-video-preview":"max-video-preview:-1"},"canonical":"https:\/\/ksproducts.ca\/fr\/product\/tapis-de-couchage-klymaloft-klymit\/","og_locale":"fr_CA","og_type":"article","og_title":"Klymit Klymaloft Sleeping Pad - Ks Products","og_description":"The Klymaloft\u2122 sleeping pad features an innovative foam and air design to deliver premium sleep comfort. A plush foam topper conforms to support the body and eliminate pressure points while the underlying I-beam air chambers create loft and stabilize the sleeping pad. The air and foam combination strikes the perfect balance between comfort, pack size, and weight.","og_url":"https:\/\/ksproducts.ca\/fr\/product\/tapis-de-couchage-klymaloft-klymit\/","og_site_name":"Ks Products","og_image":[{"width":800,"height":800,"url":"https:\/\/ksproducts.ca\/wp-content\/uploads\/2026\/03\/Klymit-Klymaloft-Sleeping-Pad.webp","type":"image\/webp"}],"twitter_card":"summary_large_image","twitter_misc":{"Estimation du temps de lecture":"1 minute"},"schema":{"@context":"https:\/\/schema.org","@graph":[{"@type":"WebPage","@id":"https:\/\/ksproducts.ca\/product\/klymit-klymaloft-sleeping-pad\/","url":"https:\/\/ksproducts.ca\/product\/klymit-klymaloft-sleeping-pad\/","name":"Klymit Klymaloft Matelas de couchage - Produits Ks","isPartOf":{"@id":"https:\/\/ksproducts.ca\/#website"},"primaryImageOfPage":{"@id":"https:\/\/ksproducts.ca\/product\/klymit-klymaloft-sleeping-pad\/#primaryimage"},"image":{"@id":"https:\/\/ksproducts.ca\/product\/klymit-klymaloft-sleeping-pad\/#primaryimage"},"thumbnailUrl":"https:\/\/ksproducts.ca\/wp-content\/uploads\/2026\/03\/Klymit-Klymaloft-Sleeping-Pad.webp","datePublished":"2026-03-04T13:39:01+00:00","breadcrumb":{"@id":"https:\/\/ksproducts.ca\/product\/klymit-klymaloft-sleeping-pad\/#breadcrumb"},"inLanguage":"fr-CA","potentialAction":[{"@type":"ReadAction","target":["https:\/\/ksproducts.ca\/product\/klymit-klymaloft-sleeping-pad\/"]}]},{"@type":"ImageObject","inLanguage":"fr-CA","@id":"https:\/\/ksproducts.ca\/product\/klymit-klymaloft-sleeping-pad\/#primaryimage","url":"https:\/\/ksproducts.ca\/wp-content\/uploads\/2026\/03\/Klymit-Klymaloft-Sleeping-Pad.webp","contentUrl":"https:\/\/ksproducts.ca\/wp-content\/uploads\/2026\/03\/Klymit-Klymaloft-Sleeping-Pad.webp","width":800,"height":800,"caption":"Klymit Klymaloft Sleeping Pad"},{"@type":"BreadcrumbList","@id":"https:\/\/ksproducts.ca\/product\/klymit-klymaloft-sleeping-pad\/#breadcrumb","itemListElement":[{"@type":"ListItem","position":1,"name":"Home","item":"https:\/\/ksproducts.ca\/"},{"@type":"ListItem","position":2,"name":"Shop","item":"https:\/\/ksproducts.ca\/shop\/"},{"@type":"ListItem","position":3,"name":"Klymit Klymaloft Sleeping Pad"}]},{"@type":"WebSite","@id":"https:\/\/ksproducts.ca\/#website","url":"https:\/\/ksproducts.ca\/","name":"Produits Ks","description":"Cuisiner et vivre en plein air, c'est facile au Canada","publisher":{"@id":"https:\/\/ksproducts.ca\/#organization"},"potentialAction":[{"@type":"SearchAction","target":{"@type":"EntryPoint","urlTemplate":"https:\/\/ksproducts.ca\/?s={search_term_string}"},"query-input":{"@type":"PropertyValueSpecification","valueRequired":true,"valueName":"search_term_string"}}],"inLanguage":"fr-CA"},{"@type":"Organization","@id":"https:\/\/ksproducts.ca\/#organization","name":"Produits Ks","url":"https:\/\/ksproducts.ca\/","logo":{"@type":"ImageObject","inLanguage":"fr-CA","@id":"https:\/\/ksproducts.ca\/#\/schema\/logo\/image\/","url":"https:\/\/ksproducts.ca\/wp-content\/uploads\/2023\/09\/Kennedy-Sales-Logo-header-1.png","contentUrl":"https:\/\/ksproducts.ca\/wp-content\/uploads\/2023\/09\/Kennedy-Sales-Logo-header-1.png","width":150,"height":77,"caption":"Ks Products"},"image":{"@id":"https:\/\/ksproducts.ca\/#\/schema\/logo\/image\/"}}]}},"_links":{"self":[{"href":"https:\/\/ksproducts.ca\/fr\/wp-json\/wp\/v2\/product\/11375","targetHints":{"allow":["GET"]}}],"collection":[{"href":"https:\/\/ksproducts.ca\/fr\/wp-json\/wp\/v2\/product"}],"about":[{"href":"https:\/\/ksproducts.ca\/fr\/wp-json\/wp\/v2\/types\/product"}],"replies":[{"embeddable":true,"href":"https:\/\/ksproducts.ca\/fr\/wp-json\/wp\/v2\/comments?post=11375"}],"version-history":[{"count":1,"href":"https:\/\/ksproducts.ca\/fr\/wp-json\/wp\/v2\/product\/11375\/revisions"}],"predecessor-version":[{"id":11378,"href":"https:\/\/ksproducts.ca\/fr\/wp-json\/wp\/v2\/product\/11375\/revisions\/11378"}],"wp:featuredmedia":[{"embeddable":true,"href":"https:\/\/ksproducts.ca\/fr\/wp-json\/wp\/v2\/media\/11377"}],"wp:attachment":[{"href":"https:\/\/ksproducts.ca\/fr\/wp-json\/wp\/v2\/media?parent=11375"}],"wp:term":[{"taxonomy":"product_cat","embeddable":true,"href":"https:\/\/ksproducts.ca\/fr\/wp-json\/wp\/v2\/product_cat?post=11375"},{"taxonomy":"product_tag","embeddable":true,"href":"https:\/\/ksproducts.ca\/fr\/wp-json\/wp\/v2\/product_tag?post=11375"}],"curies":[{"name":"wp","href":"https:\/\/api.w.org\/{rel}","templated":true}]}}