{"id":11379,"date":"2026-03-04T13:42:42","date_gmt":"2026-03-04T13:42:42","guid":{"rendered":"https:\/\/ksproducts.ca\/?post_type=product&#038;p=11379"},"modified":"2026-03-04T13:42:43","modified_gmt":"2026-03-04T13:42:43","slug":"klymit-klymaloft-matelas-xl","status":"publish","type":"product","link":"https:\/\/ksproducts.ca\/fr\/product\/klymit-klymaloft-sleeping-pad-xl\/","title":{"rendered":"Matelas de couchage Klymit Klymaloft - XL"},"content":{"rendered":"<ul class=\"nl-features__list\" data-testid=\"features\">\n<li>\n<p class=\"nl-features__information\">Conforme pour soutenir le corps et \u00e9liminer les points de pression<\/p>\n<\/li>\n<li>\n<p class=\"nl-features__information\">Les chambres \u00e0 air en forme de I cr\u00e9ent du volume et stabilisent le matelas de sol<\/p>\n<\/li>\n<li>\n<p class=\"nl-features__information\">Taille XL<\/p>\n<\/li>\n<li>\n<p class=\"nl-features__information\">Garantie \u00e0 vie limit\u00e9e Klymit<\/p>\n<\/li>\n<li>\n<p class=\"nl-features__information\">Le tissu en polyester extensible est doux et silencieux<\/p>\n<\/li>\n<li>\n<p class=\"nl-features__information\">La combinaison air et mousse frappe le juste \u00e9quilibre entre confort, compacit\u00e9 et poids<\/p>\n<\/li>\n<li>\n<p class=\"nl-features__information\">Gonflage par valve invers\u00e9e<\/p>\n<\/li>\n<li>\n<p class=\"nl-features__information\">Trousse de r\u00e9paration et sac de rangement inclus<\/p>\n<\/li>\n<li>\n<p class=\"nl-features__information\">Conception en instance de brevet<\/p>\n<\/li>\n<\/ul>","protected":false},"excerpt":{"rendered":"<p>Le matelas de couchage Klymaloft\u2122 XL est dot\u00e9 d'une conception innovante de mousse et d'air pour offrir un confort de sommeil haut de gamme. Un surmatelas en mousse moelleuse se conforme pour soutenir le corps et \u00e9liminer les points de pression, tandis que les chambres \u00e0 air sous-jacentes en forme de poutre en I cr\u00e9ent un loft et stabilisent le matelas de couchage. La combinaison de l'air et de la mousse offre un \u00e9quilibre parfait entre le confort, l'encombrement et le poids.<\/p>","protected":false},"featured_media":11380,"comment_status":"open","ping_status":"closed","template":"","meta":[],"product_cat":[431],"product_tag":[],"class_list":{"0":"post-11379","1":"product","2":"type-product","3":"status-publish","4":"has-post-thumbnail","6":"product_cat-camping-rv-essentials","7":"product_shipping_class-class-1","9":"first","10":"instock","11":"taxable","12":"shipping-taxable","13":"purchasable","14":"product-type-simple"},"yoast_head":"<!-- This site is optimized with the Yoast SEO plugin v27.4 - https:\/\/yoast.com\/product\/yoast-seo-wordpress\/ -->\n<title>Klymit Klymaloft Sleeping Pad - XL - Ks Products<\/title>\n<meta name=\"robots\" content=\"index, follow, max-snippet:-1, max-image-preview:large, max-video-preview:-1\" \/>\n<link rel=\"canonical\" href=\"https:\/\/ksproducts.ca\/fr\/product\/klymit-klymaloft-matelas-xl\/\" \/>\n<meta property=\"og:locale\" content=\"fr_CA\" \/>\n<meta property=\"og:type\" content=\"article\" \/>\n<meta property=\"og:title\" content=\"Klymit Klymaloft Sleeping Pad - XL - Ks Products\" \/>\n<meta property=\"og:description\" content=\"The Klymaloft\u2122 XL sleeping pad features an innovative foam and air design to deliver premium sleep comfort. A plush foam topper conforms to support the body and eliminate pressure points while the underlying I-beam air chambers create loft and stabilize the sleeping pad. The air and foam combination strikes the perfect balance between comfort, pack size, and weight\" \/>\n<meta property=\"og:url\" content=\"https:\/\/ksproducts.ca\/fr\/product\/klymit-klymaloft-matelas-xl\/\" \/>\n<meta property=\"og:site_name\" content=\"Ks Products\" \/>\n<meta property=\"article:modified_time\" content=\"2026-03-04T13:42:43+00:00\" \/>\n<meta property=\"og:image\" content=\"https:\/\/ksproducts.ca\/wp-content\/uploads\/2026\/03\/06KLGR01D.jpg\" \/>\n\t<meta property=\"og:image:width\" content=\"800\" \/>\n\t<meta property=\"og:image:height\" content=\"800\" \/>\n\t<meta property=\"og:image:type\" content=\"image\/jpeg\" \/>\n<meta name=\"twitter:card\" content=\"summary_large_image\" \/>\n<meta name=\"twitter:label1\" content=\"Estimation du temps de lecture\" \/>\n\t<meta name=\"twitter:data1\" content=\"1 minute\" \/>\n<script type=\"application\/ld+json\" class=\"yoast-schema-graph\">{\"@context\":\"https:\\\/\\\/schema.org\",\"@graph\":[{\"@type\":\"WebPage\",\"@id\":\"https:\\\/\\\/ksproducts.ca\\\/product\\\/klymit-klymaloft-sleeping-pad-xl\\\/\",\"url\":\"https:\\\/\\\/ksproducts.ca\\\/product\\\/klymit-klymaloft-sleeping-pad-xl\\\/\",\"name\":\"Klymit Klymaloft Sleeping Pad - XL - Ks Products\",\"isPartOf\":{\"@id\":\"https:\\\/\\\/ksproducts.ca\\\/#website\"},\"primaryImageOfPage\":{\"@id\":\"https:\\\/\\\/ksproducts.ca\\\/product\\\/klymit-klymaloft-sleeping-pad-xl\\\/#primaryimage\"},\"image\":{\"@id\":\"https:\\\/\\\/ksproducts.ca\\\/product\\\/klymit-klymaloft-sleeping-pad-xl\\\/#primaryimage\"},\"thumbnailUrl\":\"https:\\\/\\\/ksproducts.ca\\\/wp-content\\\/uploads\\\/2026\\\/03\\\/06KLGR01D.jpg\",\"datePublished\":\"2026-03-04T13:42:42+00:00\",\"dateModified\":\"2026-03-04T13:42:43+00:00\",\"breadcrumb\":{\"@id\":\"https:\\\/\\\/ksproducts.ca\\\/product\\\/klymit-klymaloft-sleeping-pad-xl\\\/#breadcrumb\"},\"inLanguage\":\"fr-CA\",\"potentialAction\":[{\"@type\":\"ReadAction\",\"target\":[\"https:\\\/\\\/ksproducts.ca\\\/product\\\/klymit-klymaloft-sleeping-pad-xl\\\/\"]}]},{\"@type\":\"ImageObject\",\"inLanguage\":\"fr-CA\",\"@id\":\"https:\\\/\\\/ksproducts.ca\\\/product\\\/klymit-klymaloft-sleeping-pad-xl\\\/#primaryimage\",\"url\":\"https:\\\/\\\/ksproducts.ca\\\/wp-content\\\/uploads\\\/2026\\\/03\\\/06KLGR01D.jpg\",\"contentUrl\":\"https:\\\/\\\/ksproducts.ca\\\/wp-content\\\/uploads\\\/2026\\\/03\\\/06KLGR01D.jpg\",\"width\":800,\"height\":800,\"caption\":\"Klymit Klymaloft Sleeping Pad - XL\"},{\"@type\":\"BreadcrumbList\",\"@id\":\"https:\\\/\\\/ksproducts.ca\\\/product\\\/klymit-klymaloft-sleeping-pad-xl\\\/#breadcrumb\",\"itemListElement\":[{\"@type\":\"ListItem\",\"position\":1,\"name\":\"Home\",\"item\":\"https:\\\/\\\/ksproducts.ca\\\/\"},{\"@type\":\"ListItem\",\"position\":2,\"name\":\"Shop\",\"item\":\"https:\\\/\\\/ksproducts.ca\\\/shop\\\/\"},{\"@type\":\"ListItem\",\"position\":3,\"name\":\"Klymit Klymaloft Sleeping Pad &#8211; XL\"}]},{\"@type\":\"WebSite\",\"@id\":\"https:\\\/\\\/ksproducts.ca\\\/#website\",\"url\":\"https:\\\/\\\/ksproducts.ca\\\/\",\"name\":\"Ks Products\",\"description\":\"Outdoor cooking and living, made easy in Canada\",\"publisher\":{\"@id\":\"https:\\\/\\\/ksproducts.ca\\\/#organization\"},\"potentialAction\":[{\"@type\":\"SearchAction\",\"target\":{\"@type\":\"EntryPoint\",\"urlTemplate\":\"https:\\\/\\\/ksproducts.ca\\\/?s={search_term_string}\"},\"query-input\":{\"@type\":\"PropertyValueSpecification\",\"valueRequired\":true,\"valueName\":\"search_term_string\"}}],\"inLanguage\":\"fr-CA\"},{\"@type\":\"Organization\",\"@id\":\"https:\\\/\\\/ksproducts.ca\\\/#organization\",\"name\":\"Ks Products\",\"url\":\"https:\\\/\\\/ksproducts.ca\\\/\",\"logo\":{\"@type\":\"ImageObject\",\"inLanguage\":\"fr-CA\",\"@id\":\"https:\\\/\\\/ksproducts.ca\\\/#\\\/schema\\\/logo\\\/image\\\/\",\"url\":\"https:\\\/\\\/ksproducts.ca\\\/wp-content\\\/uploads\\\/2023\\\/09\\\/Kennedy-Sales-Logo-header-1.png\",\"contentUrl\":\"https:\\\/\\\/ksproducts.ca\\\/wp-content\\\/uploads\\\/2023\\\/09\\\/Kennedy-Sales-Logo-header-1.png\",\"width\":150,\"height\":77,\"caption\":\"Ks Products\"},\"image\":{\"@id\":\"https:\\\/\\\/ksproducts.ca\\\/#\\\/schema\\\/logo\\\/image\\\/\"}}]}<\/script>\n<!-- \/ Yoast SEO plugin. -->","yoast_head_json":{"title":"Klymit Klymaloft matelas de camping - XL - Ks Products","robots":{"index":"index","follow":"follow","max-snippet":"max-snippet:-1","max-image-preview":"max-image-preview:large","max-video-preview":"max-video-preview:-1"},"canonical":"https:\/\/ksproducts.ca\/fr\/product\/klymit-klymaloft-matelas-xl\/","og_locale":"fr_CA","og_type":"article","og_title":"Klymit Klymaloft Sleeping Pad - XL - Ks Products","og_description":"The Klymaloft\u2122 XL sleeping pad features an innovative foam and air design to deliver premium sleep comfort. A plush foam topper conforms to support the body and eliminate pressure points while the underlying I-beam air chambers create loft and stabilize the sleeping pad. The air and foam combination strikes the perfect balance between comfort, pack size, and weight","og_url":"https:\/\/ksproducts.ca\/fr\/product\/klymit-klymaloft-matelas-xl\/","og_site_name":"Ks Products","article_modified_time":"2026-03-04T13:42:43+00:00","og_image":[{"width":800,"height":800,"url":"https:\/\/ksproducts.ca\/wp-content\/uploads\/2026\/03\/06KLGR01D.jpg","type":"image\/jpeg"}],"twitter_card":"summary_large_image","twitter_misc":{"Estimation du temps de lecture":"1 minute"},"schema":{"@context":"https:\/\/schema.org","@graph":[{"@type":"WebPage","@id":"https:\/\/ksproducts.ca\/product\/klymit-klymaloft-sleeping-pad-xl\/","url":"https:\/\/ksproducts.ca\/product\/klymit-klymaloft-sleeping-pad-xl\/","name":"Klymit Klymaloft matelas de camping - XL - Ks Products","isPartOf":{"@id":"https:\/\/ksproducts.ca\/#website"},"primaryImageOfPage":{"@id":"https:\/\/ksproducts.ca\/product\/klymit-klymaloft-sleeping-pad-xl\/#primaryimage"},"image":{"@id":"https:\/\/ksproducts.ca\/product\/klymit-klymaloft-sleeping-pad-xl\/#primaryimage"},"thumbnailUrl":"https:\/\/ksproducts.ca\/wp-content\/uploads\/2026\/03\/06KLGR01D.jpg","datePublished":"2026-03-04T13:42:42+00:00","dateModified":"2026-03-04T13:42:43+00:00","breadcrumb":{"@id":"https:\/\/ksproducts.ca\/product\/klymit-klymaloft-sleeping-pad-xl\/#breadcrumb"},"inLanguage":"fr-CA","potentialAction":[{"@type":"ReadAction","target":["https:\/\/ksproducts.ca\/product\/klymit-klymaloft-sleeping-pad-xl\/"]}]},{"@type":"ImageObject","inLanguage":"fr-CA","@id":"https:\/\/ksproducts.ca\/product\/klymit-klymaloft-sleeping-pad-xl\/#primaryimage","url":"https:\/\/ksproducts.ca\/wp-content\/uploads\/2026\/03\/06KLGR01D.jpg","contentUrl":"https:\/\/ksproducts.ca\/wp-content\/uploads\/2026\/03\/06KLGR01D.jpg","width":800,"height":800,"caption":"Klymit Klymaloft Sleeping Pad - XL"},{"@type":"BreadcrumbList","@id":"https:\/\/ksproducts.ca\/product\/klymit-klymaloft-sleeping-pad-xl\/#breadcrumb","itemListElement":[{"@type":"ListItem","position":1,"name":"Home","item":"https:\/\/ksproducts.ca\/"},{"@type":"ListItem","position":2,"name":"Shop","item":"https:\/\/ksproducts.ca\/shop\/"},{"@type":"ListItem","position":3,"name":"Klymit Klymaloft Sleeping Pad &#8211; XL"}]},{"@type":"WebSite","@id":"https:\/\/ksproducts.ca\/#website","url":"https:\/\/ksproducts.ca\/","name":"Produits Ks","description":"Cuisiner et vivre en plein air, c'est facile au Canada","publisher":{"@id":"https:\/\/ksproducts.ca\/#organization"},"potentialAction":[{"@type":"SearchAction","target":{"@type":"EntryPoint","urlTemplate":"https:\/\/ksproducts.ca\/?s={search_term_string}"},"query-input":{"@type":"PropertyValueSpecification","valueRequired":true,"valueName":"search_term_string"}}],"inLanguage":"fr-CA"},{"@type":"Organization","@id":"https:\/\/ksproducts.ca\/#organization","name":"Produits Ks","url":"https:\/\/ksproducts.ca\/","logo":{"@type":"ImageObject","inLanguage":"fr-CA","@id":"https:\/\/ksproducts.ca\/#\/schema\/logo\/image\/","url":"https:\/\/ksproducts.ca\/wp-content\/uploads\/2023\/09\/Kennedy-Sales-Logo-header-1.png","contentUrl":"https:\/\/ksproducts.ca\/wp-content\/uploads\/2023\/09\/Kennedy-Sales-Logo-header-1.png","width":150,"height":77,"caption":"Ks Products"},"image":{"@id":"https:\/\/ksproducts.ca\/#\/schema\/logo\/image\/"}}]}},"_links":{"self":[{"href":"https:\/\/ksproducts.ca\/fr\/wp-json\/wp\/v2\/product\/11379","targetHints":{"allow":["GET"]}}],"collection":[{"href":"https:\/\/ksproducts.ca\/fr\/wp-json\/wp\/v2\/product"}],"about":[{"href":"https:\/\/ksproducts.ca\/fr\/wp-json\/wp\/v2\/types\/product"}],"replies":[{"embeddable":true,"href":"https:\/\/ksproducts.ca\/fr\/wp-json\/wp\/v2\/comments?post=11379"}],"version-history":[{"count":1,"href":"https:\/\/ksproducts.ca\/fr\/wp-json\/wp\/v2\/product\/11379\/revisions"}],"predecessor-version":[{"id":11381,"href":"https:\/\/ksproducts.ca\/fr\/wp-json\/wp\/v2\/product\/11379\/revisions\/11381"}],"wp:featuredmedia":[{"embeddable":true,"href":"https:\/\/ksproducts.ca\/fr\/wp-json\/wp\/v2\/media\/11380"}],"wp:attachment":[{"href":"https:\/\/ksproducts.ca\/fr\/wp-json\/wp\/v2\/media?parent=11379"}],"wp:term":[{"taxonomy":"product_cat","embeddable":true,"href":"https:\/\/ksproducts.ca\/fr\/wp-json\/wp\/v2\/product_cat?post=11379"},{"taxonomy":"product_tag","embeddable":true,"href":"https:\/\/ksproducts.ca\/fr\/wp-json\/wp\/v2\/product_tag?post=11379"}],"curies":[{"name":"wp","href":"https:\/\/api.w.org\/{rel}","templated":true}]}}