{"id":11382,"date":"2026-03-04T13:47:20","date_gmt":"2026-03-04T13:47:20","guid":{"rendered":"https:\/\/ksproducts.ca\/?post_type=product&#038;p=11382"},"modified":"2026-03-04T13:47:20","modified_gmt":"2026-03-04T13:47:20","slug":"tapis-de-sol-klymit-static-v","status":"publish","type":"product","link":"https:\/\/ksproducts.ca\/fr\/product\/klymit-static-v-sleeping-pad\/","title":{"rendered":"Matelas de couchage Klymit Static V"},"content":{"rendered":"<ul>\n<li><strong>Technologie de cartographie corporelle<\/strong>Notre conception brevet\u00e9e en V offre soutien et confort, quelle que soit votre position de sommeil \u2013 sur le c\u00f4t\u00e9, sur le ventre ou sur le dos.<\/li>\n<li><strong>Corrim\u00e3os<\/strong>Int\u00e9gr\u00e9s au motif et \u00e0 la construction, ils offrent un sommeil s\u00fbr et confortable en vous centrant sur le matelas et en inhibant les mouvements de l'air pendant que vous bougez pendant votre sommeil.<\/li>\n<li><strong>Mod\u00e9lisation de soudures profondes<\/strong>Contrairement aux coussinets traditionnels qui aplatissent le garnissage du sac, les soudures profondes cr\u00e9ent des zones d'expansion qui permettent \u00e0 votre sac de se gonfler compl\u00e8tement sous vous pour un meilleur confort thermique.<\/li>\n<li><strong>Valve<\/strong>: S\u00e9curis\u00e9 et simple, il permet le gonflage en aussi peu que 10 respirations et s'ouvre largement pour un d\u00e9gonflage rapide et complet. Le tapis bleu est livr\u00e9 avec un\u00a0<strong>Torsion<\/strong>\u00a0<strong>Valve<\/strong>, tandis que les variantes verte et de reconnaissance arborent une\u00a0<strong>Retourner<\/strong>\u00a0<strong>Valve<\/strong><\/li>\n<li>Kit de r\u00e9paration inclus pour les r\u00e9parations d'urgence<\/li>\n<\/ul>","protected":false},"excerpt":{"rendered":"<p>Le coussin d'air original \u00e0 chambres en V qui a chang\u00e9 la fa\u00e7on dont les gens dorment \u00e0 l'ext\u00e9rieur\u2122. Le Static V\u2122 est le premier coussin d'air l\u00e9ger et pliable au monde qui int\u00e8gre des chambres de cartographie corporelle pour un confort ultime. La conception exclusive des chambres en V \u00e9pouse la forme de votre corps tout en conservant des poches d'air amples et gonfl\u00e9es. R\u00e9sultat : les dormeurs sur le c\u00f4t\u00e9, sur le dos et sur le ventre peuvent tous se reposer confortablement sur un lit d'air g\u00e9n\u00e9reux.<\/p>","protected":false},"featured_media":11383,"comment_status":"open","ping_status":"closed","template":"","meta":[],"product_cat":[431],"product_tag":[],"class_list":{"0":"post-11382","1":"product","2":"type-product","3":"status-publish","4":"has-post-thumbnail","6":"product_cat-camping-rv-essentials","7":"product_shipping_class-class-1","9":"first","10":"instock","11":"taxable","12":"shipping-taxable","13":"purchasable","14":"product-type-simple"},"yoast_head":"<!-- This site is optimized with the Yoast SEO plugin v27.4 - https:\/\/yoast.com\/product\/yoast-seo-wordpress\/ -->\n<title>Klymit Static V Sleeping Pad - Ks Products<\/title>\n<meta name=\"robots\" content=\"index, follow, max-snippet:-1, max-image-preview:large, max-video-preview:-1\" \/>\n<link rel=\"canonical\" href=\"https:\/\/ksproducts.ca\/fr\/product\/tapis-de-sol-klymit-static-v\/\" \/>\n<meta property=\"og:locale\" content=\"fr_CA\" \/>\n<meta property=\"og:type\" content=\"article\" \/>\n<meta property=\"og:title\" content=\"Klymit Static V Sleeping Pad - Ks Products\" \/>\n<meta property=\"og:description\" content=\"The original V-Chambered air pad that changed the way people Sleep Outside\u2122. The Static V\u2122 is the world\u2019s first lightweight, packable air pad that incorporates body-mapping chambers for ultimate comfort. The exclusive V-Chamber design conforms to the shape of your body while maintaining ample, lofted air pockets. The result: side, back, and stomach sleepers can all rest comfortably on a generous bed of air.\" \/>\n<meta property=\"og:url\" content=\"https:\/\/ksproducts.ca\/fr\/product\/tapis-de-sol-klymit-static-v\/\" \/>\n<meta property=\"og:site_name\" content=\"Ks Products\" \/>\n<meta property=\"og:image\" content=\"https:\/\/ksproducts.ca\/wp-content\/uploads\/2026\/03\/Klymit-Static-V-Sleeping-Pad.webp\" \/>\n\t<meta property=\"og:image:width\" content=\"800\" \/>\n\t<meta property=\"og:image:height\" content=\"800\" \/>\n\t<meta property=\"og:image:type\" content=\"image\/webp\" \/>\n<meta name=\"twitter:card\" content=\"summary_large_image\" \/>\n<meta name=\"twitter:label1\" content=\"Estimation du temps de lecture\" \/>\n\t<meta name=\"twitter:data1\" content=\"1 minute\" \/>\n<script type=\"application\/ld+json\" class=\"yoast-schema-graph\">{\"@context\":\"https:\\\/\\\/schema.org\",\"@graph\":[{\"@type\":\"WebPage\",\"@id\":\"https:\\\/\\\/ksproducts.ca\\\/product\\\/klymit-static-v-sleeping-pad\\\/\",\"url\":\"https:\\\/\\\/ksproducts.ca\\\/product\\\/klymit-static-v-sleeping-pad\\\/\",\"name\":\"Klymit Static V Sleeping Pad - Ks Products\",\"isPartOf\":{\"@id\":\"https:\\\/\\\/ksproducts.ca\\\/#website\"},\"primaryImageOfPage\":{\"@id\":\"https:\\\/\\\/ksproducts.ca\\\/product\\\/klymit-static-v-sleeping-pad\\\/#primaryimage\"},\"image\":{\"@id\":\"https:\\\/\\\/ksproducts.ca\\\/product\\\/klymit-static-v-sleeping-pad\\\/#primaryimage\"},\"thumbnailUrl\":\"https:\\\/\\\/ksproducts.ca\\\/wp-content\\\/uploads\\\/2026\\\/03\\\/Klymit-Static-V-Sleeping-Pad.webp\",\"datePublished\":\"2026-03-04T13:47:20+00:00\",\"breadcrumb\":{\"@id\":\"https:\\\/\\\/ksproducts.ca\\\/product\\\/klymit-static-v-sleeping-pad\\\/#breadcrumb\"},\"inLanguage\":\"fr-CA\",\"potentialAction\":[{\"@type\":\"ReadAction\",\"target\":[\"https:\\\/\\\/ksproducts.ca\\\/product\\\/klymit-static-v-sleeping-pad\\\/\"]}]},{\"@type\":\"ImageObject\",\"inLanguage\":\"fr-CA\",\"@id\":\"https:\\\/\\\/ksproducts.ca\\\/product\\\/klymit-static-v-sleeping-pad\\\/#primaryimage\",\"url\":\"https:\\\/\\\/ksproducts.ca\\\/wp-content\\\/uploads\\\/2026\\\/03\\\/Klymit-Static-V-Sleeping-Pad.webp\",\"contentUrl\":\"https:\\\/\\\/ksproducts.ca\\\/wp-content\\\/uploads\\\/2026\\\/03\\\/Klymit-Static-V-Sleeping-Pad.webp\",\"width\":800,\"height\":800,\"caption\":\"Klymit Static V Sleeping Pad\"},{\"@type\":\"BreadcrumbList\",\"@id\":\"https:\\\/\\\/ksproducts.ca\\\/product\\\/klymit-static-v-sleeping-pad\\\/#breadcrumb\",\"itemListElement\":[{\"@type\":\"ListItem\",\"position\":1,\"name\":\"Home\",\"item\":\"https:\\\/\\\/ksproducts.ca\\\/\"},{\"@type\":\"ListItem\",\"position\":2,\"name\":\"Shop\",\"item\":\"https:\\\/\\\/ksproducts.ca\\\/shop\\\/\"},{\"@type\":\"ListItem\",\"position\":3,\"name\":\"Klymit Static V Sleeping Pad\"}]},{\"@type\":\"WebSite\",\"@id\":\"https:\\\/\\\/ksproducts.ca\\\/#website\",\"url\":\"https:\\\/\\\/ksproducts.ca\\\/\",\"name\":\"Ks Products\",\"description\":\"Outdoor cooking and living, made easy in Canada\",\"publisher\":{\"@id\":\"https:\\\/\\\/ksproducts.ca\\\/#organization\"},\"potentialAction\":[{\"@type\":\"SearchAction\",\"target\":{\"@type\":\"EntryPoint\",\"urlTemplate\":\"https:\\\/\\\/ksproducts.ca\\\/?s={search_term_string}\"},\"query-input\":{\"@type\":\"PropertyValueSpecification\",\"valueRequired\":true,\"valueName\":\"search_term_string\"}}],\"inLanguage\":\"fr-CA\"},{\"@type\":\"Organization\",\"@id\":\"https:\\\/\\\/ksproducts.ca\\\/#organization\",\"name\":\"Ks Products\",\"url\":\"https:\\\/\\\/ksproducts.ca\\\/\",\"logo\":{\"@type\":\"ImageObject\",\"inLanguage\":\"fr-CA\",\"@id\":\"https:\\\/\\\/ksproducts.ca\\\/#\\\/schema\\\/logo\\\/image\\\/\",\"url\":\"https:\\\/\\\/ksproducts.ca\\\/wp-content\\\/uploads\\\/2023\\\/09\\\/Kennedy-Sales-Logo-header-1.png\",\"contentUrl\":\"https:\\\/\\\/ksproducts.ca\\\/wp-content\\\/uploads\\\/2023\\\/09\\\/Kennedy-Sales-Logo-header-1.png\",\"width\":150,\"height\":77,\"caption\":\"Ks Products\"},\"image\":{\"@id\":\"https:\\\/\\\/ksproducts.ca\\\/#\\\/schema\\\/logo\\\/image\\\/\"}}]}<\/script>\n<!-- \/ Yoast SEO plugin. -->","yoast_head_json":{"title":"Klymit Static V Sleeping Pad - Ks Products","robots":{"index":"index","follow":"follow","max-snippet":"max-snippet:-1","max-image-preview":"max-image-preview:large","max-video-preview":"max-video-preview:-1"},"canonical":"https:\/\/ksproducts.ca\/fr\/product\/tapis-de-sol-klymit-static-v\/","og_locale":"fr_CA","og_type":"article","og_title":"Klymit Static V Sleeping Pad - Ks Products","og_description":"The original V-Chambered air pad that changed the way people Sleep Outside\u2122. The Static V\u2122 is the world\u2019s first lightweight, packable air pad that incorporates body-mapping chambers for ultimate comfort. The exclusive V-Chamber design conforms to the shape of your body while maintaining ample, lofted air pockets. The result: side, back, and stomach sleepers can all rest comfortably on a generous bed of air.","og_url":"https:\/\/ksproducts.ca\/fr\/product\/tapis-de-sol-klymit-static-v\/","og_site_name":"Ks Products","og_image":[{"width":800,"height":800,"url":"https:\/\/ksproducts.ca\/wp-content\/uploads\/2026\/03\/Klymit-Static-V-Sleeping-Pad.webp","type":"image\/webp"}],"twitter_card":"summary_large_image","twitter_misc":{"Estimation du temps de lecture":"1 minute"},"schema":{"@context":"https:\/\/schema.org","@graph":[{"@type":"WebPage","@id":"https:\/\/ksproducts.ca\/product\/klymit-static-v-sleeping-pad\/","url":"https:\/\/ksproducts.ca\/product\/klymit-static-v-sleeping-pad\/","name":"Klymit Static V Sleeping Pad - Ks Products","isPartOf":{"@id":"https:\/\/ksproducts.ca\/#website"},"primaryImageOfPage":{"@id":"https:\/\/ksproducts.ca\/product\/klymit-static-v-sleeping-pad\/#primaryimage"},"image":{"@id":"https:\/\/ksproducts.ca\/product\/klymit-static-v-sleeping-pad\/#primaryimage"},"thumbnailUrl":"https:\/\/ksproducts.ca\/wp-content\/uploads\/2026\/03\/Klymit-Static-V-Sleeping-Pad.webp","datePublished":"2026-03-04T13:47:20+00:00","breadcrumb":{"@id":"https:\/\/ksproducts.ca\/product\/klymit-static-v-sleeping-pad\/#breadcrumb"},"inLanguage":"fr-CA","potentialAction":[{"@type":"ReadAction","target":["https:\/\/ksproducts.ca\/product\/klymit-static-v-sleeping-pad\/"]}]},{"@type":"ImageObject","inLanguage":"fr-CA","@id":"https:\/\/ksproducts.ca\/product\/klymit-static-v-sleeping-pad\/#primaryimage","url":"https:\/\/ksproducts.ca\/wp-content\/uploads\/2026\/03\/Klymit-Static-V-Sleeping-Pad.webp","contentUrl":"https:\/\/ksproducts.ca\/wp-content\/uploads\/2026\/03\/Klymit-Static-V-Sleeping-Pad.webp","width":800,"height":800,"caption":"Klymit Static V Sleeping Pad"},{"@type":"BreadcrumbList","@id":"https:\/\/ksproducts.ca\/product\/klymit-static-v-sleeping-pad\/#breadcrumb","itemListElement":[{"@type":"ListItem","position":1,"name":"Home","item":"https:\/\/ksproducts.ca\/"},{"@type":"ListItem","position":2,"name":"Shop","item":"https:\/\/ksproducts.ca\/shop\/"},{"@type":"ListItem","position":3,"name":"Klymit Static V Sleeping Pad"}]},{"@type":"WebSite","@id":"https:\/\/ksproducts.ca\/#website","url":"https:\/\/ksproducts.ca\/","name":"Produits Ks","description":"Cuisiner et vivre en plein air, c'est facile au Canada","publisher":{"@id":"https:\/\/ksproducts.ca\/#organization"},"potentialAction":[{"@type":"SearchAction","target":{"@type":"EntryPoint","urlTemplate":"https:\/\/ksproducts.ca\/?s={search_term_string}"},"query-input":{"@type":"PropertyValueSpecification","valueRequired":true,"valueName":"search_term_string"}}],"inLanguage":"fr-CA"},{"@type":"Organization","@id":"https:\/\/ksproducts.ca\/#organization","name":"Produits Ks","url":"https:\/\/ksproducts.ca\/","logo":{"@type":"ImageObject","inLanguage":"fr-CA","@id":"https:\/\/ksproducts.ca\/#\/schema\/logo\/image\/","url":"https:\/\/ksproducts.ca\/wp-content\/uploads\/2023\/09\/Kennedy-Sales-Logo-header-1.png","contentUrl":"https:\/\/ksproducts.ca\/wp-content\/uploads\/2023\/09\/Kennedy-Sales-Logo-header-1.png","width":150,"height":77,"caption":"Ks Products"},"image":{"@id":"https:\/\/ksproducts.ca\/#\/schema\/logo\/image\/"}}]}},"_links":{"self":[{"href":"https:\/\/ksproducts.ca\/fr\/wp-json\/wp\/v2\/product\/11382","targetHints":{"allow":["GET"]}}],"collection":[{"href":"https:\/\/ksproducts.ca\/fr\/wp-json\/wp\/v2\/product"}],"about":[{"href":"https:\/\/ksproducts.ca\/fr\/wp-json\/wp\/v2\/types\/product"}],"replies":[{"embeddable":true,"href":"https:\/\/ksproducts.ca\/fr\/wp-json\/wp\/v2\/comments?post=11382"}],"version-history":[{"count":1,"href":"https:\/\/ksproducts.ca\/fr\/wp-json\/wp\/v2\/product\/11382\/revisions"}],"predecessor-version":[{"id":11384,"href":"https:\/\/ksproducts.ca\/fr\/wp-json\/wp\/v2\/product\/11382\/revisions\/11384"}],"wp:featuredmedia":[{"embeddable":true,"href":"https:\/\/ksproducts.ca\/fr\/wp-json\/wp\/v2\/media\/11383"}],"wp:attachment":[{"href":"https:\/\/ksproducts.ca\/fr\/wp-json\/wp\/v2\/media?parent=11382"}],"wp:term":[{"taxonomy":"product_cat","embeddable":true,"href":"https:\/\/ksproducts.ca\/fr\/wp-json\/wp\/v2\/product_cat?post=11382"},{"taxonomy":"product_tag","embeddable":true,"href":"https:\/\/ksproducts.ca\/fr\/wp-json\/wp\/v2\/product_tag?post=11382"}],"curies":[{"name":"wp","href":"https:\/\/api.w.org\/{rel}","templated":true}]}}