{"id":11385,"date":"2026-03-04T13:52:26","date_gmt":"2026-03-04T13:52:26","guid":{"rendered":"https:\/\/ksproducts.ca\/?post_type=product&#038;p=11385"},"modified":"2026-03-04T13:52:26","modified_gmt":"2026-03-04T13:52:26","slug":"tente-klymit-cross-canyon-pour-4-personnes","status":"publish","type":"product","link":"https:\/\/ksproducts.ca\/fr\/product\/klymit-4-person-cross-canyon-tent\/","title":{"rendered":"Klymit 4-person Cross Canyon Tent"},"content":{"rendered":"<ul>\n<li>La conception rectangulaire de cette tente autoportante permet de multiples configurations de couchage<\/li>\n<li>Tapis innovant pour canyoning qui sert \u00e9galement de sac de compression roul\u00e9 et assure une surface de travail propre pour le montage de la tente et un remballage facile<\/li>\n<li>Les poteaux en aluminium cr\u00e9ent une structure robuste et l\u00e9g\u00e8re<\/li>\n<li>Vestibule avant multi-points d'ancrage cr\u00e9ant un espace de rangement ext\u00e9rieur spacieux prot\u00e9g\u00e9 du vent et de la pluie<\/li>\n<li>Trois poches sup\u00e9rieures et deux poches d'angle cr\u00e9ent des options de rangement int\u00e9rieur in\u00e9gal\u00e9es<\/li>\n<li>Rapide et capable de voler<\/li>\n<\/ul>","protected":false},"excerpt":{"rendered":"<p>Tente, Cross Canyon 4\u2122, tente de sol, 100 pouces de long x 86 pouces de large x 65 pouces de haut, polyester, sans fen\u00eatre, capacit\u00e9 4 personnes, rouge\/gris<\/p>","protected":false},"featured_media":11386,"comment_status":"open","ping_status":"closed","template":"","meta":[],"product_cat":[431],"product_tag":[],"class_list":{"0":"post-11385","1":"product","2":"type-product","3":"status-publish","4":"has-post-thumbnail","6":"product_cat-camping-rv-essentials","7":"product_shipping_class-class-1","9":"first","10":"instock","11":"taxable","12":"shipping-taxable","13":"purchasable","14":"product-type-simple"},"yoast_head":"<!-- This site is optimized with the Yoast SEO plugin v27.4 - https:\/\/yoast.com\/product\/yoast-seo-wordpress\/ -->\n<title>Klymit 4-person Cross Canyon Tent - Ks Products<\/title>\n<meta name=\"robots\" content=\"index, follow, max-snippet:-1, max-image-preview:large, max-video-preview:-1\" \/>\n<link rel=\"canonical\" href=\"https:\/\/ksproducts.ca\/fr\/product\/tente-klymit-cross-canyon-pour-4-personnes\/\" \/>\n<meta property=\"og:locale\" content=\"fr_CA\" \/>\n<meta property=\"og:type\" content=\"article\" \/>\n<meta property=\"og:title\" content=\"Klymit 4-person Cross Canyon Tent - Ks Products\" \/>\n<meta property=\"og:description\" content=\"Tent, Cross Canyon 4\u2122, Ground Tent, 100 Inch Length x 86 Inch Width x 65 Inch Height, Polyester, Without Window, 4 Person Capacity, Red\/Gray\" \/>\n<meta property=\"og:url\" content=\"https:\/\/ksproducts.ca\/fr\/product\/tente-klymit-cross-canyon-pour-4-personnes\/\" \/>\n<meta property=\"og:site_name\" content=\"Ks Products\" \/>\n<meta property=\"og:image\" content=\"https:\/\/ksproducts.ca\/wp-content\/uploads\/2026\/03\/Klymit-4-person-Cross-Canyon-Tent.webp\" \/>\n\t<meta property=\"og:image:width\" content=\"640\" \/>\n\t<meta property=\"og:image:height\" content=\"640\" \/>\n\t<meta property=\"og:image:type\" content=\"image\/webp\" \/>\n<meta name=\"twitter:card\" content=\"summary_large_image\" \/>\n<meta name=\"twitter:label1\" content=\"Estimation du temps de lecture\" \/>\n\t<meta name=\"twitter:data1\" content=\"1 minute\" \/>\n<script type=\"application\/ld+json\" class=\"yoast-schema-graph\">{\"@context\":\"https:\\\/\\\/schema.org\",\"@graph\":[{\"@type\":\"WebPage\",\"@id\":\"https:\\\/\\\/ksproducts.ca\\\/product\\\/klymit-4-person-cross-canyon-tent\\\/\",\"url\":\"https:\\\/\\\/ksproducts.ca\\\/product\\\/klymit-4-person-cross-canyon-tent\\\/\",\"name\":\"Klymit 4-person Cross Canyon Tent - Ks Products\",\"isPartOf\":{\"@id\":\"https:\\\/\\\/ksproducts.ca\\\/#website\"},\"primaryImageOfPage\":{\"@id\":\"https:\\\/\\\/ksproducts.ca\\\/product\\\/klymit-4-person-cross-canyon-tent\\\/#primaryimage\"},\"image\":{\"@id\":\"https:\\\/\\\/ksproducts.ca\\\/product\\\/klymit-4-person-cross-canyon-tent\\\/#primaryimage\"},\"thumbnailUrl\":\"https:\\\/\\\/ksproducts.ca\\\/wp-content\\\/uploads\\\/2026\\\/03\\\/Klymit-4-person-Cross-Canyon-Tent.webp\",\"datePublished\":\"2026-03-04T13:52:26+00:00\",\"breadcrumb\":{\"@id\":\"https:\\\/\\\/ksproducts.ca\\\/product\\\/klymit-4-person-cross-canyon-tent\\\/#breadcrumb\"},\"inLanguage\":\"fr-CA\",\"potentialAction\":[{\"@type\":\"ReadAction\",\"target\":[\"https:\\\/\\\/ksproducts.ca\\\/product\\\/klymit-4-person-cross-canyon-tent\\\/\"]}]},{\"@type\":\"ImageObject\",\"inLanguage\":\"fr-CA\",\"@id\":\"https:\\\/\\\/ksproducts.ca\\\/product\\\/klymit-4-person-cross-canyon-tent\\\/#primaryimage\",\"url\":\"https:\\\/\\\/ksproducts.ca\\\/wp-content\\\/uploads\\\/2026\\\/03\\\/Klymit-4-person-Cross-Canyon-Tent.webp\",\"contentUrl\":\"https:\\\/\\\/ksproducts.ca\\\/wp-content\\\/uploads\\\/2026\\\/03\\\/Klymit-4-person-Cross-Canyon-Tent.webp\",\"width\":640,\"height\":640,\"caption\":\"Klymit 4 person Cross Canyon Tent\"},{\"@type\":\"BreadcrumbList\",\"@id\":\"https:\\\/\\\/ksproducts.ca\\\/product\\\/klymit-4-person-cross-canyon-tent\\\/#breadcrumb\",\"itemListElement\":[{\"@type\":\"ListItem\",\"position\":1,\"name\":\"Home\",\"item\":\"https:\\\/\\\/ksproducts.ca\\\/\"},{\"@type\":\"ListItem\",\"position\":2,\"name\":\"Shop\",\"item\":\"https:\\\/\\\/ksproducts.ca\\\/shop\\\/\"},{\"@type\":\"ListItem\",\"position\":3,\"name\":\"Klymit 4-person Cross Canyon Tent\"}]},{\"@type\":\"WebSite\",\"@id\":\"https:\\\/\\\/ksproducts.ca\\\/#website\",\"url\":\"https:\\\/\\\/ksproducts.ca\\\/\",\"name\":\"Ks Products\",\"description\":\"Outdoor cooking and living, made easy in Canada\",\"publisher\":{\"@id\":\"https:\\\/\\\/ksproducts.ca\\\/#organization\"},\"potentialAction\":[{\"@type\":\"SearchAction\",\"target\":{\"@type\":\"EntryPoint\",\"urlTemplate\":\"https:\\\/\\\/ksproducts.ca\\\/?s={search_term_string}\"},\"query-input\":{\"@type\":\"PropertyValueSpecification\",\"valueRequired\":true,\"valueName\":\"search_term_string\"}}],\"inLanguage\":\"fr-CA\"},{\"@type\":\"Organization\",\"@id\":\"https:\\\/\\\/ksproducts.ca\\\/#organization\",\"name\":\"Ks Products\",\"url\":\"https:\\\/\\\/ksproducts.ca\\\/\",\"logo\":{\"@type\":\"ImageObject\",\"inLanguage\":\"fr-CA\",\"@id\":\"https:\\\/\\\/ksproducts.ca\\\/#\\\/schema\\\/logo\\\/image\\\/\",\"url\":\"https:\\\/\\\/ksproducts.ca\\\/wp-content\\\/uploads\\\/2023\\\/09\\\/Kennedy-Sales-Logo-header-1.png\",\"contentUrl\":\"https:\\\/\\\/ksproducts.ca\\\/wp-content\\\/uploads\\\/2023\\\/09\\\/Kennedy-Sales-Logo-header-1.png\",\"width\":150,\"height\":77,\"caption\":\"Ks Products\"},\"image\":{\"@id\":\"https:\\\/\\\/ksproducts.ca\\\/#\\\/schema\\\/logo\\\/image\\\/\"}}]}<\/script>\n<!-- \/ Yoast SEO plugin. -->","yoast_head_json":{"title":"Tente Klymit Cross Canyon pour 4 personnes - Ks Products","robots":{"index":"index","follow":"follow","max-snippet":"max-snippet:-1","max-image-preview":"max-image-preview:large","max-video-preview":"max-video-preview:-1"},"canonical":"https:\/\/ksproducts.ca\/fr\/product\/tente-klymit-cross-canyon-pour-4-personnes\/","og_locale":"fr_CA","og_type":"article","og_title":"Klymit 4-person Cross Canyon Tent - Ks Products","og_description":"Tent, Cross Canyon 4\u2122, Ground Tent, 100 Inch Length x 86 Inch Width x 65 Inch Height, Polyester, Without Window, 4 Person Capacity, Red\/Gray","og_url":"https:\/\/ksproducts.ca\/fr\/product\/tente-klymit-cross-canyon-pour-4-personnes\/","og_site_name":"Ks Products","og_image":[{"width":640,"height":640,"url":"https:\/\/ksproducts.ca\/wp-content\/uploads\/2026\/03\/Klymit-4-person-Cross-Canyon-Tent.webp","type":"image\/webp"}],"twitter_card":"summary_large_image","twitter_misc":{"Estimation du temps de lecture":"1 minute"},"schema":{"@context":"https:\/\/schema.org","@graph":[{"@type":"WebPage","@id":"https:\/\/ksproducts.ca\/product\/klymit-4-person-cross-canyon-tent\/","url":"https:\/\/ksproducts.ca\/product\/klymit-4-person-cross-canyon-tent\/","name":"Tente Klymit Cross Canyon pour 4 personnes - Ks Products","isPartOf":{"@id":"https:\/\/ksproducts.ca\/#website"},"primaryImageOfPage":{"@id":"https:\/\/ksproducts.ca\/product\/klymit-4-person-cross-canyon-tent\/#primaryimage"},"image":{"@id":"https:\/\/ksproducts.ca\/product\/klymit-4-person-cross-canyon-tent\/#primaryimage"},"thumbnailUrl":"https:\/\/ksproducts.ca\/wp-content\/uploads\/2026\/03\/Klymit-4-person-Cross-Canyon-Tent.webp","datePublished":"2026-03-04T13:52:26+00:00","breadcrumb":{"@id":"https:\/\/ksproducts.ca\/product\/klymit-4-person-cross-canyon-tent\/#breadcrumb"},"inLanguage":"fr-CA","potentialAction":[{"@type":"ReadAction","target":["https:\/\/ksproducts.ca\/product\/klymit-4-person-cross-canyon-tent\/"]}]},{"@type":"ImageObject","inLanguage":"fr-CA","@id":"https:\/\/ksproducts.ca\/product\/klymit-4-person-cross-canyon-tent\/#primaryimage","url":"https:\/\/ksproducts.ca\/wp-content\/uploads\/2026\/03\/Klymit-4-person-Cross-Canyon-Tent.webp","contentUrl":"https:\/\/ksproducts.ca\/wp-content\/uploads\/2026\/03\/Klymit-4-person-Cross-Canyon-Tent.webp","width":640,"height":640,"caption":"Klymit 4 person Cross Canyon Tent"},{"@type":"BreadcrumbList","@id":"https:\/\/ksproducts.ca\/product\/klymit-4-person-cross-canyon-tent\/#breadcrumb","itemListElement":[{"@type":"ListItem","position":1,"name":"Home","item":"https:\/\/ksproducts.ca\/"},{"@type":"ListItem","position":2,"name":"Shop","item":"https:\/\/ksproducts.ca\/shop\/"},{"@type":"ListItem","position":3,"name":"Klymit 4-person Cross Canyon Tent"}]},{"@type":"WebSite","@id":"https:\/\/ksproducts.ca\/#website","url":"https:\/\/ksproducts.ca\/","name":"Produits Ks","description":"Cuisiner et vivre en plein air, c'est facile au Canada","publisher":{"@id":"https:\/\/ksproducts.ca\/#organization"},"potentialAction":[{"@type":"SearchAction","target":{"@type":"EntryPoint","urlTemplate":"https:\/\/ksproducts.ca\/?s={search_term_string}"},"query-input":{"@type":"PropertyValueSpecification","valueRequired":true,"valueName":"search_term_string"}}],"inLanguage":"fr-CA"},{"@type":"Organization","@id":"https:\/\/ksproducts.ca\/#organization","name":"Produits Ks","url":"https:\/\/ksproducts.ca\/","logo":{"@type":"ImageObject","inLanguage":"fr-CA","@id":"https:\/\/ksproducts.ca\/#\/schema\/logo\/image\/","url":"https:\/\/ksproducts.ca\/wp-content\/uploads\/2023\/09\/Kennedy-Sales-Logo-header-1.png","contentUrl":"https:\/\/ksproducts.ca\/wp-content\/uploads\/2023\/09\/Kennedy-Sales-Logo-header-1.png","width":150,"height":77,"caption":"Ks Products"},"image":{"@id":"https:\/\/ksproducts.ca\/#\/schema\/logo\/image\/"}}]}},"_links":{"self":[{"href":"https:\/\/ksproducts.ca\/fr\/wp-json\/wp\/v2\/product\/11385","targetHints":{"allow":["GET"]}}],"collection":[{"href":"https:\/\/ksproducts.ca\/fr\/wp-json\/wp\/v2\/product"}],"about":[{"href":"https:\/\/ksproducts.ca\/fr\/wp-json\/wp\/v2\/types\/product"}],"replies":[{"embeddable":true,"href":"https:\/\/ksproducts.ca\/fr\/wp-json\/wp\/v2\/comments?post=11385"}],"version-history":[{"count":1,"href":"https:\/\/ksproducts.ca\/fr\/wp-json\/wp\/v2\/product\/11385\/revisions"}],"predecessor-version":[{"id":11387,"href":"https:\/\/ksproducts.ca\/fr\/wp-json\/wp\/v2\/product\/11385\/revisions\/11387"}],"wp:featuredmedia":[{"embeddable":true,"href":"https:\/\/ksproducts.ca\/fr\/wp-json\/wp\/v2\/media\/11386"}],"wp:attachment":[{"href":"https:\/\/ksproducts.ca\/fr\/wp-json\/wp\/v2\/media?parent=11385"}],"wp:term":[{"taxonomy":"product_cat","embeddable":true,"href":"https:\/\/ksproducts.ca\/fr\/wp-json\/wp\/v2\/product_cat?post=11385"},{"taxonomy":"product_tag","embeddable":true,"href":"https:\/\/ksproducts.ca\/fr\/wp-json\/wp\/v2\/product_tag?post=11385"}],"curies":[{"name":"wp","href":"https:\/\/api.w.org\/{rel}","templated":true}]}}