{"id":11388,"date":"2026-03-04T14:04:08","date_gmt":"2026-03-04T14:04:08","guid":{"rendered":"https:\/\/ksproducts.ca\/?post_type=product&#038;p=11388"},"modified":"2026-03-04T14:04:08","modified_gmt":"2026-03-04T14:04:08","slug":"clips-de-remplacement-rightline-gear-pour-barres-de-toit-de-voiture","status":"publish","type":"product","link":"https:\/\/ksproducts.ca\/fr\/product\/rightline-gear-replacement-car-clips-for-car-top-carriers\/","title":{"rendered":"Rightline Gear - Clips de remplacement pour porte-bagages de voiture"},"content":{"rendered":"<ul class=\"a-unordered-list a-vertical a-spacing-mini\">\n<li class=\"a-spacing-mini\"><span class=\"a-list-item\">Attacher n'importe quel porte-bagages de toit Rightline Gear \u00e0 des v\u00e9hicules sans galerie de toit<\/span><\/li>\n<li class=\"a-spacing-mini\"><span class=\"a-list-item\">Les clips se fixent sous le joint de la porti\u00e8re du v\u00e9hicule<\/span><\/li>\n<li class=\"a-spacing-mini\"><span class=\"a-list-item\">La porti\u00e8re du v\u00e9hicule se referme sur les sangles<\/span><\/li>\n<li class=\"a-spacing-mini\"><span class=\"a-list-item\">Ajouter aux sangles standard de tout porte-bagages de toit Rightline Gear<\/span><\/li>\n<li class=\"a-spacing-mini\"><span class=\"a-list-item\">Inclut : 4 clips de voiture et guide d'installation complet<\/span><\/li>\n<\/ul>","protected":false},"excerpt":{"rendered":"<p>Les clips pour voiture Rightline Gear vous permettent d'utiliser n'importe quel porte-bagages Rightline Gear sur des v\u00e9hicules SANS galerie de toit. Ajoutez les clips aux extr\u00e9mit\u00e9s des sangles standard fournies avec tout porte-bagages Rightline Gear et fixez-les sous la moulure d'\u00e9tanch\u00e9it\u00e9 du cadre de porte du v\u00e9hicule. Le rev\u00eatement des clips \u00e9vite d'endommager le v\u00e9hicule. (Remarque : les pinces pour voiture sont incluses avec le porte-bagages Sport Jr Car Top et le sac de sport Car Top Duffle Bag).<\/p>","protected":false},"featured_media":11389,"comment_status":"open","ping_status":"closed","template":"","meta":[],"product_cat":[430],"product_tag":[],"class_list":{"0":"post-11388","1":"product","2":"type-product","3":"status-publish","4":"has-post-thumbnail","6":"product_cat-automotive-gear","7":"product_shipping_class-class-1","9":"first","10":"instock","11":"taxable","12":"shipping-taxable","13":"purchasable","14":"product-type-simple"},"yoast_head":"<!-- This site is optimized with the Yoast SEO plugin v27.4 - https:\/\/yoast.com\/product\/yoast-seo-wordpress\/ -->\n<title>Rightline Gear Replacement Car Clips for Car Top Carriers - Ks Products<\/title>\n<meta name=\"robots\" content=\"index, follow, max-snippet:-1, max-image-preview:large, max-video-preview:-1\" \/>\n<link rel=\"canonical\" href=\"https:\/\/ksproducts.ca\/fr\/product\/clips-de-remplacement-rightline-gear-pour-barres-de-toit-de-voiture\/\" \/>\n<meta property=\"og:locale\" content=\"fr_CA\" \/>\n<meta property=\"og:type\" content=\"article\" \/>\n<meta property=\"og:title\" content=\"Rightline Gear Replacement Car Clips for Car Top Carriers - Ks Products\" \/>\n<meta property=\"og:description\" content=\"The Rightline Gear Car Clips allow you to use any Rightline Gear car top carrier on vehicles WITHOUT a roof rack. Add the Clips to the ends of the standard straps included with any Rightline Gear carrier and attach them under the vehicle\u2019s door frame weather molding. The coating on the Clips prevents any damage to the vehicle. (Note: The Car Clips are included with the Sport Jr Car Top Carrier and Car Top Duffle Bag)\" \/>\n<meta property=\"og:url\" content=\"https:\/\/ksproducts.ca\/fr\/product\/clips-de-remplacement-rightline-gear-pour-barres-de-toit-de-voiture\/\" \/>\n<meta property=\"og:site_name\" content=\"Ks Products\" \/>\n<meta property=\"og:image\" content=\"https:\/\/ksproducts.ca\/wp-content\/uploads\/2026\/03\/Rightline-Gear-Replacement-Car-Clips-for-Car-Top-Carriers.jpg\" \/>\n\t<meta property=\"og:image:width\" content=\"300\" \/>\n\t<meta property=\"og:image:height\" content=\"260\" \/>\n\t<meta property=\"og:image:type\" content=\"image\/jpeg\" \/>\n<meta name=\"twitter:card\" content=\"summary_large_image\" \/>\n<meta name=\"twitter:label1\" content=\"Estimation du temps de lecture\" \/>\n\t<meta name=\"twitter:data1\" content=\"1 minute\" \/>\n<script type=\"application\/ld+json\" class=\"yoast-schema-graph\">{\"@context\":\"https:\\\/\\\/schema.org\",\"@graph\":[{\"@type\":\"WebPage\",\"@id\":\"https:\\\/\\\/ksproducts.ca\\\/product\\\/rightline-gear-replacement-car-clips-for-car-top-carriers\\\/\",\"url\":\"https:\\\/\\\/ksproducts.ca\\\/product\\\/rightline-gear-replacement-car-clips-for-car-top-carriers\\\/\",\"name\":\"Rightline Gear Replacement Car Clips for Car Top Carriers - Ks Products\",\"isPartOf\":{\"@id\":\"https:\\\/\\\/ksproducts.ca\\\/#website\"},\"primaryImageOfPage\":{\"@id\":\"https:\\\/\\\/ksproducts.ca\\\/product\\\/rightline-gear-replacement-car-clips-for-car-top-carriers\\\/#primaryimage\"},\"image\":{\"@id\":\"https:\\\/\\\/ksproducts.ca\\\/product\\\/rightline-gear-replacement-car-clips-for-car-top-carriers\\\/#primaryimage\"},\"thumbnailUrl\":\"https:\\\/\\\/ksproducts.ca\\\/wp-content\\\/uploads\\\/2026\\\/03\\\/Rightline-Gear-Replacement-Car-Clips-for-Car-Top-Carriers.jpg\",\"datePublished\":\"2026-03-04T14:04:08+00:00\",\"breadcrumb\":{\"@id\":\"https:\\\/\\\/ksproducts.ca\\\/product\\\/rightline-gear-replacement-car-clips-for-car-top-carriers\\\/#breadcrumb\"},\"inLanguage\":\"fr-CA\",\"potentialAction\":[{\"@type\":\"ReadAction\",\"target\":[\"https:\\\/\\\/ksproducts.ca\\\/product\\\/rightline-gear-replacement-car-clips-for-car-top-carriers\\\/\"]}]},{\"@type\":\"ImageObject\",\"inLanguage\":\"fr-CA\",\"@id\":\"https:\\\/\\\/ksproducts.ca\\\/product\\\/rightline-gear-replacement-car-clips-for-car-top-carriers\\\/#primaryimage\",\"url\":\"https:\\\/\\\/ksproducts.ca\\\/wp-content\\\/uploads\\\/2026\\\/03\\\/Rightline-Gear-Replacement-Car-Clips-for-Car-Top-Carriers.jpg\",\"contentUrl\":\"https:\\\/\\\/ksproducts.ca\\\/wp-content\\\/uploads\\\/2026\\\/03\\\/Rightline-Gear-Replacement-Car-Clips-for-Car-Top-Carriers.jpg\",\"width\":300,\"height\":260,\"caption\":\"Rightline Gear Replacement Car Clips for Car Top Carriers\"},{\"@type\":\"BreadcrumbList\",\"@id\":\"https:\\\/\\\/ksproducts.ca\\\/product\\\/rightline-gear-replacement-car-clips-for-car-top-carriers\\\/#breadcrumb\",\"itemListElement\":[{\"@type\":\"ListItem\",\"position\":1,\"name\":\"Home\",\"item\":\"https:\\\/\\\/ksproducts.ca\\\/\"},{\"@type\":\"ListItem\",\"position\":2,\"name\":\"Shop\",\"item\":\"https:\\\/\\\/ksproducts.ca\\\/shop\\\/\"},{\"@type\":\"ListItem\",\"position\":3,\"name\":\"Rightline Gear Replacement Car Clips for Car Top Carriers\"}]},{\"@type\":\"WebSite\",\"@id\":\"https:\\\/\\\/ksproducts.ca\\\/#website\",\"url\":\"https:\\\/\\\/ksproducts.ca\\\/\",\"name\":\"Ks Products\",\"description\":\"Outdoor cooking and living, made easy in Canada\",\"publisher\":{\"@id\":\"https:\\\/\\\/ksproducts.ca\\\/#organization\"},\"potentialAction\":[{\"@type\":\"SearchAction\",\"target\":{\"@type\":\"EntryPoint\",\"urlTemplate\":\"https:\\\/\\\/ksproducts.ca\\\/?s={search_term_string}\"},\"query-input\":{\"@type\":\"PropertyValueSpecification\",\"valueRequired\":true,\"valueName\":\"search_term_string\"}}],\"inLanguage\":\"fr-CA\"},{\"@type\":\"Organization\",\"@id\":\"https:\\\/\\\/ksproducts.ca\\\/#organization\",\"name\":\"Ks Products\",\"url\":\"https:\\\/\\\/ksproducts.ca\\\/\",\"logo\":{\"@type\":\"ImageObject\",\"inLanguage\":\"fr-CA\",\"@id\":\"https:\\\/\\\/ksproducts.ca\\\/#\\\/schema\\\/logo\\\/image\\\/\",\"url\":\"https:\\\/\\\/ksproducts.ca\\\/wp-content\\\/uploads\\\/2023\\\/09\\\/Kennedy-Sales-Logo-header-1.png\",\"contentUrl\":\"https:\\\/\\\/ksproducts.ca\\\/wp-content\\\/uploads\\\/2023\\\/09\\\/Kennedy-Sales-Logo-header-1.png\",\"width\":150,\"height\":77,\"caption\":\"Ks Products\"},\"image\":{\"@id\":\"https:\\\/\\\/ksproducts.ca\\\/#\\\/schema\\\/logo\\\/image\\\/\"}}]}<\/script>\n<!-- \/ Yoast SEO plugin. -->","yoast_head_json":{"title":"Rightline Gear Clips de rechange pour porte-bagages de toit de voiture - Ks Products","robots":{"index":"index","follow":"follow","max-snippet":"max-snippet:-1","max-image-preview":"max-image-preview:large","max-video-preview":"max-video-preview:-1"},"canonical":"https:\/\/ksproducts.ca\/fr\/product\/clips-de-remplacement-rightline-gear-pour-barres-de-toit-de-voiture\/","og_locale":"fr_CA","og_type":"article","og_title":"Rightline Gear Replacement Car Clips for Car Top Carriers - Ks Products","og_description":"The Rightline Gear Car Clips allow you to use any Rightline Gear car top carrier on vehicles WITHOUT a roof rack. Add the Clips to the ends of the standard straps included with any Rightline Gear carrier and attach them under the vehicle\u2019s door frame weather molding. The coating on the Clips prevents any damage to the vehicle. (Note: The Car Clips are included with the Sport Jr Car Top Carrier and Car Top Duffle Bag)","og_url":"https:\/\/ksproducts.ca\/fr\/product\/clips-de-remplacement-rightline-gear-pour-barres-de-toit-de-voiture\/","og_site_name":"Ks Products","og_image":[{"width":300,"height":260,"url":"https:\/\/ksproducts.ca\/wp-content\/uploads\/2026\/03\/Rightline-Gear-Replacement-Car-Clips-for-Car-Top-Carriers.jpg","type":"image\/jpeg"}],"twitter_card":"summary_large_image","twitter_misc":{"Estimation du temps de lecture":"1 minute"},"schema":{"@context":"https:\/\/schema.org","@graph":[{"@type":"WebPage","@id":"https:\/\/ksproducts.ca\/product\/rightline-gear-replacement-car-clips-for-car-top-carriers\/","url":"https:\/\/ksproducts.ca\/product\/rightline-gear-replacement-car-clips-for-car-top-carriers\/","name":"Rightline Gear Clips de rechange pour porte-bagages de toit de voiture - Ks Products","isPartOf":{"@id":"https:\/\/ksproducts.ca\/#website"},"primaryImageOfPage":{"@id":"https:\/\/ksproducts.ca\/product\/rightline-gear-replacement-car-clips-for-car-top-carriers\/#primaryimage"},"image":{"@id":"https:\/\/ksproducts.ca\/product\/rightline-gear-replacement-car-clips-for-car-top-carriers\/#primaryimage"},"thumbnailUrl":"https:\/\/ksproducts.ca\/wp-content\/uploads\/2026\/03\/Rightline-Gear-Replacement-Car-Clips-for-Car-Top-Carriers.jpg","datePublished":"2026-03-04T14:04:08+00:00","breadcrumb":{"@id":"https:\/\/ksproducts.ca\/product\/rightline-gear-replacement-car-clips-for-car-top-carriers\/#breadcrumb"},"inLanguage":"fr-CA","potentialAction":[{"@type":"ReadAction","target":["https:\/\/ksproducts.ca\/product\/rightline-gear-replacement-car-clips-for-car-top-carriers\/"]}]},{"@type":"ImageObject","inLanguage":"fr-CA","@id":"https:\/\/ksproducts.ca\/product\/rightline-gear-replacement-car-clips-for-car-top-carriers\/#primaryimage","url":"https:\/\/ksproducts.ca\/wp-content\/uploads\/2026\/03\/Rightline-Gear-Replacement-Car-Clips-for-Car-Top-Carriers.jpg","contentUrl":"https:\/\/ksproducts.ca\/wp-content\/uploads\/2026\/03\/Rightline-Gear-Replacement-Car-Clips-for-Car-Top-Carriers.jpg","width":300,"height":260,"caption":"Rightline Gear Replacement Car Clips for Car Top Carriers"},{"@type":"BreadcrumbList","@id":"https:\/\/ksproducts.ca\/product\/rightline-gear-replacement-car-clips-for-car-top-carriers\/#breadcrumb","itemListElement":[{"@type":"ListItem","position":1,"name":"Home","item":"https:\/\/ksproducts.ca\/"},{"@type":"ListItem","position":2,"name":"Shop","item":"https:\/\/ksproducts.ca\/shop\/"},{"@type":"ListItem","position":3,"name":"Rightline Gear Replacement Car Clips for Car Top Carriers"}]},{"@type":"WebSite","@id":"https:\/\/ksproducts.ca\/#website","url":"https:\/\/ksproducts.ca\/","name":"Produits Ks","description":"Cuisiner et vivre en plein air, c'est facile au Canada","publisher":{"@id":"https:\/\/ksproducts.ca\/#organization"},"potentialAction":[{"@type":"SearchAction","target":{"@type":"EntryPoint","urlTemplate":"https:\/\/ksproducts.ca\/?s={search_term_string}"},"query-input":{"@type":"PropertyValueSpecification","valueRequired":true,"valueName":"search_term_string"}}],"inLanguage":"fr-CA"},{"@type":"Organization","@id":"https:\/\/ksproducts.ca\/#organization","name":"Produits Ks","url":"https:\/\/ksproducts.ca\/","logo":{"@type":"ImageObject","inLanguage":"fr-CA","@id":"https:\/\/ksproducts.ca\/#\/schema\/logo\/image\/","url":"https:\/\/ksproducts.ca\/wp-content\/uploads\/2023\/09\/Kennedy-Sales-Logo-header-1.png","contentUrl":"https:\/\/ksproducts.ca\/wp-content\/uploads\/2023\/09\/Kennedy-Sales-Logo-header-1.png","width":150,"height":77,"caption":"Ks Products"},"image":{"@id":"https:\/\/ksproducts.ca\/#\/schema\/logo\/image\/"}}]}},"_links":{"self":[{"href":"https:\/\/ksproducts.ca\/fr\/wp-json\/wp\/v2\/product\/11388","targetHints":{"allow":["GET"]}}],"collection":[{"href":"https:\/\/ksproducts.ca\/fr\/wp-json\/wp\/v2\/product"}],"about":[{"href":"https:\/\/ksproducts.ca\/fr\/wp-json\/wp\/v2\/types\/product"}],"replies":[{"embeddable":true,"href":"https:\/\/ksproducts.ca\/fr\/wp-json\/wp\/v2\/comments?post=11388"}],"version-history":[{"count":1,"href":"https:\/\/ksproducts.ca\/fr\/wp-json\/wp\/v2\/product\/11388\/revisions"}],"predecessor-version":[{"id":11390,"href":"https:\/\/ksproducts.ca\/fr\/wp-json\/wp\/v2\/product\/11388\/revisions\/11390"}],"wp:featuredmedia":[{"embeddable":true,"href":"https:\/\/ksproducts.ca\/fr\/wp-json\/wp\/v2\/media\/11389"}],"wp:attachment":[{"href":"https:\/\/ksproducts.ca\/fr\/wp-json\/wp\/v2\/media?parent=11388"}],"wp:term":[{"taxonomy":"product_cat","embeddable":true,"href":"https:\/\/ksproducts.ca\/fr\/wp-json\/wp\/v2\/product_cat?post=11388"},{"taxonomy":"product_tag","embeddable":true,"href":"https:\/\/ksproducts.ca\/fr\/wp-json\/wp\/v2\/product_tag?post=11388"}],"curies":[{"name":"wp","href":"https:\/\/api.w.org\/{rel}","templated":true}]}}