{"id":11391,"date":"2026-03-04T14:15:45","date_gmt":"2026-03-04T14:15:45","guid":{"rendered":"https:\/\/ksproducts.ca\/?post_type=product&#038;p=11391"},"modified":"2026-03-04T14:15:45","modified_gmt":"2026-03-04T14:15:45","slug":"rightline-gear-weatherproof-jeep-side-storage-bag","status":"publish","type":"product","link":"https:\/\/ksproducts.ca\/fr\/product\/rightline-gear-weatherproof-jeep-side-storage-bag\/","title":{"rendered":"Rightline Gear Sac de rangement lat\u00e9ral pour Jeep r\u00e9sistant aux intemp\u00e9ries"},"content":{"rendered":"<ul class=\"a-unordered-list a-vertical a-spacing-mini\">\n<li class=\"a-spacing-mini\"><span class=\"a-list-item\">Dimensions: 29\u201d L x 6\u201d W x 13.5-18\u201d H<\/span><\/li>\n<li class=\"a-spacing-mini\"><span class=\"a-list-item\">R\u00e9sistant aux intemp\u00e9ries gr\u00e2ce aux coutures soud\u00e9es et aux fermetures \u00e0 glissi\u00e8re enduites d'ur\u00e9thane<\/span><\/li>\n<li class=\"a-spacing-mini\"><span class=\"a-list-item\">Fits: Wrangler JK (2-door)<\/span><\/li>\n<li class=\"a-spacing-mini\"><span class=\"a-list-item\">Straps to the vertical roll bars, top up or top down<\/span><\/li>\n<li class=\"a-spacing-mini\"><span class=\"a-list-item\">Includes: driver&#8217;s side bag, shoulder strap, and set up guide<\/span><\/li>\n<\/ul>","protected":false},"excerpt":{"rendered":"<p>Un rangement \u00e0 l'\u00e9preuve des intemp\u00e9ries pour l'espace inutilis\u00e9 de votre Jeep Wrangler ! Le sac de rangement lat\u00e9ral Rightline Gear peut contenir du mat\u00e9riel de r\u00e9cup\u00e9ration, des v\u00eatements, des serviettes, des trousses de premiers secours, du mat\u00e9riel de bord de route, des collations, etc. Le sac est inclin\u00e9 pour s'adapter parfaitement au passage de roue arri\u00e8re et dispose d'une poche \u00e0 fermeture \u00e9clair, d'une poche en filet, de sangles \u00e0 boucle rapide, d'une poign\u00e9e de transport et d'une sangle d'\u00e9paule. Un insert en plastique dur sur le dessus du sac lui donne forme et structure. Le sac est fabriqu\u00e9 \u00e0 partir d'un filet enduit de PVC, renforc\u00e9 pour plus de solidit\u00e9 et prot\u00e9g\u00e9 contre les UV. Utilisez le sac de rangement lat\u00e9ral pour le tout-terrain, les voyages et le rangement quotidien.<\/p>","protected":false},"featured_media":11392,"comment_status":"open","ping_status":"closed","template":"","meta":[],"product_cat":[430],"product_tag":[],"class_list":{"0":"post-11391","1":"product","2":"type-product","3":"status-publish","4":"has-post-thumbnail","6":"product_cat-automotive-gear","7":"product_shipping_class-class-1","9":"first","10":"instock","11":"taxable","12":"shipping-taxable","13":"purchasable","14":"product-type-simple"},"yoast_head":"<!-- This site is optimized with the Yoast SEO plugin v27.3 - https:\/\/yoast.com\/product\/yoast-seo-wordpress\/ -->\n<title>Rightline Gear Weatherproof Jeep Side Storage Bag - Ks Products<\/title>\n<meta name=\"robots\" content=\"index, follow, max-snippet:-1, max-image-preview:large, max-video-preview:-1\" \/>\n<link rel=\"canonical\" href=\"https:\/\/ksproducts.ca\/fr\/product\/rightline-gear-weatherproof-jeep-side-storage-bag\/\" \/>\n<meta property=\"og:locale\" content=\"fr_CA\" \/>\n<meta property=\"og:type\" content=\"article\" \/>\n<meta property=\"og:title\" content=\"Rightline Gear Weatherproof Jeep Side Storage Bag - Ks Products\" \/>\n<meta property=\"og:description\" content=\"Weatherproof storage for your Jeep Wrangler\u2019s unused space! The Rightline Gear Side Storage Bag holds recovery gear, clothing, towels, first aid kits, roadside equipment, snacks etc. The bag is angled to perfectly fit over the rear wheel well and features a zippered pocket, a mesh pocket, quick release buckle straps, a carry handle, and a shoulder strap. A hard plastic insert in the top of the bag provides shape and structure. The bag is made from tough PVC Coated Mesh that is re-enforced for strength and UV protected. Use the Side Storage Bag for off-roading, road trips, and every day storage.\" \/>\n<meta property=\"og:url\" content=\"https:\/\/ksproducts.ca\/fr\/product\/rightline-gear-weatherproof-jeep-side-storage-bag\/\" \/>\n<meta property=\"og:site_name\" content=\"Ks Products\" \/>\n<meta property=\"og:image\" content=\"https:\/\/ksproducts.ca\/wp-content\/uploads\/2026\/03\/Rightline-Gear-Weatherproof-Jeep-Side-Storage-Bag.jpg\" \/>\n\t<meta property=\"og:image:width\" content=\"425\" \/>\n\t<meta property=\"og:image:height\" content=\"365\" \/>\n\t<meta property=\"og:image:type\" content=\"image\/jpeg\" \/>\n<meta name=\"twitter:card\" content=\"summary_large_image\" \/>\n<meta name=\"twitter:label1\" content=\"Estimation du temps de lecture\" \/>\n\t<meta name=\"twitter:data1\" content=\"1 minute\" \/>\n<script type=\"application\/ld+json\" class=\"yoast-schema-graph\">{\"@context\":\"https:\\\/\\\/schema.org\",\"@graph\":[{\"@type\":\"WebPage\",\"@id\":\"https:\\\/\\\/ksproducts.ca\\\/product\\\/rightline-gear-weatherproof-jeep-side-storage-bag\\\/\",\"url\":\"https:\\\/\\\/ksproducts.ca\\\/product\\\/rightline-gear-weatherproof-jeep-side-storage-bag\\\/\",\"name\":\"Rightline Gear Weatherproof Jeep Side Storage Bag - Ks Products\",\"isPartOf\":{\"@id\":\"https:\\\/\\\/ksproducts.ca\\\/#website\"},\"primaryImageOfPage\":{\"@id\":\"https:\\\/\\\/ksproducts.ca\\\/product\\\/rightline-gear-weatherproof-jeep-side-storage-bag\\\/#primaryimage\"},\"image\":{\"@id\":\"https:\\\/\\\/ksproducts.ca\\\/product\\\/rightline-gear-weatherproof-jeep-side-storage-bag\\\/#primaryimage\"},\"thumbnailUrl\":\"https:\\\/\\\/ksproducts.ca\\\/wp-content\\\/uploads\\\/2026\\\/03\\\/Rightline-Gear-Weatherproof-Jeep-Side-Storage-Bag.jpg\",\"datePublished\":\"2026-03-04T14:15:45+00:00\",\"breadcrumb\":{\"@id\":\"https:\\\/\\\/ksproducts.ca\\\/product\\\/rightline-gear-weatherproof-jeep-side-storage-bag\\\/#breadcrumb\"},\"inLanguage\":\"fr-CA\",\"potentialAction\":[{\"@type\":\"ReadAction\",\"target\":[\"https:\\\/\\\/ksproducts.ca\\\/product\\\/rightline-gear-weatherproof-jeep-side-storage-bag\\\/\"]}]},{\"@type\":\"ImageObject\",\"inLanguage\":\"fr-CA\",\"@id\":\"https:\\\/\\\/ksproducts.ca\\\/product\\\/rightline-gear-weatherproof-jeep-side-storage-bag\\\/#primaryimage\",\"url\":\"https:\\\/\\\/ksproducts.ca\\\/wp-content\\\/uploads\\\/2026\\\/03\\\/Rightline-Gear-Weatherproof-Jeep-Side-Storage-Bag.jpg\",\"contentUrl\":\"https:\\\/\\\/ksproducts.ca\\\/wp-content\\\/uploads\\\/2026\\\/03\\\/Rightline-Gear-Weatherproof-Jeep-Side-Storage-Bag.jpg\",\"width\":425,\"height\":365,\"caption\":\"Rightline Gear Weatherproof Jeep Side Storage Bag\"},{\"@type\":\"BreadcrumbList\",\"@id\":\"https:\\\/\\\/ksproducts.ca\\\/product\\\/rightline-gear-weatherproof-jeep-side-storage-bag\\\/#breadcrumb\",\"itemListElement\":[{\"@type\":\"ListItem\",\"position\":1,\"name\":\"Home\",\"item\":\"https:\\\/\\\/ksproducts.ca\\\/\"},{\"@type\":\"ListItem\",\"position\":2,\"name\":\"Shop\",\"item\":\"https:\\\/\\\/ksproducts.ca\\\/shop\\\/\"},{\"@type\":\"ListItem\",\"position\":3,\"name\":\"Rightline Gear Weatherproof Jeep Side Storage Bag\"}]},{\"@type\":\"WebSite\",\"@id\":\"https:\\\/\\\/ksproducts.ca\\\/#website\",\"url\":\"https:\\\/\\\/ksproducts.ca\\\/\",\"name\":\"Ks Products\",\"description\":\"Outdoor cooking and living, made easy in Canada\",\"publisher\":{\"@id\":\"https:\\\/\\\/ksproducts.ca\\\/#organization\"},\"potentialAction\":[{\"@type\":\"SearchAction\",\"target\":{\"@type\":\"EntryPoint\",\"urlTemplate\":\"https:\\\/\\\/ksproducts.ca\\\/?s={search_term_string}\"},\"query-input\":{\"@type\":\"PropertyValueSpecification\",\"valueRequired\":true,\"valueName\":\"search_term_string\"}}],\"inLanguage\":\"fr-CA\"},{\"@type\":\"Organization\",\"@id\":\"https:\\\/\\\/ksproducts.ca\\\/#organization\",\"name\":\"Ks Products\",\"url\":\"https:\\\/\\\/ksproducts.ca\\\/\",\"logo\":{\"@type\":\"ImageObject\",\"inLanguage\":\"fr-CA\",\"@id\":\"https:\\\/\\\/ksproducts.ca\\\/#\\\/schema\\\/logo\\\/image\\\/\",\"url\":\"https:\\\/\\\/ksproducts.ca\\\/wp-content\\\/uploads\\\/2023\\\/09\\\/Kennedy-Sales-Logo-header-1.png\",\"contentUrl\":\"https:\\\/\\\/ksproducts.ca\\\/wp-content\\\/uploads\\\/2023\\\/09\\\/Kennedy-Sales-Logo-header-1.png\",\"width\":150,\"height\":77,\"caption\":\"Ks Products\"},\"image\":{\"@id\":\"https:\\\/\\\/ksproducts.ca\\\/#\\\/schema\\\/logo\\\/image\\\/\"}}]}<\/script>\n<!-- \/ Yoast SEO plugin. -->","yoast_head_json":{"title":"Rightline Gear Weatherproof Jeep Side Storage Bag - Ks Products","robots":{"index":"index","follow":"follow","max-snippet":"max-snippet:-1","max-image-preview":"max-image-preview:large","max-video-preview":"max-video-preview:-1"},"canonical":"https:\/\/ksproducts.ca\/fr\/product\/rightline-gear-weatherproof-jeep-side-storage-bag\/","og_locale":"fr_CA","og_type":"article","og_title":"Rightline Gear Weatherproof Jeep Side Storage Bag - Ks Products","og_description":"Weatherproof storage for your Jeep Wrangler\u2019s unused space! The Rightline Gear Side Storage Bag holds recovery gear, clothing, towels, first aid kits, roadside equipment, snacks etc. The bag is angled to perfectly fit over the rear wheel well and features a zippered pocket, a mesh pocket, quick release buckle straps, a carry handle, and a shoulder strap. A hard plastic insert in the top of the bag provides shape and structure. The bag is made from tough PVC Coated Mesh that is re-enforced for strength and UV protected. Use the Side Storage Bag for off-roading, road trips, and every day storage.","og_url":"https:\/\/ksproducts.ca\/fr\/product\/rightline-gear-weatherproof-jeep-side-storage-bag\/","og_site_name":"Ks Products","og_image":[{"width":425,"height":365,"url":"https:\/\/ksproducts.ca\/wp-content\/uploads\/2026\/03\/Rightline-Gear-Weatherproof-Jeep-Side-Storage-Bag.jpg","type":"image\/jpeg"}],"twitter_card":"summary_large_image","twitter_misc":{"Estimation du temps de lecture":"1 minute"},"schema":{"@context":"https:\/\/schema.org","@graph":[{"@type":"WebPage","@id":"https:\/\/ksproducts.ca\/product\/rightline-gear-weatherproof-jeep-side-storage-bag\/","url":"https:\/\/ksproducts.ca\/product\/rightline-gear-weatherproof-jeep-side-storage-bag\/","name":"Rightline Gear Weatherproof Jeep Side Storage Bag - Ks Products","isPartOf":{"@id":"https:\/\/ksproducts.ca\/#website"},"primaryImageOfPage":{"@id":"https:\/\/ksproducts.ca\/product\/rightline-gear-weatherproof-jeep-side-storage-bag\/#primaryimage"},"image":{"@id":"https:\/\/ksproducts.ca\/product\/rightline-gear-weatherproof-jeep-side-storage-bag\/#primaryimage"},"thumbnailUrl":"https:\/\/ksproducts.ca\/wp-content\/uploads\/2026\/03\/Rightline-Gear-Weatherproof-Jeep-Side-Storage-Bag.jpg","datePublished":"2026-03-04T14:15:45+00:00","breadcrumb":{"@id":"https:\/\/ksproducts.ca\/product\/rightline-gear-weatherproof-jeep-side-storage-bag\/#breadcrumb"},"inLanguage":"fr-CA","potentialAction":[{"@type":"ReadAction","target":["https:\/\/ksproducts.ca\/product\/rightline-gear-weatherproof-jeep-side-storage-bag\/"]}]},{"@type":"ImageObject","inLanguage":"fr-CA","@id":"https:\/\/ksproducts.ca\/product\/rightline-gear-weatherproof-jeep-side-storage-bag\/#primaryimage","url":"https:\/\/ksproducts.ca\/wp-content\/uploads\/2026\/03\/Rightline-Gear-Weatherproof-Jeep-Side-Storage-Bag.jpg","contentUrl":"https:\/\/ksproducts.ca\/wp-content\/uploads\/2026\/03\/Rightline-Gear-Weatherproof-Jeep-Side-Storage-Bag.jpg","width":425,"height":365,"caption":"Rightline Gear Weatherproof Jeep Side Storage Bag"},{"@type":"BreadcrumbList","@id":"https:\/\/ksproducts.ca\/product\/rightline-gear-weatherproof-jeep-side-storage-bag\/#breadcrumb","itemListElement":[{"@type":"ListItem","position":1,"name":"Home","item":"https:\/\/ksproducts.ca\/"},{"@type":"ListItem","position":2,"name":"Shop","item":"https:\/\/ksproducts.ca\/shop\/"},{"@type":"ListItem","position":3,"name":"Rightline Gear Weatherproof Jeep Side Storage Bag"}]},{"@type":"WebSite","@id":"https:\/\/ksproducts.ca\/#website","url":"https:\/\/ksproducts.ca\/","name":"Produits Ks","description":"Cuisiner et vivre en plein air, c'est facile au Canada","publisher":{"@id":"https:\/\/ksproducts.ca\/#organization"},"potentialAction":[{"@type":"SearchAction","target":{"@type":"EntryPoint","urlTemplate":"https:\/\/ksproducts.ca\/?s={search_term_string}"},"query-input":{"@type":"PropertyValueSpecification","valueRequired":true,"valueName":"search_term_string"}}],"inLanguage":"fr-CA"},{"@type":"Organization","@id":"https:\/\/ksproducts.ca\/#organization","name":"Produits Ks","url":"https:\/\/ksproducts.ca\/","logo":{"@type":"ImageObject","inLanguage":"fr-CA","@id":"https:\/\/ksproducts.ca\/#\/schema\/logo\/image\/","url":"https:\/\/ksproducts.ca\/wp-content\/uploads\/2023\/09\/Kennedy-Sales-Logo-header-1.png","contentUrl":"https:\/\/ksproducts.ca\/wp-content\/uploads\/2023\/09\/Kennedy-Sales-Logo-header-1.png","width":150,"height":77,"caption":"Ks Products"},"image":{"@id":"https:\/\/ksproducts.ca\/#\/schema\/logo\/image\/"}}]}},"_links":{"self":[{"href":"https:\/\/ksproducts.ca\/fr\/wp-json\/wp\/v2\/product\/11391","targetHints":{"allow":["GET"]}}],"collection":[{"href":"https:\/\/ksproducts.ca\/fr\/wp-json\/wp\/v2\/product"}],"about":[{"href":"https:\/\/ksproducts.ca\/fr\/wp-json\/wp\/v2\/types\/product"}],"replies":[{"embeddable":true,"href":"https:\/\/ksproducts.ca\/fr\/wp-json\/wp\/v2\/comments?post=11391"}],"version-history":[{"count":1,"href":"https:\/\/ksproducts.ca\/fr\/wp-json\/wp\/v2\/product\/11391\/revisions"}],"predecessor-version":[{"id":11393,"href":"https:\/\/ksproducts.ca\/fr\/wp-json\/wp\/v2\/product\/11391\/revisions\/11393"}],"wp:featuredmedia":[{"embeddable":true,"href":"https:\/\/ksproducts.ca\/fr\/wp-json\/wp\/v2\/media\/11392"}],"wp:attachment":[{"href":"https:\/\/ksproducts.ca\/fr\/wp-json\/wp\/v2\/media?parent=11391"}],"wp:term":[{"taxonomy":"product_cat","embeddable":true,"href":"https:\/\/ksproducts.ca\/fr\/wp-json\/wp\/v2\/product_cat?post=11391"},{"taxonomy":"product_tag","embeddable":true,"href":"https:\/\/ksproducts.ca\/fr\/wp-json\/wp\/v2\/product_tag?post=11391"}],"curies":[{"name":"wp","href":"https:\/\/api.w.org\/{rel}","templated":true}]}}