{"id":11394,"date":"2026-03-04T14:21:13","date_gmt":"2026-03-04T14:21:13","guid":{"rendered":"https:\/\/ksproducts.ca\/?post_type=product&#038;p=11394"},"modified":"2026-03-04T14:22:03","modified_gmt":"2026-03-04T14:22:03","slug":"rightline-gear-sport-1-weatherproof-car-top-carrier-12cu-ft","status":"publish","type":"product","link":"https:\/\/ksproducts.ca\/fr\/product\/rightline-gear-sport-1-weatherproof-car-top-carrier-12cu-ft\/","title":{"rendered":"Rightline Gear Sport 1 Car Top Carrier r\u00e9sistant aux intemp\u00e9ries - 12cu ft"},"content":{"rendered":"<ul class=\"a-unordered-list a-vertical a-spacing-mini\">\n<li class=\"a-spacing-mini\"><span class=\"a-list-item\">Capacity: 12 cubic feet; dimensions: 38 inch length x 34 inch width x 14-19 inch height<\/span><\/li>\n<li class=\"a-spacing-mini\"><span class=\"a-list-item\">100 percent waterproof with dual seam technology; sewn for strength\/welded waterproof<\/span><\/li>\n<li class=\"a-spacing-mini\"><span class=\"a-list-item\">Aerodynamically designed for wagons, crossovers, and sedans; will fit larger vehicles, with or without a roof rack<\/span><\/li>\n<li class=\"a-spacing-mini\"><span class=\"a-list-item\">PVC mesh, a nylon re-enforced PVC, and hydrotuff material, a PVC-backed polyester, UV resistant; zipright zipper system &#8211; a urethane coated zipper located on the protective flap keeps water out<\/span><\/li>\n<li class=\"a-spacing-mini\"><span class=\"a-list-item\">Includes: carrier, 4 nylon straps, stuff sack, and a sewn-in set up guide<\/span><\/li>\n<\/ul>","protected":false},"excerpt":{"rendered":"<div id=\"Desktop-Detailed-Evaluation-Zone\" class=\"celwidget\" data-feature-name=\"Desktop-Detailed-Evaluation-Zone\" data-csa-c-type=\"widget\" data-csa-c-content-id=\"Desktop-Detailed-Evaluation-Zone\" data-csa-c-slot-id=\"Desktop-Detailed-Evaluation-Zone\" data-csa-c-asin=\"\" data-csa-c-is-in-initial-active-row=\"false\" data-csa-c-id=\"7zablu-bf9ye3-shust0-c3a76u\" data-cel-widget=\"Desktop-Detailed-Evaluation-Zone\">\n<div id=\"productDescription_feature_div\" class=\"celwidget pd_rd_w-J00mD pd_rd_r-M9RVB2RJP8P6T08E6N7K pd_rd_wg-0iLJF\" data-feature-name=\"productDescription-3\" data-csa-c-type=\"widget\" data-csa-c-content-id=\"productDescription-3\" data-csa-c-slot-id=\"productDescription_feature_div\" data-csa-c-asin=\"\" data-csa-c-is-in-initial-active-row=\"false\" data-csa-c-id=\"221ph5-jzooll-hqaada-fdilqb\" data-cel-widget=\"productDescription_feature_div\">\n<div>\n<div id=\"productDescription_feature_div\" class=\"a-row feature\" data-feature-name=\"productDescription\" data-template-name=\"productDescription\" data-cel-widget=\"productDescription_feature_div\">\n<div id=\"productDescription\" class=\"a-section a-spacing-small\">\n<p>Le porte-bagages Rightline Gear Sport 1 est con\u00e7u de mani\u00e8re a\u00e9rodynamique pour aider \u00e0 \u00e9conomiser $$$ \u00e0 la pompe \u00e0 essence. Le porte-bagages est \u00e9tanche \u00e0 100%, se d\u00e9zippe aux 3\/4 pour faciliter le chargement et s'attache aux v\u00e9hicules AVEC ou SANS galerie de toit. Connectez les sangles du porte-bagages \u00e0 une galerie de toit, passez-les dans le v\u00e9hicule ou achetez les Rightline Gear Car Clips pour les attacher au cadre de la porte du v\u00e9hicule.<\/p>\n<\/div>\n<\/div>\n<\/div>\n<\/div>\n<\/div>","protected":false},"featured_media":11395,"comment_status":"open","ping_status":"closed","template":"","meta":[],"product_cat":[431],"product_tag":[],"class_list":{"0":"post-11394","1":"product","2":"type-product","3":"status-publish","4":"has-post-thumbnail","6":"product_cat-camping-rv-essentials","7":"product_shipping_class-class-1","9":"first","10":"instock","11":"taxable","12":"shipping-taxable","13":"purchasable","14":"product-type-simple"},"yoast_head":"<!-- This site is optimized with the Yoast SEO plugin v27.3 - https:\/\/yoast.com\/product\/yoast-seo-wordpress\/ -->\n<title>Rightline Gear Sport 1 Weatherproof Car Top Carrier - 12cu ft - Ks Products<\/title>\n<meta name=\"robots\" content=\"index, follow, max-snippet:-1, max-image-preview:large, max-video-preview:-1\" \/>\n<link rel=\"canonical\" href=\"https:\/\/ksproducts.ca\/fr\/product\/rightline-gear-sport-1-weatherproof-car-top-carrier-12cu-ft\/\" \/>\n<meta property=\"og:locale\" content=\"fr_CA\" \/>\n<meta property=\"og:type\" content=\"article\" \/>\n<meta property=\"og:title\" content=\"Rightline Gear Sport 1 Weatherproof Car Top Carrier - 12cu ft - Ks Products\" \/>\n<meta property=\"og:description\" content=\"The Rightline Gear Sport 1 Car Top Carrier is aerodynamically designed to help save $$$ at the gas pump. The carrier is 100% waterproof, unzips 3\/4 of the way around for easy loading, and attaches to vehicles WITH or WITHOUT a roof rack. Connect the carrier&#039;s straps to a roof rack, run them through the vehicle, or purchase the Rightline Gear Car Clips to attach them to the vehicle&#039;s door frame.\" \/>\n<meta property=\"og:url\" content=\"https:\/\/ksproducts.ca\/fr\/product\/rightline-gear-sport-1-weatherproof-car-top-carrier-12cu-ft\/\" \/>\n<meta property=\"og:site_name\" content=\"Ks Products\" \/>\n<meta property=\"article:modified_time\" content=\"2026-03-04T14:22:03+00:00\" \/>\n<meta property=\"og:image\" content=\"https:\/\/ksproducts.ca\/wp-content\/uploads\/2026\/03\/100S10.jpg\" \/>\n\t<meta property=\"og:image:width\" content=\"425\" \/>\n\t<meta property=\"og:image:height\" content=\"326\" \/>\n\t<meta property=\"og:image:type\" content=\"image\/jpeg\" \/>\n<meta name=\"twitter:card\" content=\"summary_large_image\" \/>\n<meta name=\"twitter:label1\" content=\"Estimation du temps de lecture\" \/>\n\t<meta name=\"twitter:data1\" content=\"1 minute\" \/>\n<script type=\"application\/ld+json\" class=\"yoast-schema-graph\">{\"@context\":\"https:\\\/\\\/schema.org\",\"@graph\":[{\"@type\":\"WebPage\",\"@id\":\"https:\\\/\\\/ksproducts.ca\\\/product\\\/rightline-gear-sport-1-weatherproof-car-top-carrier-12cu-ft\\\/\",\"url\":\"https:\\\/\\\/ksproducts.ca\\\/product\\\/rightline-gear-sport-1-weatherproof-car-top-carrier-12cu-ft\\\/\",\"name\":\"Rightline Gear Sport 1 Weatherproof Car Top Carrier - 12cu ft - Ks Products\",\"isPartOf\":{\"@id\":\"https:\\\/\\\/ksproducts.ca\\\/#website\"},\"primaryImageOfPage\":{\"@id\":\"https:\\\/\\\/ksproducts.ca\\\/product\\\/rightline-gear-sport-1-weatherproof-car-top-carrier-12cu-ft\\\/#primaryimage\"},\"image\":{\"@id\":\"https:\\\/\\\/ksproducts.ca\\\/product\\\/rightline-gear-sport-1-weatherproof-car-top-carrier-12cu-ft\\\/#primaryimage\"},\"thumbnailUrl\":\"https:\\\/\\\/ksproducts.ca\\\/wp-content\\\/uploads\\\/2026\\\/03\\\/100S10.jpg\",\"datePublished\":\"2026-03-04T14:21:13+00:00\",\"dateModified\":\"2026-03-04T14:22:03+00:00\",\"breadcrumb\":{\"@id\":\"https:\\\/\\\/ksproducts.ca\\\/product\\\/rightline-gear-sport-1-weatherproof-car-top-carrier-12cu-ft\\\/#breadcrumb\"},\"inLanguage\":\"fr-CA\",\"potentialAction\":[{\"@type\":\"ReadAction\",\"target\":[\"https:\\\/\\\/ksproducts.ca\\\/product\\\/rightline-gear-sport-1-weatherproof-car-top-carrier-12cu-ft\\\/\"]}]},{\"@type\":\"ImageObject\",\"inLanguage\":\"fr-CA\",\"@id\":\"https:\\\/\\\/ksproducts.ca\\\/product\\\/rightline-gear-sport-1-weatherproof-car-top-carrier-12cu-ft\\\/#primaryimage\",\"url\":\"https:\\\/\\\/ksproducts.ca\\\/wp-content\\\/uploads\\\/2026\\\/03\\\/100S10.jpg\",\"contentUrl\":\"https:\\\/\\\/ksproducts.ca\\\/wp-content\\\/uploads\\\/2026\\\/03\\\/100S10.jpg\",\"width\":425,\"height\":326,\"caption\":\"Rightline Gear Sport 1 Weatherproof Car Top Carrier - 12cu ft\"},{\"@type\":\"BreadcrumbList\",\"@id\":\"https:\\\/\\\/ksproducts.ca\\\/product\\\/rightline-gear-sport-1-weatherproof-car-top-carrier-12cu-ft\\\/#breadcrumb\",\"itemListElement\":[{\"@type\":\"ListItem\",\"position\":1,\"name\":\"Home\",\"item\":\"https:\\\/\\\/ksproducts.ca\\\/\"},{\"@type\":\"ListItem\",\"position\":2,\"name\":\"Shop\",\"item\":\"https:\\\/\\\/ksproducts.ca\\\/shop\\\/\"},{\"@type\":\"ListItem\",\"position\":3,\"name\":\"Rightline Gear Sport 1 Weatherproof Car Top Carrier &#8211; 12cu ft\"}]},{\"@type\":\"WebSite\",\"@id\":\"https:\\\/\\\/ksproducts.ca\\\/#website\",\"url\":\"https:\\\/\\\/ksproducts.ca\\\/\",\"name\":\"Ks Products\",\"description\":\"Outdoor cooking and living, made easy in Canada\",\"publisher\":{\"@id\":\"https:\\\/\\\/ksproducts.ca\\\/#organization\"},\"potentialAction\":[{\"@type\":\"SearchAction\",\"target\":{\"@type\":\"EntryPoint\",\"urlTemplate\":\"https:\\\/\\\/ksproducts.ca\\\/?s={search_term_string}\"},\"query-input\":{\"@type\":\"PropertyValueSpecification\",\"valueRequired\":true,\"valueName\":\"search_term_string\"}}],\"inLanguage\":\"fr-CA\"},{\"@type\":\"Organization\",\"@id\":\"https:\\\/\\\/ksproducts.ca\\\/#organization\",\"name\":\"Ks Products\",\"url\":\"https:\\\/\\\/ksproducts.ca\\\/\",\"logo\":{\"@type\":\"ImageObject\",\"inLanguage\":\"fr-CA\",\"@id\":\"https:\\\/\\\/ksproducts.ca\\\/#\\\/schema\\\/logo\\\/image\\\/\",\"url\":\"https:\\\/\\\/ksproducts.ca\\\/wp-content\\\/uploads\\\/2023\\\/09\\\/Kennedy-Sales-Logo-header-1.png\",\"contentUrl\":\"https:\\\/\\\/ksproducts.ca\\\/wp-content\\\/uploads\\\/2023\\\/09\\\/Kennedy-Sales-Logo-header-1.png\",\"width\":150,\"height\":77,\"caption\":\"Ks Products\"},\"image\":{\"@id\":\"https:\\\/\\\/ksproducts.ca\\\/#\\\/schema\\\/logo\\\/image\\\/\"}}]}<\/script>\n<!-- \/ Yoast SEO plugin. -->","yoast_head_json":{"title":"Rightline Gear Sport 1 Weatherproof Car Top Carrier - 12cu ft - Ks Products","robots":{"index":"index","follow":"follow","max-snippet":"max-snippet:-1","max-image-preview":"max-image-preview:large","max-video-preview":"max-video-preview:-1"},"canonical":"https:\/\/ksproducts.ca\/fr\/product\/rightline-gear-sport-1-weatherproof-car-top-carrier-12cu-ft\/","og_locale":"fr_CA","og_type":"article","og_title":"Rightline Gear Sport 1 Weatherproof Car Top Carrier - 12cu ft - Ks Products","og_description":"The Rightline Gear Sport 1 Car Top Carrier is aerodynamically designed to help save $$$ at the gas pump. The carrier is 100% waterproof, unzips 3\/4 of the way around for easy loading, and attaches to vehicles WITH or WITHOUT a roof rack. Connect the carrier's straps to a roof rack, run them through the vehicle, or purchase the Rightline Gear Car Clips to attach them to the vehicle's door frame.","og_url":"https:\/\/ksproducts.ca\/fr\/product\/rightline-gear-sport-1-weatherproof-car-top-carrier-12cu-ft\/","og_site_name":"Ks Products","article_modified_time":"2026-03-04T14:22:03+00:00","og_image":[{"width":425,"height":326,"url":"https:\/\/ksproducts.ca\/wp-content\/uploads\/2026\/03\/100S10.jpg","type":"image\/jpeg"}],"twitter_card":"summary_large_image","twitter_misc":{"Estimation du temps de lecture":"1 minute"},"schema":{"@context":"https:\/\/schema.org","@graph":[{"@type":"WebPage","@id":"https:\/\/ksproducts.ca\/product\/rightline-gear-sport-1-weatherproof-car-top-carrier-12cu-ft\/","url":"https:\/\/ksproducts.ca\/product\/rightline-gear-sport-1-weatherproof-car-top-carrier-12cu-ft\/","name":"Rightline Gear Sport 1 Weatherproof Car Top Carrier - 12cu ft - Ks Products","isPartOf":{"@id":"https:\/\/ksproducts.ca\/#website"},"primaryImageOfPage":{"@id":"https:\/\/ksproducts.ca\/product\/rightline-gear-sport-1-weatherproof-car-top-carrier-12cu-ft\/#primaryimage"},"image":{"@id":"https:\/\/ksproducts.ca\/product\/rightline-gear-sport-1-weatherproof-car-top-carrier-12cu-ft\/#primaryimage"},"thumbnailUrl":"https:\/\/ksproducts.ca\/wp-content\/uploads\/2026\/03\/100S10.jpg","datePublished":"2026-03-04T14:21:13+00:00","dateModified":"2026-03-04T14:22:03+00:00","breadcrumb":{"@id":"https:\/\/ksproducts.ca\/product\/rightline-gear-sport-1-weatherproof-car-top-carrier-12cu-ft\/#breadcrumb"},"inLanguage":"fr-CA","potentialAction":[{"@type":"ReadAction","target":["https:\/\/ksproducts.ca\/product\/rightline-gear-sport-1-weatherproof-car-top-carrier-12cu-ft\/"]}]},{"@type":"ImageObject","inLanguage":"fr-CA","@id":"https:\/\/ksproducts.ca\/product\/rightline-gear-sport-1-weatherproof-car-top-carrier-12cu-ft\/#primaryimage","url":"https:\/\/ksproducts.ca\/wp-content\/uploads\/2026\/03\/100S10.jpg","contentUrl":"https:\/\/ksproducts.ca\/wp-content\/uploads\/2026\/03\/100S10.jpg","width":425,"height":326,"caption":"Rightline Gear Sport 1 Weatherproof Car Top Carrier - 12cu ft"},{"@type":"BreadcrumbList","@id":"https:\/\/ksproducts.ca\/product\/rightline-gear-sport-1-weatherproof-car-top-carrier-12cu-ft\/#breadcrumb","itemListElement":[{"@type":"ListItem","position":1,"name":"Home","item":"https:\/\/ksproducts.ca\/"},{"@type":"ListItem","position":2,"name":"Shop","item":"https:\/\/ksproducts.ca\/shop\/"},{"@type":"ListItem","position":3,"name":"Rightline Gear Sport 1 Weatherproof Car Top Carrier &#8211; 12cu ft"}]},{"@type":"WebSite","@id":"https:\/\/ksproducts.ca\/#website","url":"https:\/\/ksproducts.ca\/","name":"Produits Ks","description":"Cuisiner et vivre en plein air, c'est facile au Canada","publisher":{"@id":"https:\/\/ksproducts.ca\/#organization"},"potentialAction":[{"@type":"SearchAction","target":{"@type":"EntryPoint","urlTemplate":"https:\/\/ksproducts.ca\/?s={search_term_string}"},"query-input":{"@type":"PropertyValueSpecification","valueRequired":true,"valueName":"search_term_string"}}],"inLanguage":"fr-CA"},{"@type":"Organization","@id":"https:\/\/ksproducts.ca\/#organization","name":"Produits Ks","url":"https:\/\/ksproducts.ca\/","logo":{"@type":"ImageObject","inLanguage":"fr-CA","@id":"https:\/\/ksproducts.ca\/#\/schema\/logo\/image\/","url":"https:\/\/ksproducts.ca\/wp-content\/uploads\/2023\/09\/Kennedy-Sales-Logo-header-1.png","contentUrl":"https:\/\/ksproducts.ca\/wp-content\/uploads\/2023\/09\/Kennedy-Sales-Logo-header-1.png","width":150,"height":77,"caption":"Ks Products"},"image":{"@id":"https:\/\/ksproducts.ca\/#\/schema\/logo\/image\/"}}]}},"_links":{"self":[{"href":"https:\/\/ksproducts.ca\/fr\/wp-json\/wp\/v2\/product\/11394","targetHints":{"allow":["GET"]}}],"collection":[{"href":"https:\/\/ksproducts.ca\/fr\/wp-json\/wp\/v2\/product"}],"about":[{"href":"https:\/\/ksproducts.ca\/fr\/wp-json\/wp\/v2\/types\/product"}],"replies":[{"embeddable":true,"href":"https:\/\/ksproducts.ca\/fr\/wp-json\/wp\/v2\/comments?post=11394"}],"version-history":[{"count":1,"href":"https:\/\/ksproducts.ca\/fr\/wp-json\/wp\/v2\/product\/11394\/revisions"}],"predecessor-version":[{"id":11396,"href":"https:\/\/ksproducts.ca\/fr\/wp-json\/wp\/v2\/product\/11394\/revisions\/11396"}],"wp:featuredmedia":[{"embeddable":true,"href":"https:\/\/ksproducts.ca\/fr\/wp-json\/wp\/v2\/media\/11395"}],"wp:attachment":[{"href":"https:\/\/ksproducts.ca\/fr\/wp-json\/wp\/v2\/media?parent=11394"}],"wp:term":[{"taxonomy":"product_cat","embeddable":true,"href":"https:\/\/ksproducts.ca\/fr\/wp-json\/wp\/v2\/product_cat?post=11394"},{"taxonomy":"product_tag","embeddable":true,"href":"https:\/\/ksproducts.ca\/fr\/wp-json\/wp\/v2\/product_tag?post=11394"}],"curies":[{"name":"wp","href":"https:\/\/api.w.org\/{rel}","templated":true}]}}