{"id":11397,"date":"2026-03-04T14:24:49","date_gmt":"2026-03-04T14:24:49","guid":{"rendered":"https:\/\/ksproducts.ca\/?post_type=product&#038;p=11397"},"modified":"2026-03-04T14:24:50","modified_gmt":"2026-03-04T14:24:50","slug":"porte-bagages-de-toit-sport-2-etanche-de-rightline-gear-15-pieds-cubes","status":"publish","type":"product","link":"https:\/\/ksproducts.ca\/fr\/product\/rightline-gear-sport-2-weatherproof-car-top-carrier-15cu-ft\/","title":{"rendered":"Rightline Gear Sport 2 Car Top Carrier r\u00e9sistant aux intemp\u00e9ries - 15cu ft"},"content":{"rendered":"<ul class=\"a-unordered-list a-vertical a-spacing-mini\">\n<li class=\"a-spacing-mini\"><span class=\"a-list-item\">Capacit\u00e9: 15 pieds cubes; dimensions: longueur 44 pouces x largeur 36 pouces x hauteur 14-19 pouces<\/span><\/li>\n<li class=\"a-spacing-mini\"><span class=\"a-list-item\">100 % \u00e9tanche gr\u00e2ce \u00e0 une technologie \u00e0 double couture ; cousu pour la r\u00e9sistance \/ soud\u00e9 et \u00e9tanche<\/span><\/li>\n<li class=\"a-spacing-mini\"><span class=\"a-list-item\">Con\u00e7u a\u00e9rodynamiquement pour les SUV, crossovers et monospaces, avec ou sans galerie de toit<\/span><\/li>\n<li class=\"a-spacing-mini\"><span class=\"a-list-item\">Fabriqu\u00e9 en nylon mesh renforc\u00e9 de PVC et en mat\u00e9riau hydrotuff (polyester enduit de PVC), r\u00e9sistant aux UV ; syst\u00e8me de fermeture \u00e9clair droite ; une fermeture \u00e9clair enduite d'ur\u00e9thane situ\u00e9e sur le rabat de protection emp\u00eache l'eau de p\u00e9n\u00e9trer<\/span><\/li>\n<li class=\"a-spacing-mini\"><span class=\"a-list-item\">Comprend : support, (4) sangles, guide d'installation cousu et sac de rangement<\/span><\/li>\n<\/ul>","protected":false},"excerpt":{"rendered":"<p>Le porte-bagages Rightline Gear Sport 2 est con\u00e7u de mani\u00e8re a\u00e9rodynamique pour aider \u00e0 \u00e9conomiser \u00e0 la pompe \u00e0 essence. Le porte-bagages est 100 % \u00e9tanche, se d\u00e9zippe aux trois quarts pour faciliter le chargement et s'attache \u00e0 un v\u00e9hicule avec ou sans galerie de toit. Connectez les sangles du porte-bagages \u00e0 une galerie de toit, passez-les \u00e0 travers le v\u00e9hicule ou ajoutez les clips de voiture Rightline Gear (achet\u00e9s s\u00e9par\u00e9ment) pour les attacher au cadre de la porte du v\u00e9hicule.<\/p>","protected":false},"featured_media":11398,"comment_status":"open","ping_status":"closed","template":"","meta":[],"product_cat":[431],"product_tag":[],"class_list":{"0":"post-11397","1":"product","2":"type-product","3":"status-publish","4":"has-post-thumbnail","6":"product_cat-camping-rv-essentials","7":"product_shipping_class-class-1","9":"first","10":"instock","11":"taxable","12":"shipping-taxable","13":"purchasable","14":"product-type-simple"},"yoast_head":"<!-- This site is optimized with the Yoast SEO plugin v27.4 - https:\/\/yoast.com\/product\/yoast-seo-wordpress\/ -->\n<title>Rightline Gear Sport 2 Weatherproof Car Top Carrier - 15cu ft - Ks Products<\/title>\n<meta name=\"robots\" content=\"index, follow, max-snippet:-1, max-image-preview:large, max-video-preview:-1\" \/>\n<link rel=\"canonical\" href=\"https:\/\/ksproducts.ca\/fr\/product\/porte-bagages-de-toit-sport-2-etanche-de-rightline-gear-15-pieds-cubes\/\" \/>\n<meta property=\"og:locale\" content=\"fr_CA\" \/>\n<meta property=\"og:type\" content=\"article\" \/>\n<meta property=\"og:title\" content=\"Rightline Gear Sport 2 Weatherproof Car Top Carrier - 15cu ft - Ks Products\" \/>\n<meta property=\"og:description\" content=\"The Rightline Gear Sport 2 Car Top Carrier is aerodynamically designed to help save at the gas pump. The carrier is 100 percent waterproof, unzips 3\/4 of the way around for easy loading, and attaches to vehicle with or without a roof rack. Connect the carrier&#039;s straps to a roof rack, run them through the vehicle, or add the Rightline Gear car clips (purchased separately) to attach them to the vehicle&#039;s door frame.\" \/>\n<meta property=\"og:url\" content=\"https:\/\/ksproducts.ca\/fr\/product\/porte-bagages-de-toit-sport-2-etanche-de-rightline-gear-15-pieds-cubes\/\" \/>\n<meta property=\"og:site_name\" content=\"Ks Products\" \/>\n<meta property=\"article:modified_time\" content=\"2026-03-04T14:24:50+00:00\" \/>\n<meta property=\"og:image\" content=\"https:\/\/ksproducts.ca\/wp-content\/uploads\/2026\/03\/Rightline-Gear-Sport-2-Weatherproof-Car-Top-Carrier-15cu-ft.jpg\" \/>\n\t<meta property=\"og:image:width\" content=\"425\" \/>\n\t<meta property=\"og:image:height\" content=\"362\" \/>\n\t<meta property=\"og:image:type\" content=\"image\/jpeg\" \/>\n<meta name=\"twitter:card\" content=\"summary_large_image\" \/>\n<meta name=\"twitter:label1\" content=\"Estimation du temps de lecture\" \/>\n\t<meta name=\"twitter:data1\" content=\"1 minute\" \/>\n<script type=\"application\/ld+json\" class=\"yoast-schema-graph\">{\"@context\":\"https:\\\/\\\/schema.org\",\"@graph\":[{\"@type\":\"WebPage\",\"@id\":\"https:\\\/\\\/ksproducts.ca\\\/product\\\/rightline-gear-sport-2-weatherproof-car-top-carrier-15cu-ft\\\/\",\"url\":\"https:\\\/\\\/ksproducts.ca\\\/product\\\/rightline-gear-sport-2-weatherproof-car-top-carrier-15cu-ft\\\/\",\"name\":\"Rightline Gear Sport 2 Weatherproof Car Top Carrier - 15cu ft - Ks Products\",\"isPartOf\":{\"@id\":\"https:\\\/\\\/ksproducts.ca\\\/#website\"},\"primaryImageOfPage\":{\"@id\":\"https:\\\/\\\/ksproducts.ca\\\/product\\\/rightline-gear-sport-2-weatherproof-car-top-carrier-15cu-ft\\\/#primaryimage\"},\"image\":{\"@id\":\"https:\\\/\\\/ksproducts.ca\\\/product\\\/rightline-gear-sport-2-weatherproof-car-top-carrier-15cu-ft\\\/#primaryimage\"},\"thumbnailUrl\":\"https:\\\/\\\/ksproducts.ca\\\/wp-content\\\/uploads\\\/2026\\\/03\\\/Rightline-Gear-Sport-2-Weatherproof-Car-Top-Carrier-15cu-ft.jpg\",\"datePublished\":\"2026-03-04T14:24:49+00:00\",\"dateModified\":\"2026-03-04T14:24:50+00:00\",\"breadcrumb\":{\"@id\":\"https:\\\/\\\/ksproducts.ca\\\/product\\\/rightline-gear-sport-2-weatherproof-car-top-carrier-15cu-ft\\\/#breadcrumb\"},\"inLanguage\":\"fr-CA\",\"potentialAction\":[{\"@type\":\"ReadAction\",\"target\":[\"https:\\\/\\\/ksproducts.ca\\\/product\\\/rightline-gear-sport-2-weatherproof-car-top-carrier-15cu-ft\\\/\"]}]},{\"@type\":\"ImageObject\",\"inLanguage\":\"fr-CA\",\"@id\":\"https:\\\/\\\/ksproducts.ca\\\/product\\\/rightline-gear-sport-2-weatherproof-car-top-carrier-15cu-ft\\\/#primaryimage\",\"url\":\"https:\\\/\\\/ksproducts.ca\\\/wp-content\\\/uploads\\\/2026\\\/03\\\/Rightline-Gear-Sport-2-Weatherproof-Car-Top-Carrier-15cu-ft.jpg\",\"contentUrl\":\"https:\\\/\\\/ksproducts.ca\\\/wp-content\\\/uploads\\\/2026\\\/03\\\/Rightline-Gear-Sport-2-Weatherproof-Car-Top-Carrier-15cu-ft.jpg\",\"width\":425,\"height\":362,\"caption\":\"Rightline Gear Sport 2 Weatherproof Car Top Carrier 15cu ft\"},{\"@type\":\"BreadcrumbList\",\"@id\":\"https:\\\/\\\/ksproducts.ca\\\/product\\\/rightline-gear-sport-2-weatherproof-car-top-carrier-15cu-ft\\\/#breadcrumb\",\"itemListElement\":[{\"@type\":\"ListItem\",\"position\":1,\"name\":\"Home\",\"item\":\"https:\\\/\\\/ksproducts.ca\\\/\"},{\"@type\":\"ListItem\",\"position\":2,\"name\":\"Shop\",\"item\":\"https:\\\/\\\/ksproducts.ca\\\/shop\\\/\"},{\"@type\":\"ListItem\",\"position\":3,\"name\":\"Rightline Gear Sport 2 Weatherproof Car Top Carrier &#8211; 15cu ft\"}]},{\"@type\":\"WebSite\",\"@id\":\"https:\\\/\\\/ksproducts.ca\\\/#website\",\"url\":\"https:\\\/\\\/ksproducts.ca\\\/\",\"name\":\"Ks Products\",\"description\":\"Outdoor cooking and living, made easy in Canada\",\"publisher\":{\"@id\":\"https:\\\/\\\/ksproducts.ca\\\/#organization\"},\"potentialAction\":[{\"@type\":\"SearchAction\",\"target\":{\"@type\":\"EntryPoint\",\"urlTemplate\":\"https:\\\/\\\/ksproducts.ca\\\/?s={search_term_string}\"},\"query-input\":{\"@type\":\"PropertyValueSpecification\",\"valueRequired\":true,\"valueName\":\"search_term_string\"}}],\"inLanguage\":\"fr-CA\"},{\"@type\":\"Organization\",\"@id\":\"https:\\\/\\\/ksproducts.ca\\\/#organization\",\"name\":\"Ks Products\",\"url\":\"https:\\\/\\\/ksproducts.ca\\\/\",\"logo\":{\"@type\":\"ImageObject\",\"inLanguage\":\"fr-CA\",\"@id\":\"https:\\\/\\\/ksproducts.ca\\\/#\\\/schema\\\/logo\\\/image\\\/\",\"url\":\"https:\\\/\\\/ksproducts.ca\\\/wp-content\\\/uploads\\\/2023\\\/09\\\/Kennedy-Sales-Logo-header-1.png\",\"contentUrl\":\"https:\\\/\\\/ksproducts.ca\\\/wp-content\\\/uploads\\\/2023\\\/09\\\/Kennedy-Sales-Logo-header-1.png\",\"width\":150,\"height\":77,\"caption\":\"Ks Products\"},\"image\":{\"@id\":\"https:\\\/\\\/ksproducts.ca\\\/#\\\/schema\\\/logo\\\/image\\\/\"}}]}<\/script>\n<!-- \/ Yoast SEO plugin. -->","yoast_head_json":{"title":"Rightline Gear Sport 2 Porte-bagages de toit imperm\u00e9able - 15 pieds cubes - Produits Ks","robots":{"index":"index","follow":"follow","max-snippet":"max-snippet:-1","max-image-preview":"max-image-preview:large","max-video-preview":"max-video-preview:-1"},"canonical":"https:\/\/ksproducts.ca\/fr\/product\/porte-bagages-de-toit-sport-2-etanche-de-rightline-gear-15-pieds-cubes\/","og_locale":"fr_CA","og_type":"article","og_title":"Rightline Gear Sport 2 Weatherproof Car Top Carrier - 15cu ft - Ks Products","og_description":"The Rightline Gear Sport 2 Car Top Carrier is aerodynamically designed to help save at the gas pump. The carrier is 100 percent waterproof, unzips 3\/4 of the way around for easy loading, and attaches to vehicle with or without a roof rack. Connect the carrier's straps to a roof rack, run them through the vehicle, or add the Rightline Gear car clips (purchased separately) to attach them to the vehicle's door frame.","og_url":"https:\/\/ksproducts.ca\/fr\/product\/porte-bagages-de-toit-sport-2-etanche-de-rightline-gear-15-pieds-cubes\/","og_site_name":"Ks Products","article_modified_time":"2026-03-04T14:24:50+00:00","og_image":[{"width":425,"height":362,"url":"https:\/\/ksproducts.ca\/wp-content\/uploads\/2026\/03\/Rightline-Gear-Sport-2-Weatherproof-Car-Top-Carrier-15cu-ft.jpg","type":"image\/jpeg"}],"twitter_card":"summary_large_image","twitter_misc":{"Estimation du temps de lecture":"1 minute"},"schema":{"@context":"https:\/\/schema.org","@graph":[{"@type":"WebPage","@id":"https:\/\/ksproducts.ca\/product\/rightline-gear-sport-2-weatherproof-car-top-carrier-15cu-ft\/","url":"https:\/\/ksproducts.ca\/product\/rightline-gear-sport-2-weatherproof-car-top-carrier-15cu-ft\/","name":"Rightline Gear Sport 2 Porte-bagages de toit imperm\u00e9able - 15 pieds cubes - Produits Ks","isPartOf":{"@id":"https:\/\/ksproducts.ca\/#website"},"primaryImageOfPage":{"@id":"https:\/\/ksproducts.ca\/product\/rightline-gear-sport-2-weatherproof-car-top-carrier-15cu-ft\/#primaryimage"},"image":{"@id":"https:\/\/ksproducts.ca\/product\/rightline-gear-sport-2-weatherproof-car-top-carrier-15cu-ft\/#primaryimage"},"thumbnailUrl":"https:\/\/ksproducts.ca\/wp-content\/uploads\/2026\/03\/Rightline-Gear-Sport-2-Weatherproof-Car-Top-Carrier-15cu-ft.jpg","datePublished":"2026-03-04T14:24:49+00:00","dateModified":"2026-03-04T14:24:50+00:00","breadcrumb":{"@id":"https:\/\/ksproducts.ca\/product\/rightline-gear-sport-2-weatherproof-car-top-carrier-15cu-ft\/#breadcrumb"},"inLanguage":"fr-CA","potentialAction":[{"@type":"ReadAction","target":["https:\/\/ksproducts.ca\/product\/rightline-gear-sport-2-weatherproof-car-top-carrier-15cu-ft\/"]}]},{"@type":"ImageObject","inLanguage":"fr-CA","@id":"https:\/\/ksproducts.ca\/product\/rightline-gear-sport-2-weatherproof-car-top-carrier-15cu-ft\/#primaryimage","url":"https:\/\/ksproducts.ca\/wp-content\/uploads\/2026\/03\/Rightline-Gear-Sport-2-Weatherproof-Car-Top-Carrier-15cu-ft.jpg","contentUrl":"https:\/\/ksproducts.ca\/wp-content\/uploads\/2026\/03\/Rightline-Gear-Sport-2-Weatherproof-Car-Top-Carrier-15cu-ft.jpg","width":425,"height":362,"caption":"Rightline Gear Sport 2 Weatherproof Car Top Carrier 15cu ft"},{"@type":"BreadcrumbList","@id":"https:\/\/ksproducts.ca\/product\/rightline-gear-sport-2-weatherproof-car-top-carrier-15cu-ft\/#breadcrumb","itemListElement":[{"@type":"ListItem","position":1,"name":"Home","item":"https:\/\/ksproducts.ca\/"},{"@type":"ListItem","position":2,"name":"Shop","item":"https:\/\/ksproducts.ca\/shop\/"},{"@type":"ListItem","position":3,"name":"Rightline Gear Sport 2 Weatherproof Car Top Carrier &#8211; 15cu ft"}]},{"@type":"WebSite","@id":"https:\/\/ksproducts.ca\/#website","url":"https:\/\/ksproducts.ca\/","name":"Produits Ks","description":"Cuisiner et vivre en plein air, c'est facile au Canada","publisher":{"@id":"https:\/\/ksproducts.ca\/#organization"},"potentialAction":[{"@type":"SearchAction","target":{"@type":"EntryPoint","urlTemplate":"https:\/\/ksproducts.ca\/?s={search_term_string}"},"query-input":{"@type":"PropertyValueSpecification","valueRequired":true,"valueName":"search_term_string"}}],"inLanguage":"fr-CA"},{"@type":"Organization","@id":"https:\/\/ksproducts.ca\/#organization","name":"Produits Ks","url":"https:\/\/ksproducts.ca\/","logo":{"@type":"ImageObject","inLanguage":"fr-CA","@id":"https:\/\/ksproducts.ca\/#\/schema\/logo\/image\/","url":"https:\/\/ksproducts.ca\/wp-content\/uploads\/2023\/09\/Kennedy-Sales-Logo-header-1.png","contentUrl":"https:\/\/ksproducts.ca\/wp-content\/uploads\/2023\/09\/Kennedy-Sales-Logo-header-1.png","width":150,"height":77,"caption":"Ks Products"},"image":{"@id":"https:\/\/ksproducts.ca\/#\/schema\/logo\/image\/"}}]}},"_links":{"self":[{"href":"https:\/\/ksproducts.ca\/fr\/wp-json\/wp\/v2\/product\/11397","targetHints":{"allow":["GET"]}}],"collection":[{"href":"https:\/\/ksproducts.ca\/fr\/wp-json\/wp\/v2\/product"}],"about":[{"href":"https:\/\/ksproducts.ca\/fr\/wp-json\/wp\/v2\/types\/product"}],"replies":[{"embeddable":true,"href":"https:\/\/ksproducts.ca\/fr\/wp-json\/wp\/v2\/comments?post=11397"}],"version-history":[{"count":1,"href":"https:\/\/ksproducts.ca\/fr\/wp-json\/wp\/v2\/product\/11397\/revisions"}],"predecessor-version":[{"id":11399,"href":"https:\/\/ksproducts.ca\/fr\/wp-json\/wp\/v2\/product\/11397\/revisions\/11399"}],"wp:featuredmedia":[{"embeddable":true,"href":"https:\/\/ksproducts.ca\/fr\/wp-json\/wp\/v2\/media\/11398"}],"wp:attachment":[{"href":"https:\/\/ksproducts.ca\/fr\/wp-json\/wp\/v2\/media?parent=11397"}],"wp:term":[{"taxonomy":"product_cat","embeddable":true,"href":"https:\/\/ksproducts.ca\/fr\/wp-json\/wp\/v2\/product_cat?post=11397"},{"taxonomy":"product_tag","embeddable":true,"href":"https:\/\/ksproducts.ca\/fr\/wp-json\/wp\/v2\/product_tag?post=11397"}],"curies":[{"name":"wp","href":"https:\/\/api.w.org\/{rel}","templated":true}]}}