{"id":11400,"date":"2026-03-04T14:28:23","date_gmt":"2026-03-04T14:28:23","guid":{"rendered":"https:\/\/ksproducts.ca\/?post_type=product&#038;p=11400"},"modified":"2026-03-04T14:28:23","modified_gmt":"2026-03-04T14:28:23","slug":"rightline-gear-sport-3-car-top-carrier-etanche-18cu-ft","status":"publish","type":"product","link":"https:\/\/ksproducts.ca\/fr\/product\/rightline-gear-sport-3-weatherproof-car-top-carrier-18cu-ft\/","title":{"rendered":"Rightline Gear Sport 3 Car Top Carrier r\u00e9sistant aux intemp\u00e9ries - 18cu ft"},"content":{"rendered":"<ul class=\"acl-lheight--large acl-text-size--medium acl-list acl-list--type--bulleted acl-text-size--small\" type=\"bulleted\">\n<li class=\"acl-lheight--regular acl-my--xx-small acl-text-size--small acl-list-item\">Capacit\u00e9 : 18 pi\u00b3<\/li>\n<\/ul>\n<ul class=\"acl-lheight--large acl-text-size--medium acl-list acl-list--type--bulleted acl-text-size--small\" type=\"bulleted\">\n<li class=\"acl-lheight--regular acl-my--xx-small acl-text-size--small acl-list-item\">Dimensions : 48\u2033 Long x 36\u2033 Large x 18\u2033 Haut<\/li>\n<\/ul>\n<ul class=\"acl-lheight--large acl-text-size--medium acl-list acl-list--type--bulleted acl-text-size--small\" type=\"bulleted\">\n<li class=\"acl-lheight--regular acl-my--xx-small acl-text-size--small acl-list-item\">Con\u00e7u pour les VUS et les minifourgonnettes, AVEC ou SANS galerie de toit<\/li>\n<\/ul>\n<ul class=\"acl-lheight--large acl-text-size--medium acl-list acl-list--type--bulleted acl-text-size--small\" type=\"bulleted\">\n<li class=\"acl-lheight--regular acl-my--xx-small acl-text-size--small acl-list-item\">100% imperm\u00e9able avec coutures soud\u00e9es et fermeture \u00e0 glissi\u00e8re imperm\u00e9able SZIP ; pas de rabat de fermeture \u00e0 glissi\u00e8re n\u00e9cessaire<\/li>\n<\/ul>\n<ul class=\"acl-lheight--large acl-text-size--medium acl-list acl-list--type--bulleted acl-text-size--small\" type=\"bulleted\">\n<li class=\"acl-lheight--regular acl-my--xx-small acl-text-size--small acl-list-item\">Le compartiment avant ferm\u00e9 permet d'ajuster votre \u00e9quipement \u00e0 la taille du sac et emp\u00eache le remplissage excessif.<\/li>\n<\/ul>\n<ul class=\"acl-lheight--large acl-text-size--medium acl-list acl-list--type--bulleted acl-text-size--small\" type=\"bulleted\">\n<li class=\"acl-lheight--regular acl-my--xx-small acl-text-size--small acl-list-item\">Comprend : porte-b\u00e9b\u00e9, (4) sangles de fixation, (4) clips de voiture et sac de rangement avec guide d'installation cousu<\/li>\n<\/ul>","protected":false},"excerpt":{"rendered":"<p>Le porte-bagages Rightline Gear Sport 3 est \u00e9tanche (100%) et se fixe aux v\u00e9hicules AVEC ou SANS galerie de toit. Attachez les sangles du porte-bagages \u00e0 la galerie de toit du v\u00e9hicule ou utilisez les Car Clips pour attacher les sangles \u00e0 la moulure d'\u00e9tanch\u00e9it\u00e9 du cadre de la porte du v\u00e9hicule. Le porte-bagages est fabriqu\u00e9 en PVC Semi-Coated Mesh XT prot\u00e9g\u00e9 contre les UV pour une durabilit\u00e9 maximale. La m\u00e9thode de fixation intuitive et la conception simplifi\u00e9e des porte-bagages Sport facilitent le transport de marchandises suppl\u00e9mentaires. Le Sport 3 est l'un des plus grands sacs de toit de voiture sur le march\u00e9.<\/p>","protected":false},"featured_media":11401,"comment_status":"open","ping_status":"closed","template":"","meta":[],"product_cat":[431],"product_tag":[],"class_list":{"0":"post-11400","1":"product","2":"type-product","3":"status-publish","4":"has-post-thumbnail","6":"product_cat-camping-rv-essentials","7":"product_shipping_class-class-1","9":"first","10":"instock","11":"taxable","12":"shipping-taxable","13":"purchasable","14":"product-type-simple"},"yoast_head":"<!-- This site is optimized with the Yoast SEO plugin v27.4 - https:\/\/yoast.com\/product\/yoast-seo-wordpress\/ -->\n<title>Rightline Gear Sport 3 Weatherproof Car Top Carrier - 18cu ft - Ks Products<\/title>\n<meta name=\"robots\" content=\"index, follow, max-snippet:-1, max-image-preview:large, max-video-preview:-1\" \/>\n<link rel=\"canonical\" href=\"https:\/\/ksproducts.ca\/fr\/product\/rightline-gear-sport-3-car-top-carrier-etanche-18cu-ft\/\" \/>\n<meta property=\"og:locale\" content=\"fr_CA\" \/>\n<meta property=\"og:type\" content=\"article\" \/>\n<meta property=\"og:title\" content=\"Rightline Gear Sport 3 Weatherproof Car Top Carrier - 18cu ft - Ks Products\" \/>\n<meta property=\"og:description\" content=\"The Rightline Gear Sport 3 Car Top Carrier is 100% waterproof and attaches to vehicles WITH or WITHOUT a roof rack. Attach the carrier&#039;s straps to a vehicles roof rack or use the Car Clips to attach the straps to a vehicle&#039;s door frame weather molding. The carrier is made from UV protected PVC Semi-Coated Mesh XT for maximum durability. The intuitive attachment method and simplified design of the Sport Carriers make carrying extra cargo easy. The Sport 3 is one of the largest car top bags on the market.\" \/>\n<meta property=\"og:url\" content=\"https:\/\/ksproducts.ca\/fr\/product\/rightline-gear-sport-3-car-top-carrier-etanche-18cu-ft\/\" \/>\n<meta property=\"og:site_name\" content=\"Ks Products\" \/>\n<meta property=\"og:image\" content=\"https:\/\/ksproducts.ca\/wp-content\/uploads\/2026\/03\/Rightline-Gear-Sport-3-Weatherproof-Car-Top-Carrier-18cu-ft.jpg\" \/>\n\t<meta property=\"og:image:width\" content=\"600\" \/>\n\t<meta property=\"og:image:height\" content=\"600\" \/>\n\t<meta property=\"og:image:type\" content=\"image\/jpeg\" \/>\n<meta name=\"twitter:card\" content=\"summary_large_image\" \/>\n<meta name=\"twitter:label1\" content=\"Estimation du temps de lecture\" \/>\n\t<meta name=\"twitter:data1\" content=\"1 minute\" \/>\n<script type=\"application\/ld+json\" class=\"yoast-schema-graph\">{\"@context\":\"https:\\\/\\\/schema.org\",\"@graph\":[{\"@type\":\"WebPage\",\"@id\":\"https:\\\/\\\/ksproducts.ca\\\/product\\\/rightline-gear-sport-3-weatherproof-car-top-carrier-18cu-ft\\\/\",\"url\":\"https:\\\/\\\/ksproducts.ca\\\/product\\\/rightline-gear-sport-3-weatherproof-car-top-carrier-18cu-ft\\\/\",\"name\":\"Rightline Gear Sport 3 Weatherproof Car Top Carrier - 18cu ft - Ks Products\",\"isPartOf\":{\"@id\":\"https:\\\/\\\/ksproducts.ca\\\/#website\"},\"primaryImageOfPage\":{\"@id\":\"https:\\\/\\\/ksproducts.ca\\\/product\\\/rightline-gear-sport-3-weatherproof-car-top-carrier-18cu-ft\\\/#primaryimage\"},\"image\":{\"@id\":\"https:\\\/\\\/ksproducts.ca\\\/product\\\/rightline-gear-sport-3-weatherproof-car-top-carrier-18cu-ft\\\/#primaryimage\"},\"thumbnailUrl\":\"https:\\\/\\\/ksproducts.ca\\\/wp-content\\\/uploads\\\/2026\\\/03\\\/Rightline-Gear-Sport-3-Weatherproof-Car-Top-Carrier-18cu-ft.jpg\",\"datePublished\":\"2026-03-04T14:28:23+00:00\",\"breadcrumb\":{\"@id\":\"https:\\\/\\\/ksproducts.ca\\\/product\\\/rightline-gear-sport-3-weatherproof-car-top-carrier-18cu-ft\\\/#breadcrumb\"},\"inLanguage\":\"fr-CA\",\"potentialAction\":[{\"@type\":\"ReadAction\",\"target\":[\"https:\\\/\\\/ksproducts.ca\\\/product\\\/rightline-gear-sport-3-weatherproof-car-top-carrier-18cu-ft\\\/\"]}]},{\"@type\":\"ImageObject\",\"inLanguage\":\"fr-CA\",\"@id\":\"https:\\\/\\\/ksproducts.ca\\\/product\\\/rightline-gear-sport-3-weatherproof-car-top-carrier-18cu-ft\\\/#primaryimage\",\"url\":\"https:\\\/\\\/ksproducts.ca\\\/wp-content\\\/uploads\\\/2026\\\/03\\\/Rightline-Gear-Sport-3-Weatherproof-Car-Top-Carrier-18cu-ft.jpg\",\"contentUrl\":\"https:\\\/\\\/ksproducts.ca\\\/wp-content\\\/uploads\\\/2026\\\/03\\\/Rightline-Gear-Sport-3-Weatherproof-Car-Top-Carrier-18cu-ft.jpg\",\"width\":600,\"height\":600,\"caption\":\"Rightline Gear Sport 3 Weatherproof Car Top Carrier 18cu ft\"},{\"@type\":\"BreadcrumbList\",\"@id\":\"https:\\\/\\\/ksproducts.ca\\\/product\\\/rightline-gear-sport-3-weatherproof-car-top-carrier-18cu-ft\\\/#breadcrumb\",\"itemListElement\":[{\"@type\":\"ListItem\",\"position\":1,\"name\":\"Home\",\"item\":\"https:\\\/\\\/ksproducts.ca\\\/\"},{\"@type\":\"ListItem\",\"position\":2,\"name\":\"Shop\",\"item\":\"https:\\\/\\\/ksproducts.ca\\\/shop\\\/\"},{\"@type\":\"ListItem\",\"position\":3,\"name\":\"Rightline Gear Sport 3 Weatherproof Car Top Carrier &#8211; 18cu ft\"}]},{\"@type\":\"WebSite\",\"@id\":\"https:\\\/\\\/ksproducts.ca\\\/#website\",\"url\":\"https:\\\/\\\/ksproducts.ca\\\/\",\"name\":\"Ks Products\",\"description\":\"Outdoor cooking and living, made easy in Canada\",\"publisher\":{\"@id\":\"https:\\\/\\\/ksproducts.ca\\\/#organization\"},\"potentialAction\":[{\"@type\":\"SearchAction\",\"target\":{\"@type\":\"EntryPoint\",\"urlTemplate\":\"https:\\\/\\\/ksproducts.ca\\\/?s={search_term_string}\"},\"query-input\":{\"@type\":\"PropertyValueSpecification\",\"valueRequired\":true,\"valueName\":\"search_term_string\"}}],\"inLanguage\":\"fr-CA\"},{\"@type\":\"Organization\",\"@id\":\"https:\\\/\\\/ksproducts.ca\\\/#organization\",\"name\":\"Ks Products\",\"url\":\"https:\\\/\\\/ksproducts.ca\\\/\",\"logo\":{\"@type\":\"ImageObject\",\"inLanguage\":\"fr-CA\",\"@id\":\"https:\\\/\\\/ksproducts.ca\\\/#\\\/schema\\\/logo\\\/image\\\/\",\"url\":\"https:\\\/\\\/ksproducts.ca\\\/wp-content\\\/uploads\\\/2023\\\/09\\\/Kennedy-Sales-Logo-header-1.png\",\"contentUrl\":\"https:\\\/\\\/ksproducts.ca\\\/wp-content\\\/uploads\\\/2023\\\/09\\\/Kennedy-Sales-Logo-header-1.png\",\"width\":150,\"height\":77,\"caption\":\"Ks Products\"},\"image\":{\"@id\":\"https:\\\/\\\/ksproducts.ca\\\/#\\\/schema\\\/logo\\\/image\\\/\"}}]}<\/script>\n<!-- \/ Yoast SEO plugin. -->","yoast_head_json":{"title":"Rightline Gear Sport 3 Coffre de toit de voiture \u00e9tanche - 18 pieds cubes - Produits Ks","robots":{"index":"index","follow":"follow","max-snippet":"max-snippet:-1","max-image-preview":"max-image-preview:large","max-video-preview":"max-video-preview:-1"},"canonical":"https:\/\/ksproducts.ca\/fr\/product\/rightline-gear-sport-3-car-top-carrier-etanche-18cu-ft\/","og_locale":"fr_CA","og_type":"article","og_title":"Rightline Gear Sport 3 Weatherproof Car Top Carrier - 18cu ft - Ks Products","og_description":"The Rightline Gear Sport 3 Car Top Carrier is 100% waterproof and attaches to vehicles WITH or WITHOUT a roof rack. Attach the carrier's straps to a vehicles roof rack or use the Car Clips to attach the straps to a vehicle's door frame weather molding. The carrier is made from UV protected PVC Semi-Coated Mesh XT for maximum durability. The intuitive attachment method and simplified design of the Sport Carriers make carrying extra cargo easy. The Sport 3 is one of the largest car top bags on the market.","og_url":"https:\/\/ksproducts.ca\/fr\/product\/rightline-gear-sport-3-car-top-carrier-etanche-18cu-ft\/","og_site_name":"Ks Products","og_image":[{"width":600,"height":600,"url":"https:\/\/ksproducts.ca\/wp-content\/uploads\/2026\/03\/Rightline-Gear-Sport-3-Weatherproof-Car-Top-Carrier-18cu-ft.jpg","type":"image\/jpeg"}],"twitter_card":"summary_large_image","twitter_misc":{"Estimation du temps de lecture":"1 minute"},"schema":{"@context":"https:\/\/schema.org","@graph":[{"@type":"WebPage","@id":"https:\/\/ksproducts.ca\/product\/rightline-gear-sport-3-weatherproof-car-top-carrier-18cu-ft\/","url":"https:\/\/ksproducts.ca\/product\/rightline-gear-sport-3-weatherproof-car-top-carrier-18cu-ft\/","name":"Rightline Gear Sport 3 Coffre de toit de voiture \u00e9tanche - 18 pieds cubes - Produits Ks","isPartOf":{"@id":"https:\/\/ksproducts.ca\/#website"},"primaryImageOfPage":{"@id":"https:\/\/ksproducts.ca\/product\/rightline-gear-sport-3-weatherproof-car-top-carrier-18cu-ft\/#primaryimage"},"image":{"@id":"https:\/\/ksproducts.ca\/product\/rightline-gear-sport-3-weatherproof-car-top-carrier-18cu-ft\/#primaryimage"},"thumbnailUrl":"https:\/\/ksproducts.ca\/wp-content\/uploads\/2026\/03\/Rightline-Gear-Sport-3-Weatherproof-Car-Top-Carrier-18cu-ft.jpg","datePublished":"2026-03-04T14:28:23+00:00","breadcrumb":{"@id":"https:\/\/ksproducts.ca\/product\/rightline-gear-sport-3-weatherproof-car-top-carrier-18cu-ft\/#breadcrumb"},"inLanguage":"fr-CA","potentialAction":[{"@type":"ReadAction","target":["https:\/\/ksproducts.ca\/product\/rightline-gear-sport-3-weatherproof-car-top-carrier-18cu-ft\/"]}]},{"@type":"ImageObject","inLanguage":"fr-CA","@id":"https:\/\/ksproducts.ca\/product\/rightline-gear-sport-3-weatherproof-car-top-carrier-18cu-ft\/#primaryimage","url":"https:\/\/ksproducts.ca\/wp-content\/uploads\/2026\/03\/Rightline-Gear-Sport-3-Weatherproof-Car-Top-Carrier-18cu-ft.jpg","contentUrl":"https:\/\/ksproducts.ca\/wp-content\/uploads\/2026\/03\/Rightline-Gear-Sport-3-Weatherproof-Car-Top-Carrier-18cu-ft.jpg","width":600,"height":600,"caption":"Rightline Gear Sport 3 Weatherproof Car Top Carrier 18cu ft"},{"@type":"BreadcrumbList","@id":"https:\/\/ksproducts.ca\/product\/rightline-gear-sport-3-weatherproof-car-top-carrier-18cu-ft\/#breadcrumb","itemListElement":[{"@type":"ListItem","position":1,"name":"Home","item":"https:\/\/ksproducts.ca\/"},{"@type":"ListItem","position":2,"name":"Shop","item":"https:\/\/ksproducts.ca\/shop\/"},{"@type":"ListItem","position":3,"name":"Rightline Gear Sport 3 Weatherproof Car Top Carrier &#8211; 18cu ft"}]},{"@type":"WebSite","@id":"https:\/\/ksproducts.ca\/#website","url":"https:\/\/ksproducts.ca\/","name":"Produits Ks","description":"Cuisiner et vivre en plein air, c'est facile au Canada","publisher":{"@id":"https:\/\/ksproducts.ca\/#organization"},"potentialAction":[{"@type":"SearchAction","target":{"@type":"EntryPoint","urlTemplate":"https:\/\/ksproducts.ca\/?s={search_term_string}"},"query-input":{"@type":"PropertyValueSpecification","valueRequired":true,"valueName":"search_term_string"}}],"inLanguage":"fr-CA"},{"@type":"Organization","@id":"https:\/\/ksproducts.ca\/#organization","name":"Produits Ks","url":"https:\/\/ksproducts.ca\/","logo":{"@type":"ImageObject","inLanguage":"fr-CA","@id":"https:\/\/ksproducts.ca\/#\/schema\/logo\/image\/","url":"https:\/\/ksproducts.ca\/wp-content\/uploads\/2023\/09\/Kennedy-Sales-Logo-header-1.png","contentUrl":"https:\/\/ksproducts.ca\/wp-content\/uploads\/2023\/09\/Kennedy-Sales-Logo-header-1.png","width":150,"height":77,"caption":"Ks Products"},"image":{"@id":"https:\/\/ksproducts.ca\/#\/schema\/logo\/image\/"}}]}},"_links":{"self":[{"href":"https:\/\/ksproducts.ca\/fr\/wp-json\/wp\/v2\/product\/11400","targetHints":{"allow":["GET"]}}],"collection":[{"href":"https:\/\/ksproducts.ca\/fr\/wp-json\/wp\/v2\/product"}],"about":[{"href":"https:\/\/ksproducts.ca\/fr\/wp-json\/wp\/v2\/types\/product"}],"replies":[{"embeddable":true,"href":"https:\/\/ksproducts.ca\/fr\/wp-json\/wp\/v2\/comments?post=11400"}],"version-history":[{"count":1,"href":"https:\/\/ksproducts.ca\/fr\/wp-json\/wp\/v2\/product\/11400\/revisions"}],"predecessor-version":[{"id":11402,"href":"https:\/\/ksproducts.ca\/fr\/wp-json\/wp\/v2\/product\/11400\/revisions\/11402"}],"wp:featuredmedia":[{"embeddable":true,"href":"https:\/\/ksproducts.ca\/fr\/wp-json\/wp\/v2\/media\/11401"}],"wp:attachment":[{"href":"https:\/\/ksproducts.ca\/fr\/wp-json\/wp\/v2\/media?parent=11400"}],"wp:term":[{"taxonomy":"product_cat","embeddable":true,"href":"https:\/\/ksproducts.ca\/fr\/wp-json\/wp\/v2\/product_cat?post=11400"},{"taxonomy":"product_tag","embeddable":true,"href":"https:\/\/ksproducts.ca\/fr\/wp-json\/wp\/v2\/product_tag?post=11400"}],"curies":[{"name":"wp","href":"https:\/\/api.w.org\/{rel}","templated":true}]}}