{"id":11403,"date":"2026-03-04T14:31:51","date_gmt":"2026-03-04T14:31:51","guid":{"rendered":"https:\/\/ksproducts.ca\/?post_type=product&#038;p=11403"},"modified":"2026-03-04T14:31:51","modified_gmt":"2026-03-04T14:31:51","slug":"rightline-gear-sport-jr-weatherproof-car-top-carrier-9cu-ft","status":"publish","type":"product","link":"https:\/\/ksproducts.ca\/fr\/product\/rightline-gear-sport-jr-weatherproof-car-top-carrier-9cu-ft\/","title":{"rendered":"Rightline Gear Sport Jr Car Top Carrier r\u00e9sistant aux intemp\u00e9ries - 9cu ft"},"content":{"rendered":"<ul class=\"a-unordered-list a-vertical a-spacing-mini\">\n<li class=\"a-spacing-mini\"><span class=\"a-list-item\">Capacity: 9 cubic feet; dimensions: 36 inch length x 30 inch width x 13-16 inch height<\/span><\/li>\n<li class=\"a-spacing-mini\"><span class=\"a-list-item\">100 percent waterproof with dual seam technology; sewn for strength\/welded waterproof<\/span><\/li>\n<li class=\"a-spacing-mini\"><span class=\"a-list-item\">Aerodynamically designed for compact cars without roof racks; will fit larger vehicles and vehicles with roof racks<\/span><\/li>\n<li class=\"a-spacing-mini\"><span class=\"a-list-item\">PVC mesh, a nylon re-enforced PVC, and hydrotuff material, a PVC-backed polyester, UV resistant; zipright zipper system &#8211; a urethane coated zipper located on the protective flap keeps water out<\/span><\/li>\n<li class=\"a-spacing-mini\"><span class=\"a-list-item\">Includes: carrier, (2) nylon straps, (4) Car Clips, stuff sack, and a sewn-in set up guide<\/span><\/li>\n<\/ul>","protected":false},"excerpt":{"rendered":"<p>Le sac de transport Rightline Gear Sport Jr est le seul sac de transport sp\u00e9cialement con\u00e7u pour les voitures compactes SANS galerie de toit. Le sac est a\u00e9rodynamique et permet d'\u00e9conomiser $$$ \u00e0 la pompe \u00e0 essence. Il est \u00e9tanche \u00e0 100% et se d\u00e9zippe sur les 3\/4 de sa longueur pour faciliter le chargement. Les Car Clips inclus fixent les sangles du porte-bagages sous la moulure d'\u00e9tanch\u00e9it\u00e9 du cadre de porte du v\u00e9hicule. Retirez les clips des sangles pour attacher les sangles \u00e0 la galerie du v\u00e9hicule.<\/p>","protected":false},"featured_media":11404,"comment_status":"open","ping_status":"closed","template":"","meta":[],"product_cat":[431],"product_tag":[],"class_list":{"0":"post-11403","1":"product","2":"type-product","3":"status-publish","4":"has-post-thumbnail","6":"product_cat-camping-rv-essentials","7":"product_shipping_class-class-1","9":"first","10":"instock","11":"taxable","12":"shipping-taxable","13":"purchasable","14":"product-type-simple"},"yoast_head":"<!-- This site is optimized with the Yoast SEO plugin v27.3 - https:\/\/yoast.com\/product\/yoast-seo-wordpress\/ -->\n<title>Rightline Gear Sport Jr Weatherproof Car Top Carrier - 9cu ft - Ks Products<\/title>\n<meta name=\"robots\" content=\"index, follow, max-snippet:-1, max-image-preview:large, max-video-preview:-1\" \/>\n<link rel=\"canonical\" href=\"https:\/\/ksproducts.ca\/fr\/product\/rightline-gear-sport-jr-weatherproof-car-top-carrier-9cu-ft\/\" \/>\n<meta property=\"og:locale\" content=\"fr_CA\" \/>\n<meta property=\"og:type\" content=\"article\" \/>\n<meta property=\"og:title\" content=\"Rightline Gear Sport Jr Weatherproof Car Top Carrier - 9cu ft - Ks Products\" \/>\n<meta property=\"og:description\" content=\"The Rightline Gear Sport Jr Car Top Carrier is the only car top bag made specifically for compact cars WITHOUT a roof rack. The carrier is aerodynamically designed to help save $$$ at the gas pump, 100% waterproof, and unzips 3\/4 of the way around for easy loading. The included Car Clips attach the carrier&#039;s straps under the vehicle&#039;s door frame weather molding. Remove the Clips from the straps to attach the straps to a vehicle&#039;s roof rack.\" \/>\n<meta property=\"og:url\" content=\"https:\/\/ksproducts.ca\/fr\/product\/rightline-gear-sport-jr-weatherproof-car-top-carrier-9cu-ft\/\" \/>\n<meta property=\"og:site_name\" content=\"Ks Products\" \/>\n<meta property=\"og:image\" content=\"https:\/\/ksproducts.ca\/wp-content\/uploads\/2026\/03\/100S50.jpg\" \/>\n\t<meta property=\"og:image:width\" content=\"425\" \/>\n\t<meta property=\"og:image:height\" content=\"299\" \/>\n\t<meta property=\"og:image:type\" content=\"image\/jpeg\" \/>\n<meta name=\"twitter:card\" content=\"summary_large_image\" \/>\n<meta name=\"twitter:label1\" content=\"Estimation du temps de lecture\" \/>\n\t<meta name=\"twitter:data1\" content=\"1 minute\" \/>\n<script type=\"application\/ld+json\" class=\"yoast-schema-graph\">{\"@context\":\"https:\\\/\\\/schema.org\",\"@graph\":[{\"@type\":\"WebPage\",\"@id\":\"https:\\\/\\\/ksproducts.ca\\\/product\\\/rightline-gear-sport-jr-weatherproof-car-top-carrier-9cu-ft\\\/\",\"url\":\"https:\\\/\\\/ksproducts.ca\\\/product\\\/rightline-gear-sport-jr-weatherproof-car-top-carrier-9cu-ft\\\/\",\"name\":\"Rightline Gear Sport Jr Weatherproof Car Top Carrier - 9cu ft - Ks Products\",\"isPartOf\":{\"@id\":\"https:\\\/\\\/ksproducts.ca\\\/#website\"},\"primaryImageOfPage\":{\"@id\":\"https:\\\/\\\/ksproducts.ca\\\/product\\\/rightline-gear-sport-jr-weatherproof-car-top-carrier-9cu-ft\\\/#primaryimage\"},\"image\":{\"@id\":\"https:\\\/\\\/ksproducts.ca\\\/product\\\/rightline-gear-sport-jr-weatherproof-car-top-carrier-9cu-ft\\\/#primaryimage\"},\"thumbnailUrl\":\"https:\\\/\\\/ksproducts.ca\\\/wp-content\\\/uploads\\\/2026\\\/03\\\/100S50.jpg\",\"datePublished\":\"2026-03-04T14:31:51+00:00\",\"breadcrumb\":{\"@id\":\"https:\\\/\\\/ksproducts.ca\\\/product\\\/rightline-gear-sport-jr-weatherproof-car-top-carrier-9cu-ft\\\/#breadcrumb\"},\"inLanguage\":\"fr-CA\",\"potentialAction\":[{\"@type\":\"ReadAction\",\"target\":[\"https:\\\/\\\/ksproducts.ca\\\/product\\\/rightline-gear-sport-jr-weatherproof-car-top-carrier-9cu-ft\\\/\"]}]},{\"@type\":\"ImageObject\",\"inLanguage\":\"fr-CA\",\"@id\":\"https:\\\/\\\/ksproducts.ca\\\/product\\\/rightline-gear-sport-jr-weatherproof-car-top-carrier-9cu-ft\\\/#primaryimage\",\"url\":\"https:\\\/\\\/ksproducts.ca\\\/wp-content\\\/uploads\\\/2026\\\/03\\\/100S50.jpg\",\"contentUrl\":\"https:\\\/\\\/ksproducts.ca\\\/wp-content\\\/uploads\\\/2026\\\/03\\\/100S50.jpg\",\"width\":425,\"height\":299,\"caption\":\"Rightline Gear Sport Jr Weatherproof Car Top Carrier - 9cu ft\"},{\"@type\":\"BreadcrumbList\",\"@id\":\"https:\\\/\\\/ksproducts.ca\\\/product\\\/rightline-gear-sport-jr-weatherproof-car-top-carrier-9cu-ft\\\/#breadcrumb\",\"itemListElement\":[{\"@type\":\"ListItem\",\"position\":1,\"name\":\"Home\",\"item\":\"https:\\\/\\\/ksproducts.ca\\\/\"},{\"@type\":\"ListItem\",\"position\":2,\"name\":\"Shop\",\"item\":\"https:\\\/\\\/ksproducts.ca\\\/shop\\\/\"},{\"@type\":\"ListItem\",\"position\":3,\"name\":\"Rightline Gear Sport Jr Weatherproof Car Top Carrier &#8211; 9cu ft\"}]},{\"@type\":\"WebSite\",\"@id\":\"https:\\\/\\\/ksproducts.ca\\\/#website\",\"url\":\"https:\\\/\\\/ksproducts.ca\\\/\",\"name\":\"Ks Products\",\"description\":\"Outdoor cooking and living, made easy in Canada\",\"publisher\":{\"@id\":\"https:\\\/\\\/ksproducts.ca\\\/#organization\"},\"potentialAction\":[{\"@type\":\"SearchAction\",\"target\":{\"@type\":\"EntryPoint\",\"urlTemplate\":\"https:\\\/\\\/ksproducts.ca\\\/?s={search_term_string}\"},\"query-input\":{\"@type\":\"PropertyValueSpecification\",\"valueRequired\":true,\"valueName\":\"search_term_string\"}}],\"inLanguage\":\"fr-CA\"},{\"@type\":\"Organization\",\"@id\":\"https:\\\/\\\/ksproducts.ca\\\/#organization\",\"name\":\"Ks Products\",\"url\":\"https:\\\/\\\/ksproducts.ca\\\/\",\"logo\":{\"@type\":\"ImageObject\",\"inLanguage\":\"fr-CA\",\"@id\":\"https:\\\/\\\/ksproducts.ca\\\/#\\\/schema\\\/logo\\\/image\\\/\",\"url\":\"https:\\\/\\\/ksproducts.ca\\\/wp-content\\\/uploads\\\/2023\\\/09\\\/Kennedy-Sales-Logo-header-1.png\",\"contentUrl\":\"https:\\\/\\\/ksproducts.ca\\\/wp-content\\\/uploads\\\/2023\\\/09\\\/Kennedy-Sales-Logo-header-1.png\",\"width\":150,\"height\":77,\"caption\":\"Ks Products\"},\"image\":{\"@id\":\"https:\\\/\\\/ksproducts.ca\\\/#\\\/schema\\\/logo\\\/image\\\/\"}}]}<\/script>\n<!-- \/ Yoast SEO plugin. -->","yoast_head_json":{"title":"Rightline Gear Sport Jr Weatherproof Car Top Carrier - 9cu ft - Ks Products","robots":{"index":"index","follow":"follow","max-snippet":"max-snippet:-1","max-image-preview":"max-image-preview:large","max-video-preview":"max-video-preview:-1"},"canonical":"https:\/\/ksproducts.ca\/fr\/product\/rightline-gear-sport-jr-weatherproof-car-top-carrier-9cu-ft\/","og_locale":"fr_CA","og_type":"article","og_title":"Rightline Gear Sport Jr Weatherproof Car Top Carrier - 9cu ft - Ks Products","og_description":"The Rightline Gear Sport Jr Car Top Carrier is the only car top bag made specifically for compact cars WITHOUT a roof rack. The carrier is aerodynamically designed to help save $$$ at the gas pump, 100% waterproof, and unzips 3\/4 of the way around for easy loading. The included Car Clips attach the carrier's straps under the vehicle's door frame weather molding. Remove the Clips from the straps to attach the straps to a vehicle's roof rack.","og_url":"https:\/\/ksproducts.ca\/fr\/product\/rightline-gear-sport-jr-weatherproof-car-top-carrier-9cu-ft\/","og_site_name":"Ks Products","og_image":[{"width":425,"height":299,"url":"https:\/\/ksproducts.ca\/wp-content\/uploads\/2026\/03\/100S50.jpg","type":"image\/jpeg"}],"twitter_card":"summary_large_image","twitter_misc":{"Estimation du temps de lecture":"1 minute"},"schema":{"@context":"https:\/\/schema.org","@graph":[{"@type":"WebPage","@id":"https:\/\/ksproducts.ca\/product\/rightline-gear-sport-jr-weatherproof-car-top-carrier-9cu-ft\/","url":"https:\/\/ksproducts.ca\/product\/rightline-gear-sport-jr-weatherproof-car-top-carrier-9cu-ft\/","name":"Rightline Gear Sport Jr Weatherproof Car Top Carrier - 9cu ft - Ks Products","isPartOf":{"@id":"https:\/\/ksproducts.ca\/#website"},"primaryImageOfPage":{"@id":"https:\/\/ksproducts.ca\/product\/rightline-gear-sport-jr-weatherproof-car-top-carrier-9cu-ft\/#primaryimage"},"image":{"@id":"https:\/\/ksproducts.ca\/product\/rightline-gear-sport-jr-weatherproof-car-top-carrier-9cu-ft\/#primaryimage"},"thumbnailUrl":"https:\/\/ksproducts.ca\/wp-content\/uploads\/2026\/03\/100S50.jpg","datePublished":"2026-03-04T14:31:51+00:00","breadcrumb":{"@id":"https:\/\/ksproducts.ca\/product\/rightline-gear-sport-jr-weatherproof-car-top-carrier-9cu-ft\/#breadcrumb"},"inLanguage":"fr-CA","potentialAction":[{"@type":"ReadAction","target":["https:\/\/ksproducts.ca\/product\/rightline-gear-sport-jr-weatherproof-car-top-carrier-9cu-ft\/"]}]},{"@type":"ImageObject","inLanguage":"fr-CA","@id":"https:\/\/ksproducts.ca\/product\/rightline-gear-sport-jr-weatherproof-car-top-carrier-9cu-ft\/#primaryimage","url":"https:\/\/ksproducts.ca\/wp-content\/uploads\/2026\/03\/100S50.jpg","contentUrl":"https:\/\/ksproducts.ca\/wp-content\/uploads\/2026\/03\/100S50.jpg","width":425,"height":299,"caption":"Rightline Gear Sport Jr Weatherproof Car Top Carrier - 9cu ft"},{"@type":"BreadcrumbList","@id":"https:\/\/ksproducts.ca\/product\/rightline-gear-sport-jr-weatherproof-car-top-carrier-9cu-ft\/#breadcrumb","itemListElement":[{"@type":"ListItem","position":1,"name":"Home","item":"https:\/\/ksproducts.ca\/"},{"@type":"ListItem","position":2,"name":"Shop","item":"https:\/\/ksproducts.ca\/shop\/"},{"@type":"ListItem","position":3,"name":"Rightline Gear Sport Jr Weatherproof Car Top Carrier &#8211; 9cu ft"}]},{"@type":"WebSite","@id":"https:\/\/ksproducts.ca\/#website","url":"https:\/\/ksproducts.ca\/","name":"Produits Ks","description":"Cuisiner et vivre en plein air, c'est facile au Canada","publisher":{"@id":"https:\/\/ksproducts.ca\/#organization"},"potentialAction":[{"@type":"SearchAction","target":{"@type":"EntryPoint","urlTemplate":"https:\/\/ksproducts.ca\/?s={search_term_string}"},"query-input":{"@type":"PropertyValueSpecification","valueRequired":true,"valueName":"search_term_string"}}],"inLanguage":"fr-CA"},{"@type":"Organization","@id":"https:\/\/ksproducts.ca\/#organization","name":"Produits Ks","url":"https:\/\/ksproducts.ca\/","logo":{"@type":"ImageObject","inLanguage":"fr-CA","@id":"https:\/\/ksproducts.ca\/#\/schema\/logo\/image\/","url":"https:\/\/ksproducts.ca\/wp-content\/uploads\/2023\/09\/Kennedy-Sales-Logo-header-1.png","contentUrl":"https:\/\/ksproducts.ca\/wp-content\/uploads\/2023\/09\/Kennedy-Sales-Logo-header-1.png","width":150,"height":77,"caption":"Ks Products"},"image":{"@id":"https:\/\/ksproducts.ca\/#\/schema\/logo\/image\/"}}]}},"_links":{"self":[{"href":"https:\/\/ksproducts.ca\/fr\/wp-json\/wp\/v2\/product\/11403","targetHints":{"allow":["GET"]}}],"collection":[{"href":"https:\/\/ksproducts.ca\/fr\/wp-json\/wp\/v2\/product"}],"about":[{"href":"https:\/\/ksproducts.ca\/fr\/wp-json\/wp\/v2\/types\/product"}],"replies":[{"embeddable":true,"href":"https:\/\/ksproducts.ca\/fr\/wp-json\/wp\/v2\/comments?post=11403"}],"version-history":[{"count":1,"href":"https:\/\/ksproducts.ca\/fr\/wp-json\/wp\/v2\/product\/11403\/revisions"}],"predecessor-version":[{"id":11405,"href":"https:\/\/ksproducts.ca\/fr\/wp-json\/wp\/v2\/product\/11403\/revisions\/11405"}],"wp:featuredmedia":[{"embeddable":true,"href":"https:\/\/ksproducts.ca\/fr\/wp-json\/wp\/v2\/media\/11404"}],"wp:attachment":[{"href":"https:\/\/ksproducts.ca\/fr\/wp-json\/wp\/v2\/media?parent=11403"}],"wp:term":[{"taxonomy":"product_cat","embeddable":true,"href":"https:\/\/ksproducts.ca\/fr\/wp-json\/wp\/v2\/product_cat?post=11403"},{"taxonomy":"product_tag","embeddable":true,"href":"https:\/\/ksproducts.ca\/fr\/wp-json\/wp\/v2\/product_tag?post=11403"}],"curies":[{"name":"wp","href":"https:\/\/api.w.org\/{rel}","templated":true}]}}