{"id":11406,"date":"2026-03-04T14:38:10","date_gmt":"2026-03-04T14:38:10","guid":{"rendered":"https:\/\/ksproducts.ca\/?post_type=product&#038;p=11406"},"modified":"2026-03-16T17:14:42","modified_gmt":"2026-03-16T17:14:42","slug":"rightline-gear-anti-theft-coupler-ball-lock-trailer-hitch","status":"publish","type":"product","link":"https:\/\/ksproducts.ca\/fr\/product\/rightline-gear-anti-theft-coupler-ball-lock-trailer-hitch\/","title":{"rendered":"Rightline Gear Anti-Theft Coupler Ball &amp; Lock Trailer Hitch"},"content":{"rendered":"<ul class=\"a-unordered-list a-vertical a-spacing-mini\">\n<li class=\"a-spacing-mini\"><span class=\"a-list-item\">Conception innovante : Ce verrou de remorque emp\u00eache votre remorque d'\u00eatre remorqu\u00e9e en remplissant l'espace o\u00f9 les boules d'attelage ou les petits dispositifs de remorquage sont normalement ins\u00e9r\u00e9s.<\/span><\/li>\n<li class=\"a-spacing-mini\"><span class=\"a-list-item\">Construction de qualit\u00e9 : Le verrou d'attelage \u00e0 boule en polycarbonate ne peut pas \u00eatre cass\u00e9 ou enlev\u00e9 une fois qu'il est fix\u00e9 avec le verrou d'attelage.<\/span><\/li>\n<li class=\"a-spacing-mini\"><span class=\"a-list-item\">Installation simple : La boule de remorque est con\u00e7ue pour \u00eatre attach\u00e9e \u00e0 la cha\u00eene de la remorque, ce qui la rend presque impossible \u00e0 \u00e9garer. L'ensemble d'antivol de remorque comprend une boule de remorque, un lien zip prot\u00e9g\u00e9 contre les UV et un guide d'installation.<\/span><\/li>\n<li class=\"a-spacing-mini\"><span class=\"a-list-item\">Compatible avec : Le verrou d'attelage de remorque convient aux attelages de remorque de 1\u215e pouce et de 2 pouces.<\/span><\/li>\n<li class=\"a-spacing-mini\"><span class=\"a-list-item\">Achetez en toute confiance : Notre \u00e9quipe de service bas\u00e9e aux \u00c9tats-Unis est hautement qualifi\u00e9e et pr\u00eate \u00e0 vous aider en cas de questions ou de probl\u00e8mes.<\/span><\/li>\n<\/ul>","protected":false},"excerpt":{"rendered":"<p>La boule d'attelage de remorque antivol Rightline Gear prot\u00e8ge contre le vol lorsque votre remorque est d\u00e9tach\u00e9e de votre v\u00e9hicule. Gr\u00e2ce \u00e0 ce verrouillage innovant de la languette de la remorque, vous pouvez laisser votre remorque sans vous soucier de savoir si elle sera l\u00e0 \u00e0 votre retour. La boule de remorquage incluse prot\u00e8ge contre le remorquage de la remorque en remplissant l'espace o\u00f9 les boules d'attelage ou les dispositifs de remorquage plus petits sont normalement ins\u00e9r\u00e9s. Le verrou de la boule de remorque en polycarbonate ne peut pas \u00eatre cass\u00e9 ou enlev\u00e9 une fois qu'il est fix\u00e9 en place par le verrou de l'attelage de la remorque. Une bande orange autour du verrou avertit les voleurs potentiels que vous \u00eates prot\u00e9g\u00e9, avant m\u00eame qu'ils ne s'approchent de la remorque. Un lien zip pratique prot\u00e9g\u00e9 contre les UV fixe la boule de remorquage \u00e0 la cha\u00eene de la remorque, ce qui signifie qu'il est pratiquement impossible d'\u00e9garer la boule de remorquage. Plus besoin de chercher sous vos si\u00e8ges ou dans votre coffre pour trouver votre dispositif de s\u00e9curit\u00e9. Nos dispositifs de verrouillage antivol, y compris notre boule antivol pour attelage de remorque, sont plus performants que de nombreux dispositifs de s\u00e9curit\u00e9 pour remorque qui co\u00fbtent le double ou le triple.<\/p>","protected":false},"featured_media":11407,"comment_status":"open","ping_status":"closed","template":"","meta":[],"product_cat":[430],"product_tag":[],"class_list":{"0":"post-11406","1":"product","2":"type-product","3":"status-publish","4":"has-post-thumbnail","6":"product_cat-automotive-gear","7":"product_shipping_class-class-1","9":"first","10":"instock","11":"taxable","12":"shipping-taxable","13":"purchasable","14":"product-type-simple"},"yoast_head":"<!-- This site is optimized with the Yoast SEO plugin v27.4 - https:\/\/yoast.com\/product\/yoast-seo-wordpress\/ -->\n<title>Rightline Gear Anti-Theft Coupler Ball &amp; Lock Trailer Hitch - Ks Products<\/title>\n<meta name=\"robots\" content=\"index, follow, max-snippet:-1, max-image-preview:large, max-video-preview:-1\" \/>\n<link rel=\"canonical\" href=\"https:\/\/ksproducts.ca\/fr\/product\/rightline-gear-anti-theft-coupler-ball-lock-trailer-hitch\/\" \/>\n<meta property=\"og:locale\" content=\"fr_CA\" \/>\n<meta property=\"og:type\" content=\"article\" \/>\n<meta property=\"og:title\" content=\"Rightline Gear Anti-Theft Coupler Ball &amp; Lock Trailer Hitch - Ks Products\" \/>\n<meta property=\"og:description\" content=\"The Rightline Gear Anti-Theft Trailer Coupler Ball guards against theft while your trailer is detached from your vehicle. Thanks to this innovative trailer tongue lock, you can leave your trailer without having to worry about whether it will be there when you get back. The included Trailer Ball guards against trailer tow-away by filling the space where hitch balls or smaller towing devices are normally inserted. The polycarbonate trailer ball lock cannot be broken or removed once it is secured in place by the trailer coupler lock. An orange band around the lock alerts potential thieves that you are protected, even before they approach the trailer. A handy UV-protected zip tie secures the Trailer Ball to the trailer chain, meaning the Trailer Ball is nearly impossible to misplace. No more looking under your seats or searching throughout your trunk to find your security device. Our anti-theft locking devices, including our Anti-Theft Trailer Coupler Ball, perform better than many trailer security devices that are double or triple the cost.\" \/>\n<meta property=\"og:url\" content=\"https:\/\/ksproducts.ca\/fr\/product\/rightline-gear-anti-theft-coupler-ball-lock-trailer-hitch\/\" \/>\n<meta property=\"og:site_name\" content=\"Ks Products\" \/>\n<meta property=\"article:modified_time\" content=\"2026-03-16T17:14:42+00:00\" \/>\n<meta property=\"og:image\" content=\"https:\/\/ksproducts.ca\/wp-content\/uploads\/2026\/03\/100T12.jpg\" \/>\n\t<meta property=\"og:image:width\" content=\"425\" \/>\n\t<meta property=\"og:image:height\" content=\"425\" \/>\n\t<meta property=\"og:image:type\" content=\"image\/jpeg\" \/>\n<meta name=\"twitter:card\" content=\"summary_large_image\" \/>\n<meta name=\"twitter:label1\" content=\"Estimation du temps de lecture\" \/>\n\t<meta name=\"twitter:data1\" content=\"1 minute\" \/>\n<script type=\"application\/ld+json\" class=\"yoast-schema-graph\">{\"@context\":\"https:\\\/\\\/schema.org\",\"@graph\":[{\"@type\":\"WebPage\",\"@id\":\"https:\\\/\\\/ksproducts.ca\\\/product\\\/rightline-gear-anti-theft-coupler-ball-lock-trailer-hitch\\\/\",\"url\":\"https:\\\/\\\/ksproducts.ca\\\/product\\\/rightline-gear-anti-theft-coupler-ball-lock-trailer-hitch\\\/\",\"name\":\"Rightline Gear Anti-Theft Coupler Ball & Lock Trailer Hitch - Ks Products\",\"isPartOf\":{\"@id\":\"https:\\\/\\\/ksproducts.ca\\\/#website\"},\"primaryImageOfPage\":{\"@id\":\"https:\\\/\\\/ksproducts.ca\\\/product\\\/rightline-gear-anti-theft-coupler-ball-lock-trailer-hitch\\\/#primaryimage\"},\"image\":{\"@id\":\"https:\\\/\\\/ksproducts.ca\\\/product\\\/rightline-gear-anti-theft-coupler-ball-lock-trailer-hitch\\\/#primaryimage\"},\"thumbnailUrl\":\"https:\\\/\\\/ksproducts.ca\\\/wp-content\\\/uploads\\\/2026\\\/03\\\/100T12.jpg\",\"datePublished\":\"2026-03-04T14:38:10+00:00\",\"dateModified\":\"2026-03-16T17:14:42+00:00\",\"breadcrumb\":{\"@id\":\"https:\\\/\\\/ksproducts.ca\\\/product\\\/rightline-gear-anti-theft-coupler-ball-lock-trailer-hitch\\\/#breadcrumb\"},\"inLanguage\":\"fr-CA\",\"potentialAction\":[{\"@type\":\"ReadAction\",\"target\":[\"https:\\\/\\\/ksproducts.ca\\\/product\\\/rightline-gear-anti-theft-coupler-ball-lock-trailer-hitch\\\/\"]}]},{\"@type\":\"ImageObject\",\"inLanguage\":\"fr-CA\",\"@id\":\"https:\\\/\\\/ksproducts.ca\\\/product\\\/rightline-gear-anti-theft-coupler-ball-lock-trailer-hitch\\\/#primaryimage\",\"url\":\"https:\\\/\\\/ksproducts.ca\\\/wp-content\\\/uploads\\\/2026\\\/03\\\/100T12.jpg\",\"contentUrl\":\"https:\\\/\\\/ksproducts.ca\\\/wp-content\\\/uploads\\\/2026\\\/03\\\/100T12.jpg\",\"width\":425,\"height\":425,\"caption\":\"Rightline Gear Anti-Theft Coupler Ball & Lock Trailer Hitch\"},{\"@type\":\"BreadcrumbList\",\"@id\":\"https:\\\/\\\/ksproducts.ca\\\/product\\\/rightline-gear-anti-theft-coupler-ball-lock-trailer-hitch\\\/#breadcrumb\",\"itemListElement\":[{\"@type\":\"ListItem\",\"position\":1,\"name\":\"Home\",\"item\":\"https:\\\/\\\/ksproducts.ca\\\/\"},{\"@type\":\"ListItem\",\"position\":2,\"name\":\"Shop\",\"item\":\"https:\\\/\\\/ksproducts.ca\\\/shop\\\/\"},{\"@type\":\"ListItem\",\"position\":3,\"name\":\"Rightline Gear Anti-Theft Coupler Ball &#038; Lock Trailer Hitch\"}]},{\"@type\":\"WebSite\",\"@id\":\"https:\\\/\\\/ksproducts.ca\\\/#website\",\"url\":\"https:\\\/\\\/ksproducts.ca\\\/\",\"name\":\"Ks Products\",\"description\":\"Outdoor cooking and living, made easy in Canada\",\"publisher\":{\"@id\":\"https:\\\/\\\/ksproducts.ca\\\/#organization\"},\"potentialAction\":[{\"@type\":\"SearchAction\",\"target\":{\"@type\":\"EntryPoint\",\"urlTemplate\":\"https:\\\/\\\/ksproducts.ca\\\/?s={search_term_string}\"},\"query-input\":{\"@type\":\"PropertyValueSpecification\",\"valueRequired\":true,\"valueName\":\"search_term_string\"}}],\"inLanguage\":\"fr-CA\"},{\"@type\":\"Organization\",\"@id\":\"https:\\\/\\\/ksproducts.ca\\\/#organization\",\"name\":\"Ks Products\",\"url\":\"https:\\\/\\\/ksproducts.ca\\\/\",\"logo\":{\"@type\":\"ImageObject\",\"inLanguage\":\"fr-CA\",\"@id\":\"https:\\\/\\\/ksproducts.ca\\\/#\\\/schema\\\/logo\\\/image\\\/\",\"url\":\"https:\\\/\\\/ksproducts.ca\\\/wp-content\\\/uploads\\\/2023\\\/09\\\/Kennedy-Sales-Logo-header-1.png\",\"contentUrl\":\"https:\\\/\\\/ksproducts.ca\\\/wp-content\\\/uploads\\\/2023\\\/09\\\/Kennedy-Sales-Logo-header-1.png\",\"width\":150,\"height\":77,\"caption\":\"Ks Products\"},\"image\":{\"@id\":\"https:\\\/\\\/ksproducts.ca\\\/#\\\/schema\\\/logo\\\/image\\\/\"}}]}<\/script>\n<!-- \/ Yoast SEO plugin. -->","yoast_head_json":{"title":"Rightline Gear Anti-Theft Coupler Ball &amp; Lock Trailer Hitch - Ks Products","robots":{"index":"index","follow":"follow","max-snippet":"max-snippet:-1","max-image-preview":"max-image-preview:large","max-video-preview":"max-video-preview:-1"},"canonical":"https:\/\/ksproducts.ca\/fr\/product\/rightline-gear-anti-theft-coupler-ball-lock-trailer-hitch\/","og_locale":"fr_CA","og_type":"article","og_title":"Rightline Gear Anti-Theft Coupler Ball & Lock Trailer Hitch - Ks Products","og_description":"The Rightline Gear Anti-Theft Trailer Coupler Ball guards against theft while your trailer is detached from your vehicle. Thanks to this innovative trailer tongue lock, you can leave your trailer without having to worry about whether it will be there when you get back. The included Trailer Ball guards against trailer tow-away by filling the space where hitch balls or smaller towing devices are normally inserted. The polycarbonate trailer ball lock cannot be broken or removed once it is secured in place by the trailer coupler lock. An orange band around the lock alerts potential thieves that you are protected, even before they approach the trailer. A handy UV-protected zip tie secures the Trailer Ball to the trailer chain, meaning the Trailer Ball is nearly impossible to misplace. No more looking under your seats or searching throughout your trunk to find your security device. Our anti-theft locking devices, including our Anti-Theft Trailer Coupler Ball, perform better than many trailer security devices that are double or triple the cost.","og_url":"https:\/\/ksproducts.ca\/fr\/product\/rightline-gear-anti-theft-coupler-ball-lock-trailer-hitch\/","og_site_name":"Ks Products","article_modified_time":"2026-03-16T17:14:42+00:00","og_image":[{"width":425,"height":425,"url":"https:\/\/ksproducts.ca\/wp-content\/uploads\/2026\/03\/100T12.jpg","type":"image\/jpeg"}],"twitter_card":"summary_large_image","twitter_misc":{"Estimation du temps de lecture":"1 minute"},"schema":{"@context":"https:\/\/schema.org","@graph":[{"@type":"WebPage","@id":"https:\/\/ksproducts.ca\/product\/rightline-gear-anti-theft-coupler-ball-lock-trailer-hitch\/","url":"https:\/\/ksproducts.ca\/product\/rightline-gear-anti-theft-coupler-ball-lock-trailer-hitch\/","name":"Rightline Gear Anti-Theft Coupler Ball &amp; Lock Trailer Hitch - Ks Products","isPartOf":{"@id":"https:\/\/ksproducts.ca\/#website"},"primaryImageOfPage":{"@id":"https:\/\/ksproducts.ca\/product\/rightline-gear-anti-theft-coupler-ball-lock-trailer-hitch\/#primaryimage"},"image":{"@id":"https:\/\/ksproducts.ca\/product\/rightline-gear-anti-theft-coupler-ball-lock-trailer-hitch\/#primaryimage"},"thumbnailUrl":"https:\/\/ksproducts.ca\/wp-content\/uploads\/2026\/03\/100T12.jpg","datePublished":"2026-03-04T14:38:10+00:00","dateModified":"2026-03-16T17:14:42+00:00","breadcrumb":{"@id":"https:\/\/ksproducts.ca\/product\/rightline-gear-anti-theft-coupler-ball-lock-trailer-hitch\/#breadcrumb"},"inLanguage":"fr-CA","potentialAction":[{"@type":"ReadAction","target":["https:\/\/ksproducts.ca\/product\/rightline-gear-anti-theft-coupler-ball-lock-trailer-hitch\/"]}]},{"@type":"ImageObject","inLanguage":"fr-CA","@id":"https:\/\/ksproducts.ca\/product\/rightline-gear-anti-theft-coupler-ball-lock-trailer-hitch\/#primaryimage","url":"https:\/\/ksproducts.ca\/wp-content\/uploads\/2026\/03\/100T12.jpg","contentUrl":"https:\/\/ksproducts.ca\/wp-content\/uploads\/2026\/03\/100T12.jpg","width":425,"height":425,"caption":"Rightline Gear Anti-Theft Coupler Ball & Lock Trailer Hitch"},{"@type":"BreadcrumbList","@id":"https:\/\/ksproducts.ca\/product\/rightline-gear-anti-theft-coupler-ball-lock-trailer-hitch\/#breadcrumb","itemListElement":[{"@type":"ListItem","position":1,"name":"Home","item":"https:\/\/ksproducts.ca\/"},{"@type":"ListItem","position":2,"name":"Shop","item":"https:\/\/ksproducts.ca\/shop\/"},{"@type":"ListItem","position":3,"name":"Rightline Gear Anti-Theft Coupler Ball &#038; Lock Trailer Hitch"}]},{"@type":"WebSite","@id":"https:\/\/ksproducts.ca\/#website","url":"https:\/\/ksproducts.ca\/","name":"Produits Ks","description":"Cuisiner et vivre en plein air, c'est facile au Canada","publisher":{"@id":"https:\/\/ksproducts.ca\/#organization"},"potentialAction":[{"@type":"SearchAction","target":{"@type":"EntryPoint","urlTemplate":"https:\/\/ksproducts.ca\/?s={search_term_string}"},"query-input":{"@type":"PropertyValueSpecification","valueRequired":true,"valueName":"search_term_string"}}],"inLanguage":"fr-CA"},{"@type":"Organization","@id":"https:\/\/ksproducts.ca\/#organization","name":"Produits Ks","url":"https:\/\/ksproducts.ca\/","logo":{"@type":"ImageObject","inLanguage":"fr-CA","@id":"https:\/\/ksproducts.ca\/#\/schema\/logo\/image\/","url":"https:\/\/ksproducts.ca\/wp-content\/uploads\/2023\/09\/Kennedy-Sales-Logo-header-1.png","contentUrl":"https:\/\/ksproducts.ca\/wp-content\/uploads\/2023\/09\/Kennedy-Sales-Logo-header-1.png","width":150,"height":77,"caption":"Ks Products"},"image":{"@id":"https:\/\/ksproducts.ca\/#\/schema\/logo\/image\/"}}]}},"_links":{"self":[{"href":"https:\/\/ksproducts.ca\/fr\/wp-json\/wp\/v2\/product\/11406","targetHints":{"allow":["GET"]}}],"collection":[{"href":"https:\/\/ksproducts.ca\/fr\/wp-json\/wp\/v2\/product"}],"about":[{"href":"https:\/\/ksproducts.ca\/fr\/wp-json\/wp\/v2\/types\/product"}],"replies":[{"embeddable":true,"href":"https:\/\/ksproducts.ca\/fr\/wp-json\/wp\/v2\/comments?post=11406"}],"version-history":[{"count":1,"href":"https:\/\/ksproducts.ca\/fr\/wp-json\/wp\/v2\/product\/11406\/revisions"}],"predecessor-version":[{"id":11408,"href":"https:\/\/ksproducts.ca\/fr\/wp-json\/wp\/v2\/product\/11406\/revisions\/11408"}],"wp:featuredmedia":[{"embeddable":true,"href":"https:\/\/ksproducts.ca\/fr\/wp-json\/wp\/v2\/media\/11407"}],"wp:attachment":[{"href":"https:\/\/ksproducts.ca\/fr\/wp-json\/wp\/v2\/media?parent=11406"}],"wp:term":[{"taxonomy":"product_cat","embeddable":true,"href":"https:\/\/ksproducts.ca\/fr\/wp-json\/wp\/v2\/product_cat?post=11406"},{"taxonomy":"product_tag","embeddable":true,"href":"https:\/\/ksproducts.ca\/fr\/wp-json\/wp\/v2\/product_tag?post=11406"}],"curies":[{"name":"wp","href":"https:\/\/api.w.org\/{rel}","templated":true}]}}