{"id":11409,"date":"2026-03-04T14:44:37","date_gmt":"2026-03-04T14:44:37","guid":{"rendered":"https:\/\/ksproducts.ca\/?post_type=product&#038;p=11409"},"modified":"2026-03-04T14:44:37","modified_gmt":"2026-03-04T14:44:37","slug":"filet-de-chargement-impermeable-pour-plateau-de-camion-rightline-gear-avec-bache-integree-10-x-8","status":"publish","type":"product","link":"https:\/\/ksproducts.ca\/fr\/product\/rightline-gear-weatherproof-truck-bed-cargo-net-with-built-in-tarp-10-x-8\/","title":{"rendered":"Rightline Gear Filet de chargement de caisse de camion r\u00e9sistant aux intemp\u00e9ries avec b\u00e2che int\u00e9gr\u00e9e - 10\u2032 x 8\u2032"},"content":{"rendered":"<ul class=\"a-unordered-list a-vertical a-spacing-mini\">\n<li class=\"a-spacing-mini\"><span class=\"a-list-item\">Filet de chargement pour benne de pickup : Parfait pour les bennes de pickup et les remorques utilitaires, notre filet de chargement avec b\u00e2che int\u00e9gr\u00e9e s\u00e9curise la marchandise tout en la gardant au sec<\/span><\/li>\n<li class=\"a-spacing-mini\"><span class=\"a-list-item\">Conception de crochet innovante : notre filet de chargement est \u00e9quip\u00e9 de crochets rigides qui ne se plient pas et ne se cassent pas ; nos crochets sont \u00e9galement con\u00e7us pour se connecter facilement dans des espaces restreints.<\/span><\/li>\n<li class=\"a-spacing-mini\"><span class=\"a-list-item\">Construction de qualit\u00e9 : Con\u00e7ue pour des ann\u00e9es d'utilisation, notre b\u00e2che de camion prot\u00e9g\u00e9e contre les UV conserve son \u00e9lasticit\u00e9 et ne se d\u00e9colore pas ; La b\u00e2che r\u00e9sistante aux intemp\u00e9ries est r\u00e9sistante \u00e0 la coupe, aux d\u00e9chirures et \u00e0 l'abrasion et pr\u00e9sente des coutures scell\u00e9es par ruban adh\u00e9sif<\/span><\/li>\n<li class=\"a-spacing-mini\"><span class=\"a-list-item\">Ajustement universel : Notre filet de benne de camion de taille unique pour le fret s'associe bien aux remorques utilitaires et s'adapte \u00e0 toutes les bennes de camion ; pleine grandeur, moyenne et compacte ; mesure 1,28 m par 1,68 m non \u00e9tir\u00e9 ; 2,68 m par 3,05 m \u00e9tir\u00e9.<\/span><\/li>\n<li class=\"a-spacing-mini\"><span class=\"a-list-item\">Facile \u00e0 installer : les crochets inclus peuvent \u00eatre d\u00e9plac\u00e9s pour ajuster la taille et la tension du filet de rangement ; filet pour coffre de voiture et 12 crochets inclus<\/span><\/li>\n<\/ul>","protected":false},"excerpt":{"rendered":"<p>Fini les filets de chargement automobiles emm\u00eal\u00e9s et les b\u00e2ches encombrantes pour l'am\u00e9nagement paysager ! Le filet de chargement pour camion Rightline Gear avec b\u00e2che int\u00e9gr\u00e9e s\u00e9curise le chargement tout en le gardant au sec. Ce produit innovant attache un filet \u00e9lastique \u00e0 une b\u00e2che r\u00e9sistante et l\u00e9g\u00e8re, \u00e9liminant ainsi l'enchev\u00eatrement du filet. Des crochets amovibles permettent d'ajuster la taille et la tension du filet et un \u00e9lastique p\u00e9riph\u00e9rique r\u00e9glable resserre les bords de la b\u00e2che autour de la charge. Le produit se replie en un petit sac de rangement qui peut \u00eatre stock\u00e9 derri\u00e8re ou sous les si\u00e8ges du camion. Le Truck Bed Cargo Net fonctionne \u00e9galement tr\u00e8s bien sur les remorques utilitaires.<\/p>","protected":false},"featured_media":11410,"comment_status":"open","ping_status":"closed","template":"","meta":[],"product_cat":[431],"product_tag":[],"class_list":{"0":"post-11409","1":"product","2":"type-product","3":"status-publish","4":"has-post-thumbnail","6":"product_cat-camping-rv-essentials","7":"product_shipping_class-class-1","9":"first","10":"instock","11":"taxable","12":"shipping-taxable","13":"purchasable","14":"product-type-simple"},"yoast_head":"<!-- This site is optimized with the Yoast SEO plugin v27.4 - https:\/\/yoast.com\/product\/yoast-seo-wordpress\/ -->\n<title>Rightline Gear Weatherproof Truck Bed Cargo Net with Built-in Tarp - 10&#039; x 8&#039; - Ks Products<\/title>\n<meta name=\"robots\" content=\"index, follow, max-snippet:-1, max-image-preview:large, max-video-preview:-1\" \/>\n<link rel=\"canonical\" href=\"https:\/\/ksproducts.ca\/fr\/product\/filet-de-chargement-impermeable-pour-plateau-de-camion-rightline-gear-avec-bache-integree-10-x-8\/\" \/>\n<meta property=\"og:locale\" content=\"fr_CA\" \/>\n<meta property=\"og:type\" content=\"article\" \/>\n<meta property=\"og:title\" content=\"Rightline Gear Weatherproof Truck Bed Cargo Net with Built-in Tarp - 10&#039; x 8&#039; - Ks Products\" \/>\n<meta property=\"og:description\" content=\"No more tangled automotive cargo nets and bulky landscape tarps! The Rightline Gear Truck Bed Cargo Net With Built-In Tarp secures cargo while keeping it dry. This innovative product attaches a bungee net to a tough, lightweight tarp, eliminating tangling of the net. Relocatable hooks adjust the size and tension of the net and an adjustable perimeter bungee tightens the edges of the tarp around the load. The product folds down into a small stuff sack that can be stored behind or beneath the truck\u2019s seats. The Truck Bed Cargo Net also works great on utility trailers.\" \/>\n<meta property=\"og:url\" content=\"https:\/\/ksproducts.ca\/fr\/product\/filet-de-chargement-impermeable-pour-plateau-de-camion-rightline-gear-avec-bache-integree-10-x-8\/\" \/>\n<meta property=\"og:site_name\" content=\"Ks Products\" \/>\n<meta property=\"og:image\" content=\"https:\/\/ksproducts.ca\/wp-content\/uploads\/2026\/03\/100T60.jpg\" \/>\n\t<meta property=\"og:image:width\" content=\"425\" \/>\n\t<meta property=\"og:image:height\" content=\"429\" \/>\n\t<meta property=\"og:image:type\" content=\"image\/jpeg\" \/>\n<meta name=\"twitter:card\" content=\"summary_large_image\" \/>\n<meta name=\"twitter:label1\" content=\"Estimation du temps de lecture\" \/>\n\t<meta name=\"twitter:data1\" content=\"1 minute\" \/>\n<script type=\"application\/ld+json\" class=\"yoast-schema-graph\">{\"@context\":\"https:\\\/\\\/schema.org\",\"@graph\":[{\"@type\":\"WebPage\",\"@id\":\"https:\\\/\\\/ksproducts.ca\\\/product\\\/rightline-gear-weatherproof-truck-bed-cargo-net-with-built-in-tarp-10-x-8\\\/\",\"url\":\"https:\\\/\\\/ksproducts.ca\\\/product\\\/rightline-gear-weatherproof-truck-bed-cargo-net-with-built-in-tarp-10-x-8\\\/\",\"name\":\"Rightline Gear Weatherproof Truck Bed Cargo Net with Built-in Tarp - 10' x 8' - Ks Products\",\"isPartOf\":{\"@id\":\"https:\\\/\\\/ksproducts.ca\\\/#website\"},\"primaryImageOfPage\":{\"@id\":\"https:\\\/\\\/ksproducts.ca\\\/product\\\/rightline-gear-weatherproof-truck-bed-cargo-net-with-built-in-tarp-10-x-8\\\/#primaryimage\"},\"image\":{\"@id\":\"https:\\\/\\\/ksproducts.ca\\\/product\\\/rightline-gear-weatherproof-truck-bed-cargo-net-with-built-in-tarp-10-x-8\\\/#primaryimage\"},\"thumbnailUrl\":\"https:\\\/\\\/ksproducts.ca\\\/wp-content\\\/uploads\\\/2026\\\/03\\\/100T60.jpg\",\"datePublished\":\"2026-03-04T14:44:37+00:00\",\"breadcrumb\":{\"@id\":\"https:\\\/\\\/ksproducts.ca\\\/product\\\/rightline-gear-weatherproof-truck-bed-cargo-net-with-built-in-tarp-10-x-8\\\/#breadcrumb\"},\"inLanguage\":\"fr-CA\",\"potentialAction\":[{\"@type\":\"ReadAction\",\"target\":[\"https:\\\/\\\/ksproducts.ca\\\/product\\\/rightline-gear-weatherproof-truck-bed-cargo-net-with-built-in-tarp-10-x-8\\\/\"]}]},{\"@type\":\"ImageObject\",\"inLanguage\":\"fr-CA\",\"@id\":\"https:\\\/\\\/ksproducts.ca\\\/product\\\/rightline-gear-weatherproof-truck-bed-cargo-net-with-built-in-tarp-10-x-8\\\/#primaryimage\",\"url\":\"https:\\\/\\\/ksproducts.ca\\\/wp-content\\\/uploads\\\/2026\\\/03\\\/100T60.jpg\",\"contentUrl\":\"https:\\\/\\\/ksproducts.ca\\\/wp-content\\\/uploads\\\/2026\\\/03\\\/100T60.jpg\",\"width\":425,\"height\":429,\"caption\":\"Rightline Gear Weatherproof Truck Bed Cargo Net with Built-in Tarp - 10' x 8'\"},{\"@type\":\"BreadcrumbList\",\"@id\":\"https:\\\/\\\/ksproducts.ca\\\/product\\\/rightline-gear-weatherproof-truck-bed-cargo-net-with-built-in-tarp-10-x-8\\\/#breadcrumb\",\"itemListElement\":[{\"@type\":\"ListItem\",\"position\":1,\"name\":\"Home\",\"item\":\"https:\\\/\\\/ksproducts.ca\\\/\"},{\"@type\":\"ListItem\",\"position\":2,\"name\":\"Shop\",\"item\":\"https:\\\/\\\/ksproducts.ca\\\/shop\\\/\"},{\"@type\":\"ListItem\",\"position\":3,\"name\":\"Rightline Gear Weatherproof Truck Bed Cargo Net with Built-in Tarp &#8211; 10&#8242; x 8&#8242;\"}]},{\"@type\":\"WebSite\",\"@id\":\"https:\\\/\\\/ksproducts.ca\\\/#website\",\"url\":\"https:\\\/\\\/ksproducts.ca\\\/\",\"name\":\"Ks Products\",\"description\":\"Outdoor cooking and living, made easy in Canada\",\"publisher\":{\"@id\":\"https:\\\/\\\/ksproducts.ca\\\/#organization\"},\"potentialAction\":[{\"@type\":\"SearchAction\",\"target\":{\"@type\":\"EntryPoint\",\"urlTemplate\":\"https:\\\/\\\/ksproducts.ca\\\/?s={search_term_string}\"},\"query-input\":{\"@type\":\"PropertyValueSpecification\",\"valueRequired\":true,\"valueName\":\"search_term_string\"}}],\"inLanguage\":\"fr-CA\"},{\"@type\":\"Organization\",\"@id\":\"https:\\\/\\\/ksproducts.ca\\\/#organization\",\"name\":\"Ks Products\",\"url\":\"https:\\\/\\\/ksproducts.ca\\\/\",\"logo\":{\"@type\":\"ImageObject\",\"inLanguage\":\"fr-CA\",\"@id\":\"https:\\\/\\\/ksproducts.ca\\\/#\\\/schema\\\/logo\\\/image\\\/\",\"url\":\"https:\\\/\\\/ksproducts.ca\\\/wp-content\\\/uploads\\\/2023\\\/09\\\/Kennedy-Sales-Logo-header-1.png\",\"contentUrl\":\"https:\\\/\\\/ksproducts.ca\\\/wp-content\\\/uploads\\\/2023\\\/09\\\/Kennedy-Sales-Logo-header-1.png\",\"width\":150,\"height\":77,\"caption\":\"Ks Products\"},\"image\":{\"@id\":\"https:\\\/\\\/ksproducts.ca\\\/#\\\/schema\\\/logo\\\/image\\\/\"}}]}<\/script>\n<!-- \/ Yoast SEO plugin. -->","yoast_head_json":{"title":"Filet de chargement de benne de camion \u00e9tanche Rightline Gear avec b\u00e2che int\u00e9gr\u00e9e - 3,05 m x 2,44 m - Produits Ks","robots":{"index":"index","follow":"follow","max-snippet":"max-snippet:-1","max-image-preview":"max-image-preview:large","max-video-preview":"max-video-preview:-1"},"canonical":"https:\/\/ksproducts.ca\/fr\/product\/filet-de-chargement-impermeable-pour-plateau-de-camion-rightline-gear-avec-bache-integree-10-x-8\/","og_locale":"fr_CA","og_type":"article","og_title":"Rightline Gear Weatherproof Truck Bed Cargo Net with Built-in Tarp - 10' x 8' - Ks Products","og_description":"No more tangled automotive cargo nets and bulky landscape tarps! The Rightline Gear Truck Bed Cargo Net With Built-In Tarp secures cargo while keeping it dry. This innovative product attaches a bungee net to a tough, lightweight tarp, eliminating tangling of the net. Relocatable hooks adjust the size and tension of the net and an adjustable perimeter bungee tightens the edges of the tarp around the load. The product folds down into a small stuff sack that can be stored behind or beneath the truck\u2019s seats. The Truck Bed Cargo Net also works great on utility trailers.","og_url":"https:\/\/ksproducts.ca\/fr\/product\/filet-de-chargement-impermeable-pour-plateau-de-camion-rightline-gear-avec-bache-integree-10-x-8\/","og_site_name":"Ks Products","og_image":[{"width":425,"height":429,"url":"https:\/\/ksproducts.ca\/wp-content\/uploads\/2026\/03\/100T60.jpg","type":"image\/jpeg"}],"twitter_card":"summary_large_image","twitter_misc":{"Estimation du temps de lecture":"1 minute"},"schema":{"@context":"https:\/\/schema.org","@graph":[{"@type":"WebPage","@id":"https:\/\/ksproducts.ca\/product\/rightline-gear-weatherproof-truck-bed-cargo-net-with-built-in-tarp-10-x-8\/","url":"https:\/\/ksproducts.ca\/product\/rightline-gear-weatherproof-truck-bed-cargo-net-with-built-in-tarp-10-x-8\/","name":"Filet de chargement de benne de camion \u00e9tanche Rightline Gear avec b\u00e2che int\u00e9gr\u00e9e - 3,05 m x 2,44 m - Produits Ks","isPartOf":{"@id":"https:\/\/ksproducts.ca\/#website"},"primaryImageOfPage":{"@id":"https:\/\/ksproducts.ca\/product\/rightline-gear-weatherproof-truck-bed-cargo-net-with-built-in-tarp-10-x-8\/#primaryimage"},"image":{"@id":"https:\/\/ksproducts.ca\/product\/rightline-gear-weatherproof-truck-bed-cargo-net-with-built-in-tarp-10-x-8\/#primaryimage"},"thumbnailUrl":"https:\/\/ksproducts.ca\/wp-content\/uploads\/2026\/03\/100T60.jpg","datePublished":"2026-03-04T14:44:37+00:00","breadcrumb":{"@id":"https:\/\/ksproducts.ca\/product\/rightline-gear-weatherproof-truck-bed-cargo-net-with-built-in-tarp-10-x-8\/#breadcrumb"},"inLanguage":"fr-CA","potentialAction":[{"@type":"ReadAction","target":["https:\/\/ksproducts.ca\/product\/rightline-gear-weatherproof-truck-bed-cargo-net-with-built-in-tarp-10-x-8\/"]}]},{"@type":"ImageObject","inLanguage":"fr-CA","@id":"https:\/\/ksproducts.ca\/product\/rightline-gear-weatherproof-truck-bed-cargo-net-with-built-in-tarp-10-x-8\/#primaryimage","url":"https:\/\/ksproducts.ca\/wp-content\/uploads\/2026\/03\/100T60.jpg","contentUrl":"https:\/\/ksproducts.ca\/wp-content\/uploads\/2026\/03\/100T60.jpg","width":425,"height":429,"caption":"Rightline Gear Weatherproof Truck Bed Cargo Net with Built-in Tarp - 10' x 8'"},{"@type":"BreadcrumbList","@id":"https:\/\/ksproducts.ca\/product\/rightline-gear-weatherproof-truck-bed-cargo-net-with-built-in-tarp-10-x-8\/#breadcrumb","itemListElement":[{"@type":"ListItem","position":1,"name":"Home","item":"https:\/\/ksproducts.ca\/"},{"@type":"ListItem","position":2,"name":"Shop","item":"https:\/\/ksproducts.ca\/shop\/"},{"@type":"ListItem","position":3,"name":"Rightline Gear Weatherproof Truck Bed Cargo Net with Built-in Tarp &#8211; 10&#8242; x 8&#8242;"}]},{"@type":"WebSite","@id":"https:\/\/ksproducts.ca\/#website","url":"https:\/\/ksproducts.ca\/","name":"Produits Ks","description":"Cuisiner et vivre en plein air, c'est facile au Canada","publisher":{"@id":"https:\/\/ksproducts.ca\/#organization"},"potentialAction":[{"@type":"SearchAction","target":{"@type":"EntryPoint","urlTemplate":"https:\/\/ksproducts.ca\/?s={search_term_string}"},"query-input":{"@type":"PropertyValueSpecification","valueRequired":true,"valueName":"search_term_string"}}],"inLanguage":"fr-CA"},{"@type":"Organization","@id":"https:\/\/ksproducts.ca\/#organization","name":"Produits Ks","url":"https:\/\/ksproducts.ca\/","logo":{"@type":"ImageObject","inLanguage":"fr-CA","@id":"https:\/\/ksproducts.ca\/#\/schema\/logo\/image\/","url":"https:\/\/ksproducts.ca\/wp-content\/uploads\/2023\/09\/Kennedy-Sales-Logo-header-1.png","contentUrl":"https:\/\/ksproducts.ca\/wp-content\/uploads\/2023\/09\/Kennedy-Sales-Logo-header-1.png","width":150,"height":77,"caption":"Ks Products"},"image":{"@id":"https:\/\/ksproducts.ca\/#\/schema\/logo\/image\/"}}]}},"_links":{"self":[{"href":"https:\/\/ksproducts.ca\/fr\/wp-json\/wp\/v2\/product\/11409","targetHints":{"allow":["GET"]}}],"collection":[{"href":"https:\/\/ksproducts.ca\/fr\/wp-json\/wp\/v2\/product"}],"about":[{"href":"https:\/\/ksproducts.ca\/fr\/wp-json\/wp\/v2\/types\/product"}],"replies":[{"embeddable":true,"href":"https:\/\/ksproducts.ca\/fr\/wp-json\/wp\/v2\/comments?post=11409"}],"version-history":[{"count":1,"href":"https:\/\/ksproducts.ca\/fr\/wp-json\/wp\/v2\/product\/11409\/revisions"}],"predecessor-version":[{"id":11411,"href":"https:\/\/ksproducts.ca\/fr\/wp-json\/wp\/v2\/product\/11409\/revisions\/11411"}],"wp:featuredmedia":[{"embeddable":true,"href":"https:\/\/ksproducts.ca\/fr\/wp-json\/wp\/v2\/media\/11410"}],"wp:attachment":[{"href":"https:\/\/ksproducts.ca\/fr\/wp-json\/wp\/v2\/media?parent=11409"}],"wp:term":[{"taxonomy":"product_cat","embeddable":true,"href":"https:\/\/ksproducts.ca\/fr\/wp-json\/wp\/v2\/product_cat?post=11409"},{"taxonomy":"product_tag","embeddable":true,"href":"https:\/\/ksproducts.ca\/fr\/wp-json\/wp\/v2\/product_tag?post=11409"}],"curies":[{"name":"wp","href":"https:\/\/api.w.org\/{rel}","templated":true}]}}