{"id":11412,"date":"2026-03-04T14:57:56","date_gmt":"2026-03-04T14:57:56","guid":{"rendered":"https:\/\/ksproducts.ca\/?post_type=product&#038;p=11412"},"modified":"2026-03-04T14:57:56","modified_gmt":"2026-03-04T14:57:56","slug":"novawinch-duo-wireless-remote-control-for-pro-plus-series-winches","status":"publish","type":"product","link":"https:\/\/ksproducts.ca\/fr\/product\/novawinch-duo-wireless-remote-control-for-pro-plus-series-winches\/","title":{"rendered":"Novawinch DUO T\u00e9l\u00e9commande sans fil pour treuils de la s\u00e9rie PRO Plus"},"content":{"rendered":"<ul>\n<li>Winch remote with wired or wireless functionality<\/li>\n<li>Included power cable is over 12&#8242; long<\/li>\n<li>Features power button, plus line in and out buttons<\/li>\n<li>Powered by rechargeable A23 12v battery<\/li>\n<li>Comes with 4-pin wireless adapter and wrist strap<\/li>\n<li>Wireless range of up to 65&#8242;<\/li>\n<li>IP68 rated to keep water and dust from entering the housing<\/li>\n<li>Compatible with all 12v 4-pin Novawinch products, including Pro-Series, Fenix-Series, K-Series, and T-Series winches<\/li>\n<li>Backed with limited 3-year warranty<\/li>\n<\/ul>","protected":false},"excerpt":{"rendered":"<p>Faites passer vos r\u00e9cup\u00e9rations au treuil \u00e0 un niveau sup\u00e9rieur de s\u00e9curit\u00e9 et de performance avec le syst\u00e8me de contr\u00f4le Duo Wireless + Wired ! Novawinch s'efforce toujours de fournir les produits de r\u00e9cup\u00e9ration les plus conviviaux pour les sports motoris\u00e9s et les besoins commerciaux ! Il est livr\u00e9 avec une sangle de poignet, un c\u00e2ble d'alimentation d\u00e9tachable de 12\u20197\u2033 et un adaptateur sans fil qui permet un fonctionnement sans cordon jusqu'\u00e0 65\u2032 de distance ! De plus, il est conforme \u00e0 la norme IP68 pour prot\u00e9ger les composants internes de l'eau et de la poussi\u00e8re !<\/p>","protected":false},"featured_media":11413,"comment_status":"open","ping_status":"closed","template":"","meta":[],"product_cat":[430],"product_tag":[],"class_list":{"0":"post-11412","1":"product","2":"type-product","3":"status-publish","4":"has-post-thumbnail","6":"product_cat-automotive-gear","7":"product_shipping_class-class-1","9":"first","10":"instock","11":"taxable","12":"shipping-taxable","13":"purchasable","14":"product-type-simple"},"yoast_head":"<!-- This site is optimized with the Yoast SEO plugin v27.3 - https:\/\/yoast.com\/product\/yoast-seo-wordpress\/ -->\n<title>Novawinch DUO Wireless Remote Control for PRO Plus Series Winches - Ks Products<\/title>\n<meta name=\"robots\" content=\"index, follow, max-snippet:-1, max-image-preview:large, max-video-preview:-1\" \/>\n<link rel=\"canonical\" href=\"https:\/\/ksproducts.ca\/fr\/product\/novawinch-duo-wireless-remote-control-for-pro-plus-series-winches\/\" \/>\n<meta property=\"og:locale\" content=\"fr_CA\" \/>\n<meta property=\"og:type\" content=\"article\" \/>\n<meta property=\"og:title\" content=\"Novawinch DUO Wireless Remote Control for PRO Plus Series Winches - Ks Products\" \/>\n<meta property=\"og:description\" content=\"Take your winch recoveries to the next level in safety and performance with the Duo Wireless + Wired Control System! Novawinch is always working to provide the most user-friendly recovery products for power-sports and commercial needs alike! It comes with a wrist strap, a 12&#039;7&quot; detachable power cable, and a wireless adapter that allows cord-free operation from up to 65&#039; away! Also, it features an IP68 rating to keep the internal components protected from water and dust alike!\" \/>\n<meta property=\"og:url\" content=\"https:\/\/ksproducts.ca\/fr\/product\/novawinch-duo-wireless-remote-control-for-pro-plus-series-winches\/\" \/>\n<meta property=\"og:site_name\" content=\"Ks Products\" \/>\n<meta property=\"og:image\" content=\"https:\/\/ksproducts.ca\/wp-content\/uploads\/2026\/03\/104007000964.webp\" \/>\n\t<meta property=\"og:image:width\" content=\"800\" \/>\n\t<meta property=\"og:image:height\" content=\"604\" \/>\n\t<meta property=\"og:image:type\" content=\"image\/webp\" \/>\n<meta name=\"twitter:card\" content=\"summary_large_image\" \/>\n<meta name=\"twitter:label1\" content=\"Estimation du temps de lecture\" \/>\n\t<meta name=\"twitter:data1\" content=\"1 minute\" \/>\n<script type=\"application\/ld+json\" class=\"yoast-schema-graph\">{\"@context\":\"https:\\\/\\\/schema.org\",\"@graph\":[{\"@type\":\"WebPage\",\"@id\":\"https:\\\/\\\/ksproducts.ca\\\/product\\\/novawinch-duo-wireless-remote-control-for-pro-plus-series-winches\\\/\",\"url\":\"https:\\\/\\\/ksproducts.ca\\\/product\\\/novawinch-duo-wireless-remote-control-for-pro-plus-series-winches\\\/\",\"name\":\"Novawinch DUO Wireless Remote Control for PRO Plus Series Winches - Ks Products\",\"isPartOf\":{\"@id\":\"https:\\\/\\\/ksproducts.ca\\\/#website\"},\"primaryImageOfPage\":{\"@id\":\"https:\\\/\\\/ksproducts.ca\\\/product\\\/novawinch-duo-wireless-remote-control-for-pro-plus-series-winches\\\/#primaryimage\"},\"image\":{\"@id\":\"https:\\\/\\\/ksproducts.ca\\\/product\\\/novawinch-duo-wireless-remote-control-for-pro-plus-series-winches\\\/#primaryimage\"},\"thumbnailUrl\":\"https:\\\/\\\/ksproducts.ca\\\/wp-content\\\/uploads\\\/2026\\\/03\\\/104007000964.webp\",\"datePublished\":\"2026-03-04T14:57:56+00:00\",\"breadcrumb\":{\"@id\":\"https:\\\/\\\/ksproducts.ca\\\/product\\\/novawinch-duo-wireless-remote-control-for-pro-plus-series-winches\\\/#breadcrumb\"},\"inLanguage\":\"fr-CA\",\"potentialAction\":[{\"@type\":\"ReadAction\",\"target\":[\"https:\\\/\\\/ksproducts.ca\\\/product\\\/novawinch-duo-wireless-remote-control-for-pro-plus-series-winches\\\/\"]}]},{\"@type\":\"ImageObject\",\"inLanguage\":\"fr-CA\",\"@id\":\"https:\\\/\\\/ksproducts.ca\\\/product\\\/novawinch-duo-wireless-remote-control-for-pro-plus-series-winches\\\/#primaryimage\",\"url\":\"https:\\\/\\\/ksproducts.ca\\\/wp-content\\\/uploads\\\/2026\\\/03\\\/104007000964.webp\",\"contentUrl\":\"https:\\\/\\\/ksproducts.ca\\\/wp-content\\\/uploads\\\/2026\\\/03\\\/104007000964.webp\",\"width\":800,\"height\":604,\"caption\":\"Novawinch DUO Wireless Remote Control for PRO Plus Series Winches\"},{\"@type\":\"BreadcrumbList\",\"@id\":\"https:\\\/\\\/ksproducts.ca\\\/product\\\/novawinch-duo-wireless-remote-control-for-pro-plus-series-winches\\\/#breadcrumb\",\"itemListElement\":[{\"@type\":\"ListItem\",\"position\":1,\"name\":\"Home\",\"item\":\"https:\\\/\\\/ksproducts.ca\\\/\"},{\"@type\":\"ListItem\",\"position\":2,\"name\":\"Shop\",\"item\":\"https:\\\/\\\/ksproducts.ca\\\/shop\\\/\"},{\"@type\":\"ListItem\",\"position\":3,\"name\":\"Novawinch DUO Wireless Remote Control for PRO Plus Series Winches\"}]},{\"@type\":\"WebSite\",\"@id\":\"https:\\\/\\\/ksproducts.ca\\\/#website\",\"url\":\"https:\\\/\\\/ksproducts.ca\\\/\",\"name\":\"Ks Products\",\"description\":\"Outdoor cooking and living, made easy in Canada\",\"publisher\":{\"@id\":\"https:\\\/\\\/ksproducts.ca\\\/#organization\"},\"potentialAction\":[{\"@type\":\"SearchAction\",\"target\":{\"@type\":\"EntryPoint\",\"urlTemplate\":\"https:\\\/\\\/ksproducts.ca\\\/?s={search_term_string}\"},\"query-input\":{\"@type\":\"PropertyValueSpecification\",\"valueRequired\":true,\"valueName\":\"search_term_string\"}}],\"inLanguage\":\"fr-CA\"},{\"@type\":\"Organization\",\"@id\":\"https:\\\/\\\/ksproducts.ca\\\/#organization\",\"name\":\"Ks Products\",\"url\":\"https:\\\/\\\/ksproducts.ca\\\/\",\"logo\":{\"@type\":\"ImageObject\",\"inLanguage\":\"fr-CA\",\"@id\":\"https:\\\/\\\/ksproducts.ca\\\/#\\\/schema\\\/logo\\\/image\\\/\",\"url\":\"https:\\\/\\\/ksproducts.ca\\\/wp-content\\\/uploads\\\/2023\\\/09\\\/Kennedy-Sales-Logo-header-1.png\",\"contentUrl\":\"https:\\\/\\\/ksproducts.ca\\\/wp-content\\\/uploads\\\/2023\\\/09\\\/Kennedy-Sales-Logo-header-1.png\",\"width\":150,\"height\":77,\"caption\":\"Ks Products\"},\"image\":{\"@id\":\"https:\\\/\\\/ksproducts.ca\\\/#\\\/schema\\\/logo\\\/image\\\/\"}}]}<\/script>\n<!-- \/ Yoast SEO plugin. -->","yoast_head_json":{"title":"Novawinch DUO Wireless Remote Control for PRO Plus Series Winches - Ks Products","robots":{"index":"index","follow":"follow","max-snippet":"max-snippet:-1","max-image-preview":"max-image-preview:large","max-video-preview":"max-video-preview:-1"},"canonical":"https:\/\/ksproducts.ca\/fr\/product\/novawinch-duo-wireless-remote-control-for-pro-plus-series-winches\/","og_locale":"fr_CA","og_type":"article","og_title":"Novawinch DUO Wireless Remote Control for PRO Plus Series Winches - Ks Products","og_description":"Take your winch recoveries to the next level in safety and performance with the Duo Wireless + Wired Control System! Novawinch is always working to provide the most user-friendly recovery products for power-sports and commercial needs alike! It comes with a wrist strap, a 12'7\" detachable power cable, and a wireless adapter that allows cord-free operation from up to 65' away! Also, it features an IP68 rating to keep the internal components protected from water and dust alike!","og_url":"https:\/\/ksproducts.ca\/fr\/product\/novawinch-duo-wireless-remote-control-for-pro-plus-series-winches\/","og_site_name":"Ks Products","og_image":[{"width":800,"height":604,"url":"https:\/\/ksproducts.ca\/wp-content\/uploads\/2026\/03\/104007000964.webp","type":"image\/webp"}],"twitter_card":"summary_large_image","twitter_misc":{"Estimation du temps de lecture":"1 minute"},"schema":{"@context":"https:\/\/schema.org","@graph":[{"@type":"WebPage","@id":"https:\/\/ksproducts.ca\/product\/novawinch-duo-wireless-remote-control-for-pro-plus-series-winches\/","url":"https:\/\/ksproducts.ca\/product\/novawinch-duo-wireless-remote-control-for-pro-plus-series-winches\/","name":"Novawinch DUO Wireless Remote Control for PRO Plus Series Winches - Ks Products","isPartOf":{"@id":"https:\/\/ksproducts.ca\/#website"},"primaryImageOfPage":{"@id":"https:\/\/ksproducts.ca\/product\/novawinch-duo-wireless-remote-control-for-pro-plus-series-winches\/#primaryimage"},"image":{"@id":"https:\/\/ksproducts.ca\/product\/novawinch-duo-wireless-remote-control-for-pro-plus-series-winches\/#primaryimage"},"thumbnailUrl":"https:\/\/ksproducts.ca\/wp-content\/uploads\/2026\/03\/104007000964.webp","datePublished":"2026-03-04T14:57:56+00:00","breadcrumb":{"@id":"https:\/\/ksproducts.ca\/product\/novawinch-duo-wireless-remote-control-for-pro-plus-series-winches\/#breadcrumb"},"inLanguage":"fr-CA","potentialAction":[{"@type":"ReadAction","target":["https:\/\/ksproducts.ca\/product\/novawinch-duo-wireless-remote-control-for-pro-plus-series-winches\/"]}]},{"@type":"ImageObject","inLanguage":"fr-CA","@id":"https:\/\/ksproducts.ca\/product\/novawinch-duo-wireless-remote-control-for-pro-plus-series-winches\/#primaryimage","url":"https:\/\/ksproducts.ca\/wp-content\/uploads\/2026\/03\/104007000964.webp","contentUrl":"https:\/\/ksproducts.ca\/wp-content\/uploads\/2026\/03\/104007000964.webp","width":800,"height":604,"caption":"Novawinch DUO Wireless Remote Control for PRO Plus Series Winches"},{"@type":"BreadcrumbList","@id":"https:\/\/ksproducts.ca\/product\/novawinch-duo-wireless-remote-control-for-pro-plus-series-winches\/#breadcrumb","itemListElement":[{"@type":"ListItem","position":1,"name":"Home","item":"https:\/\/ksproducts.ca\/"},{"@type":"ListItem","position":2,"name":"Shop","item":"https:\/\/ksproducts.ca\/shop\/"},{"@type":"ListItem","position":3,"name":"Novawinch DUO Wireless Remote Control for PRO Plus Series Winches"}]},{"@type":"WebSite","@id":"https:\/\/ksproducts.ca\/#website","url":"https:\/\/ksproducts.ca\/","name":"Produits Ks","description":"Cuisiner et vivre en plein air, c'est facile au Canada","publisher":{"@id":"https:\/\/ksproducts.ca\/#organization"},"potentialAction":[{"@type":"SearchAction","target":{"@type":"EntryPoint","urlTemplate":"https:\/\/ksproducts.ca\/?s={search_term_string}"},"query-input":{"@type":"PropertyValueSpecification","valueRequired":true,"valueName":"search_term_string"}}],"inLanguage":"fr-CA"},{"@type":"Organization","@id":"https:\/\/ksproducts.ca\/#organization","name":"Produits Ks","url":"https:\/\/ksproducts.ca\/","logo":{"@type":"ImageObject","inLanguage":"fr-CA","@id":"https:\/\/ksproducts.ca\/#\/schema\/logo\/image\/","url":"https:\/\/ksproducts.ca\/wp-content\/uploads\/2023\/09\/Kennedy-Sales-Logo-header-1.png","contentUrl":"https:\/\/ksproducts.ca\/wp-content\/uploads\/2023\/09\/Kennedy-Sales-Logo-header-1.png","width":150,"height":77,"caption":"Ks Products"},"image":{"@id":"https:\/\/ksproducts.ca\/#\/schema\/logo\/image\/"}}]}},"_links":{"self":[{"href":"https:\/\/ksproducts.ca\/fr\/wp-json\/wp\/v2\/product\/11412","targetHints":{"allow":["GET"]}}],"collection":[{"href":"https:\/\/ksproducts.ca\/fr\/wp-json\/wp\/v2\/product"}],"about":[{"href":"https:\/\/ksproducts.ca\/fr\/wp-json\/wp\/v2\/types\/product"}],"replies":[{"embeddable":true,"href":"https:\/\/ksproducts.ca\/fr\/wp-json\/wp\/v2\/comments?post=11412"}],"version-history":[{"count":1,"href":"https:\/\/ksproducts.ca\/fr\/wp-json\/wp\/v2\/product\/11412\/revisions"}],"predecessor-version":[{"id":11414,"href":"https:\/\/ksproducts.ca\/fr\/wp-json\/wp\/v2\/product\/11412\/revisions\/11414"}],"wp:featuredmedia":[{"embeddable":true,"href":"https:\/\/ksproducts.ca\/fr\/wp-json\/wp\/v2\/media\/11413"}],"wp:attachment":[{"href":"https:\/\/ksproducts.ca\/fr\/wp-json\/wp\/v2\/media?parent=11412"}],"wp:term":[{"taxonomy":"product_cat","embeddable":true,"href":"https:\/\/ksproducts.ca\/fr\/wp-json\/wp\/v2\/product_cat?post=11412"},{"taxonomy":"product_tag","embeddable":true,"href":"https:\/\/ksproducts.ca\/fr\/wp-json\/wp\/v2\/product_tag?post=11412"}],"curies":[{"name":"wp","href":"https:\/\/api.w.org\/{rel}","templated":true}]}}