{"id":11415,"date":"2026-03-04T15:02:55","date_gmt":"2026-03-04T15:02:55","guid":{"rendered":"https:\/\/ksproducts.ca\/?post_type=product&#038;p=11415"},"modified":"2026-03-16T17:15:08","modified_gmt":"2026-03-16T17:15:08","slug":"rightline-gear-8-full-size-truck-long-bed-tent","status":"publish","type":"product","link":"https:\/\/ksproducts.ca\/fr\/product\/rightline-gear-8-full-size-truck-long-bed-tent\/","title":{"rendered":"Rightline Gear 8\u2032 Full-Size Truck Long Bed Tent"},"content":{"rendered":"<ul>\n<li>Floorless design allows for set up without removing gear from the bed<\/li>\n<li>Protective heavy duty straps and nylon buckles, won&#8217;t damage truck&#8217;s finish<\/li>\n<li>Water resistant fabric with tape sealed seams (PU 2000mm)<\/li>\n<li>Sky view vent for more light, ventilation, and sleeping under the stars<\/li>\n<li>All truck tents sleep (2) adults<\/li>\n<li>Includes: tent, rainfly, and stuff sack with sewn-in set up guide<\/li>\n<\/ul>","protected":false},"excerpt":{"rendered":"<p>La Rightline Gear Truck Tent vous permet de faire l'exp\u00e9rience du camping dans une caisse de camion s\u00e8che, au-dessus du sol, sans les complications des b\u00e2ches, des piquets et des haubans. Elle se caract\u00e9rise par une conception sans plancher qui vous permet de monter ou de d\u00e9monter la tente sans avoir \u00e0 sortir votre mat\u00e9riel de la caisse. La tente est \u00e9quip\u00e9e de deux poches pour le mat\u00e9riel, d'un crochet de suspension pour la lanterne, de tirettes de fermeture \u00e9clair phosphorescentes et d'un \u00e9vent pour la vue du ciel. Mesurez l'int\u00e9rieur de la caisse de votre camion, hayon relev\u00e9, et consultez le guide des tailles de tentes pour camions. Transformez n'importe quel endroit en un camping confortable !<\/p>","protected":false},"featured_media":11416,"comment_status":"open","ping_status":"closed","template":"","meta":[],"product_cat":[431],"product_tag":[],"class_list":{"0":"post-11415","1":"product","2":"type-product","3":"status-publish","4":"has-post-thumbnail","6":"product_cat-camping-rv-essentials","7":"product_shipping_class-class-1","9":"first","10":"instock","11":"taxable","12":"shipping-taxable","13":"purchasable","14":"product-type-simple"},"yoast_head":"<!-- This site is optimized with the Yoast SEO plugin v27.3 - https:\/\/yoast.com\/product\/yoast-seo-wordpress\/ -->\n<title>Rightline Gear 8&#039; Full-Size Truck Long Bed Tent - Ks Products<\/title>\n<meta name=\"robots\" content=\"index, follow, max-snippet:-1, max-image-preview:large, max-video-preview:-1\" \/>\n<link rel=\"canonical\" href=\"https:\/\/ksproducts.ca\/fr\/product\/rightline-gear-8-full-size-truck-long-bed-tent\/\" \/>\n<meta property=\"og:locale\" content=\"fr_CA\" \/>\n<meta property=\"og:type\" content=\"article\" \/>\n<meta property=\"og:title\" content=\"Rightline Gear 8&#039; Full-Size Truck Long Bed Tent - Ks Products\" \/>\n<meta property=\"og:description\" content=\"The Rightline Gear Truck Tent lets you experience camping in a dry truck bed, up off the ground, without the complication of tarps, stakes, and guy lines. It features a floorless design that allows you to set up or take down the tent without removing your gear from the bed. The tent is outfitted with (2) gear pockets, a lantern hanging hook, glow-in-the-dark zipper pulls, and a sky view vent. Measure the inside of your truck bed with the tailgate up and check the Truck Tent Sizing Guide. Turn any spot into a comfortable campsite!\" \/>\n<meta property=\"og:url\" content=\"https:\/\/ksproducts.ca\/fr\/product\/rightline-gear-8-full-size-truck-long-bed-tent\/\" \/>\n<meta property=\"og:site_name\" content=\"Ks Products\" \/>\n<meta property=\"article:modified_time\" content=\"2026-03-16T17:15:08+00:00\" \/>\n<meta property=\"og:image\" content=\"https:\/\/ksproducts.ca\/wp-content\/uploads\/2026\/03\/110710.png\" \/>\n\t<meta property=\"og:image:width\" content=\"440\" \/>\n\t<meta property=\"og:image:height\" content=\"440\" \/>\n\t<meta property=\"og:image:type\" content=\"image\/png\" \/>\n<meta name=\"twitter:card\" content=\"summary_large_image\" \/>\n<meta name=\"twitter:label1\" content=\"Estimation du temps de lecture\" \/>\n\t<meta name=\"twitter:data1\" content=\"1 minute\" \/>\n<script type=\"application\/ld+json\" class=\"yoast-schema-graph\">{\"@context\":\"https:\\\/\\\/schema.org\",\"@graph\":[{\"@type\":\"WebPage\",\"@id\":\"https:\\\/\\\/ksproducts.ca\\\/product\\\/rightline-gear-8-full-size-truck-long-bed-tent\\\/\",\"url\":\"https:\\\/\\\/ksproducts.ca\\\/product\\\/rightline-gear-8-full-size-truck-long-bed-tent\\\/\",\"name\":\"Rightline Gear 8' Full-Size Truck Long Bed Tent - Ks Products\",\"isPartOf\":{\"@id\":\"https:\\\/\\\/ksproducts.ca\\\/#website\"},\"primaryImageOfPage\":{\"@id\":\"https:\\\/\\\/ksproducts.ca\\\/product\\\/rightline-gear-8-full-size-truck-long-bed-tent\\\/#primaryimage\"},\"image\":{\"@id\":\"https:\\\/\\\/ksproducts.ca\\\/product\\\/rightline-gear-8-full-size-truck-long-bed-tent\\\/#primaryimage\"},\"thumbnailUrl\":\"https:\\\/\\\/ksproducts.ca\\\/wp-content\\\/uploads\\\/2026\\\/03\\\/110710.png\",\"datePublished\":\"2026-03-04T15:02:55+00:00\",\"dateModified\":\"2026-03-16T17:15:08+00:00\",\"breadcrumb\":{\"@id\":\"https:\\\/\\\/ksproducts.ca\\\/product\\\/rightline-gear-8-full-size-truck-long-bed-tent\\\/#breadcrumb\"},\"inLanguage\":\"fr-CA\",\"potentialAction\":[{\"@type\":\"ReadAction\",\"target\":[\"https:\\\/\\\/ksproducts.ca\\\/product\\\/rightline-gear-8-full-size-truck-long-bed-tent\\\/\"]}]},{\"@type\":\"ImageObject\",\"inLanguage\":\"fr-CA\",\"@id\":\"https:\\\/\\\/ksproducts.ca\\\/product\\\/rightline-gear-8-full-size-truck-long-bed-tent\\\/#primaryimage\",\"url\":\"https:\\\/\\\/ksproducts.ca\\\/wp-content\\\/uploads\\\/2026\\\/03\\\/110710.png\",\"contentUrl\":\"https:\\\/\\\/ksproducts.ca\\\/wp-content\\\/uploads\\\/2026\\\/03\\\/110710.png\",\"width\":440,\"height\":440,\"caption\":\"Rightline Gear 8' Full-Size Truck Long Bed Tent\"},{\"@type\":\"BreadcrumbList\",\"@id\":\"https:\\\/\\\/ksproducts.ca\\\/product\\\/rightline-gear-8-full-size-truck-long-bed-tent\\\/#breadcrumb\",\"itemListElement\":[{\"@type\":\"ListItem\",\"position\":1,\"name\":\"Home\",\"item\":\"https:\\\/\\\/ksproducts.ca\\\/\"},{\"@type\":\"ListItem\",\"position\":2,\"name\":\"Shop\",\"item\":\"https:\\\/\\\/ksproducts.ca\\\/shop\\\/\"},{\"@type\":\"ListItem\",\"position\":3,\"name\":\"Rightline Gear 8&#8242; Full-Size Truck Long Bed Tent\"}]},{\"@type\":\"WebSite\",\"@id\":\"https:\\\/\\\/ksproducts.ca\\\/#website\",\"url\":\"https:\\\/\\\/ksproducts.ca\\\/\",\"name\":\"Ks Products\",\"description\":\"Outdoor cooking and living, made easy in Canada\",\"publisher\":{\"@id\":\"https:\\\/\\\/ksproducts.ca\\\/#organization\"},\"potentialAction\":[{\"@type\":\"SearchAction\",\"target\":{\"@type\":\"EntryPoint\",\"urlTemplate\":\"https:\\\/\\\/ksproducts.ca\\\/?s={search_term_string}\"},\"query-input\":{\"@type\":\"PropertyValueSpecification\",\"valueRequired\":true,\"valueName\":\"search_term_string\"}}],\"inLanguage\":\"fr-CA\"},{\"@type\":\"Organization\",\"@id\":\"https:\\\/\\\/ksproducts.ca\\\/#organization\",\"name\":\"Ks Products\",\"url\":\"https:\\\/\\\/ksproducts.ca\\\/\",\"logo\":{\"@type\":\"ImageObject\",\"inLanguage\":\"fr-CA\",\"@id\":\"https:\\\/\\\/ksproducts.ca\\\/#\\\/schema\\\/logo\\\/image\\\/\",\"url\":\"https:\\\/\\\/ksproducts.ca\\\/wp-content\\\/uploads\\\/2023\\\/09\\\/Kennedy-Sales-Logo-header-1.png\",\"contentUrl\":\"https:\\\/\\\/ksproducts.ca\\\/wp-content\\\/uploads\\\/2023\\\/09\\\/Kennedy-Sales-Logo-header-1.png\",\"width\":150,\"height\":77,\"caption\":\"Ks Products\"},\"image\":{\"@id\":\"https:\\\/\\\/ksproducts.ca\\\/#\\\/schema\\\/logo\\\/image\\\/\"}}]}<\/script>\n<!-- \/ Yoast SEO plugin. -->","yoast_head_json":{"title":"Rightline Gear 8' Full-Size Truck Long Bed Tent - Ks Products","robots":{"index":"index","follow":"follow","max-snippet":"max-snippet:-1","max-image-preview":"max-image-preview:large","max-video-preview":"max-video-preview:-1"},"canonical":"https:\/\/ksproducts.ca\/fr\/product\/rightline-gear-8-full-size-truck-long-bed-tent\/","og_locale":"fr_CA","og_type":"article","og_title":"Rightline Gear 8' Full-Size Truck Long Bed Tent - Ks Products","og_description":"The Rightline Gear Truck Tent lets you experience camping in a dry truck bed, up off the ground, without the complication of tarps, stakes, and guy lines. It features a floorless design that allows you to set up or take down the tent without removing your gear from the bed. The tent is outfitted with (2) gear pockets, a lantern hanging hook, glow-in-the-dark zipper pulls, and a sky view vent. Measure the inside of your truck bed with the tailgate up and check the Truck Tent Sizing Guide. Turn any spot into a comfortable campsite!","og_url":"https:\/\/ksproducts.ca\/fr\/product\/rightline-gear-8-full-size-truck-long-bed-tent\/","og_site_name":"Ks Products","article_modified_time":"2026-03-16T17:15:08+00:00","og_image":[{"width":440,"height":440,"url":"https:\/\/ksproducts.ca\/wp-content\/uploads\/2026\/03\/110710.png","type":"image\/png"}],"twitter_card":"summary_large_image","twitter_misc":{"Estimation du temps de lecture":"1 minute"},"schema":{"@context":"https:\/\/schema.org","@graph":[{"@type":"WebPage","@id":"https:\/\/ksproducts.ca\/product\/rightline-gear-8-full-size-truck-long-bed-tent\/","url":"https:\/\/ksproducts.ca\/product\/rightline-gear-8-full-size-truck-long-bed-tent\/","name":"Rightline Gear 8' Full-Size Truck Long Bed Tent - Ks Products","isPartOf":{"@id":"https:\/\/ksproducts.ca\/#website"},"primaryImageOfPage":{"@id":"https:\/\/ksproducts.ca\/product\/rightline-gear-8-full-size-truck-long-bed-tent\/#primaryimage"},"image":{"@id":"https:\/\/ksproducts.ca\/product\/rightline-gear-8-full-size-truck-long-bed-tent\/#primaryimage"},"thumbnailUrl":"https:\/\/ksproducts.ca\/wp-content\/uploads\/2026\/03\/110710.png","datePublished":"2026-03-04T15:02:55+00:00","dateModified":"2026-03-16T17:15:08+00:00","breadcrumb":{"@id":"https:\/\/ksproducts.ca\/product\/rightline-gear-8-full-size-truck-long-bed-tent\/#breadcrumb"},"inLanguage":"fr-CA","potentialAction":[{"@type":"ReadAction","target":["https:\/\/ksproducts.ca\/product\/rightline-gear-8-full-size-truck-long-bed-tent\/"]}]},{"@type":"ImageObject","inLanguage":"fr-CA","@id":"https:\/\/ksproducts.ca\/product\/rightline-gear-8-full-size-truck-long-bed-tent\/#primaryimage","url":"https:\/\/ksproducts.ca\/wp-content\/uploads\/2026\/03\/110710.png","contentUrl":"https:\/\/ksproducts.ca\/wp-content\/uploads\/2026\/03\/110710.png","width":440,"height":440,"caption":"Rightline Gear 8' Full-Size Truck Long Bed Tent"},{"@type":"BreadcrumbList","@id":"https:\/\/ksproducts.ca\/product\/rightline-gear-8-full-size-truck-long-bed-tent\/#breadcrumb","itemListElement":[{"@type":"ListItem","position":1,"name":"Home","item":"https:\/\/ksproducts.ca\/"},{"@type":"ListItem","position":2,"name":"Shop","item":"https:\/\/ksproducts.ca\/shop\/"},{"@type":"ListItem","position":3,"name":"Rightline Gear 8&#8242; Full-Size Truck Long Bed Tent"}]},{"@type":"WebSite","@id":"https:\/\/ksproducts.ca\/#website","url":"https:\/\/ksproducts.ca\/","name":"Produits Ks","description":"Cuisiner et vivre en plein air, c'est facile au Canada","publisher":{"@id":"https:\/\/ksproducts.ca\/#organization"},"potentialAction":[{"@type":"SearchAction","target":{"@type":"EntryPoint","urlTemplate":"https:\/\/ksproducts.ca\/?s={search_term_string}"},"query-input":{"@type":"PropertyValueSpecification","valueRequired":true,"valueName":"search_term_string"}}],"inLanguage":"fr-CA"},{"@type":"Organization","@id":"https:\/\/ksproducts.ca\/#organization","name":"Produits Ks","url":"https:\/\/ksproducts.ca\/","logo":{"@type":"ImageObject","inLanguage":"fr-CA","@id":"https:\/\/ksproducts.ca\/#\/schema\/logo\/image\/","url":"https:\/\/ksproducts.ca\/wp-content\/uploads\/2023\/09\/Kennedy-Sales-Logo-header-1.png","contentUrl":"https:\/\/ksproducts.ca\/wp-content\/uploads\/2023\/09\/Kennedy-Sales-Logo-header-1.png","width":150,"height":77,"caption":"Ks Products"},"image":{"@id":"https:\/\/ksproducts.ca\/#\/schema\/logo\/image\/"}}]}},"_links":{"self":[{"href":"https:\/\/ksproducts.ca\/fr\/wp-json\/wp\/v2\/product\/11415","targetHints":{"allow":["GET"]}}],"collection":[{"href":"https:\/\/ksproducts.ca\/fr\/wp-json\/wp\/v2\/product"}],"about":[{"href":"https:\/\/ksproducts.ca\/fr\/wp-json\/wp\/v2\/types\/product"}],"replies":[{"embeddable":true,"href":"https:\/\/ksproducts.ca\/fr\/wp-json\/wp\/v2\/comments?post=11415"}],"version-history":[{"count":1,"href":"https:\/\/ksproducts.ca\/fr\/wp-json\/wp\/v2\/product\/11415\/revisions"}],"predecessor-version":[{"id":11417,"href":"https:\/\/ksproducts.ca\/fr\/wp-json\/wp\/v2\/product\/11415\/revisions\/11417"}],"wp:featuredmedia":[{"embeddable":true,"href":"https:\/\/ksproducts.ca\/fr\/wp-json\/wp\/v2\/media\/11416"}],"wp:attachment":[{"href":"https:\/\/ksproducts.ca\/fr\/wp-json\/wp\/v2\/media?parent=11415"}],"wp:term":[{"taxonomy":"product_cat","embeddable":true,"href":"https:\/\/ksproducts.ca\/fr\/wp-json\/wp\/v2\/product_cat?post=11415"},{"taxonomy":"product_tag","embeddable":true,"href":"https:\/\/ksproducts.ca\/fr\/wp-json\/wp\/v2\/product_tag?post=11415"}],"curies":[{"name":"wp","href":"https:\/\/api.w.org\/{rel}","templated":true}]}}