{"id":11418,"date":"2026-03-04T15:06:00","date_gmt":"2026-03-04T15:06:00","guid":{"rendered":"https:\/\/ksproducts.ca\/?post_type=product&#038;p=11418"},"modified":"2026-03-16T17:15:50","modified_gmt":"2026-03-16T17:15:50","slug":"rightline-gear-5-5-full-size-truck-short-bed-tent","status":"publish","type":"product","link":"https:\/\/ksproducts.ca\/fr\/product\/rightline-gear-5-5-full-size-truck-short-bed-tent\/","title":{"rendered":"Rightline Gear 5.5\u2032 Full-Size Truck Short Bed Tent"},"content":{"rendered":"<ul>\n<li>Comprend : tente, double-toit et sac de rangement avec guide d'installation cousu \u00e0 l'int\u00e9rieur<\/li>\n<li>Toutes les tentes de camion peuvent accueillir (2) adultes.<\/li>\n<li>Color coded poles and pole pockets for quick and easy set up<\/li>\n<li>Tissu r\u00e9sistant \u00e0 l'eau avec coutures scell\u00e9es<\/li>\n<\/ul>","protected":false},"excerpt":{"rendered":"<p>La tente Rightline Gear cr\u00e9e un emplacement de camping parfait \u00e0 l'arri\u00e8re de votre fourgon gr\u00e2ce \u00e0 un montage rapide et facile. La conception sans plancher permet d'installer la tente sans avoir \u00e0 sortir le mat\u00e9riel de la caisse. Les sangles de protection r\u00e9sistantes et les boucles en plastique n'endommageront pas la finition de la camionnette. Ventilation Sky View pour plus de lumi\u00e8re, de ventilation et pour dormir \u00e0 la belle \u00e9toile.<\/p>","protected":false},"featured_media":11419,"comment_status":"open","ping_status":"closed","template":"","meta":[],"product_cat":[431],"product_tag":[],"class_list":{"0":"post-11418","1":"product","2":"type-product","3":"status-publish","4":"has-post-thumbnail","6":"product_cat-camping-rv-essentials","7":"product_shipping_class-class-1","9":"first","10":"instock","11":"taxable","12":"shipping-taxable","13":"purchasable","14":"product-type-simple"},"yoast_head":"<!-- This site is optimized with the Yoast SEO plugin v27.3 - https:\/\/yoast.com\/product\/yoast-seo-wordpress\/ -->\n<title>Rightline Gear 5.5&#039; Full-Size Truck Short Bed Tent - Ks Products<\/title>\n<meta name=\"robots\" content=\"index, follow, max-snippet:-1, max-image-preview:large, max-video-preview:-1\" \/>\n<link rel=\"canonical\" href=\"https:\/\/ksproducts.ca\/fr\/product\/rightline-gear-5-5-full-size-truck-short-bed-tent\/\" \/>\n<meta property=\"og:locale\" content=\"fr_CA\" \/>\n<meta property=\"og:type\" content=\"article\" \/>\n<meta property=\"og:title\" content=\"Rightline Gear 5.5&#039; Full-Size Truck Short Bed Tent - Ks Products\" \/>\n<meta property=\"og:description\" content=\"The Rightline Gear tent creates the perfect campsite in the back of your van with quick and easy assembly. Floorless design allows for set up without removing gear from the bed. Protective heavy-duty straps and plastic buckles won\u2019t damage truck finish. Sky view vent for more light, ventilation, and sleeping under the stars\" \/>\n<meta property=\"og:url\" content=\"https:\/\/ksproducts.ca\/fr\/product\/rightline-gear-5-5-full-size-truck-short-bed-tent\/\" \/>\n<meta property=\"og:site_name\" content=\"Ks Products\" \/>\n<meta property=\"article:modified_time\" content=\"2026-03-16T17:15:50+00:00\" \/>\n<meta property=\"og:image\" content=\"https:\/\/ksproducts.ca\/wp-content\/uploads\/2026\/03\/Rightline-Gear-5.5-Full-Size-Truck-Short-Bed-Tent.jpg\" \/>\n\t<meta property=\"og:image:width\" content=\"600\" \/>\n\t<meta property=\"og:image:height\" content=\"600\" \/>\n\t<meta property=\"og:image:type\" content=\"image\/jpeg\" \/>\n<meta name=\"twitter:card\" content=\"summary_large_image\" \/>\n<meta name=\"twitter:label1\" content=\"Estimation du temps de lecture\" \/>\n\t<meta name=\"twitter:data1\" content=\"1 minute\" \/>\n<script type=\"application\/ld+json\" class=\"yoast-schema-graph\">{\"@context\":\"https:\\\/\\\/schema.org\",\"@graph\":[{\"@type\":\"WebPage\",\"@id\":\"https:\\\/\\\/ksproducts.ca\\\/product\\\/rightline-gear-5-5-full-size-truck-short-bed-tent\\\/\",\"url\":\"https:\\\/\\\/ksproducts.ca\\\/product\\\/rightline-gear-5-5-full-size-truck-short-bed-tent\\\/\",\"name\":\"Rightline Gear 5.5' Full-Size Truck Short Bed Tent - Ks Products\",\"isPartOf\":{\"@id\":\"https:\\\/\\\/ksproducts.ca\\\/#website\"},\"primaryImageOfPage\":{\"@id\":\"https:\\\/\\\/ksproducts.ca\\\/product\\\/rightline-gear-5-5-full-size-truck-short-bed-tent\\\/#primaryimage\"},\"image\":{\"@id\":\"https:\\\/\\\/ksproducts.ca\\\/product\\\/rightline-gear-5-5-full-size-truck-short-bed-tent\\\/#primaryimage\"},\"thumbnailUrl\":\"https:\\\/\\\/ksproducts.ca\\\/wp-content\\\/uploads\\\/2026\\\/03\\\/Rightline-Gear-5.5-Full-Size-Truck-Short-Bed-Tent.jpg\",\"datePublished\":\"2026-03-04T15:06:00+00:00\",\"dateModified\":\"2026-03-16T17:15:50+00:00\",\"breadcrumb\":{\"@id\":\"https:\\\/\\\/ksproducts.ca\\\/product\\\/rightline-gear-5-5-full-size-truck-short-bed-tent\\\/#breadcrumb\"},\"inLanguage\":\"fr-CA\",\"potentialAction\":[{\"@type\":\"ReadAction\",\"target\":[\"https:\\\/\\\/ksproducts.ca\\\/product\\\/rightline-gear-5-5-full-size-truck-short-bed-tent\\\/\"]}]},{\"@type\":\"ImageObject\",\"inLanguage\":\"fr-CA\",\"@id\":\"https:\\\/\\\/ksproducts.ca\\\/product\\\/rightline-gear-5-5-full-size-truck-short-bed-tent\\\/#primaryimage\",\"url\":\"https:\\\/\\\/ksproducts.ca\\\/wp-content\\\/uploads\\\/2026\\\/03\\\/Rightline-Gear-5.5-Full-Size-Truck-Short-Bed-Tent.jpg\",\"contentUrl\":\"https:\\\/\\\/ksproducts.ca\\\/wp-content\\\/uploads\\\/2026\\\/03\\\/Rightline-Gear-5.5-Full-Size-Truck-Short-Bed-Tent.jpg\",\"width\":600,\"height\":600,\"caption\":\"Rightline Gear 5.5' Full Size Truck Short Bed Tent\"},{\"@type\":\"BreadcrumbList\",\"@id\":\"https:\\\/\\\/ksproducts.ca\\\/product\\\/rightline-gear-5-5-full-size-truck-short-bed-tent\\\/#breadcrumb\",\"itemListElement\":[{\"@type\":\"ListItem\",\"position\":1,\"name\":\"Home\",\"item\":\"https:\\\/\\\/ksproducts.ca\\\/\"},{\"@type\":\"ListItem\",\"position\":2,\"name\":\"Shop\",\"item\":\"https:\\\/\\\/ksproducts.ca\\\/shop\\\/\"},{\"@type\":\"ListItem\",\"position\":3,\"name\":\"Rightline Gear 5.5&#8242; Full-Size Truck Short Bed Tent\"}]},{\"@type\":\"WebSite\",\"@id\":\"https:\\\/\\\/ksproducts.ca\\\/#website\",\"url\":\"https:\\\/\\\/ksproducts.ca\\\/\",\"name\":\"Ks Products\",\"description\":\"Outdoor cooking and living, made easy in Canada\",\"publisher\":{\"@id\":\"https:\\\/\\\/ksproducts.ca\\\/#organization\"},\"potentialAction\":[{\"@type\":\"SearchAction\",\"target\":{\"@type\":\"EntryPoint\",\"urlTemplate\":\"https:\\\/\\\/ksproducts.ca\\\/?s={search_term_string}\"},\"query-input\":{\"@type\":\"PropertyValueSpecification\",\"valueRequired\":true,\"valueName\":\"search_term_string\"}}],\"inLanguage\":\"fr-CA\"},{\"@type\":\"Organization\",\"@id\":\"https:\\\/\\\/ksproducts.ca\\\/#organization\",\"name\":\"Ks Products\",\"url\":\"https:\\\/\\\/ksproducts.ca\\\/\",\"logo\":{\"@type\":\"ImageObject\",\"inLanguage\":\"fr-CA\",\"@id\":\"https:\\\/\\\/ksproducts.ca\\\/#\\\/schema\\\/logo\\\/image\\\/\",\"url\":\"https:\\\/\\\/ksproducts.ca\\\/wp-content\\\/uploads\\\/2023\\\/09\\\/Kennedy-Sales-Logo-header-1.png\",\"contentUrl\":\"https:\\\/\\\/ksproducts.ca\\\/wp-content\\\/uploads\\\/2023\\\/09\\\/Kennedy-Sales-Logo-header-1.png\",\"width\":150,\"height\":77,\"caption\":\"Ks Products\"},\"image\":{\"@id\":\"https:\\\/\\\/ksproducts.ca\\\/#\\\/schema\\\/logo\\\/image\\\/\"}}]}<\/script>\n<!-- \/ Yoast SEO plugin. -->","yoast_head_json":{"title":"Rightline Gear 5.5' Full-Size Truck Short Bed Tent - Ks Products","robots":{"index":"index","follow":"follow","max-snippet":"max-snippet:-1","max-image-preview":"max-image-preview:large","max-video-preview":"max-video-preview:-1"},"canonical":"https:\/\/ksproducts.ca\/fr\/product\/rightline-gear-5-5-full-size-truck-short-bed-tent\/","og_locale":"fr_CA","og_type":"article","og_title":"Rightline Gear 5.5' Full-Size Truck Short Bed Tent - Ks Products","og_description":"The Rightline Gear tent creates the perfect campsite in the back of your van with quick and easy assembly. Floorless design allows for set up without removing gear from the bed. Protective heavy-duty straps and plastic buckles won\u2019t damage truck finish. Sky view vent for more light, ventilation, and sleeping under the stars","og_url":"https:\/\/ksproducts.ca\/fr\/product\/rightline-gear-5-5-full-size-truck-short-bed-tent\/","og_site_name":"Ks Products","article_modified_time":"2026-03-16T17:15:50+00:00","og_image":[{"width":600,"height":600,"url":"https:\/\/ksproducts.ca\/wp-content\/uploads\/2026\/03\/Rightline-Gear-5.5-Full-Size-Truck-Short-Bed-Tent.jpg","type":"image\/jpeg"}],"twitter_card":"summary_large_image","twitter_misc":{"Estimation du temps de lecture":"1 minute"},"schema":{"@context":"https:\/\/schema.org","@graph":[{"@type":"WebPage","@id":"https:\/\/ksproducts.ca\/product\/rightline-gear-5-5-full-size-truck-short-bed-tent\/","url":"https:\/\/ksproducts.ca\/product\/rightline-gear-5-5-full-size-truck-short-bed-tent\/","name":"Rightline Gear 5.5' Full-Size Truck Short Bed Tent - Ks Products","isPartOf":{"@id":"https:\/\/ksproducts.ca\/#website"},"primaryImageOfPage":{"@id":"https:\/\/ksproducts.ca\/product\/rightline-gear-5-5-full-size-truck-short-bed-tent\/#primaryimage"},"image":{"@id":"https:\/\/ksproducts.ca\/product\/rightline-gear-5-5-full-size-truck-short-bed-tent\/#primaryimage"},"thumbnailUrl":"https:\/\/ksproducts.ca\/wp-content\/uploads\/2026\/03\/Rightline-Gear-5.5-Full-Size-Truck-Short-Bed-Tent.jpg","datePublished":"2026-03-04T15:06:00+00:00","dateModified":"2026-03-16T17:15:50+00:00","breadcrumb":{"@id":"https:\/\/ksproducts.ca\/product\/rightline-gear-5-5-full-size-truck-short-bed-tent\/#breadcrumb"},"inLanguage":"fr-CA","potentialAction":[{"@type":"ReadAction","target":["https:\/\/ksproducts.ca\/product\/rightline-gear-5-5-full-size-truck-short-bed-tent\/"]}]},{"@type":"ImageObject","inLanguage":"fr-CA","@id":"https:\/\/ksproducts.ca\/product\/rightline-gear-5-5-full-size-truck-short-bed-tent\/#primaryimage","url":"https:\/\/ksproducts.ca\/wp-content\/uploads\/2026\/03\/Rightline-Gear-5.5-Full-Size-Truck-Short-Bed-Tent.jpg","contentUrl":"https:\/\/ksproducts.ca\/wp-content\/uploads\/2026\/03\/Rightline-Gear-5.5-Full-Size-Truck-Short-Bed-Tent.jpg","width":600,"height":600,"caption":"Rightline Gear 5.5' Full Size Truck Short Bed Tent"},{"@type":"BreadcrumbList","@id":"https:\/\/ksproducts.ca\/product\/rightline-gear-5-5-full-size-truck-short-bed-tent\/#breadcrumb","itemListElement":[{"@type":"ListItem","position":1,"name":"Home","item":"https:\/\/ksproducts.ca\/"},{"@type":"ListItem","position":2,"name":"Shop","item":"https:\/\/ksproducts.ca\/shop\/"},{"@type":"ListItem","position":3,"name":"Rightline Gear 5.5&#8242; Full-Size Truck Short Bed Tent"}]},{"@type":"WebSite","@id":"https:\/\/ksproducts.ca\/#website","url":"https:\/\/ksproducts.ca\/","name":"Produits Ks","description":"Cuisiner et vivre en plein air, c'est facile au Canada","publisher":{"@id":"https:\/\/ksproducts.ca\/#organization"},"potentialAction":[{"@type":"SearchAction","target":{"@type":"EntryPoint","urlTemplate":"https:\/\/ksproducts.ca\/?s={search_term_string}"},"query-input":{"@type":"PropertyValueSpecification","valueRequired":true,"valueName":"search_term_string"}}],"inLanguage":"fr-CA"},{"@type":"Organization","@id":"https:\/\/ksproducts.ca\/#organization","name":"Produits Ks","url":"https:\/\/ksproducts.ca\/","logo":{"@type":"ImageObject","inLanguage":"fr-CA","@id":"https:\/\/ksproducts.ca\/#\/schema\/logo\/image\/","url":"https:\/\/ksproducts.ca\/wp-content\/uploads\/2023\/09\/Kennedy-Sales-Logo-header-1.png","contentUrl":"https:\/\/ksproducts.ca\/wp-content\/uploads\/2023\/09\/Kennedy-Sales-Logo-header-1.png","width":150,"height":77,"caption":"Ks Products"},"image":{"@id":"https:\/\/ksproducts.ca\/#\/schema\/logo\/image\/"}}]}},"_links":{"self":[{"href":"https:\/\/ksproducts.ca\/fr\/wp-json\/wp\/v2\/product\/11418","targetHints":{"allow":["GET"]}}],"collection":[{"href":"https:\/\/ksproducts.ca\/fr\/wp-json\/wp\/v2\/product"}],"about":[{"href":"https:\/\/ksproducts.ca\/fr\/wp-json\/wp\/v2\/types\/product"}],"replies":[{"embeddable":true,"href":"https:\/\/ksproducts.ca\/fr\/wp-json\/wp\/v2\/comments?post=11418"}],"version-history":[{"count":1,"href":"https:\/\/ksproducts.ca\/fr\/wp-json\/wp\/v2\/product\/11418\/revisions"}],"predecessor-version":[{"id":11420,"href":"https:\/\/ksproducts.ca\/fr\/wp-json\/wp\/v2\/product\/11418\/revisions\/11420"}],"wp:featuredmedia":[{"embeddable":true,"href":"https:\/\/ksproducts.ca\/fr\/wp-json\/wp\/v2\/media\/11419"}],"wp:attachment":[{"href":"https:\/\/ksproducts.ca\/fr\/wp-json\/wp\/v2\/media?parent=11418"}],"wp:term":[{"taxonomy":"product_cat","embeddable":true,"href":"https:\/\/ksproducts.ca\/fr\/wp-json\/wp\/v2\/product_cat?post=11418"},{"taxonomy":"product_tag","embeddable":true,"href":"https:\/\/ksproducts.ca\/fr\/wp-json\/wp\/v2\/product_tag?post=11418"}],"curies":[{"name":"wp","href":"https:\/\/api.w.org\/{rel}","templated":true}]}}