{"id":11424,"date":"2026-03-04T15:33:15","date_gmt":"2026-03-04T15:33:15","guid":{"rendered":"https:\/\/ksproducts.ca\/?post_type=product&#038;p=11424"},"modified":"2026-03-16T15:05:54","modified_gmt":"2026-03-16T15:05:54","slug":"bureau-reglable-en-hauteur-a-manivelle-luxor-pour-2-personnes","status":"publish","type":"product","link":"https:\/\/ksproducts.ca\/fr\/product\/luxor-2-person-adjustable-height-desk-with-crank-handle\/","title":{"rendered":"Bureau Luxor \u00e0 hauteur r\u00e9glable pour 2 personnes avec manivelle"},"content":{"rendered":"<ul class=\"list--default product-details__list\">\n<li class=\"product-details__list-item mb-2\">Surface en m\u00e9lamine<\/li>\n<li class=\"product-details__list-item mb-2\">Dimensions : 70 po L x 50 po P x 62-107 cm H<\/li>\n<li class=\"product-details__list-item mb-2\">Cadre en acier, manivelle<\/li>\n<li class=\"product-details__list-item mb-2\">Quatre roulettes pivotantes chrom\u00e9es de 3 pouces, dont deux avec freins de blocage<\/li>\n<\/ul>","protected":false},"excerpt":{"rendered":"<p>Bureau assis\/debout avec manivelle qui s'ajuste entre 24,5\u2033 et 42\u2033 pour offrir la libert\u00e9 de s'asseoir ou de se tenir debout en classe. Le bureau facilite l'organisation de la classe gr\u00e2ce \u00e0 des crochets pratiques pour les sacs \u00e0 dos, une bo\u00eete \u00e0 livres ouverte spacieuse et une \u00e9tag\u00e8re inf\u00e9rieure ouverte.<\/p>","protected":false},"featured_media":11425,"comment_status":"open","ping_status":"closed","template":"","meta":[],"product_cat":[434,391],"product_tag":[],"class_list":{"0":"post-11424","1":"product","2":"type-product","3":"status-publish","4":"has-post-thumbnail","6":"product_cat-desks","7":"product_cat-home-office-furnishings","8":"product_shipping_class-class-2","10":"first","11":"instock","12":"taxable","13":"shipping-taxable","14":"purchasable","15":"product-type-simple"},"yoast_head":"<!-- This site is optimized with the Yoast SEO plugin v27.4 - https:\/\/yoast.com\/product\/yoast-seo-wordpress\/ -->\n<title>Luxor 2-person Adjustable Height Desk with Crank Handle - Ks Products<\/title>\n<meta name=\"robots\" content=\"index, follow, max-snippet:-1, max-image-preview:large, max-video-preview:-1\" \/>\n<link rel=\"canonical\" href=\"https:\/\/ksproducts.ca\/fr\/product\/bureau-reglable-en-hauteur-a-manivelle-luxor-pour-2-personnes\/\" \/>\n<meta property=\"og:locale\" content=\"fr_CA\" \/>\n<meta property=\"og:type\" content=\"article\" \/>\n<meta property=\"og:title\" content=\"Luxor 2-person Adjustable Height Desk with Crank Handle - Ks Products\" \/>\n<meta property=\"og:description\" content=\"Sit\/stand desk with crank handle that adjusts between 24.5&quot; to 42&quot; to provide freedom to sit or stand in class. The desk aids classroom organization with convenient backpack hooks, a spacious open book box, and an open lower shelf.\" \/>\n<meta property=\"og:url\" content=\"https:\/\/ksproducts.ca\/fr\/product\/bureau-reglable-en-hauteur-a-manivelle-luxor-pour-2-personnes\/\" \/>\n<meta property=\"og:site_name\" content=\"Ks Products\" \/>\n<meta property=\"article:modified_time\" content=\"2026-03-16T15:05:54+00:00\" \/>\n<meta property=\"og:image\" content=\"https:\/\/ksproducts.ca\/wp-content\/uploads\/2026\/03\/2-STUDENT-C-W.jpg\" \/>\n\t<meta property=\"og:image:width\" content=\"500\" \/>\n\t<meta property=\"og:image:height\" content=\"500\" \/>\n\t<meta property=\"og:image:type\" content=\"image\/jpeg\" \/>\n<meta name=\"twitter:card\" content=\"summary_large_image\" \/>\n<meta name=\"twitter:label1\" content=\"Estimation du temps de lecture\" \/>\n\t<meta name=\"twitter:data1\" content=\"1 minute\" \/>\n<script type=\"application\/ld+json\" class=\"yoast-schema-graph\">{\"@context\":\"https:\\\/\\\/schema.org\",\"@graph\":[{\"@type\":\"WebPage\",\"@id\":\"https:\\\/\\\/ksproducts.ca\\\/product\\\/luxor-2-person-adjustable-height-desk-with-crank-handle\\\/\",\"url\":\"https:\\\/\\\/ksproducts.ca\\\/product\\\/luxor-2-person-adjustable-height-desk-with-crank-handle\\\/\",\"name\":\"Luxor 2-person Adjustable Height Desk with Crank Handle - Ks Products\",\"isPartOf\":{\"@id\":\"https:\\\/\\\/ksproducts.ca\\\/#website\"},\"primaryImageOfPage\":{\"@id\":\"https:\\\/\\\/ksproducts.ca\\\/product\\\/luxor-2-person-adjustable-height-desk-with-crank-handle\\\/#primaryimage\"},\"image\":{\"@id\":\"https:\\\/\\\/ksproducts.ca\\\/product\\\/luxor-2-person-adjustable-height-desk-with-crank-handle\\\/#primaryimage\"},\"thumbnailUrl\":\"https:\\\/\\\/ksproducts.ca\\\/wp-content\\\/uploads\\\/2026\\\/03\\\/2-STUDENT-C-W.jpg\",\"datePublished\":\"2026-03-04T15:33:15+00:00\",\"dateModified\":\"2026-03-16T15:05:54+00:00\",\"breadcrumb\":{\"@id\":\"https:\\\/\\\/ksproducts.ca\\\/product\\\/luxor-2-person-adjustable-height-desk-with-crank-handle\\\/#breadcrumb\"},\"inLanguage\":\"fr-CA\",\"potentialAction\":[{\"@type\":\"ReadAction\",\"target\":[\"https:\\\/\\\/ksproducts.ca\\\/product\\\/luxor-2-person-adjustable-height-desk-with-crank-handle\\\/\"]}]},{\"@type\":\"ImageObject\",\"inLanguage\":\"fr-CA\",\"@id\":\"https:\\\/\\\/ksproducts.ca\\\/product\\\/luxor-2-person-adjustable-height-desk-with-crank-handle\\\/#primaryimage\",\"url\":\"https:\\\/\\\/ksproducts.ca\\\/wp-content\\\/uploads\\\/2026\\\/03\\\/2-STUDENT-C-W.jpg\",\"contentUrl\":\"https:\\\/\\\/ksproducts.ca\\\/wp-content\\\/uploads\\\/2026\\\/03\\\/2-STUDENT-C-W.jpg\",\"width\":500,\"height\":500,\"caption\":\"Luxor 2-person Adjustable Height Desk with Crank Handle\"},{\"@type\":\"BreadcrumbList\",\"@id\":\"https:\\\/\\\/ksproducts.ca\\\/product\\\/luxor-2-person-adjustable-height-desk-with-crank-handle\\\/#breadcrumb\",\"itemListElement\":[{\"@type\":\"ListItem\",\"position\":1,\"name\":\"Home\",\"item\":\"https:\\\/\\\/ksproducts.ca\\\/\"},{\"@type\":\"ListItem\",\"position\":2,\"name\":\"Shop\",\"item\":\"https:\\\/\\\/ksproducts.ca\\\/shop\\\/\"},{\"@type\":\"ListItem\",\"position\":3,\"name\":\"Luxor 2-person Adjustable Height Desk with Crank Handle\"}]},{\"@type\":\"WebSite\",\"@id\":\"https:\\\/\\\/ksproducts.ca\\\/#website\",\"url\":\"https:\\\/\\\/ksproducts.ca\\\/\",\"name\":\"Ks Products\",\"description\":\"Outdoor cooking and living, made easy in Canada\",\"publisher\":{\"@id\":\"https:\\\/\\\/ksproducts.ca\\\/#organization\"},\"potentialAction\":[{\"@type\":\"SearchAction\",\"target\":{\"@type\":\"EntryPoint\",\"urlTemplate\":\"https:\\\/\\\/ksproducts.ca\\\/?s={search_term_string}\"},\"query-input\":{\"@type\":\"PropertyValueSpecification\",\"valueRequired\":true,\"valueName\":\"search_term_string\"}}],\"inLanguage\":\"fr-CA\"},{\"@type\":\"Organization\",\"@id\":\"https:\\\/\\\/ksproducts.ca\\\/#organization\",\"name\":\"Ks Products\",\"url\":\"https:\\\/\\\/ksproducts.ca\\\/\",\"logo\":{\"@type\":\"ImageObject\",\"inLanguage\":\"fr-CA\",\"@id\":\"https:\\\/\\\/ksproducts.ca\\\/#\\\/schema\\\/logo\\\/image\\\/\",\"url\":\"https:\\\/\\\/ksproducts.ca\\\/wp-content\\\/uploads\\\/2023\\\/09\\\/Kennedy-Sales-Logo-header-1.png\",\"contentUrl\":\"https:\\\/\\\/ksproducts.ca\\\/wp-content\\\/uploads\\\/2023\\\/09\\\/Kennedy-Sales-Logo-header-1.png\",\"width\":150,\"height\":77,\"caption\":\"Ks Products\"},\"image\":{\"@id\":\"https:\\\/\\\/ksproducts.ca\\\/#\\\/schema\\\/logo\\\/image\\\/\"}}]}<\/script>\n<!-- \/ Yoast SEO plugin. -->","yoast_head_json":{"title":"Bureau r\u00e9glable en hauteur Luxor pour 2 personnes avec manivelle - KS Products","robots":{"index":"index","follow":"follow","max-snippet":"max-snippet:-1","max-image-preview":"max-image-preview:large","max-video-preview":"max-video-preview:-1"},"canonical":"https:\/\/ksproducts.ca\/fr\/product\/bureau-reglable-en-hauteur-a-manivelle-luxor-pour-2-personnes\/","og_locale":"fr_CA","og_type":"article","og_title":"Luxor 2-person Adjustable Height Desk with Crank Handle - Ks Products","og_description":"Sit\/stand desk with crank handle that adjusts between 24.5\" to 42\" to provide freedom to sit or stand in class. The desk aids classroom organization with convenient backpack hooks, a spacious open book box, and an open lower shelf.","og_url":"https:\/\/ksproducts.ca\/fr\/product\/bureau-reglable-en-hauteur-a-manivelle-luxor-pour-2-personnes\/","og_site_name":"Ks Products","article_modified_time":"2026-03-16T15:05:54+00:00","og_image":[{"width":500,"height":500,"url":"https:\/\/ksproducts.ca\/wp-content\/uploads\/2026\/03\/2-STUDENT-C-W.jpg","type":"image\/jpeg"}],"twitter_card":"summary_large_image","twitter_misc":{"Estimation du temps de lecture":"1 minute"},"schema":{"@context":"https:\/\/schema.org","@graph":[{"@type":"WebPage","@id":"https:\/\/ksproducts.ca\/product\/luxor-2-person-adjustable-height-desk-with-crank-handle\/","url":"https:\/\/ksproducts.ca\/product\/luxor-2-person-adjustable-height-desk-with-crank-handle\/","name":"Bureau r\u00e9glable en hauteur Luxor pour 2 personnes avec manivelle - KS Products","isPartOf":{"@id":"https:\/\/ksproducts.ca\/#website"},"primaryImageOfPage":{"@id":"https:\/\/ksproducts.ca\/product\/luxor-2-person-adjustable-height-desk-with-crank-handle\/#primaryimage"},"image":{"@id":"https:\/\/ksproducts.ca\/product\/luxor-2-person-adjustable-height-desk-with-crank-handle\/#primaryimage"},"thumbnailUrl":"https:\/\/ksproducts.ca\/wp-content\/uploads\/2026\/03\/2-STUDENT-C-W.jpg","datePublished":"2026-03-04T15:33:15+00:00","dateModified":"2026-03-16T15:05:54+00:00","breadcrumb":{"@id":"https:\/\/ksproducts.ca\/product\/luxor-2-person-adjustable-height-desk-with-crank-handle\/#breadcrumb"},"inLanguage":"fr-CA","potentialAction":[{"@type":"ReadAction","target":["https:\/\/ksproducts.ca\/product\/luxor-2-person-adjustable-height-desk-with-crank-handle\/"]}]},{"@type":"ImageObject","inLanguage":"fr-CA","@id":"https:\/\/ksproducts.ca\/product\/luxor-2-person-adjustable-height-desk-with-crank-handle\/#primaryimage","url":"https:\/\/ksproducts.ca\/wp-content\/uploads\/2026\/03\/2-STUDENT-C-W.jpg","contentUrl":"https:\/\/ksproducts.ca\/wp-content\/uploads\/2026\/03\/2-STUDENT-C-W.jpg","width":500,"height":500,"caption":"Luxor 2-person Adjustable Height Desk with Crank Handle"},{"@type":"BreadcrumbList","@id":"https:\/\/ksproducts.ca\/product\/luxor-2-person-adjustable-height-desk-with-crank-handle\/#breadcrumb","itemListElement":[{"@type":"ListItem","position":1,"name":"Home","item":"https:\/\/ksproducts.ca\/"},{"@type":"ListItem","position":2,"name":"Shop","item":"https:\/\/ksproducts.ca\/shop\/"},{"@type":"ListItem","position":3,"name":"Luxor 2-person Adjustable Height Desk with Crank Handle"}]},{"@type":"WebSite","@id":"https:\/\/ksproducts.ca\/#website","url":"https:\/\/ksproducts.ca\/","name":"Produits Ks","description":"Cuisiner et vivre en plein air, c'est facile au Canada","publisher":{"@id":"https:\/\/ksproducts.ca\/#organization"},"potentialAction":[{"@type":"SearchAction","target":{"@type":"EntryPoint","urlTemplate":"https:\/\/ksproducts.ca\/?s={search_term_string}"},"query-input":{"@type":"PropertyValueSpecification","valueRequired":true,"valueName":"search_term_string"}}],"inLanguage":"fr-CA"},{"@type":"Organization","@id":"https:\/\/ksproducts.ca\/#organization","name":"Produits Ks","url":"https:\/\/ksproducts.ca\/","logo":{"@type":"ImageObject","inLanguage":"fr-CA","@id":"https:\/\/ksproducts.ca\/#\/schema\/logo\/image\/","url":"https:\/\/ksproducts.ca\/wp-content\/uploads\/2023\/09\/Kennedy-Sales-Logo-header-1.png","contentUrl":"https:\/\/ksproducts.ca\/wp-content\/uploads\/2023\/09\/Kennedy-Sales-Logo-header-1.png","width":150,"height":77,"caption":"Ks Products"},"image":{"@id":"https:\/\/ksproducts.ca\/#\/schema\/logo\/image\/"}}]}},"_links":{"self":[{"href":"https:\/\/ksproducts.ca\/fr\/wp-json\/wp\/v2\/product\/11424","targetHints":{"allow":["GET"]}}],"collection":[{"href":"https:\/\/ksproducts.ca\/fr\/wp-json\/wp\/v2\/product"}],"about":[{"href":"https:\/\/ksproducts.ca\/fr\/wp-json\/wp\/v2\/types\/product"}],"replies":[{"embeddable":true,"href":"https:\/\/ksproducts.ca\/fr\/wp-json\/wp\/v2\/comments?post=11424"}],"version-history":[{"count":1,"href":"https:\/\/ksproducts.ca\/fr\/wp-json\/wp\/v2\/product\/11424\/revisions"}],"predecessor-version":[{"id":11426,"href":"https:\/\/ksproducts.ca\/fr\/wp-json\/wp\/v2\/product\/11424\/revisions\/11426"}],"wp:featuredmedia":[{"embeddable":true,"href":"https:\/\/ksproducts.ca\/fr\/wp-json\/wp\/v2\/media\/11425"}],"wp:attachment":[{"href":"https:\/\/ksproducts.ca\/fr\/wp-json\/wp\/v2\/media?parent=11424"}],"wp:term":[{"taxonomy":"product_cat","embeddable":true,"href":"https:\/\/ksproducts.ca\/fr\/wp-json\/wp\/v2\/product_cat?post=11424"},{"taxonomy":"product_tag","embeddable":true,"href":"https:\/\/ksproducts.ca\/fr\/wp-json\/wp\/v2\/product_tag?post=11424"}],"curies":[{"name":"wp","href":"https:\/\/api.w.org\/{rel}","templated":true}]}}