{"id":11427,"date":"2026-03-04T15:39:31","date_gmt":"2026-03-04T15:39:31","guid":{"rendered":"https:\/\/ksproducts.ca\/?post_type=product&#038;p=11427"},"modified":"2026-03-04T15:39:31","modified_gmt":"2026-03-04T15:39:31","slug":"blackstone-17inch-original-series-tabletop-griddle-with-hood","status":"publish","type":"product","link":"https:\/\/ksproducts.ca\/fr\/product\/blackstone-17inch-original-series-tabletop-griddle-with-hood\/","title":{"rendered":"Blackstone 17inch Original Series Tabletop Griddle with Hood (gril de table avec hotte)"},"content":{"rendered":"<ul class=\"features-specs-list\">\n<li class=\"acumin\"><strong>Hotte int\u00e9gr\u00e9e :<\/strong>\u00a0Con\u00e7u pour prot\u00e9ger la surface de votre plancha et la garder propre entre les utilisations.<\/li>\n<li class=\"acumin\"><strong>Conception portable :<\/strong>\u00a0Emportez cette plancha avec vous dans toutes vos aventures.<\/li>\n<li class=\"acumin\"><strong>Zone de chaleur facilement contr\u00f4lable :<\/strong>\u00a0Cuisinez plus efficacement et mangez plus vite.<\/li>\n<li class=\"acumin\"><strong>Syst\u00e8me de gestion de la graisse \u00e0 l'arri\u00e8re :<\/strong>\u00a0Poussez la graisse et les d\u00e9bris alimentaires vers l'arri\u00e8re de la plaque pour faciliter le nettoyage.<\/li>\n<li class=\"acumin\"><strong>Allumage pi\u00e9zo\u00e9lectrique :<\/strong>\u00a0Syst\u00e8me d'allumage facile \u00e0 utiliser et fiable.<\/li>\n<\/ul>","protected":false},"excerpt":{"rendered":"<p>O\u00f9 que vous alliez, emportez votre Original 17\u2033 Tabletop Griddle avec Hood. Que vous fassiez du tailgating avant le grand match, du camping avec des amis ou un pique-nique dans le parc, la conception portable signifie que vous aurez de la nourriture de qualit\u00e9 restaurant avec vous o\u00f9 que vous alliez. Le syst\u00e8me de gestion des graisses \u00e0 l'arri\u00e8re pour un nettoyage facile et une zone de chaleur facile \u00e0 contr\u00f4ler pour une cuisson rapide et efficace vous permettent de pr\u00e9parer facilement le petit-d\u00e9jeuner, le d\u00e9jeuner et le d\u00eener lors de chaque aventure.<\/p>","protected":false},"featured_media":11428,"comment_status":"open","ping_status":"closed","template":"","meta":[],"product_cat":[395,428],"product_tag":[],"class_list":{"0":"post-11427","1":"product","2":"type-product","3":"status-publish","4":"has-post-thumbnail","6":"product_cat-17-inch-griddle","7":"product_cat-outdoor-cooking","8":"product_shipping_class-class-2","10":"first","11":"instock","12":"taxable","13":"shipping-taxable","14":"purchasable","15":"product-type-simple"},"yoast_head":"<!-- This site is optimized with the Yoast SEO plugin v27.4 - https:\/\/yoast.com\/product\/yoast-seo-wordpress\/ -->\n<title>Blackstone 17inch Original Series Tabletop Griddle with Hood - Ks Products<\/title>\n<meta name=\"robots\" content=\"index, follow, max-snippet:-1, max-image-preview:large, max-video-preview:-1\" \/>\n<link rel=\"canonical\" href=\"https:\/\/ksproducts.ca\/fr\/product\/blackstone-17inch-original-series-tabletop-griddle-with-hood\/\" \/>\n<meta property=\"og:locale\" content=\"fr_CA\" \/>\n<meta property=\"og:type\" content=\"article\" \/>\n<meta property=\"og:title\" content=\"Blackstone 17inch Original Series Tabletop Griddle with Hood - Ks Products\" \/>\n<meta property=\"og:description\" content=\"Wherever you go, take your Original 17\u2033 Tabletop Griddle with Hood. Whether you\u2019re tailgating before the big game, camping with friends, or having a picnic in the park, the portable design means you\u2019ll have restaurant quality food with you wherever you end up. The Rear Grease Management System for easy cleanup and an easily controlled heat zone for fast and efficient cooking ensures you\u2019ll be conveniently making breakfast, lunch, and dinner on every adventure.\" \/>\n<meta property=\"og:url\" content=\"https:\/\/ksproducts.ca\/fr\/product\/blackstone-17inch-original-series-tabletop-griddle-with-hood\/\" \/>\n<meta property=\"og:site_name\" content=\"Ks Products\" \/>\n<meta property=\"og:image\" content=\"https:\/\/ksproducts.ca\/wp-content\/uploads\/2026\/03\/Blackstone-17inch-Original-Series-Tabletop-Griddle-with-Hood.jpg\" \/>\n\t<meta property=\"og:image:width\" content=\"800\" \/>\n\t<meta property=\"og:image:height\" content=\"800\" \/>\n\t<meta property=\"og:image:type\" content=\"image\/jpeg\" \/>\n<meta name=\"twitter:card\" content=\"summary_large_image\" \/>\n<meta name=\"twitter:label1\" content=\"Estimation du temps de lecture\" \/>\n\t<meta name=\"twitter:data1\" content=\"1 minute\" \/>\n<script type=\"application\/ld+json\" class=\"yoast-schema-graph\">{\"@context\":\"https:\\\/\\\/schema.org\",\"@graph\":[{\"@type\":\"WebPage\",\"@id\":\"https:\\\/\\\/ksproducts.ca\\\/product\\\/blackstone-17inch-original-series-tabletop-griddle-with-hood\\\/\",\"url\":\"https:\\\/\\\/ksproducts.ca\\\/product\\\/blackstone-17inch-original-series-tabletop-griddle-with-hood\\\/\",\"name\":\"Blackstone 17inch Original Series Tabletop Griddle with Hood - Ks Products\",\"isPartOf\":{\"@id\":\"https:\\\/\\\/ksproducts.ca\\\/#website\"},\"primaryImageOfPage\":{\"@id\":\"https:\\\/\\\/ksproducts.ca\\\/product\\\/blackstone-17inch-original-series-tabletop-griddle-with-hood\\\/#primaryimage\"},\"image\":{\"@id\":\"https:\\\/\\\/ksproducts.ca\\\/product\\\/blackstone-17inch-original-series-tabletop-griddle-with-hood\\\/#primaryimage\"},\"thumbnailUrl\":\"https:\\\/\\\/ksproducts.ca\\\/wp-content\\\/uploads\\\/2026\\\/03\\\/Blackstone-17inch-Original-Series-Tabletop-Griddle-with-Hood.jpg\",\"datePublished\":\"2026-03-04T15:39:31+00:00\",\"breadcrumb\":{\"@id\":\"https:\\\/\\\/ksproducts.ca\\\/product\\\/blackstone-17inch-original-series-tabletop-griddle-with-hood\\\/#breadcrumb\"},\"inLanguage\":\"fr-CA\",\"potentialAction\":[{\"@type\":\"ReadAction\",\"target\":[\"https:\\\/\\\/ksproducts.ca\\\/product\\\/blackstone-17inch-original-series-tabletop-griddle-with-hood\\\/\"]}]},{\"@type\":\"ImageObject\",\"inLanguage\":\"fr-CA\",\"@id\":\"https:\\\/\\\/ksproducts.ca\\\/product\\\/blackstone-17inch-original-series-tabletop-griddle-with-hood\\\/#primaryimage\",\"url\":\"https:\\\/\\\/ksproducts.ca\\\/wp-content\\\/uploads\\\/2026\\\/03\\\/Blackstone-17inch-Original-Series-Tabletop-Griddle-with-Hood.jpg\",\"contentUrl\":\"https:\\\/\\\/ksproducts.ca\\\/wp-content\\\/uploads\\\/2026\\\/03\\\/Blackstone-17inch-Original-Series-Tabletop-Griddle-with-Hood.jpg\",\"width\":800,\"height\":800,\"caption\":\"Blackstone 17inch Original Series Tabletop Griddle with Hood\"},{\"@type\":\"BreadcrumbList\",\"@id\":\"https:\\\/\\\/ksproducts.ca\\\/product\\\/blackstone-17inch-original-series-tabletop-griddle-with-hood\\\/#breadcrumb\",\"itemListElement\":[{\"@type\":\"ListItem\",\"position\":1,\"name\":\"Home\",\"item\":\"https:\\\/\\\/ksproducts.ca\\\/\"},{\"@type\":\"ListItem\",\"position\":2,\"name\":\"Shop\",\"item\":\"https:\\\/\\\/ksproducts.ca\\\/shop\\\/\"},{\"@type\":\"ListItem\",\"position\":3,\"name\":\"Blackstone 17inch Original Series Tabletop Griddle with Hood\"}]},{\"@type\":\"WebSite\",\"@id\":\"https:\\\/\\\/ksproducts.ca\\\/#website\",\"url\":\"https:\\\/\\\/ksproducts.ca\\\/\",\"name\":\"Ks Products\",\"description\":\"Outdoor cooking and living, made easy in Canada\",\"publisher\":{\"@id\":\"https:\\\/\\\/ksproducts.ca\\\/#organization\"},\"potentialAction\":[{\"@type\":\"SearchAction\",\"target\":{\"@type\":\"EntryPoint\",\"urlTemplate\":\"https:\\\/\\\/ksproducts.ca\\\/?s={search_term_string}\"},\"query-input\":{\"@type\":\"PropertyValueSpecification\",\"valueRequired\":true,\"valueName\":\"search_term_string\"}}],\"inLanguage\":\"fr-CA\"},{\"@type\":\"Organization\",\"@id\":\"https:\\\/\\\/ksproducts.ca\\\/#organization\",\"name\":\"Ks Products\",\"url\":\"https:\\\/\\\/ksproducts.ca\\\/\",\"logo\":{\"@type\":\"ImageObject\",\"inLanguage\":\"fr-CA\",\"@id\":\"https:\\\/\\\/ksproducts.ca\\\/#\\\/schema\\\/logo\\\/image\\\/\",\"url\":\"https:\\\/\\\/ksproducts.ca\\\/wp-content\\\/uploads\\\/2023\\\/09\\\/Kennedy-Sales-Logo-header-1.png\",\"contentUrl\":\"https:\\\/\\\/ksproducts.ca\\\/wp-content\\\/uploads\\\/2023\\\/09\\\/Kennedy-Sales-Logo-header-1.png\",\"width\":150,\"height\":77,\"caption\":\"Ks Products\"},\"image\":{\"@id\":\"https:\\\/\\\/ksproducts.ca\\\/#\\\/schema\\\/logo\\\/image\\\/\"}}]}<\/script>\n<!-- \/ Yoast SEO plugin. -->","yoast_head_json":{"title":"Blackstone 17inch Original Series Tabletop Griddle with Hood - Ks Products","robots":{"index":"index","follow":"follow","max-snippet":"max-snippet:-1","max-image-preview":"max-image-preview:large","max-video-preview":"max-video-preview:-1"},"canonical":"https:\/\/ksproducts.ca\/fr\/product\/blackstone-17inch-original-series-tabletop-griddle-with-hood\/","og_locale":"fr_CA","og_type":"article","og_title":"Blackstone 17inch Original Series Tabletop Griddle with Hood - Ks Products","og_description":"Wherever you go, take your Original 17\u2033 Tabletop Griddle with Hood. Whether you\u2019re tailgating before the big game, camping with friends, or having a picnic in the park, the portable design means you\u2019ll have restaurant quality food with you wherever you end up. The Rear Grease Management System for easy cleanup and an easily controlled heat zone for fast and efficient cooking ensures you\u2019ll be conveniently making breakfast, lunch, and dinner on every adventure.","og_url":"https:\/\/ksproducts.ca\/fr\/product\/blackstone-17inch-original-series-tabletop-griddle-with-hood\/","og_site_name":"Ks Products","og_image":[{"width":800,"height":800,"url":"https:\/\/ksproducts.ca\/wp-content\/uploads\/2026\/03\/Blackstone-17inch-Original-Series-Tabletop-Griddle-with-Hood.jpg","type":"image\/jpeg"}],"twitter_card":"summary_large_image","twitter_misc":{"Estimation du temps de lecture":"1 minute"},"schema":{"@context":"https:\/\/schema.org","@graph":[{"@type":"WebPage","@id":"https:\/\/ksproducts.ca\/product\/blackstone-17inch-original-series-tabletop-griddle-with-hood\/","url":"https:\/\/ksproducts.ca\/product\/blackstone-17inch-original-series-tabletop-griddle-with-hood\/","name":"Blackstone 17inch Original Series Tabletop Griddle with Hood - Ks Products","isPartOf":{"@id":"https:\/\/ksproducts.ca\/#website"},"primaryImageOfPage":{"@id":"https:\/\/ksproducts.ca\/product\/blackstone-17inch-original-series-tabletop-griddle-with-hood\/#primaryimage"},"image":{"@id":"https:\/\/ksproducts.ca\/product\/blackstone-17inch-original-series-tabletop-griddle-with-hood\/#primaryimage"},"thumbnailUrl":"https:\/\/ksproducts.ca\/wp-content\/uploads\/2026\/03\/Blackstone-17inch-Original-Series-Tabletop-Griddle-with-Hood.jpg","datePublished":"2026-03-04T15:39:31+00:00","breadcrumb":{"@id":"https:\/\/ksproducts.ca\/product\/blackstone-17inch-original-series-tabletop-griddle-with-hood\/#breadcrumb"},"inLanguage":"fr-CA","potentialAction":[{"@type":"ReadAction","target":["https:\/\/ksproducts.ca\/product\/blackstone-17inch-original-series-tabletop-griddle-with-hood\/"]}]},{"@type":"ImageObject","inLanguage":"fr-CA","@id":"https:\/\/ksproducts.ca\/product\/blackstone-17inch-original-series-tabletop-griddle-with-hood\/#primaryimage","url":"https:\/\/ksproducts.ca\/wp-content\/uploads\/2026\/03\/Blackstone-17inch-Original-Series-Tabletop-Griddle-with-Hood.jpg","contentUrl":"https:\/\/ksproducts.ca\/wp-content\/uploads\/2026\/03\/Blackstone-17inch-Original-Series-Tabletop-Griddle-with-Hood.jpg","width":800,"height":800,"caption":"Blackstone 17inch Original Series Tabletop Griddle with Hood"},{"@type":"BreadcrumbList","@id":"https:\/\/ksproducts.ca\/product\/blackstone-17inch-original-series-tabletop-griddle-with-hood\/#breadcrumb","itemListElement":[{"@type":"ListItem","position":1,"name":"Home","item":"https:\/\/ksproducts.ca\/"},{"@type":"ListItem","position":2,"name":"Shop","item":"https:\/\/ksproducts.ca\/shop\/"},{"@type":"ListItem","position":3,"name":"Blackstone 17inch Original Series Tabletop Griddle with Hood"}]},{"@type":"WebSite","@id":"https:\/\/ksproducts.ca\/#website","url":"https:\/\/ksproducts.ca\/","name":"Produits Ks","description":"Cuisiner et vivre en plein air, c'est facile au Canada","publisher":{"@id":"https:\/\/ksproducts.ca\/#organization"},"potentialAction":[{"@type":"SearchAction","target":{"@type":"EntryPoint","urlTemplate":"https:\/\/ksproducts.ca\/?s={search_term_string}"},"query-input":{"@type":"PropertyValueSpecification","valueRequired":true,"valueName":"search_term_string"}}],"inLanguage":"fr-CA"},{"@type":"Organization","@id":"https:\/\/ksproducts.ca\/#organization","name":"Produits Ks","url":"https:\/\/ksproducts.ca\/","logo":{"@type":"ImageObject","inLanguage":"fr-CA","@id":"https:\/\/ksproducts.ca\/#\/schema\/logo\/image\/","url":"https:\/\/ksproducts.ca\/wp-content\/uploads\/2023\/09\/Kennedy-Sales-Logo-header-1.png","contentUrl":"https:\/\/ksproducts.ca\/wp-content\/uploads\/2023\/09\/Kennedy-Sales-Logo-header-1.png","width":150,"height":77,"caption":"Ks Products"},"image":{"@id":"https:\/\/ksproducts.ca\/#\/schema\/logo\/image\/"}}]}},"_links":{"self":[{"href":"https:\/\/ksproducts.ca\/fr\/wp-json\/wp\/v2\/product\/11427","targetHints":{"allow":["GET"]}}],"collection":[{"href":"https:\/\/ksproducts.ca\/fr\/wp-json\/wp\/v2\/product"}],"about":[{"href":"https:\/\/ksproducts.ca\/fr\/wp-json\/wp\/v2\/types\/product"}],"replies":[{"embeddable":true,"href":"https:\/\/ksproducts.ca\/fr\/wp-json\/wp\/v2\/comments?post=11427"}],"version-history":[{"count":1,"href":"https:\/\/ksproducts.ca\/fr\/wp-json\/wp\/v2\/product\/11427\/revisions"}],"predecessor-version":[{"id":11429,"href":"https:\/\/ksproducts.ca\/fr\/wp-json\/wp\/v2\/product\/11427\/revisions\/11429"}],"wp:featuredmedia":[{"embeddable":true,"href":"https:\/\/ksproducts.ca\/fr\/wp-json\/wp\/v2\/media\/11428"}],"wp:attachment":[{"href":"https:\/\/ksproducts.ca\/fr\/wp-json\/wp\/v2\/media?parent=11427"}],"wp:term":[{"taxonomy":"product_cat","embeddable":true,"href":"https:\/\/ksproducts.ca\/fr\/wp-json\/wp\/v2\/product_cat?post=11427"},{"taxonomy":"product_tag","embeddable":true,"href":"https:\/\/ksproducts.ca\/fr\/wp-json\/wp\/v2\/product_tag?post=11427"}],"curies":[{"name":"wp","href":"https:\/\/api.w.org\/{rel}","templated":true}]}}