{"id":11430,"date":"2026-03-04T15:45:15","date_gmt":"2026-03-04T15:45:15","guid":{"rendered":"https:\/\/ksproducts.ca\/?post_type=product&#038;p=11430"},"modified":"2026-03-04T15:45:16","modified_gmt":"2026-03-04T15:45:16","slug":"blackstone-28inch-original-series-griddle-cooking-station","status":"publish","type":"product","link":"https:\/\/ksproducts.ca\/fr\/product\/blackstone-28inch-original-series-griddle-cooking-station\/","title":{"rendered":"Blackstone 28inch Original Series Griddle Cooking Station"},"content":{"rendered":"<ul class=\"features-specs-list\">\n<li class=\"acumin\"><strong>Surface de cuisson :<\/strong>\u00a028 3\/4\u2033 L x 18 1\/4\u2033 P<\/li>\n<li class=\"acumin\"><strong>\u00c9tag\u00e8re lat\u00e9rale :<\/strong>\u00a017\u2033 L x 11 3\/4\u2033 P<\/li>\n<li class=\"acumin\">Deux (2) commandes de chaleur r\u00e9glables<\/li>\n<li class=\"acumin\">Syst\u00e8me de gestion de la graisse \u00e0 l'arri\u00e8re<\/li>\n<li class=\"acumin\">Allumeur int\u00e9gr\u00e9<\/li>\n<li class=\"acumin\">Porte-sac \u00e0 ordures<\/li>\n<li class=\"acumin\">Deux (2) roues de force industrielle<\/li>\n<\/ul>","protected":false},"excerpt":{"rendered":"<p>Con\u00e7u pour la commodit\u00e9 et la performance, ce gril compact et pliable offre une capacit\u00e9 s\u00e9rieuse dans un emballage portable. Il dispose d'une surface de cuisson spacieuse de 28 3\/4\u2033 \u00d7 18 1\/4\u2033, d'une tablette lat\u00e9rale pratique de 17\u2033 \u00d7 11 3\/4\u2033 et de deux commandes de chaleur r\u00e9glables pour une cuisson pr\u00e9cise. Un syst\u00e8me de gestion des graisses \u00e0 l'arri\u00e8re et un allumeur int\u00e9gr\u00e9 permettent de garder les choses propres et faciles, tandis que le porte-sac \u00e0 ordures et les deux roues \u00e0 r\u00e9sistance industrielle rendent l'installation, le nettoyage et le transport sans effort.<\/p>","protected":false},"featured_media":11431,"comment_status":"open","ping_status":"closed","template":"","meta":[],"product_cat":[405,428],"product_tag":[],"class_list":{"0":"post-11430","1":"product","2":"type-product","3":"status-publish","4":"has-post-thumbnail","6":"product_cat-28-inch-griddle","7":"product_cat-outdoor-cooking","8":"product_shipping_class-class-2","10":"first","11":"instock","12":"taxable","13":"shipping-taxable","14":"purchasable","15":"product-type-simple"},"yoast_head":"<!-- This site is optimized with the Yoast SEO plugin v27.4 - https:\/\/yoast.com\/product\/yoast-seo-wordpress\/ -->\n<title>Blackstone 28inch Original Series Griddle Cooking Station - Ks Products<\/title>\n<meta name=\"robots\" content=\"index, follow, max-snippet:-1, max-image-preview:large, max-video-preview:-1\" \/>\n<link rel=\"canonical\" href=\"https:\/\/ksproducts.ca\/fr\/product\/blackstone-28inch-original-series-griddle-cooking-station\/\" \/>\n<meta property=\"og:locale\" content=\"fr_CA\" \/>\n<meta property=\"og:type\" content=\"article\" \/>\n<meta property=\"og:title\" content=\"Blackstone 28inch Original Series Griddle Cooking Station - Ks Products\" \/>\n<meta property=\"og:description\" content=\"Designed for convenience and performance, this compact, fold-able grill delivers serious capability in a portable package. It features a spacious 28 3\/4\u2033 \u00d7 18 1\/4\u2033 cooking surface, a handy 17\u2033 \u00d7 11 3\/4\u2033 side shelf, and two adjustable heat controls for precise cooking. A rear grease management system and built-in ignitor keep things clean and easy, while the garbage bag holder and two industrial-strength wheels make setup, cleanup, and transport effortless.\" \/>\n<meta property=\"og:url\" content=\"https:\/\/ksproducts.ca\/fr\/product\/blackstone-28inch-original-series-griddle-cooking-station\/\" \/>\n<meta property=\"og:site_name\" content=\"Ks Products\" \/>\n<meta property=\"article:modified_time\" content=\"2026-03-04T15:45:16+00:00\" \/>\n<meta property=\"og:image\" content=\"https:\/\/ksproducts.ca\/wp-content\/uploads\/2026\/03\/2145.jpg\" \/>\n\t<meta property=\"og:image:width\" content=\"594\" \/>\n\t<meta property=\"og:image:height\" content=\"449\" \/>\n\t<meta property=\"og:image:type\" content=\"image\/jpeg\" \/>\n<meta name=\"twitter:card\" content=\"summary_large_image\" \/>\n<meta name=\"twitter:label1\" content=\"Estimation du temps de lecture\" \/>\n\t<meta name=\"twitter:data1\" content=\"1 minute\" \/>\n<script type=\"application\/ld+json\" class=\"yoast-schema-graph\">{\"@context\":\"https:\\\/\\\/schema.org\",\"@graph\":[{\"@type\":\"WebPage\",\"@id\":\"https:\\\/\\\/ksproducts.ca\\\/product\\\/blackstone-28inch-original-series-griddle-cooking-station\\\/\",\"url\":\"https:\\\/\\\/ksproducts.ca\\\/product\\\/blackstone-28inch-original-series-griddle-cooking-station\\\/\",\"name\":\"Blackstone 28inch Original Series Griddle Cooking Station - Ks Products\",\"isPartOf\":{\"@id\":\"https:\\\/\\\/ksproducts.ca\\\/#website\"},\"primaryImageOfPage\":{\"@id\":\"https:\\\/\\\/ksproducts.ca\\\/product\\\/blackstone-28inch-original-series-griddle-cooking-station\\\/#primaryimage\"},\"image\":{\"@id\":\"https:\\\/\\\/ksproducts.ca\\\/product\\\/blackstone-28inch-original-series-griddle-cooking-station\\\/#primaryimage\"},\"thumbnailUrl\":\"https:\\\/\\\/ksproducts.ca\\\/wp-content\\\/uploads\\\/2026\\\/03\\\/2145.jpg\",\"datePublished\":\"2026-03-04T15:45:15+00:00\",\"dateModified\":\"2026-03-04T15:45:16+00:00\",\"breadcrumb\":{\"@id\":\"https:\\\/\\\/ksproducts.ca\\\/product\\\/blackstone-28inch-original-series-griddle-cooking-station\\\/#breadcrumb\"},\"inLanguage\":\"fr-CA\",\"potentialAction\":[{\"@type\":\"ReadAction\",\"target\":[\"https:\\\/\\\/ksproducts.ca\\\/product\\\/blackstone-28inch-original-series-griddle-cooking-station\\\/\"]}]},{\"@type\":\"ImageObject\",\"inLanguage\":\"fr-CA\",\"@id\":\"https:\\\/\\\/ksproducts.ca\\\/product\\\/blackstone-28inch-original-series-griddle-cooking-station\\\/#primaryimage\",\"url\":\"https:\\\/\\\/ksproducts.ca\\\/wp-content\\\/uploads\\\/2026\\\/03\\\/2145.jpg\",\"contentUrl\":\"https:\\\/\\\/ksproducts.ca\\\/wp-content\\\/uploads\\\/2026\\\/03\\\/2145.jpg\",\"width\":594,\"height\":449,\"caption\":\"Blackstone 28inch Original Series Griddle Cooking Station\"},{\"@type\":\"BreadcrumbList\",\"@id\":\"https:\\\/\\\/ksproducts.ca\\\/product\\\/blackstone-28inch-original-series-griddle-cooking-station\\\/#breadcrumb\",\"itemListElement\":[{\"@type\":\"ListItem\",\"position\":1,\"name\":\"Home\",\"item\":\"https:\\\/\\\/ksproducts.ca\\\/\"},{\"@type\":\"ListItem\",\"position\":2,\"name\":\"Shop\",\"item\":\"https:\\\/\\\/ksproducts.ca\\\/shop\\\/\"},{\"@type\":\"ListItem\",\"position\":3,\"name\":\"Blackstone 28inch Original Series Griddle Cooking Station\"}]},{\"@type\":\"WebSite\",\"@id\":\"https:\\\/\\\/ksproducts.ca\\\/#website\",\"url\":\"https:\\\/\\\/ksproducts.ca\\\/\",\"name\":\"Ks Products\",\"description\":\"Outdoor cooking and living, made easy in Canada\",\"publisher\":{\"@id\":\"https:\\\/\\\/ksproducts.ca\\\/#organization\"},\"potentialAction\":[{\"@type\":\"SearchAction\",\"target\":{\"@type\":\"EntryPoint\",\"urlTemplate\":\"https:\\\/\\\/ksproducts.ca\\\/?s={search_term_string}\"},\"query-input\":{\"@type\":\"PropertyValueSpecification\",\"valueRequired\":true,\"valueName\":\"search_term_string\"}}],\"inLanguage\":\"fr-CA\"},{\"@type\":\"Organization\",\"@id\":\"https:\\\/\\\/ksproducts.ca\\\/#organization\",\"name\":\"Ks Products\",\"url\":\"https:\\\/\\\/ksproducts.ca\\\/\",\"logo\":{\"@type\":\"ImageObject\",\"inLanguage\":\"fr-CA\",\"@id\":\"https:\\\/\\\/ksproducts.ca\\\/#\\\/schema\\\/logo\\\/image\\\/\",\"url\":\"https:\\\/\\\/ksproducts.ca\\\/wp-content\\\/uploads\\\/2023\\\/09\\\/Kennedy-Sales-Logo-header-1.png\",\"contentUrl\":\"https:\\\/\\\/ksproducts.ca\\\/wp-content\\\/uploads\\\/2023\\\/09\\\/Kennedy-Sales-Logo-header-1.png\",\"width\":150,\"height\":77,\"caption\":\"Ks Products\"},\"image\":{\"@id\":\"https:\\\/\\\/ksproducts.ca\\\/#\\\/schema\\\/logo\\\/image\\\/\"}}]}<\/script>\n<!-- \/ Yoast SEO plugin. -->","yoast_head_json":{"title":"Blackstone 28inch Original Series Griddle Cooking Station - Ks Products","robots":{"index":"index","follow":"follow","max-snippet":"max-snippet:-1","max-image-preview":"max-image-preview:large","max-video-preview":"max-video-preview:-1"},"canonical":"https:\/\/ksproducts.ca\/fr\/product\/blackstone-28inch-original-series-griddle-cooking-station\/","og_locale":"fr_CA","og_type":"article","og_title":"Blackstone 28inch Original Series Griddle Cooking Station - Ks Products","og_description":"Designed for convenience and performance, this compact, fold-able grill delivers serious capability in a portable package. It features a spacious 28 3\/4\u2033 \u00d7 18 1\/4\u2033 cooking surface, a handy 17\u2033 \u00d7 11 3\/4\u2033 side shelf, and two adjustable heat controls for precise cooking. A rear grease management system and built-in ignitor keep things clean and easy, while the garbage bag holder and two industrial-strength wheels make setup, cleanup, and transport effortless.","og_url":"https:\/\/ksproducts.ca\/fr\/product\/blackstone-28inch-original-series-griddle-cooking-station\/","og_site_name":"Ks Products","article_modified_time":"2026-03-04T15:45:16+00:00","og_image":[{"width":594,"height":449,"url":"https:\/\/ksproducts.ca\/wp-content\/uploads\/2026\/03\/2145.jpg","type":"image\/jpeg"}],"twitter_card":"summary_large_image","twitter_misc":{"Estimation du temps de lecture":"1 minute"},"schema":{"@context":"https:\/\/schema.org","@graph":[{"@type":"WebPage","@id":"https:\/\/ksproducts.ca\/product\/blackstone-28inch-original-series-griddle-cooking-station\/","url":"https:\/\/ksproducts.ca\/product\/blackstone-28inch-original-series-griddle-cooking-station\/","name":"Blackstone 28inch Original Series Griddle Cooking Station - Ks Products","isPartOf":{"@id":"https:\/\/ksproducts.ca\/#website"},"primaryImageOfPage":{"@id":"https:\/\/ksproducts.ca\/product\/blackstone-28inch-original-series-griddle-cooking-station\/#primaryimage"},"image":{"@id":"https:\/\/ksproducts.ca\/product\/blackstone-28inch-original-series-griddle-cooking-station\/#primaryimage"},"thumbnailUrl":"https:\/\/ksproducts.ca\/wp-content\/uploads\/2026\/03\/2145.jpg","datePublished":"2026-03-04T15:45:15+00:00","dateModified":"2026-03-04T15:45:16+00:00","breadcrumb":{"@id":"https:\/\/ksproducts.ca\/product\/blackstone-28inch-original-series-griddle-cooking-station\/#breadcrumb"},"inLanguage":"fr-CA","potentialAction":[{"@type":"ReadAction","target":["https:\/\/ksproducts.ca\/product\/blackstone-28inch-original-series-griddle-cooking-station\/"]}]},{"@type":"ImageObject","inLanguage":"fr-CA","@id":"https:\/\/ksproducts.ca\/product\/blackstone-28inch-original-series-griddle-cooking-station\/#primaryimage","url":"https:\/\/ksproducts.ca\/wp-content\/uploads\/2026\/03\/2145.jpg","contentUrl":"https:\/\/ksproducts.ca\/wp-content\/uploads\/2026\/03\/2145.jpg","width":594,"height":449,"caption":"Blackstone 28inch Original Series Griddle Cooking Station"},{"@type":"BreadcrumbList","@id":"https:\/\/ksproducts.ca\/product\/blackstone-28inch-original-series-griddle-cooking-station\/#breadcrumb","itemListElement":[{"@type":"ListItem","position":1,"name":"Home","item":"https:\/\/ksproducts.ca\/"},{"@type":"ListItem","position":2,"name":"Shop","item":"https:\/\/ksproducts.ca\/shop\/"},{"@type":"ListItem","position":3,"name":"Blackstone 28inch Original Series Griddle Cooking Station"}]},{"@type":"WebSite","@id":"https:\/\/ksproducts.ca\/#website","url":"https:\/\/ksproducts.ca\/","name":"Produits Ks","description":"Cuisiner et vivre en plein air, c'est facile au Canada","publisher":{"@id":"https:\/\/ksproducts.ca\/#organization"},"potentialAction":[{"@type":"SearchAction","target":{"@type":"EntryPoint","urlTemplate":"https:\/\/ksproducts.ca\/?s={search_term_string}"},"query-input":{"@type":"PropertyValueSpecification","valueRequired":true,"valueName":"search_term_string"}}],"inLanguage":"fr-CA"},{"@type":"Organization","@id":"https:\/\/ksproducts.ca\/#organization","name":"Produits Ks","url":"https:\/\/ksproducts.ca\/","logo":{"@type":"ImageObject","inLanguage":"fr-CA","@id":"https:\/\/ksproducts.ca\/#\/schema\/logo\/image\/","url":"https:\/\/ksproducts.ca\/wp-content\/uploads\/2023\/09\/Kennedy-Sales-Logo-header-1.png","contentUrl":"https:\/\/ksproducts.ca\/wp-content\/uploads\/2023\/09\/Kennedy-Sales-Logo-header-1.png","width":150,"height":77,"caption":"Ks Products"},"image":{"@id":"https:\/\/ksproducts.ca\/#\/schema\/logo\/image\/"}}]}},"_links":{"self":[{"href":"https:\/\/ksproducts.ca\/fr\/wp-json\/wp\/v2\/product\/11430","targetHints":{"allow":["GET"]}}],"collection":[{"href":"https:\/\/ksproducts.ca\/fr\/wp-json\/wp\/v2\/product"}],"about":[{"href":"https:\/\/ksproducts.ca\/fr\/wp-json\/wp\/v2\/types\/product"}],"replies":[{"embeddable":true,"href":"https:\/\/ksproducts.ca\/fr\/wp-json\/wp\/v2\/comments?post=11430"}],"version-history":[{"count":1,"href":"https:\/\/ksproducts.ca\/fr\/wp-json\/wp\/v2\/product\/11430\/revisions"}],"predecessor-version":[{"id":11432,"href":"https:\/\/ksproducts.ca\/fr\/wp-json\/wp\/v2\/product\/11430\/revisions\/11432"}],"wp:featuredmedia":[{"embeddable":true,"href":"https:\/\/ksproducts.ca\/fr\/wp-json\/wp\/v2\/media\/11431"}],"wp:attachment":[{"href":"https:\/\/ksproducts.ca\/fr\/wp-json\/wp\/v2\/media?parent=11430"}],"wp:term":[{"taxonomy":"product_cat","embeddable":true,"href":"https:\/\/ksproducts.ca\/fr\/wp-json\/wp\/v2\/product_cat?post=11430"},{"taxonomy":"product_tag","embeddable":true,"href":"https:\/\/ksproducts.ca\/fr\/wp-json\/wp\/v2\/product_tag?post=11430"}],"curies":[{"name":"wp","href":"https:\/\/api.w.org\/{rel}","templated":true}]}}