{"id":11441,"date":"2026-03-04T16:09:26","date_gmt":"2026-03-04T16:09:26","guid":{"rendered":"https:\/\/ksproducts.ca\/?post_type=product&#038;p=11441"},"modified":"2026-03-04T16:09:27","modified_gmt":"2026-03-04T16:09:27","slug":"blackstone-28inch-original-series-omnivore-griddle-cooking-station-with-hard-cover","status":"publish","type":"product","link":"https:\/\/ksproducts.ca\/fr\/product\/blackstone-28inch-original-series-omnivore-griddle-cooking-station-with-hard-cover\/","title":{"rendered":"Blackstone 28inch Original Series Omnivore Griddle Cooking Station with Hard Cover (Gril de cuisson omnivore de 28 pouces avec couvercle rigide)"},"content":{"rendered":"<ul class=\"sc-hcupDf iBooxU pf-47_ acumin\" data-pf-type=\"MetafieldValue\">\n<li class=\"acumin\"><strong>Technologie de plaque de gril Omnivore :<\/strong>\u00a0Des temps de pr\u00e9chauffage et de r\u00e9cup\u00e9ration plus rapides, une r\u00e9partition uniforme de la chaleur, un meilleur rendement \u00e9nerg\u00e9tique avec moins de BTU n\u00e9cessaires pour des temp\u00e9ratures de cuisson optimales, et des pare-vent int\u00e9gr\u00e9s qui maintiennent l'air chaud \u00e0 l'int\u00e9rieur et l'air frais \u00e0 l'ext\u00e9rieur.<\/li>\n<li class=\"acumin\"><strong>Couverture rigide :<\/strong>\u00a0La housse robuste prot\u00e8ge votre plaque de cuisson des intemp\u00e9ries. Les crochets situ\u00e9s \u00e0 l'int\u00e9rieur de la housse permettent de la suspendre \u00e0 l'arri\u00e8re de la plaque pendant la cuisson.<\/li>\n<li class=\"acumin\"><strong>Deux zones de chaleur contr\u00f4l\u00e9es ind\u00e9pendamment l'une de l'autre :<\/strong>\u00a0Faites cuire simultan\u00e9ment vos plats principaux et vos accompagnements \u00e0 des temp\u00e9ratures diff\u00e9rentes.<\/li>\n<li class=\"acumin\"><strong>Deux tablettes lat\u00e9rales fixes avec crochets lat\u00e9raux :<\/strong>\u00a0Un espace de pr\u00e9paration suppl\u00e9mentaire avec un acc\u00e8s facile \u00e0 vos outils de cuisine sur les crochets de l'\u00e9tag\u00e8re lat\u00e9rale.<\/li>\n<li class=\"acumin\"><strong>Allumage \u00e9lectrique par bouton-poussoir :<\/strong>\u00a0Syst\u00e8me d'allumage pratique et fiable.<\/li>\n<li class=\"acumin\"><strong>Syst\u00e8me BAR :<\/strong>\u00a0Syst\u00e8me innovant pour des arrangements d'accessoires personnalis\u00e9s.<\/li>\n<li class=\"acumin\"><strong>Syst\u00e8me de gestion de la graisse \u00e0 l'arri\u00e8re :<\/strong>\u00a0Poussez la graisse et les d\u00e9bris alimentaires vers l'arri\u00e8re de la plaque pour faciliter le nettoyage.<\/li>\n<li class=\"acumin\"><strong>Deux roues pivotantes :<\/strong>\u00a0D\u00e9placez facilement la plaque de cuisson pour l'adapter \u00e0 vos besoins.<\/li>\n<\/ul>","protected":false},"excerpt":{"rendered":"<p>La plaque de gril Original 28\u201d Omnivore avec couvercle rigide est parfaite pour les foules, grandes ou petites. La plaque de gril Omnivore assure une distribution uniforme de la chaleur et une efficacit\u00e9 optimis\u00e9e du propane. Le syst\u00e8me de gestion des graisses \u00e0 l'arri\u00e8re facilite le nettoyage, ce qui vous permet de passer plus de temps avec votre famille et vos amis. D\u00e9couvrez un nouveau monde de cuisine en plein air avec la plaque de gril Omnivore 28\u201d avec couvercle rigide.<\/p>","protected":false},"featured_media":11442,"comment_status":"open","ping_status":"closed","template":"","meta":[],"product_cat":[405,428],"product_tag":[],"class_list":{"0":"post-11441","1":"product","2":"type-product","3":"status-publish","4":"has-post-thumbnail","6":"product_cat-28-inch-griddle","7":"product_cat-outdoor-cooking","8":"product_shipping_class-class-4","10":"first","11":"instock","12":"taxable","13":"shipping-taxable","14":"purchasable","15":"product-type-simple"},"yoast_head":"<!-- This site is optimized with the Yoast SEO plugin v27.3 - https:\/\/yoast.com\/product\/yoast-seo-wordpress\/ -->\n<title>Blackstone 28inch Original Series Omnivore Griddle Cooking Station with Hard Cover - Ks Products<\/title>\n<meta name=\"robots\" content=\"index, follow, max-snippet:-1, max-image-preview:large, max-video-preview:-1\" \/>\n<link rel=\"canonical\" href=\"https:\/\/ksproducts.ca\/fr\/product\/blackstone-28inch-original-series-omnivore-griddle-cooking-station-with-hard-cover\/\" \/>\n<meta property=\"og:locale\" content=\"fr_CA\" \/>\n<meta property=\"og:type\" content=\"article\" \/>\n<meta property=\"og:title\" content=\"Blackstone 28inch Original Series Omnivore Griddle Cooking Station with Hard Cover - Ks Products\" \/>\n<meta property=\"og:description\" content=\"The Original 28\u201d Omnivore Griddle with Hard Cover is perfect for crowds, big and small. The Omnivore Griddle Plate provides even heat distribution and optimized propane efficiency and the Rear Grease Management System makes for easy cleanup, so you\u2019ll spend more time with family and friends. Discover a new world of outdoor cooking with the 28\u201d Omnivore Griddle with Hard Cover.\" \/>\n<meta property=\"og:url\" content=\"https:\/\/ksproducts.ca\/fr\/product\/blackstone-28inch-original-series-omnivore-griddle-cooking-station-with-hard-cover\/\" \/>\n<meta property=\"og:site_name\" content=\"Ks Products\" \/>\n<meta property=\"article:modified_time\" content=\"2026-03-04T16:09:27+00:00\" \/>\n<meta property=\"og:image\" content=\"https:\/\/ksproducts.ca\/wp-content\/uploads\/2026\/03\/Blackstone-28inch-Original-Series-Omnivore-Griddle-Cooking-Station-with-Hard-Cover.webp\" \/>\n\t<meta property=\"og:image:width\" content=\"800\" \/>\n\t<meta property=\"og:image:height\" content=\"800\" \/>\n\t<meta property=\"og:image:type\" content=\"image\/webp\" \/>\n<meta name=\"twitter:card\" content=\"summary_large_image\" \/>\n<meta name=\"twitter:label1\" content=\"Estimation du temps de lecture\" \/>\n\t<meta name=\"twitter:data1\" content=\"1 minute\" \/>\n<script type=\"application\/ld+json\" class=\"yoast-schema-graph\">{\"@context\":\"https:\\\/\\\/schema.org\",\"@graph\":[{\"@type\":\"WebPage\",\"@id\":\"https:\\\/\\\/ksproducts.ca\\\/product\\\/blackstone-28inch-original-series-omnivore-griddle-cooking-station-with-hard-cover\\\/\",\"url\":\"https:\\\/\\\/ksproducts.ca\\\/product\\\/blackstone-28inch-original-series-omnivore-griddle-cooking-station-with-hard-cover\\\/\",\"name\":\"Blackstone 28inch Original Series Omnivore Griddle Cooking Station with Hard Cover - Ks Products\",\"isPartOf\":{\"@id\":\"https:\\\/\\\/ksproducts.ca\\\/#website\"},\"primaryImageOfPage\":{\"@id\":\"https:\\\/\\\/ksproducts.ca\\\/product\\\/blackstone-28inch-original-series-omnivore-griddle-cooking-station-with-hard-cover\\\/#primaryimage\"},\"image\":{\"@id\":\"https:\\\/\\\/ksproducts.ca\\\/product\\\/blackstone-28inch-original-series-omnivore-griddle-cooking-station-with-hard-cover\\\/#primaryimage\"},\"thumbnailUrl\":\"https:\\\/\\\/ksproducts.ca\\\/wp-content\\\/uploads\\\/2026\\\/03\\\/Blackstone-28inch-Original-Series-Omnivore-Griddle-Cooking-Station-with-Hard-Cover.webp\",\"datePublished\":\"2026-03-04T16:09:26+00:00\",\"dateModified\":\"2026-03-04T16:09:27+00:00\",\"breadcrumb\":{\"@id\":\"https:\\\/\\\/ksproducts.ca\\\/product\\\/blackstone-28inch-original-series-omnivore-griddle-cooking-station-with-hard-cover\\\/#breadcrumb\"},\"inLanguage\":\"fr-CA\",\"potentialAction\":[{\"@type\":\"ReadAction\",\"target\":[\"https:\\\/\\\/ksproducts.ca\\\/product\\\/blackstone-28inch-original-series-omnivore-griddle-cooking-station-with-hard-cover\\\/\"]}]},{\"@type\":\"ImageObject\",\"inLanguage\":\"fr-CA\",\"@id\":\"https:\\\/\\\/ksproducts.ca\\\/product\\\/blackstone-28inch-original-series-omnivore-griddle-cooking-station-with-hard-cover\\\/#primaryimage\",\"url\":\"https:\\\/\\\/ksproducts.ca\\\/wp-content\\\/uploads\\\/2026\\\/03\\\/Blackstone-28inch-Original-Series-Omnivore-Griddle-Cooking-Station-with-Hard-Cover.webp\",\"contentUrl\":\"https:\\\/\\\/ksproducts.ca\\\/wp-content\\\/uploads\\\/2026\\\/03\\\/Blackstone-28inch-Original-Series-Omnivore-Griddle-Cooking-Station-with-Hard-Cover.webp\",\"width\":800,\"height\":800,\"caption\":\"Blackstone 28inch Original Series Omnivore Griddle Cooking Station with Hard Cover\"},{\"@type\":\"BreadcrumbList\",\"@id\":\"https:\\\/\\\/ksproducts.ca\\\/product\\\/blackstone-28inch-original-series-omnivore-griddle-cooking-station-with-hard-cover\\\/#breadcrumb\",\"itemListElement\":[{\"@type\":\"ListItem\",\"position\":1,\"name\":\"Home\",\"item\":\"https:\\\/\\\/ksproducts.ca\\\/\"},{\"@type\":\"ListItem\",\"position\":2,\"name\":\"Shop\",\"item\":\"https:\\\/\\\/ksproducts.ca\\\/shop\\\/\"},{\"@type\":\"ListItem\",\"position\":3,\"name\":\"Blackstone 28inch Original Series Omnivore Griddle Cooking Station with Hard Cover\"}]},{\"@type\":\"WebSite\",\"@id\":\"https:\\\/\\\/ksproducts.ca\\\/#website\",\"url\":\"https:\\\/\\\/ksproducts.ca\\\/\",\"name\":\"Ks Products\",\"description\":\"Outdoor cooking and living, made easy in Canada\",\"publisher\":{\"@id\":\"https:\\\/\\\/ksproducts.ca\\\/#organization\"},\"potentialAction\":[{\"@type\":\"SearchAction\",\"target\":{\"@type\":\"EntryPoint\",\"urlTemplate\":\"https:\\\/\\\/ksproducts.ca\\\/?s={search_term_string}\"},\"query-input\":{\"@type\":\"PropertyValueSpecification\",\"valueRequired\":true,\"valueName\":\"search_term_string\"}}],\"inLanguage\":\"fr-CA\"},{\"@type\":\"Organization\",\"@id\":\"https:\\\/\\\/ksproducts.ca\\\/#organization\",\"name\":\"Ks Products\",\"url\":\"https:\\\/\\\/ksproducts.ca\\\/\",\"logo\":{\"@type\":\"ImageObject\",\"inLanguage\":\"fr-CA\",\"@id\":\"https:\\\/\\\/ksproducts.ca\\\/#\\\/schema\\\/logo\\\/image\\\/\",\"url\":\"https:\\\/\\\/ksproducts.ca\\\/wp-content\\\/uploads\\\/2023\\\/09\\\/Kennedy-Sales-Logo-header-1.png\",\"contentUrl\":\"https:\\\/\\\/ksproducts.ca\\\/wp-content\\\/uploads\\\/2023\\\/09\\\/Kennedy-Sales-Logo-header-1.png\",\"width\":150,\"height\":77,\"caption\":\"Ks Products\"},\"image\":{\"@id\":\"https:\\\/\\\/ksproducts.ca\\\/#\\\/schema\\\/logo\\\/image\\\/\"}}]}<\/script>\n<!-- \/ Yoast SEO plugin. -->","yoast_head_json":{"title":"Blackstone 28inch Original Series Omnivore Griddle Cooking Station with Hard Cover - Ks Products","robots":{"index":"index","follow":"follow","max-snippet":"max-snippet:-1","max-image-preview":"max-image-preview:large","max-video-preview":"max-video-preview:-1"},"canonical":"https:\/\/ksproducts.ca\/fr\/product\/blackstone-28inch-original-series-omnivore-griddle-cooking-station-with-hard-cover\/","og_locale":"fr_CA","og_type":"article","og_title":"Blackstone 28inch Original Series Omnivore Griddle Cooking Station with Hard Cover - Ks Products","og_description":"The Original 28\u201d Omnivore Griddle with Hard Cover is perfect for crowds, big and small. The Omnivore Griddle Plate provides even heat distribution and optimized propane efficiency and the Rear Grease Management System makes for easy cleanup, so you\u2019ll spend more time with family and friends. Discover a new world of outdoor cooking with the 28\u201d Omnivore Griddle with Hard Cover.","og_url":"https:\/\/ksproducts.ca\/fr\/product\/blackstone-28inch-original-series-omnivore-griddle-cooking-station-with-hard-cover\/","og_site_name":"Ks Products","article_modified_time":"2026-03-04T16:09:27+00:00","og_image":[{"width":800,"height":800,"url":"https:\/\/ksproducts.ca\/wp-content\/uploads\/2026\/03\/Blackstone-28inch-Original-Series-Omnivore-Griddle-Cooking-Station-with-Hard-Cover.webp","type":"image\/webp"}],"twitter_card":"summary_large_image","twitter_misc":{"Estimation du temps de lecture":"1 minute"},"schema":{"@context":"https:\/\/schema.org","@graph":[{"@type":"WebPage","@id":"https:\/\/ksproducts.ca\/product\/blackstone-28inch-original-series-omnivore-griddle-cooking-station-with-hard-cover\/","url":"https:\/\/ksproducts.ca\/product\/blackstone-28inch-original-series-omnivore-griddle-cooking-station-with-hard-cover\/","name":"Blackstone 28inch Original Series Omnivore Griddle Cooking Station with Hard Cover - Ks Products","isPartOf":{"@id":"https:\/\/ksproducts.ca\/#website"},"primaryImageOfPage":{"@id":"https:\/\/ksproducts.ca\/product\/blackstone-28inch-original-series-omnivore-griddle-cooking-station-with-hard-cover\/#primaryimage"},"image":{"@id":"https:\/\/ksproducts.ca\/product\/blackstone-28inch-original-series-omnivore-griddle-cooking-station-with-hard-cover\/#primaryimage"},"thumbnailUrl":"https:\/\/ksproducts.ca\/wp-content\/uploads\/2026\/03\/Blackstone-28inch-Original-Series-Omnivore-Griddle-Cooking-Station-with-Hard-Cover.webp","datePublished":"2026-03-04T16:09:26+00:00","dateModified":"2026-03-04T16:09:27+00:00","breadcrumb":{"@id":"https:\/\/ksproducts.ca\/product\/blackstone-28inch-original-series-omnivore-griddle-cooking-station-with-hard-cover\/#breadcrumb"},"inLanguage":"fr-CA","potentialAction":[{"@type":"ReadAction","target":["https:\/\/ksproducts.ca\/product\/blackstone-28inch-original-series-omnivore-griddle-cooking-station-with-hard-cover\/"]}]},{"@type":"ImageObject","inLanguage":"fr-CA","@id":"https:\/\/ksproducts.ca\/product\/blackstone-28inch-original-series-omnivore-griddle-cooking-station-with-hard-cover\/#primaryimage","url":"https:\/\/ksproducts.ca\/wp-content\/uploads\/2026\/03\/Blackstone-28inch-Original-Series-Omnivore-Griddle-Cooking-Station-with-Hard-Cover.webp","contentUrl":"https:\/\/ksproducts.ca\/wp-content\/uploads\/2026\/03\/Blackstone-28inch-Original-Series-Omnivore-Griddle-Cooking-Station-with-Hard-Cover.webp","width":800,"height":800,"caption":"Blackstone 28inch Original Series Omnivore Griddle Cooking Station with Hard Cover"},{"@type":"BreadcrumbList","@id":"https:\/\/ksproducts.ca\/product\/blackstone-28inch-original-series-omnivore-griddle-cooking-station-with-hard-cover\/#breadcrumb","itemListElement":[{"@type":"ListItem","position":1,"name":"Home","item":"https:\/\/ksproducts.ca\/"},{"@type":"ListItem","position":2,"name":"Shop","item":"https:\/\/ksproducts.ca\/shop\/"},{"@type":"ListItem","position":3,"name":"Blackstone 28inch Original Series Omnivore Griddle Cooking Station with Hard Cover"}]},{"@type":"WebSite","@id":"https:\/\/ksproducts.ca\/#website","url":"https:\/\/ksproducts.ca\/","name":"Produits Ks","description":"Cuisiner et vivre en plein air, c'est facile au Canada","publisher":{"@id":"https:\/\/ksproducts.ca\/#organization"},"potentialAction":[{"@type":"SearchAction","target":{"@type":"EntryPoint","urlTemplate":"https:\/\/ksproducts.ca\/?s={search_term_string}"},"query-input":{"@type":"PropertyValueSpecification","valueRequired":true,"valueName":"search_term_string"}}],"inLanguage":"fr-CA"},{"@type":"Organization","@id":"https:\/\/ksproducts.ca\/#organization","name":"Produits Ks","url":"https:\/\/ksproducts.ca\/","logo":{"@type":"ImageObject","inLanguage":"fr-CA","@id":"https:\/\/ksproducts.ca\/#\/schema\/logo\/image\/","url":"https:\/\/ksproducts.ca\/wp-content\/uploads\/2023\/09\/Kennedy-Sales-Logo-header-1.png","contentUrl":"https:\/\/ksproducts.ca\/wp-content\/uploads\/2023\/09\/Kennedy-Sales-Logo-header-1.png","width":150,"height":77,"caption":"Ks Products"},"image":{"@id":"https:\/\/ksproducts.ca\/#\/schema\/logo\/image\/"}}]}},"_links":{"self":[{"href":"https:\/\/ksproducts.ca\/fr\/wp-json\/wp\/v2\/product\/11441","targetHints":{"allow":["GET"]}}],"collection":[{"href":"https:\/\/ksproducts.ca\/fr\/wp-json\/wp\/v2\/product"}],"about":[{"href":"https:\/\/ksproducts.ca\/fr\/wp-json\/wp\/v2\/types\/product"}],"replies":[{"embeddable":true,"href":"https:\/\/ksproducts.ca\/fr\/wp-json\/wp\/v2\/comments?post=11441"}],"version-history":[{"count":1,"href":"https:\/\/ksproducts.ca\/fr\/wp-json\/wp\/v2\/product\/11441\/revisions"}],"predecessor-version":[{"id":11443,"href":"https:\/\/ksproducts.ca\/fr\/wp-json\/wp\/v2\/product\/11441\/revisions\/11443"}],"wp:featuredmedia":[{"embeddable":true,"href":"https:\/\/ksproducts.ca\/fr\/wp-json\/wp\/v2\/media\/11442"}],"wp:attachment":[{"href":"https:\/\/ksproducts.ca\/fr\/wp-json\/wp\/v2\/media?parent=11441"}],"wp:term":[{"taxonomy":"product_cat","embeddable":true,"href":"https:\/\/ksproducts.ca\/fr\/wp-json\/wp\/v2\/product_cat?post=11441"},{"taxonomy":"product_tag","embeddable":true,"href":"https:\/\/ksproducts.ca\/fr\/wp-json\/wp\/v2\/product_tag?post=11441"}],"curies":[{"name":"wp","href":"https:\/\/api.w.org\/{rel}","templated":true}]}}