{"id":11444,"date":"2026-03-04T16:14:48","date_gmt":"2026-03-04T16:14:48","guid":{"rendered":"https:\/\/ksproducts.ca\/?post_type=product&#038;p=11444"},"modified":"2026-03-04T16:14:48","modified_gmt":"2026-03-04T16:14:48","slug":"blackstone-14inch-adventure-ready-series-griddle-with-side-burner-latching-hood-and-carrying-handle","status":"publish","type":"product","link":"https:\/\/ksproducts.ca\/fr\/product\/blackstone-14inch-adventure-ready-series-griddle-with-side-burner-latching-hood-and-carrying-handle\/","title":{"rendered":"Blackstone 14inch Adventure Ready Series Griddle avec br\u00fbleur lat\u00e9ral, capot verrouillable et poign\u00e9e de transport"},"content":{"rendered":"<ul>\n<li>Surface de cuisson de la plaque de cuisson de 168 pouces carr\u00e9s et br\u00fbleur lat\u00e9ral avec une puissance combin\u00e9e de 14 400 BTU<\/li>\n<li>Planche \u00e0 griller de 12\u201d x 14\u201d avec rev\u00eatement c\u00e9ramique en titane pour un nettoyage plus facile<\/li>\n<li>Conception compacte avec poign\u00e9e de transport<\/li>\n<li>Le bac \u00e0 graisse arri\u00e8re se range et s'en va pour faciliter le transport et le stockage<\/li>\n<li>Couvercle protecteur de la plaque de cuisson avec fermetures en T pour maintenir le couvercle de la plaque en place lors des d\u00e9placements ou lorsqu'elle n'est pas utilis\u00e9e<\/li>\n<li>Syst\u00e8me de gestion de la graisse arri\u00e8re brevet\u00e9 par Blackstone<\/li>\n<li>Pieds de nivellement r\u00e9glables pour maintenir la surface de la plaque plus uniforme sur diff\u00e9rents terrains<\/li>\n<\/ul>","protected":false},"excerpt":{"rendered":"<p>Chargez votre gril de camping Blackstone Adventure Ready 14\u201d dans la voiture et savourez de d\u00e9licieux repas o\u00f9 que vous alliez. Dot\u00e9e d'un capot de protection, de loquets, d'une poign\u00e9e et d'un bac \u00e0 graisse arri\u00e8re \u00e0 ranger et \u00e0 emporter, cette plaque se range comme une mallette facile \u00e0 transporter. Un gril et un br\u00fbleur lat\u00e9ral de 280 po2 La plaque de cuisson et le br\u00fbleur lat\u00e9ral de 14 400 BTU combin\u00e9s facilitent la pr\u00e9paration de vos plats pr\u00e9f\u00e9r\u00e9s avec la possibilit\u00e9 de chauffer de l'eau ou de faire cuire de la soupe sur le br\u00fbleur lat\u00e9ral. Pr\u00e9parez simultan\u00e9ment un petit-d\u00e9jeuner et un chocolat chaud lors d'une matin\u00e9e froide en camping ou pr\u00e9parez une soupe pour accompagner votre viande et vos l\u00e9gumes pr\u00e9f\u00e9r\u00e9s pour le d\u00eener. L'allumage par bouton-poussoir facilite le d\u00e9marrage et le chauffage de votre plancha, et les pieds de nivellement vous offrent une surface de cuisson plus uniforme, quel que soit le terrain. Savourez vos plats pr\u00e9f\u00e9r\u00e9s o\u00f9 que vous soyez gr\u00e2ce \u00e0 cette plaque de cuisson Blackstone Adventure Ready, pr\u00eate \u00e0 partir \u00e0 l'aventure \u00e0 tout moment.<\/p>","protected":false},"featured_media":11445,"comment_status":"open","ping_status":"closed","template":"","meta":[],"product_cat":[395,394,428],"product_tag":[],"class_list":{"0":"post-11444","1":"product","2":"type-product","3":"status-publish","4":"has-post-thumbnail","6":"product_cat-17-inch-griddle","7":"product_cat-griddles-2","8":"product_cat-outdoor-cooking","9":"product_shipping_class-class-2","11":"first","12":"instock","13":"taxable","14":"shipping-taxable","15":"purchasable","16":"product-type-simple"},"yoast_head":"<!-- This site is optimized with the Yoast SEO plugin v27.4 - https:\/\/yoast.com\/product\/yoast-seo-wordpress\/ -->\n<title>Blackstone 14inch Adventure Ready Series Griddle with Side Burner, Latching Hood and Carrying Handle - Ks Products<\/title>\n<meta name=\"robots\" content=\"index, follow, max-snippet:-1, max-image-preview:large, max-video-preview:-1\" \/>\n<link rel=\"canonical\" href=\"https:\/\/ksproducts.ca\/fr\/product\/blackstone-14inch-adventure-ready-series-griddle-with-side-burner-latching-hood-and-carrying-handle\/\" \/>\n<meta property=\"og:locale\" content=\"fr_CA\" \/>\n<meta property=\"og:type\" content=\"article\" \/>\n<meta property=\"og:title\" content=\"Blackstone 14inch Adventure Ready Series Griddle with Side Burner, Latching Hood and Carrying Handle - Ks Products\" \/>\n<meta property=\"og:description\" content=\"Load your Blackstone Adventure Ready 14\u201d Camping Griddle in the car and enjoy delicious meals wherever you end up. Built with a protective hood, latches, a handle, and a stow-and-go rear grease cup, this griddle packs up like a briefcase that is easy to carry with you. A 280 sq. in. Griddle and side burner with 14,400 combined BTUs make it easy to cook up your favorite griddle foods with the added versatility of being able to heat water or cook soup on the side burner. Make breakfast and hot chocolate simultaneously on a cold morning while camping or make soup to go with your favorite meat and veggies for dinner. Push-button ignition makes starting and heating your griddle easy, and leveling feet provide you with a more even cooking surface no matter the terrain. Enjoy your favorite foods no matter where you end up with this Blackstone Adventure Ready camping griddle that is ready for an adventure whenever you are.\" \/>\n<meta property=\"og:url\" content=\"https:\/\/ksproducts.ca\/fr\/product\/blackstone-14inch-adventure-ready-series-griddle-with-side-burner-latching-hood-and-carrying-handle\/\" \/>\n<meta property=\"og:site_name\" content=\"Ks Products\" \/>\n<meta property=\"og:image\" content=\"https:\/\/ksproducts.ca\/wp-content\/uploads\/2026\/03\/Blackstone-14inch-Adventure-Ready-Series-Griddle-with-Side-Burner-Latching-Hood-and-Carrying-Handle.jpg\" \/>\n\t<meta property=\"og:image:width\" content=\"640\" \/>\n\t<meta property=\"og:image:height\" content=\"640\" \/>\n\t<meta property=\"og:image:type\" content=\"image\/jpeg\" \/>\n<meta name=\"twitter:card\" content=\"summary_large_image\" \/>\n<meta name=\"twitter:label1\" content=\"Estimation du temps de lecture\" \/>\n\t<meta name=\"twitter:data1\" content=\"1 minute\" \/>\n<script type=\"application\/ld+json\" class=\"yoast-schema-graph\">{\"@context\":\"https:\\\/\\\/schema.org\",\"@graph\":[{\"@type\":\"WebPage\",\"@id\":\"https:\\\/\\\/ksproducts.ca\\\/product\\\/blackstone-14inch-adventure-ready-series-griddle-with-side-burner-latching-hood-and-carrying-handle\\\/\",\"url\":\"https:\\\/\\\/ksproducts.ca\\\/product\\\/blackstone-14inch-adventure-ready-series-griddle-with-side-burner-latching-hood-and-carrying-handle\\\/\",\"name\":\"Blackstone 14inch Adventure Ready Series Griddle with Side Burner, Latching Hood and Carrying Handle - Ks Products\",\"isPartOf\":{\"@id\":\"https:\\\/\\\/ksproducts.ca\\\/#website\"},\"primaryImageOfPage\":{\"@id\":\"https:\\\/\\\/ksproducts.ca\\\/product\\\/blackstone-14inch-adventure-ready-series-griddle-with-side-burner-latching-hood-and-carrying-handle\\\/#primaryimage\"},\"image\":{\"@id\":\"https:\\\/\\\/ksproducts.ca\\\/product\\\/blackstone-14inch-adventure-ready-series-griddle-with-side-burner-latching-hood-and-carrying-handle\\\/#primaryimage\"},\"thumbnailUrl\":\"https:\\\/\\\/ksproducts.ca\\\/wp-content\\\/uploads\\\/2026\\\/03\\\/Blackstone-14inch-Adventure-Ready-Series-Griddle-with-Side-Burner-Latching-Hood-and-Carrying-Handle.jpg\",\"datePublished\":\"2026-03-04T16:14:48+00:00\",\"breadcrumb\":{\"@id\":\"https:\\\/\\\/ksproducts.ca\\\/product\\\/blackstone-14inch-adventure-ready-series-griddle-with-side-burner-latching-hood-and-carrying-handle\\\/#breadcrumb\"},\"inLanguage\":\"fr-CA\",\"potentialAction\":[{\"@type\":\"ReadAction\",\"target\":[\"https:\\\/\\\/ksproducts.ca\\\/product\\\/blackstone-14inch-adventure-ready-series-griddle-with-side-burner-latching-hood-and-carrying-handle\\\/\"]}]},{\"@type\":\"ImageObject\",\"inLanguage\":\"fr-CA\",\"@id\":\"https:\\\/\\\/ksproducts.ca\\\/product\\\/blackstone-14inch-adventure-ready-series-griddle-with-side-burner-latching-hood-and-carrying-handle\\\/#primaryimage\",\"url\":\"https:\\\/\\\/ksproducts.ca\\\/wp-content\\\/uploads\\\/2026\\\/03\\\/Blackstone-14inch-Adventure-Ready-Series-Griddle-with-Side-Burner-Latching-Hood-and-Carrying-Handle.jpg\",\"contentUrl\":\"https:\\\/\\\/ksproducts.ca\\\/wp-content\\\/uploads\\\/2026\\\/03\\\/Blackstone-14inch-Adventure-Ready-Series-Griddle-with-Side-Burner-Latching-Hood-and-Carrying-Handle.jpg\",\"width\":640,\"height\":640,\"caption\":\"Blackstone 14inch Adventure Ready Series Griddle with Side Burner, Latching Hood and Carrying Handle\"},{\"@type\":\"BreadcrumbList\",\"@id\":\"https:\\\/\\\/ksproducts.ca\\\/product\\\/blackstone-14inch-adventure-ready-series-griddle-with-side-burner-latching-hood-and-carrying-handle\\\/#breadcrumb\",\"itemListElement\":[{\"@type\":\"ListItem\",\"position\":1,\"name\":\"Home\",\"item\":\"https:\\\/\\\/ksproducts.ca\\\/\"},{\"@type\":\"ListItem\",\"position\":2,\"name\":\"Shop\",\"item\":\"https:\\\/\\\/ksproducts.ca\\\/shop\\\/\"},{\"@type\":\"ListItem\",\"position\":3,\"name\":\"Blackstone 14inch Adventure Ready Series Griddle with Side Burner, Latching Hood and Carrying Handle\"}]},{\"@type\":\"WebSite\",\"@id\":\"https:\\\/\\\/ksproducts.ca\\\/#website\",\"url\":\"https:\\\/\\\/ksproducts.ca\\\/\",\"name\":\"Ks Products\",\"description\":\"Outdoor cooking and living, made easy in Canada\",\"publisher\":{\"@id\":\"https:\\\/\\\/ksproducts.ca\\\/#organization\"},\"potentialAction\":[{\"@type\":\"SearchAction\",\"target\":{\"@type\":\"EntryPoint\",\"urlTemplate\":\"https:\\\/\\\/ksproducts.ca\\\/?s={search_term_string}\"},\"query-input\":{\"@type\":\"PropertyValueSpecification\",\"valueRequired\":true,\"valueName\":\"search_term_string\"}}],\"inLanguage\":\"fr-CA\"},{\"@type\":\"Organization\",\"@id\":\"https:\\\/\\\/ksproducts.ca\\\/#organization\",\"name\":\"Ks Products\",\"url\":\"https:\\\/\\\/ksproducts.ca\\\/\",\"logo\":{\"@type\":\"ImageObject\",\"inLanguage\":\"fr-CA\",\"@id\":\"https:\\\/\\\/ksproducts.ca\\\/#\\\/schema\\\/logo\\\/image\\\/\",\"url\":\"https:\\\/\\\/ksproducts.ca\\\/wp-content\\\/uploads\\\/2023\\\/09\\\/Kennedy-Sales-Logo-header-1.png\",\"contentUrl\":\"https:\\\/\\\/ksproducts.ca\\\/wp-content\\\/uploads\\\/2023\\\/09\\\/Kennedy-Sales-Logo-header-1.png\",\"width\":150,\"height\":77,\"caption\":\"Ks Products\"},\"image\":{\"@id\":\"https:\\\/\\\/ksproducts.ca\\\/#\\\/schema\\\/logo\\\/image\\\/\"}}]}<\/script>\n<!-- \/ Yoast SEO plugin. -->","yoast_head_json":{"title":"Blackstone 14inch Adventure Ready Series Griddle avec br\u00fbleur lat\u00e9ral, capot verrouillable et poign\u00e9e de transport - Ks Products","robots":{"index":"index","follow":"follow","max-snippet":"max-snippet:-1","max-image-preview":"max-image-preview:large","max-video-preview":"max-video-preview:-1"},"canonical":"https:\/\/ksproducts.ca\/fr\/product\/blackstone-14inch-adventure-ready-series-griddle-with-side-burner-latching-hood-and-carrying-handle\/","og_locale":"fr_CA","og_type":"article","og_title":"Blackstone 14inch Adventure Ready Series Griddle with Side Burner, Latching Hood and Carrying Handle - Ks Products","og_description":"Load your Blackstone Adventure Ready 14\u201d Camping Griddle in the car and enjoy delicious meals wherever you end up. Built with a protective hood, latches, a handle, and a stow-and-go rear grease cup, this griddle packs up like a briefcase that is easy to carry with you. A 280 sq. in. Griddle and side burner with 14,400 combined BTUs make it easy to cook up your favorite griddle foods with the added versatility of being able to heat water or cook soup on the side burner. Make breakfast and hot chocolate simultaneously on a cold morning while camping or make soup to go with your favorite meat and veggies for dinner. Push-button ignition makes starting and heating your griddle easy, and leveling feet provide you with a more even cooking surface no matter the terrain. Enjoy your favorite foods no matter where you end up with this Blackstone Adventure Ready camping griddle that is ready for an adventure whenever you are.","og_url":"https:\/\/ksproducts.ca\/fr\/product\/blackstone-14inch-adventure-ready-series-griddle-with-side-burner-latching-hood-and-carrying-handle\/","og_site_name":"Ks Products","og_image":[{"width":640,"height":640,"url":"https:\/\/ksproducts.ca\/wp-content\/uploads\/2026\/03\/Blackstone-14inch-Adventure-Ready-Series-Griddle-with-Side-Burner-Latching-Hood-and-Carrying-Handle.jpg","type":"image\/jpeg"}],"twitter_card":"summary_large_image","twitter_misc":{"Estimation du temps de lecture":"1 minute"},"schema":{"@context":"https:\/\/schema.org","@graph":[{"@type":"WebPage","@id":"https:\/\/ksproducts.ca\/product\/blackstone-14inch-adventure-ready-series-griddle-with-side-burner-latching-hood-and-carrying-handle\/","url":"https:\/\/ksproducts.ca\/product\/blackstone-14inch-adventure-ready-series-griddle-with-side-burner-latching-hood-and-carrying-handle\/","name":"Blackstone 14inch Adventure Ready Series Griddle avec br\u00fbleur lat\u00e9ral, capot verrouillable et poign\u00e9e de transport - Ks Products","isPartOf":{"@id":"https:\/\/ksproducts.ca\/#website"},"primaryImageOfPage":{"@id":"https:\/\/ksproducts.ca\/product\/blackstone-14inch-adventure-ready-series-griddle-with-side-burner-latching-hood-and-carrying-handle\/#primaryimage"},"image":{"@id":"https:\/\/ksproducts.ca\/product\/blackstone-14inch-adventure-ready-series-griddle-with-side-burner-latching-hood-and-carrying-handle\/#primaryimage"},"thumbnailUrl":"https:\/\/ksproducts.ca\/wp-content\/uploads\/2026\/03\/Blackstone-14inch-Adventure-Ready-Series-Griddle-with-Side-Burner-Latching-Hood-and-Carrying-Handle.jpg","datePublished":"2026-03-04T16:14:48+00:00","breadcrumb":{"@id":"https:\/\/ksproducts.ca\/product\/blackstone-14inch-adventure-ready-series-griddle-with-side-burner-latching-hood-and-carrying-handle\/#breadcrumb"},"inLanguage":"fr-CA","potentialAction":[{"@type":"ReadAction","target":["https:\/\/ksproducts.ca\/product\/blackstone-14inch-adventure-ready-series-griddle-with-side-burner-latching-hood-and-carrying-handle\/"]}]},{"@type":"ImageObject","inLanguage":"fr-CA","@id":"https:\/\/ksproducts.ca\/product\/blackstone-14inch-adventure-ready-series-griddle-with-side-burner-latching-hood-and-carrying-handle\/#primaryimage","url":"https:\/\/ksproducts.ca\/wp-content\/uploads\/2026\/03\/Blackstone-14inch-Adventure-Ready-Series-Griddle-with-Side-Burner-Latching-Hood-and-Carrying-Handle.jpg","contentUrl":"https:\/\/ksproducts.ca\/wp-content\/uploads\/2026\/03\/Blackstone-14inch-Adventure-Ready-Series-Griddle-with-Side-Burner-Latching-Hood-and-Carrying-Handle.jpg","width":640,"height":640,"caption":"Blackstone 14inch Adventure Ready Series Griddle with Side Burner, Latching Hood and Carrying Handle"},{"@type":"BreadcrumbList","@id":"https:\/\/ksproducts.ca\/product\/blackstone-14inch-adventure-ready-series-griddle-with-side-burner-latching-hood-and-carrying-handle\/#breadcrumb","itemListElement":[{"@type":"ListItem","position":1,"name":"Home","item":"https:\/\/ksproducts.ca\/"},{"@type":"ListItem","position":2,"name":"Shop","item":"https:\/\/ksproducts.ca\/shop\/"},{"@type":"ListItem","position":3,"name":"Blackstone 14inch Adventure Ready Series Griddle with Side Burner, Latching Hood and Carrying Handle"}]},{"@type":"WebSite","@id":"https:\/\/ksproducts.ca\/#website","url":"https:\/\/ksproducts.ca\/","name":"Produits Ks","description":"Cuisiner et vivre en plein air, c'est facile au Canada","publisher":{"@id":"https:\/\/ksproducts.ca\/#organization"},"potentialAction":[{"@type":"SearchAction","target":{"@type":"EntryPoint","urlTemplate":"https:\/\/ksproducts.ca\/?s={search_term_string}"},"query-input":{"@type":"PropertyValueSpecification","valueRequired":true,"valueName":"search_term_string"}}],"inLanguage":"fr-CA"},{"@type":"Organization","@id":"https:\/\/ksproducts.ca\/#organization","name":"Produits Ks","url":"https:\/\/ksproducts.ca\/","logo":{"@type":"ImageObject","inLanguage":"fr-CA","@id":"https:\/\/ksproducts.ca\/#\/schema\/logo\/image\/","url":"https:\/\/ksproducts.ca\/wp-content\/uploads\/2023\/09\/Kennedy-Sales-Logo-header-1.png","contentUrl":"https:\/\/ksproducts.ca\/wp-content\/uploads\/2023\/09\/Kennedy-Sales-Logo-header-1.png","width":150,"height":77,"caption":"Ks Products"},"image":{"@id":"https:\/\/ksproducts.ca\/#\/schema\/logo\/image\/"}}]}},"_links":{"self":[{"href":"https:\/\/ksproducts.ca\/fr\/wp-json\/wp\/v2\/product\/11444","targetHints":{"allow":["GET"]}}],"collection":[{"href":"https:\/\/ksproducts.ca\/fr\/wp-json\/wp\/v2\/product"}],"about":[{"href":"https:\/\/ksproducts.ca\/fr\/wp-json\/wp\/v2\/types\/product"}],"replies":[{"embeddable":true,"href":"https:\/\/ksproducts.ca\/fr\/wp-json\/wp\/v2\/comments?post=11444"}],"version-history":[{"count":1,"href":"https:\/\/ksproducts.ca\/fr\/wp-json\/wp\/v2\/product\/11444\/revisions"}],"predecessor-version":[{"id":11446,"href":"https:\/\/ksproducts.ca\/fr\/wp-json\/wp\/v2\/product\/11444\/revisions\/11446"}],"wp:featuredmedia":[{"embeddable":true,"href":"https:\/\/ksproducts.ca\/fr\/wp-json\/wp\/v2\/media\/11445"}],"wp:attachment":[{"href":"https:\/\/ksproducts.ca\/fr\/wp-json\/wp\/v2\/media?parent=11444"}],"wp:term":[{"taxonomy":"product_cat","embeddable":true,"href":"https:\/\/ksproducts.ca\/fr\/wp-json\/wp\/v2\/product_cat?post=11444"},{"taxonomy":"product_tag","embeddable":true,"href":"https:\/\/ksproducts.ca\/fr\/wp-json\/wp\/v2\/product_tag?post=11444"}],"curies":[{"name":"wp","href":"https:\/\/api.w.org\/{rel}","templated":true}]}}