{"id":11447,"date":"2026-03-04T16:19:48","date_gmt":"2026-03-04T16:19:48","guid":{"rendered":"https:\/\/ksproducts.ca\/?post_type=product&#038;p=11447"},"modified":"2026-03-04T20:02:17","modified_gmt":"2026-03-04T20:02:17","slug":"blackstone-900-pellet-grill-avec-friteuse-et-tablette-avant","status":"publish","type":"product","link":"https:\/\/ksproducts.ca\/fr\/product\/blackstone-900-pellet-grill-with-air-fryer-and-front-shelf\/","title":{"rendered":"Blackstone 900 Pellet Grill avec friteuse et tablette avant"},"content":{"rendered":"<ul class=\"title-block_features__oR3xh\" data-testid=\"product-features\">\n<li>Hotte \u00e0 double paroi enroulable : La hotte roulante facilite l'acc\u00e8s \u00e0 l'espace de cuisson et permet une meilleure r\u00e9tention de la chaleur et de la fum\u00e9e.<\/li>\n<li>Syst\u00e8me de circulation de la fum\u00e9e : Les \u00e9vents int\u00e9gr\u00e9s dans la hotte permettent de faire circuler et d'aspirer la fum\u00e9e dans le tonneau et de la faire sortir par le haut.<\/li>\n<li>Connectivit\u00e9 sans fil : Contr\u00f4lez \u00e0 distance le gril \u00e0 pellets avec l'application Blackstone Connect pour vous assurer que vos aliments sont parfaitement cuits, o\u00f9 que vous soyez.<\/li>\n<li>Grille sup\u00e9rieure r\u00e9glable : La grille s'ajuste \u00e0 la position souhait\u00e9e vers l'avant ou l'arri\u00e8re du tonneau et peut se ranger ou \u00eatre retir\u00e9e pour faire de la place \u00e0 des plats plus grands.<\/li>\n<li>Tablette avant rabattable : Offre un espace suppl\u00e9mentaire pour placer les outils et les aliments pendant la cuisson et se replie pour un rangement compact.<\/li>\n<li>Deux sondes \u00e0 viande incluses (l'appareil en supporte jusqu'\u00e0 quatre).<\/li>\n<li>Alimentation en granul\u00e9s de bois 120V\/60Hz\/250W. Alimentation 120V\/60Hz\/1450W pour le s\u00e8che-cheveux.<\/li>\n<\/ul>","protected":false},"excerpt":{"rendered":"<p>Grillez et faites frire vos plats pr\u00e9f\u00e9r\u00e9s \u00e0 la perfection avec le combo Blackstone 900 Pellet Grill Airfyer ! Tiroir de 7 pintes avec commandes num\u00e9riques : D\u00e9couvrez de nouvelles saveurs et faites frire vos plats d'accompagnement pr\u00e9f\u00e9r\u00e9s, ou fumez parfaitement le saumon, le fromage et tout ce qui vous passe par la t\u00eate. Registre de la friteuse pour l'infusion de fum\u00e9e chaude et froide : Contr\u00f4lez la distribution de la fum\u00e9e dans la friteuse pour obtenir des aliments frits parfaitement fum\u00e9s ou des mets d\u00e9licats fum\u00e9s \u00e0 froid. Tr\u00e9mie \u00e0 granul\u00e9s de 20 livres avec fen\u00eatre, prot\u00e9g\u00e9e contre les intemp\u00e9ries : La grande tr\u00e9mie minimise la n\u00e9cessit\u00e9 de remplir fr\u00e9quemment le r\u00e9servoir de granul\u00e9s, tandis que la fen\u00eatre vous permet de v\u00e9rifier si les granul\u00e9s sont \u00e9puis\u00e9s.<\/p>","protected":false},"featured_media":11448,"comment_status":"open","ping_status":"closed","template":"","meta":[],"product_cat":[428,446],"product_tag":[],"class_list":{"0":"post-11447","1":"product","2":"type-product","3":"status-publish","4":"has-post-thumbnail","6":"product_cat-outdoor-cooking","7":"product_cat-pellet-grills","8":"product_shipping_class-class-5","10":"first","11":"instock","12":"taxable","13":"shipping-taxable","14":"purchasable","15":"product-type-simple"},"yoast_head":"<!-- This site is optimized with the Yoast SEO plugin v27.3 - https:\/\/yoast.com\/product\/yoast-seo-wordpress\/ -->\n<title>Blackstone 900 Pellet Grill with Air Fryer and Front Shelf - Ks Products<\/title>\n<meta name=\"robots\" content=\"index, follow, max-snippet:-1, max-image-preview:large, max-video-preview:-1\" \/>\n<link rel=\"canonical\" href=\"https:\/\/ksproducts.ca\/fr\/product\/blackstone-900-pellet-grill-avec-friteuse-et-tablette-avant\/\" \/>\n<meta property=\"og:locale\" content=\"fr_CA\" \/>\n<meta property=\"og:type\" content=\"article\" \/>\n<meta property=\"og:title\" content=\"Blackstone 900 Pellet Grill with Air Fryer and Front Shelf - Ks Products\" \/>\n<meta property=\"og:description\" content=\"Perfectly grill and fry your cookout favorites with the Blackstone 900 Pellet Grill Airfyer combo! 7 quart airfryer drawer with digital controls: Unlock new flavor and fry up your favorite side dishes, or perfectly smoke salmon, cheese, and anything else you can think of. Airfryer damper for hot and cold smoke infusion: Control the smoke distribution into the airfryer allowing for perfectly smoked fried foods or cold smoked delicacies. Weather-guarded 20 lb. pellet hopper with window: Large hopper minimizes the need for frequent pellet refills while the window allows you to monitor when pellets are low.\" \/>\n<meta property=\"og:url\" content=\"https:\/\/ksproducts.ca\/fr\/product\/blackstone-900-pellet-grill-avec-friteuse-et-tablette-avant\/\" \/>\n<meta property=\"og:site_name\" content=\"Ks Products\" \/>\n<meta property=\"article:modified_time\" content=\"2026-03-04T20:02:17+00:00\" \/>\n<meta property=\"og:image\" content=\"https:\/\/ksproducts.ca\/wp-content\/uploads\/2026\/03\/Blackstone-900-Pellet-Grill-with-Air-Fryer-and-Front-Shelf.jpg\" \/>\n\t<meta property=\"og:image:width\" content=\"640\" \/>\n\t<meta property=\"og:image:height\" content=\"640\" \/>\n\t<meta property=\"og:image:type\" content=\"image\/jpeg\" \/>\n<meta name=\"twitter:card\" content=\"summary_large_image\" \/>\n<meta name=\"twitter:label1\" content=\"Estimation du temps de lecture\" \/>\n\t<meta name=\"twitter:data1\" content=\"1 minute\" \/>\n<script type=\"application\/ld+json\" class=\"yoast-schema-graph\">{\"@context\":\"https:\\\/\\\/schema.org\",\"@graph\":[{\"@type\":\"WebPage\",\"@id\":\"https:\\\/\\\/ksproducts.ca\\\/product\\\/blackstone-900-pellet-grill-with-air-fryer-and-front-shelf\\\/\",\"url\":\"https:\\\/\\\/ksproducts.ca\\\/product\\\/blackstone-900-pellet-grill-with-air-fryer-and-front-shelf\\\/\",\"name\":\"Blackstone 900 Pellet Grill with Air Fryer and Front Shelf - Ks Products\",\"isPartOf\":{\"@id\":\"https:\\\/\\\/ksproducts.ca\\\/#website\"},\"primaryImageOfPage\":{\"@id\":\"https:\\\/\\\/ksproducts.ca\\\/product\\\/blackstone-900-pellet-grill-with-air-fryer-and-front-shelf\\\/#primaryimage\"},\"image\":{\"@id\":\"https:\\\/\\\/ksproducts.ca\\\/product\\\/blackstone-900-pellet-grill-with-air-fryer-and-front-shelf\\\/#primaryimage\"},\"thumbnailUrl\":\"https:\\\/\\\/ksproducts.ca\\\/wp-content\\\/uploads\\\/2026\\\/03\\\/Blackstone-900-Pellet-Grill-with-Air-Fryer-and-Front-Shelf.jpg\",\"datePublished\":\"2026-03-04T16:19:48+00:00\",\"dateModified\":\"2026-03-04T20:02:17+00:00\",\"breadcrumb\":{\"@id\":\"https:\\\/\\\/ksproducts.ca\\\/product\\\/blackstone-900-pellet-grill-with-air-fryer-and-front-shelf\\\/#breadcrumb\"},\"inLanguage\":\"fr-CA\",\"potentialAction\":[{\"@type\":\"ReadAction\",\"target\":[\"https:\\\/\\\/ksproducts.ca\\\/product\\\/blackstone-900-pellet-grill-with-air-fryer-and-front-shelf\\\/\"]}]},{\"@type\":\"ImageObject\",\"inLanguage\":\"fr-CA\",\"@id\":\"https:\\\/\\\/ksproducts.ca\\\/product\\\/blackstone-900-pellet-grill-with-air-fryer-and-front-shelf\\\/#primaryimage\",\"url\":\"https:\\\/\\\/ksproducts.ca\\\/wp-content\\\/uploads\\\/2026\\\/03\\\/Blackstone-900-Pellet-Grill-with-Air-Fryer-and-Front-Shelf.jpg\",\"contentUrl\":\"https:\\\/\\\/ksproducts.ca\\\/wp-content\\\/uploads\\\/2026\\\/03\\\/Blackstone-900-Pellet-Grill-with-Air-Fryer-and-Front-Shelf.jpg\",\"width\":640,\"height\":640,\"caption\":\"Blackstone 900 Pellet Grill with Air Fryer and Front Shelf\"},{\"@type\":\"BreadcrumbList\",\"@id\":\"https:\\\/\\\/ksproducts.ca\\\/product\\\/blackstone-900-pellet-grill-with-air-fryer-and-front-shelf\\\/#breadcrumb\",\"itemListElement\":[{\"@type\":\"ListItem\",\"position\":1,\"name\":\"Home\",\"item\":\"https:\\\/\\\/ksproducts.ca\\\/\"},{\"@type\":\"ListItem\",\"position\":2,\"name\":\"Shop\",\"item\":\"https:\\\/\\\/ksproducts.ca\\\/shop\\\/\"},{\"@type\":\"ListItem\",\"position\":3,\"name\":\"Blackstone 900 Pellet Grill with Air Fryer and Front Shelf\"}]},{\"@type\":\"WebSite\",\"@id\":\"https:\\\/\\\/ksproducts.ca\\\/#website\",\"url\":\"https:\\\/\\\/ksproducts.ca\\\/\",\"name\":\"Ks Products\",\"description\":\"Outdoor cooking and living, made easy in Canada\",\"publisher\":{\"@id\":\"https:\\\/\\\/ksproducts.ca\\\/#organization\"},\"potentialAction\":[{\"@type\":\"SearchAction\",\"target\":{\"@type\":\"EntryPoint\",\"urlTemplate\":\"https:\\\/\\\/ksproducts.ca\\\/?s={search_term_string}\"},\"query-input\":{\"@type\":\"PropertyValueSpecification\",\"valueRequired\":true,\"valueName\":\"search_term_string\"}}],\"inLanguage\":\"fr-CA\"},{\"@type\":\"Organization\",\"@id\":\"https:\\\/\\\/ksproducts.ca\\\/#organization\",\"name\":\"Ks Products\",\"url\":\"https:\\\/\\\/ksproducts.ca\\\/\",\"logo\":{\"@type\":\"ImageObject\",\"inLanguage\":\"fr-CA\",\"@id\":\"https:\\\/\\\/ksproducts.ca\\\/#\\\/schema\\\/logo\\\/image\\\/\",\"url\":\"https:\\\/\\\/ksproducts.ca\\\/wp-content\\\/uploads\\\/2023\\\/09\\\/Kennedy-Sales-Logo-header-1.png\",\"contentUrl\":\"https:\\\/\\\/ksproducts.ca\\\/wp-content\\\/uploads\\\/2023\\\/09\\\/Kennedy-Sales-Logo-header-1.png\",\"width\":150,\"height\":77,\"caption\":\"Ks Products\"},\"image\":{\"@id\":\"https:\\\/\\\/ksproducts.ca\\\/#\\\/schema\\\/logo\\\/image\\\/\"}}]}<\/script>\n<!-- \/ Yoast SEO plugin. -->","yoast_head_json":{"title":"Gril \u00e0 pellets Blackstone 900 avec friteuse et tablette avant - Ks Products","robots":{"index":"index","follow":"follow","max-snippet":"max-snippet:-1","max-image-preview":"max-image-preview:large","max-video-preview":"max-video-preview:-1"},"canonical":"https:\/\/ksproducts.ca\/fr\/product\/blackstone-900-pellet-grill-avec-friteuse-et-tablette-avant\/","og_locale":"fr_CA","og_type":"article","og_title":"Blackstone 900 Pellet Grill with Air Fryer and Front Shelf - Ks Products","og_description":"Perfectly grill and fry your cookout favorites with the Blackstone 900 Pellet Grill Airfyer combo! 7 quart airfryer drawer with digital controls: Unlock new flavor and fry up your favorite side dishes, or perfectly smoke salmon, cheese, and anything else you can think of. Airfryer damper for hot and cold smoke infusion: Control the smoke distribution into the airfryer allowing for perfectly smoked fried foods or cold smoked delicacies. Weather-guarded 20 lb. pellet hopper with window: Large hopper minimizes the need for frequent pellet refills while the window allows you to monitor when pellets are low.","og_url":"https:\/\/ksproducts.ca\/fr\/product\/blackstone-900-pellet-grill-avec-friteuse-et-tablette-avant\/","og_site_name":"Ks Products","article_modified_time":"2026-03-04T20:02:17+00:00","og_image":[{"width":640,"height":640,"url":"https:\/\/ksproducts.ca\/wp-content\/uploads\/2026\/03\/Blackstone-900-Pellet-Grill-with-Air-Fryer-and-Front-Shelf.jpg","type":"image\/jpeg"}],"twitter_card":"summary_large_image","twitter_misc":{"Estimation du temps de lecture":"1 minute"},"schema":{"@context":"https:\/\/schema.org","@graph":[{"@type":"WebPage","@id":"https:\/\/ksproducts.ca\/product\/blackstone-900-pellet-grill-with-air-fryer-and-front-shelf\/","url":"https:\/\/ksproducts.ca\/product\/blackstone-900-pellet-grill-with-air-fryer-and-front-shelf\/","name":"Gril \u00e0 pellets Blackstone 900 avec friteuse et tablette avant - Ks Products","isPartOf":{"@id":"https:\/\/ksproducts.ca\/#website"},"primaryImageOfPage":{"@id":"https:\/\/ksproducts.ca\/product\/blackstone-900-pellet-grill-with-air-fryer-and-front-shelf\/#primaryimage"},"image":{"@id":"https:\/\/ksproducts.ca\/product\/blackstone-900-pellet-grill-with-air-fryer-and-front-shelf\/#primaryimage"},"thumbnailUrl":"https:\/\/ksproducts.ca\/wp-content\/uploads\/2026\/03\/Blackstone-900-Pellet-Grill-with-Air-Fryer-and-Front-Shelf.jpg","datePublished":"2026-03-04T16:19:48+00:00","dateModified":"2026-03-04T20:02:17+00:00","breadcrumb":{"@id":"https:\/\/ksproducts.ca\/product\/blackstone-900-pellet-grill-with-air-fryer-and-front-shelf\/#breadcrumb"},"inLanguage":"fr-CA","potentialAction":[{"@type":"ReadAction","target":["https:\/\/ksproducts.ca\/product\/blackstone-900-pellet-grill-with-air-fryer-and-front-shelf\/"]}]},{"@type":"ImageObject","inLanguage":"fr-CA","@id":"https:\/\/ksproducts.ca\/product\/blackstone-900-pellet-grill-with-air-fryer-and-front-shelf\/#primaryimage","url":"https:\/\/ksproducts.ca\/wp-content\/uploads\/2026\/03\/Blackstone-900-Pellet-Grill-with-Air-Fryer-and-Front-Shelf.jpg","contentUrl":"https:\/\/ksproducts.ca\/wp-content\/uploads\/2026\/03\/Blackstone-900-Pellet-Grill-with-Air-Fryer-and-Front-Shelf.jpg","width":640,"height":640,"caption":"Blackstone 900 Pellet Grill with Air Fryer and Front Shelf"},{"@type":"BreadcrumbList","@id":"https:\/\/ksproducts.ca\/product\/blackstone-900-pellet-grill-with-air-fryer-and-front-shelf\/#breadcrumb","itemListElement":[{"@type":"ListItem","position":1,"name":"Home","item":"https:\/\/ksproducts.ca\/"},{"@type":"ListItem","position":2,"name":"Shop","item":"https:\/\/ksproducts.ca\/shop\/"},{"@type":"ListItem","position":3,"name":"Blackstone 900 Pellet Grill with Air Fryer and Front Shelf"}]},{"@type":"WebSite","@id":"https:\/\/ksproducts.ca\/#website","url":"https:\/\/ksproducts.ca\/","name":"Produits Ks","description":"Cuisiner et vivre en plein air, c'est facile au Canada","publisher":{"@id":"https:\/\/ksproducts.ca\/#organization"},"potentialAction":[{"@type":"SearchAction","target":{"@type":"EntryPoint","urlTemplate":"https:\/\/ksproducts.ca\/?s={search_term_string}"},"query-input":{"@type":"PropertyValueSpecification","valueRequired":true,"valueName":"search_term_string"}}],"inLanguage":"fr-CA"},{"@type":"Organization","@id":"https:\/\/ksproducts.ca\/#organization","name":"Produits Ks","url":"https:\/\/ksproducts.ca\/","logo":{"@type":"ImageObject","inLanguage":"fr-CA","@id":"https:\/\/ksproducts.ca\/#\/schema\/logo\/image\/","url":"https:\/\/ksproducts.ca\/wp-content\/uploads\/2023\/09\/Kennedy-Sales-Logo-header-1.png","contentUrl":"https:\/\/ksproducts.ca\/wp-content\/uploads\/2023\/09\/Kennedy-Sales-Logo-header-1.png","width":150,"height":77,"caption":"Ks Products"},"image":{"@id":"https:\/\/ksproducts.ca\/#\/schema\/logo\/image\/"}}]}},"_links":{"self":[{"href":"https:\/\/ksproducts.ca\/fr\/wp-json\/wp\/v2\/product\/11447","targetHints":{"allow":["GET"]}}],"collection":[{"href":"https:\/\/ksproducts.ca\/fr\/wp-json\/wp\/v2\/product"}],"about":[{"href":"https:\/\/ksproducts.ca\/fr\/wp-json\/wp\/v2\/types\/product"}],"replies":[{"embeddable":true,"href":"https:\/\/ksproducts.ca\/fr\/wp-json\/wp\/v2\/comments?post=11447"}],"version-history":[{"count":1,"href":"https:\/\/ksproducts.ca\/fr\/wp-json\/wp\/v2\/product\/11447\/revisions"}],"predecessor-version":[{"id":11449,"href":"https:\/\/ksproducts.ca\/fr\/wp-json\/wp\/v2\/product\/11447\/revisions\/11449"}],"wp:featuredmedia":[{"embeddable":true,"href":"https:\/\/ksproducts.ca\/fr\/wp-json\/wp\/v2\/media\/11448"}],"wp:attachment":[{"href":"https:\/\/ksproducts.ca\/fr\/wp-json\/wp\/v2\/media?parent=11447"}],"wp:term":[{"taxonomy":"product_cat","embeddable":true,"href":"https:\/\/ksproducts.ca\/fr\/wp-json\/wp\/v2\/product_cat?post=11447"},{"taxonomy":"product_tag","embeddable":true,"href":"https:\/\/ksproducts.ca\/fr\/wp-json\/wp\/v2\/product_tag?post=11447"}],"curies":[{"name":"wp","href":"https:\/\/api.w.org\/{rel}","templated":true}]}}