{"id":11450,"date":"2026-03-04T16:26:13","date_gmt":"2026-03-04T16:26:13","guid":{"rendered":"https:\/\/ksproducts.ca\/?post_type=product&#038;p=11450"},"modified":"2026-03-04T16:26:14","modified_gmt":"2026-03-04T16:26:14","slug":"blackstone-36inch-griddle-plus-series-griddle-with-pizza-oven-and-air-fryer","status":"publish","type":"product","link":"https:\/\/ksproducts.ca\/fr\/product\/blackstone-36inch-griddle-plus-series-griddle-with-pizza-oven-and-air-fryer\/","title":{"rendered":"Blackstone 36inch Griddle Plus Series Griddle with Pizza Oven and Air Fryer"},"content":{"rendered":"<ul>\n<li><strong>Blackstone 4-Burner 36\u201d Propane Griddle with Pizza Oven and Air Fryer<\/strong><\/li>\n<li>4 independently heated burners with 60,000 BTUs and a combined 768 sq. in. cooking area provide plenty of room for making main and side dishes simultaneously<\/li>\n<li>The 13,000 BTUs pizza oven doubles as an air fryer and is large enough to cook up to a 12\u2033 pizza or hold 2.6 quarts as an air fryer (Gets up to 600 Degrees Fahrenheit)<\/li>\n<li>Rear grease management system for keeping cooking area clean throughout cooking process<\/li>\n<li>Folding side shelves with tool hooks and magnetic tool bar to increase compactness for storage and provide easy to reach places to keep tools during cooking<\/li>\n<li>Protective hood to protect griddle top and keep cooking area clean<\/li>\n<li>Tray storage for keeping baking and serving trays<\/li>\n<\/ul>","protected":false},"excerpt":{"rendered":"<p>Que vous planifiez un barbecue, une soir\u00e9e pizza ou que vous souhaitiez simplement pr\u00e9parer un bon repas en plein air, la plaque de cuisson au propane Blackstone \u00e0 4 br\u00fbleurs de 36 pouces avec four \u00e0 pizza et friteuse \u00e0 air a ce qu'il vous faut. Une plaque de cuisson de 36 pouces et un four \u00e0 pizza int\u00e9gr\u00e9 qui sert \u00e9galement de friteuse vous permettent de pr\u00e9parer des hamburgers, des c\u00f4tes, des nuggets de poulet, des frites, des pizzas ou tout autre plat dont vous avez envie. Quatre br\u00fbleurs chauff\u00e9s ind\u00e9pendamment et une surface de cuisson combin\u00e9e de 768 pouces carr\u00e9s permettent de pr\u00e9parer diff\u00e9rents plats simultan\u00e9ment. Des \u00e9tag\u00e8res lat\u00e9rales spacieuses avec des crochets pour les outils et une barre magn\u00e9tique pour les outils vous offrent un grand espace de pr\u00e9paration et vous permettent de garder vos outils \u00e0 port\u00e9e de main pendant la cuisson. Rabattez les \u00e9tag\u00e8res apr\u00e8s utilisation pour un rangement plus compact. Le compartiment de rangement lat\u00e9ral est con\u00e7u pour garder \u00e0 port\u00e9e de main les plateaux de service et de cuisson. Cuisinez efficacement tous vos plats pr\u00e9f\u00e9r\u00e9s en un seul endroit gr\u00e2ce \u00e0 cette plaque de cuisson. Vous pourrez ainsi passer plus de temps \u00e0 manger et \u00e0 cr\u00e9er des souvenirs avec votre famille et vos amis.<\/p>","protected":false},"featured_media":11451,"comment_status":"open","ping_status":"closed","template":"","meta":[],"product_cat":[402,428,406],"product_tag":[],"class_list":{"0":"post-11450","1":"product","2":"type-product","3":"status-publish","4":"has-post-thumbnail","6":"product_cat-36-inch-griddle","7":"product_cat-outdoor-cooking","8":"product_cat-pizza","9":"product_shipping_class-class-5","11":"first","12":"instock","13":"taxable","14":"shipping-taxable","15":"purchasable","16":"product-type-simple"},"yoast_head":"<!-- This site is optimized with the Yoast SEO plugin v27.3 - https:\/\/yoast.com\/product\/yoast-seo-wordpress\/ -->\n<title>Blackstone 36inch Griddle Plus Series Griddle with Pizza Oven and Air Fryer - Ks Products<\/title>\n<meta name=\"robots\" content=\"index, follow, max-snippet:-1, max-image-preview:large, max-video-preview:-1\" \/>\n<link rel=\"canonical\" href=\"https:\/\/ksproducts.ca\/fr\/product\/blackstone-36inch-griddle-plus-series-griddle-with-pizza-oven-and-air-fryer\/\" \/>\n<meta property=\"og:locale\" content=\"fr_CA\" \/>\n<meta property=\"og:type\" content=\"article\" \/>\n<meta property=\"og:title\" content=\"Blackstone 36inch Griddle Plus Series Griddle with Pizza Oven and Air Fryer - Ks Products\" \/>\n<meta property=\"og:description\" content=\"Whether you are planning a barbeque, pizza party, or just want to make a nice outdoor meal, the Blackstone 4-Burner 36\u201d Propane Griddle with Pizza Oven and Air Fryer has what you need. A 36\u201d griddle top and a built-in pizza oven that doubles as an air fryer allow you to make burgers, ribs, chicken nuggets, fries, pizza, or whatever your current craving is. Four independently heated burners and a combined 768 sq. in. cooking area provide room to make different dishes simultaneously. Spacious side shelves with tool hooks and a magnetic tool bar give you ample prep space and provide a place to keep your tools handy during cooking. Fold the shelves down after use for more compact storage. The side storage compartment is designed to keep serving and baking trays handy. Efficiently cook all your favorites in one place with this griddle setup, so you can enjoy more time eating and making memories with family and friends.\" \/>\n<meta property=\"og:url\" content=\"https:\/\/ksproducts.ca\/fr\/product\/blackstone-36inch-griddle-plus-series-griddle-with-pizza-oven-and-air-fryer\/\" \/>\n<meta property=\"og:site_name\" content=\"Ks Products\" \/>\n<meta property=\"article:modified_time\" content=\"2026-03-04T16:26:14+00:00\" \/>\n<meta property=\"og:image\" content=\"https:\/\/ksproducts.ca\/wp-content\/uploads\/2026\/03\/Blackstone-36inch-Griddle-Plus-Series-Griddle-with-Pizza-Oven-and-Air-Fryer.jpg\" \/>\n\t<meta property=\"og:image:width\" content=\"640\" \/>\n\t<meta property=\"og:image:height\" content=\"640\" \/>\n\t<meta property=\"og:image:type\" content=\"image\/jpeg\" \/>\n<meta name=\"twitter:card\" content=\"summary_large_image\" \/>\n<meta name=\"twitter:label1\" content=\"Estimation du temps de lecture\" \/>\n\t<meta name=\"twitter:data1\" content=\"1 minute\" \/>\n<script type=\"application\/ld+json\" class=\"yoast-schema-graph\">{\"@context\":\"https:\\\/\\\/schema.org\",\"@graph\":[{\"@type\":\"WebPage\",\"@id\":\"https:\\\/\\\/ksproducts.ca\\\/product\\\/blackstone-36inch-griddle-plus-series-griddle-with-pizza-oven-and-air-fryer\\\/\",\"url\":\"https:\\\/\\\/ksproducts.ca\\\/product\\\/blackstone-36inch-griddle-plus-series-griddle-with-pizza-oven-and-air-fryer\\\/\",\"name\":\"Blackstone 36inch Griddle Plus Series Griddle with Pizza Oven and Air Fryer - Ks Products\",\"isPartOf\":{\"@id\":\"https:\\\/\\\/ksproducts.ca\\\/#website\"},\"primaryImageOfPage\":{\"@id\":\"https:\\\/\\\/ksproducts.ca\\\/product\\\/blackstone-36inch-griddle-plus-series-griddle-with-pizza-oven-and-air-fryer\\\/#primaryimage\"},\"image\":{\"@id\":\"https:\\\/\\\/ksproducts.ca\\\/product\\\/blackstone-36inch-griddle-plus-series-griddle-with-pizza-oven-and-air-fryer\\\/#primaryimage\"},\"thumbnailUrl\":\"https:\\\/\\\/ksproducts.ca\\\/wp-content\\\/uploads\\\/2026\\\/03\\\/Blackstone-36inch-Griddle-Plus-Series-Griddle-with-Pizza-Oven-and-Air-Fryer.jpg\",\"datePublished\":\"2026-03-04T16:26:13+00:00\",\"dateModified\":\"2026-03-04T16:26:14+00:00\",\"breadcrumb\":{\"@id\":\"https:\\\/\\\/ksproducts.ca\\\/product\\\/blackstone-36inch-griddle-plus-series-griddle-with-pizza-oven-and-air-fryer\\\/#breadcrumb\"},\"inLanguage\":\"fr-CA\",\"potentialAction\":[{\"@type\":\"ReadAction\",\"target\":[\"https:\\\/\\\/ksproducts.ca\\\/product\\\/blackstone-36inch-griddle-plus-series-griddle-with-pizza-oven-and-air-fryer\\\/\"]}]},{\"@type\":\"ImageObject\",\"inLanguage\":\"fr-CA\",\"@id\":\"https:\\\/\\\/ksproducts.ca\\\/product\\\/blackstone-36inch-griddle-plus-series-griddle-with-pizza-oven-and-air-fryer\\\/#primaryimage\",\"url\":\"https:\\\/\\\/ksproducts.ca\\\/wp-content\\\/uploads\\\/2026\\\/03\\\/Blackstone-36inch-Griddle-Plus-Series-Griddle-with-Pizza-Oven-and-Air-Fryer.jpg\",\"contentUrl\":\"https:\\\/\\\/ksproducts.ca\\\/wp-content\\\/uploads\\\/2026\\\/03\\\/Blackstone-36inch-Griddle-Plus-Series-Griddle-with-Pizza-Oven-and-Air-Fryer.jpg\",\"width\":640,\"height\":640,\"caption\":\"Blackstone 36inch Griddle Plus Series Griddle with Pizza Oven and Air Fryer\"},{\"@type\":\"BreadcrumbList\",\"@id\":\"https:\\\/\\\/ksproducts.ca\\\/product\\\/blackstone-36inch-griddle-plus-series-griddle-with-pizza-oven-and-air-fryer\\\/#breadcrumb\",\"itemListElement\":[{\"@type\":\"ListItem\",\"position\":1,\"name\":\"Home\",\"item\":\"https:\\\/\\\/ksproducts.ca\\\/\"},{\"@type\":\"ListItem\",\"position\":2,\"name\":\"Shop\",\"item\":\"https:\\\/\\\/ksproducts.ca\\\/shop\\\/\"},{\"@type\":\"ListItem\",\"position\":3,\"name\":\"Blackstone 36inch Griddle Plus Series Griddle with Pizza Oven and Air Fryer\"}]},{\"@type\":\"WebSite\",\"@id\":\"https:\\\/\\\/ksproducts.ca\\\/#website\",\"url\":\"https:\\\/\\\/ksproducts.ca\\\/\",\"name\":\"Ks Products\",\"description\":\"Outdoor cooking and living, made easy in Canada\",\"publisher\":{\"@id\":\"https:\\\/\\\/ksproducts.ca\\\/#organization\"},\"potentialAction\":[{\"@type\":\"SearchAction\",\"target\":{\"@type\":\"EntryPoint\",\"urlTemplate\":\"https:\\\/\\\/ksproducts.ca\\\/?s={search_term_string}\"},\"query-input\":{\"@type\":\"PropertyValueSpecification\",\"valueRequired\":true,\"valueName\":\"search_term_string\"}}],\"inLanguage\":\"fr-CA\"},{\"@type\":\"Organization\",\"@id\":\"https:\\\/\\\/ksproducts.ca\\\/#organization\",\"name\":\"Ks Products\",\"url\":\"https:\\\/\\\/ksproducts.ca\\\/\",\"logo\":{\"@type\":\"ImageObject\",\"inLanguage\":\"fr-CA\",\"@id\":\"https:\\\/\\\/ksproducts.ca\\\/#\\\/schema\\\/logo\\\/image\\\/\",\"url\":\"https:\\\/\\\/ksproducts.ca\\\/wp-content\\\/uploads\\\/2023\\\/09\\\/Kennedy-Sales-Logo-header-1.png\",\"contentUrl\":\"https:\\\/\\\/ksproducts.ca\\\/wp-content\\\/uploads\\\/2023\\\/09\\\/Kennedy-Sales-Logo-header-1.png\",\"width\":150,\"height\":77,\"caption\":\"Ks Products\"},\"image\":{\"@id\":\"https:\\\/\\\/ksproducts.ca\\\/#\\\/schema\\\/logo\\\/image\\\/\"}}]}<\/script>\n<!-- \/ Yoast SEO plugin. -->","yoast_head_json":{"title":"Blackstone 36inch Griddle Plus Series Griddle with Pizza Oven and Air Fryer - Ks Products","robots":{"index":"index","follow":"follow","max-snippet":"max-snippet:-1","max-image-preview":"max-image-preview:large","max-video-preview":"max-video-preview:-1"},"canonical":"https:\/\/ksproducts.ca\/fr\/product\/blackstone-36inch-griddle-plus-series-griddle-with-pizza-oven-and-air-fryer\/","og_locale":"fr_CA","og_type":"article","og_title":"Blackstone 36inch Griddle Plus Series Griddle with Pizza Oven and Air Fryer - Ks Products","og_description":"Whether you are planning a barbeque, pizza party, or just want to make a nice outdoor meal, the Blackstone 4-Burner 36\u201d Propane Griddle with Pizza Oven and Air Fryer has what you need. A 36\u201d griddle top and a built-in pizza oven that doubles as an air fryer allow you to make burgers, ribs, chicken nuggets, fries, pizza, or whatever your current craving is. Four independently heated burners and a combined 768 sq. in. cooking area provide room to make different dishes simultaneously. Spacious side shelves with tool hooks and a magnetic tool bar give you ample prep space and provide a place to keep your tools handy during cooking. Fold the shelves down after use for more compact storage. The side storage compartment is designed to keep serving and baking trays handy. Efficiently cook all your favorites in one place with this griddle setup, so you can enjoy more time eating and making memories with family and friends.","og_url":"https:\/\/ksproducts.ca\/fr\/product\/blackstone-36inch-griddle-plus-series-griddle-with-pizza-oven-and-air-fryer\/","og_site_name":"Ks Products","article_modified_time":"2026-03-04T16:26:14+00:00","og_image":[{"width":640,"height":640,"url":"https:\/\/ksproducts.ca\/wp-content\/uploads\/2026\/03\/Blackstone-36inch-Griddle-Plus-Series-Griddle-with-Pizza-Oven-and-Air-Fryer.jpg","type":"image\/jpeg"}],"twitter_card":"summary_large_image","twitter_misc":{"Estimation du temps de lecture":"1 minute"},"schema":{"@context":"https:\/\/schema.org","@graph":[{"@type":"WebPage","@id":"https:\/\/ksproducts.ca\/product\/blackstone-36inch-griddle-plus-series-griddle-with-pizza-oven-and-air-fryer\/","url":"https:\/\/ksproducts.ca\/product\/blackstone-36inch-griddle-plus-series-griddle-with-pizza-oven-and-air-fryer\/","name":"Blackstone 36inch Griddle Plus Series Griddle with Pizza Oven and Air Fryer - Ks Products","isPartOf":{"@id":"https:\/\/ksproducts.ca\/#website"},"primaryImageOfPage":{"@id":"https:\/\/ksproducts.ca\/product\/blackstone-36inch-griddle-plus-series-griddle-with-pizza-oven-and-air-fryer\/#primaryimage"},"image":{"@id":"https:\/\/ksproducts.ca\/product\/blackstone-36inch-griddle-plus-series-griddle-with-pizza-oven-and-air-fryer\/#primaryimage"},"thumbnailUrl":"https:\/\/ksproducts.ca\/wp-content\/uploads\/2026\/03\/Blackstone-36inch-Griddle-Plus-Series-Griddle-with-Pizza-Oven-and-Air-Fryer.jpg","datePublished":"2026-03-04T16:26:13+00:00","dateModified":"2026-03-04T16:26:14+00:00","breadcrumb":{"@id":"https:\/\/ksproducts.ca\/product\/blackstone-36inch-griddle-plus-series-griddle-with-pizza-oven-and-air-fryer\/#breadcrumb"},"inLanguage":"fr-CA","potentialAction":[{"@type":"ReadAction","target":["https:\/\/ksproducts.ca\/product\/blackstone-36inch-griddle-plus-series-griddle-with-pizza-oven-and-air-fryer\/"]}]},{"@type":"ImageObject","inLanguage":"fr-CA","@id":"https:\/\/ksproducts.ca\/product\/blackstone-36inch-griddle-plus-series-griddle-with-pizza-oven-and-air-fryer\/#primaryimage","url":"https:\/\/ksproducts.ca\/wp-content\/uploads\/2026\/03\/Blackstone-36inch-Griddle-Plus-Series-Griddle-with-Pizza-Oven-and-Air-Fryer.jpg","contentUrl":"https:\/\/ksproducts.ca\/wp-content\/uploads\/2026\/03\/Blackstone-36inch-Griddle-Plus-Series-Griddle-with-Pizza-Oven-and-Air-Fryer.jpg","width":640,"height":640,"caption":"Blackstone 36inch Griddle Plus Series Griddle with Pizza Oven and Air Fryer"},{"@type":"BreadcrumbList","@id":"https:\/\/ksproducts.ca\/product\/blackstone-36inch-griddle-plus-series-griddle-with-pizza-oven-and-air-fryer\/#breadcrumb","itemListElement":[{"@type":"ListItem","position":1,"name":"Home","item":"https:\/\/ksproducts.ca\/"},{"@type":"ListItem","position":2,"name":"Shop","item":"https:\/\/ksproducts.ca\/shop\/"},{"@type":"ListItem","position":3,"name":"Blackstone 36inch Griddle Plus Series Griddle with Pizza Oven and Air Fryer"}]},{"@type":"WebSite","@id":"https:\/\/ksproducts.ca\/#website","url":"https:\/\/ksproducts.ca\/","name":"Produits Ks","description":"Cuisiner et vivre en plein air, c'est facile au Canada","publisher":{"@id":"https:\/\/ksproducts.ca\/#organization"},"potentialAction":[{"@type":"SearchAction","target":{"@type":"EntryPoint","urlTemplate":"https:\/\/ksproducts.ca\/?s={search_term_string}"},"query-input":{"@type":"PropertyValueSpecification","valueRequired":true,"valueName":"search_term_string"}}],"inLanguage":"fr-CA"},{"@type":"Organization","@id":"https:\/\/ksproducts.ca\/#organization","name":"Produits Ks","url":"https:\/\/ksproducts.ca\/","logo":{"@type":"ImageObject","inLanguage":"fr-CA","@id":"https:\/\/ksproducts.ca\/#\/schema\/logo\/image\/","url":"https:\/\/ksproducts.ca\/wp-content\/uploads\/2023\/09\/Kennedy-Sales-Logo-header-1.png","contentUrl":"https:\/\/ksproducts.ca\/wp-content\/uploads\/2023\/09\/Kennedy-Sales-Logo-header-1.png","width":150,"height":77,"caption":"Ks Products"},"image":{"@id":"https:\/\/ksproducts.ca\/#\/schema\/logo\/image\/"}}]}},"_links":{"self":[{"href":"https:\/\/ksproducts.ca\/fr\/wp-json\/wp\/v2\/product\/11450","targetHints":{"allow":["GET"]}}],"collection":[{"href":"https:\/\/ksproducts.ca\/fr\/wp-json\/wp\/v2\/product"}],"about":[{"href":"https:\/\/ksproducts.ca\/fr\/wp-json\/wp\/v2\/types\/product"}],"replies":[{"embeddable":true,"href":"https:\/\/ksproducts.ca\/fr\/wp-json\/wp\/v2\/comments?post=11450"}],"version-history":[{"count":1,"href":"https:\/\/ksproducts.ca\/fr\/wp-json\/wp\/v2\/product\/11450\/revisions"}],"predecessor-version":[{"id":11452,"href":"https:\/\/ksproducts.ca\/fr\/wp-json\/wp\/v2\/product\/11450\/revisions\/11452"}],"wp:featuredmedia":[{"embeddable":true,"href":"https:\/\/ksproducts.ca\/fr\/wp-json\/wp\/v2\/media\/11451"}],"wp:attachment":[{"href":"https:\/\/ksproducts.ca\/fr\/wp-json\/wp\/v2\/media?parent=11450"}],"wp:term":[{"taxonomy":"product_cat","embeddable":true,"href":"https:\/\/ksproducts.ca\/fr\/wp-json\/wp\/v2\/product_cat?post=11450"},{"taxonomy":"product_tag","embeddable":true,"href":"https:\/\/ksproducts.ca\/fr\/wp-json\/wp\/v2\/product_tag?post=11450"}],"curies":[{"name":"wp","href":"https:\/\/api.w.org\/{rel}","templated":true}]}}