{"id":11457,"date":"2026-03-04T16:42:57","date_gmt":"2026-03-04T16:42:57","guid":{"rendered":"https:\/\/ksproducts.ca\/?post_type=product&#038;p=11457"},"modified":"2026-03-04T16:42:58","modified_gmt":"2026-03-04T16:42:58","slug":"blackstone-on-the-go-series-22inch-griddle-with-flexfold-legs","status":"publish","type":"product","link":"https:\/\/ksproducts.ca\/fr\/product\/blackstone-on-the-go-series-22inch-griddle-with-flexfold-legs\/","title":{"rendered":"Blackstone On-the-Go Series 22inch Griddle with Flexfold Legs (gril de 22 pouces avec pieds flexibles)"},"content":{"rendered":"<ul class=\"title-block_features__oR3xh\" data-testid=\"product-features\">\n<li>Plaque de gril 22\u201d Omnivore avec r\u00e9partition uniforme de la chaleur, meilleur rendement \u00e9nerg\u00e9tique et pare-vent int\u00e9gr\u00e9.<\/li>\n<li>Les pieds Flexfold\u2122 avec conception \u2018Roll &amp; Go\u2019 vous permettent d'emporter la plancha partout o\u00f9 vous pouvez la faire rouler.<\/li>\n<li>La hotte int\u00e9gr\u00e9e prot\u00e8ge et nettoie la surface de la plaque.<\/li>\n<li>Deux zones de chaleur contr\u00f4l\u00e9es ind\u00e9pendamment pour cuire simultan\u00e9ment une vari\u00e9t\u00e9 de plats.<\/li>\n<li>Le loquet de s\u00e9curit\u00e9 du capot verrouille le capot pour que votre plaque de cuisson soit en s\u00e9curit\u00e9 pendant le voyage.<\/li>\n<li>La poign\u00e9e de l'\u00e9tag\u00e8re lat\u00e9rale permet d'augmenter l'espace de pr\u00e9paration tout en facilitant le transport.<\/li>\n<li>L'allumage pi\u00e9zo\u00e9lectrique assure un \u00e9clairage fiable, sans pile.<\/li>\n<li>La gestion de la graisse \u00e0 l'arri\u00e8re facilite le nettoyage en dirigeant la graisse vers l'arri\u00e8re de la plaque.<\/li>\n<\/ul>","protected":false},"excerpt":{"rendered":"<p>Le gril OTG 22\u201d de Blackstone avec pieds Flexfold am\u00e9liore la fa\u00e7on dont vous cuisinez \u00e0 l'ext\u00e9rieur gr\u00e2ce \u00e0 un design portable et pliable con\u00e7u pour la vie en d\u00e9placement. La plaque de gril Omnivore permet un pr\u00e9chauffage et une r\u00e9cup\u00e9ration plus rapides avec une meilleure efficacit\u00e9 \u00e9nerg\u00e9tique, tandis que la gestion de la graisse \u00e0 l'arri\u00e8re et les loquets de capot s\u00e9curis\u00e9s rendent la cuisine facile et pratique.<\/p>","protected":false},"featured_media":11459,"comment_status":"open","ping_status":"closed","template":"","meta":[],"product_cat":[403,394,428],"product_tag":[],"class_list":{"0":"post-11457","1":"product","2":"type-product","3":"status-publish","4":"has-post-thumbnail","6":"product_cat-22-inch-griddle","7":"product_cat-griddles-2","8":"product_cat-outdoor-cooking","9":"product_shipping_class-class-4","11":"first","12":"instock","13":"taxable","14":"shipping-taxable","15":"purchasable","16":"product-type-simple"},"yoast_head":"<!-- This site is optimized with the Yoast SEO plugin v27.4 - https:\/\/yoast.com\/product\/yoast-seo-wordpress\/ -->\n<title>Blackstone On-the-Go Series 22inch Griddle with Flexfold Legs - Ks Products<\/title>\n<meta name=\"robots\" content=\"index, follow, max-snippet:-1, max-image-preview:large, max-video-preview:-1\" \/>\n<link rel=\"canonical\" href=\"https:\/\/ksproducts.ca\/fr\/product\/blackstone-on-the-go-series-22inch-griddle-with-flexfold-legs\/\" \/>\n<meta property=\"og:locale\" content=\"fr_CA\" \/>\n<meta property=\"og:type\" content=\"article\" \/>\n<meta property=\"og:title\" content=\"Blackstone On-the-Go Series 22inch Griddle with Flexfold Legs - Ks Products\" \/>\n<meta property=\"og:description\" content=\"The Blackstone OTG 22\u201d Griddle with Flexfold Legs improves how you cook outdoors with a portable, collapsible design made for life on the go. The Omnivore Griddle Plate delivers faster preheat and recovery with improved fuel efficiency, while Rear Grease Management and secure hood latches make cooking easy and convenient.\" \/>\n<meta property=\"og:url\" content=\"https:\/\/ksproducts.ca\/fr\/product\/blackstone-on-the-go-series-22inch-griddle-with-flexfold-legs\/\" \/>\n<meta property=\"og:site_name\" content=\"Ks Products\" \/>\n<meta property=\"article:modified_time\" content=\"2026-03-04T16:42:58+00:00\" \/>\n<meta property=\"og:image\" content=\"https:\/\/ksproducts.ca\/wp-content\/uploads\/2026\/03\/22-Omnivore-Griddle-Plate-with-even-heat-distribution-higher-fuel-efficiency-and-built-in-wind-guards.jpg\" \/>\n\t<meta property=\"og:image:width\" content=\"800\" \/>\n\t<meta property=\"og:image:height\" content=\"800\" \/>\n\t<meta property=\"og:image:type\" content=\"image\/jpeg\" \/>\n<meta name=\"twitter:card\" content=\"summary_large_image\" \/>\n<meta name=\"twitter:label1\" content=\"Estimation du temps de lecture\" \/>\n\t<meta name=\"twitter:data1\" content=\"1 minute\" \/>\n<script type=\"application\/ld+json\" class=\"yoast-schema-graph\">{\"@context\":\"https:\\\/\\\/schema.org\",\"@graph\":[{\"@type\":\"WebPage\",\"@id\":\"https:\\\/\\\/ksproducts.ca\\\/product\\\/blackstone-on-the-go-series-22inch-griddle-with-flexfold-legs\\\/\",\"url\":\"https:\\\/\\\/ksproducts.ca\\\/product\\\/blackstone-on-the-go-series-22inch-griddle-with-flexfold-legs\\\/\",\"name\":\"Blackstone On-the-Go Series 22inch Griddle with Flexfold Legs - Ks Products\",\"isPartOf\":{\"@id\":\"https:\\\/\\\/ksproducts.ca\\\/#website\"},\"primaryImageOfPage\":{\"@id\":\"https:\\\/\\\/ksproducts.ca\\\/product\\\/blackstone-on-the-go-series-22inch-griddle-with-flexfold-legs\\\/#primaryimage\"},\"image\":{\"@id\":\"https:\\\/\\\/ksproducts.ca\\\/product\\\/blackstone-on-the-go-series-22inch-griddle-with-flexfold-legs\\\/#primaryimage\"},\"thumbnailUrl\":\"https:\\\/\\\/ksproducts.ca\\\/wp-content\\\/uploads\\\/2026\\\/03\\\/22-Omnivore-Griddle-Plate-with-even-heat-distribution-higher-fuel-efficiency-and-built-in-wind-guards.jpg\",\"datePublished\":\"2026-03-04T16:42:57+00:00\",\"dateModified\":\"2026-03-04T16:42:58+00:00\",\"breadcrumb\":{\"@id\":\"https:\\\/\\\/ksproducts.ca\\\/product\\\/blackstone-on-the-go-series-22inch-griddle-with-flexfold-legs\\\/#breadcrumb\"},\"inLanguage\":\"fr-CA\",\"potentialAction\":[{\"@type\":\"ReadAction\",\"target\":[\"https:\\\/\\\/ksproducts.ca\\\/product\\\/blackstone-on-the-go-series-22inch-griddle-with-flexfold-legs\\\/\"]}]},{\"@type\":\"ImageObject\",\"inLanguage\":\"fr-CA\",\"@id\":\"https:\\\/\\\/ksproducts.ca\\\/product\\\/blackstone-on-the-go-series-22inch-griddle-with-flexfold-legs\\\/#primaryimage\",\"url\":\"https:\\\/\\\/ksproducts.ca\\\/wp-content\\\/uploads\\\/2026\\\/03\\\/22-Omnivore-Griddle-Plate-with-even-heat-distribution-higher-fuel-efficiency-and-built-in-wind-guards.jpg\",\"contentUrl\":\"https:\\\/\\\/ksproducts.ca\\\/wp-content\\\/uploads\\\/2026\\\/03\\\/22-Omnivore-Griddle-Plate-with-even-heat-distribution-higher-fuel-efficiency-and-built-in-wind-guards.jpg\",\"width\":800,\"height\":800,\"caption\":\"22\u201d Omnivore Griddle Plate with even heat distribution, higher fuel efficiency, and built in wind guards.\"},{\"@type\":\"BreadcrumbList\",\"@id\":\"https:\\\/\\\/ksproducts.ca\\\/product\\\/blackstone-on-the-go-series-22inch-griddle-with-flexfold-legs\\\/#breadcrumb\",\"itemListElement\":[{\"@type\":\"ListItem\",\"position\":1,\"name\":\"Home\",\"item\":\"https:\\\/\\\/ksproducts.ca\\\/\"},{\"@type\":\"ListItem\",\"position\":2,\"name\":\"Shop\",\"item\":\"https:\\\/\\\/ksproducts.ca\\\/shop\\\/\"},{\"@type\":\"ListItem\",\"position\":3,\"name\":\"Blackstone On-the-Go Series 22inch Griddle with Flexfold Legs\"}]},{\"@type\":\"WebSite\",\"@id\":\"https:\\\/\\\/ksproducts.ca\\\/#website\",\"url\":\"https:\\\/\\\/ksproducts.ca\\\/\",\"name\":\"Ks Products\",\"description\":\"Outdoor cooking and living, made easy in Canada\",\"publisher\":{\"@id\":\"https:\\\/\\\/ksproducts.ca\\\/#organization\"},\"potentialAction\":[{\"@type\":\"SearchAction\",\"target\":{\"@type\":\"EntryPoint\",\"urlTemplate\":\"https:\\\/\\\/ksproducts.ca\\\/?s={search_term_string}\"},\"query-input\":{\"@type\":\"PropertyValueSpecification\",\"valueRequired\":true,\"valueName\":\"search_term_string\"}}],\"inLanguage\":\"fr-CA\"},{\"@type\":\"Organization\",\"@id\":\"https:\\\/\\\/ksproducts.ca\\\/#organization\",\"name\":\"Ks Products\",\"url\":\"https:\\\/\\\/ksproducts.ca\\\/\",\"logo\":{\"@type\":\"ImageObject\",\"inLanguage\":\"fr-CA\",\"@id\":\"https:\\\/\\\/ksproducts.ca\\\/#\\\/schema\\\/logo\\\/image\\\/\",\"url\":\"https:\\\/\\\/ksproducts.ca\\\/wp-content\\\/uploads\\\/2023\\\/09\\\/Kennedy-Sales-Logo-header-1.png\",\"contentUrl\":\"https:\\\/\\\/ksproducts.ca\\\/wp-content\\\/uploads\\\/2023\\\/09\\\/Kennedy-Sales-Logo-header-1.png\",\"width\":150,\"height\":77,\"caption\":\"Ks Products\"},\"image\":{\"@id\":\"https:\\\/\\\/ksproducts.ca\\\/#\\\/schema\\\/logo\\\/image\\\/\"}}]}<\/script>\n<!-- \/ Yoast SEO plugin. -->","yoast_head_json":{"title":"Gril Blackstone On-the-Go Series 22inch avec pieds Flexfold - Ks Products","robots":{"index":"index","follow":"follow","max-snippet":"max-snippet:-1","max-image-preview":"max-image-preview:large","max-video-preview":"max-video-preview:-1"},"canonical":"https:\/\/ksproducts.ca\/fr\/product\/blackstone-on-the-go-series-22inch-griddle-with-flexfold-legs\/","og_locale":"fr_CA","og_type":"article","og_title":"Blackstone On-the-Go Series 22inch Griddle with Flexfold Legs - Ks Products","og_description":"The Blackstone OTG 22\u201d Griddle with Flexfold Legs improves how you cook outdoors with a portable, collapsible design made for life on the go. The Omnivore Griddle Plate delivers faster preheat and recovery with improved fuel efficiency, while Rear Grease Management and secure hood latches make cooking easy and convenient.","og_url":"https:\/\/ksproducts.ca\/fr\/product\/blackstone-on-the-go-series-22inch-griddle-with-flexfold-legs\/","og_site_name":"Ks Products","article_modified_time":"2026-03-04T16:42:58+00:00","og_image":[{"width":800,"height":800,"url":"https:\/\/ksproducts.ca\/wp-content\/uploads\/2026\/03\/22-Omnivore-Griddle-Plate-with-even-heat-distribution-higher-fuel-efficiency-and-built-in-wind-guards.jpg","type":"image\/jpeg"}],"twitter_card":"summary_large_image","twitter_misc":{"Estimation du temps de lecture":"1 minute"},"schema":{"@context":"https:\/\/schema.org","@graph":[{"@type":"WebPage","@id":"https:\/\/ksproducts.ca\/product\/blackstone-on-the-go-series-22inch-griddle-with-flexfold-legs\/","url":"https:\/\/ksproducts.ca\/product\/blackstone-on-the-go-series-22inch-griddle-with-flexfold-legs\/","name":"Gril Blackstone On-the-Go Series 22inch avec pieds Flexfold - Ks Products","isPartOf":{"@id":"https:\/\/ksproducts.ca\/#website"},"primaryImageOfPage":{"@id":"https:\/\/ksproducts.ca\/product\/blackstone-on-the-go-series-22inch-griddle-with-flexfold-legs\/#primaryimage"},"image":{"@id":"https:\/\/ksproducts.ca\/product\/blackstone-on-the-go-series-22inch-griddle-with-flexfold-legs\/#primaryimage"},"thumbnailUrl":"https:\/\/ksproducts.ca\/wp-content\/uploads\/2026\/03\/22-Omnivore-Griddle-Plate-with-even-heat-distribution-higher-fuel-efficiency-and-built-in-wind-guards.jpg","datePublished":"2026-03-04T16:42:57+00:00","dateModified":"2026-03-04T16:42:58+00:00","breadcrumb":{"@id":"https:\/\/ksproducts.ca\/product\/blackstone-on-the-go-series-22inch-griddle-with-flexfold-legs\/#breadcrumb"},"inLanguage":"fr-CA","potentialAction":[{"@type":"ReadAction","target":["https:\/\/ksproducts.ca\/product\/blackstone-on-the-go-series-22inch-griddle-with-flexfold-legs\/"]}]},{"@type":"ImageObject","inLanguage":"fr-CA","@id":"https:\/\/ksproducts.ca\/product\/blackstone-on-the-go-series-22inch-griddle-with-flexfold-legs\/#primaryimage","url":"https:\/\/ksproducts.ca\/wp-content\/uploads\/2026\/03\/22-Omnivore-Griddle-Plate-with-even-heat-distribution-higher-fuel-efficiency-and-built-in-wind-guards.jpg","contentUrl":"https:\/\/ksproducts.ca\/wp-content\/uploads\/2026\/03\/22-Omnivore-Griddle-Plate-with-even-heat-distribution-higher-fuel-efficiency-and-built-in-wind-guards.jpg","width":800,"height":800,"caption":"22\u201d Omnivore Griddle Plate with even heat distribution, higher fuel efficiency, and built in wind guards."},{"@type":"BreadcrumbList","@id":"https:\/\/ksproducts.ca\/product\/blackstone-on-the-go-series-22inch-griddle-with-flexfold-legs\/#breadcrumb","itemListElement":[{"@type":"ListItem","position":1,"name":"Home","item":"https:\/\/ksproducts.ca\/"},{"@type":"ListItem","position":2,"name":"Shop","item":"https:\/\/ksproducts.ca\/shop\/"},{"@type":"ListItem","position":3,"name":"Blackstone On-the-Go Series 22inch Griddle with Flexfold Legs"}]},{"@type":"WebSite","@id":"https:\/\/ksproducts.ca\/#website","url":"https:\/\/ksproducts.ca\/","name":"Produits Ks","description":"Cuisiner et vivre en plein air, c'est facile au Canada","publisher":{"@id":"https:\/\/ksproducts.ca\/#organization"},"potentialAction":[{"@type":"SearchAction","target":{"@type":"EntryPoint","urlTemplate":"https:\/\/ksproducts.ca\/?s={search_term_string}"},"query-input":{"@type":"PropertyValueSpecification","valueRequired":true,"valueName":"search_term_string"}}],"inLanguage":"fr-CA"},{"@type":"Organization","@id":"https:\/\/ksproducts.ca\/#organization","name":"Produits Ks","url":"https:\/\/ksproducts.ca\/","logo":{"@type":"ImageObject","inLanguage":"fr-CA","@id":"https:\/\/ksproducts.ca\/#\/schema\/logo\/image\/","url":"https:\/\/ksproducts.ca\/wp-content\/uploads\/2023\/09\/Kennedy-Sales-Logo-header-1.png","contentUrl":"https:\/\/ksproducts.ca\/wp-content\/uploads\/2023\/09\/Kennedy-Sales-Logo-header-1.png","width":150,"height":77,"caption":"Ks Products"},"image":{"@id":"https:\/\/ksproducts.ca\/#\/schema\/logo\/image\/"}}]}},"_links":{"self":[{"href":"https:\/\/ksproducts.ca\/fr\/wp-json\/wp\/v2\/product\/11457","targetHints":{"allow":["GET"]}}],"collection":[{"href":"https:\/\/ksproducts.ca\/fr\/wp-json\/wp\/v2\/product"}],"about":[{"href":"https:\/\/ksproducts.ca\/fr\/wp-json\/wp\/v2\/types\/product"}],"replies":[{"embeddable":true,"href":"https:\/\/ksproducts.ca\/fr\/wp-json\/wp\/v2\/comments?post=11457"}],"version-history":[{"count":2,"href":"https:\/\/ksproducts.ca\/fr\/wp-json\/wp\/v2\/product\/11457\/revisions"}],"predecessor-version":[{"id":11461,"href":"https:\/\/ksproducts.ca\/fr\/wp-json\/wp\/v2\/product\/11457\/revisions\/11461"}],"wp:featuredmedia":[{"embeddable":true,"href":"https:\/\/ksproducts.ca\/fr\/wp-json\/wp\/v2\/media\/11459"}],"wp:attachment":[{"href":"https:\/\/ksproducts.ca\/fr\/wp-json\/wp\/v2\/media?parent=11457"}],"wp:term":[{"taxonomy":"product_cat","embeddable":true,"href":"https:\/\/ksproducts.ca\/fr\/wp-json\/wp\/v2\/product_cat?post=11457"},{"taxonomy":"product_tag","embeddable":true,"href":"https:\/\/ksproducts.ca\/fr\/wp-json\/wp\/v2\/product_tag?post=11457"}],"curies":[{"name":"wp","href":"https:\/\/api.w.org\/{rel}","templated":true}]}}