{"id":11462,"date":"2026-03-04T16:59:03","date_gmt":"2026-03-04T16:59:03","guid":{"rendered":"https:\/\/ksproducts.ca\/?post_type=product&#038;p=11462"},"modified":"2026-03-04T16:59:03","modified_gmt":"2026-03-04T16:59:03","slug":"blackstone-20inch-camping-series-griddle-with-carrying-bag-spatulas-and-collapsable-basting-dome","status":"publish","type":"product","link":"https:\/\/ksproducts.ca\/fr\/product\/blackstone-20inch-camping-series-griddle-with-carrying-bag-spatulas-and-collapsable-basting-dome\/","title":{"rendered":"Blackstone 20inch Camping Series Griddle with Carrying Bag, Spatulas, and Collapsable Basting Dome (gril de 20 pouces pour le camping avec sac de transport, spatules et d\u00f4me rabattable)"},"content":{"rendered":"<ul class=\"title-block_features__oR3xh\" data-testid=\"product-features\">\n<li>Apportez des repas de qualit\u00e9 restaurant avec vous dans toutes vos aventures gr\u00e2ce \u00e0 l'ensemble de grillades de camping 20\u201d. Le support r\u00e9glable inclus permet de tenir votre plancha rapidement et solidement, et le sac de transport extensible, les spatules et le d\u00f4me d'arrosage pliable sont des accessoires parfaits pour la cuisine en d\u00e9placement !<\/li>\n<li>Capot peint de style classique int\u00e9gr\u00e9<\/li>\n<li>L'ensemble comprend un gril de camping de 20 po x 14 po (Qt\u00e9 1), un support de gril r\u00e9glable (Qt\u00e9 1), un sac de transport extensible (Qt\u00e9 1), des spatules (Qt\u00e9 2) et un d\u00f4me d'arrosage pliable (Qt\u00e9 1).<\/li>\n<li>Plaque de cuisson de 20\u201d x 14\u201d avec rev\u00eatement c\u00e9ramique en titane : Permet un nettoyage facile et pratique.<\/li>\n<li>Couvercle int\u00e9gr\u00e9 avec loquets : Prot\u00e8ge la surface de la plaque et se verrouille pour un rangement s\u00fbr.<\/li>\n<li>Deux zones de chaleur contr\u00f4l\u00e9es ind\u00e9pendamment l'une de l'autre : Cuire simultan\u00e9ment plusieurs plats \u00e0 des temp\u00e9ratures diff\u00e9rentes.<\/li>\n<li>Pieds de nivellement pour table : La plancha peut \u00eatre facilement convertie de la configuration sur pied \u00e0 la configuration de table et ajust\u00e9e pour la cuisson sur des surfaces in\u00e9gales.<\/li>\n<li>Rangement de la graisse \u00e0 l'arri\u00e8re : Poussez la graisse et les d\u00e9bris alimentaires vers l'arri\u00e8re de la plaque pour faciliter le nettoyage et rangez le gobelet lorsque vous avez termin\u00e9 et que vous \u00eates pr\u00eat \u00e0 partir en voyage.<\/li>\n<li>La plaque de gril n'est pas compatible avec les ustensiles en m\u00e9tal ou les tampons \u00e0 r\u00e9curer orange de Blackstone.<\/li>\n<\/ul>","protected":false},"excerpt":{"rendered":"<p>Gril Blackstone 20\u201d x 14\u201d - Support de gril r\u00e9glable - Sac de transport extensible - 2 spatules - D\u00f4me \u00e0 badigeonner pliable<\/p>","protected":false},"featured_media":11463,"comment_status":"open","ping_status":"closed","template":"","meta":[],"product_cat":[403,428],"product_tag":[],"class_list":{"0":"post-11462","1":"product","2":"type-product","3":"status-publish","4":"has-post-thumbnail","6":"product_cat-22-inch-griddle","7":"product_cat-outdoor-cooking","8":"product_shipping_class-class-4","10":"first","11":"instock","12":"taxable","13":"shipping-taxable","14":"purchasable","15":"product-type-simple"},"yoast_head":"<!-- This site is optimized with the Yoast SEO plugin v27.3 - https:\/\/yoast.com\/product\/yoast-seo-wordpress\/ -->\n<title>Blackstone 20inch Camping Series Griddle with Carrying Bag, Spatulas, and Collapsable Basting Dome - Ks Products<\/title>\n<meta name=\"robots\" content=\"index, follow, max-snippet:-1, max-image-preview:large, max-video-preview:-1\" \/>\n<link rel=\"canonical\" href=\"https:\/\/ksproducts.ca\/fr\/product\/blackstone-20inch-camping-series-griddle-with-carrying-bag-spatulas-and-collapsable-basting-dome\/\" \/>\n<meta property=\"og:locale\" content=\"fr_CA\" \/>\n<meta property=\"og:type\" content=\"article\" \/>\n<meta property=\"og:title\" content=\"Blackstone 20inch Camping Series Griddle with Carrying Bag, Spatulas, and Collapsable Basting Dome - Ks Products\" \/>\n<meta property=\"og:description\" content=\"20\u201d x 14\u201d Blackstone Griddle \u2013 Adjustable Griddle Stand \u2013 Expandable Carry Bag \u2013 2 Spatulas \u2013\u00a0Collapsible Basting Dome\" \/>\n<meta property=\"og:url\" content=\"https:\/\/ksproducts.ca\/fr\/product\/blackstone-20inch-camping-series-griddle-with-carrying-bag-spatulas-and-collapsable-basting-dome\/\" \/>\n<meta property=\"og:site_name\" content=\"Ks Products\" \/>\n<meta property=\"og:image\" content=\"https:\/\/ksproducts.ca\/wp-content\/uploads\/2026\/03\/2350CA.png\" \/>\n\t<meta property=\"og:image:width\" content=\"484\" \/>\n\t<meta property=\"og:image:height\" content=\"464\" \/>\n\t<meta property=\"og:image:type\" content=\"image\/png\" \/>\n<meta name=\"twitter:card\" content=\"summary_large_image\" \/>\n<meta name=\"twitter:label1\" content=\"Estimation du temps de lecture\" \/>\n\t<meta name=\"twitter:data1\" content=\"1 minute\" \/>\n<script type=\"application\/ld+json\" class=\"yoast-schema-graph\">{\"@context\":\"https:\\\/\\\/schema.org\",\"@graph\":[{\"@type\":\"WebPage\",\"@id\":\"https:\\\/\\\/ksproducts.ca\\\/product\\\/blackstone-20inch-camping-series-griddle-with-carrying-bag-spatulas-and-collapsable-basting-dome\\\/\",\"url\":\"https:\\\/\\\/ksproducts.ca\\\/product\\\/blackstone-20inch-camping-series-griddle-with-carrying-bag-spatulas-and-collapsable-basting-dome\\\/\",\"name\":\"Blackstone 20inch Camping Series Griddle with Carrying Bag, Spatulas, and Collapsable Basting Dome - Ks Products\",\"isPartOf\":{\"@id\":\"https:\\\/\\\/ksproducts.ca\\\/#website\"},\"primaryImageOfPage\":{\"@id\":\"https:\\\/\\\/ksproducts.ca\\\/product\\\/blackstone-20inch-camping-series-griddle-with-carrying-bag-spatulas-and-collapsable-basting-dome\\\/#primaryimage\"},\"image\":{\"@id\":\"https:\\\/\\\/ksproducts.ca\\\/product\\\/blackstone-20inch-camping-series-griddle-with-carrying-bag-spatulas-and-collapsable-basting-dome\\\/#primaryimage\"},\"thumbnailUrl\":\"https:\\\/\\\/ksproducts.ca\\\/wp-content\\\/uploads\\\/2026\\\/03\\\/2350CA.png\",\"datePublished\":\"2026-03-04T16:59:03+00:00\",\"breadcrumb\":{\"@id\":\"https:\\\/\\\/ksproducts.ca\\\/product\\\/blackstone-20inch-camping-series-griddle-with-carrying-bag-spatulas-and-collapsable-basting-dome\\\/#breadcrumb\"},\"inLanguage\":\"fr-CA\",\"potentialAction\":[{\"@type\":\"ReadAction\",\"target\":[\"https:\\\/\\\/ksproducts.ca\\\/product\\\/blackstone-20inch-camping-series-griddle-with-carrying-bag-spatulas-and-collapsable-basting-dome\\\/\"]}]},{\"@type\":\"ImageObject\",\"inLanguage\":\"fr-CA\",\"@id\":\"https:\\\/\\\/ksproducts.ca\\\/product\\\/blackstone-20inch-camping-series-griddle-with-carrying-bag-spatulas-and-collapsable-basting-dome\\\/#primaryimage\",\"url\":\"https:\\\/\\\/ksproducts.ca\\\/wp-content\\\/uploads\\\/2026\\\/03\\\/2350CA.png\",\"contentUrl\":\"https:\\\/\\\/ksproducts.ca\\\/wp-content\\\/uploads\\\/2026\\\/03\\\/2350CA.png\",\"width\":484,\"height\":464,\"caption\":\"Blackstone On-the-Go Series 22inch Griddle with Flexfold Legs\"},{\"@type\":\"BreadcrumbList\",\"@id\":\"https:\\\/\\\/ksproducts.ca\\\/product\\\/blackstone-20inch-camping-series-griddle-with-carrying-bag-spatulas-and-collapsable-basting-dome\\\/#breadcrumb\",\"itemListElement\":[{\"@type\":\"ListItem\",\"position\":1,\"name\":\"Home\",\"item\":\"https:\\\/\\\/ksproducts.ca\\\/\"},{\"@type\":\"ListItem\",\"position\":2,\"name\":\"Shop\",\"item\":\"https:\\\/\\\/ksproducts.ca\\\/shop\\\/\"},{\"@type\":\"ListItem\",\"position\":3,\"name\":\"Blackstone 20inch Camping Series Griddle with Carrying Bag, Spatulas, and Collapsable Basting Dome\"}]},{\"@type\":\"WebSite\",\"@id\":\"https:\\\/\\\/ksproducts.ca\\\/#website\",\"url\":\"https:\\\/\\\/ksproducts.ca\\\/\",\"name\":\"Ks Products\",\"description\":\"Outdoor cooking and living, made easy in Canada\",\"publisher\":{\"@id\":\"https:\\\/\\\/ksproducts.ca\\\/#organization\"},\"potentialAction\":[{\"@type\":\"SearchAction\",\"target\":{\"@type\":\"EntryPoint\",\"urlTemplate\":\"https:\\\/\\\/ksproducts.ca\\\/?s={search_term_string}\"},\"query-input\":{\"@type\":\"PropertyValueSpecification\",\"valueRequired\":true,\"valueName\":\"search_term_string\"}}],\"inLanguage\":\"fr-CA\"},{\"@type\":\"Organization\",\"@id\":\"https:\\\/\\\/ksproducts.ca\\\/#organization\",\"name\":\"Ks Products\",\"url\":\"https:\\\/\\\/ksproducts.ca\\\/\",\"logo\":{\"@type\":\"ImageObject\",\"inLanguage\":\"fr-CA\",\"@id\":\"https:\\\/\\\/ksproducts.ca\\\/#\\\/schema\\\/logo\\\/image\\\/\",\"url\":\"https:\\\/\\\/ksproducts.ca\\\/wp-content\\\/uploads\\\/2023\\\/09\\\/Kennedy-Sales-Logo-header-1.png\",\"contentUrl\":\"https:\\\/\\\/ksproducts.ca\\\/wp-content\\\/uploads\\\/2023\\\/09\\\/Kennedy-Sales-Logo-header-1.png\",\"width\":150,\"height\":77,\"caption\":\"Ks Products\"},\"image\":{\"@id\":\"https:\\\/\\\/ksproducts.ca\\\/#\\\/schema\\\/logo\\\/image\\\/\"}}]}<\/script>\n<!-- \/ Yoast SEO plugin. -->","yoast_head_json":{"title":"Blackstone 20inch Camping Series Griddle with Carrying Bag, Spatulas, and Collapsable Basting Dome (gril de 20 pouces pour le camping avec sac de transport, spatules et d\u00f4me rabattable) - Ks Products","robots":{"index":"index","follow":"follow","max-snippet":"max-snippet:-1","max-image-preview":"max-image-preview:large","max-video-preview":"max-video-preview:-1"},"canonical":"https:\/\/ksproducts.ca\/fr\/product\/blackstone-20inch-camping-series-griddle-with-carrying-bag-spatulas-and-collapsable-basting-dome\/","og_locale":"fr_CA","og_type":"article","og_title":"Blackstone 20inch Camping Series Griddle with Carrying Bag, Spatulas, and Collapsable Basting Dome - Ks Products","og_description":"20\u201d x 14\u201d Blackstone Griddle \u2013 Adjustable Griddle Stand \u2013 Expandable Carry Bag \u2013 2 Spatulas \u2013\u00a0Collapsible Basting Dome","og_url":"https:\/\/ksproducts.ca\/fr\/product\/blackstone-20inch-camping-series-griddle-with-carrying-bag-spatulas-and-collapsable-basting-dome\/","og_site_name":"Ks Products","og_image":[{"width":484,"height":464,"url":"https:\/\/ksproducts.ca\/wp-content\/uploads\/2026\/03\/2350CA.png","type":"image\/png"}],"twitter_card":"summary_large_image","twitter_misc":{"Estimation du temps de lecture":"1 minute"},"schema":{"@context":"https:\/\/schema.org","@graph":[{"@type":"WebPage","@id":"https:\/\/ksproducts.ca\/product\/blackstone-20inch-camping-series-griddle-with-carrying-bag-spatulas-and-collapsable-basting-dome\/","url":"https:\/\/ksproducts.ca\/product\/blackstone-20inch-camping-series-griddle-with-carrying-bag-spatulas-and-collapsable-basting-dome\/","name":"Blackstone 20inch Camping Series Griddle with Carrying Bag, Spatulas, and Collapsable Basting Dome (gril de 20 pouces pour le camping avec sac de transport, spatules et d\u00f4me rabattable) - Ks Products","isPartOf":{"@id":"https:\/\/ksproducts.ca\/#website"},"primaryImageOfPage":{"@id":"https:\/\/ksproducts.ca\/product\/blackstone-20inch-camping-series-griddle-with-carrying-bag-spatulas-and-collapsable-basting-dome\/#primaryimage"},"image":{"@id":"https:\/\/ksproducts.ca\/product\/blackstone-20inch-camping-series-griddle-with-carrying-bag-spatulas-and-collapsable-basting-dome\/#primaryimage"},"thumbnailUrl":"https:\/\/ksproducts.ca\/wp-content\/uploads\/2026\/03\/2350CA.png","datePublished":"2026-03-04T16:59:03+00:00","breadcrumb":{"@id":"https:\/\/ksproducts.ca\/product\/blackstone-20inch-camping-series-griddle-with-carrying-bag-spatulas-and-collapsable-basting-dome\/#breadcrumb"},"inLanguage":"fr-CA","potentialAction":[{"@type":"ReadAction","target":["https:\/\/ksproducts.ca\/product\/blackstone-20inch-camping-series-griddle-with-carrying-bag-spatulas-and-collapsable-basting-dome\/"]}]},{"@type":"ImageObject","inLanguage":"fr-CA","@id":"https:\/\/ksproducts.ca\/product\/blackstone-20inch-camping-series-griddle-with-carrying-bag-spatulas-and-collapsable-basting-dome\/#primaryimage","url":"https:\/\/ksproducts.ca\/wp-content\/uploads\/2026\/03\/2350CA.png","contentUrl":"https:\/\/ksproducts.ca\/wp-content\/uploads\/2026\/03\/2350CA.png","width":484,"height":464,"caption":"Blackstone On-the-Go Series 22inch Griddle with Flexfold Legs"},{"@type":"BreadcrumbList","@id":"https:\/\/ksproducts.ca\/product\/blackstone-20inch-camping-series-griddle-with-carrying-bag-spatulas-and-collapsable-basting-dome\/#breadcrumb","itemListElement":[{"@type":"ListItem","position":1,"name":"Home","item":"https:\/\/ksproducts.ca\/"},{"@type":"ListItem","position":2,"name":"Shop","item":"https:\/\/ksproducts.ca\/shop\/"},{"@type":"ListItem","position":3,"name":"Blackstone 20inch Camping Series Griddle with Carrying Bag, Spatulas, and Collapsable Basting Dome"}]},{"@type":"WebSite","@id":"https:\/\/ksproducts.ca\/#website","url":"https:\/\/ksproducts.ca\/","name":"Produits Ks","description":"Cuisiner et vivre en plein air, c'est facile au Canada","publisher":{"@id":"https:\/\/ksproducts.ca\/#organization"},"potentialAction":[{"@type":"SearchAction","target":{"@type":"EntryPoint","urlTemplate":"https:\/\/ksproducts.ca\/?s={search_term_string}"},"query-input":{"@type":"PropertyValueSpecification","valueRequired":true,"valueName":"search_term_string"}}],"inLanguage":"fr-CA"},{"@type":"Organization","@id":"https:\/\/ksproducts.ca\/#organization","name":"Produits Ks","url":"https:\/\/ksproducts.ca\/","logo":{"@type":"ImageObject","inLanguage":"fr-CA","@id":"https:\/\/ksproducts.ca\/#\/schema\/logo\/image\/","url":"https:\/\/ksproducts.ca\/wp-content\/uploads\/2023\/09\/Kennedy-Sales-Logo-header-1.png","contentUrl":"https:\/\/ksproducts.ca\/wp-content\/uploads\/2023\/09\/Kennedy-Sales-Logo-header-1.png","width":150,"height":77,"caption":"Ks Products"},"image":{"@id":"https:\/\/ksproducts.ca\/#\/schema\/logo\/image\/"}}]}},"_links":{"self":[{"href":"https:\/\/ksproducts.ca\/fr\/wp-json\/wp\/v2\/product\/11462","targetHints":{"allow":["GET"]}}],"collection":[{"href":"https:\/\/ksproducts.ca\/fr\/wp-json\/wp\/v2\/product"}],"about":[{"href":"https:\/\/ksproducts.ca\/fr\/wp-json\/wp\/v2\/types\/product"}],"replies":[{"embeddable":true,"href":"https:\/\/ksproducts.ca\/fr\/wp-json\/wp\/v2\/comments?post=11462"}],"version-history":[{"count":1,"href":"https:\/\/ksproducts.ca\/fr\/wp-json\/wp\/v2\/product\/11462\/revisions"}],"predecessor-version":[{"id":11464,"href":"https:\/\/ksproducts.ca\/fr\/wp-json\/wp\/v2\/product\/11462\/revisions\/11464"}],"wp:featuredmedia":[{"embeddable":true,"href":"https:\/\/ksproducts.ca\/fr\/wp-json\/wp\/v2\/media\/11463"}],"wp:attachment":[{"href":"https:\/\/ksproducts.ca\/fr\/wp-json\/wp\/v2\/media?parent=11462"}],"wp:term":[{"taxonomy":"product_cat","embeddable":true,"href":"https:\/\/ksproducts.ca\/fr\/wp-json\/wp\/v2\/product_cat?post=11462"},{"taxonomy":"product_tag","embeddable":true,"href":"https:\/\/ksproducts.ca\/fr\/wp-json\/wp\/v2\/product_tag?post=11462"}],"curies":[{"name":"wp","href":"https:\/\/api.w.org\/{rel}","templated":true}]}}