{"id":11465,"date":"2026-03-04T17:09:07","date_gmt":"2026-03-04T17:09:07","guid":{"rendered":"https:\/\/ksproducts.ca\/?post_type=product&#038;p=11465"},"modified":"2026-03-04T17:09:07","modified_gmt":"2026-03-04T17:09:07","slug":"powerbuilt-4500-lumen-led-overhead-shoplight","status":"publish","type":"product","link":"https:\/\/ksproducts.ca\/fr\/product\/powerbuilt-4500-lumen-led-overhead-shoplight\/","title":{"rendered":"Powerbuilt 4500 Lumen LED Overhead Shoplight"},"content":{"rendered":"<ul>\n<li>lights turn on instantly, with no annoying flicker or noise.<\/li>\n<li>fast and easy to plug and play install up to 10 lights together. The compact lightweight easy-to-handle design makes overhead installation a snap!<\/li>\n<li>Exclusive lighted end panels eliminate shadows at light ends for better vision and more consistent lighting<\/li>\n<\/ul>","protected":false},"excerpt":{"rendered":"<p>Illuminez votre garage, votre atelier ou votre caverne d'homme avec le plafonnier Powerbuilt, lumineux, \u00e9l\u00e9gant et efficace. Son installation est si facile que vous pourrez \u00e9clairer votre espace de travail en un rien de temps. Cette lampe attrayante et discr\u00e8te est \u00e9galement efficace. Il ne consomme que 65 watts pour g\u00e9n\u00e9rer 4500 lumens de lumi\u00e8re vive et naturelle \u00e0 5000 kelvins. C'est l'\u00e9quivalent de dix ampoules de 45 watts ! Vous \u00e9conomiserez de l'argent sur votre facture d'\u00e9lectricit\u00e9 et votre vue aussi ! Cette lampe de magasin utilitaire offre quelque chose en plus - des embouts \u00e9clair\u00e9s qui \u00e9liminent les ombres que vous auriez avec des lumi\u00e8res de plafond typiques. Pour une installation sans souci, tout le mat\u00e9riel de montage n\u00e9cessaire est inclus. Vous pouvez les suspendre ou les fixer directement au plafond.Vous avez une plus grande surface \u00e0 \u00e9clairer ? Connectez jusqu'\u00e0 10 de ces lampes en les branchant l'une sur l'autre. Aucun c\u00e2blage suppl\u00e9mentaire n'est n\u00e9cessaire ! Il suffit ensuite de tirer sur la cha\u00eene pour b\u00e9n\u00e9ficier d'un \u00e9clairage instantan\u00e9 et sans scintillement.<\/p>","protected":false},"featured_media":11466,"comment_status":"open","ping_status":"closed","template":"","meta":[],"product_cat":[391,451],"product_tag":[],"class_list":{"0":"post-11465","1":"product","2":"type-product","3":"status-publish","4":"has-post-thumbnail","6":"product_cat-home-office-furnishings","7":"product_cat-tools-equipment","8":"product_shipping_class-class-1","10":"first","11":"instock","12":"taxable","13":"shipping-taxable","14":"purchasable","15":"product-type-simple"},"yoast_head":"<!-- This site is optimized with the Yoast SEO plugin v27.3 - https:\/\/yoast.com\/product\/yoast-seo-wordpress\/ -->\n<title>Powerbuilt 4500 Lumen LED Overhead Shoplight - Ks Products<\/title>\n<meta name=\"robots\" content=\"index, follow, max-snippet:-1, max-image-preview:large, max-video-preview:-1\" \/>\n<link rel=\"canonical\" href=\"https:\/\/ksproducts.ca\/fr\/product\/powerbuilt-4500-lumen-led-overhead-shoplight\/\" \/>\n<meta property=\"og:locale\" content=\"fr_CA\" \/>\n<meta property=\"og:type\" content=\"article\" \/>\n<meta property=\"og:title\" content=\"Powerbuilt 4500 Lumen LED Overhead Shoplight - Ks Products\" \/>\n<meta property=\"og:description\" content=\"Light up your garage, shop or man cave with the bright, sleek and efficient Powerbuilt overhead task light. Its so easy to install, youll be lighting up your task space in no time at all. This attractive, low profile light is efficient too. It uses just 65 watts to generate 4500lumens of bright, natural light at 5000 Kelvin. Thats the equivalent light output of ten 45 watt bulbs! Youll save money on your electric bill and your eyesight too!This utility shop light offers something extra too - lighted endcaps that eliminate the shadows youd havewith typical overhead lights. For hassle-free installation, all the mounting hardware you need is included. You can hang them or mount them directly to your ceiling.Have a bigger area to light? Connect up to 10 of these lights by plugging one into the other. No additional wiring is required! Then just pull the chain and enjoy instant-on, flicker-free lighting.\" \/>\n<meta property=\"og:url\" content=\"https:\/\/ksproducts.ca\/fr\/product\/powerbuilt-4500-lumen-led-overhead-shoplight\/\" \/>\n<meta property=\"og:site_name\" content=\"Ks Products\" \/>\n<meta property=\"og:image\" content=\"https:\/\/ksproducts.ca\/wp-content\/uploads\/2026\/03\/Powerbuilt-4500-Lumen-LED-Overhead-Shoplight.png\" \/>\n\t<meta property=\"og:image:width\" content=\"440\" \/>\n\t<meta property=\"og:image:height\" content=\"440\" \/>\n\t<meta property=\"og:image:type\" content=\"image\/png\" \/>\n<meta name=\"twitter:card\" content=\"summary_large_image\" \/>\n<meta name=\"twitter:label1\" content=\"Estimation du temps de lecture\" \/>\n\t<meta name=\"twitter:data1\" content=\"1 minute\" \/>\n<script type=\"application\/ld+json\" class=\"yoast-schema-graph\">{\"@context\":\"https:\\\/\\\/schema.org\",\"@graph\":[{\"@type\":\"WebPage\",\"@id\":\"https:\\\/\\\/ksproducts.ca\\\/product\\\/powerbuilt-4500-lumen-led-overhead-shoplight\\\/\",\"url\":\"https:\\\/\\\/ksproducts.ca\\\/product\\\/powerbuilt-4500-lumen-led-overhead-shoplight\\\/\",\"name\":\"Powerbuilt 4500 Lumen LED Overhead Shoplight - Ks Products\",\"isPartOf\":{\"@id\":\"https:\\\/\\\/ksproducts.ca\\\/#website\"},\"primaryImageOfPage\":{\"@id\":\"https:\\\/\\\/ksproducts.ca\\\/product\\\/powerbuilt-4500-lumen-led-overhead-shoplight\\\/#primaryimage\"},\"image\":{\"@id\":\"https:\\\/\\\/ksproducts.ca\\\/product\\\/powerbuilt-4500-lumen-led-overhead-shoplight\\\/#primaryimage\"},\"thumbnailUrl\":\"https:\\\/\\\/ksproducts.ca\\\/wp-content\\\/uploads\\\/2026\\\/03\\\/Powerbuilt-4500-Lumen-LED-Overhead-Shoplight.png\",\"datePublished\":\"2026-03-04T17:09:07+00:00\",\"breadcrumb\":{\"@id\":\"https:\\\/\\\/ksproducts.ca\\\/product\\\/powerbuilt-4500-lumen-led-overhead-shoplight\\\/#breadcrumb\"},\"inLanguage\":\"fr-CA\",\"potentialAction\":[{\"@type\":\"ReadAction\",\"target\":[\"https:\\\/\\\/ksproducts.ca\\\/product\\\/powerbuilt-4500-lumen-led-overhead-shoplight\\\/\"]}]},{\"@type\":\"ImageObject\",\"inLanguage\":\"fr-CA\",\"@id\":\"https:\\\/\\\/ksproducts.ca\\\/product\\\/powerbuilt-4500-lumen-led-overhead-shoplight\\\/#primaryimage\",\"url\":\"https:\\\/\\\/ksproducts.ca\\\/wp-content\\\/uploads\\\/2026\\\/03\\\/Powerbuilt-4500-Lumen-LED-Overhead-Shoplight.png\",\"contentUrl\":\"https:\\\/\\\/ksproducts.ca\\\/wp-content\\\/uploads\\\/2026\\\/03\\\/Powerbuilt-4500-Lumen-LED-Overhead-Shoplight.png\",\"width\":440,\"height\":440,\"caption\":\"Powerbuilt 4500 Lumen LED Overhead Shoplight\"},{\"@type\":\"BreadcrumbList\",\"@id\":\"https:\\\/\\\/ksproducts.ca\\\/product\\\/powerbuilt-4500-lumen-led-overhead-shoplight\\\/#breadcrumb\",\"itemListElement\":[{\"@type\":\"ListItem\",\"position\":1,\"name\":\"Home\",\"item\":\"https:\\\/\\\/ksproducts.ca\\\/\"},{\"@type\":\"ListItem\",\"position\":2,\"name\":\"Shop\",\"item\":\"https:\\\/\\\/ksproducts.ca\\\/shop\\\/\"},{\"@type\":\"ListItem\",\"position\":3,\"name\":\"Powerbuilt 4500 Lumen LED Overhead Shoplight\"}]},{\"@type\":\"WebSite\",\"@id\":\"https:\\\/\\\/ksproducts.ca\\\/#website\",\"url\":\"https:\\\/\\\/ksproducts.ca\\\/\",\"name\":\"Ks Products\",\"description\":\"Outdoor cooking and living, made easy in Canada\",\"publisher\":{\"@id\":\"https:\\\/\\\/ksproducts.ca\\\/#organization\"},\"potentialAction\":[{\"@type\":\"SearchAction\",\"target\":{\"@type\":\"EntryPoint\",\"urlTemplate\":\"https:\\\/\\\/ksproducts.ca\\\/?s={search_term_string}\"},\"query-input\":{\"@type\":\"PropertyValueSpecification\",\"valueRequired\":true,\"valueName\":\"search_term_string\"}}],\"inLanguage\":\"fr-CA\"},{\"@type\":\"Organization\",\"@id\":\"https:\\\/\\\/ksproducts.ca\\\/#organization\",\"name\":\"Ks Products\",\"url\":\"https:\\\/\\\/ksproducts.ca\\\/\",\"logo\":{\"@type\":\"ImageObject\",\"inLanguage\":\"fr-CA\",\"@id\":\"https:\\\/\\\/ksproducts.ca\\\/#\\\/schema\\\/logo\\\/image\\\/\",\"url\":\"https:\\\/\\\/ksproducts.ca\\\/wp-content\\\/uploads\\\/2023\\\/09\\\/Kennedy-Sales-Logo-header-1.png\",\"contentUrl\":\"https:\\\/\\\/ksproducts.ca\\\/wp-content\\\/uploads\\\/2023\\\/09\\\/Kennedy-Sales-Logo-header-1.png\",\"width\":150,\"height\":77,\"caption\":\"Ks Products\"},\"image\":{\"@id\":\"https:\\\/\\\/ksproducts.ca\\\/#\\\/schema\\\/logo\\\/image\\\/\"}}]}<\/script>\n<!-- \/ Yoast SEO plugin. -->","yoast_head_json":{"title":"Powerbuilt 4500 Lumen LED Overhead Shoplight - Ks Products","robots":{"index":"index","follow":"follow","max-snippet":"max-snippet:-1","max-image-preview":"max-image-preview:large","max-video-preview":"max-video-preview:-1"},"canonical":"https:\/\/ksproducts.ca\/fr\/product\/powerbuilt-4500-lumen-led-overhead-shoplight\/","og_locale":"fr_CA","og_type":"article","og_title":"Powerbuilt 4500 Lumen LED Overhead Shoplight - Ks Products","og_description":"Light up your garage, shop or man cave with the bright, sleek and efficient Powerbuilt overhead task light. Its so easy to install, youll be lighting up your task space in no time at all. This attractive, low profile light is efficient too. It uses just 65 watts to generate 4500lumens of bright, natural light at 5000 Kelvin. Thats the equivalent light output of ten 45 watt bulbs! Youll save money on your electric bill and your eyesight too!This utility shop light offers something extra too - lighted endcaps that eliminate the shadows youd havewith typical overhead lights. For hassle-free installation, all the mounting hardware you need is included. You can hang them or mount them directly to your ceiling.Have a bigger area to light? Connect up to 10 of these lights by plugging one into the other. No additional wiring is required! Then just pull the chain and enjoy instant-on, flicker-free lighting.","og_url":"https:\/\/ksproducts.ca\/fr\/product\/powerbuilt-4500-lumen-led-overhead-shoplight\/","og_site_name":"Ks Products","og_image":[{"width":440,"height":440,"url":"https:\/\/ksproducts.ca\/wp-content\/uploads\/2026\/03\/Powerbuilt-4500-Lumen-LED-Overhead-Shoplight.png","type":"image\/png"}],"twitter_card":"summary_large_image","twitter_misc":{"Estimation du temps de lecture":"1 minute"},"schema":{"@context":"https:\/\/schema.org","@graph":[{"@type":"WebPage","@id":"https:\/\/ksproducts.ca\/product\/powerbuilt-4500-lumen-led-overhead-shoplight\/","url":"https:\/\/ksproducts.ca\/product\/powerbuilt-4500-lumen-led-overhead-shoplight\/","name":"Powerbuilt 4500 Lumen LED Overhead Shoplight - Ks Products","isPartOf":{"@id":"https:\/\/ksproducts.ca\/#website"},"primaryImageOfPage":{"@id":"https:\/\/ksproducts.ca\/product\/powerbuilt-4500-lumen-led-overhead-shoplight\/#primaryimage"},"image":{"@id":"https:\/\/ksproducts.ca\/product\/powerbuilt-4500-lumen-led-overhead-shoplight\/#primaryimage"},"thumbnailUrl":"https:\/\/ksproducts.ca\/wp-content\/uploads\/2026\/03\/Powerbuilt-4500-Lumen-LED-Overhead-Shoplight.png","datePublished":"2026-03-04T17:09:07+00:00","breadcrumb":{"@id":"https:\/\/ksproducts.ca\/product\/powerbuilt-4500-lumen-led-overhead-shoplight\/#breadcrumb"},"inLanguage":"fr-CA","potentialAction":[{"@type":"ReadAction","target":["https:\/\/ksproducts.ca\/product\/powerbuilt-4500-lumen-led-overhead-shoplight\/"]}]},{"@type":"ImageObject","inLanguage":"fr-CA","@id":"https:\/\/ksproducts.ca\/product\/powerbuilt-4500-lumen-led-overhead-shoplight\/#primaryimage","url":"https:\/\/ksproducts.ca\/wp-content\/uploads\/2026\/03\/Powerbuilt-4500-Lumen-LED-Overhead-Shoplight.png","contentUrl":"https:\/\/ksproducts.ca\/wp-content\/uploads\/2026\/03\/Powerbuilt-4500-Lumen-LED-Overhead-Shoplight.png","width":440,"height":440,"caption":"Powerbuilt 4500 Lumen LED Overhead Shoplight"},{"@type":"BreadcrumbList","@id":"https:\/\/ksproducts.ca\/product\/powerbuilt-4500-lumen-led-overhead-shoplight\/#breadcrumb","itemListElement":[{"@type":"ListItem","position":1,"name":"Home","item":"https:\/\/ksproducts.ca\/"},{"@type":"ListItem","position":2,"name":"Shop","item":"https:\/\/ksproducts.ca\/shop\/"},{"@type":"ListItem","position":3,"name":"Powerbuilt 4500 Lumen LED Overhead Shoplight"}]},{"@type":"WebSite","@id":"https:\/\/ksproducts.ca\/#website","url":"https:\/\/ksproducts.ca\/","name":"Produits Ks","description":"Cuisiner et vivre en plein air, c'est facile au Canada","publisher":{"@id":"https:\/\/ksproducts.ca\/#organization"},"potentialAction":[{"@type":"SearchAction","target":{"@type":"EntryPoint","urlTemplate":"https:\/\/ksproducts.ca\/?s={search_term_string}"},"query-input":{"@type":"PropertyValueSpecification","valueRequired":true,"valueName":"search_term_string"}}],"inLanguage":"fr-CA"},{"@type":"Organization","@id":"https:\/\/ksproducts.ca\/#organization","name":"Produits Ks","url":"https:\/\/ksproducts.ca\/","logo":{"@type":"ImageObject","inLanguage":"fr-CA","@id":"https:\/\/ksproducts.ca\/#\/schema\/logo\/image\/","url":"https:\/\/ksproducts.ca\/wp-content\/uploads\/2023\/09\/Kennedy-Sales-Logo-header-1.png","contentUrl":"https:\/\/ksproducts.ca\/wp-content\/uploads\/2023\/09\/Kennedy-Sales-Logo-header-1.png","width":150,"height":77,"caption":"Ks Products"},"image":{"@id":"https:\/\/ksproducts.ca\/#\/schema\/logo\/image\/"}}]}},"_links":{"self":[{"href":"https:\/\/ksproducts.ca\/fr\/wp-json\/wp\/v2\/product\/11465","targetHints":{"allow":["GET"]}}],"collection":[{"href":"https:\/\/ksproducts.ca\/fr\/wp-json\/wp\/v2\/product"}],"about":[{"href":"https:\/\/ksproducts.ca\/fr\/wp-json\/wp\/v2\/types\/product"}],"replies":[{"embeddable":true,"href":"https:\/\/ksproducts.ca\/fr\/wp-json\/wp\/v2\/comments?post=11465"}],"version-history":[{"count":1,"href":"https:\/\/ksproducts.ca\/fr\/wp-json\/wp\/v2\/product\/11465\/revisions"}],"predecessor-version":[{"id":11467,"href":"https:\/\/ksproducts.ca\/fr\/wp-json\/wp\/v2\/product\/11465\/revisions\/11467"}],"wp:featuredmedia":[{"embeddable":true,"href":"https:\/\/ksproducts.ca\/fr\/wp-json\/wp\/v2\/media\/11466"}],"wp:attachment":[{"href":"https:\/\/ksproducts.ca\/fr\/wp-json\/wp\/v2\/media?parent=11465"}],"wp:term":[{"taxonomy":"product_cat","embeddable":true,"href":"https:\/\/ksproducts.ca\/fr\/wp-json\/wp\/v2\/product_cat?post=11465"},{"taxonomy":"product_tag","embeddable":true,"href":"https:\/\/ksproducts.ca\/fr\/wp-json\/wp\/v2\/product_tag?post=11465"}],"curies":[{"name":"wp","href":"https:\/\/api.w.org\/{rel}","templated":true}]}}