{"id":11468,"date":"2026-03-04T17:17:35","date_gmt":"2026-03-04T17:17:35","guid":{"rendered":"https:\/\/ksproducts.ca\/?post_type=product&#038;p=11468"},"modified":"2026-03-16T14:44:29","modified_gmt":"2026-03-16T14:44:29","slug":"blackstone-22inch-pro-series-omnivore-griddle-with-hood-dual-side-shelves-and-propane-storage-cabinet","status":"publish","type":"product","link":"https:\/\/ksproducts.ca\/fr\/product\/blackstone-22inch-pro-series-omnivore-griddle-with-hood-dual-side-shelves-and-propane-storage-cabinet\/","title":{"rendered":"Gril omnivore de 22 pouces de la s\u00e9rie Pro de Blackstone avec hotte, deux tablettes lat\u00e9rales et armoire de rangement pour le propane"},"content":{"rendered":"<p>&nbsp;<\/p>\n<ul class=\"title-block_features__oR3xh\" data-testid=\"product-features\">\n<li>Plaque de gril 22\u201d Omnivore : Des temps de pr\u00e9chauffage et de r\u00e9cup\u00e9ration plus rapides, une r\u00e9partition uniforme de la chaleur, un meilleur rendement \u00e9nerg\u00e9tique avec moins de BTU n\u00e9cessaires pour des temp\u00e9ratures de cuisson optimales, et des pare-vent int\u00e9gr\u00e9s pour garder l'air chaud \u00e0 l'int\u00e9rieur et l'air frais \u00e0 l'ext\u00e9rieur.<\/li>\n<li>Hotte int\u00e9gr\u00e9e : Con\u00e7ue pour prot\u00e9ger la surface de votre plancha et la garder propre entre les utilisations.<\/li>\n<li>Armoire de rangement pour le propane : Rangez votre bouteille de propane et stockez votre mat\u00e9riel de cuisson \u00e0 l'int\u00e9rieur.<\/li>\n<li>Deux \u00e9tag\u00e8res lat\u00e9rales avec crochets pour \u00e9tag\u00e8res lat\u00e9rales : Espace de pr\u00e9paration suppl\u00e9mentaire avec acc\u00e8s facile \u00e0 vos outils de cuisine gr\u00e2ce aux crochets de l'\u00e9tag\u00e8re lat\u00e9rale.<\/li>\n<li>Deux zones de chaleur contr\u00f4l\u00e9es ind\u00e9pendamment l'une de l'autre : Cuisez simultan\u00e9ment vos plats principaux et vos accompagnements \u00e0 des temp\u00e9ratures diff\u00e9rentes.<\/li>\n<li>Gestion des graisses \u00e0 l'arri\u00e8re : Pousse la graisse et les d\u00e9bris alimentaires vers l'arri\u00e8re de la plaque pour faciliter le nettoyage.<\/li>\n<li>Porte-serviettes en papier : Nettoyage facile avec tous les produits de nettoyage \u00e0 port\u00e9e de main.<\/li>\n<li>Deux roues fixes : D\u00e9placez facilement la plaque pour l'adapter \u00e0 vos besoins.<\/li>\n<\/ul>","protected":false},"excerpt":{"rendered":"<p>Am\u00e9liorez votre cuisine en plein air avec le gril 22\u201d de la s\u00e9rie Pro avec armoire. Dot\u00e9e de la technologie de plaque de gril Omnivore pour des temps de pr\u00e9chauffage et de r\u00e9cup\u00e9ration plus rapides et une efficacit\u00e9 optimis\u00e9e du propane, vous cuisinerez comme jamais auparavant. Les deux tablettes lat\u00e9rales et l'armoire de rangement pratique pour le propane offrent un espace de rangement et de pr\u00e9paration suppl\u00e9mentaire. Vous serez ainsi pr\u00eat \u00e0 pr\u00e9parer le petit-d\u00e9jeuner, le d\u00e9jeuner et le d\u00eener pour votre famille et vos amis.<\/p>","protected":false},"featured_media":11469,"comment_status":"open","ping_status":"closed","template":"","meta":[],"product_cat":[403,394,428],"product_tag":[],"class_list":{"0":"post-11468","1":"product","2":"type-product","3":"status-publish","4":"has-post-thumbnail","6":"product_cat-22-inch-griddle","7":"product_cat-griddles-2","8":"product_cat-outdoor-cooking","9":"product_shipping_class-class-4","11":"first","12":"instock","13":"taxable","14":"shipping-taxable","15":"purchasable","16":"product-type-simple"},"yoast_head":"<!-- This site is optimized with the Yoast SEO plugin v27.4 - https:\/\/yoast.com\/product\/yoast-seo-wordpress\/ -->\n<title>Blackstone 22inch Pro Series Omnivore Griddle with Hood, Dual Side Shelves, and Propane Storage Cabinet - Ks Products<\/title>\n<meta name=\"robots\" content=\"index, follow, max-snippet:-1, max-image-preview:large, max-video-preview:-1\" \/>\n<link rel=\"canonical\" href=\"https:\/\/ksproducts.ca\/fr\/product\/blackstone-22inch-pro-series-omnivore-griddle-with-hood-dual-side-shelves-and-propane-storage-cabinet\/\" \/>\n<meta property=\"og:locale\" content=\"fr_CA\" \/>\n<meta property=\"og:type\" content=\"article\" \/>\n<meta property=\"og:title\" content=\"Blackstone 22inch Pro Series Omnivore Griddle with Hood, Dual Side Shelves, and Propane Storage Cabinet - Ks Products\" \/>\n<meta property=\"og:description\" content=\"Elevate your outdoor cooking with the Pro Series 22\u201d Griddle with Cabinet. Featuring Omnivore Griddle Plate Technology for faster preheat and recovery times and optimized propane efficiency, you\u2019ll be cooking like never before. The dual side shelves and convenient propane storage cabinet provide extra storage and prep space, so you\u2019ll be ready to cook breakfast, lunch, and dinner for your family and friends.\" \/>\n<meta property=\"og:url\" content=\"https:\/\/ksproducts.ca\/fr\/product\/blackstone-22inch-pro-series-omnivore-griddle-with-hood-dual-side-shelves-and-propane-storage-cabinet\/\" \/>\n<meta property=\"og:site_name\" content=\"Ks Products\" \/>\n<meta property=\"article:modified_time\" content=\"2026-03-16T14:44:29+00:00\" \/>\n<meta property=\"og:image\" content=\"https:\/\/ksproducts.ca\/wp-content\/uploads\/2026\/03\/2414.webp\" \/>\n\t<meta property=\"og:image:width\" content=\"800\" \/>\n\t<meta property=\"og:image:height\" content=\"800\" \/>\n\t<meta property=\"og:image:type\" content=\"image\/webp\" \/>\n<meta name=\"twitter:card\" content=\"summary_large_image\" \/>\n<meta name=\"twitter:label1\" content=\"Estimation du temps de lecture\" \/>\n\t<meta name=\"twitter:data1\" content=\"1 minute\" \/>\n<script type=\"application\/ld+json\" class=\"yoast-schema-graph\">{\"@context\":\"https:\\\/\\\/schema.org\",\"@graph\":[{\"@type\":\"WebPage\",\"@id\":\"https:\\\/\\\/ksproducts.ca\\\/product\\\/blackstone-22inch-pro-series-omnivore-griddle-with-hood-dual-side-shelves-and-propane-storage-cabinet\\\/\",\"url\":\"https:\\\/\\\/ksproducts.ca\\\/product\\\/blackstone-22inch-pro-series-omnivore-griddle-with-hood-dual-side-shelves-and-propane-storage-cabinet\\\/\",\"name\":\"Blackstone 22inch Pro Series Omnivore Griddle with Hood, Dual Side Shelves, and Propane Storage Cabinet - Ks Products\",\"isPartOf\":{\"@id\":\"https:\\\/\\\/ksproducts.ca\\\/#website\"},\"primaryImageOfPage\":{\"@id\":\"https:\\\/\\\/ksproducts.ca\\\/product\\\/blackstone-22inch-pro-series-omnivore-griddle-with-hood-dual-side-shelves-and-propane-storage-cabinet\\\/#primaryimage\"},\"image\":{\"@id\":\"https:\\\/\\\/ksproducts.ca\\\/product\\\/blackstone-22inch-pro-series-omnivore-griddle-with-hood-dual-side-shelves-and-propane-storage-cabinet\\\/#primaryimage\"},\"thumbnailUrl\":\"https:\\\/\\\/ksproducts.ca\\\/wp-content\\\/uploads\\\/2026\\\/03\\\/2414.webp\",\"datePublished\":\"2026-03-04T17:17:35+00:00\",\"dateModified\":\"2026-03-16T14:44:29+00:00\",\"breadcrumb\":{\"@id\":\"https:\\\/\\\/ksproducts.ca\\\/product\\\/blackstone-22inch-pro-series-omnivore-griddle-with-hood-dual-side-shelves-and-propane-storage-cabinet\\\/#breadcrumb\"},\"inLanguage\":\"fr-CA\",\"potentialAction\":[{\"@type\":\"ReadAction\",\"target\":[\"https:\\\/\\\/ksproducts.ca\\\/product\\\/blackstone-22inch-pro-series-omnivore-griddle-with-hood-dual-side-shelves-and-propane-storage-cabinet\\\/\"]}]},{\"@type\":\"ImageObject\",\"inLanguage\":\"fr-CA\",\"@id\":\"https:\\\/\\\/ksproducts.ca\\\/product\\\/blackstone-22inch-pro-series-omnivore-griddle-with-hood-dual-side-shelves-and-propane-storage-cabinet\\\/#primaryimage\",\"url\":\"https:\\\/\\\/ksproducts.ca\\\/wp-content\\\/uploads\\\/2026\\\/03\\\/2414.webp\",\"contentUrl\":\"https:\\\/\\\/ksproducts.ca\\\/wp-content\\\/uploads\\\/2026\\\/03\\\/2414.webp\",\"width\":800,\"height\":800,\"caption\":\"Blackstone 22inch Pro Series Omnivore Griddle with Hood, Dual Side Shelves, and Propane Storage Cabinet\"},{\"@type\":\"BreadcrumbList\",\"@id\":\"https:\\\/\\\/ksproducts.ca\\\/product\\\/blackstone-22inch-pro-series-omnivore-griddle-with-hood-dual-side-shelves-and-propane-storage-cabinet\\\/#breadcrumb\",\"itemListElement\":[{\"@type\":\"ListItem\",\"position\":1,\"name\":\"Home\",\"item\":\"https:\\\/\\\/ksproducts.ca\\\/\"},{\"@type\":\"ListItem\",\"position\":2,\"name\":\"Shop\",\"item\":\"https:\\\/\\\/ksproducts.ca\\\/shop\\\/\"},{\"@type\":\"ListItem\",\"position\":3,\"name\":\"Blackstone 22inch Pro Series Omnivore Griddle with Hood, Dual Side Shelves, and Propane Storage Cabinet\"}]},{\"@type\":\"WebSite\",\"@id\":\"https:\\\/\\\/ksproducts.ca\\\/#website\",\"url\":\"https:\\\/\\\/ksproducts.ca\\\/\",\"name\":\"Ks Products\",\"description\":\"Outdoor cooking and living, made easy in Canada\",\"publisher\":{\"@id\":\"https:\\\/\\\/ksproducts.ca\\\/#organization\"},\"potentialAction\":[{\"@type\":\"SearchAction\",\"target\":{\"@type\":\"EntryPoint\",\"urlTemplate\":\"https:\\\/\\\/ksproducts.ca\\\/?s={search_term_string}\"},\"query-input\":{\"@type\":\"PropertyValueSpecification\",\"valueRequired\":true,\"valueName\":\"search_term_string\"}}],\"inLanguage\":\"fr-CA\"},{\"@type\":\"Organization\",\"@id\":\"https:\\\/\\\/ksproducts.ca\\\/#organization\",\"name\":\"Ks Products\",\"url\":\"https:\\\/\\\/ksproducts.ca\\\/\",\"logo\":{\"@type\":\"ImageObject\",\"inLanguage\":\"fr-CA\",\"@id\":\"https:\\\/\\\/ksproducts.ca\\\/#\\\/schema\\\/logo\\\/image\\\/\",\"url\":\"https:\\\/\\\/ksproducts.ca\\\/wp-content\\\/uploads\\\/2023\\\/09\\\/Kennedy-Sales-Logo-header-1.png\",\"contentUrl\":\"https:\\\/\\\/ksproducts.ca\\\/wp-content\\\/uploads\\\/2023\\\/09\\\/Kennedy-Sales-Logo-header-1.png\",\"width\":150,\"height\":77,\"caption\":\"Ks Products\"},\"image\":{\"@id\":\"https:\\\/\\\/ksproducts.ca\\\/#\\\/schema\\\/logo\\\/image\\\/\"}}]}<\/script>\n<!-- \/ Yoast SEO plugin. -->","yoast_head_json":{"title":"Gril omnivore de 22 pouces de la s\u00e9rie Pro de Blackstone avec hotte, deux tablettes lat\u00e9rales et armoire de rangement pour le propane - Ks Products","robots":{"index":"index","follow":"follow","max-snippet":"max-snippet:-1","max-image-preview":"max-image-preview:large","max-video-preview":"max-video-preview:-1"},"canonical":"https:\/\/ksproducts.ca\/fr\/product\/blackstone-22inch-pro-series-omnivore-griddle-with-hood-dual-side-shelves-and-propane-storage-cabinet\/","og_locale":"fr_CA","og_type":"article","og_title":"Blackstone 22inch Pro Series Omnivore Griddle with Hood, Dual Side Shelves, and Propane Storage Cabinet - Ks Products","og_description":"Elevate your outdoor cooking with the Pro Series 22\u201d Griddle with Cabinet. Featuring Omnivore Griddle Plate Technology for faster preheat and recovery times and optimized propane efficiency, you\u2019ll be cooking like never before. The dual side shelves and convenient propane storage cabinet provide extra storage and prep space, so you\u2019ll be ready to cook breakfast, lunch, and dinner for your family and friends.","og_url":"https:\/\/ksproducts.ca\/fr\/product\/blackstone-22inch-pro-series-omnivore-griddle-with-hood-dual-side-shelves-and-propane-storage-cabinet\/","og_site_name":"Ks Products","article_modified_time":"2026-03-16T14:44:29+00:00","og_image":[{"width":800,"height":800,"url":"https:\/\/ksproducts.ca\/wp-content\/uploads\/2026\/03\/2414.webp","type":"image\/webp"}],"twitter_card":"summary_large_image","twitter_misc":{"Estimation du temps de lecture":"1 minute"},"schema":{"@context":"https:\/\/schema.org","@graph":[{"@type":"WebPage","@id":"https:\/\/ksproducts.ca\/product\/blackstone-22inch-pro-series-omnivore-griddle-with-hood-dual-side-shelves-and-propane-storage-cabinet\/","url":"https:\/\/ksproducts.ca\/product\/blackstone-22inch-pro-series-omnivore-griddle-with-hood-dual-side-shelves-and-propane-storage-cabinet\/","name":"Gril omnivore de 22 pouces de la s\u00e9rie Pro de Blackstone avec hotte, deux tablettes lat\u00e9rales et armoire de rangement pour le propane - Ks Products","isPartOf":{"@id":"https:\/\/ksproducts.ca\/#website"},"primaryImageOfPage":{"@id":"https:\/\/ksproducts.ca\/product\/blackstone-22inch-pro-series-omnivore-griddle-with-hood-dual-side-shelves-and-propane-storage-cabinet\/#primaryimage"},"image":{"@id":"https:\/\/ksproducts.ca\/product\/blackstone-22inch-pro-series-omnivore-griddle-with-hood-dual-side-shelves-and-propane-storage-cabinet\/#primaryimage"},"thumbnailUrl":"https:\/\/ksproducts.ca\/wp-content\/uploads\/2026\/03\/2414.webp","datePublished":"2026-03-04T17:17:35+00:00","dateModified":"2026-03-16T14:44:29+00:00","breadcrumb":{"@id":"https:\/\/ksproducts.ca\/product\/blackstone-22inch-pro-series-omnivore-griddle-with-hood-dual-side-shelves-and-propane-storage-cabinet\/#breadcrumb"},"inLanguage":"fr-CA","potentialAction":[{"@type":"ReadAction","target":["https:\/\/ksproducts.ca\/product\/blackstone-22inch-pro-series-omnivore-griddle-with-hood-dual-side-shelves-and-propane-storage-cabinet\/"]}]},{"@type":"ImageObject","inLanguage":"fr-CA","@id":"https:\/\/ksproducts.ca\/product\/blackstone-22inch-pro-series-omnivore-griddle-with-hood-dual-side-shelves-and-propane-storage-cabinet\/#primaryimage","url":"https:\/\/ksproducts.ca\/wp-content\/uploads\/2026\/03\/2414.webp","contentUrl":"https:\/\/ksproducts.ca\/wp-content\/uploads\/2026\/03\/2414.webp","width":800,"height":800,"caption":"Blackstone 22inch Pro Series Omnivore Griddle with Hood, Dual Side Shelves, and Propane Storage Cabinet"},{"@type":"BreadcrumbList","@id":"https:\/\/ksproducts.ca\/product\/blackstone-22inch-pro-series-omnivore-griddle-with-hood-dual-side-shelves-and-propane-storage-cabinet\/#breadcrumb","itemListElement":[{"@type":"ListItem","position":1,"name":"Home","item":"https:\/\/ksproducts.ca\/"},{"@type":"ListItem","position":2,"name":"Shop","item":"https:\/\/ksproducts.ca\/shop\/"},{"@type":"ListItem","position":3,"name":"Blackstone 22inch Pro Series Omnivore Griddle with Hood, Dual Side Shelves, and Propane Storage Cabinet"}]},{"@type":"WebSite","@id":"https:\/\/ksproducts.ca\/#website","url":"https:\/\/ksproducts.ca\/","name":"Produits Ks","description":"Cuisiner et vivre en plein air, c'est facile au Canada","publisher":{"@id":"https:\/\/ksproducts.ca\/#organization"},"potentialAction":[{"@type":"SearchAction","target":{"@type":"EntryPoint","urlTemplate":"https:\/\/ksproducts.ca\/?s={search_term_string}"},"query-input":{"@type":"PropertyValueSpecification","valueRequired":true,"valueName":"search_term_string"}}],"inLanguage":"fr-CA"},{"@type":"Organization","@id":"https:\/\/ksproducts.ca\/#organization","name":"Produits Ks","url":"https:\/\/ksproducts.ca\/","logo":{"@type":"ImageObject","inLanguage":"fr-CA","@id":"https:\/\/ksproducts.ca\/#\/schema\/logo\/image\/","url":"https:\/\/ksproducts.ca\/wp-content\/uploads\/2023\/09\/Kennedy-Sales-Logo-header-1.png","contentUrl":"https:\/\/ksproducts.ca\/wp-content\/uploads\/2023\/09\/Kennedy-Sales-Logo-header-1.png","width":150,"height":77,"caption":"Ks Products"},"image":{"@id":"https:\/\/ksproducts.ca\/#\/schema\/logo\/image\/"}}]}},"_links":{"self":[{"href":"https:\/\/ksproducts.ca\/fr\/wp-json\/wp\/v2\/product\/11468","targetHints":{"allow":["GET"]}}],"collection":[{"href":"https:\/\/ksproducts.ca\/fr\/wp-json\/wp\/v2\/product"}],"about":[{"href":"https:\/\/ksproducts.ca\/fr\/wp-json\/wp\/v2\/types\/product"}],"replies":[{"embeddable":true,"href":"https:\/\/ksproducts.ca\/fr\/wp-json\/wp\/v2\/comments?post=11468"}],"version-history":[{"count":1,"href":"https:\/\/ksproducts.ca\/fr\/wp-json\/wp\/v2\/product\/11468\/revisions"}],"predecessor-version":[{"id":11470,"href":"https:\/\/ksproducts.ca\/fr\/wp-json\/wp\/v2\/product\/11468\/revisions\/11470"}],"wp:featuredmedia":[{"embeddable":true,"href":"https:\/\/ksproducts.ca\/fr\/wp-json\/wp\/v2\/media\/11469"}],"wp:attachment":[{"href":"https:\/\/ksproducts.ca\/fr\/wp-json\/wp\/v2\/media?parent=11468"}],"wp:term":[{"taxonomy":"product_cat","embeddable":true,"href":"https:\/\/ksproducts.ca\/fr\/wp-json\/wp\/v2\/product_cat?post=11468"},{"taxonomy":"product_tag","embeddable":true,"href":"https:\/\/ksproducts.ca\/fr\/wp-json\/wp\/v2\/product_tag?post=11468"}],"curies":[{"name":"wp","href":"https:\/\/api.w.org\/{rel}","templated":true}]}}