{"id":11471,"date":"2026-03-04T17:22:44","date_gmt":"2026-03-04T17:22:44","guid":{"rendered":"https:\/\/ksproducts.ca\/?post_type=product&#038;p=11471"},"modified":"2026-03-04T17:22:44","modified_gmt":"2026-03-04T17:22:44","slug":"plaque-chauffante-verticale-pour-fumoir-a-granules-blackstone-serie-bronco-xl-omnivore-de-28-pouces-avec-couvercle-et-armoire-de-rangement","status":"publish","type":"product","link":"https:\/\/ksproducts.ca\/fr\/product\/blackstone-28inch-bronco-series-xl-omnivore-griddle-vertical-pellet-smoker-combo-with-hood-and-storage-cabinet\/","title":{"rendered":"Blackstone 28inch Bronco Series XL Omnivore Griddle Vertical Pellet Smoker Combo with Hood and Storage Cabinet"},"content":{"rendered":"<ul class=\"features-specs-list\">\n<li class=\"acumin\">Plancha Omnivore 28\u2033 XL avec 900 po\u00b2<sub>2<\/sub>\u00a0fumoir \u00e0 pellets vertical<\/li>\n<li class=\"acumin\"><strong>Br\u00fbleurs Omnizone\u2122 :\u00a0<\/strong>Offrez une distribution uniforme de la chaleur avec un meilleur contr\u00f4le de la chaleur de bord \u00e0 bord.<\/li>\n<li class=\"acumin\"><strong>Plaque de cuisson Omnivore XL 28 po :\u00a0<\/strong>Des temps de pr\u00e9chauffage et de r\u00e9cup\u00e9ration plus rapides, une r\u00e9partition uniforme de la chaleur, un meilleur rendement \u00e9nerg\u00e9tique avec moins de BTU n\u00e9cessaires pour des temp\u00e9ratures de cuisson optimales, et des pare-vent int\u00e9gr\u00e9s qui maintiennent l'air chaud \u00e0 l'int\u00e9rieur et l'air frais \u00e0 l'ext\u00e9rieur.<\/li>\n<li class=\"acumin\"><strong>Trois zones de chauffe de plaque ind\u00e9pendantes :<\/strong>\u00a0Cuisinez une vari\u00e9t\u00e9 de plats simultan\u00e9ment \u00e0 diff\u00e9rentes temp\u00e9ratures.<\/li>\n<li class=\"acumin\"><strong>\u00c9tag\u00e8re pliante simple avec syst\u00e8me BAR :\u00a0<\/strong>Offre un espace de pr\u00e9paration suppl\u00e9mentaire sans compromettre le rangement et le syst\u00e8me BAR permet des agencements d'accessoires personnalis\u00e9s.<\/li>\n<li class=\"acumin\"><strong>Tr\u00e9mie \u00e0 granul\u00e9s arri\u00e8re avec fen\u00eatre \u00e0 granul\u00e9s :\u00a0<\/strong>Remplissez et surveillez facilement les pellets pendant votre cuisson.<\/li>\n<li class=\"acumin\"><strong>Trois grilles de cuisson r\u00e9glables :\u00a0<\/strong>Les grilles se r\u00e8glent \u00e0 la position souhait\u00e9e ou peuvent \u00eatre retir\u00e9es compl\u00e8tement et accroch\u00e9es aux supports de cuisson pratiques.<\/li>\n<li class=\"acumin\"><strong>Connectivit\u00e9 sans fil :<\/strong>\u00a0Contr\u00f4lez \u00e0 distance le fumoir \u00e0 granul\u00e9s avec l'application Blackstone Connect pour garantir une cuisson parfaite de vos aliments, o\u00f9 que vous soyez.<\/li>\n<li class=\"acumin\"><strong>Armoire de stockage de propane\u00a0<\/strong>Rangez votre bonbonne de propane et remisez votre mat\u00e9riel de plancha \u00e0 l'int\u00e9rieur.<\/li>\n<li class=\"acumin\"><strong>Porte-sacs poubelles, porte-essuie-tout et d\u00e9capsuleur :\u00a0<\/strong>Accessoires pratiques pour un divertissement facile et un nettoyage rapide.<\/li>\n<li class=\"acumin\"><strong>Allumage \u00e9lectrique par bouton-poussoir de la plaque chauffante :\u00a0<\/strong>Syst\u00e8me d'allumage pratique et fiable fonctionnant avec une seule pile AA (non incluse).<\/li>\n<li class=\"acumin\"><strong>Gestion de la graisse arri\u00e8re de la plancha :\u00a0<\/strong>Poussez la graisse et les d\u00e9bris alimentaires vers l'arri\u00e8re de la plaque pour faciliter le nettoyage.<\/li>\n<\/ul>","protected":false},"excerpt":{"rendered":"<p>Le Bronco 28\u2033 XL Griddle Vertical Pellet Smoker Combo vous permet de cuisiner des steaks, des dindes et tout ce qui se trouve entre les deux.<\/p>","protected":false},"featured_media":11472,"comment_status":"open","ping_status":"closed","template":"","meta":[],"product_cat":[405,394],"product_tag":[],"class_list":{"0":"post-11471","1":"product","2":"type-product","3":"status-publish","4":"has-post-thumbnail","6":"product_cat-28-inch-griddle","7":"product_cat-griddles-2","8":"product_shipping_class-class-4","10":"first","11":"instock","12":"taxable","13":"shipping-taxable","14":"purchasable","15":"product-type-simple"},"yoast_head":"<!-- This site is optimized with the Yoast SEO plugin v27.5 - https:\/\/yoast.com\/product\/yoast-seo-wordpress\/ -->\n<title>Blackstone 28inch Bronco Series XL Omnivore Griddle Vertical Pellet Smoker Combo with Hood and Storage Cabinet - Ks Products<\/title>\n<meta name=\"robots\" content=\"index, follow, max-snippet:-1, max-image-preview:large, max-video-preview:-1\" \/>\n<link rel=\"canonical\" href=\"https:\/\/ksproducts.ca\/fr\/product\/plaque-chauffante-verticale-pour-fumoir-a-granules-blackstone-serie-bronco-xl-omnivore-de-28-pouces-avec-couvercle-et-armoire-de-rangement\/\" \/>\n<meta property=\"og:locale\" content=\"fr_CA\" \/>\n<meta property=\"og:type\" content=\"article\" \/>\n<meta property=\"og:title\" content=\"Blackstone 28inch Bronco Series XL Omnivore Griddle Vertical Pellet Smoker Combo with Hood and Storage Cabinet - Ks Products\" \/>\n<meta property=\"og:description\" content=\"Enjoy cooking steaks, turkeys, and everything in between with the Bronco 28\u2033 XL Griddle Vertical Pellet Smoker Combo!\" \/>\n<meta property=\"og:url\" content=\"https:\/\/ksproducts.ca\/fr\/product\/plaque-chauffante-verticale-pour-fumoir-a-granules-blackstone-serie-bronco-xl-omnivore-de-28-pouces-avec-couvercle-et-armoire-de-rangement\/\" \/>\n<meta property=\"og:site_name\" content=\"Ks Products\" \/>\n<meta property=\"og:image\" content=\"https:\/\/ksproducts.ca\/wp-content\/uploads\/2026\/03\/2415.webp\" \/>\n\t<meta property=\"og:image:width\" content=\"800\" \/>\n\t<meta property=\"og:image:height\" content=\"800\" \/>\n\t<meta property=\"og:image:type\" content=\"image\/webp\" \/>\n<meta name=\"twitter:card\" content=\"summary_large_image\" \/>\n<meta name=\"twitter:label1\" content=\"Estimation du temps de lecture\" \/>\n\t<meta name=\"twitter:data1\" content=\"2 minutes\" \/>\n<script type=\"application\/ld+json\" class=\"yoast-schema-graph\">{\"@context\":\"https:\\\/\\\/schema.org\",\"@graph\":[{\"@type\":\"WebPage\",\"@id\":\"https:\\\/\\\/ksproducts.ca\\\/product\\\/blackstone-28inch-bronco-series-xl-omnivore-griddle-vertical-pellet-smoker-combo-with-hood-and-storage-cabinet\\\/\",\"url\":\"https:\\\/\\\/ksproducts.ca\\\/product\\\/blackstone-28inch-bronco-series-xl-omnivore-griddle-vertical-pellet-smoker-combo-with-hood-and-storage-cabinet\\\/\",\"name\":\"Blackstone 28inch Bronco Series XL Omnivore Griddle Vertical Pellet Smoker Combo with Hood and Storage Cabinet - Ks Products\",\"isPartOf\":{\"@id\":\"https:\\\/\\\/ksproducts.ca\\\/#website\"},\"primaryImageOfPage\":{\"@id\":\"https:\\\/\\\/ksproducts.ca\\\/product\\\/blackstone-28inch-bronco-series-xl-omnivore-griddle-vertical-pellet-smoker-combo-with-hood-and-storage-cabinet\\\/#primaryimage\"},\"image\":{\"@id\":\"https:\\\/\\\/ksproducts.ca\\\/product\\\/blackstone-28inch-bronco-series-xl-omnivore-griddle-vertical-pellet-smoker-combo-with-hood-and-storage-cabinet\\\/#primaryimage\"},\"thumbnailUrl\":\"https:\\\/\\\/ksproducts.ca\\\/wp-content\\\/uploads\\\/2026\\\/03\\\/2415.webp\",\"datePublished\":\"2026-03-04T17:22:44+00:00\",\"breadcrumb\":{\"@id\":\"https:\\\/\\\/ksproducts.ca\\\/product\\\/blackstone-28inch-bronco-series-xl-omnivore-griddle-vertical-pellet-smoker-combo-with-hood-and-storage-cabinet\\\/#breadcrumb\"},\"inLanguage\":\"fr-CA\",\"potentialAction\":[{\"@type\":\"ReadAction\",\"target\":[\"https:\\\/\\\/ksproducts.ca\\\/product\\\/blackstone-28inch-bronco-series-xl-omnivore-griddle-vertical-pellet-smoker-combo-with-hood-and-storage-cabinet\\\/\"]}]},{\"@type\":\"ImageObject\",\"inLanguage\":\"fr-CA\",\"@id\":\"https:\\\/\\\/ksproducts.ca\\\/product\\\/blackstone-28inch-bronco-series-xl-omnivore-griddle-vertical-pellet-smoker-combo-with-hood-and-storage-cabinet\\\/#primaryimage\",\"url\":\"https:\\\/\\\/ksproducts.ca\\\/wp-content\\\/uploads\\\/2026\\\/03\\\/2415.webp\",\"contentUrl\":\"https:\\\/\\\/ksproducts.ca\\\/wp-content\\\/uploads\\\/2026\\\/03\\\/2415.webp\",\"width\":800,\"height\":800,\"caption\":\"Blackstone 28inch Bronco Series XL Omnivore Griddle Vertical Pellet Smoker Combo with Hood and Storage Cabinet\"},{\"@type\":\"BreadcrumbList\",\"@id\":\"https:\\\/\\\/ksproducts.ca\\\/product\\\/blackstone-28inch-bronco-series-xl-omnivore-griddle-vertical-pellet-smoker-combo-with-hood-and-storage-cabinet\\\/#breadcrumb\",\"itemListElement\":[{\"@type\":\"ListItem\",\"position\":1,\"name\":\"Home\",\"item\":\"https:\\\/\\\/ksproducts.ca\\\/\"},{\"@type\":\"ListItem\",\"position\":2,\"name\":\"Shop\",\"item\":\"https:\\\/\\\/ksproducts.ca\\\/shop\\\/\"},{\"@type\":\"ListItem\",\"position\":3,\"name\":\"Blackstone 28inch Bronco Series XL Omnivore Griddle Vertical Pellet Smoker Combo with Hood and Storage Cabinet\"}]},{\"@type\":\"WebSite\",\"@id\":\"https:\\\/\\\/ksproducts.ca\\\/#website\",\"url\":\"https:\\\/\\\/ksproducts.ca\\\/\",\"name\":\"Ks Products\",\"description\":\"Outdoor cooking and living, made easy in Canada\",\"publisher\":{\"@id\":\"https:\\\/\\\/ksproducts.ca\\\/#organization\"},\"potentialAction\":[{\"@type\":\"SearchAction\",\"target\":{\"@type\":\"EntryPoint\",\"urlTemplate\":\"https:\\\/\\\/ksproducts.ca\\\/?s={search_term_string}\"},\"query-input\":{\"@type\":\"PropertyValueSpecification\",\"valueRequired\":true,\"valueName\":\"search_term_string\"}}],\"inLanguage\":\"fr-CA\"},{\"@type\":\"Organization\",\"@id\":\"https:\\\/\\\/ksproducts.ca\\\/#organization\",\"name\":\"Ks Products\",\"url\":\"https:\\\/\\\/ksproducts.ca\\\/\",\"logo\":{\"@type\":\"ImageObject\",\"inLanguage\":\"fr-CA\",\"@id\":\"https:\\\/\\\/ksproducts.ca\\\/#\\\/schema\\\/logo\\\/image\\\/\",\"url\":\"https:\\\/\\\/ksproducts.ca\\\/wp-content\\\/uploads\\\/2023\\\/09\\\/Kennedy-Sales-Logo-header-1.png\",\"contentUrl\":\"https:\\\/\\\/ksproducts.ca\\\/wp-content\\\/uploads\\\/2023\\\/09\\\/Kennedy-Sales-Logo-header-1.png\",\"width\":150,\"height\":77,\"caption\":\"Ks Products\"},\"image\":{\"@id\":\"https:\\\/\\\/ksproducts.ca\\\/#\\\/schema\\\/logo\\\/image\\\/\"}}]}<\/script>\n<!-- \/ Yoast SEO plugin. -->","yoast_head_json":{"title":"Plancha verticale Blackstone s\u00e9rie Bronco XL Omnivore 28 pouces \u00e0 granul\u00e9s avec couvercle et armoire de rangement - Ks Products","robots":{"index":"index","follow":"follow","max-snippet":"max-snippet:-1","max-image-preview":"max-image-preview:large","max-video-preview":"max-video-preview:-1"},"canonical":"https:\/\/ksproducts.ca\/fr\/product\/plaque-chauffante-verticale-pour-fumoir-a-granules-blackstone-serie-bronco-xl-omnivore-de-28-pouces-avec-couvercle-et-armoire-de-rangement\/","og_locale":"fr_CA","og_type":"article","og_title":"Blackstone 28inch Bronco Series XL Omnivore Griddle Vertical Pellet Smoker Combo with Hood and Storage Cabinet - Ks Products","og_description":"Enjoy cooking steaks, turkeys, and everything in between with the Bronco 28\u2033 XL Griddle Vertical Pellet Smoker Combo!","og_url":"https:\/\/ksproducts.ca\/fr\/product\/plaque-chauffante-verticale-pour-fumoir-a-granules-blackstone-serie-bronco-xl-omnivore-de-28-pouces-avec-couvercle-et-armoire-de-rangement\/","og_site_name":"Ks Products","og_image":[{"width":800,"height":800,"url":"https:\/\/ksproducts.ca\/wp-content\/uploads\/2026\/03\/2415.webp","type":"image\/webp"}],"twitter_card":"summary_large_image","twitter_misc":{"Estimation du temps de lecture":"2 minutes"},"schema":{"@context":"https:\/\/schema.org","@graph":[{"@type":"WebPage","@id":"https:\/\/ksproducts.ca\/product\/blackstone-28inch-bronco-series-xl-omnivore-griddle-vertical-pellet-smoker-combo-with-hood-and-storage-cabinet\/","url":"https:\/\/ksproducts.ca\/product\/blackstone-28inch-bronco-series-xl-omnivore-griddle-vertical-pellet-smoker-combo-with-hood-and-storage-cabinet\/","name":"Plancha verticale Blackstone s\u00e9rie Bronco XL Omnivore 28 pouces \u00e0 granul\u00e9s avec couvercle et armoire de rangement - Ks Products","isPartOf":{"@id":"https:\/\/ksproducts.ca\/#website"},"primaryImageOfPage":{"@id":"https:\/\/ksproducts.ca\/product\/blackstone-28inch-bronco-series-xl-omnivore-griddle-vertical-pellet-smoker-combo-with-hood-and-storage-cabinet\/#primaryimage"},"image":{"@id":"https:\/\/ksproducts.ca\/product\/blackstone-28inch-bronco-series-xl-omnivore-griddle-vertical-pellet-smoker-combo-with-hood-and-storage-cabinet\/#primaryimage"},"thumbnailUrl":"https:\/\/ksproducts.ca\/wp-content\/uploads\/2026\/03\/2415.webp","datePublished":"2026-03-04T17:22:44+00:00","breadcrumb":{"@id":"https:\/\/ksproducts.ca\/product\/blackstone-28inch-bronco-series-xl-omnivore-griddle-vertical-pellet-smoker-combo-with-hood-and-storage-cabinet\/#breadcrumb"},"inLanguage":"fr-CA","potentialAction":[{"@type":"ReadAction","target":["https:\/\/ksproducts.ca\/product\/blackstone-28inch-bronco-series-xl-omnivore-griddle-vertical-pellet-smoker-combo-with-hood-and-storage-cabinet\/"]}]},{"@type":"ImageObject","inLanguage":"fr-CA","@id":"https:\/\/ksproducts.ca\/product\/blackstone-28inch-bronco-series-xl-omnivore-griddle-vertical-pellet-smoker-combo-with-hood-and-storage-cabinet\/#primaryimage","url":"https:\/\/ksproducts.ca\/wp-content\/uploads\/2026\/03\/2415.webp","contentUrl":"https:\/\/ksproducts.ca\/wp-content\/uploads\/2026\/03\/2415.webp","width":800,"height":800,"caption":"Blackstone 28inch Bronco Series XL Omnivore Griddle Vertical Pellet Smoker Combo with Hood and Storage Cabinet"},{"@type":"BreadcrumbList","@id":"https:\/\/ksproducts.ca\/product\/blackstone-28inch-bronco-series-xl-omnivore-griddle-vertical-pellet-smoker-combo-with-hood-and-storage-cabinet\/#breadcrumb","itemListElement":[{"@type":"ListItem","position":1,"name":"Home","item":"https:\/\/ksproducts.ca\/"},{"@type":"ListItem","position":2,"name":"Shop","item":"https:\/\/ksproducts.ca\/shop\/"},{"@type":"ListItem","position":3,"name":"Blackstone 28inch Bronco Series XL Omnivore Griddle Vertical Pellet Smoker Combo with Hood and Storage Cabinet"}]},{"@type":"WebSite","@id":"https:\/\/ksproducts.ca\/#website","url":"https:\/\/ksproducts.ca\/","name":"Produits Ks","description":"Cuisiner et vivre en plein air, c'est facile au Canada","publisher":{"@id":"https:\/\/ksproducts.ca\/#organization"},"potentialAction":[{"@type":"SearchAction","target":{"@type":"EntryPoint","urlTemplate":"https:\/\/ksproducts.ca\/?s={search_term_string}"},"query-input":{"@type":"PropertyValueSpecification","valueRequired":true,"valueName":"search_term_string"}}],"inLanguage":"fr-CA"},{"@type":"Organization","@id":"https:\/\/ksproducts.ca\/#organization","name":"Produits Ks","url":"https:\/\/ksproducts.ca\/","logo":{"@type":"ImageObject","inLanguage":"fr-CA","@id":"https:\/\/ksproducts.ca\/#\/schema\/logo\/image\/","url":"https:\/\/ksproducts.ca\/wp-content\/uploads\/2023\/09\/Kennedy-Sales-Logo-header-1.png","contentUrl":"https:\/\/ksproducts.ca\/wp-content\/uploads\/2023\/09\/Kennedy-Sales-Logo-header-1.png","width":150,"height":77,"caption":"Ks Products"},"image":{"@id":"https:\/\/ksproducts.ca\/#\/schema\/logo\/image\/"}}]}},"_links":{"self":[{"href":"https:\/\/ksproducts.ca\/fr\/wp-json\/wp\/v2\/product\/11471","targetHints":{"allow":["GET"]}}],"collection":[{"href":"https:\/\/ksproducts.ca\/fr\/wp-json\/wp\/v2\/product"}],"about":[{"href":"https:\/\/ksproducts.ca\/fr\/wp-json\/wp\/v2\/types\/product"}],"replies":[{"embeddable":true,"href":"https:\/\/ksproducts.ca\/fr\/wp-json\/wp\/v2\/comments?post=11471"}],"version-history":[{"count":1,"href":"https:\/\/ksproducts.ca\/fr\/wp-json\/wp\/v2\/product\/11471\/revisions"}],"predecessor-version":[{"id":11473,"href":"https:\/\/ksproducts.ca\/fr\/wp-json\/wp\/v2\/product\/11471\/revisions\/11473"}],"wp:featuredmedia":[{"embeddable":true,"href":"https:\/\/ksproducts.ca\/fr\/wp-json\/wp\/v2\/media\/11472"}],"wp:attachment":[{"href":"https:\/\/ksproducts.ca\/fr\/wp-json\/wp\/v2\/media?parent=11471"}],"wp:term":[{"taxonomy":"product_cat","embeddable":true,"href":"https:\/\/ksproducts.ca\/fr\/wp-json\/wp\/v2\/product_cat?post=11471"},{"taxonomy":"product_tag","embeddable":true,"href":"https:\/\/ksproducts.ca\/fr\/wp-json\/wp\/v2\/product_tag?post=11471"}],"curies":[{"name":"wp","href":"https:\/\/api.w.org\/{rel}","templated":true}]}}