{"id":11474,"date":"2026-03-04T17:27:36","date_gmt":"2026-03-04T17:27:36","guid":{"rendered":"https:\/\/ksproducts.ca\/?post_type=product&#038;p=11474"},"modified":"2026-03-04T17:27:36","modified_gmt":"2026-03-04T17:27:36","slug":"blackstone-28inch-original-series-omnivore-griddle-with-hard-cover-soft-cover-and-2-spatulas","status":"publish","type":"product","link":"https:\/\/ksproducts.ca\/fr\/product\/blackstone-28inch-original-series-omnivore-griddle-with-hard-cover-soft-cover-and-2-spatulas\/","title":{"rendered":"Blackstone 28inch Original Series Omnivore Griddle with Hard Cover, Soft Cover and 2 Spatulas (gril omnivore de 28 pouces avec couvercle rigide, couvercle souple et 2 spatules)"},"content":{"rendered":"<ul class=\"features-specs-list\">\n<li class=\"acumin\"><strong>Technologie de plaque de gril Omnivore :<\/strong>\u00a0Des temps de pr\u00e9chauffage et de r\u00e9cup\u00e9ration plus rapides, une r\u00e9partition uniforme de la chaleur, un meilleur rendement \u00e9nerg\u00e9tique avec moins de BTU n\u00e9cessaires pour des temp\u00e9ratures de cuisson optimales, et des pare-vent int\u00e9gr\u00e9s qui maintiennent l'air chaud \u00e0 l'int\u00e9rieur et l'air frais \u00e0 l'ext\u00e9rieur.<\/li>\n<li class=\"acumin\"><strong>Couverture rigide :<\/strong>\u00a0La housse robuste prot\u00e8ge votre plaque de cuisson des intemp\u00e9ries. Les crochets situ\u00e9s \u00e0 l'int\u00e9rieur de la housse permettent de la suspendre \u00e0 l'arri\u00e8re de la plaque pendant la cuisson.<\/li>\n<li class=\"acumin\"><strong>Deux zones de chaleur contr\u00f4l\u00e9es ind\u00e9pendamment l'une de l'autre :<\/strong>\u00a0Faites cuire simultan\u00e9ment vos plats principaux et vos accompagnements \u00e0 des temp\u00e9ratures diff\u00e9rentes.<\/li>\n<li class=\"acumin\"><strong>Deux tablettes lat\u00e9rales fixes avec crochets lat\u00e9raux :<\/strong>\u00a0Un espace de pr\u00e9paration suppl\u00e9mentaire avec un acc\u00e8s facile \u00e0 vos outils de cuisine sur les crochets de l'\u00e9tag\u00e8re lat\u00e9rale.<\/li>\n<li class=\"acumin\"><strong>Allumage \u00e9lectrique par bouton-poussoir :<\/strong>\u00a0Syst\u00e8me d'allumage pratique et fiable.<\/li>\n<li class=\"acumin\"><strong>Syst\u00e8me BAR :<\/strong>\u00a0Syst\u00e8me innovant pour des arrangements d'accessoires personnalis\u00e9s.<\/li>\n<li class=\"acumin\"><strong>Syst\u00e8me brevet\u00e9 de gestion de la graisse \u00e0 l'arri\u00e8re :<\/strong>\u00a0Poussez la graisse et les d\u00e9bris alimentaires vers l'arri\u00e8re de la plaque pour faciliter le nettoyage.<\/li>\n<li class=\"acumin\"><strong>Deux roues pivotantes :<\/strong>\u00a0D\u00e9placez facilement la plaque de cuisson pour l'adapter \u00e0 vos besoins.<\/li>\n<\/ul>","protected":false},"excerpt":{"rendered":"<p>Le gril Omnivore de 28 po avec ensemble de couvertures rigides est parfait pour les foules, grandes et petites. La technologie innovante de la plaque de gril Omnivore assure une distribution uniforme de la chaleur et une efficacit\u00e9 optimis\u00e9e du propane. Le syst\u00e8me de gestion des graisses \u00e0 l'arri\u00e8re facilite le nettoyage, ce qui vous permet de passer plus de temps avec votre famille et vos amis. D\u00e9couvrez un nouveau monde de cuisine en plein air avec la plaque de gril Omnivore de 28 pouces avec couvercle rigide. Lorsque vous avez fini de cuisiner, utilisez la housse durable incluse pour prot\u00e9ger votre plancha des intemp\u00e9ries.<\/p>","protected":false},"featured_media":11475,"comment_status":"open","ping_status":"closed","template":"","meta":[],"product_cat":[405,394,428],"product_tag":[],"class_list":{"0":"post-11474","1":"product","2":"type-product","3":"status-publish","4":"has-post-thumbnail","6":"product_cat-28-inch-griddle","7":"product_cat-griddles-2","8":"product_cat-outdoor-cooking","9":"product_shipping_class-class-4","11":"first","12":"outofstock","13":"taxable","14":"shipping-taxable","15":"purchasable","16":"product-type-simple"},"yoast_head":"<!-- This site is optimized with the Yoast SEO plugin v27.3 - https:\/\/yoast.com\/product\/yoast-seo-wordpress\/ -->\n<title>Blackstone 28inch Original Series Omnivore Griddle with Hard Cover, Soft Cover and 2 Spatulas - Ks Products<\/title>\n<meta name=\"robots\" content=\"index, follow, max-snippet:-1, max-image-preview:large, max-video-preview:-1\" \/>\n<link rel=\"canonical\" href=\"https:\/\/ksproducts.ca\/fr\/product\/blackstone-28inch-original-series-omnivore-griddle-with-hard-cover-soft-cover-and-2-spatulas\/\" \/>\n<meta property=\"og:locale\" content=\"fr_CA\" \/>\n<meta property=\"og:type\" content=\"article\" \/>\n<meta property=\"og:title\" content=\"Blackstone 28inch Original Series Omnivore Griddle with Hard Cover, Soft Cover and 2 Spatulas - Ks Products\" \/>\n<meta property=\"og:description\" content=\"The 28\u201d Omnivore Griddle with Hard Cover Bundle is perfect for crowds, big and small. The innovative Omnivore Griddle Plate Technology provides even heat distribution and optimized propane efficiency and the Rear Grease Management System makes for easy cleanup, so you\u2019ll spend more time with family and friends. Discover a new world of outdoor cooking with the 28\u201d Omnivore Griddle with Hard Cover Bundle. When you\u2019re done cooking use the included durable griddle cover to keep your griddle protected from elements.\" \/>\n<meta property=\"og:url\" content=\"https:\/\/ksproducts.ca\/fr\/product\/blackstone-28inch-original-series-omnivore-griddle-with-hard-cover-soft-cover-and-2-spatulas\/\" \/>\n<meta property=\"og:site_name\" content=\"Ks Products\" \/>\n<meta property=\"og:image\" content=\"https:\/\/ksproducts.ca\/wp-content\/uploads\/2026\/03\/Blackstone-28inch-Original-Series-Omnivore-Griddle-with-Hard-Cover-Soft-Cover-and-2-Spatulas.png\" \/>\n\t<meta property=\"og:image:width\" content=\"718\" \/>\n\t<meta property=\"og:image:height\" content=\"723\" \/>\n\t<meta property=\"og:image:type\" content=\"image\/png\" \/>\n<meta name=\"twitter:card\" content=\"summary_large_image\" \/>\n<meta name=\"twitter:label1\" content=\"Estimation du temps de lecture\" \/>\n\t<meta name=\"twitter:data1\" content=\"1 minute\" \/>\n<script type=\"application\/ld+json\" class=\"yoast-schema-graph\">{\"@context\":\"https:\\\/\\\/schema.org\",\"@graph\":[{\"@type\":\"WebPage\",\"@id\":\"https:\\\/\\\/ksproducts.ca\\\/product\\\/blackstone-28inch-original-series-omnivore-griddle-with-hard-cover-soft-cover-and-2-spatulas\\\/\",\"url\":\"https:\\\/\\\/ksproducts.ca\\\/product\\\/blackstone-28inch-original-series-omnivore-griddle-with-hard-cover-soft-cover-and-2-spatulas\\\/\",\"name\":\"Blackstone 28inch Original Series Omnivore Griddle with Hard Cover, Soft Cover and 2 Spatulas - Ks Products\",\"isPartOf\":{\"@id\":\"https:\\\/\\\/ksproducts.ca\\\/#website\"},\"primaryImageOfPage\":{\"@id\":\"https:\\\/\\\/ksproducts.ca\\\/product\\\/blackstone-28inch-original-series-omnivore-griddle-with-hard-cover-soft-cover-and-2-spatulas\\\/#primaryimage\"},\"image\":{\"@id\":\"https:\\\/\\\/ksproducts.ca\\\/product\\\/blackstone-28inch-original-series-omnivore-griddle-with-hard-cover-soft-cover-and-2-spatulas\\\/#primaryimage\"},\"thumbnailUrl\":\"https:\\\/\\\/ksproducts.ca\\\/wp-content\\\/uploads\\\/2026\\\/03\\\/Blackstone-28inch-Original-Series-Omnivore-Griddle-with-Hard-Cover-Soft-Cover-and-2-Spatulas.png\",\"datePublished\":\"2026-03-04T17:27:36+00:00\",\"breadcrumb\":{\"@id\":\"https:\\\/\\\/ksproducts.ca\\\/product\\\/blackstone-28inch-original-series-omnivore-griddle-with-hard-cover-soft-cover-and-2-spatulas\\\/#breadcrumb\"},\"inLanguage\":\"fr-CA\",\"potentialAction\":[{\"@type\":\"ReadAction\",\"target\":[\"https:\\\/\\\/ksproducts.ca\\\/product\\\/blackstone-28inch-original-series-omnivore-griddle-with-hard-cover-soft-cover-and-2-spatulas\\\/\"]}]},{\"@type\":\"ImageObject\",\"inLanguage\":\"fr-CA\",\"@id\":\"https:\\\/\\\/ksproducts.ca\\\/product\\\/blackstone-28inch-original-series-omnivore-griddle-with-hard-cover-soft-cover-and-2-spatulas\\\/#primaryimage\",\"url\":\"https:\\\/\\\/ksproducts.ca\\\/wp-content\\\/uploads\\\/2026\\\/03\\\/Blackstone-28inch-Original-Series-Omnivore-Griddle-with-Hard-Cover-Soft-Cover-and-2-Spatulas.png\",\"contentUrl\":\"https:\\\/\\\/ksproducts.ca\\\/wp-content\\\/uploads\\\/2026\\\/03\\\/Blackstone-28inch-Original-Series-Omnivore-Griddle-with-Hard-Cover-Soft-Cover-and-2-Spatulas.png\",\"width\":718,\"height\":723,\"caption\":\"Blackstone 28inch Original Series Omnivore Griddle with Hard Cover, Soft Cover and 2 Spatulas\"},{\"@type\":\"BreadcrumbList\",\"@id\":\"https:\\\/\\\/ksproducts.ca\\\/product\\\/blackstone-28inch-original-series-omnivore-griddle-with-hard-cover-soft-cover-and-2-spatulas\\\/#breadcrumb\",\"itemListElement\":[{\"@type\":\"ListItem\",\"position\":1,\"name\":\"Home\",\"item\":\"https:\\\/\\\/ksproducts.ca\\\/\"},{\"@type\":\"ListItem\",\"position\":2,\"name\":\"Shop\",\"item\":\"https:\\\/\\\/ksproducts.ca\\\/shop\\\/\"},{\"@type\":\"ListItem\",\"position\":3,\"name\":\"Blackstone 28inch Original Series Omnivore Griddle with Hard Cover, Soft Cover and 2 Spatulas\"}]},{\"@type\":\"WebSite\",\"@id\":\"https:\\\/\\\/ksproducts.ca\\\/#website\",\"url\":\"https:\\\/\\\/ksproducts.ca\\\/\",\"name\":\"Ks Products\",\"description\":\"Outdoor cooking and living, made easy in Canada\",\"publisher\":{\"@id\":\"https:\\\/\\\/ksproducts.ca\\\/#organization\"},\"potentialAction\":[{\"@type\":\"SearchAction\",\"target\":{\"@type\":\"EntryPoint\",\"urlTemplate\":\"https:\\\/\\\/ksproducts.ca\\\/?s={search_term_string}\"},\"query-input\":{\"@type\":\"PropertyValueSpecification\",\"valueRequired\":true,\"valueName\":\"search_term_string\"}}],\"inLanguage\":\"fr-CA\"},{\"@type\":\"Organization\",\"@id\":\"https:\\\/\\\/ksproducts.ca\\\/#organization\",\"name\":\"Ks Products\",\"url\":\"https:\\\/\\\/ksproducts.ca\\\/\",\"logo\":{\"@type\":\"ImageObject\",\"inLanguage\":\"fr-CA\",\"@id\":\"https:\\\/\\\/ksproducts.ca\\\/#\\\/schema\\\/logo\\\/image\\\/\",\"url\":\"https:\\\/\\\/ksproducts.ca\\\/wp-content\\\/uploads\\\/2023\\\/09\\\/Kennedy-Sales-Logo-header-1.png\",\"contentUrl\":\"https:\\\/\\\/ksproducts.ca\\\/wp-content\\\/uploads\\\/2023\\\/09\\\/Kennedy-Sales-Logo-header-1.png\",\"width\":150,\"height\":77,\"caption\":\"Ks Products\"},\"image\":{\"@id\":\"https:\\\/\\\/ksproducts.ca\\\/#\\\/schema\\\/logo\\\/image\\\/\"}}]}<\/script>\n<!-- \/ Yoast SEO plugin. -->","yoast_head_json":{"title":"Blackstone 28inch Original Series Omnivore Griddle avec Hard Cover, Soft Cover et 2 Spatules - Ks Products","robots":{"index":"index","follow":"follow","max-snippet":"max-snippet:-1","max-image-preview":"max-image-preview:large","max-video-preview":"max-video-preview:-1"},"canonical":"https:\/\/ksproducts.ca\/fr\/product\/blackstone-28inch-original-series-omnivore-griddle-with-hard-cover-soft-cover-and-2-spatulas\/","og_locale":"fr_CA","og_type":"article","og_title":"Blackstone 28inch Original Series Omnivore Griddle with Hard Cover, Soft Cover and 2 Spatulas - Ks Products","og_description":"The 28\u201d Omnivore Griddle with Hard Cover Bundle is perfect for crowds, big and small. The innovative Omnivore Griddle Plate Technology provides even heat distribution and optimized propane efficiency and the Rear Grease Management System makes for easy cleanup, so you\u2019ll spend more time with family and friends. Discover a new world of outdoor cooking with the 28\u201d Omnivore Griddle with Hard Cover Bundle. When you\u2019re done cooking use the included durable griddle cover to keep your griddle protected from elements.","og_url":"https:\/\/ksproducts.ca\/fr\/product\/blackstone-28inch-original-series-omnivore-griddle-with-hard-cover-soft-cover-and-2-spatulas\/","og_site_name":"Ks Products","og_image":[{"width":718,"height":723,"url":"https:\/\/ksproducts.ca\/wp-content\/uploads\/2026\/03\/Blackstone-28inch-Original-Series-Omnivore-Griddle-with-Hard-Cover-Soft-Cover-and-2-Spatulas.png","type":"image\/png"}],"twitter_card":"summary_large_image","twitter_misc":{"Estimation du temps de lecture":"1 minute"},"schema":{"@context":"https:\/\/schema.org","@graph":[{"@type":"WebPage","@id":"https:\/\/ksproducts.ca\/product\/blackstone-28inch-original-series-omnivore-griddle-with-hard-cover-soft-cover-and-2-spatulas\/","url":"https:\/\/ksproducts.ca\/product\/blackstone-28inch-original-series-omnivore-griddle-with-hard-cover-soft-cover-and-2-spatulas\/","name":"Blackstone 28inch Original Series Omnivore Griddle avec Hard Cover, Soft Cover et 2 Spatules - Ks Products","isPartOf":{"@id":"https:\/\/ksproducts.ca\/#website"},"primaryImageOfPage":{"@id":"https:\/\/ksproducts.ca\/product\/blackstone-28inch-original-series-omnivore-griddle-with-hard-cover-soft-cover-and-2-spatulas\/#primaryimage"},"image":{"@id":"https:\/\/ksproducts.ca\/product\/blackstone-28inch-original-series-omnivore-griddle-with-hard-cover-soft-cover-and-2-spatulas\/#primaryimage"},"thumbnailUrl":"https:\/\/ksproducts.ca\/wp-content\/uploads\/2026\/03\/Blackstone-28inch-Original-Series-Omnivore-Griddle-with-Hard-Cover-Soft-Cover-and-2-Spatulas.png","datePublished":"2026-03-04T17:27:36+00:00","breadcrumb":{"@id":"https:\/\/ksproducts.ca\/product\/blackstone-28inch-original-series-omnivore-griddle-with-hard-cover-soft-cover-and-2-spatulas\/#breadcrumb"},"inLanguage":"fr-CA","potentialAction":[{"@type":"ReadAction","target":["https:\/\/ksproducts.ca\/product\/blackstone-28inch-original-series-omnivore-griddle-with-hard-cover-soft-cover-and-2-spatulas\/"]}]},{"@type":"ImageObject","inLanguage":"fr-CA","@id":"https:\/\/ksproducts.ca\/product\/blackstone-28inch-original-series-omnivore-griddle-with-hard-cover-soft-cover-and-2-spatulas\/#primaryimage","url":"https:\/\/ksproducts.ca\/wp-content\/uploads\/2026\/03\/Blackstone-28inch-Original-Series-Omnivore-Griddle-with-Hard-Cover-Soft-Cover-and-2-Spatulas.png","contentUrl":"https:\/\/ksproducts.ca\/wp-content\/uploads\/2026\/03\/Blackstone-28inch-Original-Series-Omnivore-Griddle-with-Hard-Cover-Soft-Cover-and-2-Spatulas.png","width":718,"height":723,"caption":"Blackstone 28inch Original Series Omnivore Griddle with Hard Cover, Soft Cover and 2 Spatulas"},{"@type":"BreadcrumbList","@id":"https:\/\/ksproducts.ca\/product\/blackstone-28inch-original-series-omnivore-griddle-with-hard-cover-soft-cover-and-2-spatulas\/#breadcrumb","itemListElement":[{"@type":"ListItem","position":1,"name":"Home","item":"https:\/\/ksproducts.ca\/"},{"@type":"ListItem","position":2,"name":"Shop","item":"https:\/\/ksproducts.ca\/shop\/"},{"@type":"ListItem","position":3,"name":"Blackstone 28inch Original Series Omnivore Griddle with Hard Cover, Soft Cover and 2 Spatulas"}]},{"@type":"WebSite","@id":"https:\/\/ksproducts.ca\/#website","url":"https:\/\/ksproducts.ca\/","name":"Produits Ks","description":"Cuisiner et vivre en plein air, c'est facile au Canada","publisher":{"@id":"https:\/\/ksproducts.ca\/#organization"},"potentialAction":[{"@type":"SearchAction","target":{"@type":"EntryPoint","urlTemplate":"https:\/\/ksproducts.ca\/?s={search_term_string}"},"query-input":{"@type":"PropertyValueSpecification","valueRequired":true,"valueName":"search_term_string"}}],"inLanguage":"fr-CA"},{"@type":"Organization","@id":"https:\/\/ksproducts.ca\/#organization","name":"Produits Ks","url":"https:\/\/ksproducts.ca\/","logo":{"@type":"ImageObject","inLanguage":"fr-CA","@id":"https:\/\/ksproducts.ca\/#\/schema\/logo\/image\/","url":"https:\/\/ksproducts.ca\/wp-content\/uploads\/2023\/09\/Kennedy-Sales-Logo-header-1.png","contentUrl":"https:\/\/ksproducts.ca\/wp-content\/uploads\/2023\/09\/Kennedy-Sales-Logo-header-1.png","width":150,"height":77,"caption":"Ks Products"},"image":{"@id":"https:\/\/ksproducts.ca\/#\/schema\/logo\/image\/"}}]}},"_links":{"self":[{"href":"https:\/\/ksproducts.ca\/fr\/wp-json\/wp\/v2\/product\/11474","targetHints":{"allow":["GET"]}}],"collection":[{"href":"https:\/\/ksproducts.ca\/fr\/wp-json\/wp\/v2\/product"}],"about":[{"href":"https:\/\/ksproducts.ca\/fr\/wp-json\/wp\/v2\/types\/product"}],"replies":[{"embeddable":true,"href":"https:\/\/ksproducts.ca\/fr\/wp-json\/wp\/v2\/comments?post=11474"}],"version-history":[{"count":1,"href":"https:\/\/ksproducts.ca\/fr\/wp-json\/wp\/v2\/product\/11474\/revisions"}],"predecessor-version":[{"id":11476,"href":"https:\/\/ksproducts.ca\/fr\/wp-json\/wp\/v2\/product\/11474\/revisions\/11476"}],"wp:featuredmedia":[{"embeddable":true,"href":"https:\/\/ksproducts.ca\/fr\/wp-json\/wp\/v2\/media\/11475"}],"wp:attachment":[{"href":"https:\/\/ksproducts.ca\/fr\/wp-json\/wp\/v2\/media?parent=11474"}],"wp:term":[{"taxonomy":"product_cat","embeddable":true,"href":"https:\/\/ksproducts.ca\/fr\/wp-json\/wp\/v2\/product_cat?post=11474"},{"taxonomy":"product_tag","embeddable":true,"href":"https:\/\/ksproducts.ca\/fr\/wp-json\/wp\/v2\/product_tag?post=11474"}],"curies":[{"name":"wp","href":"https:\/\/api.w.org\/{rel}","templated":true}]}}