{"id":11477,"date":"2026-03-04T17:30:54","date_gmt":"2026-03-04T17:30:54","guid":{"rendered":"https:\/\/ksproducts.ca\/?post_type=product&#038;p=11477"},"modified":"2026-03-04T17:30:55","modified_gmt":"2026-03-04T17:30:55","slug":"plaque-chauffante-omnivore-serie-bronco-xl-28-pouces-de-blackstone-avec-hotte-et-armoire-de-rangement","status":"publish","type":"product","link":"https:\/\/ksproducts.ca\/fr\/product\/blackstone-28inch-bronco-series-xl-omnivore-griddle-with-hood-and-storage-cabinet\/","title":{"rendered":"Blackstone 28inch Bronco Series XL Omnivore Griddle with Hood and Storage Cabinet (gril omnivore de 28 pouces de la s\u00e9rie Bronco XL avec hotte et armoire de rangement)"},"content":{"rendered":"<ul class=\"features-specs-list\">\n<li class=\"acumin\"><strong>Br\u00fbleurs Omnizone\u2122 :\u00a0<\/strong>Offre une distribution uniforme de la chaleur et un meilleur contr\u00f4le de la chaleur de bord \u00e0 bord<\/li>\n<li class=\"acumin\"><strong>Plaque de cuisson Omnivore XL 28 po :<\/strong>\u00a0Temps de pr\u00e9chauffage et de r\u00e9cup\u00e9ration plus rapides, distribution uniforme de la chaleur, efficacit\u00e9 \u00e9nerg\u00e9tique plus \u00e9lev\u00e9e et pare-vent int\u00e9gr\u00e9s.<\/li>\n<li class=\"acumin\"><strong>Armoire de rangement\u00a0<\/strong>Espace ajout\u00e9 pour stocker tous vos outils et accessoires de cuisine.<\/li>\n<li class=\"acumin\"><strong>Capot \u00e0 croisillons en \u2018X\u2019 renforc\u00e9 :<\/strong>\u2018La conception en \u2019 X \u00bb augmente la rigidit\u00e9 du couvercle et prot\u00e8ge la surface de la plaque de cuisson des intemp\u00e9ries entre les utilisations.<\/li>\n<li class=\"acumin\"><strong>Trois zones de chaleur contr\u00f4l\u00e9es ind\u00e9pendamment les unes des autres :\u00a0<\/strong>Cuisez les plats principaux et les accompagnements c\u00f4te \u00e0 c\u00f4te \u00e0 diff\u00e9rentes temp\u00e9ratures.<\/li>\n<li class=\"acumin\"><strong>Deux tablettes lat\u00e9rales rabattables avec crochets pour tablettes lat\u00e9rales :\u00a0<\/strong>Un espace de pr\u00e9paration suppl\u00e9mentaire avec un rangement pratique et compact, et un acc\u00e8s facile \u00e0 vos outils de cuisine sur les crochets de l'\u00e9tag\u00e8re lat\u00e9rale.<\/li>\n<li class=\"acumin\"><strong>Syst\u00e8me BAR :<\/strong>Syst\u00e8me innovant permettant des agencements d'accessoires personnalis\u00e9s, lib\u00e9rant un espace pr\u00e9cieux sur vos \u00e9tag\u00e8res lat\u00e9rales.<\/li>\n<li class=\"acumin\"><strong>Barre d'outils magn\u00e9tique\u00a0<\/strong>Gardez spatules, racloirs et autres ustensiles \u00e0 port\u00e9e de main.<\/li>\n<li class=\"acumin\"><strong>Porte-essuie-tout et porte-sacs poubelles :\u00a0<\/strong>Gardez tous vos produits de nettoyage \u00e0 port\u00e9e de main pour un nettoyage facile.<\/li>\n<li class=\"acumin\"><strong>Ouvre-bouteille\u00a0<\/strong>Assurez-vous que vous pouvez vous concentrer sur le plaisir sans vous away de l'action.<\/li>\n<li class=\"acumin\"><strong>Gestion de la graisse arri\u00e8re :\u00a0<\/strong>Poussez la graisse et les d\u00e9bris alimentaires vers l'arri\u00e8re de la plaque pour faciliter le nettoyage.<\/li>\n<li class=\"acumin\"><strong>Quatre roulettes pivotantes \u00e0 freins :\u00a0<\/strong>Assurez-vous que la plancha reste en place ou se d\u00e9place facilement sur votre terrasse.<\/li>\n<\/ul>","protected":false},"excerpt":{"rendered":"<p>Le Bronco 28\u201d XL Griddle with Cabinet est robuste, fiable et pr\u00eat \u00e0 cuisiner le petit d\u00e9jeuner, le d\u00e9jeuner et le d\u00eener.<\/p>","protected":false},"featured_media":11478,"comment_status":"open","ping_status":"closed","template":"","meta":[],"product_cat":[405,394,428],"product_tag":[],"class_list":{"0":"post-11477","1":"product","2":"type-product","3":"status-publish","4":"has-post-thumbnail","6":"product_cat-28-inch-griddle","7":"product_cat-griddles-2","8":"product_cat-outdoor-cooking","9":"product_shipping_class-class-4","11":"first","12":"instock","13":"taxable","14":"shipping-taxable","15":"purchasable","16":"product-type-simple"},"yoast_head":"<!-- This site is optimized with the Yoast SEO plugin v27.4 - https:\/\/yoast.com\/product\/yoast-seo-wordpress\/ -->\n<title>Blackstone 28inch Bronco Series XL Omnivore Griddle with Hood and Storage Cabinet - Ks Products<\/title>\n<meta name=\"robots\" content=\"index, follow, max-snippet:-1, max-image-preview:large, max-video-preview:-1\" \/>\n<link rel=\"canonical\" href=\"https:\/\/ksproducts.ca\/fr\/product\/plaque-chauffante-omnivore-serie-bronco-xl-28-pouces-de-blackstone-avec-hotte-et-armoire-de-rangement\/\" \/>\n<meta property=\"og:locale\" content=\"fr_CA\" \/>\n<meta property=\"og:type\" content=\"article\" \/>\n<meta property=\"og:title\" content=\"Blackstone 28inch Bronco Series XL Omnivore Griddle with Hood and Storage Cabinet - Ks Products\" \/>\n<meta property=\"og:description\" content=\"The Bronco 28\u201d XL Griddle with Cabinet is tough, reliable, and ready to cook breakfast, lunch, and dinner.\" \/>\n<meta property=\"og:url\" content=\"https:\/\/ksproducts.ca\/fr\/product\/plaque-chauffante-omnivore-serie-bronco-xl-28-pouces-de-blackstone-avec-hotte-et-armoire-de-rangement\/\" \/>\n<meta property=\"og:site_name\" content=\"Ks Products\" \/>\n<meta property=\"article:modified_time\" content=\"2026-03-04T17:30:55+00:00\" \/>\n<meta property=\"og:image\" content=\"https:\/\/ksproducts.ca\/wp-content\/uploads\/2026\/03\/Blackstone-28inch-Bronco-Series-XL-Omnivore-Griddle-with-Hood-and-Storage-Cabinet.webp\" \/>\n\t<meta property=\"og:image:width\" content=\"800\" \/>\n\t<meta property=\"og:image:height\" content=\"800\" \/>\n\t<meta property=\"og:image:type\" content=\"image\/webp\" \/>\n<meta name=\"twitter:card\" content=\"summary_large_image\" \/>\n<meta name=\"twitter:label1\" content=\"Estimation du temps de lecture\" \/>\n\t<meta name=\"twitter:data1\" content=\"2 minutes\" \/>\n<script type=\"application\/ld+json\" class=\"yoast-schema-graph\">{\"@context\":\"https:\\\/\\\/schema.org\",\"@graph\":[{\"@type\":\"WebPage\",\"@id\":\"https:\\\/\\\/ksproducts.ca\\\/product\\\/blackstone-28inch-bronco-series-xl-omnivore-griddle-with-hood-and-storage-cabinet\\\/\",\"url\":\"https:\\\/\\\/ksproducts.ca\\\/product\\\/blackstone-28inch-bronco-series-xl-omnivore-griddle-with-hood-and-storage-cabinet\\\/\",\"name\":\"Blackstone 28inch Bronco Series XL Omnivore Griddle with Hood and Storage Cabinet - Ks Products\",\"isPartOf\":{\"@id\":\"https:\\\/\\\/ksproducts.ca\\\/#website\"},\"primaryImageOfPage\":{\"@id\":\"https:\\\/\\\/ksproducts.ca\\\/product\\\/blackstone-28inch-bronco-series-xl-omnivore-griddle-with-hood-and-storage-cabinet\\\/#primaryimage\"},\"image\":{\"@id\":\"https:\\\/\\\/ksproducts.ca\\\/product\\\/blackstone-28inch-bronco-series-xl-omnivore-griddle-with-hood-and-storage-cabinet\\\/#primaryimage\"},\"thumbnailUrl\":\"https:\\\/\\\/ksproducts.ca\\\/wp-content\\\/uploads\\\/2026\\\/03\\\/Blackstone-28inch-Bronco-Series-XL-Omnivore-Griddle-with-Hood-and-Storage-Cabinet.webp\",\"datePublished\":\"2026-03-04T17:30:54+00:00\",\"dateModified\":\"2026-03-04T17:30:55+00:00\",\"breadcrumb\":{\"@id\":\"https:\\\/\\\/ksproducts.ca\\\/product\\\/blackstone-28inch-bronco-series-xl-omnivore-griddle-with-hood-and-storage-cabinet\\\/#breadcrumb\"},\"inLanguage\":\"fr-CA\",\"potentialAction\":[{\"@type\":\"ReadAction\",\"target\":[\"https:\\\/\\\/ksproducts.ca\\\/product\\\/blackstone-28inch-bronco-series-xl-omnivore-griddle-with-hood-and-storage-cabinet\\\/\"]}]},{\"@type\":\"ImageObject\",\"inLanguage\":\"fr-CA\",\"@id\":\"https:\\\/\\\/ksproducts.ca\\\/product\\\/blackstone-28inch-bronco-series-xl-omnivore-griddle-with-hood-and-storage-cabinet\\\/#primaryimage\",\"url\":\"https:\\\/\\\/ksproducts.ca\\\/wp-content\\\/uploads\\\/2026\\\/03\\\/Blackstone-28inch-Bronco-Series-XL-Omnivore-Griddle-with-Hood-and-Storage-Cabinet.webp\",\"contentUrl\":\"https:\\\/\\\/ksproducts.ca\\\/wp-content\\\/uploads\\\/2026\\\/03\\\/Blackstone-28inch-Bronco-Series-XL-Omnivore-Griddle-with-Hood-and-Storage-Cabinet.webp\",\"width\":800,\"height\":800,\"caption\":\"Blackstone 28inch Bronco Series XL Omnivore Griddle with Hood and Storage Cabinet\"},{\"@type\":\"BreadcrumbList\",\"@id\":\"https:\\\/\\\/ksproducts.ca\\\/product\\\/blackstone-28inch-bronco-series-xl-omnivore-griddle-with-hood-and-storage-cabinet\\\/#breadcrumb\",\"itemListElement\":[{\"@type\":\"ListItem\",\"position\":1,\"name\":\"Home\",\"item\":\"https:\\\/\\\/ksproducts.ca\\\/\"},{\"@type\":\"ListItem\",\"position\":2,\"name\":\"Shop\",\"item\":\"https:\\\/\\\/ksproducts.ca\\\/shop\\\/\"},{\"@type\":\"ListItem\",\"position\":3,\"name\":\"Blackstone 28inch Bronco Series XL Omnivore Griddle with Hood and Storage Cabinet\"}]},{\"@type\":\"WebSite\",\"@id\":\"https:\\\/\\\/ksproducts.ca\\\/#website\",\"url\":\"https:\\\/\\\/ksproducts.ca\\\/\",\"name\":\"Ks Products\",\"description\":\"Outdoor cooking and living, made easy in Canada\",\"publisher\":{\"@id\":\"https:\\\/\\\/ksproducts.ca\\\/#organization\"},\"potentialAction\":[{\"@type\":\"SearchAction\",\"target\":{\"@type\":\"EntryPoint\",\"urlTemplate\":\"https:\\\/\\\/ksproducts.ca\\\/?s={search_term_string}\"},\"query-input\":{\"@type\":\"PropertyValueSpecification\",\"valueRequired\":true,\"valueName\":\"search_term_string\"}}],\"inLanguage\":\"fr-CA\"},{\"@type\":\"Organization\",\"@id\":\"https:\\\/\\\/ksproducts.ca\\\/#organization\",\"name\":\"Ks Products\",\"url\":\"https:\\\/\\\/ksproducts.ca\\\/\",\"logo\":{\"@type\":\"ImageObject\",\"inLanguage\":\"fr-CA\",\"@id\":\"https:\\\/\\\/ksproducts.ca\\\/#\\\/schema\\\/logo\\\/image\\\/\",\"url\":\"https:\\\/\\\/ksproducts.ca\\\/wp-content\\\/uploads\\\/2023\\\/09\\\/Kennedy-Sales-Logo-header-1.png\",\"contentUrl\":\"https:\\\/\\\/ksproducts.ca\\\/wp-content\\\/uploads\\\/2023\\\/09\\\/Kennedy-Sales-Logo-header-1.png\",\"width\":150,\"height\":77,\"caption\":\"Ks Products\"},\"image\":{\"@id\":\"https:\\\/\\\/ksproducts.ca\\\/#\\\/schema\\\/logo\\\/image\\\/\"}}]}<\/script>\n<!-- \/ Yoast SEO plugin. -->","yoast_head_json":{"title":"Blackstone 28inch Bronco Series XL Omnivore Griddle with Hood and Storage Cabinet - Ks Products","robots":{"index":"index","follow":"follow","max-snippet":"max-snippet:-1","max-image-preview":"max-image-preview:large","max-video-preview":"max-video-preview:-1"},"canonical":"https:\/\/ksproducts.ca\/fr\/product\/plaque-chauffante-omnivore-serie-bronco-xl-28-pouces-de-blackstone-avec-hotte-et-armoire-de-rangement\/","og_locale":"fr_CA","og_type":"article","og_title":"Blackstone 28inch Bronco Series XL Omnivore Griddle with Hood and Storage Cabinet - Ks Products","og_description":"The Bronco 28\u201d XL Griddle with Cabinet is tough, reliable, and ready to cook breakfast, lunch, and dinner.","og_url":"https:\/\/ksproducts.ca\/fr\/product\/plaque-chauffante-omnivore-serie-bronco-xl-28-pouces-de-blackstone-avec-hotte-et-armoire-de-rangement\/","og_site_name":"Ks Products","article_modified_time":"2026-03-04T17:30:55+00:00","og_image":[{"width":800,"height":800,"url":"https:\/\/ksproducts.ca\/wp-content\/uploads\/2026\/03\/Blackstone-28inch-Bronco-Series-XL-Omnivore-Griddle-with-Hood-and-Storage-Cabinet.webp","type":"image\/webp"}],"twitter_card":"summary_large_image","twitter_misc":{"Estimation du temps de lecture":"2 minutes"},"schema":{"@context":"https:\/\/schema.org","@graph":[{"@type":"WebPage","@id":"https:\/\/ksproducts.ca\/product\/blackstone-28inch-bronco-series-xl-omnivore-griddle-with-hood-and-storage-cabinet\/","url":"https:\/\/ksproducts.ca\/product\/blackstone-28inch-bronco-series-xl-omnivore-griddle-with-hood-and-storage-cabinet\/","name":"Blackstone 28inch Bronco Series XL Omnivore Griddle with Hood and Storage Cabinet - Ks Products","isPartOf":{"@id":"https:\/\/ksproducts.ca\/#website"},"primaryImageOfPage":{"@id":"https:\/\/ksproducts.ca\/product\/blackstone-28inch-bronco-series-xl-omnivore-griddle-with-hood-and-storage-cabinet\/#primaryimage"},"image":{"@id":"https:\/\/ksproducts.ca\/product\/blackstone-28inch-bronco-series-xl-omnivore-griddle-with-hood-and-storage-cabinet\/#primaryimage"},"thumbnailUrl":"https:\/\/ksproducts.ca\/wp-content\/uploads\/2026\/03\/Blackstone-28inch-Bronco-Series-XL-Omnivore-Griddle-with-Hood-and-Storage-Cabinet.webp","datePublished":"2026-03-04T17:30:54+00:00","dateModified":"2026-03-04T17:30:55+00:00","breadcrumb":{"@id":"https:\/\/ksproducts.ca\/product\/blackstone-28inch-bronco-series-xl-omnivore-griddle-with-hood-and-storage-cabinet\/#breadcrumb"},"inLanguage":"fr-CA","potentialAction":[{"@type":"ReadAction","target":["https:\/\/ksproducts.ca\/product\/blackstone-28inch-bronco-series-xl-omnivore-griddle-with-hood-and-storage-cabinet\/"]}]},{"@type":"ImageObject","inLanguage":"fr-CA","@id":"https:\/\/ksproducts.ca\/product\/blackstone-28inch-bronco-series-xl-omnivore-griddle-with-hood-and-storage-cabinet\/#primaryimage","url":"https:\/\/ksproducts.ca\/wp-content\/uploads\/2026\/03\/Blackstone-28inch-Bronco-Series-XL-Omnivore-Griddle-with-Hood-and-Storage-Cabinet.webp","contentUrl":"https:\/\/ksproducts.ca\/wp-content\/uploads\/2026\/03\/Blackstone-28inch-Bronco-Series-XL-Omnivore-Griddle-with-Hood-and-Storage-Cabinet.webp","width":800,"height":800,"caption":"Blackstone 28inch Bronco Series XL Omnivore Griddle with Hood and Storage Cabinet"},{"@type":"BreadcrumbList","@id":"https:\/\/ksproducts.ca\/product\/blackstone-28inch-bronco-series-xl-omnivore-griddle-with-hood-and-storage-cabinet\/#breadcrumb","itemListElement":[{"@type":"ListItem","position":1,"name":"Home","item":"https:\/\/ksproducts.ca\/"},{"@type":"ListItem","position":2,"name":"Shop","item":"https:\/\/ksproducts.ca\/shop\/"},{"@type":"ListItem","position":3,"name":"Blackstone 28inch Bronco Series XL Omnivore Griddle with Hood and Storage Cabinet"}]},{"@type":"WebSite","@id":"https:\/\/ksproducts.ca\/#website","url":"https:\/\/ksproducts.ca\/","name":"Produits Ks","description":"Cuisiner et vivre en plein air, c'est facile au Canada","publisher":{"@id":"https:\/\/ksproducts.ca\/#organization"},"potentialAction":[{"@type":"SearchAction","target":{"@type":"EntryPoint","urlTemplate":"https:\/\/ksproducts.ca\/?s={search_term_string}"},"query-input":{"@type":"PropertyValueSpecification","valueRequired":true,"valueName":"search_term_string"}}],"inLanguage":"fr-CA"},{"@type":"Organization","@id":"https:\/\/ksproducts.ca\/#organization","name":"Produits Ks","url":"https:\/\/ksproducts.ca\/","logo":{"@type":"ImageObject","inLanguage":"fr-CA","@id":"https:\/\/ksproducts.ca\/#\/schema\/logo\/image\/","url":"https:\/\/ksproducts.ca\/wp-content\/uploads\/2023\/09\/Kennedy-Sales-Logo-header-1.png","contentUrl":"https:\/\/ksproducts.ca\/wp-content\/uploads\/2023\/09\/Kennedy-Sales-Logo-header-1.png","width":150,"height":77,"caption":"Ks Products"},"image":{"@id":"https:\/\/ksproducts.ca\/#\/schema\/logo\/image\/"}}]}},"_links":{"self":[{"href":"https:\/\/ksproducts.ca\/fr\/wp-json\/wp\/v2\/product\/11477","targetHints":{"allow":["GET"]}}],"collection":[{"href":"https:\/\/ksproducts.ca\/fr\/wp-json\/wp\/v2\/product"}],"about":[{"href":"https:\/\/ksproducts.ca\/fr\/wp-json\/wp\/v2\/types\/product"}],"replies":[{"embeddable":true,"href":"https:\/\/ksproducts.ca\/fr\/wp-json\/wp\/v2\/comments?post=11477"}],"version-history":[{"count":1,"href":"https:\/\/ksproducts.ca\/fr\/wp-json\/wp\/v2\/product\/11477\/revisions"}],"predecessor-version":[{"id":11479,"href":"https:\/\/ksproducts.ca\/fr\/wp-json\/wp\/v2\/product\/11477\/revisions\/11479"}],"wp:featuredmedia":[{"embeddable":true,"href":"https:\/\/ksproducts.ca\/fr\/wp-json\/wp\/v2\/media\/11478"}],"wp:attachment":[{"href":"https:\/\/ksproducts.ca\/fr\/wp-json\/wp\/v2\/media?parent=11477"}],"wp:term":[{"taxonomy":"product_cat","embeddable":true,"href":"https:\/\/ksproducts.ca\/fr\/wp-json\/wp\/v2\/product_cat?post=11477"},{"taxonomy":"product_tag","embeddable":true,"href":"https:\/\/ksproducts.ca\/fr\/wp-json\/wp\/v2\/product_tag?post=11477"}],"curies":[{"name":"wp","href":"https:\/\/api.w.org\/{rel}","templated":true}]}}