{"id":11483,"date":"2026-03-04T17:42:23","date_gmt":"2026-03-04T17:42:23","guid":{"rendered":"https:\/\/ksproducts.ca\/?post_type=product&#038;p=11483"},"modified":"2026-03-16T17:20:09","modified_gmt":"2026-03-16T17:20:09","slug":"11483","status":"publish","type":"product","link":"https:\/\/ksproducts.ca\/fr\/product\/11483\/","title":{"rendered":"Rinceur de r\u00e9servoir d'eaux us\u00e9es Camco Rhino RV"},"content":{"rendered":"<ul class=\"a-unordered-list a-vertical a-spacing-mini\">\n<li class=\"a-spacing-mini\"><span class=\"a-list-item\">RINSEUR DE R\u00c9SERVOIR POUR V\u00c9HICULE R\u00c9CR\u00c9ATIF : Le Rhino Blaster de Camco garde votre r\u00e9servoir d'eaux noires, votre tuyau d'\u00e9vacuation de camping-car et votre r\u00e9servoir portable de v\u00e9hicule r\u00e9cr\u00e9atif propres et sans odeur gr\u00e2ce \u00e0 un jet d'eau direct. Un rin\u00e7age r\u00e9gulier du r\u00e9servoir aide \u00e0 pr\u00e9venir les odeurs et les obstructions, et assure des lectures pr\u00e9cises des capteurs.<\/span><\/li>\n<li class=\"a-spacing-mini\"><span class=\"a-list-item\">PR\u00c9VENTION DU REFLUX : Prot\u00e9gez votre approvisionnement en eau gr\u00e2ce au limiteur de vide int\u00e9gr\u00e9. Fixez-le facilement entre votre robinet et le tuyau d'eau de votre camping-car pour \u00e9viter le reflux et emp\u00eacher la contamination de l'eau potable.<\/span><\/li>\n<li class=\"a-spacing-mini\"><span class=\"a-list-item\">COUDE TRANSPARENT POUR LA VISIBILIT\u00c9 : Le coude transparent \u00e0 45 degr\u00e9s permet un \u00e9coulement direct de l'eau pour rincer les r\u00e9sidus dans le r\u00e9servoir \u00e0 mati\u00e8res de votre v\u00e9hicule r\u00e9cr\u00e9atif. Son mat\u00e9riau transparent vous permet de voir facilement quand l'eau est claire, ce qui indique un nettoyage complet.<\/span><\/li>\n<li class=\"a-spacing-mini\"><span class=\"a-list-item\">INSTALLATION S\u00c9CURIS\u00c9E ET SIMPLE : Fixez facilement cet indispensable pour le camping en VR \u00e0 votre syst\u00e8me d'\u00e9vacuation gr\u00e2ce \u00e0 des raccords pivotants \u00e0 360\u00b0. Connectez le raccord \u00e0 ba\u00efonnette \u00e0 quatre broches \u00e0 la sortie d'\u00e9vacuation de votre VR et le raccord \u00e0 ergots \u00e0 votre tuyau d'eaux noires pour une fixation s\u00e9curis\u00e9e.<\/span><\/li>\n<li class=\"a-spacing-mini\"><span class=\"a-list-item\">CONSTRUCTION DURABLE : Con\u00e7u pour durer, ce rince r\u00e9servoir d'eaux us\u00e9es est fabriqu\u00e9 en polycarbonate durable, r\u00e9sistant \u00e0 la casse et con\u00e7u pour r\u00e9sister aux \u00e9l\u00e9ments pour des performances durables. Rien n'est plus r\u00e9sistant qu'un Rhino.<\/span><\/li>\n<\/ul>","protected":false},"excerpt":{"rendered":"<p>Am\u00e9liorez vos aventures en plein air avec le rinceur de r\u00e9servoir d'eaux us\u00e9es Rhino Blaster de Camco. Cet accessoire innovateur pour VR facilite l'entretien du syst\u00e8me d'\u00e9gout de votre VR en offrant un nettoyage en profondeur. \u00c9liminez l'accumulation de r\u00e9sidus et les odeurs d\u00e9sagr\u00e9ables gr\u00e2ce \u00e0 ses capacit\u00e9s de rin\u00e7age puissantes et efficaces. Assurez-vous que votre r\u00e9servoir d'eaux noires et votre tuyau d'\u00e9gout restent en parfait \u00e9tat et appr\u00e9ciez sa compatibilit\u00e9 sans faille avec les r\u00e9servoirs de r\u00e9tention portables des VR. Avec cet accessoire pour camping-car, vous prendrez la route en toute confiance, sachant que votre syst\u00e8me est impeccable, qu'il fonctionne sans probl\u00e8me et qu'il est exempt d'odeurs ind\u00e9sirables. C'est un outil sanitaire indispensable pour les v\u00e9hicules r\u00e9cr\u00e9atifs. Offrez-vous d\u00e8s aujourd'hui un style de vie en VR plus propre, plus fonctionnel et sans odeurs - d\u00e9couvrez la diff\u00e9rence avec cet accessoire de camping indispensable ! Il est temps de simplifier le nettoyage des fosses septiques des v\u00e9hicules r\u00e9cr\u00e9atifs.<\/p>","protected":false},"featured_media":11484,"comment_status":"open","ping_status":"closed","template":"","meta":[],"product_cat":[451],"product_tag":[],"class_list":{"0":"post-11483","1":"product","2":"type-product","3":"status-publish","4":"has-post-thumbnail","6":"product_cat-tools-equipment","7":"product_shipping_class-class-1","9":"first","10":"instock","11":"taxable","12":"shipping-taxable","13":"purchasable","14":"product-type-simple"},"yoast_head":"<!-- This site is optimized with the Yoast SEO plugin v27.4 - https:\/\/yoast.com\/product\/yoast-seo-wordpress\/ -->\n<title>Camco Rhino RV Holding Tank Rinser - Ks Products<\/title>\n<meta name=\"robots\" content=\"index, follow, max-snippet:-1, max-image-preview:large, max-video-preview:-1\" \/>\n<link rel=\"canonical\" href=\"https:\/\/ksproducts.ca\/fr\/product\/11483\/\" \/>\n<meta property=\"og:locale\" content=\"fr_CA\" \/>\n<meta property=\"og:type\" content=\"article\" \/>\n<meta property=\"og:title\" content=\"Camco Rhino RV Holding Tank Rinser - Ks Products\" \/>\n<meta property=\"og:description\" content=\"Enhance your outdoor adventures with Camco\u2019s Rhino Blaster Holding Tank Rinser. This innovative RV accessory makes maintaining your RV sewer system a breeze by providing a thorough cleanse. Eliminate residue buildup and unpleasant odors with its powerful and efficient rinsing abilities. Ensure your black water tank and sewer hose stay in top condition and enjoy its seamless compatibility with RV portable waste holding tanks. With this camper accessory, you\u2019ll hit the road with confidence, knowing your system is spotless, working smoothly, and free of unwanted smells. It\u2019s a must-have RV sanitation tool. Treat yourself to a cleaner, more functional, and odor-free RV lifestyle today\u2014 discover the difference with this camper essential! It\u2019s time to simplify RV septic tank cleaning.\" \/>\n<meta property=\"og:url\" content=\"https:\/\/ksproducts.ca\/fr\/product\/11483\/\" \/>\n<meta property=\"og:site_name\" content=\"Ks Products\" \/>\n<meta property=\"article:modified_time\" content=\"2026-03-16T17:20:09+00:00\" \/>\n<meta property=\"og:image\" content=\"https:\/\/ksproducts.ca\/wp-content\/uploads\/2026\/03\/Camco-Rhino-RV-Holding-Tank-Rinser.jpg\" \/>\n\t<meta property=\"og:image:width\" content=\"425\" \/>\n\t<meta property=\"og:image:height\" content=\"439\" \/>\n\t<meta property=\"og:image:type\" content=\"image\/jpeg\" \/>\n<meta name=\"twitter:card\" content=\"summary_large_image\" \/>\n<meta name=\"twitter:label1\" content=\"Estimation du temps de lecture\" \/>\n\t<meta name=\"twitter:data1\" content=\"1 minute\" \/>\n<script type=\"application\/ld+json\" class=\"yoast-schema-graph\">{\"@context\":\"https:\\\/\\\/schema.org\",\"@graph\":[{\"@type\":\"WebPage\",\"@id\":\"https:\\\/\\\/ksproducts.ca\\\/product\\\/11483\\\/\",\"url\":\"https:\\\/\\\/ksproducts.ca\\\/product\\\/11483\\\/\",\"name\":\"Camco Rhino RV Holding Tank Rinser - Ks Products\",\"isPartOf\":{\"@id\":\"https:\\\/\\\/ksproducts.ca\\\/#website\"},\"primaryImageOfPage\":{\"@id\":\"https:\\\/\\\/ksproducts.ca\\\/product\\\/11483\\\/#primaryimage\"},\"image\":{\"@id\":\"https:\\\/\\\/ksproducts.ca\\\/product\\\/11483\\\/#primaryimage\"},\"thumbnailUrl\":\"https:\\\/\\\/ksproducts.ca\\\/wp-content\\\/uploads\\\/2026\\\/03\\\/Camco-Rhino-RV-Holding-Tank-Rinser.jpg\",\"datePublished\":\"2026-03-04T17:42:23+00:00\",\"dateModified\":\"2026-03-16T17:20:09+00:00\",\"breadcrumb\":{\"@id\":\"https:\\\/\\\/ksproducts.ca\\\/product\\\/11483\\\/#breadcrumb\"},\"inLanguage\":\"fr-CA\",\"potentialAction\":[{\"@type\":\"ReadAction\",\"target\":[\"https:\\\/\\\/ksproducts.ca\\\/product\\\/11483\\\/\"]}]},{\"@type\":\"ImageObject\",\"inLanguage\":\"fr-CA\",\"@id\":\"https:\\\/\\\/ksproducts.ca\\\/product\\\/11483\\\/#primaryimage\",\"url\":\"https:\\\/\\\/ksproducts.ca\\\/wp-content\\\/uploads\\\/2026\\\/03\\\/Camco-Rhino-RV-Holding-Tank-Rinser.jpg\",\"contentUrl\":\"https:\\\/\\\/ksproducts.ca\\\/wp-content\\\/uploads\\\/2026\\\/03\\\/Camco-Rhino-RV-Holding-Tank-Rinser.jpg\",\"width\":425,\"height\":439,\"caption\":\"Camco Rhino RV Holding Tank Rinser\"},{\"@type\":\"BreadcrumbList\",\"@id\":\"https:\\\/\\\/ksproducts.ca\\\/product\\\/11483\\\/#breadcrumb\",\"itemListElement\":[{\"@type\":\"ListItem\",\"position\":1,\"name\":\"Home\",\"item\":\"https:\\\/\\\/ksproducts.ca\\\/\"},{\"@type\":\"ListItem\",\"position\":2,\"name\":\"Shop\",\"item\":\"https:\\\/\\\/ksproducts.ca\\\/shop\\\/\"},{\"@type\":\"ListItem\",\"position\":3,\"name\":\"Camco Rhino RV Holding Tank Rinser\"}]},{\"@type\":\"WebSite\",\"@id\":\"https:\\\/\\\/ksproducts.ca\\\/#website\",\"url\":\"https:\\\/\\\/ksproducts.ca\\\/\",\"name\":\"Ks Products\",\"description\":\"Outdoor cooking and living, made easy in Canada\",\"publisher\":{\"@id\":\"https:\\\/\\\/ksproducts.ca\\\/#organization\"},\"potentialAction\":[{\"@type\":\"SearchAction\",\"target\":{\"@type\":\"EntryPoint\",\"urlTemplate\":\"https:\\\/\\\/ksproducts.ca\\\/?s={search_term_string}\"},\"query-input\":{\"@type\":\"PropertyValueSpecification\",\"valueRequired\":true,\"valueName\":\"search_term_string\"}}],\"inLanguage\":\"fr-CA\"},{\"@type\":\"Organization\",\"@id\":\"https:\\\/\\\/ksproducts.ca\\\/#organization\",\"name\":\"Ks Products\",\"url\":\"https:\\\/\\\/ksproducts.ca\\\/\",\"logo\":{\"@type\":\"ImageObject\",\"inLanguage\":\"fr-CA\",\"@id\":\"https:\\\/\\\/ksproducts.ca\\\/#\\\/schema\\\/logo\\\/image\\\/\",\"url\":\"https:\\\/\\\/ksproducts.ca\\\/wp-content\\\/uploads\\\/2023\\\/09\\\/Kennedy-Sales-Logo-header-1.png\",\"contentUrl\":\"https:\\\/\\\/ksproducts.ca\\\/wp-content\\\/uploads\\\/2023\\\/09\\\/Kennedy-Sales-Logo-header-1.png\",\"width\":150,\"height\":77,\"caption\":\"Ks Products\"},\"image\":{\"@id\":\"https:\\\/\\\/ksproducts.ca\\\/#\\\/schema\\\/logo\\\/image\\\/\"}}]}<\/script>\n<!-- \/ Yoast SEO plugin. -->","yoast_head_json":{"title":"Camco Rhino Rin\u00e7oir de r\u00e9servoir de r\u00e9tention pour VR - Ks Products","robots":{"index":"index","follow":"follow","max-snippet":"max-snippet:-1","max-image-preview":"max-image-preview:large","max-video-preview":"max-video-preview:-1"},"canonical":"https:\/\/ksproducts.ca\/fr\/product\/11483\/","og_locale":"fr_CA","og_type":"article","og_title":"Camco Rhino RV Holding Tank Rinser - Ks Products","og_description":"Enhance your outdoor adventures with Camco\u2019s Rhino Blaster Holding Tank Rinser. This innovative RV accessory makes maintaining your RV sewer system a breeze by providing a thorough cleanse. Eliminate residue buildup and unpleasant odors with its powerful and efficient rinsing abilities. Ensure your black water tank and sewer hose stay in top condition and enjoy its seamless compatibility with RV portable waste holding tanks. With this camper accessory, you\u2019ll hit the road with confidence, knowing your system is spotless, working smoothly, and free of unwanted smells. It\u2019s a must-have RV sanitation tool. Treat yourself to a cleaner, more functional, and odor-free RV lifestyle today\u2014 discover the difference with this camper essential! It\u2019s time to simplify RV septic tank cleaning.","og_url":"https:\/\/ksproducts.ca\/fr\/product\/11483\/","og_site_name":"Ks Products","article_modified_time":"2026-03-16T17:20:09+00:00","og_image":[{"width":425,"height":439,"url":"https:\/\/ksproducts.ca\/wp-content\/uploads\/2026\/03\/Camco-Rhino-RV-Holding-Tank-Rinser.jpg","type":"image\/jpeg"}],"twitter_card":"summary_large_image","twitter_misc":{"Estimation du temps de lecture":"1 minute"},"schema":{"@context":"https:\/\/schema.org","@graph":[{"@type":"WebPage","@id":"https:\/\/ksproducts.ca\/product\/11483\/","url":"https:\/\/ksproducts.ca\/product\/11483\/","name":"Camco Rhino Rin\u00e7oir de r\u00e9servoir de r\u00e9tention pour VR - Ks Products","isPartOf":{"@id":"https:\/\/ksproducts.ca\/#website"},"primaryImageOfPage":{"@id":"https:\/\/ksproducts.ca\/product\/11483\/#primaryimage"},"image":{"@id":"https:\/\/ksproducts.ca\/product\/11483\/#primaryimage"},"thumbnailUrl":"https:\/\/ksproducts.ca\/wp-content\/uploads\/2026\/03\/Camco-Rhino-RV-Holding-Tank-Rinser.jpg","datePublished":"2026-03-04T17:42:23+00:00","dateModified":"2026-03-16T17:20:09+00:00","breadcrumb":{"@id":"https:\/\/ksproducts.ca\/product\/11483\/#breadcrumb"},"inLanguage":"fr-CA","potentialAction":[{"@type":"ReadAction","target":["https:\/\/ksproducts.ca\/product\/11483\/"]}]},{"@type":"ImageObject","inLanguage":"fr-CA","@id":"https:\/\/ksproducts.ca\/product\/11483\/#primaryimage","url":"https:\/\/ksproducts.ca\/wp-content\/uploads\/2026\/03\/Camco-Rhino-RV-Holding-Tank-Rinser.jpg","contentUrl":"https:\/\/ksproducts.ca\/wp-content\/uploads\/2026\/03\/Camco-Rhino-RV-Holding-Tank-Rinser.jpg","width":425,"height":439,"caption":"Camco Rhino RV Holding Tank Rinser"},{"@type":"BreadcrumbList","@id":"https:\/\/ksproducts.ca\/product\/11483\/#breadcrumb","itemListElement":[{"@type":"ListItem","position":1,"name":"Home","item":"https:\/\/ksproducts.ca\/"},{"@type":"ListItem","position":2,"name":"Shop","item":"https:\/\/ksproducts.ca\/shop\/"},{"@type":"ListItem","position":3,"name":"Camco Rhino RV Holding Tank Rinser"}]},{"@type":"WebSite","@id":"https:\/\/ksproducts.ca\/#website","url":"https:\/\/ksproducts.ca\/","name":"Produits Ks","description":"Cuisiner et vivre en plein air, c'est facile au Canada","publisher":{"@id":"https:\/\/ksproducts.ca\/#organization"},"potentialAction":[{"@type":"SearchAction","target":{"@type":"EntryPoint","urlTemplate":"https:\/\/ksproducts.ca\/?s={search_term_string}"},"query-input":{"@type":"PropertyValueSpecification","valueRequired":true,"valueName":"search_term_string"}}],"inLanguage":"fr-CA"},{"@type":"Organization","@id":"https:\/\/ksproducts.ca\/#organization","name":"Produits Ks","url":"https:\/\/ksproducts.ca\/","logo":{"@type":"ImageObject","inLanguage":"fr-CA","@id":"https:\/\/ksproducts.ca\/#\/schema\/logo\/image\/","url":"https:\/\/ksproducts.ca\/wp-content\/uploads\/2023\/09\/Kennedy-Sales-Logo-header-1.png","contentUrl":"https:\/\/ksproducts.ca\/wp-content\/uploads\/2023\/09\/Kennedy-Sales-Logo-header-1.png","width":150,"height":77,"caption":"Ks Products"},"image":{"@id":"https:\/\/ksproducts.ca\/#\/schema\/logo\/image\/"}}]}},"_links":{"self":[{"href":"https:\/\/ksproducts.ca\/fr\/wp-json\/wp\/v2\/product\/11483","targetHints":{"allow":["GET"]}}],"collection":[{"href":"https:\/\/ksproducts.ca\/fr\/wp-json\/wp\/v2\/product"}],"about":[{"href":"https:\/\/ksproducts.ca\/fr\/wp-json\/wp\/v2\/types\/product"}],"replies":[{"embeddable":true,"href":"https:\/\/ksproducts.ca\/fr\/wp-json\/wp\/v2\/comments?post=11483"}],"version-history":[{"count":2,"href":"https:\/\/ksproducts.ca\/fr\/wp-json\/wp\/v2\/product\/11483\/revisions"}],"predecessor-version":[{"id":12721,"href":"https:\/\/ksproducts.ca\/fr\/wp-json\/wp\/v2\/product\/11483\/revisions\/12721"}],"wp:featuredmedia":[{"embeddable":true,"href":"https:\/\/ksproducts.ca\/fr\/wp-json\/wp\/v2\/media\/11484"}],"wp:attachment":[{"href":"https:\/\/ksproducts.ca\/fr\/wp-json\/wp\/v2\/media?parent=11483"}],"wp:term":[{"taxonomy":"product_cat","embeddable":true,"href":"https:\/\/ksproducts.ca\/fr\/wp-json\/wp\/v2\/product_cat?post=11483"},{"taxonomy":"product_tag","embeddable":true,"href":"https:\/\/ksproducts.ca\/fr\/wp-json\/wp\/v2\/product_tag?post=11483"}],"curies":[{"name":"wp","href":"https:\/\/api.w.org\/{rel}","templated":true}]}}