{"id":11498,"date":"2026-03-04T18:40:57","date_gmt":"2026-03-04T18:40:57","guid":{"rendered":"https:\/\/ksproducts.ca\/?post_type=product&#038;p=11498"},"modified":"2026-03-04T18:54:08","modified_gmt":"2026-03-04T18:54:08","slug":"blackstone-gourmet-series-assaisonnement-pour-plancha-et-conditionneur-pour-fonte-192ml","status":"publish","type":"product","link":"https:\/\/ksproducts.ca\/fr\/product\/blackstone-gourmet-series-griddle-seasoning-and-cast-iron-conditioner-192ml\/","title":{"rendered":"Assaisonnement pour gril et conditionneur pour fonte Blackstone Gourmet Series - 192ml"},"content":{"rendered":"<ul class=\"features-specs-list\">\n<li class=\"acumin\">Formule 2 en 1 pour assaisonner et prot\u00e9ger votre plaque de cuisson.<\/li>\n<li class=\"acumin\">M\u00e9lange exclusif de shortening d'huile de palme, de cire d'abeille, d'huile de palme, d'huile de canola et d'huile de soja.<\/li>\n<li class=\"acumin\">6,5 oz<\/li>\n<li class=\"acumin\">Fabriqu\u00e9 aux \u00c9tats-Unis<\/li>\n<\/ul>","protected":false},"excerpt":{"rendered":"<p>L'assaisonnement pour gril et conditionneur pour fonte est ce dont vous avez besoin pour vous assurer que votre gril et votre fonte sont bien assaisonn\u00e9s et prot\u00e9g\u00e9s. Le m\u00e9lange exclusif 2 en 1 d'huile de palme, de shortening, de cire d'abeille, d'huiles de canola et de soja permet d'entretenir le dessus de la plaque et d'\u00e9viter l'adh\u00e9rence et la rouille. Sp\u00e9cialement con\u00e7u pour les plaques de cuisson Blackstone, vous cuisinerez pendant des ann\u00e9es avec l'assaisonnement pour plaques de cuisson et le conditionneur pour fonte.<\/p>","protected":false},"featured_media":11499,"comment_status":"open","ping_status":"closed","template":"","meta":[],"product_cat":[436,439],"product_tag":[],"class_list":{"0":"post-11498","1":"product","2":"type-product","3":"status-publish","4":"has-post-thumbnail","6":"product_cat-accessories","7":"product_cat-conditioners-cleaning","8":"product_shipping_class-class-1","10":"first","11":"instock","12":"taxable","13":"shipping-taxable","14":"purchasable","15":"product-type-simple"},"yoast_head":"<!-- This site is optimized with the Yoast SEO plugin v27.4 - https:\/\/yoast.com\/product\/yoast-seo-wordpress\/ -->\n<title>Blackstone Gourmet Series Griddle Seasoning and Cast Iron Conditioner - 192ml - Ks Products<\/title>\n<meta name=\"robots\" content=\"index, follow, max-snippet:-1, max-image-preview:large, max-video-preview:-1\" \/>\n<link rel=\"canonical\" href=\"https:\/\/ksproducts.ca\/fr\/product\/blackstone-gourmet-series-assaisonnement-pour-plancha-et-conditionneur-pour-fonte-192ml\/\" \/>\n<meta property=\"og:locale\" content=\"fr_CA\" \/>\n<meta property=\"og:type\" content=\"article\" \/>\n<meta property=\"og:title\" content=\"Blackstone Gourmet Series Griddle Seasoning and Cast Iron Conditioner - 192ml - Ks Products\" \/>\n<meta property=\"og:description\" content=\"The Griddle Seasoning and Cast Iron Conditioner is what you need to make sure your griddle and cast iron are well-seasoned and protected. The 2-in-1 proprietary blend of palm oil, shortening, beeswax, canola and soy oils helps maintain your griddle top and prevents sticking and rust. Specifically engineered for Blackstone griddles, you\u2019ll cook for years to come with the Griddle Seasoning and Cast Iron Conditioner.\" \/>\n<meta property=\"og:url\" content=\"https:\/\/ksproducts.ca\/fr\/product\/blackstone-gourmet-series-assaisonnement-pour-plancha-et-conditionneur-pour-fonte-192ml\/\" \/>\n<meta property=\"og:site_name\" content=\"Ks Products\" \/>\n<meta property=\"article:modified_time\" content=\"2026-03-04T18:54:08+00:00\" \/>\n<meta property=\"og:image\" content=\"https:\/\/ksproducts.ca\/wp-content\/uploads\/2026\/03\/4114CA.webp\" \/>\n\t<meta property=\"og:image:width\" content=\"800\" \/>\n\t<meta property=\"og:image:height\" content=\"800\" \/>\n\t<meta property=\"og:image:type\" content=\"image\/webp\" \/>\n<meta name=\"twitter:card\" content=\"summary_large_image\" \/>\n<meta name=\"twitter:label1\" content=\"Estimation du temps de lecture\" \/>\n\t<meta name=\"twitter:data1\" content=\"1 minute\" \/>\n<script type=\"application\/ld+json\" class=\"yoast-schema-graph\">{\"@context\":\"https:\\\/\\\/schema.org\",\"@graph\":[{\"@type\":\"WebPage\",\"@id\":\"https:\\\/\\\/ksproducts.ca\\\/product\\\/blackstone-gourmet-series-griddle-seasoning-and-cast-iron-conditioner-192ml\\\/\",\"url\":\"https:\\\/\\\/ksproducts.ca\\\/product\\\/blackstone-gourmet-series-griddle-seasoning-and-cast-iron-conditioner-192ml\\\/\",\"name\":\"Blackstone Gourmet Series Griddle Seasoning and Cast Iron Conditioner - 192ml - Ks Products\",\"isPartOf\":{\"@id\":\"https:\\\/\\\/ksproducts.ca\\\/#website\"},\"primaryImageOfPage\":{\"@id\":\"https:\\\/\\\/ksproducts.ca\\\/product\\\/blackstone-gourmet-series-griddle-seasoning-and-cast-iron-conditioner-192ml\\\/#primaryimage\"},\"image\":{\"@id\":\"https:\\\/\\\/ksproducts.ca\\\/product\\\/blackstone-gourmet-series-griddle-seasoning-and-cast-iron-conditioner-192ml\\\/#primaryimage\"},\"thumbnailUrl\":\"https:\\\/\\\/ksproducts.ca\\\/wp-content\\\/uploads\\\/2026\\\/03\\\/4114CA.webp\",\"datePublished\":\"2026-03-04T18:40:57+00:00\",\"dateModified\":\"2026-03-04T18:54:08+00:00\",\"breadcrumb\":{\"@id\":\"https:\\\/\\\/ksproducts.ca\\\/product\\\/blackstone-gourmet-series-griddle-seasoning-and-cast-iron-conditioner-192ml\\\/#breadcrumb\"},\"inLanguage\":\"fr-CA\",\"potentialAction\":[{\"@type\":\"ReadAction\",\"target\":[\"https:\\\/\\\/ksproducts.ca\\\/product\\\/blackstone-gourmet-series-griddle-seasoning-and-cast-iron-conditioner-192ml\\\/\"]}]},{\"@type\":\"ImageObject\",\"inLanguage\":\"fr-CA\",\"@id\":\"https:\\\/\\\/ksproducts.ca\\\/product\\\/blackstone-gourmet-series-griddle-seasoning-and-cast-iron-conditioner-192ml\\\/#primaryimage\",\"url\":\"https:\\\/\\\/ksproducts.ca\\\/wp-content\\\/uploads\\\/2026\\\/03\\\/4114CA.webp\",\"contentUrl\":\"https:\\\/\\\/ksproducts.ca\\\/wp-content\\\/uploads\\\/2026\\\/03\\\/4114CA.webp\",\"width\":800,\"height\":800,\"caption\":\"Blackstone Gourmet Series Griddle Seasoning and Cast Iron Conditioner - 192ml\"},{\"@type\":\"BreadcrumbList\",\"@id\":\"https:\\\/\\\/ksproducts.ca\\\/product\\\/blackstone-gourmet-series-griddle-seasoning-and-cast-iron-conditioner-192ml\\\/#breadcrumb\",\"itemListElement\":[{\"@type\":\"ListItem\",\"position\":1,\"name\":\"Home\",\"item\":\"https:\\\/\\\/ksproducts.ca\\\/\"},{\"@type\":\"ListItem\",\"position\":2,\"name\":\"Shop\",\"item\":\"https:\\\/\\\/ksproducts.ca\\\/shop\\\/\"},{\"@type\":\"ListItem\",\"position\":3,\"name\":\"Blackstone Gourmet Series Griddle Seasoning and Cast Iron Conditioner &#8211; 192ml\"}]},{\"@type\":\"WebSite\",\"@id\":\"https:\\\/\\\/ksproducts.ca\\\/#website\",\"url\":\"https:\\\/\\\/ksproducts.ca\\\/\",\"name\":\"Ks Products\",\"description\":\"Outdoor cooking and living, made easy in Canada\",\"publisher\":{\"@id\":\"https:\\\/\\\/ksproducts.ca\\\/#organization\"},\"potentialAction\":[{\"@type\":\"SearchAction\",\"target\":{\"@type\":\"EntryPoint\",\"urlTemplate\":\"https:\\\/\\\/ksproducts.ca\\\/?s={search_term_string}\"},\"query-input\":{\"@type\":\"PropertyValueSpecification\",\"valueRequired\":true,\"valueName\":\"search_term_string\"}}],\"inLanguage\":\"fr-CA\"},{\"@type\":\"Organization\",\"@id\":\"https:\\\/\\\/ksproducts.ca\\\/#organization\",\"name\":\"Ks Products\",\"url\":\"https:\\\/\\\/ksproducts.ca\\\/\",\"logo\":{\"@type\":\"ImageObject\",\"inLanguage\":\"fr-CA\",\"@id\":\"https:\\\/\\\/ksproducts.ca\\\/#\\\/schema\\\/logo\\\/image\\\/\",\"url\":\"https:\\\/\\\/ksproducts.ca\\\/wp-content\\\/uploads\\\/2023\\\/09\\\/Kennedy-Sales-Logo-header-1.png\",\"contentUrl\":\"https:\\\/\\\/ksproducts.ca\\\/wp-content\\\/uploads\\\/2023\\\/09\\\/Kennedy-Sales-Logo-header-1.png\",\"width\":150,\"height\":77,\"caption\":\"Ks Products\"},\"image\":{\"@id\":\"https:\\\/\\\/ksproducts.ca\\\/#\\\/schema\\\/logo\\\/image\\\/\"}}]}<\/script>\n<!-- \/ Yoast SEO plugin. -->","yoast_head_json":{"title":"Blackstone Gourmet Series Assaisonnement pour gril et conditionneur pour fonte - 192ml - Ks Products","robots":{"index":"index","follow":"follow","max-snippet":"max-snippet:-1","max-image-preview":"max-image-preview:large","max-video-preview":"max-video-preview:-1"},"canonical":"https:\/\/ksproducts.ca\/fr\/product\/blackstone-gourmet-series-assaisonnement-pour-plancha-et-conditionneur-pour-fonte-192ml\/","og_locale":"fr_CA","og_type":"article","og_title":"Blackstone Gourmet Series Griddle Seasoning and Cast Iron Conditioner - 192ml - Ks Products","og_description":"The Griddle Seasoning and Cast Iron Conditioner is what you need to make sure your griddle and cast iron are well-seasoned and protected. The 2-in-1 proprietary blend of palm oil, shortening, beeswax, canola and soy oils helps maintain your griddle top and prevents sticking and rust. Specifically engineered for Blackstone griddles, you\u2019ll cook for years to come with the Griddle Seasoning and Cast Iron Conditioner.","og_url":"https:\/\/ksproducts.ca\/fr\/product\/blackstone-gourmet-series-assaisonnement-pour-plancha-et-conditionneur-pour-fonte-192ml\/","og_site_name":"Ks Products","article_modified_time":"2026-03-04T18:54:08+00:00","og_image":[{"width":800,"height":800,"url":"https:\/\/ksproducts.ca\/wp-content\/uploads\/2026\/03\/4114CA.webp","type":"image\/webp"}],"twitter_card":"summary_large_image","twitter_misc":{"Estimation du temps de lecture":"1 minute"},"schema":{"@context":"https:\/\/schema.org","@graph":[{"@type":"WebPage","@id":"https:\/\/ksproducts.ca\/product\/blackstone-gourmet-series-griddle-seasoning-and-cast-iron-conditioner-192ml\/","url":"https:\/\/ksproducts.ca\/product\/blackstone-gourmet-series-griddle-seasoning-and-cast-iron-conditioner-192ml\/","name":"Blackstone Gourmet Series Assaisonnement pour gril et conditionneur pour fonte - 192ml - Ks Products","isPartOf":{"@id":"https:\/\/ksproducts.ca\/#website"},"primaryImageOfPage":{"@id":"https:\/\/ksproducts.ca\/product\/blackstone-gourmet-series-griddle-seasoning-and-cast-iron-conditioner-192ml\/#primaryimage"},"image":{"@id":"https:\/\/ksproducts.ca\/product\/blackstone-gourmet-series-griddle-seasoning-and-cast-iron-conditioner-192ml\/#primaryimage"},"thumbnailUrl":"https:\/\/ksproducts.ca\/wp-content\/uploads\/2026\/03\/4114CA.webp","datePublished":"2026-03-04T18:40:57+00:00","dateModified":"2026-03-04T18:54:08+00:00","breadcrumb":{"@id":"https:\/\/ksproducts.ca\/product\/blackstone-gourmet-series-griddle-seasoning-and-cast-iron-conditioner-192ml\/#breadcrumb"},"inLanguage":"fr-CA","potentialAction":[{"@type":"ReadAction","target":["https:\/\/ksproducts.ca\/product\/blackstone-gourmet-series-griddle-seasoning-and-cast-iron-conditioner-192ml\/"]}]},{"@type":"ImageObject","inLanguage":"fr-CA","@id":"https:\/\/ksproducts.ca\/product\/blackstone-gourmet-series-griddle-seasoning-and-cast-iron-conditioner-192ml\/#primaryimage","url":"https:\/\/ksproducts.ca\/wp-content\/uploads\/2026\/03\/4114CA.webp","contentUrl":"https:\/\/ksproducts.ca\/wp-content\/uploads\/2026\/03\/4114CA.webp","width":800,"height":800,"caption":"Blackstone Gourmet Series Griddle Seasoning and Cast Iron Conditioner - 192ml"},{"@type":"BreadcrumbList","@id":"https:\/\/ksproducts.ca\/product\/blackstone-gourmet-series-griddle-seasoning-and-cast-iron-conditioner-192ml\/#breadcrumb","itemListElement":[{"@type":"ListItem","position":1,"name":"Home","item":"https:\/\/ksproducts.ca\/"},{"@type":"ListItem","position":2,"name":"Shop","item":"https:\/\/ksproducts.ca\/shop\/"},{"@type":"ListItem","position":3,"name":"Blackstone Gourmet Series Griddle Seasoning and Cast Iron Conditioner &#8211; 192ml"}]},{"@type":"WebSite","@id":"https:\/\/ksproducts.ca\/#website","url":"https:\/\/ksproducts.ca\/","name":"Produits Ks","description":"Cuisiner et vivre en plein air, c'est facile au Canada","publisher":{"@id":"https:\/\/ksproducts.ca\/#organization"},"potentialAction":[{"@type":"SearchAction","target":{"@type":"EntryPoint","urlTemplate":"https:\/\/ksproducts.ca\/?s={search_term_string}"},"query-input":{"@type":"PropertyValueSpecification","valueRequired":true,"valueName":"search_term_string"}}],"inLanguage":"fr-CA"},{"@type":"Organization","@id":"https:\/\/ksproducts.ca\/#organization","name":"Produits Ks","url":"https:\/\/ksproducts.ca\/","logo":{"@type":"ImageObject","inLanguage":"fr-CA","@id":"https:\/\/ksproducts.ca\/#\/schema\/logo\/image\/","url":"https:\/\/ksproducts.ca\/wp-content\/uploads\/2023\/09\/Kennedy-Sales-Logo-header-1.png","contentUrl":"https:\/\/ksproducts.ca\/wp-content\/uploads\/2023\/09\/Kennedy-Sales-Logo-header-1.png","width":150,"height":77,"caption":"Ks Products"},"image":{"@id":"https:\/\/ksproducts.ca\/#\/schema\/logo\/image\/"}}]}},"_links":{"self":[{"href":"https:\/\/ksproducts.ca\/fr\/wp-json\/wp\/v2\/product\/11498","targetHints":{"allow":["GET"]}}],"collection":[{"href":"https:\/\/ksproducts.ca\/fr\/wp-json\/wp\/v2\/product"}],"about":[{"href":"https:\/\/ksproducts.ca\/fr\/wp-json\/wp\/v2\/types\/product"}],"replies":[{"embeddable":true,"href":"https:\/\/ksproducts.ca\/fr\/wp-json\/wp\/v2\/comments?post=11498"}],"version-history":[{"count":1,"href":"https:\/\/ksproducts.ca\/fr\/wp-json\/wp\/v2\/product\/11498\/revisions"}],"predecessor-version":[{"id":11500,"href":"https:\/\/ksproducts.ca\/fr\/wp-json\/wp\/v2\/product\/11498\/revisions\/11500"}],"wp:featuredmedia":[{"embeddable":true,"href":"https:\/\/ksproducts.ca\/fr\/wp-json\/wp\/v2\/media\/11499"}],"wp:attachment":[{"href":"https:\/\/ksproducts.ca\/fr\/wp-json\/wp\/v2\/media?parent=11498"}],"wp:term":[{"taxonomy":"product_cat","embeddable":true,"href":"https:\/\/ksproducts.ca\/fr\/wp-json\/wp\/v2\/product_cat?post=11498"},{"taxonomy":"product_tag","embeddable":true,"href":"https:\/\/ksproducts.ca\/fr\/wp-json\/wp\/v2\/product_tag?post=11498"}],"curies":[{"name":"wp","href":"https:\/\/api.w.org\/{rel}","templated":true}]}}