{"id":11501,"date":"2026-03-04T18:44:36","date_gmt":"2026-03-04T18:44:36","guid":{"rendered":"https:\/\/ksproducts.ca\/?post_type=product&#038;p=11501"},"modified":"2026-03-04T18:44:36","modified_gmt":"2026-03-04T18:44:36","slug":"blackstone-gourmet-series-whiskey-burger-seasoning-272g","status":"publish","type":"product","link":"https:\/\/ksproducts.ca\/fr\/product\/blackstone-gourmet-series-whiskey-burger-seasoning-272g\/","title":{"rendered":"Assaisonnement pour hamburgers au whisky Blackstone Gourmet Series - 272g"},"content":{"rendered":"<ul class=\"features-specs-list\">\n<li class=\"acumin\">Bouteille de 9,6 oz<\/li>\n<li class=\"acumin\">Fabriqu\u00e9 aux \u00c9tats-Unis<\/li>\n<li class=\"acumin\">Contient du soja<\/li>\n<\/ul>","protected":false},"excerpt":{"rendered":"<p>L'assaisonnement pour hamburger au whisky apporte une saveur rustique \u00e0 chaque repas. Le m\u00e9lange parfait de fum\u00e9e et de whisky rehausse la saveur de votre petit-d\u00e9jeuner, de votre d\u00e9jeuner et de votre d\u00eener. Essayez l'assaisonnement Whiskey Burger sur vos hamburgers, steaks, pommes de terre pour le petit-d\u00e9jeuner, poulet, et bien plus encore !<\/p>","protected":false},"featured_media":11502,"comment_status":"open","ping_status":"closed","template":"","meta":[],"product_cat":[441,428],"product_tag":[],"class_list":{"0":"post-11501","1":"product","2":"type-product","3":"status-publish","4":"has-post-thumbnail","6":"product_cat-essential-extras","7":"product_cat-outdoor-cooking","8":"product_shipping_class-class-1","10":"first","11":"instock","12":"taxable","13":"shipping-taxable","14":"purchasable","15":"product-type-simple"},"yoast_head":"<!-- This site is optimized with the Yoast SEO plugin v27.4 - https:\/\/yoast.com\/product\/yoast-seo-wordpress\/ -->\n<title>Blackstone Gourmet Series Whiskey Burger Seasoning - 272g - Ks Products<\/title>\n<meta name=\"robots\" content=\"index, follow, max-snippet:-1, max-image-preview:large, max-video-preview:-1\" \/>\n<link rel=\"canonical\" href=\"https:\/\/ksproducts.ca\/fr\/product\/blackstone-gourmet-series-whiskey-burger-seasoning-272g\/\" \/>\n<meta property=\"og:locale\" content=\"fr_CA\" \/>\n<meta property=\"og:type\" content=\"article\" \/>\n<meta property=\"og:title\" content=\"Blackstone Gourmet Series Whiskey Burger Seasoning - 272g - Ks Products\" \/>\n<meta property=\"og:description\" content=\"The Whiskey Burger Seasoning brings a rustic flavor to every meal. The perfect blend of smoke and whiskey that enhances the flavor of your breakfast, lunch, and dinner. Try Whiskey Burger Seasoning on your smash burgers, steak, breakfast potatoes, chicken, and more!\" \/>\n<meta property=\"og:url\" content=\"https:\/\/ksproducts.ca\/fr\/product\/blackstone-gourmet-series-whiskey-burger-seasoning-272g\/\" \/>\n<meta property=\"og:site_name\" content=\"Ks Products\" \/>\n<meta property=\"og:image\" content=\"https:\/\/ksproducts.ca\/wp-content\/uploads\/2026\/03\/Blackstone-Gourmet-Series-Whiskey-Burger-Seasoning-272g.webp\" \/>\n\t<meta property=\"og:image:width\" content=\"800\" \/>\n\t<meta property=\"og:image:height\" content=\"800\" \/>\n\t<meta property=\"og:image:type\" content=\"image\/webp\" \/>\n<meta name=\"twitter:card\" content=\"summary_large_image\" \/>\n<meta name=\"twitter:label1\" content=\"Estimation du temps de lecture\" \/>\n\t<meta name=\"twitter:data1\" content=\"1 minute\" \/>\n<script type=\"application\/ld+json\" class=\"yoast-schema-graph\">{\"@context\":\"https:\\\/\\\/schema.org\",\"@graph\":[{\"@type\":\"WebPage\",\"@id\":\"https:\\\/\\\/ksproducts.ca\\\/product\\\/blackstone-gourmet-series-whiskey-burger-seasoning-272g\\\/\",\"url\":\"https:\\\/\\\/ksproducts.ca\\\/product\\\/blackstone-gourmet-series-whiskey-burger-seasoning-272g\\\/\",\"name\":\"Blackstone Gourmet Series Whiskey Burger Seasoning - 272g - Ks Products\",\"isPartOf\":{\"@id\":\"https:\\\/\\\/ksproducts.ca\\\/#website\"},\"primaryImageOfPage\":{\"@id\":\"https:\\\/\\\/ksproducts.ca\\\/product\\\/blackstone-gourmet-series-whiskey-burger-seasoning-272g\\\/#primaryimage\"},\"image\":{\"@id\":\"https:\\\/\\\/ksproducts.ca\\\/product\\\/blackstone-gourmet-series-whiskey-burger-seasoning-272g\\\/#primaryimage\"},\"thumbnailUrl\":\"https:\\\/\\\/ksproducts.ca\\\/wp-content\\\/uploads\\\/2026\\\/03\\\/Blackstone-Gourmet-Series-Whiskey-Burger-Seasoning-272g.webp\",\"datePublished\":\"2026-03-04T18:44:36+00:00\",\"breadcrumb\":{\"@id\":\"https:\\\/\\\/ksproducts.ca\\\/product\\\/blackstone-gourmet-series-whiskey-burger-seasoning-272g\\\/#breadcrumb\"},\"inLanguage\":\"fr-CA\",\"potentialAction\":[{\"@type\":\"ReadAction\",\"target\":[\"https:\\\/\\\/ksproducts.ca\\\/product\\\/blackstone-gourmet-series-whiskey-burger-seasoning-272g\\\/\"]}]},{\"@type\":\"ImageObject\",\"inLanguage\":\"fr-CA\",\"@id\":\"https:\\\/\\\/ksproducts.ca\\\/product\\\/blackstone-gourmet-series-whiskey-burger-seasoning-272g\\\/#primaryimage\",\"url\":\"https:\\\/\\\/ksproducts.ca\\\/wp-content\\\/uploads\\\/2026\\\/03\\\/Blackstone-Gourmet-Series-Whiskey-Burger-Seasoning-272g.webp\",\"contentUrl\":\"https:\\\/\\\/ksproducts.ca\\\/wp-content\\\/uploads\\\/2026\\\/03\\\/Blackstone-Gourmet-Series-Whiskey-Burger-Seasoning-272g.webp\",\"width\":800,\"height\":800,\"caption\":\"Blackstone Gourmet Series Whiskey Burger Seasoning 272g\"},{\"@type\":\"BreadcrumbList\",\"@id\":\"https:\\\/\\\/ksproducts.ca\\\/product\\\/blackstone-gourmet-series-whiskey-burger-seasoning-272g\\\/#breadcrumb\",\"itemListElement\":[{\"@type\":\"ListItem\",\"position\":1,\"name\":\"Home\",\"item\":\"https:\\\/\\\/ksproducts.ca\\\/\"},{\"@type\":\"ListItem\",\"position\":2,\"name\":\"Shop\",\"item\":\"https:\\\/\\\/ksproducts.ca\\\/shop\\\/\"},{\"@type\":\"ListItem\",\"position\":3,\"name\":\"Blackstone Gourmet Series Whiskey Burger Seasoning &#8211; 272g\"}]},{\"@type\":\"WebSite\",\"@id\":\"https:\\\/\\\/ksproducts.ca\\\/#website\",\"url\":\"https:\\\/\\\/ksproducts.ca\\\/\",\"name\":\"Ks Products\",\"description\":\"Outdoor cooking and living, made easy in Canada\",\"publisher\":{\"@id\":\"https:\\\/\\\/ksproducts.ca\\\/#organization\"},\"potentialAction\":[{\"@type\":\"SearchAction\",\"target\":{\"@type\":\"EntryPoint\",\"urlTemplate\":\"https:\\\/\\\/ksproducts.ca\\\/?s={search_term_string}\"},\"query-input\":{\"@type\":\"PropertyValueSpecification\",\"valueRequired\":true,\"valueName\":\"search_term_string\"}}],\"inLanguage\":\"fr-CA\"},{\"@type\":\"Organization\",\"@id\":\"https:\\\/\\\/ksproducts.ca\\\/#organization\",\"name\":\"Ks Products\",\"url\":\"https:\\\/\\\/ksproducts.ca\\\/\",\"logo\":{\"@type\":\"ImageObject\",\"inLanguage\":\"fr-CA\",\"@id\":\"https:\\\/\\\/ksproducts.ca\\\/#\\\/schema\\\/logo\\\/image\\\/\",\"url\":\"https:\\\/\\\/ksproducts.ca\\\/wp-content\\\/uploads\\\/2023\\\/09\\\/Kennedy-Sales-Logo-header-1.png\",\"contentUrl\":\"https:\\\/\\\/ksproducts.ca\\\/wp-content\\\/uploads\\\/2023\\\/09\\\/Kennedy-Sales-Logo-header-1.png\",\"width\":150,\"height\":77,\"caption\":\"Ks Products\"},\"image\":{\"@id\":\"https:\\\/\\\/ksproducts.ca\\\/#\\\/schema\\\/logo\\\/image\\\/\"}}]}<\/script>\n<!-- \/ Yoast SEO plugin. -->","yoast_head_json":{"title":"Blackstone Gourmet Series Assaisonnement pour burger au whisky - 272g - Ks Products","robots":{"index":"index","follow":"follow","max-snippet":"max-snippet:-1","max-image-preview":"max-image-preview:large","max-video-preview":"max-video-preview:-1"},"canonical":"https:\/\/ksproducts.ca\/fr\/product\/blackstone-gourmet-series-whiskey-burger-seasoning-272g\/","og_locale":"fr_CA","og_type":"article","og_title":"Blackstone Gourmet Series Whiskey Burger Seasoning - 272g - Ks Products","og_description":"The Whiskey Burger Seasoning brings a rustic flavor to every meal. The perfect blend of smoke and whiskey that enhances the flavor of your breakfast, lunch, and dinner. Try Whiskey Burger Seasoning on your smash burgers, steak, breakfast potatoes, chicken, and more!","og_url":"https:\/\/ksproducts.ca\/fr\/product\/blackstone-gourmet-series-whiskey-burger-seasoning-272g\/","og_site_name":"Ks Products","og_image":[{"width":800,"height":800,"url":"https:\/\/ksproducts.ca\/wp-content\/uploads\/2026\/03\/Blackstone-Gourmet-Series-Whiskey-Burger-Seasoning-272g.webp","type":"image\/webp"}],"twitter_card":"summary_large_image","twitter_misc":{"Estimation du temps de lecture":"1 minute"},"schema":{"@context":"https:\/\/schema.org","@graph":[{"@type":"WebPage","@id":"https:\/\/ksproducts.ca\/product\/blackstone-gourmet-series-whiskey-burger-seasoning-272g\/","url":"https:\/\/ksproducts.ca\/product\/blackstone-gourmet-series-whiskey-burger-seasoning-272g\/","name":"Blackstone Gourmet Series Assaisonnement pour burger au whisky - 272g - Ks Products","isPartOf":{"@id":"https:\/\/ksproducts.ca\/#website"},"primaryImageOfPage":{"@id":"https:\/\/ksproducts.ca\/product\/blackstone-gourmet-series-whiskey-burger-seasoning-272g\/#primaryimage"},"image":{"@id":"https:\/\/ksproducts.ca\/product\/blackstone-gourmet-series-whiskey-burger-seasoning-272g\/#primaryimage"},"thumbnailUrl":"https:\/\/ksproducts.ca\/wp-content\/uploads\/2026\/03\/Blackstone-Gourmet-Series-Whiskey-Burger-Seasoning-272g.webp","datePublished":"2026-03-04T18:44:36+00:00","breadcrumb":{"@id":"https:\/\/ksproducts.ca\/product\/blackstone-gourmet-series-whiskey-burger-seasoning-272g\/#breadcrumb"},"inLanguage":"fr-CA","potentialAction":[{"@type":"ReadAction","target":["https:\/\/ksproducts.ca\/product\/blackstone-gourmet-series-whiskey-burger-seasoning-272g\/"]}]},{"@type":"ImageObject","inLanguage":"fr-CA","@id":"https:\/\/ksproducts.ca\/product\/blackstone-gourmet-series-whiskey-burger-seasoning-272g\/#primaryimage","url":"https:\/\/ksproducts.ca\/wp-content\/uploads\/2026\/03\/Blackstone-Gourmet-Series-Whiskey-Burger-Seasoning-272g.webp","contentUrl":"https:\/\/ksproducts.ca\/wp-content\/uploads\/2026\/03\/Blackstone-Gourmet-Series-Whiskey-Burger-Seasoning-272g.webp","width":800,"height":800,"caption":"Blackstone Gourmet Series Whiskey Burger Seasoning 272g"},{"@type":"BreadcrumbList","@id":"https:\/\/ksproducts.ca\/product\/blackstone-gourmet-series-whiskey-burger-seasoning-272g\/#breadcrumb","itemListElement":[{"@type":"ListItem","position":1,"name":"Home","item":"https:\/\/ksproducts.ca\/"},{"@type":"ListItem","position":2,"name":"Shop","item":"https:\/\/ksproducts.ca\/shop\/"},{"@type":"ListItem","position":3,"name":"Blackstone Gourmet Series Whiskey Burger Seasoning &#8211; 272g"}]},{"@type":"WebSite","@id":"https:\/\/ksproducts.ca\/#website","url":"https:\/\/ksproducts.ca\/","name":"Produits Ks","description":"Cuisiner et vivre en plein air, c'est facile au Canada","publisher":{"@id":"https:\/\/ksproducts.ca\/#organization"},"potentialAction":[{"@type":"SearchAction","target":{"@type":"EntryPoint","urlTemplate":"https:\/\/ksproducts.ca\/?s={search_term_string}"},"query-input":{"@type":"PropertyValueSpecification","valueRequired":true,"valueName":"search_term_string"}}],"inLanguage":"fr-CA"},{"@type":"Organization","@id":"https:\/\/ksproducts.ca\/#organization","name":"Produits Ks","url":"https:\/\/ksproducts.ca\/","logo":{"@type":"ImageObject","inLanguage":"fr-CA","@id":"https:\/\/ksproducts.ca\/#\/schema\/logo\/image\/","url":"https:\/\/ksproducts.ca\/wp-content\/uploads\/2023\/09\/Kennedy-Sales-Logo-header-1.png","contentUrl":"https:\/\/ksproducts.ca\/wp-content\/uploads\/2023\/09\/Kennedy-Sales-Logo-header-1.png","width":150,"height":77,"caption":"Ks Products"},"image":{"@id":"https:\/\/ksproducts.ca\/#\/schema\/logo\/image\/"}}]}},"_links":{"self":[{"href":"https:\/\/ksproducts.ca\/fr\/wp-json\/wp\/v2\/product\/11501","targetHints":{"allow":["GET"]}}],"collection":[{"href":"https:\/\/ksproducts.ca\/fr\/wp-json\/wp\/v2\/product"}],"about":[{"href":"https:\/\/ksproducts.ca\/fr\/wp-json\/wp\/v2\/types\/product"}],"replies":[{"embeddable":true,"href":"https:\/\/ksproducts.ca\/fr\/wp-json\/wp\/v2\/comments?post=11501"}],"version-history":[{"count":1,"href":"https:\/\/ksproducts.ca\/fr\/wp-json\/wp\/v2\/product\/11501\/revisions"}],"predecessor-version":[{"id":11503,"href":"https:\/\/ksproducts.ca\/fr\/wp-json\/wp\/v2\/product\/11501\/revisions\/11503"}],"wp:featuredmedia":[{"embeddable":true,"href":"https:\/\/ksproducts.ca\/fr\/wp-json\/wp\/v2\/media\/11502"}],"wp:attachment":[{"href":"https:\/\/ksproducts.ca\/fr\/wp-json\/wp\/v2\/media?parent=11501"}],"wp:term":[{"taxonomy":"product_cat","embeddable":true,"href":"https:\/\/ksproducts.ca\/fr\/wp-json\/wp\/v2\/product_cat?post=11501"},{"taxonomy":"product_tag","embeddable":true,"href":"https:\/\/ksproducts.ca\/fr\/wp-json\/wp\/v2\/product_tag?post=11501"}],"curies":[{"name":"wp","href":"https:\/\/api.w.org\/{rel}","templated":true}]}}