{"id":11507,"date":"2026-03-04T18:52:35","date_gmt":"2026-03-04T18:52:35","guid":{"rendered":"https:\/\/ksproducts.ca\/?post_type=product&#038;p=11507"},"modified":"2026-03-04T18:52:35","modified_gmt":"2026-03-04T18:52:35","slug":"blackstone-gourmet-series-spray-anti-adhesif-pour-plancha-170g","status":"publish","type":"product","link":"https:\/\/ksproducts.ca\/fr\/product\/blackstone-gourmet-series-non-stick-griddle-spray-170g\/","title":{"rendered":"Blackstone Gourmet Series Spray antiadh\u00e9sif pour gril - 170g"},"content":{"rendered":"<ul class=\"page-product__supplier_bullets\">\n<li>Peut \u00eatre utilis\u00e9 selon les besoins avant et pendant la cuisson<\/li>\n<li>\u00c0 utiliser sur les gaufriers, les presses \u00e0 panini, les ustensiles de cuisine en fonte, les moules \u00e0 p\u00e2tisserie, etc.<\/li>\n<li>Utiliser pour cuire, prot\u00e9ger et assaisonner votre plaque de cuisson<\/li>\n<\/ul>","protected":false},"excerpt":{"rendered":"<p>Gagnez du temps avec le spray antiadh\u00e9sif pour gril Blackstone ! Cette formule 3 en 1 peut \u00eatre utilis\u00e9e pour tous vos besoins en mati\u00e8re de cuisson et de grillage. Ce spray prot\u00e9gera l'assaisonnement de votre Blackstone et vous permettra de gagner du temps en nettoyant les salissures qui se sont accumul\u00e9es. Cette formule a \u00e9t\u00e9 sp\u00e9cialement con\u00e7ue pour cuire, prot\u00e9ger et assaisonner votre plancha, mais elle est parfaite pour les gaufriers, les po\u00eales en fonte et autres ustensiles de cuisine. Utilisez-la au besoin avant, pendant et apr\u00e8s la cuisson pour prot\u00e9ger votre plaque et emp\u00eacher vos aliments de coller.<\/p>","protected":false},"featured_media":11508,"comment_status":"open","ping_status":"closed","template":"","meta":[],"product_cat":[439,428],"product_tag":[],"class_list":{"0":"post-11507","1":"product","2":"type-product","3":"status-publish","4":"has-post-thumbnail","6":"product_cat-conditioners-cleaning","7":"product_cat-outdoor-cooking","8":"product_shipping_class-class-1","10":"first","11":"instock","12":"taxable","13":"shipping-taxable","14":"purchasable","15":"product-type-simple"},"yoast_head":"<!-- This site is optimized with the Yoast SEO plugin v27.4 - https:\/\/yoast.com\/product\/yoast-seo-wordpress\/ -->\n<title>Blackstone Gourmet Series Non-Stick Griddle Spray - 170g - Ks Products<\/title>\n<meta name=\"robots\" content=\"index, follow, max-snippet:-1, max-image-preview:large, max-video-preview:-1\" \/>\n<link rel=\"canonical\" href=\"https:\/\/ksproducts.ca\/fr\/product\/blackstone-gourmet-series-spray-anti-adhesif-pour-plancha-170g\/\" \/>\n<meta property=\"og:locale\" content=\"fr_CA\" \/>\n<meta property=\"og:type\" content=\"article\" \/>\n<meta property=\"og:title\" content=\"Blackstone Gourmet Series Non-Stick Griddle Spray - 170g - Ks Products\" \/>\n<meta property=\"og:description\" content=\"Save time with the Blackstone Non-Stick Griddle Spray! This 3-in-1 formula can be used for all of your cooking and griddling needs. This spray will protect the seasoning on your Blackstone as well as save you time cleaning up any backed-on mess afterwards. This formula was specifically designed to cook, protect, and season your griddle, but is perfect to use on waffle irons, cast iron pans, and other cookware. Use it as needed before, during, and after cooking to protect your griddle and keep your food from sticking.\" \/>\n<meta property=\"og:url\" content=\"https:\/\/ksproducts.ca\/fr\/product\/blackstone-gourmet-series-spray-anti-adhesif-pour-plancha-170g\/\" \/>\n<meta property=\"og:site_name\" content=\"Ks Products\" \/>\n<meta property=\"og:image\" content=\"https:\/\/ksproducts.ca\/wp-content\/uploads\/2026\/03\/Blackstone-Gourmet-Series-Non-Stick-Griddle-Spray-170g.jpg\" \/>\n\t<meta property=\"og:image:width\" content=\"660\" \/>\n\t<meta property=\"og:image:height\" content=\"660\" \/>\n\t<meta property=\"og:image:type\" content=\"image\/jpeg\" \/>\n<meta name=\"twitter:card\" content=\"summary_large_image\" \/>\n<meta name=\"twitter:label1\" content=\"Estimation du temps de lecture\" \/>\n\t<meta name=\"twitter:data1\" content=\"1 minute\" \/>\n<script type=\"application\/ld+json\" class=\"yoast-schema-graph\">{\"@context\":\"https:\\\/\\\/schema.org\",\"@graph\":[{\"@type\":\"WebPage\",\"@id\":\"https:\\\/\\\/ksproducts.ca\\\/product\\\/blackstone-gourmet-series-non-stick-griddle-spray-170g\\\/\",\"url\":\"https:\\\/\\\/ksproducts.ca\\\/product\\\/blackstone-gourmet-series-non-stick-griddle-spray-170g\\\/\",\"name\":\"Blackstone Gourmet Series Non-Stick Griddle Spray - 170g - Ks Products\",\"isPartOf\":{\"@id\":\"https:\\\/\\\/ksproducts.ca\\\/#website\"},\"primaryImageOfPage\":{\"@id\":\"https:\\\/\\\/ksproducts.ca\\\/product\\\/blackstone-gourmet-series-non-stick-griddle-spray-170g\\\/#primaryimage\"},\"image\":{\"@id\":\"https:\\\/\\\/ksproducts.ca\\\/product\\\/blackstone-gourmet-series-non-stick-griddle-spray-170g\\\/#primaryimage\"},\"thumbnailUrl\":\"https:\\\/\\\/ksproducts.ca\\\/wp-content\\\/uploads\\\/2026\\\/03\\\/Blackstone-Gourmet-Series-Non-Stick-Griddle-Spray-170g.jpg\",\"datePublished\":\"2026-03-04T18:52:35+00:00\",\"breadcrumb\":{\"@id\":\"https:\\\/\\\/ksproducts.ca\\\/product\\\/blackstone-gourmet-series-non-stick-griddle-spray-170g\\\/#breadcrumb\"},\"inLanguage\":\"fr-CA\",\"potentialAction\":[{\"@type\":\"ReadAction\",\"target\":[\"https:\\\/\\\/ksproducts.ca\\\/product\\\/blackstone-gourmet-series-non-stick-griddle-spray-170g\\\/\"]}]},{\"@type\":\"ImageObject\",\"inLanguage\":\"fr-CA\",\"@id\":\"https:\\\/\\\/ksproducts.ca\\\/product\\\/blackstone-gourmet-series-non-stick-griddle-spray-170g\\\/#primaryimage\",\"url\":\"https:\\\/\\\/ksproducts.ca\\\/wp-content\\\/uploads\\\/2026\\\/03\\\/Blackstone-Gourmet-Series-Non-Stick-Griddle-Spray-170g.jpg\",\"contentUrl\":\"https:\\\/\\\/ksproducts.ca\\\/wp-content\\\/uploads\\\/2026\\\/03\\\/Blackstone-Gourmet-Series-Non-Stick-Griddle-Spray-170g.jpg\",\"width\":660,\"height\":660,\"caption\":\"Blackstone Gourmet Series Non Stick Griddle Spray 170g\"},{\"@type\":\"BreadcrumbList\",\"@id\":\"https:\\\/\\\/ksproducts.ca\\\/product\\\/blackstone-gourmet-series-non-stick-griddle-spray-170g\\\/#breadcrumb\",\"itemListElement\":[{\"@type\":\"ListItem\",\"position\":1,\"name\":\"Home\",\"item\":\"https:\\\/\\\/ksproducts.ca\\\/\"},{\"@type\":\"ListItem\",\"position\":2,\"name\":\"Shop\",\"item\":\"https:\\\/\\\/ksproducts.ca\\\/shop\\\/\"},{\"@type\":\"ListItem\",\"position\":3,\"name\":\"Blackstone Gourmet Series Non-Stick Griddle Spray &#8211; 170g\"}]},{\"@type\":\"WebSite\",\"@id\":\"https:\\\/\\\/ksproducts.ca\\\/#website\",\"url\":\"https:\\\/\\\/ksproducts.ca\\\/\",\"name\":\"Ks Products\",\"description\":\"Outdoor cooking and living, made easy in Canada\",\"publisher\":{\"@id\":\"https:\\\/\\\/ksproducts.ca\\\/#organization\"},\"potentialAction\":[{\"@type\":\"SearchAction\",\"target\":{\"@type\":\"EntryPoint\",\"urlTemplate\":\"https:\\\/\\\/ksproducts.ca\\\/?s={search_term_string}\"},\"query-input\":{\"@type\":\"PropertyValueSpecification\",\"valueRequired\":true,\"valueName\":\"search_term_string\"}}],\"inLanguage\":\"fr-CA\"},{\"@type\":\"Organization\",\"@id\":\"https:\\\/\\\/ksproducts.ca\\\/#organization\",\"name\":\"Ks Products\",\"url\":\"https:\\\/\\\/ksproducts.ca\\\/\",\"logo\":{\"@type\":\"ImageObject\",\"inLanguage\":\"fr-CA\",\"@id\":\"https:\\\/\\\/ksproducts.ca\\\/#\\\/schema\\\/logo\\\/image\\\/\",\"url\":\"https:\\\/\\\/ksproducts.ca\\\/wp-content\\\/uploads\\\/2023\\\/09\\\/Kennedy-Sales-Logo-header-1.png\",\"contentUrl\":\"https:\\\/\\\/ksproducts.ca\\\/wp-content\\\/uploads\\\/2023\\\/09\\\/Kennedy-Sales-Logo-header-1.png\",\"width\":150,\"height\":77,\"caption\":\"Ks Products\"},\"image\":{\"@id\":\"https:\\\/\\\/ksproducts.ca\\\/#\\\/schema\\\/logo\\\/image\\\/\"}}]}<\/script>\n<!-- \/ Yoast SEO plugin. -->","yoast_head_json":{"title":"Blackstone Gourmet Series Spray antiadh\u00e9sif pour gril - 170g - Ks Products","robots":{"index":"index","follow":"follow","max-snippet":"max-snippet:-1","max-image-preview":"max-image-preview:large","max-video-preview":"max-video-preview:-1"},"canonical":"https:\/\/ksproducts.ca\/fr\/product\/blackstone-gourmet-series-spray-anti-adhesif-pour-plancha-170g\/","og_locale":"fr_CA","og_type":"article","og_title":"Blackstone Gourmet Series Non-Stick Griddle Spray - 170g - Ks Products","og_description":"Save time with the Blackstone Non-Stick Griddle Spray! This 3-in-1 formula can be used for all of your cooking and griddling needs. This spray will protect the seasoning on your Blackstone as well as save you time cleaning up any backed-on mess afterwards. This formula was specifically designed to cook, protect, and season your griddle, but is perfect to use on waffle irons, cast iron pans, and other cookware. Use it as needed before, during, and after cooking to protect your griddle and keep your food from sticking.","og_url":"https:\/\/ksproducts.ca\/fr\/product\/blackstone-gourmet-series-spray-anti-adhesif-pour-plancha-170g\/","og_site_name":"Ks Products","og_image":[{"width":660,"height":660,"url":"https:\/\/ksproducts.ca\/wp-content\/uploads\/2026\/03\/Blackstone-Gourmet-Series-Non-Stick-Griddle-Spray-170g.jpg","type":"image\/jpeg"}],"twitter_card":"summary_large_image","twitter_misc":{"Estimation du temps de lecture":"1 minute"},"schema":{"@context":"https:\/\/schema.org","@graph":[{"@type":"WebPage","@id":"https:\/\/ksproducts.ca\/product\/blackstone-gourmet-series-non-stick-griddle-spray-170g\/","url":"https:\/\/ksproducts.ca\/product\/blackstone-gourmet-series-non-stick-griddle-spray-170g\/","name":"Blackstone Gourmet Series Spray antiadh\u00e9sif pour gril - 170g - Ks Products","isPartOf":{"@id":"https:\/\/ksproducts.ca\/#website"},"primaryImageOfPage":{"@id":"https:\/\/ksproducts.ca\/product\/blackstone-gourmet-series-non-stick-griddle-spray-170g\/#primaryimage"},"image":{"@id":"https:\/\/ksproducts.ca\/product\/blackstone-gourmet-series-non-stick-griddle-spray-170g\/#primaryimage"},"thumbnailUrl":"https:\/\/ksproducts.ca\/wp-content\/uploads\/2026\/03\/Blackstone-Gourmet-Series-Non-Stick-Griddle-Spray-170g.jpg","datePublished":"2026-03-04T18:52:35+00:00","breadcrumb":{"@id":"https:\/\/ksproducts.ca\/product\/blackstone-gourmet-series-non-stick-griddle-spray-170g\/#breadcrumb"},"inLanguage":"fr-CA","potentialAction":[{"@type":"ReadAction","target":["https:\/\/ksproducts.ca\/product\/blackstone-gourmet-series-non-stick-griddle-spray-170g\/"]}]},{"@type":"ImageObject","inLanguage":"fr-CA","@id":"https:\/\/ksproducts.ca\/product\/blackstone-gourmet-series-non-stick-griddle-spray-170g\/#primaryimage","url":"https:\/\/ksproducts.ca\/wp-content\/uploads\/2026\/03\/Blackstone-Gourmet-Series-Non-Stick-Griddle-Spray-170g.jpg","contentUrl":"https:\/\/ksproducts.ca\/wp-content\/uploads\/2026\/03\/Blackstone-Gourmet-Series-Non-Stick-Griddle-Spray-170g.jpg","width":660,"height":660,"caption":"Blackstone Gourmet Series Non Stick Griddle Spray 170g"},{"@type":"BreadcrumbList","@id":"https:\/\/ksproducts.ca\/product\/blackstone-gourmet-series-non-stick-griddle-spray-170g\/#breadcrumb","itemListElement":[{"@type":"ListItem","position":1,"name":"Home","item":"https:\/\/ksproducts.ca\/"},{"@type":"ListItem","position":2,"name":"Shop","item":"https:\/\/ksproducts.ca\/shop\/"},{"@type":"ListItem","position":3,"name":"Blackstone Gourmet Series Non-Stick Griddle Spray &#8211; 170g"}]},{"@type":"WebSite","@id":"https:\/\/ksproducts.ca\/#website","url":"https:\/\/ksproducts.ca\/","name":"Produits Ks","description":"Cuisiner et vivre en plein air, c'est facile au Canada","publisher":{"@id":"https:\/\/ksproducts.ca\/#organization"},"potentialAction":[{"@type":"SearchAction","target":{"@type":"EntryPoint","urlTemplate":"https:\/\/ksproducts.ca\/?s={search_term_string}"},"query-input":{"@type":"PropertyValueSpecification","valueRequired":true,"valueName":"search_term_string"}}],"inLanguage":"fr-CA"},{"@type":"Organization","@id":"https:\/\/ksproducts.ca\/#organization","name":"Produits Ks","url":"https:\/\/ksproducts.ca\/","logo":{"@type":"ImageObject","inLanguage":"fr-CA","@id":"https:\/\/ksproducts.ca\/#\/schema\/logo\/image\/","url":"https:\/\/ksproducts.ca\/wp-content\/uploads\/2023\/09\/Kennedy-Sales-Logo-header-1.png","contentUrl":"https:\/\/ksproducts.ca\/wp-content\/uploads\/2023\/09\/Kennedy-Sales-Logo-header-1.png","width":150,"height":77,"caption":"Ks Products"},"image":{"@id":"https:\/\/ksproducts.ca\/#\/schema\/logo\/image\/"}}]}},"_links":{"self":[{"href":"https:\/\/ksproducts.ca\/fr\/wp-json\/wp\/v2\/product\/11507","targetHints":{"allow":["GET"]}}],"collection":[{"href":"https:\/\/ksproducts.ca\/fr\/wp-json\/wp\/v2\/product"}],"about":[{"href":"https:\/\/ksproducts.ca\/fr\/wp-json\/wp\/v2\/types\/product"}],"replies":[{"embeddable":true,"href":"https:\/\/ksproducts.ca\/fr\/wp-json\/wp\/v2\/comments?post=11507"}],"version-history":[{"count":1,"href":"https:\/\/ksproducts.ca\/fr\/wp-json\/wp\/v2\/product\/11507\/revisions"}],"predecessor-version":[{"id":11509,"href":"https:\/\/ksproducts.ca\/fr\/wp-json\/wp\/v2\/product\/11507\/revisions\/11509"}],"wp:featuredmedia":[{"embeddable":true,"href":"https:\/\/ksproducts.ca\/fr\/wp-json\/wp\/v2\/media\/11508"}],"wp:attachment":[{"href":"https:\/\/ksproducts.ca\/fr\/wp-json\/wp\/v2\/media?parent=11507"}],"wp:term":[{"taxonomy":"product_cat","embeddable":true,"href":"https:\/\/ksproducts.ca\/fr\/wp-json\/wp\/v2\/product_cat?post=11507"},{"taxonomy":"product_tag","embeddable":true,"href":"https:\/\/ksproducts.ca\/fr\/wp-json\/wp\/v2\/product_tag?post=11507"}],"curies":[{"name":"wp","href":"https:\/\/api.w.org\/{rel}","templated":true}]}}