{"id":11529,"date":"2026-03-04T19:22:55","date_gmt":"2026-03-04T19:22:55","guid":{"rendered":"https:\/\/ksproducts.ca\/?post_type=product&#038;p=11529"},"modified":"2026-03-04T19:22:55","modified_gmt":"2026-03-04T19:22:55","slug":"kit-de-restauration-de-la-plaque-de-cuisson-blackstone-gourmet-series","status":"publish","type":"product","link":"https:\/\/ksproducts.ca\/fr\/product\/blackstone-gourmet-series-griddle-top-restoration-kit\/","title":{"rendered":"Kit de restauration de la plaque de gril de la s\u00e9rie Gourmet de Blackstone"},"content":{"rendered":"<ul class=\"features-specs-list\">\n<li class=\"acumin\">Le kit comprend un produit de restauration de la plaque de cuisson de 8 oz liq. (Qt\u00e9 1) et des tampons \u00e0 r\u00e9curer (Qt\u00e9 2).<\/li>\n<li class=\"acumin\">S'utilise sur la plaque de cuisson, les \u00e9tag\u00e8res lat\u00e9rales, les ustensiles de cuisine et les outils.<\/li>\n<li class=\"acumin\">Ne pas utiliser sur la surface chaude d'une plaque de cuisson<\/li>\n<\/ul>","protected":false},"excerpt":{"rendered":"<p>Si votre plaque de cuisson a besoin d'un peu d'entretien, utilisez ce kit pour rafra\u00eechir le dessus de votre plaque et nettoyer la station de cuisson. Utilisez le d\u00e9graissant brevet\u00e9 pour \u00e9liminer les taches de graisse sur les \u00e9tag\u00e8res, les boutons et autres \u00e9l\u00e9ments de votre plan de travail, tandis que vous r\u00e9initialisez votre plan de travail \u00e0 l'aide du restaurateur et du r\u00e9cureur. Redonnez vie \u00e0 votre plaque de cuisson gr\u00e2ce au kit de restauration Blackstone.<\/p>","protected":false},"featured_media":11530,"comment_status":"open","ping_status":"closed","template":"","meta":[],"product_cat":[439],"product_tag":[],"class_list":{"0":"post-11529","1":"product","2":"type-product","3":"status-publish","4":"has-post-thumbnail","6":"product_cat-conditioners-cleaning","7":"product_shipping_class-class-1","9":"first","10":"instock","11":"taxable","12":"shipping-taxable","13":"purchasable","14":"product-type-simple"},"yoast_head":"<!-- This site is optimized with the Yoast SEO plugin v27.4 - https:\/\/yoast.com\/product\/yoast-seo-wordpress\/ -->\n<title>Blackstone Gourmet Series Griddle Top Restoration Kit - Ks Products<\/title>\n<meta name=\"robots\" content=\"index, follow, max-snippet:-1, max-image-preview:large, max-video-preview:-1\" \/>\n<link rel=\"canonical\" href=\"https:\/\/ksproducts.ca\/fr\/product\/kit-de-restauration-de-la-plaque-de-cuisson-blackstone-gourmet-series\/\" \/>\n<meta property=\"og:locale\" content=\"fr_CA\" \/>\n<meta property=\"og:type\" content=\"article\" \/>\n<meta property=\"og:title\" content=\"Blackstone Gourmet Series Griddle Top Restoration Kit - Ks Products\" \/>\n<meta property=\"og:description\" content=\"If your griddle needs some TLC, use this kit to refresh your griddle top and clean the griddle station. Use the proprietary Degreaser to remove grease spots on your griddle\u2019s shelves, knobs, and more while you reset your griddle top using the Restorer and Scrubber. Bring your griddle top back to life with Blackstone\u2019s Restoration Kit.\" \/>\n<meta property=\"og:url\" content=\"https:\/\/ksproducts.ca\/fr\/product\/kit-de-restauration-de-la-plaque-de-cuisson-blackstone-gourmet-series\/\" \/>\n<meta property=\"og:site_name\" content=\"Ks Products\" \/>\n<meta property=\"og:image\" content=\"https:\/\/ksproducts.ca\/wp-content\/uploads\/2026\/03\/Griddle-Top-Restoration-Kit.webp\" \/>\n\t<meta property=\"og:image:width\" content=\"800\" \/>\n\t<meta property=\"og:image:height\" content=\"800\" \/>\n\t<meta property=\"og:image:type\" content=\"image\/webp\" \/>\n<meta name=\"twitter:card\" content=\"summary_large_image\" \/>\n<meta name=\"twitter:label1\" content=\"Estimation du temps de lecture\" \/>\n\t<meta name=\"twitter:data1\" content=\"1 minute\" \/>\n<script type=\"application\/ld+json\" class=\"yoast-schema-graph\">{\"@context\":\"https:\\\/\\\/schema.org\",\"@graph\":[{\"@type\":\"WebPage\",\"@id\":\"https:\\\/\\\/ksproducts.ca\\\/product\\\/blackstone-gourmet-series-griddle-top-restoration-kit\\\/\",\"url\":\"https:\\\/\\\/ksproducts.ca\\\/product\\\/blackstone-gourmet-series-griddle-top-restoration-kit\\\/\",\"name\":\"Blackstone Gourmet Series Griddle Top Restoration Kit - Ks Products\",\"isPartOf\":{\"@id\":\"https:\\\/\\\/ksproducts.ca\\\/#website\"},\"primaryImageOfPage\":{\"@id\":\"https:\\\/\\\/ksproducts.ca\\\/product\\\/blackstone-gourmet-series-griddle-top-restoration-kit\\\/#primaryimage\"},\"image\":{\"@id\":\"https:\\\/\\\/ksproducts.ca\\\/product\\\/blackstone-gourmet-series-griddle-top-restoration-kit\\\/#primaryimage\"},\"thumbnailUrl\":\"https:\\\/\\\/ksproducts.ca\\\/wp-content\\\/uploads\\\/2026\\\/03\\\/Griddle-Top-Restoration-Kit.webp\",\"datePublished\":\"2026-03-04T19:22:55+00:00\",\"breadcrumb\":{\"@id\":\"https:\\\/\\\/ksproducts.ca\\\/product\\\/blackstone-gourmet-series-griddle-top-restoration-kit\\\/#breadcrumb\"},\"inLanguage\":\"fr-CA\",\"potentialAction\":[{\"@type\":\"ReadAction\",\"target\":[\"https:\\\/\\\/ksproducts.ca\\\/product\\\/blackstone-gourmet-series-griddle-top-restoration-kit\\\/\"]}]},{\"@type\":\"ImageObject\",\"inLanguage\":\"fr-CA\",\"@id\":\"https:\\\/\\\/ksproducts.ca\\\/product\\\/blackstone-gourmet-series-griddle-top-restoration-kit\\\/#primaryimage\",\"url\":\"https:\\\/\\\/ksproducts.ca\\\/wp-content\\\/uploads\\\/2026\\\/03\\\/Griddle-Top-Restoration-Kit.webp\",\"contentUrl\":\"https:\\\/\\\/ksproducts.ca\\\/wp-content\\\/uploads\\\/2026\\\/03\\\/Griddle-Top-Restoration-Kit.webp\",\"width\":800,\"height\":800,\"caption\":\"Griddle Top Restoration Kit\"},{\"@type\":\"BreadcrumbList\",\"@id\":\"https:\\\/\\\/ksproducts.ca\\\/product\\\/blackstone-gourmet-series-griddle-top-restoration-kit\\\/#breadcrumb\",\"itemListElement\":[{\"@type\":\"ListItem\",\"position\":1,\"name\":\"Home\",\"item\":\"https:\\\/\\\/ksproducts.ca\\\/\"},{\"@type\":\"ListItem\",\"position\":2,\"name\":\"Shop\",\"item\":\"https:\\\/\\\/ksproducts.ca\\\/shop\\\/\"},{\"@type\":\"ListItem\",\"position\":3,\"name\":\"Blackstone Gourmet Series Griddle Top Restoration Kit\"}]},{\"@type\":\"WebSite\",\"@id\":\"https:\\\/\\\/ksproducts.ca\\\/#website\",\"url\":\"https:\\\/\\\/ksproducts.ca\\\/\",\"name\":\"Ks Products\",\"description\":\"Outdoor cooking and living, made easy in Canada\",\"publisher\":{\"@id\":\"https:\\\/\\\/ksproducts.ca\\\/#organization\"},\"potentialAction\":[{\"@type\":\"SearchAction\",\"target\":{\"@type\":\"EntryPoint\",\"urlTemplate\":\"https:\\\/\\\/ksproducts.ca\\\/?s={search_term_string}\"},\"query-input\":{\"@type\":\"PropertyValueSpecification\",\"valueRequired\":true,\"valueName\":\"search_term_string\"}}],\"inLanguage\":\"fr-CA\"},{\"@type\":\"Organization\",\"@id\":\"https:\\\/\\\/ksproducts.ca\\\/#organization\",\"name\":\"Ks Products\",\"url\":\"https:\\\/\\\/ksproducts.ca\\\/\",\"logo\":{\"@type\":\"ImageObject\",\"inLanguage\":\"fr-CA\",\"@id\":\"https:\\\/\\\/ksproducts.ca\\\/#\\\/schema\\\/logo\\\/image\\\/\",\"url\":\"https:\\\/\\\/ksproducts.ca\\\/wp-content\\\/uploads\\\/2023\\\/09\\\/Kennedy-Sales-Logo-header-1.png\",\"contentUrl\":\"https:\\\/\\\/ksproducts.ca\\\/wp-content\\\/uploads\\\/2023\\\/09\\\/Kennedy-Sales-Logo-header-1.png\",\"width\":150,\"height\":77,\"caption\":\"Ks Products\"},\"image\":{\"@id\":\"https:\\\/\\\/ksproducts.ca\\\/#\\\/schema\\\/logo\\\/image\\\/\"}}]}<\/script>\n<!-- \/ Yoast SEO plugin. -->","yoast_head_json":{"title":"Kit de restauration de la plaque de gril Blackstone Gourmet Series - Ks Products","robots":{"index":"index","follow":"follow","max-snippet":"max-snippet:-1","max-image-preview":"max-image-preview:large","max-video-preview":"max-video-preview:-1"},"canonical":"https:\/\/ksproducts.ca\/fr\/product\/kit-de-restauration-de-la-plaque-de-cuisson-blackstone-gourmet-series\/","og_locale":"fr_CA","og_type":"article","og_title":"Blackstone Gourmet Series Griddle Top Restoration Kit - Ks Products","og_description":"If your griddle needs some TLC, use this kit to refresh your griddle top and clean the griddle station. Use the proprietary Degreaser to remove grease spots on your griddle\u2019s shelves, knobs, and more while you reset your griddle top using the Restorer and Scrubber. Bring your griddle top back to life with Blackstone\u2019s Restoration Kit.","og_url":"https:\/\/ksproducts.ca\/fr\/product\/kit-de-restauration-de-la-plaque-de-cuisson-blackstone-gourmet-series\/","og_site_name":"Ks Products","og_image":[{"width":800,"height":800,"url":"https:\/\/ksproducts.ca\/wp-content\/uploads\/2026\/03\/Griddle-Top-Restoration-Kit.webp","type":"image\/webp"}],"twitter_card":"summary_large_image","twitter_misc":{"Estimation du temps de lecture":"1 minute"},"schema":{"@context":"https:\/\/schema.org","@graph":[{"@type":"WebPage","@id":"https:\/\/ksproducts.ca\/product\/blackstone-gourmet-series-griddle-top-restoration-kit\/","url":"https:\/\/ksproducts.ca\/product\/blackstone-gourmet-series-griddle-top-restoration-kit\/","name":"Kit de restauration de la plaque de gril Blackstone Gourmet Series - Ks Products","isPartOf":{"@id":"https:\/\/ksproducts.ca\/#website"},"primaryImageOfPage":{"@id":"https:\/\/ksproducts.ca\/product\/blackstone-gourmet-series-griddle-top-restoration-kit\/#primaryimage"},"image":{"@id":"https:\/\/ksproducts.ca\/product\/blackstone-gourmet-series-griddle-top-restoration-kit\/#primaryimage"},"thumbnailUrl":"https:\/\/ksproducts.ca\/wp-content\/uploads\/2026\/03\/Griddle-Top-Restoration-Kit.webp","datePublished":"2026-03-04T19:22:55+00:00","breadcrumb":{"@id":"https:\/\/ksproducts.ca\/product\/blackstone-gourmet-series-griddle-top-restoration-kit\/#breadcrumb"},"inLanguage":"fr-CA","potentialAction":[{"@type":"ReadAction","target":["https:\/\/ksproducts.ca\/product\/blackstone-gourmet-series-griddle-top-restoration-kit\/"]}]},{"@type":"ImageObject","inLanguage":"fr-CA","@id":"https:\/\/ksproducts.ca\/product\/blackstone-gourmet-series-griddle-top-restoration-kit\/#primaryimage","url":"https:\/\/ksproducts.ca\/wp-content\/uploads\/2026\/03\/Griddle-Top-Restoration-Kit.webp","contentUrl":"https:\/\/ksproducts.ca\/wp-content\/uploads\/2026\/03\/Griddle-Top-Restoration-Kit.webp","width":800,"height":800,"caption":"Griddle Top Restoration Kit"},{"@type":"BreadcrumbList","@id":"https:\/\/ksproducts.ca\/product\/blackstone-gourmet-series-griddle-top-restoration-kit\/#breadcrumb","itemListElement":[{"@type":"ListItem","position":1,"name":"Home","item":"https:\/\/ksproducts.ca\/"},{"@type":"ListItem","position":2,"name":"Shop","item":"https:\/\/ksproducts.ca\/shop\/"},{"@type":"ListItem","position":3,"name":"Blackstone Gourmet Series Griddle Top Restoration Kit"}]},{"@type":"WebSite","@id":"https:\/\/ksproducts.ca\/#website","url":"https:\/\/ksproducts.ca\/","name":"Produits Ks","description":"Cuisiner et vivre en plein air, c'est facile au Canada","publisher":{"@id":"https:\/\/ksproducts.ca\/#organization"},"potentialAction":[{"@type":"SearchAction","target":{"@type":"EntryPoint","urlTemplate":"https:\/\/ksproducts.ca\/?s={search_term_string}"},"query-input":{"@type":"PropertyValueSpecification","valueRequired":true,"valueName":"search_term_string"}}],"inLanguage":"fr-CA"},{"@type":"Organization","@id":"https:\/\/ksproducts.ca\/#organization","name":"Produits Ks","url":"https:\/\/ksproducts.ca\/","logo":{"@type":"ImageObject","inLanguage":"fr-CA","@id":"https:\/\/ksproducts.ca\/#\/schema\/logo\/image\/","url":"https:\/\/ksproducts.ca\/wp-content\/uploads\/2023\/09\/Kennedy-Sales-Logo-header-1.png","contentUrl":"https:\/\/ksproducts.ca\/wp-content\/uploads\/2023\/09\/Kennedy-Sales-Logo-header-1.png","width":150,"height":77,"caption":"Ks Products"},"image":{"@id":"https:\/\/ksproducts.ca\/#\/schema\/logo\/image\/"}}]}},"_links":{"self":[{"href":"https:\/\/ksproducts.ca\/fr\/wp-json\/wp\/v2\/product\/11529","targetHints":{"allow":["GET"]}}],"collection":[{"href":"https:\/\/ksproducts.ca\/fr\/wp-json\/wp\/v2\/product"}],"about":[{"href":"https:\/\/ksproducts.ca\/fr\/wp-json\/wp\/v2\/types\/product"}],"replies":[{"embeddable":true,"href":"https:\/\/ksproducts.ca\/fr\/wp-json\/wp\/v2\/comments?post=11529"}],"version-history":[{"count":1,"href":"https:\/\/ksproducts.ca\/fr\/wp-json\/wp\/v2\/product\/11529\/revisions"}],"predecessor-version":[{"id":11531,"href":"https:\/\/ksproducts.ca\/fr\/wp-json\/wp\/v2\/product\/11529\/revisions\/11531"}],"wp:featuredmedia":[{"embeddable":true,"href":"https:\/\/ksproducts.ca\/fr\/wp-json\/wp\/v2\/media\/11530"}],"wp:attachment":[{"href":"https:\/\/ksproducts.ca\/fr\/wp-json\/wp\/v2\/media?parent=11529"}],"wp:term":[{"taxonomy":"product_cat","embeddable":true,"href":"https:\/\/ksproducts.ca\/fr\/wp-json\/wp\/v2\/product_cat?post=11529"},{"taxonomy":"product_tag","embeddable":true,"href":"https:\/\/ksproducts.ca\/fr\/wp-json\/wp\/v2\/product_tag?post=11529"}],"curies":[{"name":"wp","href":"https:\/\/api.w.org\/{rel}","templated":true}]}}