{"id":11535,"date":"2026-03-04T19:31:28","date_gmt":"2026-03-04T19:31:28","guid":{"rendered":"https:\/\/ksproducts.ca\/?post_type=product&#038;p=11535"},"modified":"2026-03-21T19:29:04","modified_gmt":"2026-03-21T19:29:04","slug":"blackstone-gourmet-series-griddle-seasoning-and-cast-iron-conditioner-bacon-aroma","status":"publish","type":"product","link":"https:\/\/ksproducts.ca\/fr\/product\/blackstone-gourmet-series-griddle-seasoning-and-cast-iron-conditioner-bacon-aroma\/","title":{"rendered":"Blackstone Gourmet Series Assaisonnement pour gril et conditionneur pour fonte - Ar\u00f4me de bacon"},"content":{"rendered":"<ul class=\"features-specs-list\">\n<li class=\"acumin\">La formule 2 en 1 pour les plaques de cuisson permet d'assaisonner et de prot\u00e9ger votre plaque de cuisson.<\/li>\n<li class=\"acumin\">Les ingr\u00e9dients comprennent un m\u00e9lange exclusif d'huile de coco, de graisse de soja et de cire d'abeille.<\/li>\n<li class=\"acumin\">Poids net 9,6 oz.<\/li>\n<li class=\"acumin\">Fabriqu\u00e9 aux \u00c9tats-Unis.<\/li>\n<\/ul>","protected":false},"excerpt":{"rendered":"<p>Prot\u00e9gez et assaisonnez votre plaque de gril avec l'assaisonnement pour gril et le conditionneur pour fonte 2 en 1 \u00e0 l'ar\u00f4me de bacon. Le m\u00e9lange d'huiles brevet\u00e9 emp\u00eache les aliments d'adh\u00e9rer \u00e0 votre plaque de gril Blackstone ou \u00e0 votre po\u00eale en fonte, et assure l'\u00e9tanch\u00e9it\u00e9 et l'assaisonnement de la plaque de gril, avec en prime un agr\u00e9able ar\u00f4me de bacon. Con\u00e7u pour les plaques de cuisson Blackstone, l'assaisonnement pour plaque de cuisson et conditionneur pour fonte garantit que votre plaque est pr\u00eate \u00e0 pr\u00e9parer le petit-d\u00e9jeuner, le d\u00e9jeuner et le d\u00eener !<\/p>","protected":false},"featured_media":11536,"comment_status":"open","ping_status":"closed","template":"","meta":[],"product_cat":[439],"product_tag":[],"class_list":{"0":"post-11535","1":"product","2":"type-product","3":"status-publish","4":"has-post-thumbnail","6":"product_cat-conditioners-cleaning","7":"product_shipping_class-class-1","9":"first","10":"instock","11":"taxable","12":"shipping-taxable","13":"purchasable","14":"product-type-simple"},"yoast_head":"<!-- This site is optimized with the Yoast SEO plugin v27.4 - https:\/\/yoast.com\/product\/yoast-seo-wordpress\/ -->\n<title>Blackstone Gourmet Series Griddle Seasoning and Cast Iron Conditioner - Bacon Aroma - Ks Products<\/title>\n<meta name=\"robots\" content=\"index, follow, max-snippet:-1, max-image-preview:large, max-video-preview:-1\" \/>\n<link rel=\"canonical\" href=\"https:\/\/ksproducts.ca\/fr\/product\/blackstone-gourmet-series-griddle-seasoning-and-cast-iron-conditioner-bacon-aroma\/\" \/>\n<meta property=\"og:locale\" content=\"fr_CA\" \/>\n<meta property=\"og:type\" content=\"article\" \/>\n<meta property=\"og:title\" content=\"Blackstone Gourmet Series Griddle Seasoning and Cast Iron Conditioner - Bacon Aroma - Ks Products\" \/>\n<meta property=\"og:description\" content=\"Protect and season your griddle top with the 2-in-1 Griddle Seasoning &amp; Cast Iron Conditioner featuring bacon aroma. The proprietary blend of oils prevents food from sticking to your Blackstone griddle top, or cast iron pan, and provides a sealed and seasoned griddle plate, with the bonus of a pleasing bacon aroma. Engineered for Blackstone griddles, the Griddle Seasoning and Cast Iron Conditioner ensures your griddle is prepared to cook breakfast, lunch, and dinner!\" \/>\n<meta property=\"og:url\" content=\"https:\/\/ksproducts.ca\/fr\/product\/blackstone-gourmet-series-griddle-seasoning-and-cast-iron-conditioner-bacon-aroma\/\" \/>\n<meta property=\"og:site_name\" content=\"Ks Products\" \/>\n<meta property=\"article:modified_time\" content=\"2026-03-21T19:29:04+00:00\" \/>\n<meta property=\"og:image\" content=\"https:\/\/ksproducts.ca\/wp-content\/uploads\/2026\/03\/griddle-seasoning-cast-iron-conditioner-bacon-aroma-2177724.webp\" \/>\n\t<meta property=\"og:image:width\" content=\"800\" \/>\n\t<meta property=\"og:image:height\" content=\"800\" \/>\n\t<meta property=\"og:image:type\" content=\"image\/webp\" \/>\n<meta name=\"twitter:card\" content=\"summary_large_image\" \/>\n<meta name=\"twitter:label1\" content=\"Estimation du temps de lecture\" \/>\n\t<meta name=\"twitter:data1\" content=\"1 minute\" \/>\n<script type=\"application\/ld+json\" class=\"yoast-schema-graph\">{\"@context\":\"https:\\\/\\\/schema.org\",\"@graph\":[{\"@type\":\"WebPage\",\"@id\":\"https:\\\/\\\/ksproducts.ca\\\/product\\\/blackstone-gourmet-series-griddle-seasoning-and-cast-iron-conditioner-bacon-aroma\\\/\",\"url\":\"https:\\\/\\\/ksproducts.ca\\\/product\\\/blackstone-gourmet-series-griddle-seasoning-and-cast-iron-conditioner-bacon-aroma\\\/\",\"name\":\"Blackstone Gourmet Series Griddle Seasoning and Cast Iron Conditioner - Bacon Aroma - Ks Products\",\"isPartOf\":{\"@id\":\"https:\\\/\\\/ksproducts.ca\\\/#website\"},\"primaryImageOfPage\":{\"@id\":\"https:\\\/\\\/ksproducts.ca\\\/product\\\/blackstone-gourmet-series-griddle-seasoning-and-cast-iron-conditioner-bacon-aroma\\\/#primaryimage\"},\"image\":{\"@id\":\"https:\\\/\\\/ksproducts.ca\\\/product\\\/blackstone-gourmet-series-griddle-seasoning-and-cast-iron-conditioner-bacon-aroma\\\/#primaryimage\"},\"thumbnailUrl\":\"https:\\\/\\\/ksproducts.ca\\\/wp-content\\\/uploads\\\/2026\\\/03\\\/griddle-seasoning-cast-iron-conditioner-bacon-aroma-2177724.webp\",\"datePublished\":\"2026-03-04T19:31:28+00:00\",\"dateModified\":\"2026-03-21T19:29:04+00:00\",\"breadcrumb\":{\"@id\":\"https:\\\/\\\/ksproducts.ca\\\/product\\\/blackstone-gourmet-series-griddle-seasoning-and-cast-iron-conditioner-bacon-aroma\\\/#breadcrumb\"},\"inLanguage\":\"fr-CA\",\"potentialAction\":[{\"@type\":\"ReadAction\",\"target\":[\"https:\\\/\\\/ksproducts.ca\\\/product\\\/blackstone-gourmet-series-griddle-seasoning-and-cast-iron-conditioner-bacon-aroma\\\/\"]}]},{\"@type\":\"ImageObject\",\"inLanguage\":\"fr-CA\",\"@id\":\"https:\\\/\\\/ksproducts.ca\\\/product\\\/blackstone-gourmet-series-griddle-seasoning-and-cast-iron-conditioner-bacon-aroma\\\/#primaryimage\",\"url\":\"https:\\\/\\\/ksproducts.ca\\\/wp-content\\\/uploads\\\/2026\\\/03\\\/griddle-seasoning-cast-iron-conditioner-bacon-aroma-2177724.webp\",\"contentUrl\":\"https:\\\/\\\/ksproducts.ca\\\/wp-content\\\/uploads\\\/2026\\\/03\\\/griddle-seasoning-cast-iron-conditioner-bacon-aroma-2177724.webp\",\"width\":800,\"height\":800,\"caption\":\"griddle seasoning cast iron conditioner bacon aroma 2177724\"},{\"@type\":\"BreadcrumbList\",\"@id\":\"https:\\\/\\\/ksproducts.ca\\\/product\\\/blackstone-gourmet-series-griddle-seasoning-and-cast-iron-conditioner-bacon-aroma\\\/#breadcrumb\",\"itemListElement\":[{\"@type\":\"ListItem\",\"position\":1,\"name\":\"Home\",\"item\":\"https:\\\/\\\/ksproducts.ca\\\/\"},{\"@type\":\"ListItem\",\"position\":2,\"name\":\"Shop\",\"item\":\"https:\\\/\\\/ksproducts.ca\\\/shop\\\/\"},{\"@type\":\"ListItem\",\"position\":3,\"name\":\"Blackstone Gourmet Series Griddle Seasoning and Cast Iron Conditioner &#8211; Bacon Aroma\"}]},{\"@type\":\"WebSite\",\"@id\":\"https:\\\/\\\/ksproducts.ca\\\/#website\",\"url\":\"https:\\\/\\\/ksproducts.ca\\\/\",\"name\":\"Ks Products\",\"description\":\"Outdoor cooking and living, made easy in Canada\",\"publisher\":{\"@id\":\"https:\\\/\\\/ksproducts.ca\\\/#organization\"},\"potentialAction\":[{\"@type\":\"SearchAction\",\"target\":{\"@type\":\"EntryPoint\",\"urlTemplate\":\"https:\\\/\\\/ksproducts.ca\\\/?s={search_term_string}\"},\"query-input\":{\"@type\":\"PropertyValueSpecification\",\"valueRequired\":true,\"valueName\":\"search_term_string\"}}],\"inLanguage\":\"fr-CA\"},{\"@type\":\"Organization\",\"@id\":\"https:\\\/\\\/ksproducts.ca\\\/#organization\",\"name\":\"Ks Products\",\"url\":\"https:\\\/\\\/ksproducts.ca\\\/\",\"logo\":{\"@type\":\"ImageObject\",\"inLanguage\":\"fr-CA\",\"@id\":\"https:\\\/\\\/ksproducts.ca\\\/#\\\/schema\\\/logo\\\/image\\\/\",\"url\":\"https:\\\/\\\/ksproducts.ca\\\/wp-content\\\/uploads\\\/2023\\\/09\\\/Kennedy-Sales-Logo-header-1.png\",\"contentUrl\":\"https:\\\/\\\/ksproducts.ca\\\/wp-content\\\/uploads\\\/2023\\\/09\\\/Kennedy-Sales-Logo-header-1.png\",\"width\":150,\"height\":77,\"caption\":\"Ks Products\"},\"image\":{\"@id\":\"https:\\\/\\\/ksproducts.ca\\\/#\\\/schema\\\/logo\\\/image\\\/\"}}]}<\/script>\n<!-- \/ Yoast SEO plugin. -->","yoast_head_json":{"title":"Blackstone Gourmet Series Assaisonnement pour gril et conditionneur pour fonte - Ar\u00f4me de bacon - Ks Products","robots":{"index":"index","follow":"follow","max-snippet":"max-snippet:-1","max-image-preview":"max-image-preview:large","max-video-preview":"max-video-preview:-1"},"canonical":"https:\/\/ksproducts.ca\/fr\/product\/blackstone-gourmet-series-griddle-seasoning-and-cast-iron-conditioner-bacon-aroma\/","og_locale":"fr_CA","og_type":"article","og_title":"Blackstone Gourmet Series Griddle Seasoning and Cast Iron Conditioner - Bacon Aroma - Ks Products","og_description":"Protect and season your griddle top with the 2-in-1 Griddle Seasoning &amp; Cast Iron Conditioner featuring bacon aroma. The proprietary blend of oils prevents food from sticking to your Blackstone griddle top, or cast iron pan, and provides a sealed and seasoned griddle plate, with the bonus of a pleasing bacon aroma. Engineered for Blackstone griddles, the Griddle Seasoning and Cast Iron Conditioner ensures your griddle is prepared to cook breakfast, lunch, and dinner!","og_url":"https:\/\/ksproducts.ca\/fr\/product\/blackstone-gourmet-series-griddle-seasoning-and-cast-iron-conditioner-bacon-aroma\/","og_site_name":"Ks Products","article_modified_time":"2026-03-21T19:29:04+00:00","og_image":[{"width":800,"height":800,"url":"https:\/\/ksproducts.ca\/wp-content\/uploads\/2026\/03\/griddle-seasoning-cast-iron-conditioner-bacon-aroma-2177724.webp","type":"image\/webp"}],"twitter_card":"summary_large_image","twitter_misc":{"Estimation du temps de lecture":"1 minute"},"schema":{"@context":"https:\/\/schema.org","@graph":[{"@type":"WebPage","@id":"https:\/\/ksproducts.ca\/product\/blackstone-gourmet-series-griddle-seasoning-and-cast-iron-conditioner-bacon-aroma\/","url":"https:\/\/ksproducts.ca\/product\/blackstone-gourmet-series-griddle-seasoning-and-cast-iron-conditioner-bacon-aroma\/","name":"Blackstone Gourmet Series Assaisonnement pour gril et conditionneur pour fonte - Ar\u00f4me de bacon - Ks Products","isPartOf":{"@id":"https:\/\/ksproducts.ca\/#website"},"primaryImageOfPage":{"@id":"https:\/\/ksproducts.ca\/product\/blackstone-gourmet-series-griddle-seasoning-and-cast-iron-conditioner-bacon-aroma\/#primaryimage"},"image":{"@id":"https:\/\/ksproducts.ca\/product\/blackstone-gourmet-series-griddle-seasoning-and-cast-iron-conditioner-bacon-aroma\/#primaryimage"},"thumbnailUrl":"https:\/\/ksproducts.ca\/wp-content\/uploads\/2026\/03\/griddle-seasoning-cast-iron-conditioner-bacon-aroma-2177724.webp","datePublished":"2026-03-04T19:31:28+00:00","dateModified":"2026-03-21T19:29:04+00:00","breadcrumb":{"@id":"https:\/\/ksproducts.ca\/product\/blackstone-gourmet-series-griddle-seasoning-and-cast-iron-conditioner-bacon-aroma\/#breadcrumb"},"inLanguage":"fr-CA","potentialAction":[{"@type":"ReadAction","target":["https:\/\/ksproducts.ca\/product\/blackstone-gourmet-series-griddle-seasoning-and-cast-iron-conditioner-bacon-aroma\/"]}]},{"@type":"ImageObject","inLanguage":"fr-CA","@id":"https:\/\/ksproducts.ca\/product\/blackstone-gourmet-series-griddle-seasoning-and-cast-iron-conditioner-bacon-aroma\/#primaryimage","url":"https:\/\/ksproducts.ca\/wp-content\/uploads\/2026\/03\/griddle-seasoning-cast-iron-conditioner-bacon-aroma-2177724.webp","contentUrl":"https:\/\/ksproducts.ca\/wp-content\/uploads\/2026\/03\/griddle-seasoning-cast-iron-conditioner-bacon-aroma-2177724.webp","width":800,"height":800,"caption":"griddle seasoning cast iron conditioner bacon aroma 2177724"},{"@type":"BreadcrumbList","@id":"https:\/\/ksproducts.ca\/product\/blackstone-gourmet-series-griddle-seasoning-and-cast-iron-conditioner-bacon-aroma\/#breadcrumb","itemListElement":[{"@type":"ListItem","position":1,"name":"Home","item":"https:\/\/ksproducts.ca\/"},{"@type":"ListItem","position":2,"name":"Shop","item":"https:\/\/ksproducts.ca\/shop\/"},{"@type":"ListItem","position":3,"name":"Blackstone Gourmet Series Griddle Seasoning and Cast Iron Conditioner &#8211; Bacon Aroma"}]},{"@type":"WebSite","@id":"https:\/\/ksproducts.ca\/#website","url":"https:\/\/ksproducts.ca\/","name":"Produits Ks","description":"Cuisiner et vivre en plein air, c'est facile au Canada","publisher":{"@id":"https:\/\/ksproducts.ca\/#organization"},"potentialAction":[{"@type":"SearchAction","target":{"@type":"EntryPoint","urlTemplate":"https:\/\/ksproducts.ca\/?s={search_term_string}"},"query-input":{"@type":"PropertyValueSpecification","valueRequired":true,"valueName":"search_term_string"}}],"inLanguage":"fr-CA"},{"@type":"Organization","@id":"https:\/\/ksproducts.ca\/#organization","name":"Produits Ks","url":"https:\/\/ksproducts.ca\/","logo":{"@type":"ImageObject","inLanguage":"fr-CA","@id":"https:\/\/ksproducts.ca\/#\/schema\/logo\/image\/","url":"https:\/\/ksproducts.ca\/wp-content\/uploads\/2023\/09\/Kennedy-Sales-Logo-header-1.png","contentUrl":"https:\/\/ksproducts.ca\/wp-content\/uploads\/2023\/09\/Kennedy-Sales-Logo-header-1.png","width":150,"height":77,"caption":"Ks Products"},"image":{"@id":"https:\/\/ksproducts.ca\/#\/schema\/logo\/image\/"}}]}},"_links":{"self":[{"href":"https:\/\/ksproducts.ca\/fr\/wp-json\/wp\/v2\/product\/11535","targetHints":{"allow":["GET"]}}],"collection":[{"href":"https:\/\/ksproducts.ca\/fr\/wp-json\/wp\/v2\/product"}],"about":[{"href":"https:\/\/ksproducts.ca\/fr\/wp-json\/wp\/v2\/types\/product"}],"replies":[{"embeddable":true,"href":"https:\/\/ksproducts.ca\/fr\/wp-json\/wp\/v2\/comments?post=11535"}],"version-history":[{"count":1,"href":"https:\/\/ksproducts.ca\/fr\/wp-json\/wp\/v2\/product\/11535\/revisions"}],"predecessor-version":[{"id":11537,"href":"https:\/\/ksproducts.ca\/fr\/wp-json\/wp\/v2\/product\/11535\/revisions\/11537"}],"wp:featuredmedia":[{"embeddable":true,"href":"https:\/\/ksproducts.ca\/fr\/wp-json\/wp\/v2\/media\/11536"}],"wp:attachment":[{"href":"https:\/\/ksproducts.ca\/fr\/wp-json\/wp\/v2\/media?parent=11535"}],"wp:term":[{"taxonomy":"product_cat","embeddable":true,"href":"https:\/\/ksproducts.ca\/fr\/wp-json\/wp\/v2\/product_cat?post=11535"},{"taxonomy":"product_tag","embeddable":true,"href":"https:\/\/ksproducts.ca\/fr\/wp-json\/wp\/v2\/product_tag?post=11535"}],"curies":[{"name":"wp","href":"https:\/\/api.w.org\/{rel}","templated":true}]}}