{"id":11538,"date":"2026-03-04T19:40:47","date_gmt":"2026-03-04T19:40:47","guid":{"rendered":"https:\/\/ksproducts.ca\/?post_type=product&#038;p=11538"},"modified":"2026-03-04T19:40:48","modified_gmt":"2026-03-04T19:40:48","slug":"ensemble-de-sieges-modulaires-en-rotin-allspace-4-pieces-avec-coussins-sunbrella-bleus","status":"publish","type":"product","link":"https:\/\/ksproducts.ca\/fr\/product\/allspace-4-piece-rattan-modular-seating-set-with-sunbrella-cushions-blue\/","title":{"rendered":"Allspace 4-piece Rattan Modular Seating Set with Sunbrella Cushions - Blue"},"content":{"rendered":"<ul>\n<li>Cadre l\u00e9ger en aluminium pour un d\u00e9placement facile et un rangement compact<\/li>\n<li>Les coussins en tissu Sunbrella\u00ae de renomm\u00e9e mondiale offrent une performance respirante et r\u00e9sistante aux taches avec une endurance durable<\/li>\n<li>Conception modulaire pour tous les espaces<\/li>\n<\/ul>","protected":false},"excerpt":{"rendered":"<p>L'ensemble de si\u00e8ges modulaires Allspace est vraiment captivant avec sa structure robuste en aluminium et sa finition enduite de poudre. L'ensemble de si\u00e8ges magnifie l'essence de la qualit\u00e9 sup\u00e9rieure gr\u00e2ce aux coussins en tissu Sunbrella. Les tissus Sunbrella sont faciles \u00e0 nettoyer et offrent une qualit\u00e9 durable. Ils sont con\u00e7us pour r\u00e9sister aux moisissures, aux taches, aux UV et \u00e0 l'eau.<\/p>","protected":false},"featured_media":11539,"comment_status":"open","ping_status":"closed","template":"","meta":[],"product_cat":[444,389],"product_tag":[],"class_list":{"0":"post-11538","1":"product","2":"type-product","3":"status-publish","4":"has-post-thumbnail","6":"product_cat-furniture","7":"product_cat-outdoor-living","8":"product_shipping_class-class-5","10":"first","11":"instock","12":"taxable","13":"shipping-taxable","14":"purchasable","15":"product-type-simple"},"yoast_head":"<!-- This site is optimized with the Yoast SEO plugin v27.3 - https:\/\/yoast.com\/product\/yoast-seo-wordpress\/ -->\n<title>Allspace 4-piece Rattan Modular Seating Set with Sunbrella Cushions - Blue - Ks Products<\/title>\n<meta name=\"robots\" content=\"index, follow, max-snippet:-1, max-image-preview:large, max-video-preview:-1\" \/>\n<link rel=\"canonical\" href=\"https:\/\/ksproducts.ca\/fr\/product\/ensemble-de-sieges-modulaires-en-rotin-allspace-4-pieces-avec-coussins-sunbrella-bleus\/\" \/>\n<meta property=\"og:locale\" content=\"fr_CA\" \/>\n<meta property=\"og:type\" content=\"article\" \/>\n<meta property=\"og:title\" content=\"Allspace 4-piece Rattan Modular Seating Set with Sunbrella Cushions - Blue - Ks Products\" \/>\n<meta property=\"og:description\" content=\"The Allspace modular seating set is truly captivating with its sturdy aluminum frame and powder-coated finishing. The seating set magnifies the essence of premium quality by featuring the Sunbrella fabric infused cushions. Sunbrella fabrics are easy to clean and provide durable and long-lasting quality. It&#039;s engineered to be mould, stain, UV and water resistant.\" \/>\n<meta property=\"og:url\" content=\"https:\/\/ksproducts.ca\/fr\/product\/ensemble-de-sieges-modulaires-en-rotin-allspace-4-pieces-avec-coussins-sunbrella-bleus\/\" \/>\n<meta property=\"og:site_name\" content=\"Ks Products\" \/>\n<meta property=\"article:modified_time\" content=\"2026-03-04T19:40:48+00:00\" \/>\n<meta property=\"og:image\" content=\"https:\/\/ksproducts.ca\/wp-content\/uploads\/2026\/03\/Allspace-4-piece-Rattan-Modular-Seating-Set-with-Sunbrella-Cushions-Blue.jpg\" \/>\n\t<meta property=\"og:image:width\" content=\"600\" \/>\n\t<meta property=\"og:image:height\" content=\"600\" \/>\n\t<meta property=\"og:image:type\" content=\"image\/jpeg\" \/>\n<meta name=\"twitter:card\" content=\"summary_large_image\" \/>\n<meta name=\"twitter:label1\" content=\"Estimation du temps de lecture\" \/>\n\t<meta name=\"twitter:data1\" content=\"1 minute\" \/>\n<script type=\"application\/ld+json\" class=\"yoast-schema-graph\">{\"@context\":\"https:\\\/\\\/schema.org\",\"@graph\":[{\"@type\":\"WebPage\",\"@id\":\"https:\\\/\\\/ksproducts.ca\\\/product\\\/allspace-4-piece-rattan-modular-seating-set-with-sunbrella-cushions-blue\\\/\",\"url\":\"https:\\\/\\\/ksproducts.ca\\\/product\\\/allspace-4-piece-rattan-modular-seating-set-with-sunbrella-cushions-blue\\\/\",\"name\":\"Allspace 4-piece Rattan Modular Seating Set with Sunbrella Cushions - Blue - Ks Products\",\"isPartOf\":{\"@id\":\"https:\\\/\\\/ksproducts.ca\\\/#website\"},\"primaryImageOfPage\":{\"@id\":\"https:\\\/\\\/ksproducts.ca\\\/product\\\/allspace-4-piece-rattan-modular-seating-set-with-sunbrella-cushions-blue\\\/#primaryimage\"},\"image\":{\"@id\":\"https:\\\/\\\/ksproducts.ca\\\/product\\\/allspace-4-piece-rattan-modular-seating-set-with-sunbrella-cushions-blue\\\/#primaryimage\"},\"thumbnailUrl\":\"https:\\\/\\\/ksproducts.ca\\\/wp-content\\\/uploads\\\/2026\\\/03\\\/Allspace-4-piece-Rattan-Modular-Seating-Set-with-Sunbrella-Cushions-Blue.jpg\",\"datePublished\":\"2026-03-04T19:40:47+00:00\",\"dateModified\":\"2026-03-04T19:40:48+00:00\",\"breadcrumb\":{\"@id\":\"https:\\\/\\\/ksproducts.ca\\\/product\\\/allspace-4-piece-rattan-modular-seating-set-with-sunbrella-cushions-blue\\\/#breadcrumb\"},\"inLanguage\":\"fr-CA\",\"potentialAction\":[{\"@type\":\"ReadAction\",\"target\":[\"https:\\\/\\\/ksproducts.ca\\\/product\\\/allspace-4-piece-rattan-modular-seating-set-with-sunbrella-cushions-blue\\\/\"]}]},{\"@type\":\"ImageObject\",\"inLanguage\":\"fr-CA\",\"@id\":\"https:\\\/\\\/ksproducts.ca\\\/product\\\/allspace-4-piece-rattan-modular-seating-set-with-sunbrella-cushions-blue\\\/#primaryimage\",\"url\":\"https:\\\/\\\/ksproducts.ca\\\/wp-content\\\/uploads\\\/2026\\\/03\\\/Allspace-4-piece-Rattan-Modular-Seating-Set-with-Sunbrella-Cushions-Blue.jpg\",\"contentUrl\":\"https:\\\/\\\/ksproducts.ca\\\/wp-content\\\/uploads\\\/2026\\\/03\\\/Allspace-4-piece-Rattan-Modular-Seating-Set-with-Sunbrella-Cushions-Blue.jpg\",\"width\":600,\"height\":600,\"caption\":\"Allspace 4 piece Rattan Modular Seating Set with Sunbrella Cushions Blue\"},{\"@type\":\"BreadcrumbList\",\"@id\":\"https:\\\/\\\/ksproducts.ca\\\/product\\\/allspace-4-piece-rattan-modular-seating-set-with-sunbrella-cushions-blue\\\/#breadcrumb\",\"itemListElement\":[{\"@type\":\"ListItem\",\"position\":1,\"name\":\"Home\",\"item\":\"https:\\\/\\\/ksproducts.ca\\\/\"},{\"@type\":\"ListItem\",\"position\":2,\"name\":\"Shop\",\"item\":\"https:\\\/\\\/ksproducts.ca\\\/shop\\\/\"},{\"@type\":\"ListItem\",\"position\":3,\"name\":\"Allspace 4-piece Rattan Modular Seating Set with Sunbrella Cushions &#8211; Blue\"}]},{\"@type\":\"WebSite\",\"@id\":\"https:\\\/\\\/ksproducts.ca\\\/#website\",\"url\":\"https:\\\/\\\/ksproducts.ca\\\/\",\"name\":\"Ks Products\",\"description\":\"Outdoor cooking and living, made easy in Canada\",\"publisher\":{\"@id\":\"https:\\\/\\\/ksproducts.ca\\\/#organization\"},\"potentialAction\":[{\"@type\":\"SearchAction\",\"target\":{\"@type\":\"EntryPoint\",\"urlTemplate\":\"https:\\\/\\\/ksproducts.ca\\\/?s={search_term_string}\"},\"query-input\":{\"@type\":\"PropertyValueSpecification\",\"valueRequired\":true,\"valueName\":\"search_term_string\"}}],\"inLanguage\":\"fr-CA\"},{\"@type\":\"Organization\",\"@id\":\"https:\\\/\\\/ksproducts.ca\\\/#organization\",\"name\":\"Ks Products\",\"url\":\"https:\\\/\\\/ksproducts.ca\\\/\",\"logo\":{\"@type\":\"ImageObject\",\"inLanguage\":\"fr-CA\",\"@id\":\"https:\\\/\\\/ksproducts.ca\\\/#\\\/schema\\\/logo\\\/image\\\/\",\"url\":\"https:\\\/\\\/ksproducts.ca\\\/wp-content\\\/uploads\\\/2023\\\/09\\\/Kennedy-Sales-Logo-header-1.png\",\"contentUrl\":\"https:\\\/\\\/ksproducts.ca\\\/wp-content\\\/uploads\\\/2023\\\/09\\\/Kennedy-Sales-Logo-header-1.png\",\"width\":150,\"height\":77,\"caption\":\"Ks Products\"},\"image\":{\"@id\":\"https:\\\/\\\/ksproducts.ca\\\/#\\\/schema\\\/logo\\\/image\\\/\"}}]}<\/script>\n<!-- \/ Yoast SEO plugin. -->","yoast_head_json":{"title":"Ensemble modulaire Allspace 4 pi\u00e8ces en rotin avec coussins Sunbrella - Bleu - Ks Products","robots":{"index":"index","follow":"follow","max-snippet":"max-snippet:-1","max-image-preview":"max-image-preview:large","max-video-preview":"max-video-preview:-1"},"canonical":"https:\/\/ksproducts.ca\/fr\/product\/ensemble-de-sieges-modulaires-en-rotin-allspace-4-pieces-avec-coussins-sunbrella-bleus\/","og_locale":"fr_CA","og_type":"article","og_title":"Allspace 4-piece Rattan Modular Seating Set with Sunbrella Cushions - Blue - Ks Products","og_description":"The Allspace modular seating set is truly captivating with its sturdy aluminum frame and powder-coated finishing. The seating set magnifies the essence of premium quality by featuring the Sunbrella fabric infused cushions. Sunbrella fabrics are easy to clean and provide durable and long-lasting quality. It's engineered to be mould, stain, UV and water resistant.","og_url":"https:\/\/ksproducts.ca\/fr\/product\/ensemble-de-sieges-modulaires-en-rotin-allspace-4-pieces-avec-coussins-sunbrella-bleus\/","og_site_name":"Ks Products","article_modified_time":"2026-03-04T19:40:48+00:00","og_image":[{"width":600,"height":600,"url":"https:\/\/ksproducts.ca\/wp-content\/uploads\/2026\/03\/Allspace-4-piece-Rattan-Modular-Seating-Set-with-Sunbrella-Cushions-Blue.jpg","type":"image\/jpeg"}],"twitter_card":"summary_large_image","twitter_misc":{"Estimation du temps de lecture":"1 minute"},"schema":{"@context":"https:\/\/schema.org","@graph":[{"@type":"WebPage","@id":"https:\/\/ksproducts.ca\/product\/allspace-4-piece-rattan-modular-seating-set-with-sunbrella-cushions-blue\/","url":"https:\/\/ksproducts.ca\/product\/allspace-4-piece-rattan-modular-seating-set-with-sunbrella-cushions-blue\/","name":"Ensemble modulaire Allspace 4 pi\u00e8ces en rotin avec coussins Sunbrella - Bleu - Ks Products","isPartOf":{"@id":"https:\/\/ksproducts.ca\/#website"},"primaryImageOfPage":{"@id":"https:\/\/ksproducts.ca\/product\/allspace-4-piece-rattan-modular-seating-set-with-sunbrella-cushions-blue\/#primaryimage"},"image":{"@id":"https:\/\/ksproducts.ca\/product\/allspace-4-piece-rattan-modular-seating-set-with-sunbrella-cushions-blue\/#primaryimage"},"thumbnailUrl":"https:\/\/ksproducts.ca\/wp-content\/uploads\/2026\/03\/Allspace-4-piece-Rattan-Modular-Seating-Set-with-Sunbrella-Cushions-Blue.jpg","datePublished":"2026-03-04T19:40:47+00:00","dateModified":"2026-03-04T19:40:48+00:00","breadcrumb":{"@id":"https:\/\/ksproducts.ca\/product\/allspace-4-piece-rattan-modular-seating-set-with-sunbrella-cushions-blue\/#breadcrumb"},"inLanguage":"fr-CA","potentialAction":[{"@type":"ReadAction","target":["https:\/\/ksproducts.ca\/product\/allspace-4-piece-rattan-modular-seating-set-with-sunbrella-cushions-blue\/"]}]},{"@type":"ImageObject","inLanguage":"fr-CA","@id":"https:\/\/ksproducts.ca\/product\/allspace-4-piece-rattan-modular-seating-set-with-sunbrella-cushions-blue\/#primaryimage","url":"https:\/\/ksproducts.ca\/wp-content\/uploads\/2026\/03\/Allspace-4-piece-Rattan-Modular-Seating-Set-with-Sunbrella-Cushions-Blue.jpg","contentUrl":"https:\/\/ksproducts.ca\/wp-content\/uploads\/2026\/03\/Allspace-4-piece-Rattan-Modular-Seating-Set-with-Sunbrella-Cushions-Blue.jpg","width":600,"height":600,"caption":"Allspace 4 piece Rattan Modular Seating Set with Sunbrella Cushions Blue"},{"@type":"BreadcrumbList","@id":"https:\/\/ksproducts.ca\/product\/allspace-4-piece-rattan-modular-seating-set-with-sunbrella-cushions-blue\/#breadcrumb","itemListElement":[{"@type":"ListItem","position":1,"name":"Home","item":"https:\/\/ksproducts.ca\/"},{"@type":"ListItem","position":2,"name":"Shop","item":"https:\/\/ksproducts.ca\/shop\/"},{"@type":"ListItem","position":3,"name":"Allspace 4-piece Rattan Modular Seating Set with Sunbrella Cushions &#8211; Blue"}]},{"@type":"WebSite","@id":"https:\/\/ksproducts.ca\/#website","url":"https:\/\/ksproducts.ca\/","name":"Produits Ks","description":"Cuisiner et vivre en plein air, c'est facile au Canada","publisher":{"@id":"https:\/\/ksproducts.ca\/#organization"},"potentialAction":[{"@type":"SearchAction","target":{"@type":"EntryPoint","urlTemplate":"https:\/\/ksproducts.ca\/?s={search_term_string}"},"query-input":{"@type":"PropertyValueSpecification","valueRequired":true,"valueName":"search_term_string"}}],"inLanguage":"fr-CA"},{"@type":"Organization","@id":"https:\/\/ksproducts.ca\/#organization","name":"Produits Ks","url":"https:\/\/ksproducts.ca\/","logo":{"@type":"ImageObject","inLanguage":"fr-CA","@id":"https:\/\/ksproducts.ca\/#\/schema\/logo\/image\/","url":"https:\/\/ksproducts.ca\/wp-content\/uploads\/2023\/09\/Kennedy-Sales-Logo-header-1.png","contentUrl":"https:\/\/ksproducts.ca\/wp-content\/uploads\/2023\/09\/Kennedy-Sales-Logo-header-1.png","width":150,"height":77,"caption":"Ks Products"},"image":{"@id":"https:\/\/ksproducts.ca\/#\/schema\/logo\/image\/"}}]}},"_links":{"self":[{"href":"https:\/\/ksproducts.ca\/fr\/wp-json\/wp\/v2\/product\/11538","targetHints":{"allow":["GET"]}}],"collection":[{"href":"https:\/\/ksproducts.ca\/fr\/wp-json\/wp\/v2\/product"}],"about":[{"href":"https:\/\/ksproducts.ca\/fr\/wp-json\/wp\/v2\/types\/product"}],"replies":[{"embeddable":true,"href":"https:\/\/ksproducts.ca\/fr\/wp-json\/wp\/v2\/comments?post=11538"}],"version-history":[{"count":1,"href":"https:\/\/ksproducts.ca\/fr\/wp-json\/wp\/v2\/product\/11538\/revisions"}],"predecessor-version":[{"id":11540,"href":"https:\/\/ksproducts.ca\/fr\/wp-json\/wp\/v2\/product\/11538\/revisions\/11540"}],"wp:featuredmedia":[{"embeddable":true,"href":"https:\/\/ksproducts.ca\/fr\/wp-json\/wp\/v2\/media\/11539"}],"wp:attachment":[{"href":"https:\/\/ksproducts.ca\/fr\/wp-json\/wp\/v2\/media?parent=11538"}],"wp:term":[{"taxonomy":"product_cat","embeddable":true,"href":"https:\/\/ksproducts.ca\/fr\/wp-json\/wp\/v2\/product_cat?post=11538"},{"taxonomy":"product_tag","embeddable":true,"href":"https:\/\/ksproducts.ca\/fr\/wp-json\/wp\/v2\/product_tag?post=11538"}],"curies":[{"name":"wp","href":"https:\/\/api.w.org\/{rel}","templated":true}]}}