{"id":11541,"date":"2026-03-04T19:54:26","date_gmt":"2026-03-04T19:54:26","guid":{"rendered":"https:\/\/ksproducts.ca\/?post_type=product&#038;p=11541"},"modified":"2026-03-04T19:54:27","modified_gmt":"2026-03-04T19:54:27","slug":"turtle-wax-super-hard-shell-finish-liquid-wax-473ml","status":"publish","type":"product","link":"https:\/\/ksproducts.ca\/fr\/product\/turtle-wax-super-hard-shell-finish-liquid-wax-473ml\/","title":{"rendered":"Cire liquide Turtle Wax Super Hard Shell Finish - 473ml"},"content":{"rendered":"<ul class=\"nl-features__list\" data-testid=\"features\">\n<li>\n<p class=\"nl-features__information\">Provides excellent protection and leaves a long-lasting shine<\/p>\n<\/li>\n<li>\n<p class=\"nl-features__information\">La formule facile \u00e0 utiliser dure jusqu'\u00e0 12 mois<\/p>\n<\/li>\n<li>\n<p class=\"nl-features__information\">Protects against light scratches and swirls<\/p>\n<\/li>\n<li>\n<p class=\"nl-features__information\">Also safe to use on non-porous household surfaces<\/p>\n<\/li>\n<li>\n<p class=\"nl-features__information\">Taille : 473 ml<\/p>\n<\/li>\n<\/ul>","protected":false},"excerpt":{"rendered":"<p>La cire liquide Turtle Wax Super Hard Shell est un choix fiable pour l'entretien de l'ext\u00e9rieur de votre v\u00e9hicule. Sa formule facile \u00e0 utiliser offre jusqu'\u00e0 un an de brillance durable, am\u00e9liorant ainsi l'attrait esth\u00e9tique de votre v\u00e9hicule. Cette cire liquide assure non seulement une excellente protection contre les divers facteurs environnementaux, mais laisse \u00e9galement un brillant durable, contribuant ainsi \u00e0 la pr\u00e9servation de la finition de votre voiture.<\/p>","protected":false},"featured_media":11542,"comment_status":"open","ping_status":"closed","template":"","meta":[],"product_cat":[430],"product_tag":[],"class_list":{"0":"post-11541","1":"product","2":"type-product","3":"status-publish","4":"has-post-thumbnail","6":"product_cat-automotive-gear","7":"product_shipping_class-class-1","9":"first","10":"instock","11":"taxable","12":"shipping-taxable","13":"purchasable","14":"product-type-simple"},"yoast_head":"<!-- This site is optimized with the Yoast SEO plugin v27.3 - https:\/\/yoast.com\/product\/yoast-seo-wordpress\/ -->\n<title>Turtle Wax Super Hard Shell Finish Liquid Wax - 473ml - Ks Products<\/title>\n<meta name=\"robots\" content=\"index, follow, max-snippet:-1, max-image-preview:large, max-video-preview:-1\" \/>\n<link rel=\"canonical\" href=\"https:\/\/ksproducts.ca\/fr\/product\/turtle-wax-super-hard-shell-finish-liquid-wax-473ml\/\" \/>\n<meta property=\"og:locale\" content=\"fr_CA\" \/>\n<meta property=\"og:type\" content=\"article\" \/>\n<meta property=\"og:title\" content=\"Turtle Wax Super Hard Shell Finish Liquid Wax - 473ml - Ks Products\" \/>\n<meta property=\"og:description\" content=\"Turtle Wax Super Hard Shell Liquid Wax is a reliable choice for maintaining your vehicle&#039;s exterior. Its easy-to-use formula offers up to a year of lasting shine, enhancing the aesthetic appeal of your vehicle. This liquid wax not only ensures excellent protection against various environmental factors but also leaves a long-lasting shine, contributing to the preservation of your car&#039;s finish.\" \/>\n<meta property=\"og:url\" content=\"https:\/\/ksproducts.ca\/fr\/product\/turtle-wax-super-hard-shell-finish-liquid-wax-473ml\/\" \/>\n<meta property=\"og:site_name\" content=\"Ks Products\" \/>\n<meta property=\"article:modified_time\" content=\"2026-03-04T19:54:27+00:00\" \/>\n<meta property=\"og:image\" content=\"https:\/\/ksproducts.ca\/wp-content\/uploads\/2026\/03\/Turtle-Wax-Super-Hard-Shell-Finish-Liquid-Wax-473ml.png\" \/>\n\t<meta property=\"og:image:width\" content=\"355\" \/>\n\t<meta property=\"og:image:height\" content=\"800\" \/>\n\t<meta property=\"og:image:type\" content=\"image\/png\" \/>\n<meta name=\"twitter:card\" content=\"summary_large_image\" \/>\n<meta name=\"twitter:label1\" content=\"Estimation du temps de lecture\" \/>\n\t<meta name=\"twitter:data1\" content=\"1 minute\" \/>\n<script type=\"application\/ld+json\" class=\"yoast-schema-graph\">{\"@context\":\"https:\\\/\\\/schema.org\",\"@graph\":[{\"@type\":\"WebPage\",\"@id\":\"https:\\\/\\\/ksproducts.ca\\\/product\\\/turtle-wax-super-hard-shell-finish-liquid-wax-473ml\\\/\",\"url\":\"https:\\\/\\\/ksproducts.ca\\\/product\\\/turtle-wax-super-hard-shell-finish-liquid-wax-473ml\\\/\",\"name\":\"Turtle Wax Super Hard Shell Finish Liquid Wax - 473ml - Ks Products\",\"isPartOf\":{\"@id\":\"https:\\\/\\\/ksproducts.ca\\\/#website\"},\"primaryImageOfPage\":{\"@id\":\"https:\\\/\\\/ksproducts.ca\\\/product\\\/turtle-wax-super-hard-shell-finish-liquid-wax-473ml\\\/#primaryimage\"},\"image\":{\"@id\":\"https:\\\/\\\/ksproducts.ca\\\/product\\\/turtle-wax-super-hard-shell-finish-liquid-wax-473ml\\\/#primaryimage\"},\"thumbnailUrl\":\"https:\\\/\\\/ksproducts.ca\\\/wp-content\\\/uploads\\\/2026\\\/03\\\/Turtle-Wax-Super-Hard-Shell-Finish-Liquid-Wax-473ml.png\",\"datePublished\":\"2026-03-04T19:54:26+00:00\",\"dateModified\":\"2026-03-04T19:54:27+00:00\",\"breadcrumb\":{\"@id\":\"https:\\\/\\\/ksproducts.ca\\\/product\\\/turtle-wax-super-hard-shell-finish-liquid-wax-473ml\\\/#breadcrumb\"},\"inLanguage\":\"fr-CA\",\"potentialAction\":[{\"@type\":\"ReadAction\",\"target\":[\"https:\\\/\\\/ksproducts.ca\\\/product\\\/turtle-wax-super-hard-shell-finish-liquid-wax-473ml\\\/\"]}]},{\"@type\":\"ImageObject\",\"inLanguage\":\"fr-CA\",\"@id\":\"https:\\\/\\\/ksproducts.ca\\\/product\\\/turtle-wax-super-hard-shell-finish-liquid-wax-473ml\\\/#primaryimage\",\"url\":\"https:\\\/\\\/ksproducts.ca\\\/wp-content\\\/uploads\\\/2026\\\/03\\\/Turtle-Wax-Super-Hard-Shell-Finish-Liquid-Wax-473ml.png\",\"contentUrl\":\"https:\\\/\\\/ksproducts.ca\\\/wp-content\\\/uploads\\\/2026\\\/03\\\/Turtle-Wax-Super-Hard-Shell-Finish-Liquid-Wax-473ml.png\",\"width\":355,\"height\":800,\"caption\":\"Turtle Wax Super Hard Shell Finish Liquid Wax 473ml\"},{\"@type\":\"BreadcrumbList\",\"@id\":\"https:\\\/\\\/ksproducts.ca\\\/product\\\/turtle-wax-super-hard-shell-finish-liquid-wax-473ml\\\/#breadcrumb\",\"itemListElement\":[{\"@type\":\"ListItem\",\"position\":1,\"name\":\"Home\",\"item\":\"https:\\\/\\\/ksproducts.ca\\\/\"},{\"@type\":\"ListItem\",\"position\":2,\"name\":\"Shop\",\"item\":\"https:\\\/\\\/ksproducts.ca\\\/shop\\\/\"},{\"@type\":\"ListItem\",\"position\":3,\"name\":\"Turtle Wax Super Hard Shell Finish Liquid Wax &#8211; 473ml\"}]},{\"@type\":\"WebSite\",\"@id\":\"https:\\\/\\\/ksproducts.ca\\\/#website\",\"url\":\"https:\\\/\\\/ksproducts.ca\\\/\",\"name\":\"Ks Products\",\"description\":\"Outdoor cooking and living, made easy in Canada\",\"publisher\":{\"@id\":\"https:\\\/\\\/ksproducts.ca\\\/#organization\"},\"potentialAction\":[{\"@type\":\"SearchAction\",\"target\":{\"@type\":\"EntryPoint\",\"urlTemplate\":\"https:\\\/\\\/ksproducts.ca\\\/?s={search_term_string}\"},\"query-input\":{\"@type\":\"PropertyValueSpecification\",\"valueRequired\":true,\"valueName\":\"search_term_string\"}}],\"inLanguage\":\"fr-CA\"},{\"@type\":\"Organization\",\"@id\":\"https:\\\/\\\/ksproducts.ca\\\/#organization\",\"name\":\"Ks Products\",\"url\":\"https:\\\/\\\/ksproducts.ca\\\/\",\"logo\":{\"@type\":\"ImageObject\",\"inLanguage\":\"fr-CA\",\"@id\":\"https:\\\/\\\/ksproducts.ca\\\/#\\\/schema\\\/logo\\\/image\\\/\",\"url\":\"https:\\\/\\\/ksproducts.ca\\\/wp-content\\\/uploads\\\/2023\\\/09\\\/Kennedy-Sales-Logo-header-1.png\",\"contentUrl\":\"https:\\\/\\\/ksproducts.ca\\\/wp-content\\\/uploads\\\/2023\\\/09\\\/Kennedy-Sales-Logo-header-1.png\",\"width\":150,\"height\":77,\"caption\":\"Ks Products\"},\"image\":{\"@id\":\"https:\\\/\\\/ksproducts.ca\\\/#\\\/schema\\\/logo\\\/image\\\/\"}}]}<\/script>\n<!-- \/ Yoast SEO plugin. -->","yoast_head_json":{"title":"Turtle Wax Super Hard Shell Finish Liquid Wax - 473ml - Ks Products","robots":{"index":"index","follow":"follow","max-snippet":"max-snippet:-1","max-image-preview":"max-image-preview:large","max-video-preview":"max-video-preview:-1"},"canonical":"https:\/\/ksproducts.ca\/fr\/product\/turtle-wax-super-hard-shell-finish-liquid-wax-473ml\/","og_locale":"fr_CA","og_type":"article","og_title":"Turtle Wax Super Hard Shell Finish Liquid Wax - 473ml - Ks Products","og_description":"Turtle Wax Super Hard Shell Liquid Wax is a reliable choice for maintaining your vehicle's exterior. Its easy-to-use formula offers up to a year of lasting shine, enhancing the aesthetic appeal of your vehicle. This liquid wax not only ensures excellent protection against various environmental factors but also leaves a long-lasting shine, contributing to the preservation of your car's finish.","og_url":"https:\/\/ksproducts.ca\/fr\/product\/turtle-wax-super-hard-shell-finish-liquid-wax-473ml\/","og_site_name":"Ks Products","article_modified_time":"2026-03-04T19:54:27+00:00","og_image":[{"width":355,"height":800,"url":"https:\/\/ksproducts.ca\/wp-content\/uploads\/2026\/03\/Turtle-Wax-Super-Hard-Shell-Finish-Liquid-Wax-473ml.png","type":"image\/png"}],"twitter_card":"summary_large_image","twitter_misc":{"Estimation du temps de lecture":"1 minute"},"schema":{"@context":"https:\/\/schema.org","@graph":[{"@type":"WebPage","@id":"https:\/\/ksproducts.ca\/product\/turtle-wax-super-hard-shell-finish-liquid-wax-473ml\/","url":"https:\/\/ksproducts.ca\/product\/turtle-wax-super-hard-shell-finish-liquid-wax-473ml\/","name":"Turtle Wax Super Hard Shell Finish Liquid Wax - 473ml - Ks Products","isPartOf":{"@id":"https:\/\/ksproducts.ca\/#website"},"primaryImageOfPage":{"@id":"https:\/\/ksproducts.ca\/product\/turtle-wax-super-hard-shell-finish-liquid-wax-473ml\/#primaryimage"},"image":{"@id":"https:\/\/ksproducts.ca\/product\/turtle-wax-super-hard-shell-finish-liquid-wax-473ml\/#primaryimage"},"thumbnailUrl":"https:\/\/ksproducts.ca\/wp-content\/uploads\/2026\/03\/Turtle-Wax-Super-Hard-Shell-Finish-Liquid-Wax-473ml.png","datePublished":"2026-03-04T19:54:26+00:00","dateModified":"2026-03-04T19:54:27+00:00","breadcrumb":{"@id":"https:\/\/ksproducts.ca\/product\/turtle-wax-super-hard-shell-finish-liquid-wax-473ml\/#breadcrumb"},"inLanguage":"fr-CA","potentialAction":[{"@type":"ReadAction","target":["https:\/\/ksproducts.ca\/product\/turtle-wax-super-hard-shell-finish-liquid-wax-473ml\/"]}]},{"@type":"ImageObject","inLanguage":"fr-CA","@id":"https:\/\/ksproducts.ca\/product\/turtle-wax-super-hard-shell-finish-liquid-wax-473ml\/#primaryimage","url":"https:\/\/ksproducts.ca\/wp-content\/uploads\/2026\/03\/Turtle-Wax-Super-Hard-Shell-Finish-Liquid-Wax-473ml.png","contentUrl":"https:\/\/ksproducts.ca\/wp-content\/uploads\/2026\/03\/Turtle-Wax-Super-Hard-Shell-Finish-Liquid-Wax-473ml.png","width":355,"height":800,"caption":"Turtle Wax Super Hard Shell Finish Liquid Wax 473ml"},{"@type":"BreadcrumbList","@id":"https:\/\/ksproducts.ca\/product\/turtle-wax-super-hard-shell-finish-liquid-wax-473ml\/#breadcrumb","itemListElement":[{"@type":"ListItem","position":1,"name":"Home","item":"https:\/\/ksproducts.ca\/"},{"@type":"ListItem","position":2,"name":"Shop","item":"https:\/\/ksproducts.ca\/shop\/"},{"@type":"ListItem","position":3,"name":"Turtle Wax Super Hard Shell Finish Liquid Wax &#8211; 473ml"}]},{"@type":"WebSite","@id":"https:\/\/ksproducts.ca\/#website","url":"https:\/\/ksproducts.ca\/","name":"Produits Ks","description":"Cuisiner et vivre en plein air, c'est facile au Canada","publisher":{"@id":"https:\/\/ksproducts.ca\/#organization"},"potentialAction":[{"@type":"SearchAction","target":{"@type":"EntryPoint","urlTemplate":"https:\/\/ksproducts.ca\/?s={search_term_string}"},"query-input":{"@type":"PropertyValueSpecification","valueRequired":true,"valueName":"search_term_string"}}],"inLanguage":"fr-CA"},{"@type":"Organization","@id":"https:\/\/ksproducts.ca\/#organization","name":"Produits Ks","url":"https:\/\/ksproducts.ca\/","logo":{"@type":"ImageObject","inLanguage":"fr-CA","@id":"https:\/\/ksproducts.ca\/#\/schema\/logo\/image\/","url":"https:\/\/ksproducts.ca\/wp-content\/uploads\/2023\/09\/Kennedy-Sales-Logo-header-1.png","contentUrl":"https:\/\/ksproducts.ca\/wp-content\/uploads\/2023\/09\/Kennedy-Sales-Logo-header-1.png","width":150,"height":77,"caption":"Ks Products"},"image":{"@id":"https:\/\/ksproducts.ca\/#\/schema\/logo\/image\/"}}]}},"_links":{"self":[{"href":"https:\/\/ksproducts.ca\/fr\/wp-json\/wp\/v2\/product\/11541","targetHints":{"allow":["GET"]}}],"collection":[{"href":"https:\/\/ksproducts.ca\/fr\/wp-json\/wp\/v2\/product"}],"about":[{"href":"https:\/\/ksproducts.ca\/fr\/wp-json\/wp\/v2\/types\/product"}],"replies":[{"embeddable":true,"href":"https:\/\/ksproducts.ca\/fr\/wp-json\/wp\/v2\/comments?post=11541"}],"version-history":[{"count":1,"href":"https:\/\/ksproducts.ca\/fr\/wp-json\/wp\/v2\/product\/11541\/revisions"}],"predecessor-version":[{"id":11543,"href":"https:\/\/ksproducts.ca\/fr\/wp-json\/wp\/v2\/product\/11541\/revisions\/11543"}],"wp:featuredmedia":[{"embeddable":true,"href":"https:\/\/ksproducts.ca\/fr\/wp-json\/wp\/v2\/media\/11542"}],"wp:attachment":[{"href":"https:\/\/ksproducts.ca\/fr\/wp-json\/wp\/v2\/media?parent=11541"}],"wp:term":[{"taxonomy":"product_cat","embeddable":true,"href":"https:\/\/ksproducts.ca\/fr\/wp-json\/wp\/v2\/product_cat?post=11541"},{"taxonomy":"product_tag","embeddable":true,"href":"https:\/\/ksproducts.ca\/fr\/wp-json\/wp\/v2\/product_tag?post=11541"}],"curies":[{"name":"wp","href":"https:\/\/api.w.org\/{rel}","templated":true}]}}