{"id":11544,"date":"2026-03-04T20:00:16","date_gmt":"2026-03-04T20:00:16","guid":{"rendered":"https:\/\/ksproducts.ca\/?post_type=product&#038;p=11544"},"modified":"2026-04-03T20:18:30","modified_gmt":"2026-04-03T20:18:30","slug":"blackstone-original-series-grease-cup-liners","status":"publish","type":"product","link":"https:\/\/ksproducts.ca\/fr\/product\/blackstone-original-series-grease-cup-liners\/","title":{"rendered":"Bacs \u00e0 graisse Blackstone Original Series"},"content":{"rendered":"<ul>\n<li>Trente (30) doublures de gobelets \u00e0 graisse<\/li>\n<li>Construction en feuille d'aluminium avec fond gaufr\u00e9<\/li>\n<li>Peut contenir jusqu'\u00e0 27 fl oz<\/li>\n<li>8 po x 3,75 po x 3 po.<\/li>\n<li>Compatible avec les unit\u00e9s de gril \u00e0 graisse arri\u00e8re Blackstone :\n<ul>\n<li>Station de cuisson 36<\/li>\n<li>Station de cuisson 28<\/li>\n<li>Combin\u00e9 cuisini\u00e8re-table de cuisson<\/li>\n<li>S\u00e9rie Pro<\/li>\n<\/ul>\n<\/li>\n<\/ul>","protected":false},"excerpt":{"rendered":"<p>Vous cuisinez pour une foule ? Rendez la pire partie de la cuisine la plus facile avec les rev\u00eatements pour bacs \u00e0 graisse Blackstone. Nos grilles \u00e0 graisse arri\u00e8re brevet\u00e9es facilitent la gestion de la graisse, mais nos doublures permettent de l'\u00e9liminer sans d\u00e9sordre. Placez la doublure dans le bac \u00e0 graisse avant de commencer \u00e0 cuisiner et, une fois que vous avez termin\u00e9, poussez l'exc\u00e8s d'huile et les restes de nourriture \u00e0 l'arri\u00e8re de la plaque, dans l'ouverture arri\u00e8re pour la graisse. La doublure r\u00e9cup\u00e9rera facilement tous les d\u00e9chets. Une fois la doublure pleine, il suffit de la jeter et de la remplacer par une nouvelle pour que le nettoyage soit un jeu d'enfant.Ces doublures sont con\u00e7ues pour les mod\u00e8les Blackstone suivants\u00a0<strong>ARRI\u00c8RE<\/strong>\u00a0Graisser les \u00e9l\u00e9ments du gril :<strong>36 pouces, 28 pouces, 17 pouces, Combin\u00e9 de cuisini\u00e8re<\/strong>\u00a0&amp; le\u00a0<strong>S\u00e9rie Pro.<\/strong><\/p>","protected":false},"featured_media":11545,"comment_status":"open","ping_status":"closed","template":"","meta":[],"product_cat":[428,438],"product_tag":[],"class_list":{"0":"post-11544","1":"product","2":"type-product","3":"status-publish","4":"has-post-thumbnail","6":"product_cat-outdoor-cooking","7":"product_cat-tools-kits","8":"product_shipping_class-class-1","10":"first","11":"instock","12":"taxable","13":"shipping-taxable","14":"purchasable","15":"product-type-simple"},"yoast_head":"<!-- This site is optimized with the Yoast SEO plugin v27.3 - https:\/\/yoast.com\/product\/yoast-seo-wordpress\/ -->\n<title>Blackstone Original Series Grease Cup Liners - Ks Products<\/title>\n<meta name=\"robots\" content=\"index, follow, max-snippet:-1, max-image-preview:large, max-video-preview:-1\" \/>\n<link rel=\"canonical\" href=\"https:\/\/ksproducts.ca\/fr\/product\/blackstone-original-series-grease-cup-liners\/\" \/>\n<meta property=\"og:locale\" content=\"fr_CA\" \/>\n<meta property=\"og:type\" content=\"article\" \/>\n<meta property=\"og:title\" content=\"Blackstone Original Series Grease Cup Liners - Ks Products\" \/>\n<meta property=\"og:description\" content=\"Cooking for a crowd? Make the worst part of cooking the easiest with the Blackstone Grease Cup Liners. Our patented rear grease griddles make it easy to manage the grease, but our liners make disposal mess free. Place the liner in the grease cup before you start cooking and once you are done, push the excess oil and scraps of food to the back of the griddle to the rear grease opening. The liner will catch all the mess easily. Once the liner is full, simply discard it and replace it with a fresh one to make clean up a breeze.These liners are designed to fit the following Blackstone\u00a0REAR\u00a0Grease Griddle units:36-inch, 28-Inch, 17-Inch, Range Top Combo\u00a0&amp; the\u00a0ProSeries.\" \/>\n<meta property=\"og:url\" content=\"https:\/\/ksproducts.ca\/fr\/product\/blackstone-original-series-grease-cup-liners\/\" \/>\n<meta property=\"og:site_name\" content=\"Ks Products\" \/>\n<meta property=\"article:modified_time\" content=\"2026-04-03T20:18:30+00:00\" \/>\n<meta property=\"og:image\" content=\"https:\/\/ksproducts.ca\/wp-content\/uploads\/2026\/03\/Blackstone-Original-Series-Grease-Cup-Liners.jpg\" \/>\n\t<meta property=\"og:image:width\" content=\"800\" \/>\n\t<meta property=\"og:image:height\" content=\"620\" \/>\n\t<meta property=\"og:image:type\" content=\"image\/jpeg\" \/>\n<meta name=\"twitter:card\" content=\"summary_large_image\" \/>\n<meta name=\"twitter:label1\" content=\"Estimation du temps de lecture\" \/>\n\t<meta name=\"twitter:data1\" content=\"1 minute\" \/>\n<script type=\"application\/ld+json\" class=\"yoast-schema-graph\">{\"@context\":\"https:\\\/\\\/schema.org\",\"@graph\":[{\"@type\":\"WebPage\",\"@id\":\"https:\\\/\\\/ksproducts.ca\\\/product\\\/blackstone-original-series-grease-cup-liners\\\/\",\"url\":\"https:\\\/\\\/ksproducts.ca\\\/product\\\/blackstone-original-series-grease-cup-liners\\\/\",\"name\":\"Blackstone Original Series Grease Cup Liners - Ks Products\",\"isPartOf\":{\"@id\":\"https:\\\/\\\/ksproducts.ca\\\/#website\"},\"primaryImageOfPage\":{\"@id\":\"https:\\\/\\\/ksproducts.ca\\\/product\\\/blackstone-original-series-grease-cup-liners\\\/#primaryimage\"},\"image\":{\"@id\":\"https:\\\/\\\/ksproducts.ca\\\/product\\\/blackstone-original-series-grease-cup-liners\\\/#primaryimage\"},\"thumbnailUrl\":\"https:\\\/\\\/ksproducts.ca\\\/wp-content\\\/uploads\\\/2026\\\/03\\\/Blackstone-Original-Series-Grease-Cup-Liners.jpg\",\"datePublished\":\"2026-03-04T20:00:16+00:00\",\"dateModified\":\"2026-04-03T20:18:30+00:00\",\"breadcrumb\":{\"@id\":\"https:\\\/\\\/ksproducts.ca\\\/product\\\/blackstone-original-series-grease-cup-liners\\\/#breadcrumb\"},\"inLanguage\":\"fr-CA\",\"potentialAction\":[{\"@type\":\"ReadAction\",\"target\":[\"https:\\\/\\\/ksproducts.ca\\\/product\\\/blackstone-original-series-grease-cup-liners\\\/\"]}]},{\"@type\":\"ImageObject\",\"inLanguage\":\"fr-CA\",\"@id\":\"https:\\\/\\\/ksproducts.ca\\\/product\\\/blackstone-original-series-grease-cup-liners\\\/#primaryimage\",\"url\":\"https:\\\/\\\/ksproducts.ca\\\/wp-content\\\/uploads\\\/2026\\\/03\\\/Blackstone-Original-Series-Grease-Cup-Liners.jpg\",\"contentUrl\":\"https:\\\/\\\/ksproducts.ca\\\/wp-content\\\/uploads\\\/2026\\\/03\\\/Blackstone-Original-Series-Grease-Cup-Liners.jpg\",\"width\":800,\"height\":620,\"caption\":\"Blackstone Original Series Grease Cup Liners\"},{\"@type\":\"BreadcrumbList\",\"@id\":\"https:\\\/\\\/ksproducts.ca\\\/product\\\/blackstone-original-series-grease-cup-liners\\\/#breadcrumb\",\"itemListElement\":[{\"@type\":\"ListItem\",\"position\":1,\"name\":\"Home\",\"item\":\"https:\\\/\\\/ksproducts.ca\\\/\"},{\"@type\":\"ListItem\",\"position\":2,\"name\":\"Shop\",\"item\":\"https:\\\/\\\/ksproducts.ca\\\/shop\\\/\"},{\"@type\":\"ListItem\",\"position\":3,\"name\":\"Blackstone Original Series Grease Cup Liners\"}]},{\"@type\":\"WebSite\",\"@id\":\"https:\\\/\\\/ksproducts.ca\\\/#website\",\"url\":\"https:\\\/\\\/ksproducts.ca\\\/\",\"name\":\"Ks Products\",\"description\":\"Outdoor cooking and living, made easy in Canada\",\"publisher\":{\"@id\":\"https:\\\/\\\/ksproducts.ca\\\/#organization\"},\"potentialAction\":[{\"@type\":\"SearchAction\",\"target\":{\"@type\":\"EntryPoint\",\"urlTemplate\":\"https:\\\/\\\/ksproducts.ca\\\/?s={search_term_string}\"},\"query-input\":{\"@type\":\"PropertyValueSpecification\",\"valueRequired\":true,\"valueName\":\"search_term_string\"}}],\"inLanguage\":\"fr-CA\"},{\"@type\":\"Organization\",\"@id\":\"https:\\\/\\\/ksproducts.ca\\\/#organization\",\"name\":\"Ks Products\",\"url\":\"https:\\\/\\\/ksproducts.ca\\\/\",\"logo\":{\"@type\":\"ImageObject\",\"inLanguage\":\"fr-CA\",\"@id\":\"https:\\\/\\\/ksproducts.ca\\\/#\\\/schema\\\/logo\\\/image\\\/\",\"url\":\"https:\\\/\\\/ksproducts.ca\\\/wp-content\\\/uploads\\\/2023\\\/09\\\/Kennedy-Sales-Logo-header-1.png\",\"contentUrl\":\"https:\\\/\\\/ksproducts.ca\\\/wp-content\\\/uploads\\\/2023\\\/09\\\/Kennedy-Sales-Logo-header-1.png\",\"width\":150,\"height\":77,\"caption\":\"Ks Products\"},\"image\":{\"@id\":\"https:\\\/\\\/ksproducts.ca\\\/#\\\/schema\\\/logo\\\/image\\\/\"}}]}<\/script>\n<!-- \/ Yoast SEO plugin. -->","yoast_head_json":{"title":"Blackstone Original Series Grease Cup Liners - Ks Products","robots":{"index":"index","follow":"follow","max-snippet":"max-snippet:-1","max-image-preview":"max-image-preview:large","max-video-preview":"max-video-preview:-1"},"canonical":"https:\/\/ksproducts.ca\/fr\/product\/blackstone-original-series-grease-cup-liners\/","og_locale":"fr_CA","og_type":"article","og_title":"Blackstone Original Series Grease Cup Liners - Ks Products","og_description":"Cooking for a crowd? Make the worst part of cooking the easiest with the Blackstone Grease Cup Liners. Our patented rear grease griddles make it easy to manage the grease, but our liners make disposal mess free. Place the liner in the grease cup before you start cooking and once you are done, push the excess oil and scraps of food to the back of the griddle to the rear grease opening. The liner will catch all the mess easily. Once the liner is full, simply discard it and replace it with a fresh one to make clean up a breeze.These liners are designed to fit the following Blackstone\u00a0REAR\u00a0Grease Griddle units:36-inch, 28-Inch, 17-Inch, Range Top Combo\u00a0&amp; the\u00a0ProSeries.","og_url":"https:\/\/ksproducts.ca\/fr\/product\/blackstone-original-series-grease-cup-liners\/","og_site_name":"Ks Products","article_modified_time":"2026-04-03T20:18:30+00:00","og_image":[{"width":800,"height":620,"url":"https:\/\/ksproducts.ca\/wp-content\/uploads\/2026\/03\/Blackstone-Original-Series-Grease-Cup-Liners.jpg","type":"image\/jpeg"}],"twitter_card":"summary_large_image","twitter_misc":{"Estimation du temps de lecture":"1 minute"},"schema":{"@context":"https:\/\/schema.org","@graph":[{"@type":"WebPage","@id":"https:\/\/ksproducts.ca\/product\/blackstone-original-series-grease-cup-liners\/","url":"https:\/\/ksproducts.ca\/product\/blackstone-original-series-grease-cup-liners\/","name":"Blackstone Original Series Grease Cup Liners - Ks Products","isPartOf":{"@id":"https:\/\/ksproducts.ca\/#website"},"primaryImageOfPage":{"@id":"https:\/\/ksproducts.ca\/product\/blackstone-original-series-grease-cup-liners\/#primaryimage"},"image":{"@id":"https:\/\/ksproducts.ca\/product\/blackstone-original-series-grease-cup-liners\/#primaryimage"},"thumbnailUrl":"https:\/\/ksproducts.ca\/wp-content\/uploads\/2026\/03\/Blackstone-Original-Series-Grease-Cup-Liners.jpg","datePublished":"2026-03-04T20:00:16+00:00","dateModified":"2026-04-03T20:18:30+00:00","breadcrumb":{"@id":"https:\/\/ksproducts.ca\/product\/blackstone-original-series-grease-cup-liners\/#breadcrumb"},"inLanguage":"fr-CA","potentialAction":[{"@type":"ReadAction","target":["https:\/\/ksproducts.ca\/product\/blackstone-original-series-grease-cup-liners\/"]}]},{"@type":"ImageObject","inLanguage":"fr-CA","@id":"https:\/\/ksproducts.ca\/product\/blackstone-original-series-grease-cup-liners\/#primaryimage","url":"https:\/\/ksproducts.ca\/wp-content\/uploads\/2026\/03\/Blackstone-Original-Series-Grease-Cup-Liners.jpg","contentUrl":"https:\/\/ksproducts.ca\/wp-content\/uploads\/2026\/03\/Blackstone-Original-Series-Grease-Cup-Liners.jpg","width":800,"height":620,"caption":"Blackstone Original Series Grease Cup Liners"},{"@type":"BreadcrumbList","@id":"https:\/\/ksproducts.ca\/product\/blackstone-original-series-grease-cup-liners\/#breadcrumb","itemListElement":[{"@type":"ListItem","position":1,"name":"Home","item":"https:\/\/ksproducts.ca\/"},{"@type":"ListItem","position":2,"name":"Shop","item":"https:\/\/ksproducts.ca\/shop\/"},{"@type":"ListItem","position":3,"name":"Blackstone Original Series Grease Cup Liners"}]},{"@type":"WebSite","@id":"https:\/\/ksproducts.ca\/#website","url":"https:\/\/ksproducts.ca\/","name":"Produits Ks","description":"Cuisiner et vivre en plein air, c'est facile au Canada","publisher":{"@id":"https:\/\/ksproducts.ca\/#organization"},"potentialAction":[{"@type":"SearchAction","target":{"@type":"EntryPoint","urlTemplate":"https:\/\/ksproducts.ca\/?s={search_term_string}"},"query-input":{"@type":"PropertyValueSpecification","valueRequired":true,"valueName":"search_term_string"}}],"inLanguage":"fr-CA"},{"@type":"Organization","@id":"https:\/\/ksproducts.ca\/#organization","name":"Produits Ks","url":"https:\/\/ksproducts.ca\/","logo":{"@type":"ImageObject","inLanguage":"fr-CA","@id":"https:\/\/ksproducts.ca\/#\/schema\/logo\/image\/","url":"https:\/\/ksproducts.ca\/wp-content\/uploads\/2023\/09\/Kennedy-Sales-Logo-header-1.png","contentUrl":"https:\/\/ksproducts.ca\/wp-content\/uploads\/2023\/09\/Kennedy-Sales-Logo-header-1.png","width":150,"height":77,"caption":"Ks Products"},"image":{"@id":"https:\/\/ksproducts.ca\/#\/schema\/logo\/image\/"}}]}},"_links":{"self":[{"href":"https:\/\/ksproducts.ca\/fr\/wp-json\/wp\/v2\/product\/11544","targetHints":{"allow":["GET"]}}],"collection":[{"href":"https:\/\/ksproducts.ca\/fr\/wp-json\/wp\/v2\/product"}],"about":[{"href":"https:\/\/ksproducts.ca\/fr\/wp-json\/wp\/v2\/types\/product"}],"replies":[{"embeddable":true,"href":"https:\/\/ksproducts.ca\/fr\/wp-json\/wp\/v2\/comments?post=11544"}],"version-history":[{"count":1,"href":"https:\/\/ksproducts.ca\/fr\/wp-json\/wp\/v2\/product\/11544\/revisions"}],"predecessor-version":[{"id":11546,"href":"https:\/\/ksproducts.ca\/fr\/wp-json\/wp\/v2\/product\/11544\/revisions\/11546"}],"wp:featuredmedia":[{"embeddable":true,"href":"https:\/\/ksproducts.ca\/fr\/wp-json\/wp\/v2\/media\/11545"}],"wp:attachment":[{"href":"https:\/\/ksproducts.ca\/fr\/wp-json\/wp\/v2\/media?parent=11544"}],"wp:term":[{"taxonomy":"product_cat","embeddable":true,"href":"https:\/\/ksproducts.ca\/fr\/wp-json\/wp\/v2\/product_cat?post=11544"},{"taxonomy":"product_tag","embeddable":true,"href":"https:\/\/ksproducts.ca\/fr\/wp-json\/wp\/v2\/product_tag?post=11544"}],"curies":[{"name":"wp","href":"https:\/\/api.w.org\/{rel}","templated":true}]}}