{"id":11552,"date":"2026-03-04T20:20:45","date_gmt":"2026-03-04T20:20:45","guid":{"rendered":"https:\/\/ksproducts.ca\/?post_type=product&#038;p=11552"},"modified":"2026-03-16T16:11:09","modified_gmt":"2026-03-16T16:11:09","slug":"turtle-wax-restauration-de-lentilles-de-phares-avec-technologie-heal-seal-118-ml","status":"publish","type":"product","link":"https:\/\/ksproducts.ca\/fr\/product\/turtle-wax-headlight-lens-restorer-with-heal-seal-technology-118ml\/","title":{"rendered":"Turtle Wax Restauration des lentilles de phares avec la technologie Heal &amp; Seal - 118ml"},"content":{"rendered":"<ul>\n<li>Redonne spectaculairement aux phares ternes et jaunis une clart\u00e9 comme neuve<\/li>\n<li>Am\u00e9liore l'apparence et la visibilit\u00e9 des phares pour une conduite plus s\u00fbre<\/li>\n<li>Des r\u00e9sultats sup\u00e9rieurs sans utiliser d'outil motoris\u00e9<\/li>\n<li>Le kit comprend : 3 tampons de restauration de diff\u00e9rents grains de 2400 \u00e0 8000 grains, un lubrifiant en spray (120 ml), un compos\u00e9 clarifiant pour lentilles (120 ml) et une lingette scellante pour lentilles (10 cm x 10 cm)<\/li>\n<\/ul>","protected":false},"excerpt":{"rendered":"<p>\u00c9limine l'oxydation moyenne et scelle les phares pour \u00e9viter tout jaunissement futur. La couche de base de la lentille et le syst\u00e8me d'essuyage d'\u00e9tanch\u00e9it\u00e9 prot\u00e8gent et prolongent la clart\u00e9 de la lentille pendant des ann\u00e9es. Il n'est pas n\u00e9cessaire de d\u00e9penser des centaines d'euros pour acheter de nouveaux phares. Le kit fournit des r\u00e9sultats sup\u00e9rieurs sans qu'il soit n\u00e9cessaire d'utiliser une perceuse ou un outil \u00e9lectrique. Ce kit offre une solution facile \u00e0 utiliser pour les phares ternes et augmente la visibilit\u00e9 pour une conduite plus s\u00fbre. Ce kit offre une solution facile \u00e0 utiliser pour les phares ternes et augmente la visibilit\u00e9 pour une conduite plus s\u00fbre. Am\u00e9liore l'apparence des lentilles et la visibilit\u00e9 pour une conduite plus s\u00fbre avec ce kit de vente #1, Le kit comprend : 3 tampons de restauration de diff\u00e9rents grains de 2400 \u00e0 8000, lubrifiant en spray (4 oz.), compos\u00e9 clarifiant pour lentilles (4 oz.) et lingette d'\u00e9tanch\u00e9it\u00e9 pour lentilles (4\u2033x4\u2033).<\/p>","protected":false},"featured_media":11551,"comment_status":"open","ping_status":"closed","template":"","meta":[],"product_cat":[430],"product_tag":[],"class_list":{"0":"post-11552","1":"product","2":"type-product","3":"status-publish","4":"has-post-thumbnail","6":"product_cat-automotive-gear","7":"product_shipping_class-class-1","9":"first","10":"instock","11":"taxable","12":"shipping-taxable","13":"purchasable","14":"product-type-simple"},"yoast_head":"<!-- This site is optimized with the Yoast SEO plugin v27.3 - https:\/\/yoast.com\/product\/yoast-seo-wordpress\/ -->\n<title>Turtle Wax Headlight Lens Restorer with Heal &amp; Seal Technology - 118ml - Ks Products<\/title>\n<meta name=\"robots\" content=\"index, follow, max-snippet:-1, max-image-preview:large, max-video-preview:-1\" \/>\n<link rel=\"canonical\" href=\"https:\/\/ksproducts.ca\/fr\/product\/turtle-wax-restauration-de-lentilles-de-phares-avec-technologie-heal-seal-118-ml\/\" \/>\n<meta property=\"og:locale\" content=\"fr_CA\" \/>\n<meta property=\"og:type\" content=\"article\" \/>\n<meta property=\"og:title\" content=\"Turtle Wax Headlight Lens Restorer with Heal &amp; Seal Technology - 118ml - Ks Products\" \/>\n<meta property=\"og:description\" content=\"Removes medium oxidation and seals headlights to prevent future yellowing. Lens base coat and sealing wipe system protects and prolongs lens clarity for years. There\u2019s no need to spend hundreds of dollars on new headlights. The kit provides superior results without the need for a drill or power tool. This kit provides an easy-to-use solution to dull headlights and increases visibility for safer driving. This kit provides an easy-to-use solution to dull headlights and increases visibility for safer driving. Improves lens appearance &amp; visibility for safer driving with this #1 selling kit, Kit includes: 3 restoration pads of various grits from 2400 to 8000 grit, Spray Lubricant (4 oz.), Lens Clarifying Compound (4 oz.) and Lens Sealing Wipe (4&quot;x4&quot;)\" \/>\n<meta property=\"og:url\" content=\"https:\/\/ksproducts.ca\/fr\/product\/turtle-wax-restauration-de-lentilles-de-phares-avec-technologie-heal-seal-118-ml\/\" \/>\n<meta property=\"og:site_name\" content=\"Ks Products\" \/>\n<meta property=\"article:modified_time\" content=\"2026-03-16T16:11:09+00:00\" \/>\n<meta property=\"og:image\" content=\"https:\/\/ksproducts.ca\/wp-content\/uploads\/2026\/03\/Turtle-Wax-Headlight-Lens-Restorer-with-Heal-Seal-Technology-118ml.webp\" \/>\n\t<meta property=\"og:image:width\" content=\"640\" \/>\n\t<meta property=\"og:image:height\" content=\"640\" \/>\n\t<meta property=\"og:image:type\" content=\"image\/webp\" \/>\n<meta name=\"twitter:card\" content=\"summary_large_image\" \/>\n<meta name=\"twitter:label1\" content=\"Estimation du temps de lecture\" \/>\n\t<meta name=\"twitter:data1\" content=\"1 minute\" \/>\n<script type=\"application\/ld+json\" class=\"yoast-schema-graph\">{\"@context\":\"https:\\\/\\\/schema.org\",\"@graph\":[{\"@type\":\"WebPage\",\"@id\":\"https:\\\/\\\/ksproducts.ca\\\/product\\\/turtle-wax-headlight-lens-restorer-with-heal-seal-technology-118ml\\\/\",\"url\":\"https:\\\/\\\/ksproducts.ca\\\/product\\\/turtle-wax-headlight-lens-restorer-with-heal-seal-technology-118ml\\\/\",\"name\":\"Turtle Wax Headlight Lens Restorer with Heal & Seal Technology - 118ml - Ks Products\",\"isPartOf\":{\"@id\":\"https:\\\/\\\/ksproducts.ca\\\/#website\"},\"primaryImageOfPage\":{\"@id\":\"https:\\\/\\\/ksproducts.ca\\\/product\\\/turtle-wax-headlight-lens-restorer-with-heal-seal-technology-118ml\\\/#primaryimage\"},\"image\":{\"@id\":\"https:\\\/\\\/ksproducts.ca\\\/product\\\/turtle-wax-headlight-lens-restorer-with-heal-seal-technology-118ml\\\/#primaryimage\"},\"thumbnailUrl\":\"https:\\\/\\\/ksproducts.ca\\\/wp-content\\\/uploads\\\/2026\\\/03\\\/Turtle-Wax-Headlight-Lens-Restorer-with-Heal-Seal-Technology-118ml.webp\",\"datePublished\":\"2026-03-04T20:20:45+00:00\",\"dateModified\":\"2026-03-16T16:11:09+00:00\",\"breadcrumb\":{\"@id\":\"https:\\\/\\\/ksproducts.ca\\\/product\\\/turtle-wax-headlight-lens-restorer-with-heal-seal-technology-118ml\\\/#breadcrumb\"},\"inLanguage\":\"fr-CA\",\"potentialAction\":[{\"@type\":\"ReadAction\",\"target\":[\"https:\\\/\\\/ksproducts.ca\\\/product\\\/turtle-wax-headlight-lens-restorer-with-heal-seal-technology-118ml\\\/\"]}]},{\"@type\":\"ImageObject\",\"inLanguage\":\"fr-CA\",\"@id\":\"https:\\\/\\\/ksproducts.ca\\\/product\\\/turtle-wax-headlight-lens-restorer-with-heal-seal-technology-118ml\\\/#primaryimage\",\"url\":\"https:\\\/\\\/ksproducts.ca\\\/wp-content\\\/uploads\\\/2026\\\/03\\\/Turtle-Wax-Headlight-Lens-Restorer-with-Heal-Seal-Technology-118ml.webp\",\"contentUrl\":\"https:\\\/\\\/ksproducts.ca\\\/wp-content\\\/uploads\\\/2026\\\/03\\\/Turtle-Wax-Headlight-Lens-Restorer-with-Heal-Seal-Technology-118ml.webp\",\"width\":640,\"height\":640,\"caption\":\"Turtle Wax Headlight Lens Restorer with Heal & Seal Technology 118ml\"},{\"@type\":\"BreadcrumbList\",\"@id\":\"https:\\\/\\\/ksproducts.ca\\\/product\\\/turtle-wax-headlight-lens-restorer-with-heal-seal-technology-118ml\\\/#breadcrumb\",\"itemListElement\":[{\"@type\":\"ListItem\",\"position\":1,\"name\":\"Home\",\"item\":\"https:\\\/\\\/ksproducts.ca\\\/\"},{\"@type\":\"ListItem\",\"position\":2,\"name\":\"Shop\",\"item\":\"https:\\\/\\\/ksproducts.ca\\\/shop\\\/\"},{\"@type\":\"ListItem\",\"position\":3,\"name\":\"Turtle Wax Headlight Lens Restorer with Heal &#038; Seal Technology &#8211; 118ml\"}]},{\"@type\":\"WebSite\",\"@id\":\"https:\\\/\\\/ksproducts.ca\\\/#website\",\"url\":\"https:\\\/\\\/ksproducts.ca\\\/\",\"name\":\"Ks Products\",\"description\":\"Outdoor cooking and living, made easy in Canada\",\"publisher\":{\"@id\":\"https:\\\/\\\/ksproducts.ca\\\/#organization\"},\"potentialAction\":[{\"@type\":\"SearchAction\",\"target\":{\"@type\":\"EntryPoint\",\"urlTemplate\":\"https:\\\/\\\/ksproducts.ca\\\/?s={search_term_string}\"},\"query-input\":{\"@type\":\"PropertyValueSpecification\",\"valueRequired\":true,\"valueName\":\"search_term_string\"}}],\"inLanguage\":\"fr-CA\"},{\"@type\":\"Organization\",\"@id\":\"https:\\\/\\\/ksproducts.ca\\\/#organization\",\"name\":\"Ks Products\",\"url\":\"https:\\\/\\\/ksproducts.ca\\\/\",\"logo\":{\"@type\":\"ImageObject\",\"inLanguage\":\"fr-CA\",\"@id\":\"https:\\\/\\\/ksproducts.ca\\\/#\\\/schema\\\/logo\\\/image\\\/\",\"url\":\"https:\\\/\\\/ksproducts.ca\\\/wp-content\\\/uploads\\\/2023\\\/09\\\/Kennedy-Sales-Logo-header-1.png\",\"contentUrl\":\"https:\\\/\\\/ksproducts.ca\\\/wp-content\\\/uploads\\\/2023\\\/09\\\/Kennedy-Sales-Logo-header-1.png\",\"width\":150,\"height\":77,\"caption\":\"Ks Products\"},\"image\":{\"@id\":\"https:\\\/\\\/ksproducts.ca\\\/#\\\/schema\\\/logo\\\/image\\\/\"}}]}<\/script>\n<!-- \/ Yoast SEO plugin. -->","yoast_head_json":{"title":"Turtle Wax Restaureur de phares avec technologie Heal &amp; Seal - 118 ml - Ks Products","robots":{"index":"index","follow":"follow","max-snippet":"max-snippet:-1","max-image-preview":"max-image-preview:large","max-video-preview":"max-video-preview:-1"},"canonical":"https:\/\/ksproducts.ca\/fr\/product\/turtle-wax-restauration-de-lentilles-de-phares-avec-technologie-heal-seal-118-ml\/","og_locale":"fr_CA","og_type":"article","og_title":"Turtle Wax Headlight Lens Restorer with Heal & Seal Technology - 118ml - Ks Products","og_description":"Removes medium oxidation and seals headlights to prevent future yellowing. Lens base coat and sealing wipe system protects and prolongs lens clarity for years. There\u2019s no need to spend hundreds of dollars on new headlights. The kit provides superior results without the need for a drill or power tool. This kit provides an easy-to-use solution to dull headlights and increases visibility for safer driving. This kit provides an easy-to-use solution to dull headlights and increases visibility for safer driving. Improves lens appearance &amp; visibility for safer driving with this #1 selling kit, Kit includes: 3 restoration pads of various grits from 2400 to 8000 grit, Spray Lubricant (4 oz.), Lens Clarifying Compound (4 oz.) and Lens Sealing Wipe (4\"x4\")","og_url":"https:\/\/ksproducts.ca\/fr\/product\/turtle-wax-restauration-de-lentilles-de-phares-avec-technologie-heal-seal-118-ml\/","og_site_name":"Ks Products","article_modified_time":"2026-03-16T16:11:09+00:00","og_image":[{"width":640,"height":640,"url":"https:\/\/ksproducts.ca\/wp-content\/uploads\/2026\/03\/Turtle-Wax-Headlight-Lens-Restorer-with-Heal-Seal-Technology-118ml.webp","type":"image\/webp"}],"twitter_card":"summary_large_image","twitter_misc":{"Estimation du temps de lecture":"1 minute"},"schema":{"@context":"https:\/\/schema.org","@graph":[{"@type":"WebPage","@id":"https:\/\/ksproducts.ca\/product\/turtle-wax-headlight-lens-restorer-with-heal-seal-technology-118ml\/","url":"https:\/\/ksproducts.ca\/product\/turtle-wax-headlight-lens-restorer-with-heal-seal-technology-118ml\/","name":"Turtle Wax Restaureur de phares avec technologie Heal &amp; Seal - 118 ml - Ks Products","isPartOf":{"@id":"https:\/\/ksproducts.ca\/#website"},"primaryImageOfPage":{"@id":"https:\/\/ksproducts.ca\/product\/turtle-wax-headlight-lens-restorer-with-heal-seal-technology-118ml\/#primaryimage"},"image":{"@id":"https:\/\/ksproducts.ca\/product\/turtle-wax-headlight-lens-restorer-with-heal-seal-technology-118ml\/#primaryimage"},"thumbnailUrl":"https:\/\/ksproducts.ca\/wp-content\/uploads\/2026\/03\/Turtle-Wax-Headlight-Lens-Restorer-with-Heal-Seal-Technology-118ml.webp","datePublished":"2026-03-04T20:20:45+00:00","dateModified":"2026-03-16T16:11:09+00:00","breadcrumb":{"@id":"https:\/\/ksproducts.ca\/product\/turtle-wax-headlight-lens-restorer-with-heal-seal-technology-118ml\/#breadcrumb"},"inLanguage":"fr-CA","potentialAction":[{"@type":"ReadAction","target":["https:\/\/ksproducts.ca\/product\/turtle-wax-headlight-lens-restorer-with-heal-seal-technology-118ml\/"]}]},{"@type":"ImageObject","inLanguage":"fr-CA","@id":"https:\/\/ksproducts.ca\/product\/turtle-wax-headlight-lens-restorer-with-heal-seal-technology-118ml\/#primaryimage","url":"https:\/\/ksproducts.ca\/wp-content\/uploads\/2026\/03\/Turtle-Wax-Headlight-Lens-Restorer-with-Heal-Seal-Technology-118ml.webp","contentUrl":"https:\/\/ksproducts.ca\/wp-content\/uploads\/2026\/03\/Turtle-Wax-Headlight-Lens-Restorer-with-Heal-Seal-Technology-118ml.webp","width":640,"height":640,"caption":"Turtle Wax Headlight Lens Restorer with Heal & Seal Technology 118ml"},{"@type":"BreadcrumbList","@id":"https:\/\/ksproducts.ca\/product\/turtle-wax-headlight-lens-restorer-with-heal-seal-technology-118ml\/#breadcrumb","itemListElement":[{"@type":"ListItem","position":1,"name":"Home","item":"https:\/\/ksproducts.ca\/"},{"@type":"ListItem","position":2,"name":"Shop","item":"https:\/\/ksproducts.ca\/shop\/"},{"@type":"ListItem","position":3,"name":"Turtle Wax Headlight Lens Restorer with Heal &#038; Seal Technology &#8211; 118ml"}]},{"@type":"WebSite","@id":"https:\/\/ksproducts.ca\/#website","url":"https:\/\/ksproducts.ca\/","name":"Produits Ks","description":"Cuisiner et vivre en plein air, c'est facile au Canada","publisher":{"@id":"https:\/\/ksproducts.ca\/#organization"},"potentialAction":[{"@type":"SearchAction","target":{"@type":"EntryPoint","urlTemplate":"https:\/\/ksproducts.ca\/?s={search_term_string}"},"query-input":{"@type":"PropertyValueSpecification","valueRequired":true,"valueName":"search_term_string"}}],"inLanguage":"fr-CA"},{"@type":"Organization","@id":"https:\/\/ksproducts.ca\/#organization","name":"Produits Ks","url":"https:\/\/ksproducts.ca\/","logo":{"@type":"ImageObject","inLanguage":"fr-CA","@id":"https:\/\/ksproducts.ca\/#\/schema\/logo\/image\/","url":"https:\/\/ksproducts.ca\/wp-content\/uploads\/2023\/09\/Kennedy-Sales-Logo-header-1.png","contentUrl":"https:\/\/ksproducts.ca\/wp-content\/uploads\/2023\/09\/Kennedy-Sales-Logo-header-1.png","width":150,"height":77,"caption":"Ks Products"},"image":{"@id":"https:\/\/ksproducts.ca\/#\/schema\/logo\/image\/"}}]}},"_links":{"self":[{"href":"https:\/\/ksproducts.ca\/fr\/wp-json\/wp\/v2\/product\/11552","targetHints":{"allow":["GET"]}}],"collection":[{"href":"https:\/\/ksproducts.ca\/fr\/wp-json\/wp\/v2\/product"}],"about":[{"href":"https:\/\/ksproducts.ca\/fr\/wp-json\/wp\/v2\/types\/product"}],"replies":[{"embeddable":true,"href":"https:\/\/ksproducts.ca\/fr\/wp-json\/wp\/v2\/comments?post=11552"}],"version-history":[{"count":2,"href":"https:\/\/ksproducts.ca\/fr\/wp-json\/wp\/v2\/product\/11552\/revisions"}],"predecessor-version":[{"id":11555,"href":"https:\/\/ksproducts.ca\/fr\/wp-json\/wp\/v2\/product\/11552\/revisions\/11555"}],"wp:featuredmedia":[{"embeddable":true,"href":"https:\/\/ksproducts.ca\/fr\/wp-json\/wp\/v2\/media\/11551"}],"wp:attachment":[{"href":"https:\/\/ksproducts.ca\/fr\/wp-json\/wp\/v2\/media?parent=11552"}],"wp:term":[{"taxonomy":"product_cat","embeddable":true,"href":"https:\/\/ksproducts.ca\/fr\/wp-json\/wp\/v2\/product_cat?post=11552"},{"taxonomy":"product_tag","embeddable":true,"href":"https:\/\/ksproducts.ca\/fr\/wp-json\/wp\/v2\/product_tag?post=11552"}],"curies":[{"name":"wp","href":"https:\/\/api.w.org\/{rel}","templated":true}]}}