{"id":11554,"date":"2026-03-04T20:29:34","date_gmt":"2026-03-04T20:29:34","guid":{"rendered":"https:\/\/ksproducts.ca\/?post_type=product&#038;p=11554"},"modified":"2026-03-16T16:12:19","modified_gmt":"2026-03-16T16:12:19","slug":"turtle-wax-renew-rx-compose-de-polissage-nettoyant-leger-a-moyen","status":"publish","type":"product","link":"https:\/\/ksproducts.ca\/fr\/product\/turtle-wax-renew-rx-polishing-compound-light-to-medium-cleaner\/","title":{"rendered":"Turtle Wax Renew RX Polishing Compound Light to Medium Cleaner (Nettoyant l\u00e9ger \u00e0 moyen)"},"content":{"rendered":"<ul>\n<li class=\"nl-features__information\">Formule pr\u00e9-adoucissante qui s'applique facilement et en douceur \u00e0 l'aide d'une \u00e9tamine humide.<\/li>\n<li class=\"nl-features__information\">\u00c9limine l'oxydation et les salissures de la route sans les rayer<\/li>\n<li class=\"nl-features__information\">Ne contient pas d'abrasifs agressifs<\/li>\n<li class=\"nl-features__information\">Remarquable pour l'\u00e9limination des transferts de peinture sur les rayures des parkings<\/li>\n<li class=\"nl-features__information\">Taille : 298 g<\/li>\n<\/ul>","protected":false},"excerpt":{"rendered":"<p>Le compos\u00e9 de polissage pour voiture Renew Rx de Turtle Wax est une formule pr\u00e9-souple qui s'applique en douceur \u00e0 l'aide d'une \u00e9tamine humide. Il est con\u00e7u pour \u00e9liminer efficacement l'oxydation et la salet\u00e9 de la route de la surface de votre v\u00e9hicule. Sans utiliser d'abrasifs agressifs, ce compos\u00e9 contribue \u00e0 garantir que la finition de votre v\u00e9hicule reste intacte.<\/p>","protected":false},"featured_media":11556,"comment_status":"open","ping_status":"closed","template":"","meta":[],"product_cat":[430],"product_tag":[],"class_list":{"0":"post-11554","1":"product","2":"type-product","3":"status-publish","4":"has-post-thumbnail","6":"product_cat-automotive-gear","7":"product_shipping_class-class-1","9":"first","10":"instock","11":"taxable","12":"shipping-taxable","13":"purchasable","14":"product-type-simple"},"yoast_head":"<!-- This site is optimized with the Yoast SEO plugin v27.3 - https:\/\/yoast.com\/product\/yoast-seo-wordpress\/ -->\n<title>Turtle Wax Renew RX Polishing Compound Light to Medium Cleaner - Ks Products<\/title>\n<meta name=\"robots\" content=\"index, follow, max-snippet:-1, max-image-preview:large, max-video-preview:-1\" \/>\n<link rel=\"canonical\" href=\"https:\/\/ksproducts.ca\/fr\/product\/turtle-wax-renew-rx-compose-de-polissage-nettoyant-leger-a-moyen\/\" \/>\n<meta property=\"og:locale\" content=\"fr_CA\" \/>\n<meta property=\"og:type\" content=\"article\" \/>\n<meta property=\"og:title\" content=\"Turtle Wax Renew RX Polishing Compound Light to Medium Cleaner - Ks Products\" \/>\n<meta property=\"og:description\" content=\"Turtle Wax Renew Rx Car Polishing Compound is a pre-softened formula that applies smoothly with a damp cheesecloth. It&#039;s designed to efficiently remove oxidation and road grime from your vehicle&#039;s surface. Without employing harsh abrasives, this compound helps to ensure that your vehicle&#039;s finish remains unscratched.\" \/>\n<meta property=\"og:url\" content=\"https:\/\/ksproducts.ca\/fr\/product\/turtle-wax-renew-rx-compose-de-polissage-nettoyant-leger-a-moyen\/\" \/>\n<meta property=\"og:site_name\" content=\"Ks Products\" \/>\n<meta property=\"article:modified_time\" content=\"2026-03-16T16:12:19+00:00\" \/>\n<meta property=\"og:image\" content=\"https:\/\/ksproducts.ca\/wp-content\/uploads\/2026\/03\/Turtle-Wax-Renew-RX-Polishing-Compound-Light-to-Medium-Cleaner.jpg\" \/>\n\t<meta property=\"og:image:width\" content=\"800\" \/>\n\t<meta property=\"og:image:height\" content=\"415\" \/>\n\t<meta property=\"og:image:type\" content=\"image\/jpeg\" \/>\n<meta name=\"twitter:card\" content=\"summary_large_image\" \/>\n<meta name=\"twitter:label1\" content=\"Estimation du temps de lecture\" \/>\n\t<meta name=\"twitter:data1\" content=\"1 minute\" \/>\n<script type=\"application\/ld+json\" class=\"yoast-schema-graph\">{\"@context\":\"https:\\\/\\\/schema.org\",\"@graph\":[{\"@type\":\"WebPage\",\"@id\":\"https:\\\/\\\/ksproducts.ca\\\/product\\\/turtle-wax-renew-rx-polishing-compound-light-to-medium-cleaner\\\/\",\"url\":\"https:\\\/\\\/ksproducts.ca\\\/product\\\/turtle-wax-renew-rx-polishing-compound-light-to-medium-cleaner\\\/\",\"name\":\"Turtle Wax Renew RX Polishing Compound Light to Medium Cleaner - Ks Products\",\"isPartOf\":{\"@id\":\"https:\\\/\\\/ksproducts.ca\\\/#website\"},\"primaryImageOfPage\":{\"@id\":\"https:\\\/\\\/ksproducts.ca\\\/product\\\/turtle-wax-renew-rx-polishing-compound-light-to-medium-cleaner\\\/#primaryimage\"},\"image\":{\"@id\":\"https:\\\/\\\/ksproducts.ca\\\/product\\\/turtle-wax-renew-rx-polishing-compound-light-to-medium-cleaner\\\/#primaryimage\"},\"thumbnailUrl\":\"https:\\\/\\\/ksproducts.ca\\\/wp-content\\\/uploads\\\/2026\\\/03\\\/Turtle-Wax-Renew-RX-Polishing-Compound-Light-to-Medium-Cleaner.jpg\",\"datePublished\":\"2026-03-04T20:29:34+00:00\",\"dateModified\":\"2026-03-16T16:12:19+00:00\",\"breadcrumb\":{\"@id\":\"https:\\\/\\\/ksproducts.ca\\\/product\\\/turtle-wax-renew-rx-polishing-compound-light-to-medium-cleaner\\\/#breadcrumb\"},\"inLanguage\":\"fr-CA\",\"potentialAction\":[{\"@type\":\"ReadAction\",\"target\":[\"https:\\\/\\\/ksproducts.ca\\\/product\\\/turtle-wax-renew-rx-polishing-compound-light-to-medium-cleaner\\\/\"]}]},{\"@type\":\"ImageObject\",\"inLanguage\":\"fr-CA\",\"@id\":\"https:\\\/\\\/ksproducts.ca\\\/product\\\/turtle-wax-renew-rx-polishing-compound-light-to-medium-cleaner\\\/#primaryimage\",\"url\":\"https:\\\/\\\/ksproducts.ca\\\/wp-content\\\/uploads\\\/2026\\\/03\\\/Turtle-Wax-Renew-RX-Polishing-Compound-Light-to-Medium-Cleaner.jpg\",\"contentUrl\":\"https:\\\/\\\/ksproducts.ca\\\/wp-content\\\/uploads\\\/2026\\\/03\\\/Turtle-Wax-Renew-RX-Polishing-Compound-Light-to-Medium-Cleaner.jpg\",\"width\":800,\"height\":415,\"caption\":\"Turtle Wax Renew RX Polishing Compound Light to Medium Cleaner\"},{\"@type\":\"BreadcrumbList\",\"@id\":\"https:\\\/\\\/ksproducts.ca\\\/product\\\/turtle-wax-renew-rx-polishing-compound-light-to-medium-cleaner\\\/#breadcrumb\",\"itemListElement\":[{\"@type\":\"ListItem\",\"position\":1,\"name\":\"Home\",\"item\":\"https:\\\/\\\/ksproducts.ca\\\/\"},{\"@type\":\"ListItem\",\"position\":2,\"name\":\"Shop\",\"item\":\"https:\\\/\\\/ksproducts.ca\\\/shop\\\/\"},{\"@type\":\"ListItem\",\"position\":3,\"name\":\"Turtle Wax Renew RX Polishing Compound Light to Medium Cleaner\"}]},{\"@type\":\"WebSite\",\"@id\":\"https:\\\/\\\/ksproducts.ca\\\/#website\",\"url\":\"https:\\\/\\\/ksproducts.ca\\\/\",\"name\":\"Ks Products\",\"description\":\"Outdoor cooking and living, made easy in Canada\",\"publisher\":{\"@id\":\"https:\\\/\\\/ksproducts.ca\\\/#organization\"},\"potentialAction\":[{\"@type\":\"SearchAction\",\"target\":{\"@type\":\"EntryPoint\",\"urlTemplate\":\"https:\\\/\\\/ksproducts.ca\\\/?s={search_term_string}\"},\"query-input\":{\"@type\":\"PropertyValueSpecification\",\"valueRequired\":true,\"valueName\":\"search_term_string\"}}],\"inLanguage\":\"fr-CA\"},{\"@type\":\"Organization\",\"@id\":\"https:\\\/\\\/ksproducts.ca\\\/#organization\",\"name\":\"Ks Products\",\"url\":\"https:\\\/\\\/ksproducts.ca\\\/\",\"logo\":{\"@type\":\"ImageObject\",\"inLanguage\":\"fr-CA\",\"@id\":\"https:\\\/\\\/ksproducts.ca\\\/#\\\/schema\\\/logo\\\/image\\\/\",\"url\":\"https:\\\/\\\/ksproducts.ca\\\/wp-content\\\/uploads\\\/2023\\\/09\\\/Kennedy-Sales-Logo-header-1.png\",\"contentUrl\":\"https:\\\/\\\/ksproducts.ca\\\/wp-content\\\/uploads\\\/2023\\\/09\\\/Kennedy-Sales-Logo-header-1.png\",\"width\":150,\"height\":77,\"caption\":\"Ks Products\"},\"image\":{\"@id\":\"https:\\\/\\\/ksproducts.ca\\\/#\\\/schema\\\/logo\\\/image\\\/\"}}]}<\/script>\n<!-- \/ Yoast SEO plugin. -->","yoast_head_json":{"title":"Turtle Wax Renew RX Polishing Compound Light to Medium Cleaner - Ks Products","robots":{"index":"index","follow":"follow","max-snippet":"max-snippet:-1","max-image-preview":"max-image-preview:large","max-video-preview":"max-video-preview:-1"},"canonical":"https:\/\/ksproducts.ca\/fr\/product\/turtle-wax-renew-rx-compose-de-polissage-nettoyant-leger-a-moyen\/","og_locale":"fr_CA","og_type":"article","og_title":"Turtle Wax Renew RX Polishing Compound Light to Medium Cleaner - Ks Products","og_description":"Turtle Wax Renew Rx Car Polishing Compound is a pre-softened formula that applies smoothly with a damp cheesecloth. It's designed to efficiently remove oxidation and road grime from your vehicle's surface. Without employing harsh abrasives, this compound helps to ensure that your vehicle's finish remains unscratched.","og_url":"https:\/\/ksproducts.ca\/fr\/product\/turtle-wax-renew-rx-compose-de-polissage-nettoyant-leger-a-moyen\/","og_site_name":"Ks Products","article_modified_time":"2026-03-16T16:12:19+00:00","og_image":[{"width":800,"height":415,"url":"https:\/\/ksproducts.ca\/wp-content\/uploads\/2026\/03\/Turtle-Wax-Renew-RX-Polishing-Compound-Light-to-Medium-Cleaner.jpg","type":"image\/jpeg"}],"twitter_card":"summary_large_image","twitter_misc":{"Estimation du temps de lecture":"1 minute"},"schema":{"@context":"https:\/\/schema.org","@graph":[{"@type":"WebPage","@id":"https:\/\/ksproducts.ca\/product\/turtle-wax-renew-rx-polishing-compound-light-to-medium-cleaner\/","url":"https:\/\/ksproducts.ca\/product\/turtle-wax-renew-rx-polishing-compound-light-to-medium-cleaner\/","name":"Turtle Wax Renew RX Polishing Compound Light to Medium Cleaner - Ks Products","isPartOf":{"@id":"https:\/\/ksproducts.ca\/#website"},"primaryImageOfPage":{"@id":"https:\/\/ksproducts.ca\/product\/turtle-wax-renew-rx-polishing-compound-light-to-medium-cleaner\/#primaryimage"},"image":{"@id":"https:\/\/ksproducts.ca\/product\/turtle-wax-renew-rx-polishing-compound-light-to-medium-cleaner\/#primaryimage"},"thumbnailUrl":"https:\/\/ksproducts.ca\/wp-content\/uploads\/2026\/03\/Turtle-Wax-Renew-RX-Polishing-Compound-Light-to-Medium-Cleaner.jpg","datePublished":"2026-03-04T20:29:34+00:00","dateModified":"2026-03-16T16:12:19+00:00","breadcrumb":{"@id":"https:\/\/ksproducts.ca\/product\/turtle-wax-renew-rx-polishing-compound-light-to-medium-cleaner\/#breadcrumb"},"inLanguage":"fr-CA","potentialAction":[{"@type":"ReadAction","target":["https:\/\/ksproducts.ca\/product\/turtle-wax-renew-rx-polishing-compound-light-to-medium-cleaner\/"]}]},{"@type":"ImageObject","inLanguage":"fr-CA","@id":"https:\/\/ksproducts.ca\/product\/turtle-wax-renew-rx-polishing-compound-light-to-medium-cleaner\/#primaryimage","url":"https:\/\/ksproducts.ca\/wp-content\/uploads\/2026\/03\/Turtle-Wax-Renew-RX-Polishing-Compound-Light-to-Medium-Cleaner.jpg","contentUrl":"https:\/\/ksproducts.ca\/wp-content\/uploads\/2026\/03\/Turtle-Wax-Renew-RX-Polishing-Compound-Light-to-Medium-Cleaner.jpg","width":800,"height":415,"caption":"Turtle Wax Renew RX Polishing Compound Light to Medium Cleaner"},{"@type":"BreadcrumbList","@id":"https:\/\/ksproducts.ca\/product\/turtle-wax-renew-rx-polishing-compound-light-to-medium-cleaner\/#breadcrumb","itemListElement":[{"@type":"ListItem","position":1,"name":"Home","item":"https:\/\/ksproducts.ca\/"},{"@type":"ListItem","position":2,"name":"Shop","item":"https:\/\/ksproducts.ca\/shop\/"},{"@type":"ListItem","position":3,"name":"Turtle Wax Renew RX Polishing Compound Light to Medium Cleaner"}]},{"@type":"WebSite","@id":"https:\/\/ksproducts.ca\/#website","url":"https:\/\/ksproducts.ca\/","name":"Produits Ks","description":"Cuisiner et vivre en plein air, c'est facile au Canada","publisher":{"@id":"https:\/\/ksproducts.ca\/#organization"},"potentialAction":[{"@type":"SearchAction","target":{"@type":"EntryPoint","urlTemplate":"https:\/\/ksproducts.ca\/?s={search_term_string}"},"query-input":{"@type":"PropertyValueSpecification","valueRequired":true,"valueName":"search_term_string"}}],"inLanguage":"fr-CA"},{"@type":"Organization","@id":"https:\/\/ksproducts.ca\/#organization","name":"Produits Ks","url":"https:\/\/ksproducts.ca\/","logo":{"@type":"ImageObject","inLanguage":"fr-CA","@id":"https:\/\/ksproducts.ca\/#\/schema\/logo\/image\/","url":"https:\/\/ksproducts.ca\/wp-content\/uploads\/2023\/09\/Kennedy-Sales-Logo-header-1.png","contentUrl":"https:\/\/ksproducts.ca\/wp-content\/uploads\/2023\/09\/Kennedy-Sales-Logo-header-1.png","width":150,"height":77,"caption":"Ks Products"},"image":{"@id":"https:\/\/ksproducts.ca\/#\/schema\/logo\/image\/"}}]}},"_links":{"self":[{"href":"https:\/\/ksproducts.ca\/fr\/wp-json\/wp\/v2\/product\/11554","targetHints":{"allow":["GET"]}}],"collection":[{"href":"https:\/\/ksproducts.ca\/fr\/wp-json\/wp\/v2\/product"}],"about":[{"href":"https:\/\/ksproducts.ca\/fr\/wp-json\/wp\/v2\/types\/product"}],"replies":[{"embeddable":true,"href":"https:\/\/ksproducts.ca\/fr\/wp-json\/wp\/v2\/comments?post=11554"}],"version-history":[{"count":2,"href":"https:\/\/ksproducts.ca\/fr\/wp-json\/wp\/v2\/product\/11554\/revisions"}],"predecessor-version":[{"id":12683,"href":"https:\/\/ksproducts.ca\/fr\/wp-json\/wp\/v2\/product\/11554\/revisions\/12683"}],"wp:featuredmedia":[{"embeddable":true,"href":"https:\/\/ksproducts.ca\/fr\/wp-json\/wp\/v2\/media\/11556"}],"wp:attachment":[{"href":"https:\/\/ksproducts.ca\/fr\/wp-json\/wp\/v2\/media?parent=11554"}],"wp:term":[{"taxonomy":"product_cat","embeddable":true,"href":"https:\/\/ksproducts.ca\/fr\/wp-json\/wp\/v2\/product_cat?post=11554"},{"taxonomy":"product_tag","embeddable":true,"href":"https:\/\/ksproducts.ca\/fr\/wp-json\/wp\/v2\/product_tag?post=11554"}],"curies":[{"name":"wp","href":"https:\/\/api.w.org\/{rel}","templated":true}]}}