{"id":11558,"date":"2026-03-04T20:38:49","date_gmt":"2026-03-04T20:38:49","guid":{"rendered":"https:\/\/ksproducts.ca\/?post_type=product&#038;p=11558"},"modified":"2026-03-16T16:13:21","modified_gmt":"2026-03-16T16:13:21","slug":"turtle-wax-power-out-carpet-mats-heavy-duty-cleaner-510g","status":"publish","type":"product","link":"https:\/\/ksproducts.ca\/fr\/product\/turtle-wax-power-out-carpet-mats-heavy-duty-cleaner-510g\/","title":{"rendered":"Turtle Wax Power Out Carpet &amp; Mats Heavy Duty Cleaner - 510g"},"content":{"rendered":"<ul>\n<li class=\"nl-features__information\">Formul\u00e9 avec l'\u00e9liminateur d'odeurs Odor-X pour aider \u00e0 \u00e9liminer les odeurs caus\u00e9es par les animaux domestiques, la fum\u00e9e de cigarette, la nourriture et la moisissure.<\/li>\n<li class=\"nl-features__information\">La technologie exclusive Odor-X d\u00e9truit les odeurs au niveau mol\u00e9culaire.<\/li>\n<li class=\"nl-features__information\">Formul\u00e9 avec des nettoyants oxyg\u00e9n\u00e9s pour un nettoyage de qualit\u00e9 professionnelle<\/li>\n<li class=\"nl-features__information\">Nettoie en profondeur, d\u00e9sodorise et prot\u00e8ge la moquette et les tapis de sol gr\u00e2ce \u00e0 un tout nouveau mod\u00e8le de pulv\u00e9risation sans faille.<\/li>\n<li class=\"nl-features__information\">La micro-brosse d\u00e9tachable p\u00e9n\u00e8tre en profondeur dans les fibres de la moquette et les crevasses du tapis en caoutchouc pour \u00e9liminer les taches les plus tenaces dans les endroits difficiles d'acc\u00e8s.<\/li>\n<li class=\"nl-features__information\">Laisse un bouclier de protection en silicone qui repousse les salissures<\/li>\n<\/ul>","protected":false},"excerpt":{"rendered":"<p>Turtle Wax Power Out ! Carpet &amp; Mats Heavy Duty Cleaner est con\u00e7u pour \u00e9liminer les odeurs profondes des tapis et des moquettes. Dot\u00e9 de la technologie exclusive Odor-X, le nettoyant \u00e9radique mol\u00e9culairement les odeurs caus\u00e9es par les animaux domestiques, la fum\u00e9e de cigarette, la nourriture et la moisissure. En plus de nettoyer et de d\u00e9sodoriser en profondeur, ce nettoyant laisse un \u00e9cran de silicone qui repousse les salissures sur les surfaces trait\u00e9es, offrant ainsi une protection continue qui dure longtemps.<\/p>","protected":false},"featured_media":11559,"comment_status":"open","ping_status":"closed","template":"","meta":[],"product_cat":[430],"product_tag":[],"class_list":{"0":"post-11558","1":"product","2":"type-product","3":"status-publish","4":"has-post-thumbnail","6":"product_cat-automotive-gear","7":"product_shipping_class-class-1","9":"first","10":"instock","11":"taxable","12":"shipping-taxable","13":"purchasable","14":"product-type-simple"},"yoast_head":"<!-- This site is optimized with the Yoast SEO plugin v27.3 - https:\/\/yoast.com\/product\/yoast-seo-wordpress\/ -->\n<title>Turtle Wax Power Out Carpet &amp; Mats Heavy Duty Cleaner - 510g - Ks Products<\/title>\n<meta name=\"robots\" content=\"index, follow, max-snippet:-1, max-image-preview:large, max-video-preview:-1\" \/>\n<link rel=\"canonical\" href=\"https:\/\/ksproducts.ca\/fr\/product\/turtle-wax-power-out-carpet-mats-heavy-duty-cleaner-510g\/\" \/>\n<meta property=\"og:locale\" content=\"fr_CA\" \/>\n<meta property=\"og:type\" content=\"article\" \/>\n<meta property=\"og:title\" content=\"Turtle Wax Power Out Carpet &amp; Mats Heavy Duty Cleaner - 510g - Ks Products\" \/>\n<meta property=\"og:description\" content=\"Turtle Wax Power Out! Carpet &amp; Mats Heavy Duty Cleaner is designed to eliminate deep-seated odours from carpets and mats. Incorporating exclusive Odor-X technology, the cleaner molecularly eradicates odours caused by pets, cigarette smoke, food, and mildew. In addition to deep cleaning and deodorizing, this cleaner also leaves a soil-repelling silicone shield on treated surfaces, offering continued protection that lasts for the long haul.\" \/>\n<meta property=\"og:url\" content=\"https:\/\/ksproducts.ca\/fr\/product\/turtle-wax-power-out-carpet-mats-heavy-duty-cleaner-510g\/\" \/>\n<meta property=\"og:site_name\" content=\"Ks Products\" \/>\n<meta property=\"article:modified_time\" content=\"2026-03-16T16:13:21+00:00\" \/>\n<meta property=\"og:image\" content=\"https:\/\/ksproducts.ca\/wp-content\/uploads\/2026\/03\/Turtle-Wax-Power-Out-Carpet-Mats-Heavy-Duty-Cleaner-510g.png\" \/>\n\t<meta property=\"og:image:width\" content=\"800\" \/>\n\t<meta property=\"og:image:height\" content=\"800\" \/>\n\t<meta property=\"og:image:type\" content=\"image\/png\" \/>\n<meta name=\"twitter:card\" content=\"summary_large_image\" \/>\n<meta name=\"twitter:label1\" content=\"Estimation du temps de lecture\" \/>\n\t<meta name=\"twitter:data1\" content=\"1 minute\" \/>\n<script type=\"application\/ld+json\" class=\"yoast-schema-graph\">{\"@context\":\"https:\\\/\\\/schema.org\",\"@graph\":[{\"@type\":\"WebPage\",\"@id\":\"https:\\\/\\\/ksproducts.ca\\\/product\\\/turtle-wax-power-out-carpet-mats-heavy-duty-cleaner-510g\\\/\",\"url\":\"https:\\\/\\\/ksproducts.ca\\\/product\\\/turtle-wax-power-out-carpet-mats-heavy-duty-cleaner-510g\\\/\",\"name\":\"Turtle Wax Power Out Carpet & Mats Heavy Duty Cleaner - 510g - Ks Products\",\"isPartOf\":{\"@id\":\"https:\\\/\\\/ksproducts.ca\\\/#website\"},\"primaryImageOfPage\":{\"@id\":\"https:\\\/\\\/ksproducts.ca\\\/product\\\/turtle-wax-power-out-carpet-mats-heavy-duty-cleaner-510g\\\/#primaryimage\"},\"image\":{\"@id\":\"https:\\\/\\\/ksproducts.ca\\\/product\\\/turtle-wax-power-out-carpet-mats-heavy-duty-cleaner-510g\\\/#primaryimage\"},\"thumbnailUrl\":\"https:\\\/\\\/ksproducts.ca\\\/wp-content\\\/uploads\\\/2026\\\/03\\\/Turtle-Wax-Power-Out-Carpet-Mats-Heavy-Duty-Cleaner-510g.png\",\"datePublished\":\"2026-03-04T20:38:49+00:00\",\"dateModified\":\"2026-03-16T16:13:21+00:00\",\"breadcrumb\":{\"@id\":\"https:\\\/\\\/ksproducts.ca\\\/product\\\/turtle-wax-power-out-carpet-mats-heavy-duty-cleaner-510g\\\/#breadcrumb\"},\"inLanguage\":\"fr-CA\",\"potentialAction\":[{\"@type\":\"ReadAction\",\"target\":[\"https:\\\/\\\/ksproducts.ca\\\/product\\\/turtle-wax-power-out-carpet-mats-heavy-duty-cleaner-510g\\\/\"]}]},{\"@type\":\"ImageObject\",\"inLanguage\":\"fr-CA\",\"@id\":\"https:\\\/\\\/ksproducts.ca\\\/product\\\/turtle-wax-power-out-carpet-mats-heavy-duty-cleaner-510g\\\/#primaryimage\",\"url\":\"https:\\\/\\\/ksproducts.ca\\\/wp-content\\\/uploads\\\/2026\\\/03\\\/Turtle-Wax-Power-Out-Carpet-Mats-Heavy-Duty-Cleaner-510g.png\",\"contentUrl\":\"https:\\\/\\\/ksproducts.ca\\\/wp-content\\\/uploads\\\/2026\\\/03\\\/Turtle-Wax-Power-Out-Carpet-Mats-Heavy-Duty-Cleaner-510g.png\",\"width\":800,\"height\":800,\"caption\":\"Turtle Wax Power Out Carpet & Mats Heavy Duty Cleaner 510g\"},{\"@type\":\"BreadcrumbList\",\"@id\":\"https:\\\/\\\/ksproducts.ca\\\/product\\\/turtle-wax-power-out-carpet-mats-heavy-duty-cleaner-510g\\\/#breadcrumb\",\"itemListElement\":[{\"@type\":\"ListItem\",\"position\":1,\"name\":\"Home\",\"item\":\"https:\\\/\\\/ksproducts.ca\\\/\"},{\"@type\":\"ListItem\",\"position\":2,\"name\":\"Shop\",\"item\":\"https:\\\/\\\/ksproducts.ca\\\/shop\\\/\"},{\"@type\":\"ListItem\",\"position\":3,\"name\":\"Turtle Wax Power Out Carpet &#038; Mats Heavy Duty Cleaner &#8211; 510g\"}]},{\"@type\":\"WebSite\",\"@id\":\"https:\\\/\\\/ksproducts.ca\\\/#website\",\"url\":\"https:\\\/\\\/ksproducts.ca\\\/\",\"name\":\"Ks Products\",\"description\":\"Outdoor cooking and living, made easy in Canada\",\"publisher\":{\"@id\":\"https:\\\/\\\/ksproducts.ca\\\/#organization\"},\"potentialAction\":[{\"@type\":\"SearchAction\",\"target\":{\"@type\":\"EntryPoint\",\"urlTemplate\":\"https:\\\/\\\/ksproducts.ca\\\/?s={search_term_string}\"},\"query-input\":{\"@type\":\"PropertyValueSpecification\",\"valueRequired\":true,\"valueName\":\"search_term_string\"}}],\"inLanguage\":\"fr-CA\"},{\"@type\":\"Organization\",\"@id\":\"https:\\\/\\\/ksproducts.ca\\\/#organization\",\"name\":\"Ks Products\",\"url\":\"https:\\\/\\\/ksproducts.ca\\\/\",\"logo\":{\"@type\":\"ImageObject\",\"inLanguage\":\"fr-CA\",\"@id\":\"https:\\\/\\\/ksproducts.ca\\\/#\\\/schema\\\/logo\\\/image\\\/\",\"url\":\"https:\\\/\\\/ksproducts.ca\\\/wp-content\\\/uploads\\\/2023\\\/09\\\/Kennedy-Sales-Logo-header-1.png\",\"contentUrl\":\"https:\\\/\\\/ksproducts.ca\\\/wp-content\\\/uploads\\\/2023\\\/09\\\/Kennedy-Sales-Logo-header-1.png\",\"width\":150,\"height\":77,\"caption\":\"Ks Products\"},\"image\":{\"@id\":\"https:\\\/\\\/ksproducts.ca\\\/#\\\/schema\\\/logo\\\/image\\\/\"}}]}<\/script>\n<!-- \/ Yoast SEO plugin. -->","yoast_head_json":{"title":"Turtle Wax Power Out Carpet &amp; Mats Heavy Duty Cleaner - 510g - Ks Products","robots":{"index":"index","follow":"follow","max-snippet":"max-snippet:-1","max-image-preview":"max-image-preview:large","max-video-preview":"max-video-preview:-1"},"canonical":"https:\/\/ksproducts.ca\/fr\/product\/turtle-wax-power-out-carpet-mats-heavy-duty-cleaner-510g\/","og_locale":"fr_CA","og_type":"article","og_title":"Turtle Wax Power Out Carpet & Mats Heavy Duty Cleaner - 510g - Ks Products","og_description":"Turtle Wax Power Out! Carpet &amp; Mats Heavy Duty Cleaner is designed to eliminate deep-seated odours from carpets and mats. Incorporating exclusive Odor-X technology, the cleaner molecularly eradicates odours caused by pets, cigarette smoke, food, and mildew. In addition to deep cleaning and deodorizing, this cleaner also leaves a soil-repelling silicone shield on treated surfaces, offering continued protection that lasts for the long haul.","og_url":"https:\/\/ksproducts.ca\/fr\/product\/turtle-wax-power-out-carpet-mats-heavy-duty-cleaner-510g\/","og_site_name":"Ks Products","article_modified_time":"2026-03-16T16:13:21+00:00","og_image":[{"width":800,"height":800,"url":"https:\/\/ksproducts.ca\/wp-content\/uploads\/2026\/03\/Turtle-Wax-Power-Out-Carpet-Mats-Heavy-Duty-Cleaner-510g.png","type":"image\/png"}],"twitter_card":"summary_large_image","twitter_misc":{"Estimation du temps de lecture":"1 minute"},"schema":{"@context":"https:\/\/schema.org","@graph":[{"@type":"WebPage","@id":"https:\/\/ksproducts.ca\/product\/turtle-wax-power-out-carpet-mats-heavy-duty-cleaner-510g\/","url":"https:\/\/ksproducts.ca\/product\/turtle-wax-power-out-carpet-mats-heavy-duty-cleaner-510g\/","name":"Turtle Wax Power Out Carpet &amp; Mats Heavy Duty Cleaner - 510g - Ks Products","isPartOf":{"@id":"https:\/\/ksproducts.ca\/#website"},"primaryImageOfPage":{"@id":"https:\/\/ksproducts.ca\/product\/turtle-wax-power-out-carpet-mats-heavy-duty-cleaner-510g\/#primaryimage"},"image":{"@id":"https:\/\/ksproducts.ca\/product\/turtle-wax-power-out-carpet-mats-heavy-duty-cleaner-510g\/#primaryimage"},"thumbnailUrl":"https:\/\/ksproducts.ca\/wp-content\/uploads\/2026\/03\/Turtle-Wax-Power-Out-Carpet-Mats-Heavy-Duty-Cleaner-510g.png","datePublished":"2026-03-04T20:38:49+00:00","dateModified":"2026-03-16T16:13:21+00:00","breadcrumb":{"@id":"https:\/\/ksproducts.ca\/product\/turtle-wax-power-out-carpet-mats-heavy-duty-cleaner-510g\/#breadcrumb"},"inLanguage":"fr-CA","potentialAction":[{"@type":"ReadAction","target":["https:\/\/ksproducts.ca\/product\/turtle-wax-power-out-carpet-mats-heavy-duty-cleaner-510g\/"]}]},{"@type":"ImageObject","inLanguage":"fr-CA","@id":"https:\/\/ksproducts.ca\/product\/turtle-wax-power-out-carpet-mats-heavy-duty-cleaner-510g\/#primaryimage","url":"https:\/\/ksproducts.ca\/wp-content\/uploads\/2026\/03\/Turtle-Wax-Power-Out-Carpet-Mats-Heavy-Duty-Cleaner-510g.png","contentUrl":"https:\/\/ksproducts.ca\/wp-content\/uploads\/2026\/03\/Turtle-Wax-Power-Out-Carpet-Mats-Heavy-Duty-Cleaner-510g.png","width":800,"height":800,"caption":"Turtle Wax Power Out Carpet & Mats Heavy Duty Cleaner 510g"},{"@type":"BreadcrumbList","@id":"https:\/\/ksproducts.ca\/product\/turtle-wax-power-out-carpet-mats-heavy-duty-cleaner-510g\/#breadcrumb","itemListElement":[{"@type":"ListItem","position":1,"name":"Home","item":"https:\/\/ksproducts.ca\/"},{"@type":"ListItem","position":2,"name":"Shop","item":"https:\/\/ksproducts.ca\/shop\/"},{"@type":"ListItem","position":3,"name":"Turtle Wax Power Out Carpet &#038; Mats Heavy Duty Cleaner &#8211; 510g"}]},{"@type":"WebSite","@id":"https:\/\/ksproducts.ca\/#website","url":"https:\/\/ksproducts.ca\/","name":"Produits Ks","description":"Cuisiner et vivre en plein air, c'est facile au Canada","publisher":{"@id":"https:\/\/ksproducts.ca\/#organization"},"potentialAction":[{"@type":"SearchAction","target":{"@type":"EntryPoint","urlTemplate":"https:\/\/ksproducts.ca\/?s={search_term_string}"},"query-input":{"@type":"PropertyValueSpecification","valueRequired":true,"valueName":"search_term_string"}}],"inLanguage":"fr-CA"},{"@type":"Organization","@id":"https:\/\/ksproducts.ca\/#organization","name":"Produits Ks","url":"https:\/\/ksproducts.ca\/","logo":{"@type":"ImageObject","inLanguage":"fr-CA","@id":"https:\/\/ksproducts.ca\/#\/schema\/logo\/image\/","url":"https:\/\/ksproducts.ca\/wp-content\/uploads\/2023\/09\/Kennedy-Sales-Logo-header-1.png","contentUrl":"https:\/\/ksproducts.ca\/wp-content\/uploads\/2023\/09\/Kennedy-Sales-Logo-header-1.png","width":150,"height":77,"caption":"Ks Products"},"image":{"@id":"https:\/\/ksproducts.ca\/#\/schema\/logo\/image\/"}}]}},"_links":{"self":[{"href":"https:\/\/ksproducts.ca\/fr\/wp-json\/wp\/v2\/product\/11558","targetHints":{"allow":["GET"]}}],"collection":[{"href":"https:\/\/ksproducts.ca\/fr\/wp-json\/wp\/v2\/product"}],"about":[{"href":"https:\/\/ksproducts.ca\/fr\/wp-json\/wp\/v2\/types\/product"}],"replies":[{"embeddable":true,"href":"https:\/\/ksproducts.ca\/fr\/wp-json\/wp\/v2\/comments?post=11558"}],"version-history":[{"count":2,"href":"https:\/\/ksproducts.ca\/fr\/wp-json\/wp\/v2\/product\/11558\/revisions"}],"predecessor-version":[{"id":12684,"href":"https:\/\/ksproducts.ca\/fr\/wp-json\/wp\/v2\/product\/11558\/revisions\/12684"}],"wp:featuredmedia":[{"embeddable":true,"href":"https:\/\/ksproducts.ca\/fr\/wp-json\/wp\/v2\/media\/11559"}],"wp:attachment":[{"href":"https:\/\/ksproducts.ca\/fr\/wp-json\/wp\/v2\/media?parent=11558"}],"wp:term":[{"taxonomy":"product_cat","embeddable":true,"href":"https:\/\/ksproducts.ca\/fr\/wp-json\/wp\/v2\/product_cat?post=11558"},{"taxonomy":"product_tag","embeddable":true,"href":"https:\/\/ksproducts.ca\/fr\/wp-json\/wp\/v2\/product_tag?post=11558"}],"curies":[{"name":"wp","href":"https:\/\/api.w.org\/{rel}","templated":true}]}}