{"id":11561,"date":"2026-03-04T20:42:37","date_gmt":"2026-03-04T20:42:37","guid":{"rendered":"https:\/\/ksproducts.ca\/?post_type=product&#038;p=11561"},"modified":"2026-03-04T20:42:37","modified_gmt":"2026-03-04T20:42:37","slug":"turtle-wax-performance-plus-power-out-upholstery-cleaner","status":"publish","type":"product","link":"https:\/\/ksproducts.ca\/fr\/product\/turtle-wax-performance-plus-power-out-upholstery-cleaner\/","title":{"rendered":"Turtle Wax Performance Plus Power Out ! Nettoyant pour tissus d'ameublement"},"content":{"rendered":"<ul class=\"nl-features__list\" data-testid=\"features\">\n<li>\n<p class=\"nl-features__information\">Offre une nouvelle action de nettoyage avanc\u00e9e<\/p>\n<\/li>\n<li>\n<p class=\"nl-features__information\">La mousse nettoie en douceur et laisse un bouclier de protection en silicone.<\/p>\n<\/li>\n<li>\n<p class=\"nl-features__information\">Avec \u00e9liminateur d'odeurs pour aider \u00e0 \u00e9liminer les odeurs caus\u00e9es par les animaux domestiques, la cigarette, la nourriture et la moisissure.<\/p>\n<\/li>\n<li>\n<p class=\"nl-features__information\">Le capuchon en soie peut \u00eatre utilis\u00e9 pour \u00e9liminer les taches tenaces.<\/p>\n<\/li>\n<li>\n<p class=\"nl-features__information\">Contenant de 624 g<\/p>\n<\/li>\n<\/ul>","protected":false},"excerpt":{"rendered":"<p>Turtle Wax Power Out Car Upholstery Cleaner &amp; Protector with Odor Eliminator and OXI Powered est votre solution pour nettoyer et prot\u00e9ger l'int\u00e9rieur de votre v\u00e9hicule. L'action nettoyante avanc\u00e9e de la formule p\u00e9n\u00e8tre en douceur dans les tissus d'ameublement de votre voiture, laissant derri\u00e8re elle un bouclier de silicone pour une protection accrue. Pour les taches les plus tenaces, le capuchon en soie assure un nettoyage en profondeur.<\/p>","protected":false},"featured_media":11562,"comment_status":"open","ping_status":"closed","template":"","meta":[],"product_cat":[430],"product_tag":[],"class_list":{"0":"post-11561","1":"product","2":"type-product","3":"status-publish","4":"has-post-thumbnail","6":"product_cat-automotive-gear","7":"product_shipping_class-class-1","9":"first","10":"instock","11":"taxable","12":"shipping-taxable","13":"purchasable","14":"product-type-simple"},"yoast_head":"<!-- This site is optimized with the Yoast SEO plugin v27.4 - https:\/\/yoast.com\/product\/yoast-seo-wordpress\/ -->\n<title>Turtle Wax Performance Plus Power Out! Upholstery Cleaner - Ks Products<\/title>\n<meta name=\"robots\" content=\"index, follow, max-snippet:-1, max-image-preview:large, max-video-preview:-1\" \/>\n<link rel=\"canonical\" href=\"https:\/\/ksproducts.ca\/fr\/product\/turtle-wax-performance-plus-power-out-upholstery-cleaner\/\" \/>\n<meta property=\"og:locale\" content=\"fr_CA\" \/>\n<meta property=\"og:type\" content=\"article\" \/>\n<meta property=\"og:title\" content=\"Turtle Wax Performance Plus Power Out! Upholstery Cleaner - Ks Products\" \/>\n<meta property=\"og:description\" content=\"Turtle Wax Power Out Car Upholstery Cleaner &amp; Protector with Odor Eliminator and OXI Powered is your solution for cleaning and protecting your vehicle&#039;s interior. The formula&#039;s advanced cleaning action gently works into your car&#039;s upholstery, leaving behind a silicone shield for added protection. For tougher stains, the bristle cap ensures thorough cleaning.\" \/>\n<meta property=\"og:url\" content=\"https:\/\/ksproducts.ca\/fr\/product\/turtle-wax-performance-plus-power-out-upholstery-cleaner\/\" \/>\n<meta property=\"og:site_name\" content=\"Ks Products\" \/>\n<meta property=\"og:image\" content=\"https:\/\/ksproducts.ca\/wp-content\/uploads\/2026\/03\/Turtle-Wax-Performance-Plus-Power-Out-Upholstery-Cleaner.jpg\" \/>\n\t<meta property=\"og:image:width\" content=\"800\" \/>\n\t<meta property=\"og:image:height\" content=\"800\" \/>\n\t<meta property=\"og:image:type\" content=\"image\/jpeg\" \/>\n<meta name=\"twitter:card\" content=\"summary_large_image\" \/>\n<meta name=\"twitter:label1\" content=\"Estimation du temps de lecture\" \/>\n\t<meta name=\"twitter:data1\" content=\"1 minute\" \/>\n<script type=\"application\/ld+json\" class=\"yoast-schema-graph\">{\"@context\":\"https:\\\/\\\/schema.org\",\"@graph\":[{\"@type\":\"WebPage\",\"@id\":\"https:\\\/\\\/ksproducts.ca\\\/product\\\/turtle-wax-performance-plus-power-out-upholstery-cleaner\\\/\",\"url\":\"https:\\\/\\\/ksproducts.ca\\\/product\\\/turtle-wax-performance-plus-power-out-upholstery-cleaner\\\/\",\"name\":\"Turtle Wax Performance Plus Power Out! Upholstery Cleaner - Ks Products\",\"isPartOf\":{\"@id\":\"https:\\\/\\\/ksproducts.ca\\\/#website\"},\"primaryImageOfPage\":{\"@id\":\"https:\\\/\\\/ksproducts.ca\\\/product\\\/turtle-wax-performance-plus-power-out-upholstery-cleaner\\\/#primaryimage\"},\"image\":{\"@id\":\"https:\\\/\\\/ksproducts.ca\\\/product\\\/turtle-wax-performance-plus-power-out-upholstery-cleaner\\\/#primaryimage\"},\"thumbnailUrl\":\"https:\\\/\\\/ksproducts.ca\\\/wp-content\\\/uploads\\\/2026\\\/03\\\/Turtle-Wax-Performance-Plus-Power-Out-Upholstery-Cleaner.jpg\",\"datePublished\":\"2026-03-04T20:42:37+00:00\",\"breadcrumb\":{\"@id\":\"https:\\\/\\\/ksproducts.ca\\\/product\\\/turtle-wax-performance-plus-power-out-upholstery-cleaner\\\/#breadcrumb\"},\"inLanguage\":\"fr-CA\",\"potentialAction\":[{\"@type\":\"ReadAction\",\"target\":[\"https:\\\/\\\/ksproducts.ca\\\/product\\\/turtle-wax-performance-plus-power-out-upholstery-cleaner\\\/\"]}]},{\"@type\":\"ImageObject\",\"inLanguage\":\"fr-CA\",\"@id\":\"https:\\\/\\\/ksproducts.ca\\\/product\\\/turtle-wax-performance-plus-power-out-upholstery-cleaner\\\/#primaryimage\",\"url\":\"https:\\\/\\\/ksproducts.ca\\\/wp-content\\\/uploads\\\/2026\\\/03\\\/Turtle-Wax-Performance-Plus-Power-Out-Upholstery-Cleaner.jpg\",\"contentUrl\":\"https:\\\/\\\/ksproducts.ca\\\/wp-content\\\/uploads\\\/2026\\\/03\\\/Turtle-Wax-Performance-Plus-Power-Out-Upholstery-Cleaner.jpg\",\"width\":800,\"height\":800,\"caption\":\"Turtle Wax Performance Plus Power Out! Upholstery Cleaner\"},{\"@type\":\"BreadcrumbList\",\"@id\":\"https:\\\/\\\/ksproducts.ca\\\/product\\\/turtle-wax-performance-plus-power-out-upholstery-cleaner\\\/#breadcrumb\",\"itemListElement\":[{\"@type\":\"ListItem\",\"position\":1,\"name\":\"Home\",\"item\":\"https:\\\/\\\/ksproducts.ca\\\/\"},{\"@type\":\"ListItem\",\"position\":2,\"name\":\"Shop\",\"item\":\"https:\\\/\\\/ksproducts.ca\\\/shop\\\/\"},{\"@type\":\"ListItem\",\"position\":3,\"name\":\"Turtle Wax Performance Plus Power Out! Upholstery Cleaner\"}]},{\"@type\":\"WebSite\",\"@id\":\"https:\\\/\\\/ksproducts.ca\\\/#website\",\"url\":\"https:\\\/\\\/ksproducts.ca\\\/\",\"name\":\"Ks Products\",\"description\":\"Outdoor cooking and living, made easy in Canada\",\"publisher\":{\"@id\":\"https:\\\/\\\/ksproducts.ca\\\/#organization\"},\"potentialAction\":[{\"@type\":\"SearchAction\",\"target\":{\"@type\":\"EntryPoint\",\"urlTemplate\":\"https:\\\/\\\/ksproducts.ca\\\/?s={search_term_string}\"},\"query-input\":{\"@type\":\"PropertyValueSpecification\",\"valueRequired\":true,\"valueName\":\"search_term_string\"}}],\"inLanguage\":\"fr-CA\"},{\"@type\":\"Organization\",\"@id\":\"https:\\\/\\\/ksproducts.ca\\\/#organization\",\"name\":\"Ks Products\",\"url\":\"https:\\\/\\\/ksproducts.ca\\\/\",\"logo\":{\"@type\":\"ImageObject\",\"inLanguage\":\"fr-CA\",\"@id\":\"https:\\\/\\\/ksproducts.ca\\\/#\\\/schema\\\/logo\\\/image\\\/\",\"url\":\"https:\\\/\\\/ksproducts.ca\\\/wp-content\\\/uploads\\\/2023\\\/09\\\/Kennedy-Sales-Logo-header-1.png\",\"contentUrl\":\"https:\\\/\\\/ksproducts.ca\\\/wp-content\\\/uploads\\\/2023\\\/09\\\/Kennedy-Sales-Logo-header-1.png\",\"width\":150,\"height\":77,\"caption\":\"Ks Products\"},\"image\":{\"@id\":\"https:\\\/\\\/ksproducts.ca\\\/#\\\/schema\\\/logo\\\/image\\\/\"}}]}<\/script>\n<!-- \/ Yoast SEO plugin. -->","yoast_head_json":{"title":"Turtle Wax Performance Plus Power Out ! Nettoyant pour tissus d'ameublement - Ks Products","robots":{"index":"index","follow":"follow","max-snippet":"max-snippet:-1","max-image-preview":"max-image-preview:large","max-video-preview":"max-video-preview:-1"},"canonical":"https:\/\/ksproducts.ca\/fr\/product\/turtle-wax-performance-plus-power-out-upholstery-cleaner\/","og_locale":"fr_CA","og_type":"article","og_title":"Turtle Wax Performance Plus Power Out! Upholstery Cleaner - Ks Products","og_description":"Turtle Wax Power Out Car Upholstery Cleaner &amp; Protector with Odor Eliminator and OXI Powered is your solution for cleaning and protecting your vehicle's interior. The formula's advanced cleaning action gently works into your car's upholstery, leaving behind a silicone shield for added protection. For tougher stains, the bristle cap ensures thorough cleaning.","og_url":"https:\/\/ksproducts.ca\/fr\/product\/turtle-wax-performance-plus-power-out-upholstery-cleaner\/","og_site_name":"Ks Products","og_image":[{"width":800,"height":800,"url":"https:\/\/ksproducts.ca\/wp-content\/uploads\/2026\/03\/Turtle-Wax-Performance-Plus-Power-Out-Upholstery-Cleaner.jpg","type":"image\/jpeg"}],"twitter_card":"summary_large_image","twitter_misc":{"Estimation du temps de lecture":"1 minute"},"schema":{"@context":"https:\/\/schema.org","@graph":[{"@type":"WebPage","@id":"https:\/\/ksproducts.ca\/product\/turtle-wax-performance-plus-power-out-upholstery-cleaner\/","url":"https:\/\/ksproducts.ca\/product\/turtle-wax-performance-plus-power-out-upholstery-cleaner\/","name":"Turtle Wax Performance Plus Power Out ! Nettoyant pour tissus d'ameublement - Ks Products","isPartOf":{"@id":"https:\/\/ksproducts.ca\/#website"},"primaryImageOfPage":{"@id":"https:\/\/ksproducts.ca\/product\/turtle-wax-performance-plus-power-out-upholstery-cleaner\/#primaryimage"},"image":{"@id":"https:\/\/ksproducts.ca\/product\/turtle-wax-performance-plus-power-out-upholstery-cleaner\/#primaryimage"},"thumbnailUrl":"https:\/\/ksproducts.ca\/wp-content\/uploads\/2026\/03\/Turtle-Wax-Performance-Plus-Power-Out-Upholstery-Cleaner.jpg","datePublished":"2026-03-04T20:42:37+00:00","breadcrumb":{"@id":"https:\/\/ksproducts.ca\/product\/turtle-wax-performance-plus-power-out-upholstery-cleaner\/#breadcrumb"},"inLanguage":"fr-CA","potentialAction":[{"@type":"ReadAction","target":["https:\/\/ksproducts.ca\/product\/turtle-wax-performance-plus-power-out-upholstery-cleaner\/"]}]},{"@type":"ImageObject","inLanguage":"fr-CA","@id":"https:\/\/ksproducts.ca\/product\/turtle-wax-performance-plus-power-out-upholstery-cleaner\/#primaryimage","url":"https:\/\/ksproducts.ca\/wp-content\/uploads\/2026\/03\/Turtle-Wax-Performance-Plus-Power-Out-Upholstery-Cleaner.jpg","contentUrl":"https:\/\/ksproducts.ca\/wp-content\/uploads\/2026\/03\/Turtle-Wax-Performance-Plus-Power-Out-Upholstery-Cleaner.jpg","width":800,"height":800,"caption":"Turtle Wax Performance Plus Power Out! Upholstery Cleaner"},{"@type":"BreadcrumbList","@id":"https:\/\/ksproducts.ca\/product\/turtle-wax-performance-plus-power-out-upholstery-cleaner\/#breadcrumb","itemListElement":[{"@type":"ListItem","position":1,"name":"Home","item":"https:\/\/ksproducts.ca\/"},{"@type":"ListItem","position":2,"name":"Shop","item":"https:\/\/ksproducts.ca\/shop\/"},{"@type":"ListItem","position":3,"name":"Turtle Wax Performance Plus Power Out! Upholstery Cleaner"}]},{"@type":"WebSite","@id":"https:\/\/ksproducts.ca\/#website","url":"https:\/\/ksproducts.ca\/","name":"Produits Ks","description":"Cuisiner et vivre en plein air, c'est facile au Canada","publisher":{"@id":"https:\/\/ksproducts.ca\/#organization"},"potentialAction":[{"@type":"SearchAction","target":{"@type":"EntryPoint","urlTemplate":"https:\/\/ksproducts.ca\/?s={search_term_string}"},"query-input":{"@type":"PropertyValueSpecification","valueRequired":true,"valueName":"search_term_string"}}],"inLanguage":"fr-CA"},{"@type":"Organization","@id":"https:\/\/ksproducts.ca\/#organization","name":"Produits Ks","url":"https:\/\/ksproducts.ca\/","logo":{"@type":"ImageObject","inLanguage":"fr-CA","@id":"https:\/\/ksproducts.ca\/#\/schema\/logo\/image\/","url":"https:\/\/ksproducts.ca\/wp-content\/uploads\/2023\/09\/Kennedy-Sales-Logo-header-1.png","contentUrl":"https:\/\/ksproducts.ca\/wp-content\/uploads\/2023\/09\/Kennedy-Sales-Logo-header-1.png","width":150,"height":77,"caption":"Ks Products"},"image":{"@id":"https:\/\/ksproducts.ca\/#\/schema\/logo\/image\/"}}]}},"_links":{"self":[{"href":"https:\/\/ksproducts.ca\/fr\/wp-json\/wp\/v2\/product\/11561","targetHints":{"allow":["GET"]}}],"collection":[{"href":"https:\/\/ksproducts.ca\/fr\/wp-json\/wp\/v2\/product"}],"about":[{"href":"https:\/\/ksproducts.ca\/fr\/wp-json\/wp\/v2\/types\/product"}],"replies":[{"embeddable":true,"href":"https:\/\/ksproducts.ca\/fr\/wp-json\/wp\/v2\/comments?post=11561"}],"version-history":[{"count":1,"href":"https:\/\/ksproducts.ca\/fr\/wp-json\/wp\/v2\/product\/11561\/revisions"}],"predecessor-version":[{"id":11563,"href":"https:\/\/ksproducts.ca\/fr\/wp-json\/wp\/v2\/product\/11561\/revisions\/11563"}],"wp:featuredmedia":[{"embeddable":true,"href":"https:\/\/ksproducts.ca\/fr\/wp-json\/wp\/v2\/media\/11562"}],"wp:attachment":[{"href":"https:\/\/ksproducts.ca\/fr\/wp-json\/wp\/v2\/media?parent=11561"}],"wp:term":[{"taxonomy":"product_cat","embeddable":true,"href":"https:\/\/ksproducts.ca\/fr\/wp-json\/wp\/v2\/product_cat?post=11561"},{"taxonomy":"product_tag","embeddable":true,"href":"https:\/\/ksproducts.ca\/fr\/wp-json\/wp\/v2\/product_tag?post=11561"}],"curies":[{"name":"wp","href":"https:\/\/api.w.org\/{rel}","templated":true}]}}