{"id":11589,"date":"2026-03-05T14:29:17","date_gmt":"2026-03-05T14:29:17","guid":{"rendered":"https:\/\/ksproducts.ca\/?post_type=product&#038;p=11589"},"modified":"2026-03-05T14:29:17","modified_gmt":"2026-03-05T14:29:17","slug":"turtle-wax-luxe-leather-cleaner-conditioner","status":"publish","type":"product","link":"https:\/\/ksproducts.ca\/fr\/product\/turtle-wax-luxe-leather-cleaner-conditioner\/","title":{"rendered":"Turtle Wax Luxe Leather Cleaner &amp; Conditioner"},"content":{"rendered":"<ul class=\"nl-features__list\" data-testid=\"features\">\n<li>\n<p class=\"nl-features__information\">Use the Turtle Wax Luxe Leather Cleaner and Condition to clean, condition and protect leather, vinyl and rubber<\/p>\n<\/li>\n<li>\n<p class=\"nl-features__information\">Non-greasy formula condition sand preserves surfaces, leaving it clean and smooth<\/p>\n<\/li>\n<li>\n<p class=\"nl-features__information\">Triple action formula cleans and protects leather, vinyl, rubber and plastic<\/p>\n<\/li>\n<li>\n<p class=\"nl-features__information\">Size: 16 oz (473 mL)<\/p>\n<\/li>\n<\/ul>","protected":false},"excerpt":{"rendered":"<p>L'entretien de l'int\u00e9rieur de votre voiture est devenu rapide et facile.<\/p>\n<p>Ce nettoyant pour si\u00e8ges de voiture en cuir est id\u00e9al pour garder votre cuir doux, souple et comme neuf, en \u00e9liminant les huiles de surface et en conditionnant le cuir pour une protection durable et une belle apparence.<\/p>\n<p>Comme tous les produits Turtle Wax Quick &amp; Easy, ce nettoyant pour cuir de voiture a plusieurs actions en une seule application.<\/p>\n<p>Contenant des \u00e9mollients et des revitalisants, la formule agit comme un revitalisant et un protecteur du cuir de la voiture pendant que vous nettoyez. Le nettoyant et revitalisant Luxe Leather, non gras, non glissant et au pH \u00e9quilibr\u00e9, peut \u00eatre utilis\u00e9 sur tous les si\u00e8ges, panneaux de porte, tableaux de bord et volants en cuir scell\u00e9.<\/p>","protected":false},"featured_media":11590,"comment_status":"open","ping_status":"closed","template":"","meta":[],"product_cat":[430],"product_tag":[],"class_list":{"0":"post-11589","1":"product","2":"type-product","3":"status-publish","4":"has-post-thumbnail","6":"product_cat-automotive-gear","7":"product_shipping_class-class-1","9":"first","10":"instock","11":"taxable","12":"shipping-taxable","13":"purchasable","14":"product-type-simple"},"yoast_head":"<!-- This site is optimized with the Yoast SEO plugin v27.3 - https:\/\/yoast.com\/product\/yoast-seo-wordpress\/ -->\n<title>Turtle Wax Luxe Leather Cleaner &amp; Conditioner - Ks Products<\/title>\n<meta name=\"robots\" content=\"index, follow, max-snippet:-1, max-image-preview:large, max-video-preview:-1\" \/>\n<link rel=\"canonical\" href=\"https:\/\/ksproducts.ca\/fr\/product\/turtle-wax-luxe-leather-cleaner-conditioner\/\" \/>\n<meta property=\"og:locale\" content=\"fr_CA\" \/>\n<meta property=\"og:type\" content=\"article\" \/>\n<meta property=\"og:title\" content=\"Turtle Wax Luxe Leather Cleaner &amp; Conditioner - Ks Products\" \/>\n<meta property=\"og:description\" content=\"Caring for your car\u2019s interior just became Quick &amp; Easy.  This leather car seat cleaner is ideal for keeping your leather soft, supple and looking like new, removing surface oils and conditioning leather for lasting protection and good looks.  Like all Turtle Wax Quick &amp; Easy products, this car leather cleaner performs multiple actions in one simple application.  Containing emollients and conditioners, the formula works as a car leather conditioner and protectant as you clean. The non-greasy, non-slippery, pH-balanced Luxe Leather Cleaner &amp; Conditioner can be used on all sealed leather seats, door panels, dashboards and steering wheels.\" \/>\n<meta property=\"og:url\" content=\"https:\/\/ksproducts.ca\/fr\/product\/turtle-wax-luxe-leather-cleaner-conditioner\/\" \/>\n<meta property=\"og:site_name\" content=\"Ks Products\" \/>\n<meta property=\"og:image\" content=\"https:\/\/ksproducts.ca\/wp-content\/uploads\/2026\/03\/50608.jpg\" \/>\n\t<meta property=\"og:image:width\" content=\"800\" \/>\n\t<meta property=\"og:image:height\" content=\"800\" \/>\n\t<meta property=\"og:image:type\" content=\"image\/jpeg\" \/>\n<meta name=\"twitter:card\" content=\"summary_large_image\" \/>\n<meta name=\"twitter:label1\" content=\"Estimation du temps de lecture\" \/>\n\t<meta name=\"twitter:data1\" content=\"1 minute\" \/>\n<script type=\"application\/ld+json\" class=\"yoast-schema-graph\">{\"@context\":\"https:\\\/\\\/schema.org\",\"@graph\":[{\"@type\":\"WebPage\",\"@id\":\"https:\\\/\\\/ksproducts.ca\\\/product\\\/turtle-wax-luxe-leather-cleaner-conditioner\\\/\",\"url\":\"https:\\\/\\\/ksproducts.ca\\\/product\\\/turtle-wax-luxe-leather-cleaner-conditioner\\\/\",\"name\":\"Turtle Wax Luxe Leather Cleaner & Conditioner - Ks Products\",\"isPartOf\":{\"@id\":\"https:\\\/\\\/ksproducts.ca\\\/#website\"},\"primaryImageOfPage\":{\"@id\":\"https:\\\/\\\/ksproducts.ca\\\/product\\\/turtle-wax-luxe-leather-cleaner-conditioner\\\/#primaryimage\"},\"image\":{\"@id\":\"https:\\\/\\\/ksproducts.ca\\\/product\\\/turtle-wax-luxe-leather-cleaner-conditioner\\\/#primaryimage\"},\"thumbnailUrl\":\"https:\\\/\\\/ksproducts.ca\\\/wp-content\\\/uploads\\\/2026\\\/03\\\/50608.jpg\",\"datePublished\":\"2026-03-05T14:29:17+00:00\",\"breadcrumb\":{\"@id\":\"https:\\\/\\\/ksproducts.ca\\\/product\\\/turtle-wax-luxe-leather-cleaner-conditioner\\\/#breadcrumb\"},\"inLanguage\":\"fr-CA\",\"potentialAction\":[{\"@type\":\"ReadAction\",\"target\":[\"https:\\\/\\\/ksproducts.ca\\\/product\\\/turtle-wax-luxe-leather-cleaner-conditioner\\\/\"]}]},{\"@type\":\"ImageObject\",\"inLanguage\":\"fr-CA\",\"@id\":\"https:\\\/\\\/ksproducts.ca\\\/product\\\/turtle-wax-luxe-leather-cleaner-conditioner\\\/#primaryimage\",\"url\":\"https:\\\/\\\/ksproducts.ca\\\/wp-content\\\/uploads\\\/2026\\\/03\\\/50608.jpg\",\"contentUrl\":\"https:\\\/\\\/ksproducts.ca\\\/wp-content\\\/uploads\\\/2026\\\/03\\\/50608.jpg\",\"width\":800,\"height\":800,\"caption\":\"Turtle Wax Luxe Leather Cleaner & Conditioner\"},{\"@type\":\"BreadcrumbList\",\"@id\":\"https:\\\/\\\/ksproducts.ca\\\/product\\\/turtle-wax-luxe-leather-cleaner-conditioner\\\/#breadcrumb\",\"itemListElement\":[{\"@type\":\"ListItem\",\"position\":1,\"name\":\"Home\",\"item\":\"https:\\\/\\\/ksproducts.ca\\\/\"},{\"@type\":\"ListItem\",\"position\":2,\"name\":\"Shop\",\"item\":\"https:\\\/\\\/ksproducts.ca\\\/shop\\\/\"},{\"@type\":\"ListItem\",\"position\":3,\"name\":\"Turtle Wax Luxe Leather Cleaner &#038; Conditioner\"}]},{\"@type\":\"WebSite\",\"@id\":\"https:\\\/\\\/ksproducts.ca\\\/#website\",\"url\":\"https:\\\/\\\/ksproducts.ca\\\/\",\"name\":\"Ks Products\",\"description\":\"Outdoor cooking and living, made easy in Canada\",\"publisher\":{\"@id\":\"https:\\\/\\\/ksproducts.ca\\\/#organization\"},\"potentialAction\":[{\"@type\":\"SearchAction\",\"target\":{\"@type\":\"EntryPoint\",\"urlTemplate\":\"https:\\\/\\\/ksproducts.ca\\\/?s={search_term_string}\"},\"query-input\":{\"@type\":\"PropertyValueSpecification\",\"valueRequired\":true,\"valueName\":\"search_term_string\"}}],\"inLanguage\":\"fr-CA\"},{\"@type\":\"Organization\",\"@id\":\"https:\\\/\\\/ksproducts.ca\\\/#organization\",\"name\":\"Ks Products\",\"url\":\"https:\\\/\\\/ksproducts.ca\\\/\",\"logo\":{\"@type\":\"ImageObject\",\"inLanguage\":\"fr-CA\",\"@id\":\"https:\\\/\\\/ksproducts.ca\\\/#\\\/schema\\\/logo\\\/image\\\/\",\"url\":\"https:\\\/\\\/ksproducts.ca\\\/wp-content\\\/uploads\\\/2023\\\/09\\\/Kennedy-Sales-Logo-header-1.png\",\"contentUrl\":\"https:\\\/\\\/ksproducts.ca\\\/wp-content\\\/uploads\\\/2023\\\/09\\\/Kennedy-Sales-Logo-header-1.png\",\"width\":150,\"height\":77,\"caption\":\"Ks Products\"},\"image\":{\"@id\":\"https:\\\/\\\/ksproducts.ca\\\/#\\\/schema\\\/logo\\\/image\\\/\"}}]}<\/script>\n<!-- \/ Yoast SEO plugin. -->","yoast_head_json":{"title":"Turtle Wax Luxe Leather Cleaner & Conditioner - Ks Products","robots":{"index":"index","follow":"follow","max-snippet":"max-snippet:-1","max-image-preview":"max-image-preview:large","max-video-preview":"max-video-preview:-1"},"canonical":"https:\/\/ksproducts.ca\/fr\/product\/turtle-wax-luxe-leather-cleaner-conditioner\/","og_locale":"fr_CA","og_type":"article","og_title":"Turtle Wax Luxe Leather Cleaner & Conditioner - Ks Products","og_description":"Caring for your car\u2019s interior just became Quick &amp; Easy.  This leather car seat cleaner is ideal for keeping your leather soft, supple and looking like new, removing surface oils and conditioning leather for lasting protection and good looks.  Like all Turtle Wax Quick &amp; Easy products, this car leather cleaner performs multiple actions in one simple application.  Containing emollients and conditioners, the formula works as a car leather conditioner and protectant as you clean. The non-greasy, non-slippery, pH-balanced Luxe Leather Cleaner &amp; Conditioner can be used on all sealed leather seats, door panels, dashboards and steering wheels.","og_url":"https:\/\/ksproducts.ca\/fr\/product\/turtle-wax-luxe-leather-cleaner-conditioner\/","og_site_name":"Ks Products","og_image":[{"width":800,"height":800,"url":"https:\/\/ksproducts.ca\/wp-content\/uploads\/2026\/03\/50608.jpg","type":"image\/jpeg"}],"twitter_card":"summary_large_image","twitter_misc":{"Estimation du temps de lecture":"1 minute"},"schema":{"@context":"https:\/\/schema.org","@graph":[{"@type":"WebPage","@id":"https:\/\/ksproducts.ca\/product\/turtle-wax-luxe-leather-cleaner-conditioner\/","url":"https:\/\/ksproducts.ca\/product\/turtle-wax-luxe-leather-cleaner-conditioner\/","name":"Turtle Wax Luxe Leather Cleaner & Conditioner - Ks Products","isPartOf":{"@id":"https:\/\/ksproducts.ca\/#website"},"primaryImageOfPage":{"@id":"https:\/\/ksproducts.ca\/product\/turtle-wax-luxe-leather-cleaner-conditioner\/#primaryimage"},"image":{"@id":"https:\/\/ksproducts.ca\/product\/turtle-wax-luxe-leather-cleaner-conditioner\/#primaryimage"},"thumbnailUrl":"https:\/\/ksproducts.ca\/wp-content\/uploads\/2026\/03\/50608.jpg","datePublished":"2026-03-05T14:29:17+00:00","breadcrumb":{"@id":"https:\/\/ksproducts.ca\/product\/turtle-wax-luxe-leather-cleaner-conditioner\/#breadcrumb"},"inLanguage":"fr-CA","potentialAction":[{"@type":"ReadAction","target":["https:\/\/ksproducts.ca\/product\/turtle-wax-luxe-leather-cleaner-conditioner\/"]}]},{"@type":"ImageObject","inLanguage":"fr-CA","@id":"https:\/\/ksproducts.ca\/product\/turtle-wax-luxe-leather-cleaner-conditioner\/#primaryimage","url":"https:\/\/ksproducts.ca\/wp-content\/uploads\/2026\/03\/50608.jpg","contentUrl":"https:\/\/ksproducts.ca\/wp-content\/uploads\/2026\/03\/50608.jpg","width":800,"height":800,"caption":"Turtle Wax Luxe Leather Cleaner & Conditioner"},{"@type":"BreadcrumbList","@id":"https:\/\/ksproducts.ca\/product\/turtle-wax-luxe-leather-cleaner-conditioner\/#breadcrumb","itemListElement":[{"@type":"ListItem","position":1,"name":"Home","item":"https:\/\/ksproducts.ca\/"},{"@type":"ListItem","position":2,"name":"Shop","item":"https:\/\/ksproducts.ca\/shop\/"},{"@type":"ListItem","position":3,"name":"Turtle Wax Luxe Leather Cleaner &#038; Conditioner"}]},{"@type":"WebSite","@id":"https:\/\/ksproducts.ca\/#website","url":"https:\/\/ksproducts.ca\/","name":"Produits Ks","description":"Cuisiner et vivre en plein air, c'est facile au Canada","publisher":{"@id":"https:\/\/ksproducts.ca\/#organization"},"potentialAction":[{"@type":"SearchAction","target":{"@type":"EntryPoint","urlTemplate":"https:\/\/ksproducts.ca\/?s={search_term_string}"},"query-input":{"@type":"PropertyValueSpecification","valueRequired":true,"valueName":"search_term_string"}}],"inLanguage":"fr-CA"},{"@type":"Organization","@id":"https:\/\/ksproducts.ca\/#organization","name":"Produits Ks","url":"https:\/\/ksproducts.ca\/","logo":{"@type":"ImageObject","inLanguage":"fr-CA","@id":"https:\/\/ksproducts.ca\/#\/schema\/logo\/image\/","url":"https:\/\/ksproducts.ca\/wp-content\/uploads\/2023\/09\/Kennedy-Sales-Logo-header-1.png","contentUrl":"https:\/\/ksproducts.ca\/wp-content\/uploads\/2023\/09\/Kennedy-Sales-Logo-header-1.png","width":150,"height":77,"caption":"Ks Products"},"image":{"@id":"https:\/\/ksproducts.ca\/#\/schema\/logo\/image\/"}}]}},"_links":{"self":[{"href":"https:\/\/ksproducts.ca\/fr\/wp-json\/wp\/v2\/product\/11589","targetHints":{"allow":["GET"]}}],"collection":[{"href":"https:\/\/ksproducts.ca\/fr\/wp-json\/wp\/v2\/product"}],"about":[{"href":"https:\/\/ksproducts.ca\/fr\/wp-json\/wp\/v2\/types\/product"}],"replies":[{"embeddable":true,"href":"https:\/\/ksproducts.ca\/fr\/wp-json\/wp\/v2\/comments?post=11589"}],"version-history":[{"count":1,"href":"https:\/\/ksproducts.ca\/fr\/wp-json\/wp\/v2\/product\/11589\/revisions"}],"predecessor-version":[{"id":11591,"href":"https:\/\/ksproducts.ca\/fr\/wp-json\/wp\/v2\/product\/11589\/revisions\/11591"}],"wp:featuredmedia":[{"embeddable":true,"href":"https:\/\/ksproducts.ca\/fr\/wp-json\/wp\/v2\/media\/11590"}],"wp:attachment":[{"href":"https:\/\/ksproducts.ca\/fr\/wp-json\/wp\/v2\/media?parent=11589"}],"wp:term":[{"taxonomy":"product_cat","embeddable":true,"href":"https:\/\/ksproducts.ca\/fr\/wp-json\/wp\/v2\/product_cat?post=11589"},{"taxonomy":"product_tag","embeddable":true,"href":"https:\/\/ksproducts.ca\/fr\/wp-json\/wp\/v2\/product_tag?post=11589"}],"curies":[{"name":"wp","href":"https:\/\/api.w.org\/{rel}","templated":true}]}}