{"id":11601,"date":"2026-03-05T14:51:29","date_gmt":"2026-03-05T14:51:29","guid":{"rendered":"https:\/\/ksproducts.ca\/?post_type=product&#038;p=11601"},"modified":"2026-03-05T14:51:29","modified_gmt":"2026-03-05T14:51:29","slug":"turtle-wax-quick-easy-inside-out-protectant","status":"publish","type":"product","link":"https:\/\/ksproducts.ca\/fr\/product\/turtle-wax-quick-easy-inside-out-protectant\/","title":{"rendered":"Turtle Wax Quick &amp; Easy Inside &amp; Out Protectant"},"content":{"rendered":"<ul>\n<li>Fonctionne \u00e0 l'int\u00e9rieur et \u00e0 l'ext\u00e9rieur de votre v\u00e9hicule<\/li>\n<li>La brillance riche et profonde peut \u00eatre superpos\u00e9e pour amplifier la brillance \u00e0 chaque application.<\/li>\n<li>Notre produit de protection automobile Quick &amp; Easy nettoie et prot\u00e8ge les surfaces us\u00e9es et l\u00e9g\u00e8rement d\u00e9poussi\u00e9r\u00e9es pour redonner rapidement un coup de jeune \u00e0 votre finition, \u00e0 l'int\u00e9rieur comme \u00e0 l'ext\u00e9rieur.<\/li>\n<li>Ce produit polyvalent essentiel \u00e0 l'entretien des voitures \u00e9limine les salissures et les r\u00e9sidus tout en recouvrant les surfaces d'un bouclier polym\u00e8re brillant qui repousse les rayons UV agressifs.<\/li>\n<\/ul>","protected":false},"excerpt":{"rendered":"<p>Notre produit de protection automobile Quick &amp; Easy nettoie et prot\u00e8ge les surfaces us\u00e9es et l\u00e9g\u00e8rement d\u00e9poussi\u00e9r\u00e9es pour redonner rapidement un coup de jeune \u00e0 votre finition, \u00e0 l'int\u00e9rieur comme \u00e0 l'ext\u00e9rieur. Ce produit polyvalent essentiel \u00e0 l'entretien des voitures \u00e9limine les salissures et les r\u00e9sidus tout en recouvrant les surfaces d'un bouclier polym\u00e8re brillant qui repousse les rayons UV agressifs.<\/p>\n<p>Il suffit de vaporiser et d'essuyer cette solution sans traces pour pr\u00e9venir les craquelures et la d\u00e9coloration bien avant qu'elles ne commencent, prolongeant ainsi la dur\u00e9e de vie de vos pneus, de vos garnitures et de votre tableau de bord vuln\u00e9rable.<\/p>\n<p>De plus, le produit Inside &amp; Out Protectant rend les surfaces lisses et brillantes afin de faciliter l'\u00e9limination de la salet\u00e9 et des autres salissures, ce qui vous permet d'\u00e9conomiser du temps et des efforts lors de l'entretien de votre voiture \u00e0 long terme ! Il vous suffit d'un pschitt pour b\u00e9n\u00e9ficier d'une protection et d'une brillance durables pendant des mois.<\/p>","protected":false},"featured_media":11602,"comment_status":"open","ping_status":"closed","template":"","meta":[],"product_cat":[430],"product_tag":[],"class_list":{"0":"post-11601","1":"product","2":"type-product","3":"status-publish","4":"has-post-thumbnail","6":"product_cat-automotive-gear","7":"product_shipping_class-class-1","9":"first","10":"instock","11":"taxable","12":"shipping-taxable","13":"purchasable","14":"product-type-simple"},"yoast_head":"<!-- This site is optimized with the Yoast SEO plugin v27.3 - https:\/\/yoast.com\/product\/yoast-seo-wordpress\/ -->\n<title>Turtle Wax Quick &amp; Easy Inside &amp; Out Protectant - Ks Products<\/title>\n<meta name=\"robots\" content=\"index, follow, max-snippet:-1, max-image-preview:large, max-video-preview:-1\" \/>\n<link rel=\"canonical\" href=\"https:\/\/ksproducts.ca\/fr\/product\/turtle-wax-quick-easy-inside-out-protectant\/\" \/>\n<meta property=\"og:locale\" content=\"fr_CA\" \/>\n<meta property=\"og:type\" content=\"article\" \/>\n<meta property=\"og:title\" content=\"Turtle Wax Quick &amp; Easy Inside &amp; Out Protectant - Ks Products\" \/>\n<meta property=\"og:description\" content=\"Our Quick &amp; Easy car protectant cleans and protects worn, lightly dusted surfaces to quickly spruce up your finish both inside and out. This versatile car care essential removes loose soils and residues while coating surfaces in a glossy, polymer shield that repels harsh UV rays.  Just spray and wipe this streak-free solution to prevent cracking and discoloration long before it begins, prolonging the life of your tires, trim and vulnerable dashboard.  Plus, Inside &amp; Out Protectant makes surfaces slick and smooth to help dirt and other soils shed away, saving you time and effort maintaining your car in the long run! You\u2019re only one spritz away from months of long-lasting protection and shine.\" \/>\n<meta property=\"og:url\" content=\"https:\/\/ksproducts.ca\/fr\/product\/turtle-wax-quick-easy-inside-out-protectant\/\" \/>\n<meta property=\"og:site_name\" content=\"Ks Products\" \/>\n<meta property=\"og:image\" content=\"https:\/\/ksproducts.ca\/wp-content\/uploads\/2026\/03\/Turtle-Wax-Quick-Easy-Inside-Out-Protectant.webp\" \/>\n\t<meta property=\"og:image:width\" content=\"640\" \/>\n\t<meta property=\"og:image:height\" content=\"640\" \/>\n\t<meta property=\"og:image:type\" content=\"image\/webp\" \/>\n<meta name=\"twitter:card\" content=\"summary_large_image\" \/>\n<meta name=\"twitter:label1\" content=\"Estimation du temps de lecture\" \/>\n\t<meta name=\"twitter:data1\" content=\"1 minute\" \/>\n<script type=\"application\/ld+json\" class=\"yoast-schema-graph\">{\"@context\":\"https:\\\/\\\/schema.org\",\"@graph\":[{\"@type\":\"WebPage\",\"@id\":\"https:\\\/\\\/ksproducts.ca\\\/product\\\/turtle-wax-quick-easy-inside-out-protectant\\\/\",\"url\":\"https:\\\/\\\/ksproducts.ca\\\/product\\\/turtle-wax-quick-easy-inside-out-protectant\\\/\",\"name\":\"Turtle Wax Quick & Easy Inside & Out Protectant - Ks Products\",\"isPartOf\":{\"@id\":\"https:\\\/\\\/ksproducts.ca\\\/#website\"},\"primaryImageOfPage\":{\"@id\":\"https:\\\/\\\/ksproducts.ca\\\/product\\\/turtle-wax-quick-easy-inside-out-protectant\\\/#primaryimage\"},\"image\":{\"@id\":\"https:\\\/\\\/ksproducts.ca\\\/product\\\/turtle-wax-quick-easy-inside-out-protectant\\\/#primaryimage\"},\"thumbnailUrl\":\"https:\\\/\\\/ksproducts.ca\\\/wp-content\\\/uploads\\\/2026\\\/03\\\/Turtle-Wax-Quick-Easy-Inside-Out-Protectant.webp\",\"datePublished\":\"2026-03-05T14:51:29+00:00\",\"breadcrumb\":{\"@id\":\"https:\\\/\\\/ksproducts.ca\\\/product\\\/turtle-wax-quick-easy-inside-out-protectant\\\/#breadcrumb\"},\"inLanguage\":\"fr-CA\",\"potentialAction\":[{\"@type\":\"ReadAction\",\"target\":[\"https:\\\/\\\/ksproducts.ca\\\/product\\\/turtle-wax-quick-easy-inside-out-protectant\\\/\"]}]},{\"@type\":\"ImageObject\",\"inLanguage\":\"fr-CA\",\"@id\":\"https:\\\/\\\/ksproducts.ca\\\/product\\\/turtle-wax-quick-easy-inside-out-protectant\\\/#primaryimage\",\"url\":\"https:\\\/\\\/ksproducts.ca\\\/wp-content\\\/uploads\\\/2026\\\/03\\\/Turtle-Wax-Quick-Easy-Inside-Out-Protectant.webp\",\"contentUrl\":\"https:\\\/\\\/ksproducts.ca\\\/wp-content\\\/uploads\\\/2026\\\/03\\\/Turtle-Wax-Quick-Easy-Inside-Out-Protectant.webp\",\"width\":640,\"height\":640,\"caption\":\"Turtle Wax Quick & Easy Inside & Out Protectant\"},{\"@type\":\"BreadcrumbList\",\"@id\":\"https:\\\/\\\/ksproducts.ca\\\/product\\\/turtle-wax-quick-easy-inside-out-protectant\\\/#breadcrumb\",\"itemListElement\":[{\"@type\":\"ListItem\",\"position\":1,\"name\":\"Home\",\"item\":\"https:\\\/\\\/ksproducts.ca\\\/\"},{\"@type\":\"ListItem\",\"position\":2,\"name\":\"Shop\",\"item\":\"https:\\\/\\\/ksproducts.ca\\\/shop\\\/\"},{\"@type\":\"ListItem\",\"position\":3,\"name\":\"Turtle Wax Quick &#038; Easy Inside &#038; Out Protectant\"}]},{\"@type\":\"WebSite\",\"@id\":\"https:\\\/\\\/ksproducts.ca\\\/#website\",\"url\":\"https:\\\/\\\/ksproducts.ca\\\/\",\"name\":\"Ks Products\",\"description\":\"Outdoor cooking and living, made easy in Canada\",\"publisher\":{\"@id\":\"https:\\\/\\\/ksproducts.ca\\\/#organization\"},\"potentialAction\":[{\"@type\":\"SearchAction\",\"target\":{\"@type\":\"EntryPoint\",\"urlTemplate\":\"https:\\\/\\\/ksproducts.ca\\\/?s={search_term_string}\"},\"query-input\":{\"@type\":\"PropertyValueSpecification\",\"valueRequired\":true,\"valueName\":\"search_term_string\"}}],\"inLanguage\":\"fr-CA\"},{\"@type\":\"Organization\",\"@id\":\"https:\\\/\\\/ksproducts.ca\\\/#organization\",\"name\":\"Ks Products\",\"url\":\"https:\\\/\\\/ksproducts.ca\\\/\",\"logo\":{\"@type\":\"ImageObject\",\"inLanguage\":\"fr-CA\",\"@id\":\"https:\\\/\\\/ksproducts.ca\\\/#\\\/schema\\\/logo\\\/image\\\/\",\"url\":\"https:\\\/\\\/ksproducts.ca\\\/wp-content\\\/uploads\\\/2023\\\/09\\\/Kennedy-Sales-Logo-header-1.png\",\"contentUrl\":\"https:\\\/\\\/ksproducts.ca\\\/wp-content\\\/uploads\\\/2023\\\/09\\\/Kennedy-Sales-Logo-header-1.png\",\"width\":150,\"height\":77,\"caption\":\"Ks Products\"},\"image\":{\"@id\":\"https:\\\/\\\/ksproducts.ca\\\/#\\\/schema\\\/logo\\\/image\\\/\"}}]}<\/script>\n<!-- \/ Yoast SEO plugin. -->","yoast_head_json":{"title":"Turtle Wax Quick &amp; Easy Inside &amp; Out Protectant - Ks Products","robots":{"index":"index","follow":"follow","max-snippet":"max-snippet:-1","max-image-preview":"max-image-preview:large","max-video-preview":"max-video-preview:-1"},"canonical":"https:\/\/ksproducts.ca\/fr\/product\/turtle-wax-quick-easy-inside-out-protectant\/","og_locale":"fr_CA","og_type":"article","og_title":"Turtle Wax Quick & Easy Inside & Out Protectant - Ks Products","og_description":"Our Quick &amp; Easy car protectant cleans and protects worn, lightly dusted surfaces to quickly spruce up your finish both inside and out. This versatile car care essential removes loose soils and residues while coating surfaces in a glossy, polymer shield that repels harsh UV rays.  Just spray and wipe this streak-free solution to prevent cracking and discoloration long before it begins, prolonging the life of your tires, trim and vulnerable dashboard.  Plus, Inside &amp; Out Protectant makes surfaces slick and smooth to help dirt and other soils shed away, saving you time and effort maintaining your car in the long run! You\u2019re only one spritz away from months of long-lasting protection and shine.","og_url":"https:\/\/ksproducts.ca\/fr\/product\/turtle-wax-quick-easy-inside-out-protectant\/","og_site_name":"Ks Products","og_image":[{"width":640,"height":640,"url":"https:\/\/ksproducts.ca\/wp-content\/uploads\/2026\/03\/Turtle-Wax-Quick-Easy-Inside-Out-Protectant.webp","type":"image\/webp"}],"twitter_card":"summary_large_image","twitter_misc":{"Estimation du temps de lecture":"1 minute"},"schema":{"@context":"https:\/\/schema.org","@graph":[{"@type":"WebPage","@id":"https:\/\/ksproducts.ca\/product\/turtle-wax-quick-easy-inside-out-protectant\/","url":"https:\/\/ksproducts.ca\/product\/turtle-wax-quick-easy-inside-out-protectant\/","name":"Turtle Wax Quick &amp; Easy Inside &amp; Out Protectant - Ks Products","isPartOf":{"@id":"https:\/\/ksproducts.ca\/#website"},"primaryImageOfPage":{"@id":"https:\/\/ksproducts.ca\/product\/turtle-wax-quick-easy-inside-out-protectant\/#primaryimage"},"image":{"@id":"https:\/\/ksproducts.ca\/product\/turtle-wax-quick-easy-inside-out-protectant\/#primaryimage"},"thumbnailUrl":"https:\/\/ksproducts.ca\/wp-content\/uploads\/2026\/03\/Turtle-Wax-Quick-Easy-Inside-Out-Protectant.webp","datePublished":"2026-03-05T14:51:29+00:00","breadcrumb":{"@id":"https:\/\/ksproducts.ca\/product\/turtle-wax-quick-easy-inside-out-protectant\/#breadcrumb"},"inLanguage":"fr-CA","potentialAction":[{"@type":"ReadAction","target":["https:\/\/ksproducts.ca\/product\/turtle-wax-quick-easy-inside-out-protectant\/"]}]},{"@type":"ImageObject","inLanguage":"fr-CA","@id":"https:\/\/ksproducts.ca\/product\/turtle-wax-quick-easy-inside-out-protectant\/#primaryimage","url":"https:\/\/ksproducts.ca\/wp-content\/uploads\/2026\/03\/Turtle-Wax-Quick-Easy-Inside-Out-Protectant.webp","contentUrl":"https:\/\/ksproducts.ca\/wp-content\/uploads\/2026\/03\/Turtle-Wax-Quick-Easy-Inside-Out-Protectant.webp","width":640,"height":640,"caption":"Turtle Wax Quick & Easy Inside & Out Protectant"},{"@type":"BreadcrumbList","@id":"https:\/\/ksproducts.ca\/product\/turtle-wax-quick-easy-inside-out-protectant\/#breadcrumb","itemListElement":[{"@type":"ListItem","position":1,"name":"Home","item":"https:\/\/ksproducts.ca\/"},{"@type":"ListItem","position":2,"name":"Shop","item":"https:\/\/ksproducts.ca\/shop\/"},{"@type":"ListItem","position":3,"name":"Turtle Wax Quick &#038; Easy Inside &#038; Out Protectant"}]},{"@type":"WebSite","@id":"https:\/\/ksproducts.ca\/#website","url":"https:\/\/ksproducts.ca\/","name":"Produits Ks","description":"Cuisiner et vivre en plein air, c'est facile au Canada","publisher":{"@id":"https:\/\/ksproducts.ca\/#organization"},"potentialAction":[{"@type":"SearchAction","target":{"@type":"EntryPoint","urlTemplate":"https:\/\/ksproducts.ca\/?s={search_term_string}"},"query-input":{"@type":"PropertyValueSpecification","valueRequired":true,"valueName":"search_term_string"}}],"inLanguage":"fr-CA"},{"@type":"Organization","@id":"https:\/\/ksproducts.ca\/#organization","name":"Produits Ks","url":"https:\/\/ksproducts.ca\/","logo":{"@type":"ImageObject","inLanguage":"fr-CA","@id":"https:\/\/ksproducts.ca\/#\/schema\/logo\/image\/","url":"https:\/\/ksproducts.ca\/wp-content\/uploads\/2023\/09\/Kennedy-Sales-Logo-header-1.png","contentUrl":"https:\/\/ksproducts.ca\/wp-content\/uploads\/2023\/09\/Kennedy-Sales-Logo-header-1.png","width":150,"height":77,"caption":"Ks Products"},"image":{"@id":"https:\/\/ksproducts.ca\/#\/schema\/logo\/image\/"}}]}},"_links":{"self":[{"href":"https:\/\/ksproducts.ca\/fr\/wp-json\/wp\/v2\/product\/11601","targetHints":{"allow":["GET"]}}],"collection":[{"href":"https:\/\/ksproducts.ca\/fr\/wp-json\/wp\/v2\/product"}],"about":[{"href":"https:\/\/ksproducts.ca\/fr\/wp-json\/wp\/v2\/types\/product"}],"replies":[{"embeddable":true,"href":"https:\/\/ksproducts.ca\/fr\/wp-json\/wp\/v2\/comments?post=11601"}],"version-history":[{"count":1,"href":"https:\/\/ksproducts.ca\/fr\/wp-json\/wp\/v2\/product\/11601\/revisions"}],"predecessor-version":[{"id":11603,"href":"https:\/\/ksproducts.ca\/fr\/wp-json\/wp\/v2\/product\/11601\/revisions\/11603"}],"wp:featuredmedia":[{"embeddable":true,"href":"https:\/\/ksproducts.ca\/fr\/wp-json\/wp\/v2\/media\/11602"}],"wp:attachment":[{"href":"https:\/\/ksproducts.ca\/fr\/wp-json\/wp\/v2\/media?parent=11601"}],"wp:term":[{"taxonomy":"product_cat","embeddable":true,"href":"https:\/\/ksproducts.ca\/fr\/wp-json\/wp\/v2\/product_cat?post=11601"},{"taxonomy":"product_tag","embeddable":true,"href":"https:\/\/ksproducts.ca\/fr\/wp-json\/wp\/v2\/product_tag?post=11601"}],"curies":[{"name":"wp","href":"https:\/\/api.w.org\/{rel}","templated":true}]}}