{"id":11607,"date":"2026-03-05T15:02:57","date_gmt":"2026-03-05T15:02:57","guid":{"rendered":"https:\/\/ksproducts.ca\/?post_type=product&#038;p=11607"},"modified":"2026-03-05T15:02:58","modified_gmt":"2026-03-05T15:02:58","slug":"turtle-wax-max-power-all-purpose-cleaner-with-scrub-sponge-microfiber-towel","status":"publish","type":"product","link":"https:\/\/ksproducts.ca\/fr\/product\/turtle-wax-max-power-all-purpose-cleaner-with-scrub-sponge-microfiber-towel\/","title":{"rendered":"Turtle Wax Max Power Nettoyant universel avec \u00e9ponge \u00e0 r\u00e9curer + serviette en microfibre"},"content":{"rendered":"<ul>\n<li data-start=\"219\" data-end=\"290\">\n<p data-start=\"221\" data-end=\"290\">Adjustable cleaning strength for light to heavy-duty cleaning tasks<\/p>\n<\/li>\n<li data-start=\"291\" data-end=\"362\">\n<p data-start=\"293\" data-end=\"362\">Helps remove dirt, grime, bugs, mud, salt, brake dust, and tree sap<\/p>\n<\/li>\n<li data-start=\"363\" data-end=\"437\">\n<p data-start=\"365\" data-end=\"437\">Includes scrub sponge and microfiber towel for better cleaning results<\/p>\n<\/li>\n<\/ul>","protected":false},"excerpt":{"rendered":"<p>Puissant nettoyant universel pour v\u00e9hicules, con\u00e7u pour s'attaquer \u00e0 la salet\u00e9 tenace, \u00e0 la crasse et aux r\u00e9sidus de la route. Comprend une \u00e9ponge \u00e0 r\u00e9curer et une serviette en microfibre pour un nettoyage efficace et pratique.<\/p>","protected":false},"featured_media":11608,"comment_status":"open","ping_status":"closed","template":"","meta":[],"product_cat":[430],"product_tag":[],"class_list":{"0":"post-11607","1":"product","2":"type-product","3":"status-publish","4":"has-post-thumbnail","6":"product_cat-automotive-gear","7":"product_shipping_class-class-1","9":"first","10":"instock","11":"taxable","12":"shipping-taxable","13":"purchasable","14":"product-type-simple"},"yoast_head":"<!-- This site is optimized with the Yoast SEO plugin v27.3 - https:\/\/yoast.com\/product\/yoast-seo-wordpress\/ -->\n<title>Turtle Wax Max Power All-Purpose Cleaner with Scrub Sponge + Microfiber Towel - Ks Products<\/title>\n<meta name=\"robots\" content=\"index, follow, max-snippet:-1, max-image-preview:large, max-video-preview:-1\" \/>\n<link rel=\"canonical\" href=\"https:\/\/ksproducts.ca\/fr\/product\/turtle-wax-max-power-all-purpose-cleaner-with-scrub-sponge-microfiber-towel\/\" \/>\n<meta property=\"og:locale\" content=\"fr_CA\" \/>\n<meta property=\"og:type\" content=\"article\" \/>\n<meta property=\"og:title\" content=\"Turtle Wax Max Power All-Purpose Cleaner with Scrub Sponge + Microfiber Towel - Ks Products\" \/>\n<meta property=\"og:description\" content=\"Powerful all-purpose vehicle cleaner designed to tackle tough dirt, grime, and road residue. Includes a scrub sponge and microfiber towel for effective and convenient cleaning.\" \/>\n<meta property=\"og:url\" content=\"https:\/\/ksproducts.ca\/fr\/product\/turtle-wax-max-power-all-purpose-cleaner-with-scrub-sponge-microfiber-towel\/\" \/>\n<meta property=\"og:site_name\" content=\"Ks Products\" \/>\n<meta property=\"article:modified_time\" content=\"2026-03-05T15:02:58+00:00\" \/>\n<meta property=\"og:image\" content=\"https:\/\/ksproducts.ca\/wp-content\/uploads\/2026\/03\/Turtle-Wax-Max-Power-All-Purpose-Cleaner-with-Scrub-Sponge-Microfiber-Towel.jpg\" \/>\n\t<meta property=\"og:image:width\" content=\"216\" \/>\n\t<meta property=\"og:image:height\" content=\"320\" \/>\n\t<meta property=\"og:image:type\" content=\"image\/jpeg\" \/>\n<meta name=\"twitter:card\" content=\"summary_large_image\" \/>\n<meta name=\"twitter:label1\" content=\"Estimation du temps de lecture\" \/>\n\t<meta name=\"twitter:data1\" content=\"1 minute\" \/>\n<script type=\"application\/ld+json\" class=\"yoast-schema-graph\">{\"@context\":\"https:\\\/\\\/schema.org\",\"@graph\":[{\"@type\":\"WebPage\",\"@id\":\"https:\\\/\\\/ksproducts.ca\\\/product\\\/turtle-wax-max-power-all-purpose-cleaner-with-scrub-sponge-microfiber-towel\\\/\",\"url\":\"https:\\\/\\\/ksproducts.ca\\\/product\\\/turtle-wax-max-power-all-purpose-cleaner-with-scrub-sponge-microfiber-towel\\\/\",\"name\":\"Turtle Wax Max Power All-Purpose Cleaner with Scrub Sponge + Microfiber Towel - Ks Products\",\"isPartOf\":{\"@id\":\"https:\\\/\\\/ksproducts.ca\\\/#website\"},\"primaryImageOfPage\":{\"@id\":\"https:\\\/\\\/ksproducts.ca\\\/product\\\/turtle-wax-max-power-all-purpose-cleaner-with-scrub-sponge-microfiber-towel\\\/#primaryimage\"},\"image\":{\"@id\":\"https:\\\/\\\/ksproducts.ca\\\/product\\\/turtle-wax-max-power-all-purpose-cleaner-with-scrub-sponge-microfiber-towel\\\/#primaryimage\"},\"thumbnailUrl\":\"https:\\\/\\\/ksproducts.ca\\\/wp-content\\\/uploads\\\/2026\\\/03\\\/Turtle-Wax-Max-Power-All-Purpose-Cleaner-with-Scrub-Sponge-Microfiber-Towel.jpg\",\"datePublished\":\"2026-03-05T15:02:57+00:00\",\"dateModified\":\"2026-03-05T15:02:58+00:00\",\"breadcrumb\":{\"@id\":\"https:\\\/\\\/ksproducts.ca\\\/product\\\/turtle-wax-max-power-all-purpose-cleaner-with-scrub-sponge-microfiber-towel\\\/#breadcrumb\"},\"inLanguage\":\"fr-CA\",\"potentialAction\":[{\"@type\":\"ReadAction\",\"target\":[\"https:\\\/\\\/ksproducts.ca\\\/product\\\/turtle-wax-max-power-all-purpose-cleaner-with-scrub-sponge-microfiber-towel\\\/\"]}]},{\"@type\":\"ImageObject\",\"inLanguage\":\"fr-CA\",\"@id\":\"https:\\\/\\\/ksproducts.ca\\\/product\\\/turtle-wax-max-power-all-purpose-cleaner-with-scrub-sponge-microfiber-towel\\\/#primaryimage\",\"url\":\"https:\\\/\\\/ksproducts.ca\\\/wp-content\\\/uploads\\\/2026\\\/03\\\/Turtle-Wax-Max-Power-All-Purpose-Cleaner-with-Scrub-Sponge-Microfiber-Towel.jpg\",\"contentUrl\":\"https:\\\/\\\/ksproducts.ca\\\/wp-content\\\/uploads\\\/2026\\\/03\\\/Turtle-Wax-Max-Power-All-Purpose-Cleaner-with-Scrub-Sponge-Microfiber-Towel.jpg\",\"width\":216,\"height\":320,\"caption\":\"Turtle Wax Max Power All Purpose Cleaner with Scrub Sponge + Microfiber Towel\"},{\"@type\":\"BreadcrumbList\",\"@id\":\"https:\\\/\\\/ksproducts.ca\\\/product\\\/turtle-wax-max-power-all-purpose-cleaner-with-scrub-sponge-microfiber-towel\\\/#breadcrumb\",\"itemListElement\":[{\"@type\":\"ListItem\",\"position\":1,\"name\":\"Home\",\"item\":\"https:\\\/\\\/ksproducts.ca\\\/\"},{\"@type\":\"ListItem\",\"position\":2,\"name\":\"Shop\",\"item\":\"https:\\\/\\\/ksproducts.ca\\\/shop\\\/\"},{\"@type\":\"ListItem\",\"position\":3,\"name\":\"Turtle Wax Max Power All-Purpose Cleaner with Scrub Sponge + Microfiber Towel\"}]},{\"@type\":\"WebSite\",\"@id\":\"https:\\\/\\\/ksproducts.ca\\\/#website\",\"url\":\"https:\\\/\\\/ksproducts.ca\\\/\",\"name\":\"Ks Products\",\"description\":\"Outdoor cooking and living, made easy in Canada\",\"publisher\":{\"@id\":\"https:\\\/\\\/ksproducts.ca\\\/#organization\"},\"potentialAction\":[{\"@type\":\"SearchAction\",\"target\":{\"@type\":\"EntryPoint\",\"urlTemplate\":\"https:\\\/\\\/ksproducts.ca\\\/?s={search_term_string}\"},\"query-input\":{\"@type\":\"PropertyValueSpecification\",\"valueRequired\":true,\"valueName\":\"search_term_string\"}}],\"inLanguage\":\"fr-CA\"},{\"@type\":\"Organization\",\"@id\":\"https:\\\/\\\/ksproducts.ca\\\/#organization\",\"name\":\"Ks Products\",\"url\":\"https:\\\/\\\/ksproducts.ca\\\/\",\"logo\":{\"@type\":\"ImageObject\",\"inLanguage\":\"fr-CA\",\"@id\":\"https:\\\/\\\/ksproducts.ca\\\/#\\\/schema\\\/logo\\\/image\\\/\",\"url\":\"https:\\\/\\\/ksproducts.ca\\\/wp-content\\\/uploads\\\/2023\\\/09\\\/Kennedy-Sales-Logo-header-1.png\",\"contentUrl\":\"https:\\\/\\\/ksproducts.ca\\\/wp-content\\\/uploads\\\/2023\\\/09\\\/Kennedy-Sales-Logo-header-1.png\",\"width\":150,\"height\":77,\"caption\":\"Ks Products\"},\"image\":{\"@id\":\"https:\\\/\\\/ksproducts.ca\\\/#\\\/schema\\\/logo\\\/image\\\/\"}}]}<\/script>\n<!-- \/ Yoast SEO plugin. -->","yoast_head_json":{"title":"Turtle Wax Max Power All-Purpose Cleaner with Scrub Sponge + Microfiber Towel - Ks Products","robots":{"index":"index","follow":"follow","max-snippet":"max-snippet:-1","max-image-preview":"max-image-preview:large","max-video-preview":"max-video-preview:-1"},"canonical":"https:\/\/ksproducts.ca\/fr\/product\/turtle-wax-max-power-all-purpose-cleaner-with-scrub-sponge-microfiber-towel\/","og_locale":"fr_CA","og_type":"article","og_title":"Turtle Wax Max Power All-Purpose Cleaner with Scrub Sponge + Microfiber Towel - Ks Products","og_description":"Powerful all-purpose vehicle cleaner designed to tackle tough dirt, grime, and road residue. Includes a scrub sponge and microfiber towel for effective and convenient cleaning.","og_url":"https:\/\/ksproducts.ca\/fr\/product\/turtle-wax-max-power-all-purpose-cleaner-with-scrub-sponge-microfiber-towel\/","og_site_name":"Ks Products","article_modified_time":"2026-03-05T15:02:58+00:00","og_image":[{"width":216,"height":320,"url":"https:\/\/ksproducts.ca\/wp-content\/uploads\/2026\/03\/Turtle-Wax-Max-Power-All-Purpose-Cleaner-with-Scrub-Sponge-Microfiber-Towel.jpg","type":"image\/jpeg"}],"twitter_card":"summary_large_image","twitter_misc":{"Estimation du temps de lecture":"1 minute"},"schema":{"@context":"https:\/\/schema.org","@graph":[{"@type":"WebPage","@id":"https:\/\/ksproducts.ca\/product\/turtle-wax-max-power-all-purpose-cleaner-with-scrub-sponge-microfiber-towel\/","url":"https:\/\/ksproducts.ca\/product\/turtle-wax-max-power-all-purpose-cleaner-with-scrub-sponge-microfiber-towel\/","name":"Turtle Wax Max Power All-Purpose Cleaner with Scrub Sponge + Microfiber Towel - Ks Products","isPartOf":{"@id":"https:\/\/ksproducts.ca\/#website"},"primaryImageOfPage":{"@id":"https:\/\/ksproducts.ca\/product\/turtle-wax-max-power-all-purpose-cleaner-with-scrub-sponge-microfiber-towel\/#primaryimage"},"image":{"@id":"https:\/\/ksproducts.ca\/product\/turtle-wax-max-power-all-purpose-cleaner-with-scrub-sponge-microfiber-towel\/#primaryimage"},"thumbnailUrl":"https:\/\/ksproducts.ca\/wp-content\/uploads\/2026\/03\/Turtle-Wax-Max-Power-All-Purpose-Cleaner-with-Scrub-Sponge-Microfiber-Towel.jpg","datePublished":"2026-03-05T15:02:57+00:00","dateModified":"2026-03-05T15:02:58+00:00","breadcrumb":{"@id":"https:\/\/ksproducts.ca\/product\/turtle-wax-max-power-all-purpose-cleaner-with-scrub-sponge-microfiber-towel\/#breadcrumb"},"inLanguage":"fr-CA","potentialAction":[{"@type":"ReadAction","target":["https:\/\/ksproducts.ca\/product\/turtle-wax-max-power-all-purpose-cleaner-with-scrub-sponge-microfiber-towel\/"]}]},{"@type":"ImageObject","inLanguage":"fr-CA","@id":"https:\/\/ksproducts.ca\/product\/turtle-wax-max-power-all-purpose-cleaner-with-scrub-sponge-microfiber-towel\/#primaryimage","url":"https:\/\/ksproducts.ca\/wp-content\/uploads\/2026\/03\/Turtle-Wax-Max-Power-All-Purpose-Cleaner-with-Scrub-Sponge-Microfiber-Towel.jpg","contentUrl":"https:\/\/ksproducts.ca\/wp-content\/uploads\/2026\/03\/Turtle-Wax-Max-Power-All-Purpose-Cleaner-with-Scrub-Sponge-Microfiber-Towel.jpg","width":216,"height":320,"caption":"Turtle Wax Max Power All Purpose Cleaner with Scrub Sponge + Microfiber Towel"},{"@type":"BreadcrumbList","@id":"https:\/\/ksproducts.ca\/product\/turtle-wax-max-power-all-purpose-cleaner-with-scrub-sponge-microfiber-towel\/#breadcrumb","itemListElement":[{"@type":"ListItem","position":1,"name":"Home","item":"https:\/\/ksproducts.ca\/"},{"@type":"ListItem","position":2,"name":"Shop","item":"https:\/\/ksproducts.ca\/shop\/"},{"@type":"ListItem","position":3,"name":"Turtle Wax Max Power All-Purpose Cleaner with Scrub Sponge + Microfiber Towel"}]},{"@type":"WebSite","@id":"https:\/\/ksproducts.ca\/#website","url":"https:\/\/ksproducts.ca\/","name":"Produits Ks","description":"Cuisiner et vivre en plein air, c'est facile au Canada","publisher":{"@id":"https:\/\/ksproducts.ca\/#organization"},"potentialAction":[{"@type":"SearchAction","target":{"@type":"EntryPoint","urlTemplate":"https:\/\/ksproducts.ca\/?s={search_term_string}"},"query-input":{"@type":"PropertyValueSpecification","valueRequired":true,"valueName":"search_term_string"}}],"inLanguage":"fr-CA"},{"@type":"Organization","@id":"https:\/\/ksproducts.ca\/#organization","name":"Produits Ks","url":"https:\/\/ksproducts.ca\/","logo":{"@type":"ImageObject","inLanguage":"fr-CA","@id":"https:\/\/ksproducts.ca\/#\/schema\/logo\/image\/","url":"https:\/\/ksproducts.ca\/wp-content\/uploads\/2023\/09\/Kennedy-Sales-Logo-header-1.png","contentUrl":"https:\/\/ksproducts.ca\/wp-content\/uploads\/2023\/09\/Kennedy-Sales-Logo-header-1.png","width":150,"height":77,"caption":"Ks Products"},"image":{"@id":"https:\/\/ksproducts.ca\/#\/schema\/logo\/image\/"}}]}},"_links":{"self":[{"href":"https:\/\/ksproducts.ca\/fr\/wp-json\/wp\/v2\/product\/11607","targetHints":{"allow":["GET"]}}],"collection":[{"href":"https:\/\/ksproducts.ca\/fr\/wp-json\/wp\/v2\/product"}],"about":[{"href":"https:\/\/ksproducts.ca\/fr\/wp-json\/wp\/v2\/types\/product"}],"replies":[{"embeddable":true,"href":"https:\/\/ksproducts.ca\/fr\/wp-json\/wp\/v2\/comments?post=11607"}],"version-history":[{"count":1,"href":"https:\/\/ksproducts.ca\/fr\/wp-json\/wp\/v2\/product\/11607\/revisions"}],"predecessor-version":[{"id":11609,"href":"https:\/\/ksproducts.ca\/fr\/wp-json\/wp\/v2\/product\/11607\/revisions\/11609"}],"wp:featuredmedia":[{"embeddable":true,"href":"https:\/\/ksproducts.ca\/fr\/wp-json\/wp\/v2\/media\/11608"}],"wp:attachment":[{"href":"https:\/\/ksproducts.ca\/fr\/wp-json\/wp\/v2\/media?parent=11607"}],"wp:term":[{"taxonomy":"product_cat","embeddable":true,"href":"https:\/\/ksproducts.ca\/fr\/wp-json\/wp\/v2\/product_cat?post=11607"},{"taxonomy":"product_tag","embeddable":true,"href":"https:\/\/ksproducts.ca\/fr\/wp-json\/wp\/v2\/product_tag?post=11607"}],"curies":[{"name":"wp","href":"https:\/\/api.w.org\/{rel}","templated":true}]}}